{"id":37848,"date":"2021-06-15T07:13:14","date_gmt":"2021-06-15T07:13:14","guid":{"rendered":"https:\/\/www.sisinternational.com\/?page_id=37848"},"modified":"2025-09-14T17:31:22","modified_gmt":"2025-09-14T21:31:22","slug":"etude-de-marche-au-malawi-afrique","status":"publish","type":"page","link":"https:\/\/www.sisinternational.com\/fr\/couverture\/etude-de-marche-en-afrique\/etude-de-marche-au-malawi-afrique\/","title":{"rendered":"\u00c9tude de march\u00e9 au Malawi, Afrique"},"content":{"rendered":"<h1 class=\"wp-block-heading\">\u00c9tude de march\u00e9 au Malawi<\/h1>\n\n\n\n<figure class=\"gb-block-image gb-block-image-db6dceb4\"><img loading=\"lazy\" decoding=\"async\" width=\"1456\" height=\"816\" class=\"gb-image gb-image-db6dceb4\" src=\"https:\/\/www.sisinternational.com\/wp-content\/uploads\/2025\/08\/Malawi-2.jpg\" alt=\"\u00c9tudes de march\u00e9 et strat\u00e9gie internationales SIS\" title=\"Malawi, (2)\" srcset=\"https:\/\/www.sisinternational.com\/wp-content\/uploads\/2025\/08\/Malawi-2.jpg 1456w, https:\/\/www.sisinternational.com\/wp-content\/uploads\/2025\/08\/Malawi-2-300x168.jpg 300w, https:\/\/www.sisinternational.com\/wp-content\/uploads\/2025\/08\/Malawi-2-1024x574.jpg 1024w, https:\/\/www.sisinternational.com\/wp-content\/uploads\/2025\/08\/Malawi-2-768x430.jpg 768w, https:\/\/www.sisinternational.com\/wp-content\/uploads\/2025\/08\/Malawi-2-18x10.jpg 18w\" sizes=\"auto, (max-width: 1456px) 100vw, 1456px\"><\/figure>\n\n\n\n<p><\/p>\n\n\n\n<p><span class=\"removed_link\" title=\"https:\/\/www.malawi.gov.mw\/\">La R\u00e9publique du Malawi<\/span> est un pays enclav\u00e9 d\u2019Afrique de l\u2019Est. Ses voisins imm\u00e9diats sont la Zambie, la Tanzanie et le Mozambique. Les langues officielles sont l&#039;anglais et le Chewa. Bien entendu, il existe d\u2019autres langues parl\u00e9es dans diff\u00e9rentes r\u00e9gions. Le groupe ethnique le plus r\u00e9pandu au sein de la population est la tribu Chewa. De plus, vous trouverez d\u2019autres ethnies mineures telles que les Lomwe, les Yao et les Ngoni. Pourtant, aucune religion officielle n\u2019influence le pays. Plus de la moiti\u00e9 de la population pratique le christianisme, notamment le protestantisme. Sa monnaie est le kwacha malawien.<\/p>\n\n\n\n<h2 class=\"wp-block-heading\">Industries cl\u00e9s<\/h2>\n\n\n\n<p>L&#039;agriculture est l&#039;industrie cl\u00e9 du Malawi. En effet, la majorit\u00e9 de la population active trouve un emploi dans ce secteur. En outre, le principal produit agricole du Malawi est le tabac, qui repr\u00e9sente une part importante des exportations du pays. Les agriculteurs du Malawi produisent \u00e9galement du th\u00e9, du sucre et du coton, mais \u00e0 plus petite \u00e9chelle.<\/p>\n\n\n\n<p>Le ma\u00efs est la culture principale, mais on y cultive des haricots, des pois, des arachides, du manioc, des bananes, des l\u00e9gumineuses et du riz. De nombreux Malawiens \u00e9l\u00e8vent \u00e9galement des poulets, des moutons, des bovins et des ch\u00e8vres pour leur subsistance.<\/p>\n\n\n\n<p>Le secteur manufacturier s\u2019efforce de r\u00e9duire ses importations de biens et de mat\u00e9riaux. Ainsi, il trouve des moyens de produire des textiles, des chaussures, des conserves, des outils, des radios et du sucre pour la consommation locale.<\/p>\n\n\n\n<h2 class=\"wp-block-heading\">Quartiers<\/h2>\n\n\n\n<p>Lilongwe est la ville la plus grande, la plus peupl\u00e9e et la capitale du Malawi. En fait, Lilongwe compte deux subdivisions : la Nouvelle et la Vieille Ville. De plus, comme leur nom l\u2019indique, ils d\u00e9tiennent des structures et des entreprises modernes et traditionnelles.<\/p>\n\n\n\n<p>Blantyre est la deuxi\u00e8me ville la plus peupl\u00e9e du Malawi. Cette ville est \u00e9galement c\u00e9l\u00e8bre, mais pour ses parcs et la pr\u00e9servation de son histoire et de sa culture. Il conserve l&#039;architecture coloniale britannique mais poss\u00e8de \u00e9galement des mus\u00e9es pr\u00e9sentant la culture malawienne.<\/p>\n\n\n\n<h2 class=\"wp-block-heading\">Tendances au Malawi<\/h2>\n\n\n\n<p>La pand\u00e9mie de COVID-19 a provoqu\u00e9 d\u2019importants revers sur la sc\u00e8ne sociale, avec des mesures de distanciation sociale et de quarantaine en vigueur \u00e0 diff\u00e9rentes p\u00e9riodes. La technologie a combl\u00e9 le vide cr\u00e9\u00e9 par le manque d\u2019interactions en face-\u00e0-face, de sorte que le nombre d\u2019utilisateurs d\u2019Internet a augment\u00e9 de 639\u00a0000 entre 2020 et janvier 2021. Le pays du Malawi a enfin pris conscience de la culture num\u00e9rique du monde.<\/p>\n\n\n\n<h2 class=\"wp-block-heading\">Avantages et atouts du march\u00e9 au Malawi<\/h2>\n\n\n\n<p>La force de l&#039;\u00e9conomie du Malawi r\u00e9side dans ses propri\u00e9t\u00e9s. En effet, les exportations de tabac soutiennent les relations commerciales du Malawi. M\u00eame si le tabac est en plein essor dans le pays, les propri\u00e9taires diversifient leurs productions. La culture du sucre, du coton, des noix et d\u2019autres cultures prend \u00e9galement de l\u2019ampleur. De plus, le Malawi dispose du type de sol, de l\u2019espace foncier et de la main-d\u2019\u0153uvre n\u00e9cessaires pour entretenir ses domaines. Ainsi, un investissement dans le secteur agricole est assur\u00e9 de prosp\u00e9rer.<\/p>\n\n\n\n<h2 class=\"wp-block-heading\">Base de consommateurs<\/h2>\n\n\n\n<p>Lorsque la pand\u00e9mie a frapp\u00e9, les affaires au Malawi ont \u00e9galement \u00e9t\u00e9 touch\u00e9es. De nombreux consommateurs sont encore en train de retrouver leur stabilit\u00e9 financi\u00e8re. Ils ont tendance \u00e0 acheter des produits simples comme de la nourriture, des articles m\u00e9nagers et des v\u00eatements. Mais dans les zones plus urbaines, les appareils num\u00e9riques et les services Internet font fureur. Les gens gagnent plus d\u2019argent dans ces r\u00e9gions, c\u2019est pourquoi les jeunes Malawites ais\u00e9s font des folies dans les divertissements, les m\u00e9dias et les produits d\u00e9riv\u00e9s. Ils consacrent \u00e9galement beaucoup de temps et d\u2019argent \u00e0 suivre la culture pop.<\/p>\n\n\n\n<h2 class=\"wp-block-heading\">Pourquoi devriez-vous d\u00e9velopper votre entreprise sur le march\u00e9 malawien<\/h2>\n\n\n\n<p>Il est facile pour les investisseurs locaux et \u00e9trangers de s&#039;enregistrer et de d\u00e9marrer une entreprise au Malawi. Le processus est \u00e9galement rapide et permet \u00e0 votre entreprise de prendre un bon d\u00e9part. De plus, le Malawi est l\u2019un des pays les plus pacifiques au monde et entretient d\u2019excellentes relations commerciales.<\/p>\n\n\n\n<p>Le principal partenaire commercial du Malawi est l&#039;Afrique du Sud. Mais elle compte \u00e9galement de grands pays comme la Chine, l\u2019Inde et m\u00eame les \u00c9tats-Unis comme partenaires commerciaux. De plus, d\u2019autres pays africains font du commerce avec le Malawi. De plus, la situation g\u00e9ographique et les excellentes relations commerciales de ce pays constituent un plus ind\u00e9niable. Ils permettent \u00e0 votre entreprise d&#039;acc\u00e9der \u00e0 ce que le Malawi a \u00e0 offrir et \u00e0 ses liens internationaux.<\/p>\n\n\n\n<h2 class=\"wp-block-heading\">\u00c0 propos des \u00e9tudes de march\u00e9 au Malawi<\/h2>\n\n\n\n<p>Faire des affaires au Malawi peut \u00eatre beaucoup plus facile gr\u00e2ce \u00e0 une \u00e9tude de march\u00e9. Nous pouvons organiser des groupes de discussion, des entretiens et des enqu\u00eates. Nous nous engageons \u00e9galement <a href=\"https:\/\/www.sisinternational.com\/fr\/quest-ce-que-la-recherche-quantitative\/\" target=\"_blank\" rel=\"noopener\">Quantitatif<\/a>, <a href=\"https:\/\/www.sisinternational.com\/fr\/quest-ce-que-la-recherche-qualitative\/\" target=\"_blank\" rel=\"noopener\">Qualitatif<\/a>, et <a href=\"https:\/\/www.sisinternational.com\/fr\/solutions\/conseil-en-strategie\/\" target=\"_blank\" rel=\"noopener\">Recherche strat\u00e9gique<\/a> pour le march\u00e9 malawien. Nous compilons ensuite les r\u00e9sultats pour vous donner un aper\u00e7u de votre investissement potentiel. Laissez-nous vous aider, vous et votre entreprise, \u00e0 prosp\u00e9rer au Malawi.<\/p>\n\n\n\n<p><\/p>","protected":false},"excerpt":{"rendered":"<p>SIS propose des groupes de discussion, des entretiens et des enqu\u00eates. Nous entreprenons \u00e9galement des recherches strat\u00e9giques quantitatives et qualitatives pour le march\u00e9 malawien.<\/p>","protected":false},"author":1,"featured_media":65286,"parent":14281,"menu_order":28,"comment_status":"closed","ping_status":"closed","template":"","meta":{"footnotes":""},"class_list":["post-37848","page","type-page","status-publish","has-post-thumbnail"],"_links":{"self":[{"href":"https:\/\/www.sisinternational.com\/fr\/wp-json\/wp\/v2\/pages\/37848","targetHints":{"allow":["GET"]}}],"collection":[{"href":"https:\/\/www.sisinternational.com\/fr\/wp-json\/wp\/v2\/pages"}],"about":[{"href":"https:\/\/www.sisinternational.com\/fr\/wp-json\/wp\/v2\/types\/page"}],"author":[{"embeddable":true,"href":"https:\/\/www.sisinternational.com\/fr\/wp-json\/wp\/v2\/users\/1"}],"replies":[{"embeddable":true,"href":"https:\/\/www.sisinternational.com\/fr\/wp-json\/wp\/v2\/comments?post=37848"}],"version-history":[{"count":4,"href":"https:\/\/www.sisinternational.com\/fr\/wp-json\/wp\/v2\/pages\/37848\/revisions"}],"predecessor-version":[{"id":68552,"href":"https:\/\/www.sisinternational.com\/fr\/wp-json\/wp\/v2\/pages\/37848\/revisions\/68552"}],"up":[{"embeddable":true,"href":"https:\/\/www.sisinternational.com\/fr\/wp-json\/wp\/v2\/pages\/14281"}],"wp:featuredmedia":[{"embeddable":true,"href":"https:\/\/www.sisinternational.com\/fr\/wp-json\/wp\/v2\/media\/65286"}],"wp:attachment":[{"href":"https:\/\/www.sisinternational.com\/fr\/wp-json\/wp\/v2\/media?parent=37848"}],"curies":[{"name":"wp","href":"https:\/\/api.w.org\/{rel}","templated":true}]}}