{"id":37846,"date":"2021-06-15T07:09:40","date_gmt":"2021-06-15T07:09:40","guid":{"rendered":"https:\/\/www.sisinternational.com\/?page_id=37846"},"modified":"2026-01-24T20:41:05","modified_gmt":"2026-01-25T01:41:05","slug":"etude-de-marche-a-madagascar-en-afrique","status":"publish","type":"page","link":"https:\/\/www.sisinternational.com\/fr\/couverture\/etude-de-marche-en-afrique\/etude-de-marche-a-madagascar-en-afrique\/","title":{"rendered":"Etude de march\u00e9 \u00e0 Madagascar, Afrique"},"content":{"rendered":"<h1 class=\"wp-block-heading\">Etude de march\u00e9 \u00e0 Madagascar<\/h1>\n\n\n\n<figure class=\"gb-block-image gb-block-image-2d4b73e8\"><img loading=\"lazy\" decoding=\"async\" width=\"1456\" height=\"816\" class=\"gb-image gb-image-2d4b73e8\" src=\"https:\/\/www.sisinternational.com\/wp-content\/uploads\/2025\/08\/madagascar-3.jpg\" alt=\"\u00c9tudes de march\u00e9 et strat\u00e9gie internationales SIS\" title=\"madagascar (3)\" srcset=\"https:\/\/www.sisinternational.com\/wp-content\/uploads\/2025\/08\/madagascar-3.jpg 1456w, https:\/\/www.sisinternational.com\/wp-content\/uploads\/2025\/08\/madagascar-3-300x168.jpg 300w, https:\/\/www.sisinternational.com\/wp-content\/uploads\/2025\/08\/madagascar-3-1024x574.jpg 1024w, https:\/\/www.sisinternational.com\/wp-content\/uploads\/2025\/08\/madagascar-3-768x430.jpg 768w, https:\/\/www.sisinternational.com\/wp-content\/uploads\/2025\/08\/madagascar-3-18x10.jpg 18w\" sizes=\"auto, (max-width: 1456px) 100vw, 1456px\"><\/figure>\n\n\n\n<h2 class=\"wp-block-heading\">Quartiers<\/h2>\n\n\n\n<p><a href=\"https:\/\/oec.world\/en\/profile\/country\/mdg\" target=\"_blank\" rel=\"noopener\">Madagascar est une nation insulaire situ\u00e9e \u00e0 environ 250 milles au large des c\u00f4tes de l&#039;Afrique de l&#039;Est.<\/a>. Vingt-six millions de personnes y vivent. En fait, la plupart de ces ressortissants vivent dans la pauvret\u00e9. Seuls quatre autres pays ont un PIB par habitant inf\u00e9rieur \u00e0 celui de Madagascar.<\/p>\n\n\n\n<p>Certaines des raisons pour lesquelles Madagascar est si pauvre sont\u00a0:<\/p>\n\n\n\n<ul class=\"wp-block-list\">\n<li>Le relatif isolement du pays sur la carte<\/li>\n\n\n\n<li>Des ann\u00e9es et des ann\u00e9es de corruption et d\u2019instabilit\u00e9 politique<\/li>\n<\/ul>\n\n\n\n<h2 class=\"wp-block-heading\">Les tendances<\/h2>\n\n\n\n<p>Madagascar is the fourth-largest and fifth most impoverished country in Africa. Still, it became a sought-after destination following the release of the animated movie \u2018Madagascar.\u201d<\/p>\n\n\n\n<p>Le pays est c\u00e9l\u00e8bre pour ses magnifiques gratte-ciel Baobab qui dominent le paysage. Madagascar abrite \u00e9galement plus de 12 000 esp\u00e8ces de plantes. Il poss\u00e8de plus de biodiversit\u00e9 que n\u2019importe quel autre pays au monde. En effet, de nombreuses plantes de Madagascar n\u2019existent nulle part ailleurs sur terre.<\/p>\n\n\n\n<p>Madagascar poss\u00e8de une population faunique unique compos\u00e9e d&#039;esp\u00e8ces indig\u00e8nes. Ces esp\u00e8ces comprennent des fosses, des l\u00e9muriens et des centaines d&#039;oiseaux et de reptiles. Leur abondance pourrait \u00eatre due \u00e0 l\u2019isolement de la masse continentale par rapport \u00e0 ses voisins continentaux.<\/p>\n\n\n\n<h2 class=\"wp-block-heading\">Industries cl\u00e9s \u00e0 Madagascar<\/h2>\n\n\n\n<p>Madagascar est le premier producteur mondial de vanille. Il a d&#039;autres exportations primaires, par exemple le sucre, le caf\u00e9, les fruits de mer, les min\u00e9raux, les fibres et les pierres pr\u00e9cieuses.<\/p>\n\n\n\n<p>La principale pierre pr\u00e9cieuse produite \u00e0 Madagascar est le saphir. C&#039;est aussi le seul pays producteur de caviar en Afrique. L&#039;agriculture est l&#039;une des principales sources de revenus \u00e0 Madagascar, tout comme la p\u00eache et l&#039;exploitation foresti\u00e8re.<\/p>\n\n\n\n<h2 class=\"wp-block-heading\">Base de consommateurs<\/h2>\n\n\n\n<p>Les Malgaches importent du p\u00e9trole, des v\u00e9hicules, des produits m\u00e9talliques et d\u2019autres produits manufactur\u00e9s essentiels. En fait, le p\u00e9trole est l\u2019une des importations les plus importantes de Madagascar. En effet, cette \u00e9norme facture d\u2019importation de p\u00e9trole pourrait \u00eatre l\u2019une des raisons pour lesquelles Madagascar est l\u2019un des pays les plus pauvres d\u2019Afrique.<\/p>\n\n\n\n<p>L&#039;\u00e9conomie de Madagascar d\u00e9pend de la culture du coton, du th\u00e9, des produits laitiers et du riz. M\u00eame si sa population est jeune et que la plupart des gens vivent dans la pauvret\u00e9, l&#039;\u00e9conomie est en croissance. Les niveaux d\u2019\u00e9ducation augmentent \u00e9galement.<\/p>\n\n\n\n<h2 class=\"wp-block-heading\">Raisons de d\u00e9velopper votre entreprise \u00e0 Madagascar<\/h2>\n\n\n\n<p>Madagascar est un pays prometteur. Premi\u00e8rement, sa beaut\u00e9 naturelle est unique. Deuxi\u00e8mement, les gens sont hospitaliers. Ainsi, les entreprises b\u00e9n\u00e9ficient de travailleurs autochtones qualifi\u00e9s.<\/p>\n\n\n\n<p>Madagascar has preferential trade agreements with the United States and the European Union. It also has contracts with the Common <a href=\"https:\/\/www.sisinternational.com\/fr\/le-marche-africain-en-mutation\/\" title=\"Recherche d\u2019opportunit\u00e9s de march\u00e9 en Afrique\" data-wpil-monitor-id=\"2798\">Market of Eastern and Southern Africa<\/a>. Similarly, it is a member state of the Southern African Development Community.<\/p>\n\n\n\n<p>Madagascar dispose d&#039;une grande marge de croissance et offre de nombreuses opportunit\u00e9s d&#039;investissement. Il existe un \u00e9norme potentiel agricole gr\u00e2ce \u00e0 la fertilit\u00e9 des sols. Madagascar poss\u00e8de \u00e9galement un climat id\u00e9al pour de nombreuses cultures. En effet, ce pays est leader de la production alimentaire biologique en Afrique.<\/p>\n\n\n\n<p>Madagascar est le premier exportateur de produits textiles d&#039;Afrique de l&#039;Est vers l&#039;Europe. Elle poss\u00e8de une industrie moderne employant plus de deux mille travailleurs qualifi\u00e9s. Ces travailleurs fabriquent des produits textiles de haute qualit\u00e9 \u00e0 des prix comp\u00e9titifs.<\/p>\n\n\n\n<p>Les exportations de Madagascar ont rapport\u00e9 des centaines de millions de dollars ces derni\u00e8res ann\u00e9es. En fait, certaines des plus grandes marques de v\u00eatements poss\u00e8dent des usines \u00e0 Madagascar. Ainsi, ces marques b\u00e9n\u00e9ficient des avantages d\u2019une main-d\u2019\u0153uvre bon march\u00e9 et d\u2019un acc\u00e8s \u00e0 un march\u00e9 mondial.<\/p>\n\n\n\n<p>Startup costs for investment in Madagascar are low. These low costs are on account of an official exemption from customs duties and taxes for two years. Another benefit to businesses is the modern infrastructure, which is available in several cities in Madagascar.<\/p>\n\n\n\n<h2 class=\"wp-block-heading\">\u00c0 propos des \u00e9tudes de march\u00e9 \u00e0 Madagascar<\/h2>\n\n\n\n<p>Vous \u00eates chef d\u2019entreprise et souhaitez investir \u00e0 Madagascar ? Si tel est le cas, cet article couvre le potentiel de Madagascar. Notre soci\u00e9t\u00e9 compile \u00e9galement <a href=\"https:\/\/www.sisinternational.com\/fr\/quest-ce-que-la-recherche-qualitative\/\" target=\"_blank\" rel=\"noopener\">Qualitatif<\/a>, <a href=\"https:\/\/www.sisinternational.com\/fr\/quest-ce-que-la-recherche-quantitative\/\" target=\"_blank\" rel=\"noopener\">Quantitatif<\/a>, et <a href=\"https:\/\/www.sisinternational.com\/fr\/solutions\/conseil-en-strategie\/comment-la-recherche-strategique-peut-booster-vos-performances\/\" target=\"_blank\" rel=\"noopener\">Recherche strat\u00e9gique<\/a>. De plus, nous vous aidons \u00e0 faire les meilleurs choix d\u2019investissement. Nous esp\u00e9rons que les informations fournies ici vous aideront dans votre d\u00e9cision d\u2019investir \u00e0 Madagascar.<\/p>\n\n\n\n<p><\/p>","protected":false},"excerpt":{"rendered":"<p>Les exportations de Madagascar ont rapport\u00e9 des centaines de millions de dollars ces derni\u00e8res ann\u00e9es. Les co\u00fbts de d\u00e9marrage d\u2019un investissement \u00e0 Madagascar sont faibles.<\/p>","protected":false},"author":1,"featured_media":65377,"parent":14281,"menu_order":27,"comment_status":"closed","ping_status":"closed","template":"","meta":{"footnotes":""},"class_list":["post-37846","page","type-page","status-publish","has-post-thumbnail"],"_links":{"self":[{"href":"https:\/\/www.sisinternational.com\/fr\/wp-json\/wp\/v2\/pages\/37846","targetHints":{"allow":["GET"]}}],"collection":[{"href":"https:\/\/www.sisinternational.com\/fr\/wp-json\/wp\/v2\/pages"}],"about":[{"href":"https:\/\/www.sisinternational.com\/fr\/wp-json\/wp\/v2\/types\/page"}],"author":[{"embeddable":true,"href":"https:\/\/www.sisinternational.com\/fr\/wp-json\/wp\/v2\/users\/1"}],"replies":[{"embeddable":true,"href":"https:\/\/www.sisinternational.com\/fr\/wp-json\/wp\/v2\/comments?post=37846"}],"version-history":[{"count":4,"href":"https:\/\/www.sisinternational.com\/fr\/wp-json\/wp\/v2\/pages\/37846\/revisions"}],"predecessor-version":[{"id":77133,"href":"https:\/\/www.sisinternational.com\/fr\/wp-json\/wp\/v2\/pages\/37846\/revisions\/77133"}],"up":[{"embeddable":true,"href":"https:\/\/www.sisinternational.com\/fr\/wp-json\/wp\/v2\/pages\/14281"}],"wp:featuredmedia":[{"embeddable":true,"href":"https:\/\/www.sisinternational.com\/fr\/wp-json\/wp\/v2\/media\/65377"}],"wp:attachment":[{"href":"https:\/\/www.sisinternational.com\/fr\/wp-json\/wp\/v2\/media?parent=37846"}],"curies":[{"name":"wp","href":"https:\/\/api.w.org\/{rel}","templated":true}]}}