{"id":37843,"date":"2021-06-15T06:59:55","date_gmt":"2021-06-15T06:59:55","guid":{"rendered":"https:\/\/www.sisinternational.com\/?page_id=37843"},"modified":"2025-09-14T17:33:07","modified_gmt":"2025-09-14T21:33:07","slug":"etude-de-marche-en-libye-et-en-afrique","status":"publish","type":"page","link":"https:\/\/www.sisinternational.com\/fr\/couverture\/etude-de-marche-en-afrique\/etude-de-marche-en-libye-et-en-afrique\/","title":{"rendered":"\u00c9tude de march\u00e9 en Libye, Afrique"},"content":{"rendered":"<h1 class=\"wp-block-heading\">Etude de march\u00e9 en Libye<\/h1>\n\n\n\n<figure class=\"gb-block-image gb-block-image-46af734e\"><img loading=\"lazy\" decoding=\"async\" width=\"1456\" height=\"816\" class=\"gb-image gb-image-46af734e\" src=\"https:\/\/www.sisinternational.com\/wp-content\/uploads\/2025\/08\/Libya-44.jpg\" alt=\"\u00c9tudes de march\u00e9 et strat\u00e9gie internationales SIS\" title=\"Libya 44\" srcset=\"https:\/\/www.sisinternational.com\/wp-content\/uploads\/2025\/08\/Libya-44.jpg 1456w, https:\/\/www.sisinternational.com\/wp-content\/uploads\/2025\/08\/Libya-44-300x168.jpg 300w, https:\/\/www.sisinternational.com\/wp-content\/uploads\/2025\/08\/Libya-44-1024x574.jpg 1024w, https:\/\/www.sisinternational.com\/wp-content\/uploads\/2025\/08\/Libya-44-768x430.jpg 768w, https:\/\/www.sisinternational.com\/wp-content\/uploads\/2025\/08\/Libya-44-18x10.jpg 18w\" sizes=\"auto, (max-width: 1456px) 100vw, 1456px\"><\/figure>\n\n\n\n<p><\/p>\n\n\n\n<p>La Libye est un pays arabophone bien connu d\u2019Afrique du Nord. C&#039;est aussi \u00e9norme. Avec plus de 600 000 miles carr\u00e9s, <a href=\"https:\/\/oec.world\/en\/profile\/country\/lby\" target=\"_blank\" rel=\"noopener\">La Libye est le quatri\u00e8me plus grand pays d&#039;Afrique<\/a> et le seizi\u00e8me au monde. C&#039;est presque trois fois plus grand que le Texas aux \u00c9tats-Unis.<\/p>\n\n\n\n<p>La Libye a travers\u00e9 une guerre civile qui a pris fin en 2020. Pour \u00eatre clair, deux gouvernements se battaient pour la domination, opposant une faction \u00e0 l\u2019autre. Bref, chacun voulait avoir une part d\u2019autorit\u00e9. De plus, il n\u2019y a pas de gouvernement central en Libye, donc personne n\u2019a le contr\u00f4le. La Libye tente aujourd\u2019hui de se remodeler, mais en raison de sa taille, elle a du mal \u00e0 y parvenir.<\/p>\n\n\n\n<h2 class=\"wp-block-heading\">Industries cl\u00e9s<\/h2>\n\n\n\n<p>La Libye exporte du p\u00e9trole, du ciment, des textiles, du fer et de l&#039;acier.<\/p>\n\n\n\n<p>Le pays dispose \u00e9galement d\u2019une r\u00e9serve prouv\u00e9e de p\u00e9trole de quarante-six milliards de barils, la plus importante d\u2019Afrique. Sa production annuelle de p\u00e9trole est d&#039;environ 1,65 million de barils par jour. En raison de la r\u00e9cente guerre, les prix du p\u00e9trole sont tomb\u00e9s \u00e0 des niveaux extr\u00eamement bas. Pourtant, le p\u00e9trole et le gaz naturel repr\u00e9sentent plus de la moiti\u00e9 du revenu national de la Libye. En fait, l\u2019Europe ach\u00e8te environ quatre-vingts pour cent des exportations p\u00e9troli\u00e8res de la Libye.<\/p>\n\n\n\n<h2 class=\"wp-block-heading\">Quartiers en Libye<\/h2>\n\n\n\n<p>Le Tchad se trouve au sud de la Libye, le Nigeria au sud-ouest et le Soudan au sud-est. Elle partage \u00e9galement une fronti\u00e8re avec l\u2019\u00c9gypte, situ\u00e9e \u00e0 l\u2019est.<\/p>\n\n\n\n<p>La capitale de la Libye est Tripoli, situ\u00e9e au nord-ouest de la c\u00f4te m\u00e9diterran\u00e9enne. Tripoli est la plus grande ville de Libye et c&#039;est l\u00e0 que se d\u00e9roule la majeure partie du commerce du pays. Plus d&#039;un million de personnes y vivent. Tripoli est \u00e9galement le principal port de la Libye. Les autres grandes villes de Libye comprennent Benghazi, Misrata et Tarhuna. Ces villes sont le lieu o\u00f9 vivent la plupart des gens et o\u00f9 ils \u00e9changent des biens et des services.<\/p>\n\n\n\n<h2 class=\"wp-block-heading\">Base de consommateurs<\/h2>\n\n\n\n<p>La facture des importations de la Libye est plus \u00e9lev\u00e9e que celle des autres pays d&#039;Afrique en raison de la r\u00e9cente guerre. L\u2019une des principales importations est la nourriture, qu\u2019elle ach\u00e8te \u00e0 l\u2019\u00e9tranger. Des produits comme les haricots, le bl\u00e9, le riz, les lentilles et le ma\u00efs font partie des aliments les plus demand\u00e9s en Libye. En cons\u00e9quence, le secteur agricole constitue une excellente opportunit\u00e9 d\u2019investissement pour gagner de l\u2019argent en Libye.<\/p>\n\n\n\n<p>Plus des trois quarts de la population libyenne est urbaine. Le pays souffre d&#039;un ch\u00f4mage aigu, dont les chiffres s&#039;\u00e9l\u00e8vent \u00e0 50 pour cent. Cependant, elle accueille un grand nombre de travailleurs \u00e9trangers originaires de pays comme l\u2019\u00c9gypte, la Turquie et l\u2019Inde. Beaucoup de ces travailleurs ont des emplois dans l\u2019industrie p\u00e9troli\u00e8re et, par cons\u00e9quent, gagnent des salaires \u00e9lev\u00e9s.<\/p>\n\n\n\n<h2 class=\"wp-block-heading\">Raisons de d\u00e9velopper votre entreprise en Libye<\/h2>\n\n\n\n<p>La Libye est un endroit id\u00e9al pour d\u00e9velopper votre entreprise en raison de sa grande population. Il a \u00e9galement besoin d\u2019aide pour la croissance \u00e9conomique. L\u2019Afrique du Sud, le Nigeria et l\u2019\u00c9gypte comptent parmi les pays les plus prosp\u00e8res d\u2019Afrique, et la Libye a le potentiel de se classer parmi ces pays. Les \u00e9conomistes s\u2019attendent \u00e0 ce que la Libye continue de cro\u00eetre en richesse. La production p\u00e9troli\u00e8re est excellente et dispose de vastes r\u00e9serves inexploit\u00e9es. C&#039;est pourquoi investir en Libye serait une excellente id\u00e9e.<\/p>\n\n\n\n<h2 class=\"wp-block-heading\">\u00c0 propos des \u00e9tudes de march\u00e9 en Libye<\/h2>\n\n\n\n<p>Souhaitez-vous faire des affaires en Libye ? Nous vous proposons des informations \u00e0 jour sur les opportunit\u00e9s d\u2019investissement. Nous nous rassemblons <a href=\"https:\/\/www.sisinternational.com\/fr\/quest-ce-que-la-recherche-quantitative\/\" target=\"_blank\" rel=\"noopener\">Quantitatif<\/a>, <a href=\"https:\/\/www.sisinternational.com\/fr\/quest-ce-que-la-recherche-qualitative\/\" target=\"_blank\" rel=\"noopener\">Qualitatif<\/a>, et <a href=\"https:\/\/www.sisinternational.com\/fr\/solutions\/conseil-en-strategie\/comment-la-recherche-strategique-peut-booster-vos-performances\/\" target=\"_blank\" rel=\"noopener\">Recherche strat\u00e9gique<\/a> pour vous ou votre entreprise. Les donn\u00e9es compil\u00e9es ont pour but de vous informer de la situation \u00e9conomique en Libye. Nous esp\u00e9rons que cet article vous a \u00e9t\u00e9 b\u00e9n\u00e9fique et que vous envisagerez d\u2019investir en Libye.<\/p>\n\n\n\n<p><\/p>","protected":false},"excerpt":{"rendered":"<p>La Libye est un endroit id\u00e9al pour d\u00e9velopper votre entreprise en raison de sa grande population. Les \u00e9conomistes s\u2019attendent \u00e0 ce que la Libye continue de cro\u00eetre en richesse.<\/p>","protected":false},"author":1,"featured_media":65375,"parent":14281,"menu_order":26,"comment_status":"closed","ping_status":"closed","template":"","meta":{"footnotes":""},"class_list":["post-37843","page","type-page","status-publish","has-post-thumbnail"],"_links":{"self":[{"href":"https:\/\/www.sisinternational.com\/fr\/wp-json\/wp\/v2\/pages\/37843","targetHints":{"allow":["GET"]}}],"collection":[{"href":"https:\/\/www.sisinternational.com\/fr\/wp-json\/wp\/v2\/pages"}],"about":[{"href":"https:\/\/www.sisinternational.com\/fr\/wp-json\/wp\/v2\/types\/page"}],"author":[{"embeddable":true,"href":"https:\/\/www.sisinternational.com\/fr\/wp-json\/wp\/v2\/users\/1"}],"replies":[{"embeddable":true,"href":"https:\/\/www.sisinternational.com\/fr\/wp-json\/wp\/v2\/comments?post=37843"}],"version-history":[{"count":2,"href":"https:\/\/www.sisinternational.com\/fr\/wp-json\/wp\/v2\/pages\/37843\/revisions"}],"predecessor-version":[{"id":68554,"href":"https:\/\/www.sisinternational.com\/fr\/wp-json\/wp\/v2\/pages\/37843\/revisions\/68554"}],"up":[{"embeddable":true,"href":"https:\/\/www.sisinternational.com\/fr\/wp-json\/wp\/v2\/pages\/14281"}],"wp:featuredmedia":[{"embeddable":true,"href":"https:\/\/www.sisinternational.com\/fr\/wp-json\/wp\/v2\/media\/65375"}],"wp:attachment":[{"href":"https:\/\/www.sisinternational.com\/fr\/wp-json\/wp\/v2\/media?parent=37843"}],"curies":[{"name":"wp","href":"https:\/\/api.w.org\/{rel}","templated":true}]}}