{"id":37841,"date":"2021-06-15T06:54:55","date_gmt":"2021-06-15T06:54:55","guid":{"rendered":"https:\/\/www.sisinternational.com\/?page_id=37841"},"modified":"2025-09-14T17:34:07","modified_gmt":"2025-09-14T21:34:07","slug":"etude-de-marche-au-liberia-en-afrique","status":"publish","type":"page","link":"https:\/\/www.sisinternational.com\/fr\/couverture\/etude-de-marche-en-afrique\/etude-de-marche-au-liberia-en-afrique\/","title":{"rendered":"\u00c9tude de march\u00e9 au Lib\u00e9ria, Afrique"},"content":{"rendered":"<h1 class=\"wp-block-heading\">\u00c9tude de march\u00e9 au Lib\u00e9ria<\/h1>\n\n\n\n<figure class=\"gb-block-image gb-block-image-cc0893d2\"><img loading=\"lazy\" decoding=\"async\" width=\"1456\" height=\"816\" class=\"gb-image gb-image-cc0893d2\" src=\"https:\/\/www.sisinternational.com\/wp-content\/uploads\/2025\/08\/Liberia-1.jpg\" alt=\"\u00c9tudes de march\u00e9 et strat\u00e9gie internationales SIS\" title=\"Liberia (1)\" srcset=\"https:\/\/www.sisinternational.com\/wp-content\/uploads\/2025\/08\/Liberia-1.jpg 1456w, https:\/\/www.sisinternational.com\/wp-content\/uploads\/2025\/08\/Liberia-1-300x168.jpg 300w, https:\/\/www.sisinternational.com\/wp-content\/uploads\/2025\/08\/Liberia-1-1024x574.jpg 1024w, https:\/\/www.sisinternational.com\/wp-content\/uploads\/2025\/08\/Liberia-1-768x430.jpg 768w, https:\/\/www.sisinternational.com\/wp-content\/uploads\/2025\/08\/Liberia-1-18x10.jpg 18w\" sizes=\"auto, (max-width: 1456px) 100vw, 1456px\"><\/figure>\n\n\n\n<p><\/p>\n\n\n\n<p><a href=\"https:\/\/oec.world\/en\/profile\/country\/lbr\" target=\"_blank\" rel=\"noopener\">Le Lib\u00e9ria est un pays d&#039;Afrique de l&#039;Ouest<\/a> qui borde la C\u00f4te d&#039;Ivoire, la Guin\u00e9e et la Sierra Leone. Comme beaucoup d\u2019autres pays africains, c\u2019est un excellent investissement car son march\u00e9 est encore inexploit\u00e9. Cependant, le pays conna\u00eet de nombreux probl\u00e8mes, notamment un historique de guerre civile et de troubles.<\/p>\n\n\n\n<h2 class=\"wp-block-heading\">Industries cl\u00e9s<\/h2>\n\n\n\n<p>L&#039;une des principales industries du Lib\u00e9ria est l&#039;exploitation mini\u00e8re (fer, or, diamants et minerais). D&#039;autres industries importantes sont la transformation de l&#039;huile de palme et du caoutchouc.<\/p>\n\n\n\n<p>Le syst\u00e8me \u00e9conomique du Lib\u00e9ria est sous-d\u00e9velopp\u00e9. Ces d\u00e9g\u00e2ts sont le r\u00e9sultat de la premi\u00e8re guerre civile lib\u00e9rienne, men\u00e9e de 1989 \u00e0 1996. Depuis lors, le Lib\u00e9ria figure parmi les pays les plus pauvres du monde.<\/p>\n\n\n\n<p>La guerre civile a renvers\u00e9 la minorit\u00e9 am\u00e9ricano-lib\u00e9rienne qui dirigeait le pays. La guerre a \u00e9galement entra\u00een\u00e9 une fuite des cerveaux et une perte de capitaux. Par cons\u00e9quent, le Lib\u00e9ria pr\u00e9sente le profil typique de l\u2019\u00e9conomie de l\u2019Afrique subsaharienne, avec d\u2019abondantes ressources min\u00e9rales, foresti\u00e8res et agricoles. Mais il lui manque du capital humain, des infrastructures et de la stabilit\u00e9. Ainsi, la majeure partie de la population d\u00e9pend de l\u2019agriculture. En revanche, les \u00e9trangers poss\u00e8dent une grande partie de l\u2019industrie manufacturi\u00e8re locale existante.<\/p>\n\n\n\n<h2 class=\"wp-block-heading\">Quartiers au Lib\u00e9ria<\/h2>\n\n\n\n<p>Monrovia est la capitale du Lib\u00e9ria, situ\u00e9e sur la c\u00f4te atlantique. Elle compte la plus grande population du pays. Cette ville fond\u00e9e en 1822 est le centre culturel, financier et \u00e9conomique du pays. Son \u00e9conomie d\u00e9pend de son r\u00f4le de port et de si\u00e8ge du gouvernement lib\u00e9rien.<\/p>\n\n\n\n<p>Gbarnga est une autre grande ville. C&#039;est la capitale du comt\u00e9 de Bonn, situ\u00e9e au nord-est de Monrovia. Il a jou\u00e9 un r\u00f4le essentiel en tant que base du Front national patriotique lib\u00e9rien de Charles Taylor lors de la premi\u00e8re guerre civile. Aujourd&#039;hui, Gbarnga joue un r\u00f4le plus progressiste dans le d\u00e9veloppement du Lib\u00e9ria. par exemple, il abrite le Cuttington College. Ce coll\u00e8ge est une \u00e9cole priv\u00e9e affili\u00e9e \u00e0 une \u00e9glise anglicane proche de la ville. Son campus abritait autrefois le mus\u00e9e afro-am\u00e9ricain, d\u00e9truit par la guerre civile.<\/p>\n\n\n\n<h2 class=\"wp-block-heading\">Tendances et base de consommateurs au Lib\u00e9ria<\/h2>\n\n\n\n<p>La plupart des Lib\u00e9riens gagnent moins de $500 par mois, ce qui n&#039;est pas toujours suffisant pour se v\u00eatir, se nourrir et se loger.<\/p>\n\n\n\n<p>Les produits manufactur\u00e9s, par exemple les produits alimentaires, les produits chimiques et les carburants, constituent les principales importations du Lib\u00e9ria.<br>Le riz est un ingr\u00e9dient de base au Lib\u00e9ria. Les autres produits agricoles comprennent le manioc, le poisson, les bananes et les agrumes. Les agriculteurs lib\u00e9riens cultivent \u00e9galement des plantains, des noix de coco, du gombo et des patates douces.<\/p>\n\n\n\n<h2 class=\"wp-block-heading\">Points forts du march\u00e9<\/h2>\n\n\n\n<p>L&#039;une des forces du Lib\u00e9ria r\u00e9side dans ses ressources naturelles.<\/p>\n\n\n\n<p>L&#039;agriculture reste sa principale industrie, employant les deux tiers de la population.<\/p>\n\n\n\n<p>L&#039;industrie mini\u00e8re du Lib\u00e9ria s&#039;est r\u00e9tablie apr\u00e8s la Seconde Guerre civile, qui a pris fin en 2003. De nouvelles lois mini\u00e8res et politiques de d\u00e9veloppement minier sont en place pour attirer les investissements \u00e9trangers.<\/p>\n\n\n\n<h2 class=\"wp-block-heading\">Raisons de d\u00e9velopper votre entreprise gr\u00e2ce \u00e0 des \u00e9tudes de march\u00e9 au Lib\u00e9ria<\/h2>\n\n\n\n<p><strong>Une administration fiscale solidaire<\/strong>;<br>Le Lib\u00e9ria a institu\u00e9 la loi sur l&#039;investissement de 2016. L&#039;article 16 de cette loi traite du syst\u00e8me fiscal lib\u00e9rien. Il offre des incitations financi\u00e8res et non financi\u00e8res sp\u00e9ciales pour les investissements. Ces investissements doivent concerner l&#039;un des 15 secteurs prioritaires, parmi lesquels l&#039;industrie manufacturi\u00e8re, les technologies de l&#039;information et le tourisme.<\/p>\n\n\n\n<p><strong>Il n\u2019y a pas de retour minimum sur les revenus ni de limite d\u2019\u00e9change.<\/strong><br>L&#039;article 11 de la loi sur l&#039;investissement de 2010 renforce la protection des investissements. Il permet aux investisseurs de restituer leur capital et leurs b\u00e9n\u00e9fices dans leur pays d&#039;origine, y compris les gains, les dividendes et les transferts en esp\u00e8ces au moment de la vente ou de la liquidation. Il comprend \u00e9galement le remboursement des pr\u00eats obtenus aupr\u00e8s de banques \u00e9trang\u00e8res.<\/p>\n\n\n\n<p><strong>Il existe un march\u00e9 local non satur\u00e9 d\u2019articles m\u00e9nagers et de produits d\u2019\u00e9picerie.<\/strong><br>Le Lib\u00e9ria d\u00e9pend de l&#039;industrie mini\u00e8re. Le secteur manufacturier \u00e9tant peu d\u00e9velopp\u00e9, le pays importe la plupart des articles m\u00e9nagers consomm\u00e9s. Par exemple, il y a l\u2019importation d\u2019environ 90% de riz consomm\u00e9 chaque ann\u00e9e. De m\u00eame, il y a l\u2019importation de nombreux articles m\u00e9nagers. Ainsi, les articles m\u00e9nagers s\u2019av\u00e9reraient \u00eatre un commerce tr\u00e8s lucratif. Le gouvernement est impatient de sortir d\u2019une \u00e9conomie qui repose sur l\u2019exploitation mini\u00e8re et les importations. Il souhaite \u00e9voluer vers une \u00e9conomie manufacturi\u00e8re orient\u00e9e vers l\u2019exportation.<\/p>\n\n\n\n<h2 class=\"wp-block-heading\">\u00c0 propos des \u00e9tudes de march\u00e9 au Lib\u00e9ria<\/h2>\n\n\n\n<p>Voulez-vous d\u00e9marrer une entreprise? Le Lib\u00e9ria vous semble-t-il un endroit formidable\u00a0? Alors cet article est fait pour vous. Nous avons cr\u00e9\u00e9 des groupes de discussion pour le secteur priv\u00e9 africain. Nous pouvons \u00e9galement proc\u00e9der <a href=\"https:\/\/www.sisinternational.com\/fr\/quest-ce-que-la-recherche-quantitative\/\" target=\"_blank\" rel=\"noopener\">Quantitatif<\/a>, <a href=\"https:\/\/www.sisinternational.com\/fr\/quest-ce-que-la-recherche-qualitative\/\" target=\"_blank\" rel=\"noopener\">Qualitatif<\/a>, et <a href=\"https:\/\/www.sisinternational.com\/fr\/solutions\/conseil-en-strategie\/comment-la-recherche-strategique-peut-booster-vos-performances\/\" target=\"_blank\" rel=\"noopener\">Recherche strat\u00e9gique<\/a> pour votre association. Ainsi, vous pouvez choisir le secteur le plus appropri\u00e9 pour d\u00e9marrer une entreprise. Nous prenons toutes ces mesures pour assurer le succ\u00e8s de votre entreprise.<\/p>\n\n\n\n<p>Ce document vous donne les conseils n\u00e9cessaires pour tirer le meilleur parti de votre investissement au Lib\u00e9ria.<\/p>\n\n\n\n<p><\/p>","protected":false},"excerpt":{"rendered":"<p>L&#039;une des forces du Lib\u00e9ria r\u00e9side dans ses ressources naturelles. L&#039;agriculture reste sa principale industrie, employant les deux tiers de la population.<\/p>","protected":false},"author":1,"featured_media":65369,"parent":14281,"menu_order":25,"comment_status":"closed","ping_status":"closed","template":"","meta":{"footnotes":""},"class_list":["post-37841","page","type-page","status-publish","has-post-thumbnail"],"_links":{"self":[{"href":"https:\/\/www.sisinternational.com\/fr\/wp-json\/wp\/v2\/pages\/37841","targetHints":{"allow":["GET"]}}],"collection":[{"href":"https:\/\/www.sisinternational.com\/fr\/wp-json\/wp\/v2\/pages"}],"about":[{"href":"https:\/\/www.sisinternational.com\/fr\/wp-json\/wp\/v2\/types\/page"}],"author":[{"embeddable":true,"href":"https:\/\/www.sisinternational.com\/fr\/wp-json\/wp\/v2\/users\/1"}],"replies":[{"embeddable":true,"href":"https:\/\/www.sisinternational.com\/fr\/wp-json\/wp\/v2\/comments?post=37841"}],"version-history":[{"count":2,"href":"https:\/\/www.sisinternational.com\/fr\/wp-json\/wp\/v2\/pages\/37841\/revisions"}],"predecessor-version":[{"id":68555,"href":"https:\/\/www.sisinternational.com\/fr\/wp-json\/wp\/v2\/pages\/37841\/revisions\/68555"}],"up":[{"embeddable":true,"href":"https:\/\/www.sisinternational.com\/fr\/wp-json\/wp\/v2\/pages\/14281"}],"wp:featuredmedia":[{"embeddable":true,"href":"https:\/\/www.sisinternational.com\/fr\/wp-json\/wp\/v2\/media\/65369"}],"wp:attachment":[{"href":"https:\/\/www.sisinternational.com\/fr\/wp-json\/wp\/v2\/media?parent=37841"}],"curies":[{"name":"wp","href":"https:\/\/api.w.org\/{rel}","templated":true}]}}