{"id":37839,"date":"2021-06-15T06:46:00","date_gmt":"2021-06-15T06:46:00","guid":{"rendered":"https:\/\/www.sisinternational.com\/?page_id=37839"},"modified":"2026-01-24T20:41:06","modified_gmt":"2026-01-25T01:41:06","slug":"etude-de-marche-au-lesotho-en-afrique","status":"publish","type":"page","link":"https:\/\/www.sisinternational.com\/fr\/couverture\/etude-de-marche-en-afrique\/etude-de-marche-au-lesotho-en-afrique\/","title":{"rendered":"\u00c9tude de march\u00e9 au Lesotho, Afrique"},"content":{"rendered":"<h1 class=\"wp-block-heading\">\u00c9tude de march\u00e9 au Lesotho<\/h1>\n\n\n\n<figure class=\"gb-block-image gb-block-image-8b04ab6e\"><img loading=\"lazy\" decoding=\"async\" width=\"1456\" height=\"816\" class=\"gb-image gb-image-8b04ab6e\" src=\"https:\/\/www.sisinternational.com\/wp-content\/uploads\/2025\/08\/Lesotho-1vv-3.jpg\" alt=\"\u00c9tudes de march\u00e9 et strat\u00e9gie internationales SIS\" title=\"Lesotho (1vv) (3)\" srcset=\"https:\/\/www.sisinternational.com\/wp-content\/uploads\/2025\/08\/Lesotho-1vv-3.jpg 1456w, https:\/\/www.sisinternational.com\/wp-content\/uploads\/2025\/08\/Lesotho-1vv-3-300x168.jpg 300w, https:\/\/www.sisinternational.com\/wp-content\/uploads\/2025\/08\/Lesotho-1vv-3-1024x574.jpg 1024w, https:\/\/www.sisinternational.com\/wp-content\/uploads\/2025\/08\/Lesotho-1vv-3-768x430.jpg 768w, https:\/\/www.sisinternational.com\/wp-content\/uploads\/2025\/08\/Lesotho-1vv-3-18x10.jpg 18w\" sizes=\"auto, (max-width: 1456px) 100vw, 1456px\"><\/figure>\n\n\n\n<p><\/p>\n\n\n\n<p>L&#039;Afrique du Sud entoure le <a href=\"https:\/\/oec.world\/en\/profile\/country\/lso\" target=\"_blank\" rel=\"noopener\">ancien protectorat britannique maintenant connu sous le nom de Lesotho<\/a> \u2013 une situation unique. Anciennement connu sous le nom de Basutoland, le Lesotho a obtenu son ind\u00e9pendance en 1966. Actuellement, le Lesotho est une monarchie avec une \u00e9conomie int\u00e9gr\u00e9e. Aujourd&#039;hui, la plupart des familles vivent de l&#039;agriculture.<\/p>\n\n\n\n<h2 class=\"wp-block-heading\">Industries cl\u00e9s au Lesotho<\/h2>\n\n\n\n<p>L&#039;\u00e9conomie du Lesotho se concentre sur la production, l&#039;agriculture, l&#039;exploitation mini\u00e8re et l&#039;\u00e9levage. De nombreux Basotho, qui est le nom donn\u00e9 aux habitants du Lesotho, d\u00e9pendent \u00e9galement des envois de fonds. Bien que le Lesotho d\u00e9pende de l\u2019agriculture, une grande partie de ses terres ne sont pas arables. Ainsi, de nombreux Basotho partent travailler dans les mines d&#039;Afrique du Sud. Ces envois de fonds proviennent de ces travailleurs migrants.<\/p>\n\n\n\n<p>Les principales exportations du Lesotho sont les ressources naturelles et les produits manufactur\u00e9s. Le secteur de l&#039;habillement est l&#039;une des industries primaires et emploie de nombreuses travailleuses.<\/p>\n\n\n\n<h2 class=\"wp-block-heading\">Quartiers<\/h2>\n\n\n\n<p>La capitale et la plus grande ville du Lesotho est Maseru. Il se trouve \u00e0 c\u00f4t\u00e9 de la rivi\u00e8re Caledon, juste \u00e0 la fronti\u00e8re entre le Lesotho et l&#039;Afrique du Sud. La ville \u00e9tait autrefois un camp de police et est devenue la capitale apr\u00e8s que le Lesotho soit devenu un protectorat britannique en 1869. Maseru est rest\u00e9e la capitale en 1966, m\u00eame apr\u00e8s que le pays ait obtenu son ind\u00e9pendance. Le nom de la ville signifie \u00ab gr\u00e8s rouge \u00bb, mot d\u00e9riv\u00e9 d&#039;un mot sesotho.<\/p>\n\n\n\n<h2 class=\"wp-block-heading\">Base de consommateurs au Lesotho<\/h2>\n\n\n\n<p>Le terme \u00ab mokhoro \u00bb fait r\u00e9f\u00e9rence au style de construction du Lesotho. De nombreuses maisons traditionnelles, notamment dans les petits villages et villes, sont de style mokhoro. Les Basotho collent souvent les murs sur de gros morceaux de ciment. Les briques en terre cuite, notamment les blocs de b\u00e9ton, sont \u00e9galement utilis\u00e9es aujourd&#039;hui. Les propri\u00e9taires remplacent souvent les toits de chaume traditionnels par du carton ondul\u00e9.<\/p>\n\n\n\n<p>Le Lesotho dispose de ressources alimentaires limit\u00e9es, de sorte que la plupart des familles produisent du b\u00e9tail et de la nourriture pour se nourrir. Actuellement, l&#039;\u00e9conomie est en transition. Le pays tente de mettre fin \u00e0 cette d\u00e9pendance \u00e0 l\u2019agriculture de subsistance. Ainsi, elle se diversifie lentement, ce qui constitue une excellente opportunit\u00e9 pour les investisseurs. Cela signifiera des revenus plus \u00e9lev\u00e9s pour les Basotho, de sorte que le march\u00e9 local sera en mesure de soutenir une entreprise.<\/p>\n\n\n\n<h2 class=\"wp-block-heading\">Points forts du march\u00e9<\/h2>\n\n\n\n<p>La force du Lesotho r\u00e9side dans le tourisme. C&#039;est un excellent lieu de vacances pour les visiteurs car il offre les \u00e9l\u00e9ments suivants\u00a0:<\/p>\n\n\n\n<ol class=\"wp-block-list\">\n<li>Exp\u00e9rience de la nature africaine. Le Lesotho est la destination des voyageurs exigeants et des amateurs d&#039;aventure. C&#039;est parfait pour ceux qui veulent autre chose que des vacances d&#039;affaires.<\/li>\n\n\n\n<li>Paysage pittoresque. Le Lesotho est riche d\u2019une faune unique et poss\u00e8de \u00e9galement de magnifiques ruisseaux clairs. C&#039;est l&#039;un des environnements naturels les plus propres et les plus pr\u00e9serv\u00e9s de la r\u00e9gion.<\/li>\n\n\n\n<li>Pr\u00e8s de l&#039;Afrique du Sud. Comme mentionn\u00e9 pr\u00e9c\u00e9demment, l\u2019Afrique du Sud entoure le Lesotho. En fait, cette situation pr\u00e9sente de nombreuses opportunit\u00e9s. Premi\u00e8rement, cela contribue au d\u00e9veloppement et \u00e0 la croissance de l&#039;industrie touristique du Lesotho. L&#039;Afrique du Sud attire de nombreux touristes, offrant au Lesotho une opportunit\u00e9 unique. Elle peut tirer parti des atouts de son pays voisin. En fait, elle peut se positionner pour devenir une destination touristique internationale. L&#039;Afrique du Sud peut ainsi devenir la \u00ab porte d&#039;entr\u00e9e \u00bb du Lesotho.<\/li>\n<\/ol>\n\n\n\n<h2 class=\"wp-block-heading\">Raisons de d\u00e9velopper votre entreprise sur le march\u00e9<\/h2>\n\n\n\n<ol class=\"wp-block-list\">\n<li>Le Lesotho jouit d\u2019une stabilit\u00e9 politique. Ainsi, les investisseurs b\u00e9n\u00e9ficieront de la continuit\u00e9 des politiques. Cette stabilit\u00e9 permet \u00e9galement aux entreprises de cro\u00eetre et de prosp\u00e9rer. Les investisseurs peuvent planifier \u00e0 long terme sans avoir \u00e0 se soucier des interruptions dues aux bouleversements politiques.<\/li>\n\n\n\n<li>Les r\u00e9centes r\u00e9formes gouvernementales ont eu un effet positif sur l&#039;\u00e9conomie.<\/li>\n\n\n\n<li>Des opportunit\u00e9s d\u2019investissement existent dans les domaines suivants :\n<ol class=\"wp-block-list\">\n<li>Agriculture<\/li>\n\n\n\n<li>Infrastructures et construction<\/li>\n\n\n\n<li>Fabrication<\/li>\n\n\n\n<li>TIC<\/li>\n\n\n\n<li>\u00c9nergie renouvelable<\/li>\n\n\n\n<li>Services financiers<\/li>\n\n\n\n<li>Tourisme<\/li>\n\n\n\n<li>Exploitation mini\u00e8re<\/li>\n<\/ol>\n<\/li>\n\n\n\n<li>Les paysages \u00e9poustouflants et les pentes enneig\u00e9es du Lesotho sont parfaits pour le ski. Ces caract\u00e9ristiques peuvent promouvoir le tourisme.<\/li>\n\n\n\n<li>The \u201cAfrican Growth and Opportunity Act\u201d and the Continental Free Trade Area. These agreements provide a broader <a href=\"https:\/\/www.sisinternational.com\/fr\/le-marche-africain-en-mutation\/\" title=\"Recherche d\u2019opportunit\u00e9s de march\u00e9 en Afrique\" data-wpil-monitor-id=\"2802\">market for countries outside of South Africa<\/a>.<\/li>\n<\/ol>\n\n\n\n<h2 class=\"wp-block-heading\">\u00c0 propos des \u00e9tudes de march\u00e9 au Lesotho<\/h2>\n\n\n\n<p>Vous souhaitez d\u00e9marrer une entreprise ? Le Lesotho vous semble-t-il \u00eatre un endroit id\u00e9al ? Alors cet article est fait pour vous. Nous mettons en place des groupes de discussion pour les secteurs priv\u00e9s africains. Nous pouvons \u00e9galement r\u00e9aliser <a href=\"https:\/\/www.sisinternational.com\/fr\/quest-ce-que-la-recherche-quantitative\/\" target=\"_blank\" rel=\"noopener\">Quantitatif<\/a>, <a href=\"https:\/\/www.sisinternational.com\/fr\/quest-ce-que-la-recherche-qualitative\/\" target=\"_blank\" rel=\"noopener\">Qualitatif<\/a>, et <a href=\"https:\/\/www.sisinternational.com\/fr\/solutions\/conseil-en-strategie\/comment-la-recherche-strategique-peut-booster-vos-performances\/\" target=\"_blank\" rel=\"noopener\">Recherche strat\u00e9gique<\/a> pour votre entreprise. Vous pouvez ainsi choisir le meilleur secteur pour d\u00e9marrer votre entreprise. Bref, nos \u00e9tudes de march\u00e9 peuvent assurer le succ\u00e8s de votre entreprise.<\/p>\n\n\n\n<p><\/p>","protected":false},"excerpt":{"rendered":"<p>La force du Lesotho est le tourisme. Le Lesotho est une monarchie avec une \u00e9conomie int\u00e9gr\u00e9e. Aujourd&#039;hui, la plupart des familles vivent de l&#039;agriculture.<\/p>","protected":false},"author":1,"featured_media":65365,"parent":14281,"menu_order":24,"comment_status":"closed","ping_status":"closed","template":"","meta":{"footnotes":""},"class_list":["post-37839","page","type-page","status-publish","has-post-thumbnail"],"_links":{"self":[{"href":"https:\/\/www.sisinternational.com\/fr\/wp-json\/wp\/v2\/pages\/37839","targetHints":{"allow":["GET"]}}],"collection":[{"href":"https:\/\/www.sisinternational.com\/fr\/wp-json\/wp\/v2\/pages"}],"about":[{"href":"https:\/\/www.sisinternational.com\/fr\/wp-json\/wp\/v2\/types\/page"}],"author":[{"embeddable":true,"href":"https:\/\/www.sisinternational.com\/fr\/wp-json\/wp\/v2\/users\/1"}],"replies":[{"embeddable":true,"href":"https:\/\/www.sisinternational.com\/fr\/wp-json\/wp\/v2\/comments?post=37839"}],"version-history":[{"count":4,"href":"https:\/\/www.sisinternational.com\/fr\/wp-json\/wp\/v2\/pages\/37839\/revisions"}],"predecessor-version":[{"id":77137,"href":"https:\/\/www.sisinternational.com\/fr\/wp-json\/wp\/v2\/pages\/37839\/revisions\/77137"}],"up":[{"embeddable":true,"href":"https:\/\/www.sisinternational.com\/fr\/wp-json\/wp\/v2\/pages\/14281"}],"wp:featuredmedia":[{"embeddable":true,"href":"https:\/\/www.sisinternational.com\/fr\/wp-json\/wp\/v2\/media\/65365"}],"wp:attachment":[{"href":"https:\/\/www.sisinternational.com\/fr\/wp-json\/wp\/v2\/media?parent=37839"}],"curies":[{"name":"wp","href":"https:\/\/api.w.org\/{rel}","templated":true}]}}