{"id":37837,"date":"2021-06-15T06:31:57","date_gmt":"2021-06-15T06:31:57","guid":{"rendered":"https:\/\/www.sisinternational.com\/?page_id=37837"},"modified":"2026-01-24T20:50:51","modified_gmt":"2026-01-25T01:50:51","slug":"etude-de-marche-au-kenya-et-en-afrique","status":"publish","type":"page","link":"https:\/\/www.sisinternational.com\/fr\/couverture\/etude-de-marche-en-afrique\/etude-de-marche-au-kenya-et-en-afrique\/","title":{"rendered":"\u00c9tude de march\u00e9 au Kenya, en Afrique"},"content":{"rendered":"<h1 class=\"wp-block-heading\">\u00c9tude de march\u00e9 au Kenya<\/h1>\n\n\n\n<figure class=\"gb-block-image gb-block-image-87484c04\"><img loading=\"lazy\" decoding=\"async\" width=\"1456\" height=\"816\" class=\"gb-image gb-image-87484c04\" src=\"https:\/\/www.sisinternational.com\/wp-content\/uploads\/2025\/08\/Kenya-2.jpg\" alt=\"\u00c9tudes de march\u00e9 et strat\u00e9gie internationales SIS\" title=\"Kenya (2)\" srcset=\"https:\/\/www.sisinternational.com\/wp-content\/uploads\/2025\/08\/Kenya-2.jpg 1456w, https:\/\/www.sisinternational.com\/wp-content\/uploads\/2025\/08\/Kenya-2-300x168.jpg 300w, https:\/\/www.sisinternational.com\/wp-content\/uploads\/2025\/08\/Kenya-2-1024x574.jpg 1024w, https:\/\/www.sisinternational.com\/wp-content\/uploads\/2025\/08\/Kenya-2-768x430.jpg 768w, https:\/\/www.sisinternational.com\/wp-content\/uploads\/2025\/08\/Kenya-2-18x10.jpg 18w\" sizes=\"auto, (max-width: 1456px) 100vw, 1456px\"><\/figure>\n\n\n\n<p><\/p>\n\n\n\n<p>Le <a href=\"https:\/\/oec.world\/en\/profile\/country\/ken\" target=\"_blank\" rel=\"noopener\">R\u00e9publique du Kenya<\/a> est un pays d&#039;Afrique de l&#039;Est situ\u00e9 au nord de la Tanzanie. C&#039;est \u00e0 l&#039;est de l&#039;Ouganda et au sud-est du Soudan du Sud. L&#039;\u00c9thiopie est au nord et la Somalie au nord-est. L&#039;oc\u00e9an Indien est au sud-est.<\/p>\n\n\n\n<h2 class=\"wp-block-heading\">Industries cl\u00e9s au Kenya<\/h2>\n\n\n\n<p>L&#039;\u00e9conomie kenyane est bas\u00e9e sur l&#039;agriculture. L&#039;agriculture repr\u00e9sente un peu plus d&#039;un tiers du PIB. Les exportations traditionnelles sont le th\u00e9 et le caf\u00e9. Le Kenya poss\u00e8de \u00e9galement une industrie horticole naissante.<\/p>\n\n\n\n<p>Le secteur agricole comprend la production v\u00e9g\u00e9tale, l&#039;horticulture, l&#039;\u00e9levage, la foresterie et la p\u00eache. La production agricole et l\u2019horticulture contribuent le plus au PIB agricole. Ce secteur constitue l&#039;\u00e9pine dorsale de l&#039;\u00e9conomie kenyane. Elle offre \u00e9galement un moyen de gagner sa vie \u00e0 la population.<\/p>\n\n\n\n<p>The industrial sector is also a huge contributor to the GDP. The country has a well-developed industrial sector, and it is the <a href=\"https:\/\/www.sisinternational.com\/fr\/le-marche-africain-en-mutation\/\" title=\"Recherche d\u2019opportunit\u00e9s de march\u00e9 en Afrique\" data-wpil-monitor-id=\"2806\">market leader in East Africa<\/a>. This sector accounts for one-tenth of the GDP, and manufacturing is thriving.<\/p>\n\n\n\n<p>Les secteurs de la construction et de l&#039;immobilier sont \u00e9galement en croissance. Cette croissance est due en partie aux investissements gouvernementaux dans les infrastructures publiques. Les Kenyans investissent \u00e9galement dans l\u2019immobilier.<\/p>\n\n\n\n<p>En raison de la pand\u00e9mie de COVID-19, les experts s&#039;attendent \u00e0 un d\u00e9clin de la croissance du Kenya. Le pays a r\u00e9duit ses \u00e9changes commerciaux. En outre, le coronavirus a perturb\u00e9 les cha\u00eenes d\u2019approvisionnement et la production nationale. Malgr\u00e9 cela, le gouvernement garde espoir. Il continue de promouvoir l\u2019\u00e9ducation, le commerce et l\u2019investissement. Ils esp\u00e8rent que l\u2019\u00e9conomie pourra poursuivre la tendance \u00e0 la hausse observ\u00e9e avant la pand\u00e9mie.<\/p>\n\n\n\n<h2 class=\"wp-block-heading\">Quartiers au Kenya<\/h2>\n\n\n\n<p>Le Kenya poss\u00e8de une grande quantit\u00e9 de flore et de faune, qui font partie de la beaut\u00e9 naturelle du pays.<\/p>\n\n\n\n<p>Les principales villes du Kenya sont Nairobi, Mombasa et Kisumu. Nairobi, la capitale, est la plus grande. Cette ville fait un clin d&#039;\u0153il \u00e0 son pass\u00e9 colonial en utilisant de nombreux noms de lieux anglais. \u00c0 Nairobi, les r\u00e9sidents les plus riches vivent g\u00e9n\u00e9ralement dans les r\u00e9gions du centre-ouest et du nord. Les colons europ\u00e9ens r\u00e9sidaient dans ces r\u00e9gions \u00e0 l&#039;\u00e9poque coloniale. En revanche, les quartiers aux revenus moyens inf\u00e9rieurs et sup\u00e9rieurs se trouvent dans les zones du centre-nord de la ville.<\/p>\n\n\n\n<p>Mombasa, la deuxi\u00e8me plus grande ville, se trouve sur la c\u00f4te sud-est du Kenya. Elle est ax\u00e9e sur le tourisme et poss\u00e8de un a\u00e9roport international. Elle abrite \u00e9galement le troisi\u00e8me plus grand port d\u2019Afrique.<\/p>\n\n\n\n<p>Kisumu, la troisi\u00e8me plus grande ville, est magnifique. La ville insuffle une nouvelle vie \u00e0 son centre-ville et \u00e0 sa basse-ville avec un projet de rajeunissement urbain. Il modernise l\u2019apparence du bord du lac et r\u00e9duit l\u2019encombrement des rues principales, facilitant ainsi la circulation des pi\u00e9tons.<\/p>\n\n\n\n<h2 class=\"wp-block-heading\">Les tendances<\/h2>\n\n\n\n<p>Au cours de la derni\u00e8re d\u00e9cennie, le Kenya a connu une forte croissance \u00e9conomique. Cette croissance est due aux r\u00e9formes politiques et \u00e9conomiques qu&#039;elle a r\u00e9alis\u00e9es. Malheureusement, la pand\u00e9mie actuelle a affect\u00e9 cette croissance.<\/p>\n\n\n\n<p>Les principaux d\u00e9fis du d\u00e9veloppement comprennent la pauvret\u00e9 et le changement climatique. Le Kenya a \u00e9galement une soci\u00e9t\u00e9 in\u00e9galitaire et les investissements du secteur priv\u00e9 sont faibles.<\/p>\n\n\n\n<p>Pour l&#039;instant, les perspectives \u00e9conomiques du Kenya sont sombres. Les \u00e9conomistes s\u2019attendent \u00e0 une lente reprise du pays. La pand\u00e9mie a fait des ravages sur les exportations et le tourisme du Kenya. Cela a \u00e9galement nui \u00e0 d\u2019autres activit\u00e9s \u00e9conomiques nationales. Pourtant, le Kenya dispose d\u2019un plan de d\u00e9veloppement \u00e0 long terme qui fait de l\u2019industrie manufacturi\u00e8re une priorit\u00e9. Le plan comprend \u00e9galement des soins de sant\u00e9 universels, des logements abordables et la s\u00e9curit\u00e9 alimentaire.<\/p>\n\n\n\n<h2 class=\"wp-block-heading\">Avantages et atouts sur le march\u00e9<\/h2>\n\n\n\n<p>The agricultural sector is the pride and joy of the Kenyan market. Kenya is the third-largest tea producer in the world. The services sector is also expanding. Its economy is crucial to the East-African community. It is <a href=\"https:\/\/www.sisinternational.com\/fr\/etude-de-marche-en-afrique-2\/\" title=\"Etude de march\u00e9 en Afrique\" data-wpil-monitor-id=\"2945\">Africa\u2019s number-one common market<\/a> and the seventh-largest African economy.<\/p>\n\n\n\n<h2 class=\"wp-block-heading\">Base de consommateurs au Kenya<\/h2>\n\n\n\n<p>Au Kenya, un petit nombre de consommateurs ont b\u00e9n\u00e9fici\u00e9 de l\u2019expansion rapide de l\u2019\u00e9conomie. Mais un nombre beaucoup plus important de personnes n\u2019en ont tir\u00e9 que peu ou pas d\u2019avantages. Ils subissent ainsi les effets de l\u2019inflation. La pauvret\u00e9 et la malnutrition restent des probl\u00e8mes importants pour de nombreux Kenyans.<\/p>\n\n\n\n<h2 class=\"wp-block-heading\">Raisons de d\u00e9velopper votre entreprise sur le march\u00e9 kenyan<\/h2>\n\n\n\n<p>Les march\u00e9s kenyans offrent de nombreuses opportunit\u00e9s bon march\u00e9 aux investisseurs. Le Kenya a des co\u00fbts d&#039;exploitation inf\u00e9rieurs \u00e0 ceux des autres march\u00e9s \u00e9mergents, et les investisseurs b\u00e9n\u00e9ficient ainsi d&#039;un avantage concurrentiel en mati\u00e8re de loyer et de co\u00fbts de main-d&#039;\u0153uvre.<\/p>\n\n\n\n<p>Le Kenya occupe \u00e9galement une situation g\u00e9ographique privil\u00e9gi\u00e9e. Elle a acc\u00e8s aux principales routes maritimes en provenance d&#039;Europe et d&#039;Asie. Et le march\u00e9 kenyan n\u2019est pas tr\u00e8s d\u00e9velopp\u00e9. Ainsi, les nouvelles entreprises conna\u00eetront un manque de concurrence lors de leur d\u00e9marrage. Cette situation augmente la possibilit\u00e9 d\u2019une croissance rapide sur une courte p\u00e9riode. Les nouvelles entreprises peuvent s\u2019attendre \u00e0 obtenir le soutien du gouvernement. Le gouvernement encourage la croissance dans divers secteurs.<\/p>\n\n\n\n<h2 class=\"wp-block-heading\">\u00c0 propos des \u00e9tudes de march\u00e9 au Kenya<\/h2>\n\n\n\n<p>Il est essentiel de faire <a href=\"https:\/\/www.sisinternational.com\/fr\/quest-ce-que-la-recherche-quantitative\/\" target=\"_blank\" rel=\"noopener\">Quantitatif<\/a>, <a href=\"https:\/\/www.sisinternational.com\/fr\/quest-ce-que-la-recherche-qualitative\/\" target=\"_blank\" rel=\"noopener\">Qualitatif<\/a>, et <a href=\"https:\/\/www.sisinternational.com\/fr\/solutions\/conseil-en-strategie\/comment-la-recherche-strategique-peut-booster-vos-performances\/\" target=\"_blank\" rel=\"noopener\">Recherche strat\u00e9gique<\/a>. Les entreprises devraient effectuer ces contr\u00f4les avant d\u2019entrer sur un march\u00e9. Faire une \u00e9tude de march\u00e9 sur le Kenya est particuli\u00e8rement crucial. Il aide les nouvelles entreprises \u00e0 d\u00e9terminer la meilleure strat\u00e9gie d\u2019entr\u00e9e sur le march\u00e9.<\/p>\n\n\n\n<p>Une \u00e9tude de march\u00e9 peut impliquer une visite sur le march\u00e9. De telles visites contribuent \u00e0 l\u2019engagement de partenaires locaux potentiels. Ils aident \u00e0 \u00e9tablir des relations et \u00e0 trouver des opportunit\u00e9s de march\u00e9. Les \u00e9tudes de march\u00e9 peuvent \u00e9galement impliquer des groupes de discussion, des entretiens et des enqu\u00eates.<\/p>\n\n\n\n<p><\/p>","protected":false},"excerpt":{"rendered":"<p>Au cours de la derni\u00e8re d\u00e9cennie, le Kenya a connu une forte croissance \u00e9conomique. Le secteur agricole fait la fiert\u00e9 du march\u00e9 kenyan.<\/p>","protected":false},"author":1,"featured_media":65205,"parent":14281,"menu_order":23,"comment_status":"closed","ping_status":"closed","template":"","meta":{"footnotes":""},"class_list":["post-37837","page","type-page","status-publish","has-post-thumbnail"],"_links":{"self":[{"href":"https:\/\/www.sisinternational.com\/fr\/wp-json\/wp\/v2\/pages\/37837","targetHints":{"allow":["GET"]}}],"collection":[{"href":"https:\/\/www.sisinternational.com\/fr\/wp-json\/wp\/v2\/pages"}],"about":[{"href":"https:\/\/www.sisinternational.com\/fr\/wp-json\/wp\/v2\/types\/page"}],"author":[{"embeddable":true,"href":"https:\/\/www.sisinternational.com\/fr\/wp-json\/wp\/v2\/users\/1"}],"replies":[{"embeddable":true,"href":"https:\/\/www.sisinternational.com\/fr\/wp-json\/wp\/v2\/comments?post=37837"}],"version-history":[{"count":5,"href":"https:\/\/www.sisinternational.com\/fr\/wp-json\/wp\/v2\/pages\/37837\/revisions"}],"predecessor-version":[{"id":77272,"href":"https:\/\/www.sisinternational.com\/fr\/wp-json\/wp\/v2\/pages\/37837\/revisions\/77272"}],"up":[{"embeddable":true,"href":"https:\/\/www.sisinternational.com\/fr\/wp-json\/wp\/v2\/pages\/14281"}],"wp:featuredmedia":[{"embeddable":true,"href":"https:\/\/www.sisinternational.com\/fr\/wp-json\/wp\/v2\/media\/65205"}],"wp:attachment":[{"href":"https:\/\/www.sisinternational.com\/fr\/wp-json\/wp\/v2\/media?parent=37837"}],"curies":[{"name":"wp","href":"https:\/\/api.w.org\/{rel}","templated":true}]}}