{"id":37835,"date":"2021-06-15T06:23:17","date_gmt":"2021-06-15T06:23:17","guid":{"rendered":"https:\/\/www.sisinternational.com\/?page_id=37835"},"modified":"2025-09-14T16:14:45","modified_gmt":"2025-09-14T20:14:45","slug":"etude-de-marche-en-guinee-bissau-afrique","status":"publish","type":"page","link":"https:\/\/www.sisinternational.com\/fr\/couverture\/etude-de-marche-en-afrique\/etude-de-marche-en-guinee-bissau-afrique\/","title":{"rendered":"\u00c9tude de march\u00e9 en Guin\u00e9e-Bissau, Afrique"},"content":{"rendered":"<h1 class=\"wp-block-heading\">Etude de march\u00e9 en Guin\u00e9e-Bissau<\/h1>\n\n\n\n<figure class=\"gb-block-image gb-block-image-74da283f\"><img loading=\"lazy\" decoding=\"async\" width=\"1456\" height=\"816\" class=\"gb-image gb-image-74da283f\" src=\"https:\/\/www.sisinternational.com\/wp-content\/uploads\/2025\/08\/Guinea-Bissau-2.jpg\" alt=\"\u00c9tudes de march\u00e9 et strat\u00e9gie internationales SIS\" title=\"Guinea-Bissau (2)\" srcset=\"https:\/\/www.sisinternational.com\/wp-content\/uploads\/2025\/08\/Guinea-Bissau-2.jpg 1456w, https:\/\/www.sisinternational.com\/wp-content\/uploads\/2025\/08\/Guinea-Bissau-2-300x168.jpg 300w, https:\/\/www.sisinternational.com\/wp-content\/uploads\/2025\/08\/Guinea-Bissau-2-1024x574.jpg 1024w, https:\/\/www.sisinternational.com\/wp-content\/uploads\/2025\/08\/Guinea-Bissau-2-768x430.jpg 768w, https:\/\/www.sisinternational.com\/wp-content\/uploads\/2025\/08\/Guinea-Bissau-2-18x10.jpg 18w\" sizes=\"auto, (max-width: 1456px) 100vw, 1456px\"><\/figure>\n\n\n\n<p><\/p>\n\n\n\n<p><a href=\"https:\/\/oec.world\/en\/profile\/country\/gnb\" target=\"_blank\" rel=\"noopener\">La Guin\u00e9e-Bissau est un pays de basse altitude en Afrique de l&#039;Ouest<\/a>. C&#039;est l&#039;une des plus petites nations africaines, mais elle abrite de nombreux animaux et animaux sauvages. Sa composition g\u00e9ographique est constitu\u00e9e de zones humides, de for\u00eats tropicales et de savanes.<\/p>\n\n\n\n<p>La Guin\u00e9e-Bissau partage des fronti\u00e8res avec le S\u00e9n\u00e9gal, la Guin\u00e9e et l&#039;oc\u00e9an Atlantique. Le S\u00e9n\u00e9gal est au nord et la Guin\u00e9e au sud-est. L&#039;oc\u00e9an Atlantique est \u00e0 l&#039;ouest.<\/p>\n\n\n\n<h2 class=\"wp-block-heading\">Industries cl\u00e9s en Guin\u00e9e-Bissau<\/h2>\n\n\n\n<p>La Guin\u00e9e-Bissau est bas\u00e9e sur l&#039;agriculture. L&#039;agriculture repr\u00e9sente plus de la moiti\u00e9 du produit int\u00e9rieur brut du pays. C&#039;est une source de revenus pour plus des trois quarts de la population. La noix de cajou est la principale culture utilis\u00e9e pour l&#039;exportation commerciale, et la terre, les arachides et l&#039;huile de palme sont d&#039;autres produits essentiels. Il en va de m\u00eame pour le caoutchouc, le coprah et le bois dur. L&#039;industrie manufacturi\u00e8re contribue pour une part importante au produit int\u00e9rieur brut du pays.<\/p>\n\n\n\n<p>La p\u00eache est une autre industrie importante. La plupart des exportations de la Guin\u00e9e-Bissau sont destin\u00e9es aux pays asiatiques, ce qui contribue aux devises.<\/p>\n\n\n\n<p>La Guin\u00e9e-Bissau poss\u00e8de un potentiel de d\u00e9veloppement forestier puisque les for\u00eats couvrent environ les trois cinqui\u00e8mes de la superficie du pays. Les habitants utilisent une grande partie de ce bois comme combustible local. Le pays exporte \u00e9galement de petites quantit\u00e9s de bois sci\u00e9.<\/p>\n\n\n\n<h2 class=\"wp-block-heading\">Quartiers en Guin\u00e9e-Bissau<\/h2>\n\n\n\n<p>La capitale de la Guin\u00e9e-Bissau est Bissau. Bissau, qui signifie \u00ab courageux comme le jaguar \u00bb, se trouve \u00e0 l\u2019extr\u00eame ouest de la rivi\u00e8re Geba. Elle borde l&#039;oc\u00e9an Atlantique.<\/p>\n\n\n\n<p>Bissau, la ville la plus peupl\u00e9e du pays, poss\u00e8de l&#039;a\u00e9roport international Osvaldo Vieira et le nouveau stade de Bissau. La ville abrite le principal port, Port Pidjiguiti. Un monument en forme de poing noir g\u00e9ant se dresse sur la jet\u00e9e. Le poing comm\u00e9more un massacre survenu en 1959.<\/p>\n\n\n\n<p>Bissau poss\u00e8de de nombreuses attractions. Il s&#039;agit notamment du march\u00e9 primaire, Mercado de Bandim, et du Mus\u00e9e ethnographique national. Des restaurants raffin\u00e9s et des plages accueillantes embellissent la ville. Le palais pr\u00e9sidentiel est un miroir de la guerre civile. Les visiteurs sont invit\u00e9s \u00e0 se promener dans le parc.<\/p>\n\n\n\n<p>Bafat\u00e1 est une autre ville situ\u00e9e au centre de la Guin\u00e9e-Bissau. Cette ville est le si\u00e8ge du dioc\u00e8se catholique romain de Bafat\u00e1. Une piste d&#039;atterrissage, l&#039;a\u00e9roport de Bafat\u00e1, dessert la ville. Bafat\u00e1 est c\u00e9l\u00e8bre pour son industrie de fabrication de briques et son centre commercial.<\/p>\n\n\n\n<h2 class=\"wp-block-heading\">Les tendances<\/h2>\n\n\n\n<p>Le taux de ch\u00f4mage en Guin\u00e9e-Bissau continue d&#039;augmenter. On constate \u00e9galement une augmentation des cas de COVID-19. En cons\u00e9quence, le gouvernement tente d\u2019administrer des vaccins. Les choses s\u2019am\u00e9liorent, puisque les Centres africains de contr\u00f4le des maladies ont confirm\u00e9 que des essais de traitement \u00e9taient en cours.<\/p>\n\n\n\n<p>La Guin\u00e9e-Bissau poss\u00e8de une industrie agroalimentaire en croissance rapide. Premi\u00e8rement, les investisseurs ont cr\u00e9\u00e9 une usine de transformation de riz et d\u2019arachide. Ensuite, d\u2019autres investisseurs ont \u00e9galement cr\u00e9\u00e9 une raffinerie de sucre, qui contribue \u00e0 une production alimentaire efficace. Cela contribue \u00e9galement \u00e0 maintenir l\u2019\u00e9conomie du pays \u00e0 flot.<\/p>\n\n\n\n<h2 class=\"wp-block-heading\">Avantages et atouts sur le march\u00e9<\/h2>\n\n\n\n<figure class=\"gb-block-image gb-block-image-630a5743\"><img loading=\"lazy\" decoding=\"async\" width=\"1024\" height=\"574\" class=\"gb-image gb-image-630a5743\" src=\"https:\/\/www.sisinternational.com\/wp-content\/uploads\/2025\/08\/Guinea-Bissau-3-1024x574.jpg\" srcset=\"https:\/\/www.sisinternational.com\/wp-content\/uploads\/2025\/08\/Guinea-Bissau-3-1024x574.jpg 1024w, https:\/\/www.sisinternational.com\/wp-content\/uploads\/2025\/08\/Guinea-Bissau-3-300x168.jpg 300w, https:\/\/www.sisinternational.com\/wp-content\/uploads\/2025\/08\/Guinea-Bissau-3-768x430.jpg 768w, https:\/\/www.sisinternational.com\/wp-content\/uploads\/2025\/08\/Guinea-Bissau-3-18x10.jpg 18w, https:\/\/www.sisinternational.com\/wp-content\/uploads\/2025\/08\/Guinea-Bissau-3.jpg 1456w\" sizes=\"auto, (max-width: 1024px) 100vw, 1024px\" alt=\"\u00c9tudes de march\u00e9 et strat\u00e9gie internationales SIS\"><\/figure>\n\n\n\n<p><\/p>\n\n\n\n<p>La Guin\u00e9e-Bissau poss\u00e8de un excellent potentiel agricole puisque le pays dispose de sols fertiles et de fortes pr\u00e9cipitations. La culture de rente exotique, la noix de cajou, continue de dominer. Cette approche est de plus en plus accept\u00e9e dans l&#039;\u00e9conomie bissau-guin\u00e9enne.<\/p>\n\n\n\n<h2 class=\"wp-block-heading\">Base de consommateurs en Guin\u00e9e-Bissau<\/h2>\n\n\n\n<p>La Guin\u00e9e-Bissau est l&#039;un des pays les plus pauvres et les plus fragiles au monde. C&#039;est une \u00e9conomie agraire et de nombreux habitants travaillent dans ce secteur. L&#039;industrie de la p\u00eache est \u00e9galement vitale pour l&#039;\u00e9conomie nationale. Pourtant, les choses s\u2019am\u00e9liorent. L\u2019\u00e9conomie est en croissance gr\u00e2ce \u00e0 l\u2019augmentation de la production de noix de cajou, ce qui signifie un revenu disponible plus \u00e9lev\u00e9 pour chacun.<\/p>\n\n\n\n<h2 class=\"wp-block-heading\">Raisons de d\u00e9velopper votre entreprise gr\u00e2ce \u00e0 des \u00e9tudes de march\u00e9 en Guin\u00e9e-Bissau<\/h2>\n\n\n\n<p>La noix de cajou \u00e9tant la principale culture de rente, des pr\u00e9occupations existent quant \u00e0 la biodiversit\u00e9. Les \u00e9conomistes ont \u00e9galement remis en question la durabilit\u00e9 et la s\u00e9curit\u00e9 alimentaire du pays. Il existe donc un potentiel pour la culture d\u2019autres cultures vivri\u00e8res.<\/p>\n\n\n\n<p>La production min\u00e9rale est une autre industrie en croissance en Guin\u00e9e-Bissau. L&#039;exploitation du sable et du gravier est \u00e0 petite \u00e9chelle. Mais le pays souhaite d\u00e9velopper l\u2019industrie mini\u00e8re gr\u00e2ce aux investissements \u00e9trangers. R\u00e9cemment, des gisements de bauxite ont \u00e9t\u00e9 d\u00e9couverts. La soci\u00e9t\u00e9 Bauxite Angola s&#039;est engag\u00e9e \u00e0 investir des centaines de millions de dollars dans l&#039;exploration. D&#039;autres investisseurs sont les bienvenus dans l&#039;industrie.<\/p>\n\n\n\n<h2 class=\"wp-block-heading\">\u00c0 propos des \u00e9tudes de march\u00e9 en Guin\u00e9e-Bissau<\/h2>\n\n\n\n<p>Les investisseurs doivent comprendre le march\u00e9 de la Guin\u00e9e-Bissau. Une force est que le pays est riche en ressources. En revanche, le point faible r\u00e9side dans le fait que l&#039;\u00e9conomie du pays reste vuln\u00e9rable. Une grande partie de cette vuln\u00e9rabilit\u00e9 est due \u00e0 l\u2019instabilit\u00e9 politique. Ainsi, les groupes de discussion jouent un r\u00f4le crucial dans la r\u00e9alisation d\u2019enqu\u00eates sur le pays afin de comprendre le march\u00e9. Ils peuvent \u00e9galement r\u00e9aliser des entretiens. <a href=\"https:\/\/www.sisinternational.com\/fr\/quest-ce-que-la-recherche-qualitative\/\" target=\"_blank\" rel=\"noopener\">Qualitatif<\/a> et <a href=\"https:\/\/www.sisinternational.com\/fr\/quest-ce-que-la-recherche-quantitative\/\" target=\"_blank\" rel=\"noopener\">Quantitatif<\/a> La recherche prot\u00e8ge davantage les investisseurs. <a href=\"https:\/\/www.sisinternational.com\/fr\/solutions\/conseil-en-strategie\/comment-la-recherche-strategique-peut-booster-vos-performances\/\" target=\"_blank\" rel=\"noopener\">Recherche strat\u00e9gique<\/a> permet \u00e0 l&#039;investisseur de conna\u00eetre l&#039;\u00e9conomie du pays. Ce type de recherche est d\u2019une aide pr\u00e9cieuse dans la planification d\u2019entreprise.<\/p>\n\n\n\n<p><\/p>","protected":false},"excerpt":{"rendered":"<p>La Guin\u00e9e-Bissau poss\u00e8de un excellent potentiel agricole. Le pays poss\u00e8de un sol fertile, des pr\u00e9cipitations \u00e9lev\u00e9es et une industrie agroalimentaire en croissance rapide.<\/p>","protected":false},"author":1,"featured_media":65202,"parent":14281,"menu_order":22,"comment_status":"closed","ping_status":"closed","template":"","meta":{"footnotes":""},"class_list":["post-37835","page","type-page","status-publish","has-post-thumbnail"],"_links":{"self":[{"href":"https:\/\/www.sisinternational.com\/fr\/wp-json\/wp\/v2\/pages\/37835","targetHints":{"allow":["GET"]}}],"collection":[{"href":"https:\/\/www.sisinternational.com\/fr\/wp-json\/wp\/v2\/pages"}],"about":[{"href":"https:\/\/www.sisinternational.com\/fr\/wp-json\/wp\/v2\/types\/page"}],"author":[{"embeddable":true,"href":"https:\/\/www.sisinternational.com\/fr\/wp-json\/wp\/v2\/users\/1"}],"replies":[{"embeddable":true,"href":"https:\/\/www.sisinternational.com\/fr\/wp-json\/wp\/v2\/comments?post=37835"}],"version-history":[{"count":2,"href":"https:\/\/www.sisinternational.com\/fr\/wp-json\/wp\/v2\/pages\/37835\/revisions"}],"predecessor-version":[{"id":68518,"href":"https:\/\/www.sisinternational.com\/fr\/wp-json\/wp\/v2\/pages\/37835\/revisions\/68518"}],"up":[{"embeddable":true,"href":"https:\/\/www.sisinternational.com\/fr\/wp-json\/wp\/v2\/pages\/14281"}],"wp:featuredmedia":[{"embeddable":true,"href":"https:\/\/www.sisinternational.com\/fr\/wp-json\/wp\/v2\/media\/65202"}],"wp:attachment":[{"href":"https:\/\/www.sisinternational.com\/fr\/wp-json\/wp\/v2\/media?parent=37835"}],"curies":[{"name":"wp","href":"https:\/\/api.w.org\/{rel}","templated":true}]}}