{"id":37833,"date":"2021-06-15T06:17:32","date_gmt":"2021-06-15T06:17:32","guid":{"rendered":"https:\/\/www.sisinternational.com\/?page_id=37833"},"modified":"2025-09-14T16:16:20","modified_gmt":"2025-09-14T20:16:20","slug":"etude-de-marche-au-ghana-en-afrique","status":"publish","type":"page","link":"https:\/\/www.sisinternational.com\/fr\/couverture\/etude-de-marche-en-afrique\/etude-de-marche-au-ghana-en-afrique\/","title":{"rendered":"\u00c9tude de march\u00e9 au Ghana, en Afrique"},"content":{"rendered":"<h1 class=\"wp-block-heading\">\u00c9tude de march\u00e9 au Ghana, en Afrique<\/h1>\n\n\n\n<figure class=\"gb-block-image gb-block-image-c483eb15\"><img loading=\"lazy\" decoding=\"async\" width=\"1456\" height=\"816\" class=\"gb-image gb-image-c483eb15\" src=\"https:\/\/www.sisinternational.com\/wp-content\/uploads\/2025\/08\/Ghana-4.jpg\" alt=\"\u00c9tudes de march\u00e9 et strat\u00e9gie internationales SIS\" title=\"Ghana, (4)\" srcset=\"https:\/\/www.sisinternational.com\/wp-content\/uploads\/2025\/08\/Ghana-4.jpg 1456w, https:\/\/www.sisinternational.com\/wp-content\/uploads\/2025\/08\/Ghana-4-300x168.jpg 300w, https:\/\/www.sisinternational.com\/wp-content\/uploads\/2025\/08\/Ghana-4-1024x574.jpg 1024w, https:\/\/www.sisinternational.com\/wp-content\/uploads\/2025\/08\/Ghana-4-768x430.jpg 768w, https:\/\/www.sisinternational.com\/wp-content\/uploads\/2025\/08\/Ghana-4-18x10.jpg 18w\" sizes=\"auto, (max-width: 1456px) 100vw, 1456px\"><\/figure>\n\n\n\n<p><\/p>\n\n\n\n<p><a href=\"https:\/\/oec.world\/en\/profile\/country\/gha\" target=\"_blank\" rel=\"noopener\">Situ\u00e9 sur la c\u00f4te du golfe de Guin\u00e9e en Afrique occidentale<\/a>, le Ghana partage des fronti\u00e8res au nord et au nord-ouest avec le Burkina Faso. Le Togo est \u00e0 l&#039;est, la C\u00f4te d&#039;Ivoire \u00e0 l&#039;ouest et l&#039;oc\u00e9an Atlantique au sud. Le climat est tropical. Bien que multilingue, la langue officielle du Ghana est l&#039;anglais.<\/p>\n\n\n\n<p>Le Ghana se distingue comme \u00e9tant l\u2019un des pays leaders en Afrique.<\/p>\n\n\n\n<p>Bien que la population du Ghana puisse appartenir \u00e0 un grand groupe avec la famille africaine, il existe de nombreux sous-groupes. La majorit\u00e9 de la population est chr\u00e9tienne et un cinqui\u00e8me est musulman. De plus, un petit segment adh\u00e8re aux religions autochtones traditionnelles.<\/p>\n\n\n\n<h2 class=\"wp-block-heading\">Industries cl\u00e9s au Ghana<\/h2>\n\n\n\n<p>L&#039;agriculture, la foresterie et la p\u00eache sont des industries vitales au Ghana. Ces industries emploient une grande partie de la population. La culture du cacao pour les f\u00e8ves de cacao repr\u00e9sente plus de la moiti\u00e9 des terres arables du Ghana. En outre, il s&#039;agit d&#039;une source importante de revenus d&#039;exportation du pays, et le Ghana figure parmi les principaux producteurs mondiaux de cacao. Le bois est \u00e9galement un produit d&#039;exportation important. De plus, les exportations du Ghana comprennent le sucre, le caf\u00e9, l&#039;huile de palme, le coprah et divers fruits et l\u00e9gumes.<\/p>\n\n\n\n<p>Il existe une industrie du verre petite mais essentielle. Outre le verre, le pays produit du ciment et de l&#039;aluminium.<\/p>\n\n\n\n<p>Le march\u00e9 automobile ghan\u00e9en a acquis une valeur consid\u00e9rable en 2020. Selon les projections, il augmentera encore d&#039;ici 2026.<\/p>\n\n\n\n<h2 class=\"wp-block-heading\">Quartiers<\/h2>\n\n\n\n<p>Accra, situ\u00e9e sur la c\u00f4te, est la capitale du Ghana et le centre commercial et \u00e9ducatif du pays. Premi\u00e8rement, la ville est divis\u00e9e en cinq r\u00e9gions g\u00e9ographiques : Nord, Ouest, Est, Centre et Sud. Ensuite, elle compte onze zones sous-m\u00e9tropolitaines, chacune avec un trait unique. Par exemple, Central abrite les minist\u00e8res et la partie la plus anim\u00e9e d\u2019Accra.<\/p>\n\n\n\n<p>Kumasi, la ville-jardin de l\u2019Afrique de l\u2019Ouest, est un centre commercial important du centre-sud. Cette ville, qui est la capitale de l&#039;empire historique Ashanti, se trouve dans une r\u00e9gion de for\u00eat tropicale.<\/p>\n\n\n\n<p>La zone c\u00f4ti\u00e8re est de loin la plus petite des r\u00e9gions. C&#039;est l\u00e0 que l&#039;on trouve des p\u00eacheurs et des petits agriculteurs. La zone c\u00f4ti\u00e8re compte plus de centres urbains que toute autre r\u00e9gion du Ghana.<\/p>\n\n\n\n<h2 class=\"wp-block-heading\">Les tendances<\/h2>\n\n\n\n<p>La pand\u00e9mie de COVID-19 a affect\u00e9 le Ghana avec des protocoles tels que la distanciation sociale en vigueur. En outre, le Ghana a subi un coup dur en raison de la fermeture des centres touristiques et h\u00f4teliers. Le virus a submerg\u00e9 le syst\u00e8me de sant\u00e9 du Ghana.<\/p>\n\n\n\n<p>Le Ghana peut transformer ces d\u00e9fis en perspectives et opportunit\u00e9s. Le gouvernement investit dans le renforcement du secteur de la sant\u00e9. Il cr\u00e9e \u00e9galement un soutien aux PME. Ces industries fournissent de nombreux emplois \u00e0 de nombreux Ghan\u00e9ens.<\/p>\n\n\n\n<h2 class=\"wp-block-heading\">Avantages et atouts du march\u00e9<\/h2>\n\n\n\n<p>Le march\u00e9 ghan\u00e9en est riche en ressources naturelles comme l&#039;or, le diamant, le p\u00e9trole et la bauxite. Il existe \u00e9galement des industries en d\u00e9veloppement comme le cin\u00e9ma.<\/p>\n\n\n\n<p>Le Ghana veut rester l\u2019un des principaux pays d\u2019Afrique de l\u2019Ouest. Le gouvernement aide \u00e0 d\u00e9velopper ses petites et ses plus importantes industries. Son soutien s\u2019est encore accru depuis le d\u00e9but de la pand\u00e9mie. Un exemple est l\u2019adoption du projet de loi sur le d\u00e9veloppement et la classification du cin\u00e9ma pour faire progresser l\u2019industrie cin\u00e9matographique naissante.<\/p>\n\n\n\n<h2 class=\"wp-block-heading\">Base de consommateurs<\/h2>\n\n\n\n<p>Le Ghana dispose d\u2019un excellent syst\u00e8me \u00e9ducatif, l\u2019un des meilleurs d\u2019Afrique de l\u2019Ouest.<\/p>\n\n\n\n<p>Le pays conna\u00eet \u00e9galement un taux de croissance \u00e9lev\u00e9. Environ les deux tiers des Ghan\u00e9ens ont moins de 30 ans. Une population jeune implique que le taux de croissance \u00e9lev\u00e9 du pays se poursuivra pendant un certain temps. Bien que faible par rapport aux normes mondiales, l\u2019esp\u00e9rance de vie s\u2019est am\u00e9lior\u00e9e depuis 1960. Elle figure parmi les plus \u00e9lev\u00e9es d\u2019Afrique de l\u2019Ouest.<\/p>\n\n\n\n<h2 class=\"wp-block-heading\">Raisons de d\u00e9velopper votre entreprise gr\u00e2ce \u00e0 des \u00e9tudes de march\u00e9 au Ghana<\/h2>\n\n\n\n<p>Le gouvernement investit dans son industrie, ses infrastructures et sa s\u00e9curit\u00e9 alimentaire, qui sont des \u00e9l\u00e9ments essentiels \u00e0 la reprise \u00e9conomique dans le cadre de sa vision Ghana Beyond Aid. Ce soutien contribue \u00e0 dynamiser les entreprises locales. Il se concentre \u00e9galement sur la production et la consommation locales. Investir \u00e0 Ghollywood, l&#039;industrie cin\u00e9matographique ghan\u00e9enne, pourrait s&#039;av\u00e9rer fructueux.<\/p>\n\n\n\n<p>Il existe \u00e9galement une industrie \u00e9mergente dans la production et la vente d&#039;automobiles, qui re\u00e7oit une aide du gouvernement. C\u2019est l\u2019un des pays qui conna\u00eet la croissance la plus rapide au monde. D\u2019ici fin 2021, le Ghana pr\u00e9voit qu\u2019il repr\u00e9sentera une part importante du PIB.<\/p>\n\n\n\n<h2 class=\"wp-block-heading\">\u00c0 propos des \u00e9tudes de march\u00e9 au Ghana<\/h2>\n\n\n\n<p><a href=\"https:\/\/www.sisinternational.com\/fr\/quest-ce-que-la-recherche-qualitative\/\" target=\"_blank\" rel=\"noopener\">Qualitatif<\/a> et <a href=\"https:\/\/www.sisinternational.com\/fr\/quest-ce-que-la-recherche-quantitative\/\" target=\"_blank\" rel=\"noopener\">Quantitatif<\/a> La recherche fournirait les informations n\u00e9cessaires sur le Ghana. De telles recherches sont essentielles compte tenu de la fraude et de la corruption ant\u00e9rieures au sein du gouvernement.<\/p>\n\n\n\n<p>D\u00e9taill\u00e9 <a href=\"https:\/\/www.sisinternational.com\/fr\/solutions\/conseil-en-strategie\/comment-la-recherche-strategique-peut-booster-vos-performances\/\" target=\"_blank\" rel=\"noopener\">Recherche strat\u00e9gique<\/a> serait \u00e9galement utile si vous cherchez \u00e0 exploiter les ressources naturelles. Les groupes de discussion, les enqu\u00eates et les entretiens fournissent des informations essentielles sur les domaines dans lesquels exploiter le march\u00e9.<\/p>\n\n\n\n<p><\/p>","protected":false},"excerpt":{"rendered":"<p>Le Ghana se distingue comme \u00e9tant l\u2019un des pays leaders en Afrique. L&#039;agriculture, la foresterie et la p\u00eache sont des industries vitales.<\/p>","protected":false},"author":1,"featured_media":65200,"parent":14281,"menu_order":21,"comment_status":"closed","ping_status":"closed","template":"","meta":{"footnotes":""},"class_list":["post-37833","page","type-page","status-publish","has-post-thumbnail"],"_links":{"self":[{"href":"https:\/\/www.sisinternational.com\/fr\/wp-json\/wp\/v2\/pages\/37833","targetHints":{"allow":["GET"]}}],"collection":[{"href":"https:\/\/www.sisinternational.com\/fr\/wp-json\/wp\/v2\/pages"}],"about":[{"href":"https:\/\/www.sisinternational.com\/fr\/wp-json\/wp\/v2\/types\/page"}],"author":[{"embeddable":true,"href":"https:\/\/www.sisinternational.com\/fr\/wp-json\/wp\/v2\/users\/1"}],"replies":[{"embeddable":true,"href":"https:\/\/www.sisinternational.com\/fr\/wp-json\/wp\/v2\/comments?post=37833"}],"version-history":[{"count":2,"href":"https:\/\/www.sisinternational.com\/fr\/wp-json\/wp\/v2\/pages\/37833\/revisions"}],"predecessor-version":[{"id":68519,"href":"https:\/\/www.sisinternational.com\/fr\/wp-json\/wp\/v2\/pages\/37833\/revisions\/68519"}],"up":[{"embeddable":true,"href":"https:\/\/www.sisinternational.com\/fr\/wp-json\/wp\/v2\/pages\/14281"}],"wp:featuredmedia":[{"embeddable":true,"href":"https:\/\/www.sisinternational.com\/fr\/wp-json\/wp\/v2\/media\/65200"}],"wp:attachment":[{"href":"https:\/\/www.sisinternational.com\/fr\/wp-json\/wp\/v2\/media?parent=37833"}],"curies":[{"name":"wp","href":"https:\/\/api.w.org\/{rel}","templated":true}]}}