{"id":37831,"date":"2021-06-15T06:04:58","date_gmt":"2021-06-15T06:04:58","guid":{"rendered":"https:\/\/www.sisinternational.com\/?page_id=37831"},"modified":"2025-09-14T16:20:22","modified_gmt":"2025-09-14T20:20:22","slug":"etude-de-marche-au-gabon-et-en-afrique","status":"publish","type":"page","link":"https:\/\/www.sisinternational.com\/fr\/couverture\/etude-de-marche-en-afrique\/etude-de-marche-au-gabon-et-en-afrique\/","title":{"rendered":"Etude de march\u00e9 au Gabon, Afrique"},"content":{"rendered":"<h1 class=\"wp-block-heading\">Etude de march\u00e9 au Gabon<\/h1>\n\n\n\n<figure class=\"gb-block-image gb-block-image-820d3f6c\"><img loading=\"lazy\" decoding=\"async\" width=\"1456\" height=\"816\" class=\"gb-image gb-image-820d3f6c\" src=\"https:\/\/www.sisinternational.com\/wp-content\/uploads\/2025\/08\/Gabon-2.jpg\" alt=\"\u00c9tudes de march\u00e9 et strat\u00e9gie internationales SIS\" title=\"Gabon (2)\" srcset=\"https:\/\/www.sisinternational.com\/wp-content\/uploads\/2025\/08\/Gabon-2.jpg 1456w, https:\/\/www.sisinternational.com\/wp-content\/uploads\/2025\/08\/Gabon-2-300x168.jpg 300w, https:\/\/www.sisinternational.com\/wp-content\/uploads\/2025\/08\/Gabon-2-1024x574.jpg 1024w, https:\/\/www.sisinternational.com\/wp-content\/uploads\/2025\/08\/Gabon-2-768x430.jpg 768w, https:\/\/www.sisinternational.com\/wp-content\/uploads\/2025\/08\/Gabon-2-18x10.jpg 18w\" sizes=\"auto, (max-width: 1456px) 100vw, 1456px\"><\/figure>\n\n\n\n<p><\/p>\n\n\n\n<h2 class=\"wp-block-heading\">Industries cl\u00e9s<\/h2>\n\n\n\n<p>Le Gabon est un pays \u00e0 revenu interm\u00e9diaire sup\u00e9rieur, o\u00f9 le p\u00e9trole contribue \u00e0 son produit int\u00e9rieur brut et \u00e0 ses devises, et l&#039;exploitation mini\u00e8re est \u00e9galement une industrie essentielle. Le Gabon est le cinqui\u00e8me producteur de p\u00e9trole d\u2019Afrique et le quatri\u00e8me producteur de mangan\u00e8se de la r\u00e9gion. La foresterie contribue \u00e9galement aux recettes d&#039;exportation du Gabon. Il en va de m\u00eame pour le caoutchouc, le tourisme, l\u2019agriculture et la p\u00eache.<\/p>\n\n\n\n<h2 class=\"wp-block-heading\">Quartiers<\/h2>\n\n\n\n<p><a href=\"https:\/\/oec.world\/en\/profile\/country\/gab\" target=\"_blank\" rel=\"noopener\">Le Gabon est un pays d&#039;Afrique centrale<\/a> situ\u00e9 sur la c\u00f4te atlantique. Il partage des fronti\u00e8res avec le Cameroun, la Guin\u00e9e \u00e9quatoriale et la R\u00e9publique du Congo.<\/p>\n\n\n\n<p>Le Cameroun se situe au nord du Gabon. La Guin\u00e9e \u00e9quatoriale se trouve au nord-ouest et la R\u00e9publique du Congo au sud-est.<\/p>\n\n\n\n<p>Libreville est la capitale du Gabon. C&#039;est aussi le d\u00e9veloppement urbain le plus peupl\u00e9. Libreville se situe pr\u00e8s du golfe de Guin\u00e9e, sur les rives de la rivi\u00e8re Komo. Libreville accueille le Palais L\u00e9on M&#039;ba, lieu de r\u00e9union du Parlement du pays. La ville abrite \u00e9galement l&#039;a\u00e9roport international de Libreville. Le port de Libreville poss\u00e8de une industrie de construction navale florissante. Ce port maritime est destin\u00e9 \u00e0 l&#039;exportation du cacao, du bois et du caoutchouc.<\/p>\n\n\n\n<p>Port-Gentil est la deuxi\u00e8me ville du Gabon, qui s&#039;\u00e9tend le long de la plage. Il poss\u00e8de d\u2019\u00e9normes plates-formes p\u00e9troli\u00e8res et gazi\u00e8res.<\/p>\n\n\n\n<h2 class=\"wp-block-heading\">Tendances au Gabon<\/h2>\n\n\n\n<p>La richesse des ressources naturelles du Gabon cr\u00e9e une opportunit\u00e9 pour les entreprises.<\/p>\n\n\n\n<p>Le Gabon cultive des feuillus, dont certains sont tr\u00e8s demand\u00e9s dans le monde entier. Les exemples sont l&#039;okoum\u00e9, l&#039;acajou, l&#039;\u00e9b\u00e8ne et le Tigerwood. Dans le pass\u00e9, le manque d\u2019infrastructures de transport entravait l\u2019exploitation des produits forestiers. Cette situation a chang\u00e9 suite \u00e0 la construction de l&#039;autoroute Ndjole Bitam et au d\u00e9veloppement du chemin de fer Trans Gabon. Le gouvernement gabonais a \u00e9galement encourag\u00e9 le reboisement et l&#039;\u00e9claircissage s\u00e9lectif des arbres.<\/p>\n\n\n\n<h2 class=\"wp-block-heading\">Avantages et atouts sur le march\u00e9<\/h2>\n\n\n\n<p>Les cas de COVID-19 au Gabon ont fluctu\u00e9 et augment\u00e9, entra\u00eenant la fermeture des fronti\u00e8res terrestres, \u00e0 l&#039;exception de celles approuv\u00e9es par le gouvernement. De telles situations peuvent avoir un impact sur les ventes internationales de p\u00e9trole.<\/p>\n\n\n\n<p>Le gouvernement gabonais prend des mesures pour diversifier son \u00e9conomie. Bien que le tourisme au Gabon soit encore sous-d\u00e9velopp\u00e9, il existe de nombreuses attractions touristiques. Il s\u2019agit notamment des installations de p\u00eache int\u00e9rieures, des plages, des rivi\u00e8res et des montagnes. Les touristes aiment visiter le parc national des Crystal Mountains et les chutes de la rivi\u00e8re Ogoou\u00e9, et un syst\u00e8me de parcs nationaux est \u00e9galement en cours de d\u00e9veloppement, promouvant l&#039;\u00e9cotourisme.<\/p>\n\n\n\n<h2 class=\"wp-block-heading\">Raisons de d\u00e9velopper votre entreprise au Gabon<\/h2>\n\n\n\n<p>Actuellement, plus de cinquante entreprises explorent les for\u00eats du Gabon \u00e0 la recherche d&#039;opportunit\u00e9s dans l&#039;industrie du bois. Le gouvernement accorde \u00e9galement des concessions aux investisseurs potentiels.<\/p>\n\n\n\n<p>Le gouvernement envisage de diversifier l&#039;\u00e9conomie. Les mesures consistent notamment \u00e0 en faire un guichet unique pour les investisseurs et \u00e0 introduire un cadre de partenariat public-priv\u00e9 (PPP) et un tribunal d&#039;arbitrage national.<\/p>\n\n\n\n<p>Le Gabon propose d\u00e9sormais des lignes directrices pour les industries des hydrocarbures et des mines, les rendant plus transparentes et plus conviviales pour les investisseurs.<\/p>\n\n\n\n<h2 class=\"wp-block-heading\">\u00c0 propos des \u00e9tudes de march\u00e9 au Gabon<\/h2>\n\n\n\n<p>Poverty and the unemployment rate in Gabon are significant challenges. These problems are due to high levels of corruption. Thus, Focus Groups have a crucial role in safeguarding investors. That\u2019s why it\u2019s essential to conduct surveys on each country to understand the market. Qualitative and Quantitative Research also helps business owners. Investors can determine if an investment in Gabon\u2019s economy will be worthwhile.<\/p>\n\n\n\n<p>La recherche strat\u00e9gique permet \u00e9galement \u00e0 l&#039;investisseur de mener une \u00e9tude syst\u00e9matique de l&#039;\u00e9conomie du pays. Par exemple, un investisseur envisage d\u2019investir dans les combustibles fossiles. Cet investisseur devra \u00eatre conscient des ressources disponibles dans le pays. Il ou elle devra \u00e9galement conna\u00eetre leur emplacement. L&#039;investisseur doit \u00e9galement tenir compte de la concurrence qui existe dans le domaine particulier. L\u2019\u00e9quipement requis pour effectuer les tests est une autre d\u00e9cision strat\u00e9gique cruciale. Il en va de m\u00eame pour la connaissance des voies l\u00e9gales appropri\u00e9es.<\/p>\n\n\n\n<p>Vous envisagez d&#039;investir au Gabon ? Nous sommes heureux de fournir <a href=\"https:\/\/www.sisinternational.com\/fr\/quest-ce-que-la-recherche-quantitative\/\" target=\"_blank\" rel=\"noopener\">Quantitatif<\/a>, <a href=\"https:\/\/www.sisinternational.com\/fr\/quest-ce-que-la-recherche-qualitative\/\" target=\"_blank\" rel=\"noopener\">Qualitatif<\/a>, et <a href=\"https:\/\/www.sisinternational.com\/fr\/solutions\/conseil-en-strategie\/comment-la-recherche-strategique-peut-booster-vos-performances\/\" target=\"_blank\" rel=\"noopener\">Recherche strat\u00e9gique<\/a>. We can help you decide on your plan of action. Contact us now for a consultation.<\/p>","protected":false},"excerpt":{"rendered":"<p>Le Gabon prend des mesures pour diversifier son \u00e9conomie. il existe de nombreuses attractions touristiques avec des installations de p\u00eache, des plages, des rivi\u00e8res et des montagnes.<\/p>","protected":false},"author":1,"featured_media":65191,"parent":14281,"menu_order":20,"comment_status":"closed","ping_status":"closed","template":"","meta":{"footnotes":""},"class_list":["post-37831","page","type-page","status-publish","has-post-thumbnail"],"_links":{"self":[{"href":"https:\/\/www.sisinternational.com\/fr\/wp-json\/wp\/v2\/pages\/37831","targetHints":{"allow":["GET"]}}],"collection":[{"href":"https:\/\/www.sisinternational.com\/fr\/wp-json\/wp\/v2\/pages"}],"about":[{"href":"https:\/\/www.sisinternational.com\/fr\/wp-json\/wp\/v2\/types\/page"}],"author":[{"embeddable":true,"href":"https:\/\/www.sisinternational.com\/fr\/wp-json\/wp\/v2\/users\/1"}],"replies":[{"embeddable":true,"href":"https:\/\/www.sisinternational.com\/fr\/wp-json\/wp\/v2\/comments?post=37831"}],"version-history":[{"count":2,"href":"https:\/\/www.sisinternational.com\/fr\/wp-json\/wp\/v2\/pages\/37831\/revisions"}],"predecessor-version":[{"id":68520,"href":"https:\/\/www.sisinternational.com\/fr\/wp-json\/wp\/v2\/pages\/37831\/revisions\/68520"}],"up":[{"embeddable":true,"href":"https:\/\/www.sisinternational.com\/fr\/wp-json\/wp\/v2\/pages\/14281"}],"wp:featuredmedia":[{"embeddable":true,"href":"https:\/\/www.sisinternational.com\/fr\/wp-json\/wp\/v2\/media\/65191"}],"wp:attachment":[{"href":"https:\/\/www.sisinternational.com\/fr\/wp-json\/wp\/v2\/media?parent=37831"}],"curies":[{"name":"wp","href":"https:\/\/api.w.org\/{rel}","templated":true}]}}