{"id":37829,"date":"2021-06-15T06:00:03","date_gmt":"2021-06-15T06:00:03","guid":{"rendered":"https:\/\/www.sisinternational.com\/?page_id=37829"},"modified":"2026-01-27T15:24:05","modified_gmt":"2026-01-27T20:24:05","slug":"etude-de-marche-en-ethiopie-et-en-afrique","status":"publish","type":"page","link":"https:\/\/www.sisinternational.com\/fr\/couverture\/etude-de-marche-en-afrique\/etude-de-marche-en-ethiopie-et-en-afrique\/","title":{"rendered":"\u00c9tude de march\u00e9 en \u00c9thiopie, Afrique"},"content":{"rendered":"<h1 class=\"wp-block-heading\">\u00c9tude de march\u00e9 en \u00c9thiopie<\/h1>\n\n\n\n<figure class=\"gb-block-image gb-block-image-9b9ae45b\"><img loading=\"lazy\" decoding=\"async\" width=\"1456\" height=\"816\" class=\"gb-image gb-image-9b9ae45b\" src=\"https:\/\/www.sisinternational.com\/wp-content\/uploads\/2025\/08\/Ethiopia-2.jpg\" alt=\"\u00c9tudes de march\u00e9 et strat\u00e9gie internationales SIS\" title=\"Ethiopia (2)\" srcset=\"https:\/\/www.sisinternational.com\/wp-content\/uploads\/2025\/08\/Ethiopia-2.jpg 1456w, https:\/\/www.sisinternational.com\/wp-content\/uploads\/2025\/08\/Ethiopia-2-300x168.jpg 300w, https:\/\/www.sisinternational.com\/wp-content\/uploads\/2025\/08\/Ethiopia-2-1024x574.jpg 1024w, https:\/\/www.sisinternational.com\/wp-content\/uploads\/2025\/08\/Ethiopia-2-768x430.jpg 768w, https:\/\/www.sisinternational.com\/wp-content\/uploads\/2025\/08\/Ethiopia-2-18x10.jpg 18w\" sizes=\"auto, (max-width: 1456px) 100vw, 1456px\"><\/figure>\n\n\n\n<p><\/p>\n\n\n\n<h2 class=\"wp-block-heading\">Industries cl\u00e9s<\/h2>\n\n\n\n<p><a href=\"https:\/\/oec.world\/en\/profile\/country\/eth\" target=\"_blank\" rel=\"noopener\">L&#039;\u00c9thiopie a un march\u00e9 mixte avec un vaste secteur public<\/a>, therefore, it is&nbsp;moving toward a market economy and is privatizing several of its state-owned enterprises. Government-owned companies dominate the telecommunication, banking, and transportation sectors of the economy.<\/p>\n\n\n\n<p>L\u2019\u00c9thiopie produit la plus grande quantit\u00e9 de caf\u00e9 du continent africain. Le pays poss\u00e8de un grand nombre de bovins, ce qui le place au cinqui\u00e8me rang en termes d&#039;inventaire de bovins. Leurs autres produits export\u00e9s sont les produits en cuir, le khat, les graines ol\u00e9agineuses et l&#039;or. L\u2019\u00c9thiopie a r\u00e9cemment d\u00e9velopp\u00e9 son secteur de la floriculture et pourrait bient\u00f4t figurer au premier rang des exportateurs de plantes et de fleurs dans le monde.<\/p>\n\n\n\n<h2 class=\"wp-block-heading\">Quartiers<\/h2>\n\n\n\n<p>La plus grande et capitale de l\u2019\u00c9thiopie est Addis-Abeba et se trouve sur un plateau entour\u00e9 de montagnes. Addis-Abeba est au centre g\u00e9ographique du pays.<\/p>\n\n\n\n<p>Addis-Abeba est la capitale de l&#039;\u00c9thiopie depuis la fin du XIXe si\u00e8cle. Durant les premi\u00e8res ann\u00e9es, cela ressemblait plus \u00e0 un camp militaire qu\u2019\u00e0 une ville. Le palais de l&#039;empereur \u00e9tait au centre de l&#039;attention ; il n&#039;y avait qu&#039;une arm\u00e9e qui gardait le palais. Depuis, la population a augment\u00e9. La ville est magnifique avec la particularit\u00e9 unique des eucalyptus import\u00e9s d&#039;Australie qui pars\u00e8ment le paysage urbain.<\/p>\n\n\n\n<h2 class=\"wp-block-heading\">Tendances, base de consommateurs en \u00c9thiopie<\/h2>\n\n\n\n<p>Ces derni\u00e8res ann\u00e9es, le commerce bilat\u00e9ral entre l\u2019\u00c9thiopie et la Chine a augment\u00e9, faisant de l\u2019\u00c9thiopie l\u2019un des pays africains \u00e0 la croissance la plus rapide. Son commerce avec la Chine a connu une croissance rapide et soutenue. Il y a eu de nombreuses exportations de la Chine vers l\u2019\u00c9thiopie.<\/p>\n\n\n\n<p>Another trend is in the light industry, textiles, and apparel products, as a result, these products have a large share of <a href=\"https:\/\/www.sisinternational.com\/fr\/etude-de-marche-au-moyen-orient\/\" title=\"Etude de march\u00e9 au Moyen-Orient\" data-wpil-monitor-id=\"7337\">middle and low-end markets<\/a> in Ethiopia.<\/p>\n\n\n\n<p>Il y a eu une forte augmentation des achats de biens de consommation tels que les appareils \u00e9lectrom\u00e9nagers, les machines \u00e9lectroniques et les produits de haute technologie.<\/p>\n\n\n\n<h2 class=\"wp-block-heading\">sport<\/h2>\n\n\n\n<p>Les principaux sports \u00e9thiopiens sont le football et l&#039;athl\u00e9tisme (en particulier la course de fond).<\/p>\n\n\n\n<h2 class=\"wp-block-heading\">Cuisine en Ethiopie<\/h2>\n\n\n\n<p>Le plat \u00e9thiopien le plus connu est l&#039;injera et les \u00c9thiopiens servent ce gros pain plat au levain avec divers types de rago\u00fbts de viande \u00e9pais. Ils le mangent \u00e9galement avec des accompagnements de l\u00e9gumes. De nombreux \u00c9thiopiens ne s&#039;embarrassent pas d&#039;ustensiles, par exemple ils r\u00e9cup\u00e8rent leur nourriture avec de l&#039;injera. En Ethiopie, il est courant de manger en groupe. Il y aurait une assiette au centre de la table que tout le monde pourrait partager. Il est \u00e9galement courant de transf\u00e9rer de la nourriture aux autres membres du groupe de vos propres mains. Cette tradition est le \u00ab gursha \u00bb.<\/p>\n\n\n\n<h2 class=\"wp-block-heading\">Points forts du march\u00e9<\/h2>\n\n\n\n<ul class=\"wp-block-list\">\n<li>Des performances fantastiques en mati\u00e8re de croissance et de r\u00e9duction de la pauvret\u00e9<\/li>\n\n\n\n<li>Grand march\u00e9<\/li>\n\n\n\n<li>Investissement public dans le d\u00e9veloppement des infrastructures<\/li>\n\n\n\n<li>Plateforme a\u00e9ronautique<\/li>\n\n\n\n<li>Possibilit\u00e9s hydro\u00e9lectriques, mini\u00e8res (phosphate, hydrocarbures) et touristiques<\/li>\n<\/ul>\n\n\n\n<h2 class=\"wp-block-heading\">Raisons de d\u00e9velopper votre entreprise en \u00c9thiopie.<\/h2>\n\n\n\n<figure class=\"gb-block-image gb-block-image-bc18131f\"><img loading=\"lazy\" decoding=\"async\" width=\"1456\" height=\"816\" class=\"gb-image gb-image-bc18131f\" src=\"https:\/\/www.sisinternational.com\/wp-content\/uploads\/2025\/08\/Ethiopia-1.jpg\" alt=\"\u00c9tudes de march\u00e9 et strat\u00e9gie internationales SIS\" title=\"Ethiopia (1)\" srcset=\"https:\/\/www.sisinternational.com\/wp-content\/uploads\/2025\/08\/Ethiopia-1.jpg 1456w, https:\/\/www.sisinternational.com\/wp-content\/uploads\/2025\/08\/Ethiopia-1-300x168.jpg 300w, https:\/\/www.sisinternational.com\/wp-content\/uploads\/2025\/08\/Ethiopia-1-1024x574.jpg 1024w, https:\/\/www.sisinternational.com\/wp-content\/uploads\/2025\/08\/Ethiopia-1-768x430.jpg 768w, https:\/\/www.sisinternational.com\/wp-content\/uploads\/2025\/08\/Ethiopia-1-18x10.jpg 18w\" sizes=\"auto, (max-width: 1456px) 100vw, 1456px\"><\/figure>\n\n\n\n<ul class=\"wp-block-list\">\n<li>Son emplacement entre l\u2019Asie et l\u2019Europe lui conf\u00e8re un avantage et gr\u00e2ce \u00e0 cet emplacement, l\u2019\u00c9thiopie est devenue une destination manufacturi\u00e8re. Elle se porte tr\u00e8s bien dans le secteur du pr\u00eat-\u00e0-porter (PRG).<\/li>\n\n\n\n<li>Privatisation totale et partielle des entreprises publiques<\/li>\n\n\n\n<li>Introduction et mise en \u0153uvre de r\u00e9formes \u00e9conomiques locales<\/li>\n\n\n\n<li>Lib\u00e9ralisation des secteurs de l&#039;aviation, de la logistique et des t\u00e9l\u00e9communications<\/li>\n<\/ul>\n\n\n\n<h2 class=\"wp-block-heading\">\u00c0 propos des \u00e9tudes de march\u00e9 en \u00c9thiopie<\/h2>\n\n\n\n<p>Vous cherchez \u00e0 d\u00e9marrer une entreprise ? L\u2019\u00c9thiopie vous semble-t-elle \u00eatre l\u2019endroit id\u00e9al ? Si tel est le cas, cet article est fait pour vous. SIS pr\u00e9pare des groupes de discussion pour les entreprises commerciales en Afrique. Nous pouvons r\u00e9aliser <a href=\"https:\/\/www.sisinternational.com\/fr\/quest-ce-que-la-recherche-quantitative\/\" target=\"_blank\" rel=\"noopener\">Quantitatif<\/a>, <a href=\"https:\/\/www.sisinternational.com\/fr\/quest-ce-que-la-recherche-qualitative\/\" target=\"_blank\" rel=\"noopener\">Qualitatif<\/a>, et <a href=\"https:\/\/www.sisinternational.com\/fr\/solutions\/conseil-en-strategie\/comment-la-recherche-strategique-peut-booster-vos-performances\/\" target=\"_blank\" rel=\"noopener\">Recherche strat\u00e9gique<\/a> pour votre entreprise, ce qui vous permettra de choisir le meilleur secteur pour d\u00e9marrer votre entreprise. SIS peut \u00e9galement accumuler des dossiers essentiels pour vous et votre entreprise afin d&#039;assurer son succ\u00e8s.<\/p>\n\n\n\n<p>Nous esp\u00e9rons que cet article vous offrira les conseils dont vous avez besoin pour r\u00e9aliser un gain mon\u00e9taire en \u00c9thiopie.<\/p>","protected":false},"excerpt":{"rendered":"<p>Ces derni\u00e8res ann\u00e9es, le commerce bilat\u00e9ral entre l\u2019\u00c9thiopie et la Chine s\u2019est accru. L\u2019\u00c9thiopie est l\u2019un des pays africains \u00e0 la croissance la plus rapide.<\/p>","protected":false},"author":1,"featured_media":65188,"parent":14281,"menu_order":19,"comment_status":"closed","ping_status":"closed","template":"","meta":{"footnotes":""},"class_list":["post-37829","page","type-page","status-publish","has-post-thumbnail"],"_links":{"self":[{"href":"https:\/\/www.sisinternational.com\/fr\/wp-json\/wp\/v2\/pages\/37829","targetHints":{"allow":["GET"]}}],"collection":[{"href":"https:\/\/www.sisinternational.com\/fr\/wp-json\/wp\/v2\/pages"}],"about":[{"href":"https:\/\/www.sisinternational.com\/fr\/wp-json\/wp\/v2\/types\/page"}],"author":[{"embeddable":true,"href":"https:\/\/www.sisinternational.com\/fr\/wp-json\/wp\/v2\/users\/1"}],"replies":[{"embeddable":true,"href":"https:\/\/www.sisinternational.com\/fr\/wp-json\/wp\/v2\/comments?post=37829"}],"version-history":[{"count":3,"href":"https:\/\/www.sisinternational.com\/fr\/wp-json\/wp\/v2\/pages\/37829\/revisions"}],"predecessor-version":[{"id":80982,"href":"https:\/\/www.sisinternational.com\/fr\/wp-json\/wp\/v2\/pages\/37829\/revisions\/80982"}],"up":[{"embeddable":true,"href":"https:\/\/www.sisinternational.com\/fr\/wp-json\/wp\/v2\/pages\/14281"}],"wp:featuredmedia":[{"embeddable":true,"href":"https:\/\/www.sisinternational.com\/fr\/wp-json\/wp\/v2\/media\/65188"}],"wp:attachment":[{"href":"https:\/\/www.sisinternational.com\/fr\/wp-json\/wp\/v2\/media?parent=37829"}],"curies":[{"name":"wp","href":"https:\/\/api.w.org\/{rel}","templated":true}]}}