{"id":37825,"date":"2021-06-15T05:16:57","date_gmt":"2021-06-15T05:16:57","guid":{"rendered":"https:\/\/www.sisinternational.com\/?page_id=37825"},"modified":"2026-01-24T20:41:08","modified_gmt":"2026-01-25T01:41:08","slug":"etude-de-marche-en-afrique-de-guinee-equatoriale","status":"publish","type":"page","link":"https:\/\/www.sisinternational.com\/fr\/couverture\/etude-de-marche-en-afrique\/etude-de-marche-en-afrique-de-guinee-equatoriale\/","title":{"rendered":"\u00c9tude de march\u00e9 en Guin\u00e9e \u00e9quatoriale, Afrique"},"content":{"rendered":"<h1 class=\"wp-block-heading\">Etude de march\u00e9 en Guin\u00e9e \u00e9quatoriale<\/h1>\n\n\n\n<figure class=\"gb-block-image gb-block-image-b3658b80\"><img loading=\"lazy\" decoding=\"async\" width=\"1456\" height=\"816\" class=\"gb-image gb-image-b3658b80\" src=\"https:\/\/www.sisinternational.com\/wp-content\/uploads\/2025\/08\/Equatorial-Guinea-2.jpg\" alt=\"\u00c9tudes de march\u00e9 et strat\u00e9gie internationales SIS\" title=\"Equatorial Guinea (2)\" srcset=\"https:\/\/www.sisinternational.com\/wp-content\/uploads\/2025\/08\/Equatorial-Guinea-2.jpg 1456w, https:\/\/www.sisinternational.com\/wp-content\/uploads\/2025\/08\/Equatorial-Guinea-2-300x168.jpg 300w, https:\/\/www.sisinternational.com\/wp-content\/uploads\/2025\/08\/Equatorial-Guinea-2-1024x574.jpg 1024w, https:\/\/www.sisinternational.com\/wp-content\/uploads\/2025\/08\/Equatorial-Guinea-2-768x430.jpg 768w, https:\/\/www.sisinternational.com\/wp-content\/uploads\/2025\/08\/Equatorial-Guinea-2-18x10.jpg 18w\" sizes=\"auto, (max-width: 1456px) 100vw, 1456px\"><\/figure>\n\n\n\n<p><\/p>\n\n\n\n<p><a href=\"https:\/\/oec.world\/en\/profile\/country\/gnq\" target=\"_blank\" rel=\"noopener\">La Guin\u00e9e \u00e9quatoriale se trouve sur la c\u00f4te ouest de l&#039;Afrique.<\/a> Avec sa beaut\u00e9 naturelle, son excellent r\u00e9seau routier et ses nouveaux b\u00e2timents impressionnants, la Guin\u00e9e \u00e9quatoriale conna\u00eet un rythme de d\u00e9veloppement et de transformation incroyable. La principale industrie du pays est la p\u00eache, tandis que le caf\u00e9 et le cacao sont les principaux produits d&#039;exportation traditionnels. La d\u00e9couverte du p\u00e9trole dans les ann\u00e9es 1980 a chang\u00e9 la donne.<\/p>\n\n\n\n<h2 class=\"wp-block-heading\">Pays voisins<\/h2>\n\n\n\n<p>La Guin\u00e9e \u00e9quatoriale comprend un territoire sur le continent et trois \u00eeles principales et est le seul pays hispanophone du continent africain.<\/p>\n\n\n\n<p>Il y a vingt ans, la Guin\u00e9e \u00e9quatoriale \u00e9tait l&#039;un des pays les plus pauvres d&#039;Afrique. Aujourd&#039;hui, c&#039;est l&#039;une des \u00e9conomies dont le d\u00e9veloppement est le plus rapide.<\/p>\n\n\n\n<p>Sa capitale est Malabo et Bata est sa plus grande ville. Malabo est une ville d&#039;environ 300 000 habitants. L&#039;espagnol est la langue officielle de la ville. Le fran\u00e7ais et le portugais sont \u00e9galement des langues parl\u00e9es dans la ville de Malabo.<\/p>\n\n\n\n<p>La Guin\u00e9e \u00e9quatoriale pr\u00e9sente un climat tropical. La saison s\u00e8che dure trois mois, de d\u00e9cembre \u00e0 f\u00e9vrier, et la saison humide couvre les neuf mois restants. La nuit, la temp\u00e9rature descend entre 20 et 21 degr\u00e9s Celsius. Cette moyenne exclut janvier \u00e0 avril, car la temp\u00e9rature est alors plus \u00e9lev\u00e9e.<\/p>\n\n\n\n<p>Plusieurs agences de coop\u00e9ration internationale et de d\u00e9veloppement ont vu le jour dans les ann\u00e9es 1980. Depuis, le pays a connu plusieurs projets de d\u00e9veloppement national et r\u00e9gional. Le si\u00e8ge de ces agences se trouve au bureau de coop\u00e9ration technique de Malabo.<\/p>\n\n\n\n<h2 class=\"wp-block-heading\">Tendances en Guin\u00e9e \u00e9quatoriale<\/h2>\n\n\n\n<p>La culture, la sant\u00e9 et l&#039;\u00e9ducation du pays ont b\u00e9n\u00e9fici\u00e9 d&#039;un renforcement institutionnel et se d\u00e9veloppent \u00e0 un rythme rapide.<\/p>\n\n\n\n<p>Cette initiative permet aux jeunes de lib\u00e9rer leur libert\u00e9 cr\u00e9ative et l&#039;un des d\u00e9bouch\u00e9s pour une telle expression artistique est le Centre culturel d&#039;Espagne \u00e0 Malabo. Fond\u00e9 en 2003, ce centre dispose de trois points d&#039;acc\u00e8s g\u00e9ographiques et il a pour objectif de capter le plus grand nombre de personnes possible dans la r\u00e9gion et de contribuer \u00e0 son d\u00e9veloppement. Un autre d\u00e9bouch\u00e9 essentiel est le Centre culturel hispano-guin\u00e9en.<\/p>\n\n\n\n<p>Les activit\u00e9s comprennent l&#039;art, le cin\u00e9ma, le th\u00e9\u00e2tre, la musique et les jeux. Il existe deux f\u00eates principales :<\/p>\n\n\n\n<ul class=\"wp-block-list\">\n<li>MIFF \u2013 Festival international de musique et de cin\u00e9ma de Malabo et<\/li>\n\n\n\n<li>Festival international de hip-hop de Malabo<\/li>\n<\/ul>\n\n\n\n<p>Le secteur du tourisme a connu une croissance tr\u00e8s significative depuis la d\u00e9couverte du p\u00e9trole. Cette d\u00e9couverte a permis au pays d&#039;am\u00e9liorer ses infrastructures. La ville est un point focal pour le tourisme en raison de sa connexion directe avec les principales attractions de l&#039;\u00eele Beoco.<\/p>\n\n\n\n<p>La Guin\u00e9e \u00e9quatoriale dispose d&#039;une large gamme d&#039;h\u00f4tels, notamment dans ses villes. Il dispose \u00e9galement d&#039;un excellent produit touristique pour servir les visiteurs qui affluent. Il existe de nombreuses destinations touristiques. Certains incluent Eureka Springs, Ciudad de la Paz et San Antonio de Ureca.<\/p>\n\n\n\n<p>Le commerce est l&#039;une des activit\u00e9s \u00e9conomiques les plus essentielles et les plus r\u00e9pandues, c&#039;est pourquoi plusieurs entreprises am\u00e9ricaines op\u00e8rent en Guin\u00e9e \u00e9quatoriale.<\/p>\n\n\n\n<h2 class=\"wp-block-heading\">Industries cl\u00e9s et raisons de d\u00e9velopper votre entreprise sur le march\u00e9<\/h2>\n\n\n\n<p>La Guin\u00e9e \u00e9quatoriale est le troisi\u00e8me producteur de p\u00e9trole d\u2019Afrique. La production moyenne a atteint 360 000 barils par jour en 2005. \u00c0 mesure que la production augmentait, la population des r\u00e9gions productrices de p\u00e9trole augmentait \u00e9galement.<\/p>\n\n\n\n<p>La Guin\u00e9e \u00e9quatoriale prosp\u00e8re dans les domaines du tourisme, du commerce et de la culture, et sa population jeune est un autre ingr\u00e9dient pour un g\u00e9ant \u00e9mergent. La Guin\u00e9e \u00e9quatoriale pourrait bient\u00f4t devenir l\u2019un des pays africains les plus riches.<\/p>\n\n\n\n<p>Investir en Guin\u00e9e \u00e9quatoriale est une excellente initiative car le secteur du tourisme est en plein essor et le pays dispose d\u2019abondantes r\u00e9serves de p\u00e9trole. Vous avez d\u2019excellentes chances de r\u00e9colter de belles r\u00e9compenses. Les entreprises comme les h\u00f4tels et les maisons de vacances constituent d\u2019excellentes opportunit\u00e9s d\u2019investissement.<\/p>\n\n\n\n<h2 class=\"wp-block-heading\">\u00c0 propos des \u00e9tudes de march\u00e9 en Guin\u00e9e \u00e9quatoriale<\/h2>\n\n\n\n<p>Are you looking for a country in which to invest? Well, Equatorial Guinea is a great pick. With loaded oil reserves and a burgeoning tourism industry, you can profit from your investments. SIS arranges Focus Groups in individual <a href=\"https:\/\/www.sisinternational.com\/fr\/etude-de-marche-sur-le-football-en-afrique\/\" title=\"\u00c9tude de march\u00e9 sur le football en Afrique\" data-wpil-monitor-id=\"2812\">markets in Africa<\/a>. We can do <a href=\"https:\/\/www.sisinternational.com\/fr\/solutions\/conseil-en-strategie\/comment-la-recherche-strategique-peut-booster-vos-performances\/\" target=\"_blank\" rel=\"noopener\">Recherche strat\u00e9gique<\/a> et obtenir <a href=\"https:\/\/www.sisinternational.com\/fr\/quest-ce-que-la-recherche-qualitative\/\" target=\"_blank\" rel=\"noopener\">Qualitatif<\/a> et <a href=\"https:\/\/www.sisinternational.com\/fr\/quest-ce-que-la-recherche-quantitative\/\" target=\"_blank\" rel=\"noopener\">Quantitatif<\/a> des informations pour vous.<\/p>\n\n\n\n<p>SIS International Market Research peut vous aider \u00e0 prendre la meilleure d\u00e9cision quant \u00e0 l&#039;endroit o\u00f9 investir votre argent, en obtenant des informations de toutes les sources possibles pour compiler les meilleurs articles de recherche. Nous esp\u00e9rons que cet article r\u00e9pondra \u00e0 vos questions et esp\u00e9rons \u00e9galement que vous envisagerez d\u2019investir en Guin\u00e9e \u00e9quatoriale.<\/p>","protected":false},"excerpt":{"rendered":"<p>La Guin\u00e9e \u00e9quatoriale prosp\u00e8re dans les domaines du tourisme, du commerce et de la culture, et sa population jeune est un autre ingr\u00e9dient pour un g\u00e9ant \u00e9mergent.<\/p>","protected":false},"author":1,"featured_media":65182,"parent":14281,"menu_order":17,"comment_status":"closed","ping_status":"closed","template":"","meta":{"footnotes":""},"class_list":["post-37825","page","type-page","status-publish","has-post-thumbnail"],"_links":{"self":[{"href":"https:\/\/www.sisinternational.com\/fr\/wp-json\/wp\/v2\/pages\/37825","targetHints":{"allow":["GET"]}}],"collection":[{"href":"https:\/\/www.sisinternational.com\/fr\/wp-json\/wp\/v2\/pages"}],"about":[{"href":"https:\/\/www.sisinternational.com\/fr\/wp-json\/wp\/v2\/types\/page"}],"author":[{"embeddable":true,"href":"https:\/\/www.sisinternational.com\/fr\/wp-json\/wp\/v2\/users\/1"}],"replies":[{"embeddable":true,"href":"https:\/\/www.sisinternational.com\/fr\/wp-json\/wp\/v2\/comments?post=37825"}],"version-history":[{"count":3,"href":"https:\/\/www.sisinternational.com\/fr\/wp-json\/wp\/v2\/pages\/37825\/revisions"}],"predecessor-version":[{"id":77146,"href":"https:\/\/www.sisinternational.com\/fr\/wp-json\/wp\/v2\/pages\/37825\/revisions\/77146"}],"up":[{"embeddable":true,"href":"https:\/\/www.sisinternational.com\/fr\/wp-json\/wp\/v2\/pages\/14281"}],"wp:featuredmedia":[{"embeddable":true,"href":"https:\/\/www.sisinternational.com\/fr\/wp-json\/wp\/v2\/media\/65182"}],"wp:attachment":[{"href":"https:\/\/www.sisinternational.com\/fr\/wp-json\/wp\/v2\/media?parent=37825"}],"curies":[{"name":"wp","href":"https:\/\/api.w.org\/{rel}","templated":true}]}}