{"id":37823,"date":"2021-06-15T05:14:22","date_gmt":"2021-06-15T05:14:22","guid":{"rendered":"https:\/\/www.sisinternational.com\/?page_id=37823"},"modified":"2025-09-14T16:25:14","modified_gmt":"2025-09-14T20:25:14","slug":"etude-de-marche-aux-comores-en-afrique","status":"publish","type":"page","link":"https:\/\/www.sisinternational.com\/fr\/couverture\/etude-de-marche-en-afrique\/etude-de-marche-aux-comores-en-afrique\/","title":{"rendered":"\u00c9tude de march\u00e9 aux Comores, Afrique"},"content":{"rendered":"<h1 class=\"wp-block-heading\">Etude de march\u00e9 aux Comores<\/h1>\n\n\n\n<figure class=\"gb-block-image gb-block-image-9deb7018\"><img loading=\"lazy\" decoding=\"async\" width=\"1456\" height=\"816\" class=\"gb-image gb-image-9deb7018\" src=\"https:\/\/www.sisinternational.com\/wp-content\/uploads\/2025\/08\/Comoros-3.jpg\" alt=\"\u00c9tudes de march\u00e9 et strat\u00e9gie internationales SIS\" title=\"Comoros, (3)\" srcset=\"https:\/\/www.sisinternational.com\/wp-content\/uploads\/2025\/08\/Comoros-3.jpg 1456w, https:\/\/www.sisinternational.com\/wp-content\/uploads\/2025\/08\/Comoros-3-300x168.jpg 300w, https:\/\/www.sisinternational.com\/wp-content\/uploads\/2025\/08\/Comoros-3-1024x574.jpg 1024w, https:\/\/www.sisinternational.com\/wp-content\/uploads\/2025\/08\/Comoros-3-768x430.jpg 768w, https:\/\/www.sisinternational.com\/wp-content\/uploads\/2025\/08\/Comoros-3-18x10.jpg 18w\" sizes=\"auto, (max-width: 1456px) 100vw, 1456px\"><\/figure>\n\n\n\n<p><\/p>\n\n\n\n<p>Le <a href=\"https:\/\/oec.world\/en\/profile\/country\/com\" target=\"_blank\" rel=\"noopener\">Union des Comores<\/a> est dans l&#039;oc\u00e9an Indien. Cette cha\u00eene d\u2019\u00eeles est une nation d\u2019Afrique de l\u2019Est puisqu\u2019elle se trouve juste au large de la c\u00f4te orientale de l\u2019Afrique. Ses pays voisins sont le Mozambique, Madagascar, les Seychelles, la Tanzanie et Mayotte. Et il fait \u00e9galement partie de l&#039;Union africaine.<\/p>\n\n\n\n<p>La religion officielle des Comores est l&#039;islam sunnite. C&#039;est un \u00c9tat membre de la Ligue arabe et la seule nation arabe situ\u00e9e enti\u00e8rement dans l&#039;h\u00e9misph\u00e8re sud. Le peuple des Comores parle trois langues officielles : le comorien, le fran\u00e7ais et l&#039;arabe, et il existe deux groupes ethniques aux Comores. La majorit\u00e9 de la population est afro-arabe et il existe un petit groupe de malgaches. La monnaie de ce pays est le franc comorien.<\/p>\n\n\n\n<h2 class=\"wp-block-heading\">Industries cl\u00e9s aux Comores<\/h2>\n\n\n\n<p>L&#039;agriculture est la principale industrie. Certaines personnes la compl\u00e8tent par la chasse, la p\u00eache et l&#039;agriculture de subsistance. L&#039;agriculture emploie la majeure partie de la main-d&#039;\u0153uvre du pays, ce qui est essentiel \u00e0 la population et \u00e0 l&#039;\u00e9conomie puisqu&#039;elle repr\u00e9sente la plupart des exportations. La vanille, les clous de girofle, les essences de parfum et le coprah sont les principales exportations.<\/p>\n\n\n\n<p>Les Comores sont le premier fournisseur mondial d&#039;ylang-ylang, une essence utilis\u00e9e dans la fabrication de parfums. Le pays est le deuxi\u00e8me fournisseur mondial de vanille, tandis que des cultures telles que les bananes, les noix de coco et le manioc sont cultiv\u00e9es pour la consommation de la population. Ces aliments font partie de leur cuisine quotidienne.<\/p>\n\n\n\n<h2 class=\"wp-block-heading\">Quartiers<\/h2>\n\n\n\n<p>Moroni est la capitale et la plus grande ville des Comores et se trouve sur la plus grande des trois \u00eeles principales, la Grande Comore. Moroni abrite un port et un mus\u00e9e, qui font office d&#039;attractions touristiques. L&#039;infrastructure conserve un aspect arabe traditionnel, m\u00eame avec des modifications apport\u00e9es aux b\u00e2timents. La ville compte de nombreuses mosqu\u00e9es, mais Moroni poss\u00e8de \u00e9galement des \u00e9glises et des temples chr\u00e9tiens.<\/p>\n\n\n\n<h2 class=\"wp-block-heading\">Avantages et atouts du march\u00e9<\/h2>\n\n\n\n<p>Les Comores cultivent l&#039;ylang ylang. C&#039;est un point fort car il est particuli\u00e8rement demand\u00e9 dans le secteur de la beaut\u00e9\/cosm\u00e9tique. Le pays a la capacit\u00e9 et la main-d&#039;\u0153uvre pour \u00eatre le principal producteur mondial de ce produit de base. Cependant, les Comores sont tr\u00e8s d\u00e9pendantes du commerce pour de nombreux produits, y compris les produits alimentaires. Le pays a pu maintenir son approvisionnement en \u00e9pices et essences, mais il a \u00e9galement d\u00e9velopp\u00e9 de bonnes relations commerciales internationales.<\/p>\n\n\n\n<h2 class=\"wp-block-heading\">Tendances aux Comores<\/h2>\n\n\n\n<p>Les Comores sont un pays pauvre et en d\u00e9veloppement. Le pays poss\u00e8de des ressources naturelles et humaines mais n&#039;a pas les moyens d&#039;en tirer le meilleur parti. Comme dans de nombreux autres pays en d\u00e9veloppement, les ressources humaines ont besoin de travail. Par cons\u00e9quent, la population qualifi\u00e9e et instruite des Comores a migr\u00e9 vers la France, provoquant une fuite des cerveaux. C&#039;est pourquoi le d\u00e9veloppement de leurs industries est lent. L&#039;agriculture de subsistance reste la principale activit\u00e9 \u00e9conomique.<\/p>\n\n\n\n<h2 class=\"wp-block-heading\">Base de consommateurs<\/h2>\n\n\n\n<p>Environ les deux tiers de la population des Comores vivent dans les zones rurales, le reste occupant la capitale et d&#039;autres villes. Les insulaires comoriens font leurs achats de produits locaux dans des endroits tels que le march\u00e9 Volo Volo. Les vendeurs y vendent des \u00e9pices, des huiles, des tissus, des bijoux, de l&#039;artisanat et bien plus encore. Leurs acheteurs sont \u00e0 la fois des Comoriens et des touristes de passage dans les \u00eeles. Les Comores comptent \u00e9galement plusieurs march\u00e9s alimentaires. Ici, les consommateurs ach\u00e8tent des r\u00e9coltes, des aliments transform\u00e9s et import\u00e9s, ainsi que d\u2019autres articles.<\/p>\n\n\n\n<h2 class=\"wp-block-heading\">\u00c0 propos des \u00e9tudes de march\u00e9 aux Comores<\/h2>\n\n\n\n<p>Si vous envisagez de faire des affaires aux Comores, nous pouvons vous aider. Chez SIS, nous constituons des Focus Groups sur les diff\u00e9rents march\u00e9s africains, et nous faisons le <a href=\"https:\/\/www.sisinternational.com\/fr\/quest-ce-que-la-recherche-quantitative\/\" target=\"_blank\" rel=\"noopener\">Quantitatif<\/a>, <a href=\"https:\/\/www.sisinternational.com\/fr\/quest-ce-que-la-recherche-qualitative\/\" target=\"_blank\" rel=\"noopener\">Qualitatif<\/a>, et <a href=\"https:\/\/www.sisinternational.com\/fr\/solutions\/conseil-en-strategie\/comment-la-recherche-strategique-peut-booster-vos-performances\/\" target=\"_blank\" rel=\"noopener\">Recherche strat\u00e9gique<\/a> pour votre entreprise. Nous examinons les informations et les r\u00e9sultats et les compilons tous pour votre entreprise. Nous esp\u00e9rons que cet article vous aidera dans votre projet commercial aux Comores.<\/p>\n\n\n\n<p><\/p>","protected":false},"excerpt":{"rendered":"<p>L&#039;agriculture est la principale industrie des Comores. Certaines personnes la compl\u00e8tent par la chasse, la p\u00eache et l&#039;agriculture de subsistance.<\/p>","protected":false},"author":1,"featured_media":65166,"parent":14281,"menu_order":16,"comment_status":"closed","ping_status":"closed","template":"","meta":{"footnotes":""},"class_list":["post-37823","page","type-page","status-publish","has-post-thumbnail"],"_links":{"self":[{"href":"https:\/\/www.sisinternational.com\/fr\/wp-json\/wp\/v2\/pages\/37823","targetHints":{"allow":["GET"]}}],"collection":[{"href":"https:\/\/www.sisinternational.com\/fr\/wp-json\/wp\/v2\/pages"}],"about":[{"href":"https:\/\/www.sisinternational.com\/fr\/wp-json\/wp\/v2\/types\/page"}],"author":[{"embeddable":true,"href":"https:\/\/www.sisinternational.com\/fr\/wp-json\/wp\/v2\/users\/1"}],"replies":[{"embeddable":true,"href":"https:\/\/www.sisinternational.com\/fr\/wp-json\/wp\/v2\/comments?post=37823"}],"version-history":[{"count":2,"href":"https:\/\/www.sisinternational.com\/fr\/wp-json\/wp\/v2\/pages\/37823\/revisions"}],"predecessor-version":[{"id":68525,"href":"https:\/\/www.sisinternational.com\/fr\/wp-json\/wp\/v2\/pages\/37823\/revisions\/68525"}],"up":[{"embeddable":true,"href":"https:\/\/www.sisinternational.com\/fr\/wp-json\/wp\/v2\/pages\/14281"}],"wp:featuredmedia":[{"embeddable":true,"href":"https:\/\/www.sisinternational.com\/fr\/wp-json\/wp\/v2\/media\/65166"}],"wp:attachment":[{"href":"https:\/\/www.sisinternational.com\/fr\/wp-json\/wp\/v2\/media?parent=37823"}],"curies":[{"name":"wp","href":"https:\/\/api.w.org\/{rel}","templated":true}]}}