{"id":37733,"date":"2021-05-19T05:57:17","date_gmt":"2021-05-19T05:57:17","guid":{"rendered":"https:\/\/www.sisinternational.com\/?page_id=37733"},"modified":"2025-09-14T16:11:14","modified_gmt":"2025-09-14T20:11:14","slug":"etude-de-marche-au-congo","status":"publish","type":"page","link":"https:\/\/www.sisinternational.com\/fr\/couverture\/etude-de-marche-en-afrique\/etude-de-marche-au-congo\/","title":{"rendered":"Etude de march\u00e9 au Congo"},"content":{"rendered":"<h1 class=\"wp-block-heading\">Etude de march\u00e9 au Congo<\/h1>\n\n\n\n<figure class=\"gb-block-image gb-block-image-24c68747\"><img loading=\"lazy\" decoding=\"async\" width=\"1456\" height=\"816\" class=\"gb-image gb-image-24c68747\" src=\"https:\/\/www.sisinternational.com\/wp-content\/uploads\/2025\/08\/Congo-1.jpg\" alt=\"\u00c9tudes de march\u00e9 et strat\u00e9gie internationales SIS\" title=\"Congo (1)\" srcset=\"https:\/\/www.sisinternational.com\/wp-content\/uploads\/2025\/08\/Congo-1.jpg 1456w, https:\/\/www.sisinternational.com\/wp-content\/uploads\/2025\/08\/Congo-1-300x168.jpg 300w, https:\/\/www.sisinternational.com\/wp-content\/uploads\/2025\/08\/Congo-1-1024x574.jpg 1024w, https:\/\/www.sisinternational.com\/wp-content\/uploads\/2025\/08\/Congo-1-768x430.jpg 768w, https:\/\/www.sisinternational.com\/wp-content\/uploads\/2025\/08\/Congo-1-18x10.jpg 18w\" sizes=\"auto, (max-width: 1456px) 100vw, 1456px\"><\/figure>\n\n\n\n<p><\/p>\n\n\n\n<p>Le Congo-Brazzaville et le Congo-Kinshasa sont des pays voisins d&#039;Afrique subsaharienne. Le nom \u00ab Congo \u00bb vient des Bakongo, une tribu bantoue qui peuple les deux pays. Les pays partagent la culture Bakongo et des noms presque identiques, mais ils diff\u00e8rent sur plusieurs facteurs.<\/p>\n\n\n\n<p>Le Congo-Kinshasa, qui est l&#039;autre nom de la R\u00e9publique d\u00e9mocratique du Congo, est gigantesque. C&#039;est le deuxi\u00e8me plus grand pays du continent. Plus de 80 millions de personnes y vivent. Mais la population du Congo-Brazzaville ne compte que 5 millions d\u2019habitants. Il couvre une petite zone g\u00e9ographique.<\/p>\n\n\n\n<p>Les deux pays utilisent le fran\u00e7ais comme langue officielle. Pourtant, deux nations diff\u00e9rentes les ont autrefois colonis\u00e9es. La France occupe la R\u00e9publique du Congo (ROC). La R\u00e9publique d\u00e9mocratique du Congo \u00e9tait une colonie belge.<\/p>\n\n\n\n<p>La R\u00e9publique D\u00e9mocratique du Congo (RDC) occupe une position g\u00e9ographique unique. Il dispose d\u2019un acc\u00e8s c\u00f4tier de 25 miles \u00e0 l\u2019oc\u00e9an Atlantique \u00e0 l\u2019ouest. Pourtant, situ\u00e9e au c\u0153ur de l\u2019Afrique, elle constitue le carrefour des corridors allant du Nord au Sud, \u00e0 l\u2019Est et \u00e0 l\u2019Ouest. Kinshasa, la capitale du Congo-Kinshasa, est la plus grande ville du pays.<\/p>\n\n\n\n<h2 class=\"wp-block-heading\">Quartiers<\/h2>\n\n\n\n<p>Kinshasa est une m\u00e9gapole situ\u00e9e sur la rive sud du fleuve Congo. Le syst\u00e8me urbain le plus important et le plus dynamique d&#039;Afrique centrale s&#039;\u00e9tend de cinq miles carr\u00e9s par an. Apr\u00e8s Le Caire et Lagos, Kinshasa est la troisi\u00e8me plus grande ville d&#039;Afrique. Ville Basse est le quartier le plus ancien et le plus riche, situ\u00e9 sur les appartements proches de la rivi\u00e8re. Des quartiers plus r\u00e9cents de Kinshasa se d\u00e9veloppent sur les collines qui l&#039;entourent.<\/p>\n\n\n\n<h2 class=\"wp-block-heading\">Industries cl\u00e9s<\/h2>\n\n\n\n<p>\u00c0 la fronti\u00e8re occidentale du fleuve Congo se trouve le Congo-Brazzaville, le plus petit des deux. \u00c0 Brazzaville (ROC), les secteurs du p\u00e9trole, du bois et des mines sont en t\u00eate de l&#039;\u00e9conomie. Le secteur p\u00e9trolier revendique la majeure partie des flux d\u2019investissements \u00e9trangers. Il ne s&#039;agit que d&#039;une petite industrie, mais la foresterie vient au deuxi\u00e8me rang et est en pleine expansion.<\/p>\n\n\n\n<p>Le secteur minier de la RDC est \u00e9galement abondant. Il existe une vaste richesse de terres arables. Dans la terre, le cuivre, le cobalt, l\u2019or, le diamant et le zinc ne sont que quelques-unes des nombreuses ressources naturelles.<\/p>\n\n\n\n<h2 class=\"wp-block-heading\">Les tendances<\/h2>\n\n\n\n<p>The economy of Congo-Kinshasa has suffered from long years of political instability. Despite this, it shows a trend of upward growth, and the business climate is improving, reflecting many planned reforms aimed at strengthening governance and natural resource management. Surveys show a new environment of confidence alongside new directives to fight corruption. <a href=\"https:\/\/www.sisinternational.com\/fr\/solutions\/conseil-en-strategie\/conseil-en-strategie-detudes-de-marche-pour-investisseurs-esg\/\" title=\"ESG Investor Strategy Consulting\"  data-wpil-monitor-id=\"8779\">Investors conducting strategy<\/a> research can focus on financing agriculture, mining, energy, and infrastructure.<\/p>\n\n\n\n<h2 class=\"wp-block-heading\">Avantages et atouts sur le march\u00e9<\/h2>\n\n\n\n<p>Le gouvernement du Congo-Brazzaville cherche \u00e0 stimuler le d\u00e9veloppement et la croissance au Congo-Brazzaville. Le pays envisage de diversifier son \u00e9conomie. L\u2019agro-industrie au Congo-Brazzaville repr\u00e9sente une opportunit\u00e9. Une grande partie des terres arables du pays est cultiv\u00e9e. Le terrain pr\u00e9sente \u00e9galement un potentiel d&#039;investissement dans l&#039;\u00e9cotourisme. Il contient d\u2019innombrables r\u00e9serves foresti\u00e8res vierges. La construction, les transports et l\u2019exploitation mini\u00e8re sont \u00e9galement des secteurs attractifs pour les investisseurs \u00e9trangers.<\/p>\n\n\n\n<p>Brazzaville est la plus grande ville du Congo-Brazzaville, mais Pointe-Noire en est le centre commercial important. Brazzaville est aussi la ville la plus ancienne. C\u2019est une ville c\u00f4ti\u00e8re remplie d\u2019expatri\u00e9s et qui regorge de l\u2019argent du p\u00e9trole. La ville se divise en un quartier europ\u00e9en et un quartier africain (La Cit\u00e9), offrant des exp\u00e9riences distinctes et des options de restauration internationale. Le quartier africain est anim\u00e9 et anim\u00e9. La Cit\u00e9 compte de nombreux restaurants et bars anim\u00e9s et constitue le meilleur endroit pour d\u00e9couvrir la cuisine traditionnelle africaine. Les plages de Pointe-Noire proposent des locations de bateaux et permettent de se d\u00e9tendre.<\/p>\n\n\n\n<p>There is room for internet <a href=\"https:\/\/www.sisinternational.com\/fr\/solutions\/recherche-de-conseil-en-strategie-fintech\/banque-en-tant-que-service-etude-de-marche-et-conseil-en-strategie\/\" title=\"Banque en tant que service \u00c9tudes de march\u00e9 et conseil en strat\u00e9gie\"  data-wpil-monitor-id=\"8780\">services and mobile banking<\/a> here in the Republic of Congo, and consumers have high connectivity despite inadequate infrastructure in the telecommunications sector. The many cyber cafes are an indicator of unmet demand for reliable internet services.<\/p>\n\n\n\n<h2 class=\"wp-block-heading\">Raisons de d\u00e9velopper votre entreprise\u00a0; Etude de march\u00e9 au Congo<\/h2>\n\n\n\n<p>Les investisseurs profiteront bient\u00f4t des r\u00e9formes pr\u00e9vues par la R\u00e9publique du Congo. Les initiatives gouvernementales comprennent l\u2019entr\u00e9e et la protection des IDE, la cr\u00e9ation d\u2019entreprises, la fiscalit\u00e9 et les ressources humaines. Les investissements \u00e9trangers continuent d&#039;augmenter. Ils font actuellement de la R\u00e9publique de Chine la premi\u00e8re destination des IDE en <a href=\"https:\/\/www.sisinternational.com\/fr\/couverture\/etude-de-marche-en-afrique\/etude-de-marche-republique-centrafricaine\/\">Afrique centrale<\/a>. La recherche quantitative confirme ces faits.<\/p>\n\n\n\n<p>You\u2019ll find that there is no lesser of the two Congos but that each presents opportunities. Qualitative <a href=\"https:\/\/www.sisinternational.com\/fr\/solutions\/etude-de-marche-en-groupe-de-discussion\/\" title=\"\u00c9tude de march\u00e9 par groupe de discussion\"  data-wpil-monitor-id=\"8778\">research via focus groups<\/a> can bring further clarity for future ventures.<\/p>\n\n\n\n<p>&nbsp;<\/p>","protected":false},"excerpt":{"rendered":"<p>\u00c9tudes de march\u00e9 au Congo \u2013 chacune pr\u00e9sente des opportunit\u00e9s. La recherche qualitative via des groupes de discussion apporte davantage de clart\u00e9 pour les projets futurs.<\/p>","protected":false},"author":1,"featured_media":65168,"parent":14281,"menu_order":15,"comment_status":"closed","ping_status":"closed","template":"","meta":{"footnotes":""},"class_list":["post-37733","page","type-page","status-publish","has-post-thumbnail"],"_links":{"self":[{"href":"https:\/\/www.sisinternational.com\/fr\/wp-json\/wp\/v2\/pages\/37733","targetHints":{"allow":["GET"]}}],"collection":[{"href":"https:\/\/www.sisinternational.com\/fr\/wp-json\/wp\/v2\/pages"}],"about":[{"href":"https:\/\/www.sisinternational.com\/fr\/wp-json\/wp\/v2\/types\/page"}],"author":[{"embeddable":true,"href":"https:\/\/www.sisinternational.com\/fr\/wp-json\/wp\/v2\/users\/1"}],"replies":[{"embeddable":true,"href":"https:\/\/www.sisinternational.com\/fr\/wp-json\/wp\/v2\/comments?post=37733"}],"version-history":[{"count":4,"href":"https:\/\/www.sisinternational.com\/fr\/wp-json\/wp\/v2\/pages\/37733\/revisions"}],"predecessor-version":[{"id":81472,"href":"https:\/\/www.sisinternational.com\/fr\/wp-json\/wp\/v2\/pages\/37733\/revisions\/81472"}],"up":[{"embeddable":true,"href":"https:\/\/www.sisinternational.com\/fr\/wp-json\/wp\/v2\/pages\/14281"}],"wp:featuredmedia":[{"embeddable":true,"href":"https:\/\/www.sisinternational.com\/fr\/wp-json\/wp\/v2\/media\/65168"}],"wp:attachment":[{"href":"https:\/\/www.sisinternational.com\/fr\/wp-json\/wp\/v2\/media?parent=37733"}],"curies":[{"name":"wp","href":"https:\/\/api.w.org\/{rel}","templated":true}]}}