{"id":37731,"date":"2021-05-19T05:53:02","date_gmt":"2021-05-19T05:53:02","guid":{"rendered":"https:\/\/www.sisinternational.com\/?page_id=37731"},"modified":"2026-01-25T16:55:42","modified_gmt":"2026-01-25T21:55:42","slug":"etude-de-marche-a-djibouti","status":"publish","type":"page","link":"https:\/\/www.sisinternational.com\/fr\/couverture\/etude-de-marche-en-afrique\/etude-de-marche-a-djibouti\/","title":{"rendered":"Etude de march\u00e9 \u00e0 Djibouti"},"content":{"rendered":"<h1 class=\"wp-block-heading\">Etude de march\u00e9 \u00e0 Djibouti<\/h1>\n\n\n\n<figure class=\"gb-block-image gb-block-image-77261c6a\"><img loading=\"lazy\" decoding=\"async\" width=\"1456\" height=\"816\" class=\"gb-image gb-image-77261c6a\" src=\"https:\/\/www.sisinternational.com\/wp-content\/uploads\/2025\/08\/Djibouti-3.jpg\" alt=\"\u00c9tudes de march\u00e9 et strat\u00e9gie internationales SIS\" title=\"Djibouti (3)\" srcset=\"https:\/\/www.sisinternational.com\/wp-content\/uploads\/2025\/08\/Djibouti-3.jpg 1456w, https:\/\/www.sisinternational.com\/wp-content\/uploads\/2025\/08\/Djibouti-3-300x168.jpg 300w, https:\/\/www.sisinternational.com\/wp-content\/uploads\/2025\/08\/Djibouti-3-1024x574.jpg 1024w, https:\/\/www.sisinternational.com\/wp-content\/uploads\/2025\/08\/Djibouti-3-768x430.jpg 768w, https:\/\/www.sisinternational.com\/wp-content\/uploads\/2025\/08\/Djibouti-3-18x10.jpg 18w\" sizes=\"auto, (max-width: 1456px) 100vw, 1456px\"><\/figure>\n\n\n\n<p><\/p>\n\n\n\n<p>Djibouti est l&#039;un des pays les plus strat\u00e9giques d&#039;Afrique. Ce petit pays de la corne de l&#039;Afrique porte le nom officiel de la R\u00e9publique de Djibouti. Djibouti se trouve sur la c\u00f4te nord-est de l&#039;Afrique, jusqu&#039;\u00e0 la mer Rouge. Elle est c\u00e9l\u00e8bre pour ses paysages uniques et sa faune diversifi\u00e9e. Les traditions et cultures de Djibouti sont \u00e9galement pleines de diversit\u00e9. Non seulement dans la langue mais aussi dans les couleurs et les croyances superstitieuses.<\/p>\n\n\n\n<p>Ce pays abrite pr\u00e8s d&#039;un million d&#039;habitants selon des chiffres r\u00e9cents. La capitale est la ville de Djibouti et le fran\u00e7ais et l&#039;arabe sont les langues les plus courantes. Il existe deux grandes tribus \u00e0 Djibouti : les Somali et les Afar. Les musulmans repr\u00e9sentent 94 pour cent de la population et l\u2019Islam est la religion dominante.<\/p>\n\n\n\n<p>Djibouti occupe une superficie d&#039;un peu plus de quatorze mille milles carr\u00e9s. Il est un peu plus grand que la Slov\u00e9nie mais un peu plus petit que le New Jersey aux \u00c9tats-Unis. Djibouti poss\u00e8de l&#039;un des oc\u00e9ans les plus sal\u00e9s au monde.<\/p>\n\n\n\n<h2 class=\"wp-block-heading\">Quartiers<\/h2>\n\n\n\n<p>Les pays voisins de Djibouti comprennent la Somalie, l&#039;\u00c9thiopie, l&#039;\u00c9rythr\u00e9e et le Y\u00e9men. Ces pays sont tous bord\u00e9s par Djibouti.<\/p>\n\n\n\n<p>Le pays pr\u00e9sente un int\u00e9r\u00eat g\u00e9ographique car il contr\u00f4le des voies navigables importantes telles que la mer Rouge et le canal de Suez. Ces eaux constituent deux des plus grandes routes de navigation.<\/p>\n\n\n\n<h2 class=\"wp-block-heading\">Zone de libre-\u00e9change internationale de Djibouti<\/h2>\n\n\n\n<p>DIFTZ (Djibouti international Free Trade Zone) is a model of China Africa cooperation. With the support of the Djibouti government, <a href=\"https:\/\/www.sisinternational.com\/fr\/couverture\/etude-de-marche-en-asie\/etude-de-marche-de-groupe-de-discussion-en-chine\/\" title=\"\u00c9tude de march\u00e9 de groupe de discussion en Chine\"  data-wpil-monitor-id=\"9315\">China and the port group<\/a> have joined forces and are collaborating to build this fantastic African project. They are transforming the Avenue General Gallieni, the location of the main port. It is already one of the most attractive areas for businesses. It can attract lots of international trade.<\/p>\n\n\n\n<h2 class=\"wp-block-heading\">Avantages et atouts du march\u00e9 de Djibouti\u00a0: pourquoi y d\u00e9velopper votre entreprise\u00a0?<\/h2>\n\n\n\n<p>Comme nous l&#039;avons vu pr\u00e9c\u00e9demment, Djibouti occupe une position assez strat\u00e9gique. Cette localisation constitue \u00e0 elle seule la force du d\u00e9partement. Cet endroit se trouve dans le d\u00e9troit de Bab-el-Mandeb, l\u00e0 o\u00f9 se termine l&#039;oc\u00e9an Indien et o\u00f9 commence la mer Rouge. Les deux plans d\u2019eau sont distants d\u2019environ 15 milles l\u2019un de l\u2019autre. Cette situation fait de Djibouti un pays chanceux.<\/p>\n\n\n\n<p>L&#039;avantage de la position du pays est qu&#039;il constitue un terrain de commerce r\u00e9gional. Ce commerce encourage les devises et augmente le taux d&#039;exportation du pays.<\/p>\n\n\n\n<p>The position is essential when deciding what country you would like your <a href=\"https:\/\/www.sisinternational.com\/fr\/publications\/marche-intermediaire-japonais-exportant\/\" title=\"D\u00e9velopper votre entreprise au Japon\"  data-wpil-monitor-id=\"9314\">business to grow<\/a> in. Ships from China, India, or anywhere in Asia to Europe or vice versa usually cross the strait.<\/p>\n\n\n\n<p>La r\u00e9gion est l\u2019une des plus grandes productrices de p\u00e9trole. Lorsque les marchandises et les navires transitent, la demande en ressources est forte, ils s&#039;arr\u00eatent donc \u00e0 Djibouti. Cette connexion signifie que les opportunit\u00e9s commerciales et touristiques sont nombreuses.<\/p>\n\n\n\n<p>L\u2019\u00c9thiopie est enclav\u00e9e, mais elle poss\u00e8de l\u2019une des plus grandes populations d\u2019Afrique. Djibouti est le port de l&#039;\u00c9thiopie depuis 1999. Ainsi, le port de Djibouti est crucial et toujours actif. Le port est l&#039;un des principaux atouts de Djibouti.<\/p>\n\n\n\n<p>Faire des affaires \u00e0 Djibouti est une belle \u00e9tape d\u2019investissement. Bien que le taux d\u2019imposition soit de 10 pour cent, les b\u00e9n\u00e9fices peuvent plus que doubler. \u00c9tant id\u00e9alement situ\u00e9, il vous suffit de r\u00e9pondre aux demandes des gens. Il est facile pour une entreprise de d\u00e9coller, m\u00eame s&#039;il n&#039;y a aucune garantie, car tout comporte une possibilit\u00e9 de risque. C&#039;est un excellent choix de pays pour investir.<\/p>\n\n\n\n<h2 class=\"wp-block-heading\">\u00c0 propos des \u00e9tudes de march\u00e9 \u00e0 Djibouti<\/h2>\n\n\n\n<p>Are you interested in owning a business in Djibouti? This article has all there is to know about this unique country. SIS International <a href=\"https:\/\/www.sisinternational.com\/fr\/competence\/les-industries\/etude-de-marche-geopolitique\/\" title=\"\u00c9tude de march\u00e9 g\u00e9opolitique\"  data-wpil-monitor-id=\"3821\">Research organizes Focus Groups in the markets<\/a> of Africa. We also do Qualitative, Quantitative, and Strategy Research. This <a href=\"https:\/\/www.sisinternational.com\/fr\/publications\/etude-de-marche-sur-les-entreprises-evolutives-7-facons-de-creer-une-entreprise-evolutive\/\" title=\"\u00c9tude de march\u00e9 sur les entreprises \u00e9volutives\u00a0: 7 fa\u00e7ons de cr\u00e9er une entreprise \u00e9volutive\"  data-wpil-monitor-id=\"9316\">research will aid in your business<\/a> inquiries and help you decide your next move. We hope that you will consider doing business and investing in Djibouti. You will not regret it!<\/p>\n\n\n\n<p><\/p>","protected":false},"excerpt":{"rendered":"<p>Etude de march\u00e9 \u00e0 Djibouti Djibouti est l&#039;un des pays les plus strat\u00e9giques d&#039;Afrique. Ce petit pays de la corne de l&#039;Afrique porte le nom officiel de la R\u00e9publique de Djibouti. Djibouti se trouve sur la c\u00f4te nord-est de l&#039;Afrique jusqu&#039;\u00e0 la mer Rouge. Elle est c\u00e9l\u00e8bre pour ses paysages uniques et sa faune diversifi\u00e9e. Les traditions et les cultures\u2026 <a title=\"Etude de march\u00e9 \u00e0 Djibouti\" class=\"read-more\" href=\"https:\/\/www.sisinternational.com\/fr\/couverture\/etude-de-marche-en-afrique\/etude-de-marche-a-djibouti\/\" aria-label=\"En savoir plus sur Market Research in Djibouti\">Lire plus<\/a><\/p>","protected":false},"author":1,"featured_media":65176,"parent":14281,"menu_order":14,"comment_status":"closed","ping_status":"closed","template":"","meta":{"footnotes":""},"class_list":["post-37731","page","type-page","status-publish","has-post-thumbnail"],"_links":{"self":[{"href":"https:\/\/www.sisinternational.com\/fr\/wp-json\/wp\/v2\/pages\/37731","targetHints":{"allow":["GET"]}}],"collection":[{"href":"https:\/\/www.sisinternational.com\/fr\/wp-json\/wp\/v2\/pages"}],"about":[{"href":"https:\/\/www.sisinternational.com\/fr\/wp-json\/wp\/v2\/types\/page"}],"author":[{"embeddable":true,"href":"https:\/\/www.sisinternational.com\/fr\/wp-json\/wp\/v2\/users\/1"}],"replies":[{"embeddable":true,"href":"https:\/\/www.sisinternational.com\/fr\/wp-json\/wp\/v2\/comments?post=37731"}],"version-history":[{"count":5,"href":"https:\/\/www.sisinternational.com\/fr\/wp-json\/wp\/v2\/pages\/37731\/revisions"}],"predecessor-version":[{"id":81557,"href":"https:\/\/www.sisinternational.com\/fr\/wp-json\/wp\/v2\/pages\/37731\/revisions\/81557"}],"up":[{"embeddable":true,"href":"https:\/\/www.sisinternational.com\/fr\/wp-json\/wp\/v2\/pages\/14281"}],"wp:featuredmedia":[{"embeddable":true,"href":"https:\/\/www.sisinternational.com\/fr\/wp-json\/wp\/v2\/media\/65176"}],"wp:attachment":[{"href":"https:\/\/www.sisinternational.com\/fr\/wp-json\/wp\/v2\/media?parent=37731"}],"curies":[{"name":"wp","href":"https:\/\/api.w.org\/{rel}","templated":true}]}}