{"id":37729,"date":"2021-05-19T05:46:38","date_gmt":"2021-05-19T05:46:38","guid":{"rendered":"https:\/\/www.sisinternational.com\/?page_id=37729"},"modified":"2025-09-14T16:27:30","modified_gmt":"2025-09-14T20:27:30","slug":"etude-de-marche-au-tchad","status":"publish","type":"page","link":"https:\/\/www.sisinternational.com\/fr\/couverture\/etude-de-marche-en-afrique\/etude-de-marche-au-tchad\/","title":{"rendered":"Etude de march\u00e9 au Tchad"},"content":{"rendered":"<h1 class=\"wp-block-heading\">Etude de march\u00e9 au Tchad<\/h1>\n\n\n\n<figure class=\"gb-block-image gb-block-image-2e41044d\"><img loading=\"lazy\" decoding=\"async\" width=\"1456\" height=\"816\" class=\"gb-image gb-image-2e41044d\" src=\"https:\/\/www.sisinternational.com\/wp-content\/uploads\/2025\/08\/Chad-1.jpg\" alt=\"\u00c9tudes de march\u00e9 et strat\u00e9gie internationales SIS\" title=\"Chad (1)\" srcset=\"https:\/\/www.sisinternational.com\/wp-content\/uploads\/2025\/08\/Chad-1.jpg 1456w, https:\/\/www.sisinternational.com\/wp-content\/uploads\/2025\/08\/Chad-1-300x168.jpg 300w, https:\/\/www.sisinternational.com\/wp-content\/uploads\/2025\/08\/Chad-1-1024x574.jpg 1024w, https:\/\/www.sisinternational.com\/wp-content\/uploads\/2025\/08\/Chad-1-768x430.jpg 768w, https:\/\/www.sisinternational.com\/wp-content\/uploads\/2025\/08\/Chad-1-18x10.jpg 18w\" sizes=\"auto, (max-width: 1456px) 100vw, 1456px\"><\/figure>\n\n\n\n<p><\/p>\n\n\n\n<p>La R\u00e9publique du Tchad se trouve au centre-nord de l&#039;Afrique. Ce pays enclav\u00e9 partage des fronti\u00e8res avec le Soudan \u00e0 l\u2019est, la Libye au nord et le Cameroun et le Nigeria au sud-ouest. La R\u00e9publique Centrafricaine se trouve au sud et le Niger \u00e0 l&#039;ouest. Le manque d\u2019infrastructures, la s\u00e9cheresse et les troubles politiques ont fait souffrir l\u2019\u00e9conomie tchadienne. L&#039;\u00e9loignement g\u00e9ographique du pays constitue \u00e9galement un facteur paralysant.<\/p>\n\n\n\n<h2 class=\"wp-block-heading\">Industries cl\u00e9s<\/h2>\n\n\n\n<p>L&#039;agriculture et le p\u00e9trole sont le moteur de l&#039;\u00e9conomie du Tchad, le p\u00e9trole repr\u00e9sentant l&#039;essentiel des recettes publiques et des recettes d&#039;exportation. Les principales exportations non p\u00e9troli\u00e8res du Tchad sont la gomme arabique, l&#039;or, le b\u00e9tail, le s\u00e9same et le coton. Les autres produits agricoles comprennent les arachides, le sorgho, l&#039;igname, le mil, le ma\u00efs, la canne \u00e0 sucre, le riz, le manioc, les haricots et les patates douces.<\/p>\n\n\n\n<p>La majorit\u00e9 de la population du Tchad d\u00e9pend de l&#039;\u00e9levage et de l&#039;agriculture de subsistance. La faiblesse persistante des prix mondiaux du p\u00e9trole a nui \u00e0 l\u2019\u00e9conomie. Il en a \u00e9t\u00e9 de m\u00eame pour la crise \u00e9conomique de 2016-2017 qui a r\u00e9duit les d\u00e9penses d\u2019investissement. Le pays est \u00e9galement confront\u00e9 aux cons\u00e9quences financi\u00e8res de la pand\u00e9mie de COVID-19 dans le monde entier.<\/p>\n\n\n\n<p>Still, the government continues its campaign for economic relief. Its goal is to increase the export of value-added products. It also aims to diversify key sectors and develop a formal economy within the <a href=\"https:\/\/www.sisinternational.com\/fr\/competence\/les-industries\/etude-de-marche-automobile\/lavenir-des-vehicules-electriques-aux-etats-unis\/\" title=\"The Future of Electric Vehicles in the USA &#8211; The Next 5 Years\"  data-wpil-monitor-id=\"7943\">next ten years<\/a>.<\/p>\n\n\n\n<h2 class=\"wp-block-heading\">Quartiers<\/h2>\n\n\n\n<p>Les villes importantes du Tchad sont N&#039;Djamena, Koutere et Moundou. Le Tchad est l&#039;un des 25 pays les plus pauvres du monde. Elle ne dispose pas d&#039;un r\u00e9seau de transport stable et bien g\u00e9r\u00e9. N&#039;Djamena est la capitale, elle a donc des routes goudronn\u00e9es, tout comme les autres grandes villes. La qualit\u00e9 se d\u00e9t\u00e9riore \u00e0 mesure que l&#039;on s&#039;installe dans les zones rurales. Le co\u00fbt de la vie \u00e0 N\u2019Djamena est exorbitant. Les loyers rivalisent avec ceux de New York et de Londres, ce qui en fait la ville la plus ch\u00e8re d&#039;Afrique o\u00f9 l&#039;on puisse vivre.<\/p>\n\n\n\n<h2 class=\"wp-block-heading\">Les tendances<\/h2>\n\n\n\n<p>Les \u00e9conomistes s\u2019attendent \u00e0 ce que l\u2019\u00e9conomie tchadienne renoue avec la croissance \u00e0 mesure que la pand\u00e9mie s\u2019att\u00e9nue. Ils esp\u00e8rent que les activit\u00e9s industrielles reviendront \u00e0 des niveaux normaux. La production p\u00e9troli\u00e8re, l\u2019\u00e9grenage du coton et l\u2019industrie textile devraient bient\u00f4t reprendre de la vigueur. Le Tchad a fait des progr\u00e8s dans la r\u00e9duction de la pauvret\u00e9, mais l&#039;\u00e9conomie reste fragile. Le pays est confront\u00e9 \u00e0 de nombreux risques, tels que l&#039;instabilit\u00e9 r\u00e9gionale et la volatilit\u00e9 des prix du p\u00e9trole.<\/p>\n\n\n\n<h2 class=\"wp-block-heading\">Avantages et atouts sur le march\u00e9 tchadien<\/h2>\n\n\n\n<p>Chad cannot use its national public finance <a href=\"https:\/\/www.sisinternational.com\/fr\/solutions\/croissance-mondiale\/gestion-de-projet-globale\/\" title=\"Conseil en gestion de projet mondial\"  data-wpil-monitor-id=\"7941\">management system to implement projects<\/a> financed with external resources. The Paris Declaration does not allow it. This measure is due to the country\u2019s poor performance in economic governance. Still, the government is making progress in areas such as transparency. This transparency is especially evident in the management of its oil reserves.<\/p>\n\n\n\n<h2 class=\"wp-block-heading\">Base de consommateurs<\/h2>\n\n\n\n<p>Plus des trois quarts des Tchadiens vivent en zone rurale. Pr\u00e8s de la moiti\u00e9 des habitants vivent en dessous du seuil national de pauvret\u00e9. Le Tchad est une soci\u00e9t\u00e9 agraire et l&#039;agriculture emploie la plupart des adultes en \u00e2ge de travailler du pays. La p\u00e9n\u00e9tration du mobile est en retard par rapport \u00e0 celle des autres pays africains. Pourtant, les deux principaux prestataires ont r\u00e9alis\u00e9 des progr\u00e8s significatifs, m\u00eame dans les zones rurales. Pourtant, le Tchad est l&#039;un des trois pays les moins avanc\u00e9s au monde, selon le PNUD.<\/p>\n\n\n\n<h2 class=\"wp-block-heading\">Raisons de d\u00e9velopper votre entreprise au Tchad<\/h2>\n\n\n\n<p>Chad\u2019s economic outlook may seem dismal, but things can only get better. It presents remarkable opportunities for early investors, and the investment climate is suitable for medium and large-scale projects. Opportunities exist in power generation and distribution (especially solar) and oil exploration. Investors can also do well in livestock, mining, telecommunications, agribusiness, and infrastructure. The success of several foreign <a href=\"https:\/\/www.sisinternational.com\/fr\/couverture\/etude-de-marche-au-moyen-orient-2\/investment-opportunities-in-neom-real-estate\/\" title=\"Investment Opportunities in NEOM Real Estate\"  data-wpil-monitor-id=\"7942\">investments in Chad proves that business opportunities<\/a> exist. The country needs committed, skilled, and patient investors, despite the many challenges.<\/p>\n\n\n\n<h2 class=\"wp-block-heading\">\u00c0 propos des \u00e9tudes de march\u00e9 au Tchad<\/h2>\n\n\n\n<p>Companies interested in doing business in Chad should do thorough <a href=\"https:\/\/www.sisinternational.com\/fr\/competence\/les-industries\/etude-de-marche-sur-les-essentiels-de-cuisine\/\" title=\"\u00c9tude de march\u00e9 sur les essentiels de cuisine\"  data-wpil-monitor-id=\"7939\">Market Research because it\u2019s essential<\/a> to know the business environment and the legal and regulatory frameworks. <a href=\"https:\/\/www.sisinternational.com\/fr\/solutions\/etude-de-marche-en-groupe-de-discussion\/\" title=\"\u00c9tude de march\u00e9 par groupe de discussion\"  data-wpil-monitor-id=\"7940\">Groupes de discussion<\/a> can help determine the Chadian market\u2019s readiness, as can Interviews and Surveys. <a href=\"https:\/\/www.sisinternational.com\/fr\/contacter-sis-etude-de-marche-internationale\/\" title=\"Contactez-nous\"  data-wpil-monitor-id=\"7938\">Recherche internationale SIS<\/a> offers Quantitative, Qualitative, and Strategy Research for Chad and other African countries. Research is not a mere option: it is a necessity for volatile countries such as Chad.<\/p>\n\n\n\n<p><\/p>","protected":false},"excerpt":{"rendered":"<p>Etude de march\u00e9 au Tchad La R\u00e9publique du Tchad se situe au nord-centre de l&#039;Afrique. Ce pays enclav\u00e9 partage des fronti\u00e8res avec le Soudan \u00e0 l\u2019est, la Libye au nord et le Cameroun et le Nigeria au sud-ouest. La R\u00e9publique Centrafricaine se trouve au sud et le Niger \u00e0 l&#039;ouest. Le manque d\u2019infrastructures, la s\u00e9cheresse et les troubles politiques ont caus\u00e9\u2026 <a title=\"Etude de march\u00e9 au Tchad\" class=\"read-more\" href=\"https:\/\/www.sisinternational.com\/fr\/couverture\/etude-de-marche-en-afrique\/etude-de-marche-au-tchad\/\" aria-label=\"En savoir plus sur Market Research in Chad\">Lire plus<\/a><\/p>","protected":false},"author":1,"featured_media":65281,"parent":14281,"menu_order":13,"comment_status":"closed","ping_status":"closed","template":"","meta":{"footnotes":""},"class_list":["post-37729","page","type-page","status-publish","has-post-thumbnail"],"_links":{"self":[{"href":"https:\/\/www.sisinternational.com\/fr\/wp-json\/wp\/v2\/pages\/37729","targetHints":{"allow":["GET"]}}],"collection":[{"href":"https:\/\/www.sisinternational.com\/fr\/wp-json\/wp\/v2\/pages"}],"about":[{"href":"https:\/\/www.sisinternational.com\/fr\/wp-json\/wp\/v2\/types\/page"}],"author":[{"embeddable":true,"href":"https:\/\/www.sisinternational.com\/fr\/wp-json\/wp\/v2\/users\/1"}],"replies":[{"embeddable":true,"href":"https:\/\/www.sisinternational.com\/fr\/wp-json\/wp\/v2\/comments?post=37729"}],"version-history":[{"count":3,"href":"https:\/\/www.sisinternational.com\/fr\/wp-json\/wp\/v2\/pages\/37729\/revisions"}],"predecessor-version":[{"id":81338,"href":"https:\/\/www.sisinternational.com\/fr\/wp-json\/wp\/v2\/pages\/37729\/revisions\/81338"}],"up":[{"embeddable":true,"href":"https:\/\/www.sisinternational.com\/fr\/wp-json\/wp\/v2\/pages\/14281"}],"wp:featuredmedia":[{"embeddable":true,"href":"https:\/\/www.sisinternational.com\/fr\/wp-json\/wp\/v2\/media\/65281"}],"wp:attachment":[{"href":"https:\/\/www.sisinternational.com\/fr\/wp-json\/wp\/v2\/media?parent=37729"}],"curies":[{"name":"wp","href":"https:\/\/api.w.org\/{rel}","templated":true}]}}