{"id":37727,"date":"2021-05-19T05:44:09","date_gmt":"2021-05-19T05:44:09","guid":{"rendered":"https:\/\/www.sisinternational.com\/?page_id=37727"},"modified":"2025-09-14T17:12:36","modified_gmt":"2025-09-14T21:12:36","slug":"etude-de-marche-burundaise","status":"publish","type":"page","link":"https:\/\/www.sisinternational.com\/fr\/couverture\/etude-de-marche-en-afrique\/etude-de-marche-burundaise\/","title":{"rendered":"Etude de march\u00e9 au Burundi"},"content":{"rendered":"<h1 class=\"wp-block-heading\">Etude de march\u00e9 au Burundi<\/h1>\n\n\n\n<figure class=\"gb-block-image gb-block-image-3af6ae8b\"><img loading=\"lazy\" decoding=\"async\" width=\"1456\" height=\"816\" class=\"gb-image gb-image-3af6ae8b\" src=\"https:\/\/www.sisinternational.com\/wp-content\/uploads\/2025\/08\/Burundi-1.jpg\" alt=\"\u00c9tudes de march\u00e9 et strat\u00e9gie internationales SIS\" title=\"Burundi (1)\" srcset=\"https:\/\/www.sisinternational.com\/wp-content\/uploads\/2025\/08\/Burundi-1.jpg 1456w, https:\/\/www.sisinternational.com\/wp-content\/uploads\/2025\/08\/Burundi-1-300x168.jpg 300w, https:\/\/www.sisinternational.com\/wp-content\/uploads\/2025\/08\/Burundi-1-1024x574.jpg 1024w, https:\/\/www.sisinternational.com\/wp-content\/uploads\/2025\/08\/Burundi-1-768x430.jpg 768w, https:\/\/www.sisinternational.com\/wp-content\/uploads\/2025\/08\/Burundi-1-18x10.jpg 18w\" sizes=\"auto, (max-width: 1456px) 100vw, 1456px\"><\/figure>\n\n\n\n<p><\/p>\n\n\n\n<h2 class=\"wp-block-heading\">Industries cl\u00e9s<\/h2>\n\n\n\n<p>Le Burundi est un \u00c9tat enclav\u00e9 de la r\u00e9gion des Grands Lacs d\u2019Afrique de l\u2019Est. Il partage des fronti\u00e8res avec le Rwanda, la Tanzanie et la R\u00e9publique d\u00e9mocratique du Congo. Les principales exportations du Burundi sont le caf\u00e9, le th\u00e9 et le sucre, et la majeure partie de la population travaille dans l&#039;agriculture, le pilier central de l&#039;\u00e9conomie burundaise. L&#039;agriculture repr\u00e9sente un tiers du produit int\u00e9rieur brut (PIB) et 60% des exportations du Burundi.<\/p>\n\n\n\n<p>Les secteurs agricole et minier captent la majorit\u00e9 des investissements \u00e9trangers. Le Burundi b\u00e9n\u00e9ficie d\u2019un soutien international pour sa politique agraire. Sa construction en cours de barrages hydro\u00e9lectriques est \u00e9galement populaire. La production d\u2019\u00e9nergie g\u00e9othermique, \u00e9olienne et solaire pr\u00e9sente un grand potentiel.<\/p>\n\n\n\n<h2 class=\"wp-block-heading\">Les tendances<\/h2>\n\n\n\n<p>Le monde montre un int\u00e9r\u00eat croissant pour le d\u00e9veloppement de la production de terres rares. Des efforts de recherche plus quantitatifs sont en cours sur ses gisements min\u00e9raux inexploit\u00e9s. Les plus importants d\u2019entre eux sont le cuivre, le cobalt et le nickel. D\u2019autres ressources naturelles comme le p\u00e9trole sont probablement rentables.<\/p>\n\n\n\n<h2 class=\"wp-block-heading\">Avantages et atouts sur le march\u00e9<\/h2>\n\n\n\n<p>Burundi has excellent <a href=\"https:\/\/www.sisinternational.com\/fr\/connecte_car_market_research\/\" title=\"\u00c9tude de march\u00e9 sur les voitures connect\u00e9es\"  data-wpil-monitor-id=\"7963\">connections in the African markets<\/a>. Its geographical location positions it as a regional commercial hub. It has not yet taken advantage of its convenient location, but it has access to several neighboring countries.<\/p>\n\n\n\n<p>Elle est membre de nombreux accords de libre-\u00e9change sur le continent. Il s\u2019agit notamment de l\u2019Espace \u00e9conomique d\u2019Afrique centrale, de la Communaut\u00e9 d\u2019Afrique de l\u2019Est et de la Zone de libre-\u00e9change continentale africaine. Il a \u00e9galement des accords avec les \u00c9tats-Unis et l&#039;Union europ\u00e9enne.<\/p>\n\n\n\n<p>La baisse de l&#039;aide \u00e9trang\u00e8re depuis 2015 a caus\u00e9 des difficult\u00e9s \u00e0 l&#039;\u00e9conomie burundaise. Cette perte de ressources externes a entra\u00een\u00e9 une croissance plus faible. Le choc de la pand\u00e9mie de COVID-19 a aggrav\u00e9 la situation. L&#039;\u00e9conomie n&#039;est pas diversifi\u00e9e et est trop d\u00e9pendante de la volatilit\u00e9 des prix mondiaux du caf\u00e9.<\/p>\n\n\n\n<p>The population is growing. Thus, the government has sought to meet the surge in demand for social and consumer goods. Their focus has turned to stimulate internal resources. Yet, a significant gap still exists in the <a href=\"https:\/\/www.sisinternational.com\/fr\/competence\/les-industries\/etude-de-marche-sur-la-fabrication-de-boissons-alimentaires\/\" title=\"\u00c9tude de march\u00e9 sur la fabrication d\u2019aliments et de boissons\"  data-wpil-monitor-id=\"7960\">market for locally-produced manufactured<\/a> goods. Public services make up 25% of Burundi\u2019s GDP.<\/p>\n\n\n\n<h2 class=\"wp-block-heading\">Quartiers<\/h2>\n\n\n\n<p>Bujumbura est la capitale \u00e9conomique du Burundi. Il se trouve sur les rives du lac Tanganyika. Ici, les ethnies Tutsi et Hutu cohabitent aux c\u00f4t\u00e9s de petites populations immigr\u00e9es. Les expatri\u00e9s sont g\u00e9n\u00e9ralement des Europ\u00e9ens et des Sud-Asiatiques. Une influence europ\u00e9enne persistante est \u00e9vidente dans les b\u00e2timents de Bujumbura (anciennement Usumbura), vestige de son \u00e9poque de capitale coloniale.<\/p>\n\n\n\n<p>Le m\u00e9lange des cultures donne \u00e0 la ville un charme cosmopolite. Les visiteurs peuvent d\u00e9guster une fantastique cuisine fran\u00e7aise, avec d&#039;excellents plats et boissons, et la vie nocturne est attrayante. Les amateurs d&#039;art peuvent visiter le Mus\u00e9e vivant de Bujumbura, un zoo et un mus\u00e9e. Le mus\u00e9e vivant est l\u2019un des meilleurs d\u2019Afrique, exposant des objets artisanaux anciens et modernes.<\/p>\n\n\n\n<p>Rohero I, qui abrite le Jardin Public (un grand parc), est l&#039;un des quartiers les plus s\u00fbrs de Bujumbura. De nombreux habitants de Bujumbura se d\u00e9tendent dans cet espace vert et profitent du climat chaud du pays. Une autre banlieue plus hupp\u00e9e est Kiriri, le quartier pr\u00e9sidentiel qui surplombe le lac Tanganyika.<\/p>\n\n\n\n<h2 class=\"wp-block-heading\">Base de consommateurs<\/h2>\n\n\n\n<p>Burundi\u2019s youngest generation will grow into an educated workforce. The Gross Enrollment Rate of primary education has exploded compared to twenty years ago. Most of the country speaks Kirundi, the first official language, as well as French. In the coming years, <a href=\"https:\/\/www.sisinternational.com\/fr\/solutions\/ai-etudes-de-marche-et-conseil-en-strategie\/automatisation-des-services-de-biens-de-consommation-conseil-en-ia\/\" title=\"Automatisation des biens et services de consommation et conseil en IA\"  data-wpil-monitor-id=\"7962\">consumers will seek more online services<\/a>. The broadband internet market is untapped. With fiber optics installation, e-admin and e-banking opportunities will arise.<\/p>\n\n\n\n<h2 class=\"wp-block-heading\">Raisons de d\u00e9velopper votre entreprise au Burundi<\/h2>\n\n\n\n<p>Le gouvernement manifeste un int\u00e9r\u00eat direct pour l\u2019am\u00e9lioration de l\u2019environnement des affaires au Burundi. Elle vise \u00e0 d\u00e9passer son faible classement, au 116e rang sur 190 \u00e9conomies (Doing Business 2020). Il a promulgu\u00e9 une nouvelle loi sur les investissements, qui accorde aux investisseurs \u00e9trangers des droits similaires \u00e0 ceux des investisseurs nationaux. Les investisseurs b\u00e9n\u00e9ficient de peu de limites en mati\u00e8re de propri\u00e9t\u00e9 et de contr\u00f4le, ainsi que d&#039;une s\u00e9lection limit\u00e9e.<\/p>\n\n\n\n<h2 class=\"wp-block-heading\">\u00c0 propos des \u00e9tudes de march\u00e9 au Burundi<\/h2>\n\n\n\n<p>For discerning shareholders, there are many investments available in Burundi. With focus groups and surveys, investors can gain essential insights into hot industries. Such insights can prove priceless. <a href=\"https:\/\/www.sisinternational.com\/fr\/competence\/les-industries\/etude-de-marche-industriel\/\" title=\"\u00c9tudes de march\u00e9 et strat\u00e9gie industrielle\"  data-wpil-monitor-id=\"7959\">Strategy research on manufacturing industries<\/a> can result in critical assets for quantitative analysis. There are many <a href=\"https:\/\/www.sisinternational.com\/fr\/solutions\/conseil-en-strategie\/conseil-en-cartographie-des-opportunites-de-produits-de-marche\/\" title=\"Conseil en cartographie des opportunit\u00e9s de march\u00e9 et de produits\"  data-wpil-monitor-id=\"7961\">opportunities in manufacturing because the food products<\/a> processing, building materials, chemicals, and textiles industries are few. Burundi imports the majority of manufactured consumer goods. Hence the government is turning to foreign investors to fill the gap.<\/p>\n\n\n\n<p><\/p>","protected":false},"excerpt":{"rendered":"<p>Etude de march\u00e9 au Burundi Industries cl\u00e9s Le Burundi est un \u00c9tat enclav\u00e9 dans la r\u00e9gion des Grands Lacs d&#039;Afrique de l&#039;Est. Il partage des fronti\u00e8res avec le Rwanda, la Tanzanie et la R\u00e9publique d\u00e9mocratique du Congo. Les principales exportations du Burundi sont le caf\u00e9, le th\u00e9 et le sucre, et la majeure partie de la population travaille dans l&#039;agriculture, le pilier central de l&#039;\u00e9conomie burundaise. \u2026 <a title=\"Etude de march\u00e9 au Burundi\" class=\"read-more\" href=\"https:\/\/www.sisinternational.com\/fr\/couverture\/etude-de-marche-en-afrique\/etude-de-marche-burundaise\/\" aria-label=\"En savoir plus sur Market Research in Burundi\">Lire plus<\/a><\/p>","protected":false},"author":1,"featured_media":65265,"parent":14281,"menu_order":12,"comment_status":"closed","ping_status":"closed","template":"","meta":{"footnotes":""},"class_list":["post-37727","page","type-page","status-publish","has-post-thumbnail"],"_links":{"self":[{"href":"https:\/\/www.sisinternational.com\/fr\/wp-json\/wp\/v2\/pages\/37727","targetHints":{"allow":["GET"]}}],"collection":[{"href":"https:\/\/www.sisinternational.com\/fr\/wp-json\/wp\/v2\/pages"}],"about":[{"href":"https:\/\/www.sisinternational.com\/fr\/wp-json\/wp\/v2\/types\/page"}],"author":[{"embeddable":true,"href":"https:\/\/www.sisinternational.com\/fr\/wp-json\/wp\/v2\/users\/1"}],"replies":[{"embeddable":true,"href":"https:\/\/www.sisinternational.com\/fr\/wp-json\/wp\/v2\/comments?post=37727"}],"version-history":[{"count":3,"href":"https:\/\/www.sisinternational.com\/fr\/wp-json\/wp\/v2\/pages\/37727\/revisions"}],"predecessor-version":[{"id":81341,"href":"https:\/\/www.sisinternational.com\/fr\/wp-json\/wp\/v2\/pages\/37727\/revisions\/81341"}],"up":[{"embeddable":true,"href":"https:\/\/www.sisinternational.com\/fr\/wp-json\/wp\/v2\/pages\/14281"}],"wp:featuredmedia":[{"embeddable":true,"href":"https:\/\/www.sisinternational.com\/fr\/wp-json\/wp\/v2\/media\/65265"}],"wp:attachment":[{"href":"https:\/\/www.sisinternational.com\/fr\/wp-json\/wp\/v2\/media?parent=37727"}],"curies":[{"name":"wp","href":"https:\/\/api.w.org\/{rel}","templated":true}]}}