{"id":37725,"date":"2021-05-19T05:39:12","date_gmt":"2021-05-19T05:39:12","guid":{"rendered":"https:\/\/www.sisinternational.com\/?page_id=37725"},"modified":"2025-09-14T17:13:33","modified_gmt":"2025-09-14T21:13:33","slug":"etude-de-marche-burkina-faso","status":"publish","type":"page","link":"https:\/\/www.sisinternational.com\/fr\/couverture\/etude-de-marche-en-afrique\/etude-de-marche-burkina-faso\/","title":{"rendered":"Etude de march\u00e9 au Burkina Faso"},"content":{"rendered":"<h1 class=\"wp-block-heading\">Etude de march\u00e9 au Burkina Faso<\/h1>\n\n\n\n<figure class=\"gb-block-image gb-block-image-1d97df6f\"><img loading=\"lazy\" decoding=\"async\" width=\"1456\" height=\"816\" class=\"gb-image gb-image-1d97df6f\" src=\"https:\/\/www.sisinternational.com\/wp-content\/uploads\/2025\/08\/Burkina-Faso-2.jpg\" alt=\"\u00c9tudes de march\u00e9 et strat\u00e9gie internationales SIS\" title=\"Burkina Faso (2)\" srcset=\"https:\/\/www.sisinternational.com\/wp-content\/uploads\/2025\/08\/Burkina-Faso-2.jpg 1456w, https:\/\/www.sisinternational.com\/wp-content\/uploads\/2025\/08\/Burkina-Faso-2-300x168.jpg 300w, https:\/\/www.sisinternational.com\/wp-content\/uploads\/2025\/08\/Burkina-Faso-2-1024x574.jpg 1024w, https:\/\/www.sisinternational.com\/wp-content\/uploads\/2025\/08\/Burkina-Faso-2-768x430.jpg 768w, https:\/\/www.sisinternational.com\/wp-content\/uploads\/2025\/08\/Burkina-Faso-2-18x10.jpg 18w\" sizes=\"auto, (max-width: 1456px) 100vw, 1456px\"><\/figure>\n\n\n\n<p><\/p>\n\n\n\n<h2 class=\"wp-block-heading\">Histoire du Burkina Faso<\/h2>\n\n\n\n<p>Le Burkina Faso est un pays situ\u00e9 en Afrique de l&#039;Ouest, devenu ind\u00e9pendant le 5 ao\u00fbt 1950. Son ancien nom est R\u00e9publique de Haute-Volta, utilis\u00e9 entre 1958 et 1984. Il a commenc\u00e9 \u00e0 utiliser le nom de Burkina Faso le 4 ao\u00fbt 1984.<\/p>\n\n\n\n<p>Le Burkina Faso couvre une superficie d&#039;environ 170 000 mille milles carr\u00e9s. Ce petit pays du continent africain reconna\u00eet trois langues. Le fran\u00e7ais est la langue principale. Le Burkina Faso compte 20,3 millions d&#039;habitants.<\/p>\n\n\n\n<p>Le Burkina Faso poss\u00e8de les meilleurs noms de lieux au monde. Quand on regarde les noms donn\u00e9s aux lieux au Burkina Faso, ils ont de belles significations. Le Burkina Faso signifie \u00ab terre des hommes honn\u00eates \u00bb. La capitale \u00ab Ouagadougou \u00bb signifie \u00ab Vous \u00eates les bienvenus chez nous chez nous \u00bb. Ouagadougou est l&#039;une des plus anciennes villes du monde.<\/p>\n\n\n\n<h2 class=\"wp-block-heading\">Pays voisins<\/h2>\n\n\n\n<p>Six countries surround Burkina Faso. Mali is to the <a href=\"https:\/\/www.sisinternational.com\/fr\/couverture\/etude-de-marche-en-afrique\/etude-de-marche-au-maroc-afrique-du-nord\/\" title=\"Etude de march\u00e9 au Maroc, continent nord-ouest africain\"  data-wpil-monitor-id=\"7910\">north and west<\/a>, Nigeria to the east, and Benin and Togo to the southeast. Ghana is south of Burkina Faso.<\/p>\n\n\n\n<p>Le pays a g\u00e9n\u00e9r\u00e9 une croissance \u00e9conomique impressionnante au cours des derni\u00e8res ann\u00e9es. Leur PIB a augment\u00e9 au cours des cinq derni\u00e8res ann\u00e9es environ. Ils rivalisent d\u00e9sormais avec les nouvelles puissances \u00e9conomiques comme la Chine, l\u2019Inde et le Br\u00e9sil.<\/p>\n\n\n\n<p>The spontaneous <a href=\"https:\/\/www.sisinternational.com\/fr\/solutions\/recherche-de-conseil-en-strategie-fintech\/etude-de-marche-sur-les-marches-des-capitaux\/\" title=\"\u00c9tude de march\u00e9 sur les march\u00e9s des capitaux\"  data-wpil-monitor-id=\"7909\">markets are everywhere in Burkina Faso&#8217;s capital<\/a>, called Ouagadougou. Vendors pop up everywhere, from government offices to banks, selling their goods around the clock. Thousands find employment through these ventures. But, some tend to be dangerous for road users while others pollute the environment.<\/p>\n\n\n\n<p>Ces commer\u00e7ants n\u2019ont pas d\u2019argent pour s\u2019installer, c\u2019est pourquoi beaucoup d\u2019entre eux s\u2019installent sur la voie publique et les voitures ne peuvent pas s\u2019en sortir. Le manque d\u2019espace et le loyer mensuel \u00e9lev\u00e9 des magasins constituent un obstacle de taille.<\/p>\n\n\n\n<p>Lorsqu\u2019ils rencontrent des difficult\u00e9s avec le gouvernement, les deux partis trouvent g\u00e9n\u00e9ralement un terrain d\u2019entente.<\/p>\n\n\n\n<p>The authorities are aware of the inconvenience <a href=\"https:\/\/www.sisinternational.com\/fr\/solutions\/conseil-en-strategie\/analyse-des-causes-profondes-etudes-de-marche-et-conseil\/\" title=\"Root Cause Analysis Market Research\"  data-wpil-monitor-id=\"7911\">caused by the spontaneous markets<\/a>. They have recently designed a program of transportation and modernization to ensure better conditions for the vendors. It also removes the harassment factor, and introduces a level of legitimacy to these micro-enterprises.<\/p>\n\n\n\n<h2 class=\"wp-block-heading\">Tendances burkinab\u00e8<\/h2>\n\n\n\n<p>Le Burkina Faso a l&#039;un des taux de f\u00e9condit\u00e9 les plus \u00e9lev\u00e9s au monde. En cons\u00e9quence, la population a augment\u00e9 au cours du si\u00e8cle dernier. Le taux de natalit\u00e9 moyen par m\u00e9nage au Burkina Faso est de six enfants.<\/p>\n\n\n\n<p>Le Burkina Faso dispose de peu de ressources naturelles. L\u2019Afrique est g\u00e9n\u00e9ralement connue pour \u00eatre un continent dot\u00e9 de nombreuses ressources naturelles. Le Burkina Faso fait partie des pays qui ne rentrent pas dans cette cat\u00e9gorie.<\/p>\n\n\n\n<h2 class=\"wp-block-heading\">Raisons pour lesquelles vous devriez investir au Burkina Faso<\/h2>\n\n\n\n<ul class=\"wp-block-list\">\n<li>Bilateral Investment agreement. In August 2014, the United States signed a trade and investment framework agreement with Burkina Faso in <a href=\"https:\/\/www.sisinternational.com\/fr\/couverture\/les-ameriques\/couverture-des-etats-unis\/etude-de-marche-dans-letat-de-washington\/\" title=\"\u00c9tude de march\u00e9 dans l\u2019\u00c9tat de Washington\"  data-wpil-monitor-id=\"7913\">Washington<\/a>. Burkina Faso has cooperation agreements with France and Switzerland. It provides for the free transfer of corporate earnings, interest, and dividends.<\/li>\n\n\n\n<li>Burkina Faso has signed many investment promotions and mutual protection agreements. It has contracts with Germany, Belgium, the Netherlands, Malaysia, Ghana, Taiwan, South Korea, and many more countries.<\/li>\n\n\n\n<li>Il ressort clairement de cela que faire des affaires au Burkina Faso est facile gr\u00e2ce \u00e0 ses trait\u00e9s bilat\u00e9raux. Personne ne veut investir dans un pays o\u00f9 vous n\u2019\u00eates pas s\u00fbr de vos investissements. Le Burkina Faso est un excellent endroit pour faire des affaires.<\/li>\n\n\n\n<li>Syst\u00e8me de r\u00e9glementation transparent. Il existe une loi r\u00e9gissant tous les \u00c9tats membres de l&#039;Ohada, dont le Burkina Faso. Cette loi, en termes simples, stipule que les pratiques commerciales doivent \u00eatre \u00e9quitables et r\u00e9glement\u00e9es. Les prix ne devraient pas \u00eatre trop \u00e9lev\u00e9s. Cette loi garantit que les personnes peuvent obtenir des produits de premi\u00e8re n\u00e9cessit\u00e9 sans avoir \u00e0 payer trop cher. Il vous offre \u00e9galement une mesure de s\u00e9curit\u00e9 et de confiance dans la politique de change du pays.<\/li>\n\n\n\n<li>Incitations \u00e0 l&#039;investissement. Le gouvernement du Burkina Faso fait beaucoup pour inciter les investisseurs parce qu\u2019ils veulent d\u00e9velopper le pays. Ils veulent \u00e9galement utiliser les investisseurs pour contribuer \u00e0 cr\u00e9er des emplois pour les ch\u00f4meurs.<\/li>\n<\/ul>\n\n\n\n<h2 class=\"wp-block-heading\">Etude de march\u00e9 au Burkina Faso<\/h2>\n\n\n\n<p>Nous proposons diff\u00e9rents types d&#039;\u00e9tudes de march\u00e9 au Burkina Faso, notamment des \u00e9tudes strat\u00e9giques. Nous pouvons \u00e9galement organiser des groupes de discussion pour obtenir des informations approfondies.<\/p>\n\n\n\n<p>Our Qualitative <a href=\"https:\/\/www.sisinternational.com\/fr\/top-5-benefits-of-qualitative-market-research-for-businesses\/\" title=\"Top 5 Benefits of Qualitative Market Research for Businesses\"  data-wpil-monitor-id=\"7912\">Recherche<\/a> on Burkina Faso has led us to believe that it is a great place to do business and invest.<\/p>\n\n\n\n<p>Nous avons \u00e9galement effectu\u00e9 des recherches quantitatives. Cela montre que le march\u00e9 burkinab\u00e9 est en constante croissance et nous pr\u00e9voyons qu\u2019il va bient\u00f4t prosp\u00e9rer. C&#039;est un pays incroyable, et avec l&#039;aide des investisseurs, il peut devenir l&#039;un des plus prosp\u00e8res d&#039;Afrique.<\/p>\n\n\n\n<p><\/p>","protected":false},"excerpt":{"rendered":"<p>Etude de march\u00e9 au Burkina Faso Histoire du Burkina Faso Le Burkina Faso est un pays situ\u00e9 en Afrique de l&#039;Ouest, devenu ind\u00e9pendant le 5 ao\u00fbt 1950. Son ancien nom est R\u00e9publique de Haute Volta, utilis\u00e9 entre 1958 et 1984. Il a commenc\u00e9 \u00e0 utiliser le nom de Burkina Faso le 4 ao\u00fbt 1984. Le Burkina Faso couvre une superficie\u2026 <a title=\"Etude de march\u00e9 au Burkina Faso\" class=\"read-more\" href=\"https:\/\/www.sisinternational.com\/fr\/couverture\/etude-de-marche-en-afrique\/etude-de-marche-burkina-faso\/\" aria-label=\"En savoir plus sur Market Research in Burkina Faso\">Lire plus<\/a><\/p>","protected":false},"author":1,"featured_media":65262,"parent":14281,"menu_order":11,"comment_status":"closed","ping_status":"closed","template":"","meta":{"footnotes":""},"class_list":["post-37725","page","type-page","status-publish","has-post-thumbnail"],"_links":{"self":[{"href":"https:\/\/www.sisinternational.com\/fr\/wp-json\/wp\/v2\/pages\/37725","targetHints":{"allow":["GET"]}}],"collection":[{"href":"https:\/\/www.sisinternational.com\/fr\/wp-json\/wp\/v2\/pages"}],"about":[{"href":"https:\/\/www.sisinternational.com\/fr\/wp-json\/wp\/v2\/types\/page"}],"author":[{"embeddable":true,"href":"https:\/\/www.sisinternational.com\/fr\/wp-json\/wp\/v2\/users\/1"}],"replies":[{"embeddable":true,"href":"https:\/\/www.sisinternational.com\/fr\/wp-json\/wp\/v2\/comments?post=37725"}],"version-history":[{"count":3,"href":"https:\/\/www.sisinternational.com\/fr\/wp-json\/wp\/v2\/pages\/37725\/revisions"}],"predecessor-version":[{"id":81334,"href":"https:\/\/www.sisinternational.com\/fr\/wp-json\/wp\/v2\/pages\/37725\/revisions\/81334"}],"up":[{"embeddable":true,"href":"https:\/\/www.sisinternational.com\/fr\/wp-json\/wp\/v2\/pages\/14281"}],"wp:featuredmedia":[{"embeddable":true,"href":"https:\/\/www.sisinternational.com\/fr\/wp-json\/wp\/v2\/media\/65262"}],"wp:attachment":[{"href":"https:\/\/www.sisinternational.com\/fr\/wp-json\/wp\/v2\/media?parent=37725"}],"curies":[{"name":"wp","href":"https:\/\/api.w.org\/{rel}","templated":true}]}}