{"id":37722,"date":"2021-05-19T05:34:36","date_gmt":"2021-05-19T05:34:36","guid":{"rendered":"https:\/\/www.sisinternational.com\/?page_id=37722"},"modified":"2025-09-14T14:43:49","modified_gmt":"2025-09-14T18:43:49","slug":"etude-de-marche-au-botswana","status":"publish","type":"page","link":"https:\/\/www.sisinternational.com\/fr\/couverture\/etude-de-marche-en-afrique\/etude-de-marche-au-botswana\/","title":{"rendered":"\u00c9tude de march\u00e9 au Botswana"},"content":{"rendered":"<h1 class=\"wp-block-heading\">\u00c9tude de march\u00e9 au Botswana<\/h1>\n\n\n\n<figure class=\"gb-block-image gb-block-image-ec92d225\"><img loading=\"lazy\" decoding=\"async\" width=\"1024\" height=\"574\" class=\"gb-image gb-image-ec92d225\" src=\"https:\/\/www.sisinternational.com\/wp-content\/uploads\/2025\/08\/Botswana-1-1024x574.jpg\" srcset=\"https:\/\/www.sisinternational.com\/wp-content\/uploads\/2025\/08\/Botswana-1-1024x574.jpg 1024w, https:\/\/www.sisinternational.com\/wp-content\/uploads\/2025\/08\/Botswana-1-300x168.jpg 300w, https:\/\/www.sisinternational.com\/wp-content\/uploads\/2025\/08\/Botswana-1-768x430.jpg 768w, https:\/\/www.sisinternational.com\/wp-content\/uploads\/2025\/08\/Botswana-1-18x10.jpg 18w, https:\/\/www.sisinternational.com\/wp-content\/uploads\/2025\/08\/Botswana-1.jpg 1456w\" sizes=\"auto, (max-width: 1024px) 100vw, 1024px\" alt=\"\u00c9tudes de march\u00e9 et strat\u00e9gie internationales SIS\"><\/figure>\n\n\n\n<p><\/p>\n\n\n\n<p>La R\u00e9publique du Botswana est enclav\u00e9e. C&#039;est dans la r\u00e9gion australe de l&#039;Afrique. Ses voisins sont l&#039;Afrique du Sud au sud et au sud-est, la Namibie \u00e0 l&#039;ouest et au nord et le Zimbabwe au nord-est. Les langues officielles sont l&#039;anglais et le setswana. Le Botswana est plat et plus de 70 pour cent est constitu\u00e9 par le d\u00e9sert du Kalahari. Elle est devenue ind\u00e9pendante des Britanniques et a obtenu le statut de R\u00e9publique en 1966.<\/p>\n\n\n\n<h2 class=\"wp-block-heading\">Industries cl\u00e9s<\/h2>\n\n\n\n<p>Le Botswana affiche une croissance \u00e9conomique remarquable. Il figurait autrefois parmi les pays les plus pauvres du monde, mais il se situe d\u00e9sormais dans la cat\u00e9gorie des pays \u00e0 revenu interm\u00e9diaire sup\u00e9rieur. L&#039;exploitation mini\u00e8re joue un r\u00f4le important dans le d\u00e9veloppement du pays. Le secteur minier se concentre principalement sur les diamants. Le Botswana poss\u00e8de certaines des plus grandes r\u00e9serves de diamants au monde. Elle extrait \u00e9galement de l\u2019or, du carbonate de sodium, du cuivre, du nickel et du charbon.<\/p>\n\n\n\n<p>L&#039;industrie agricole contribue \u00e9galement \u00e0 l&#039;\u00e9conomie. Le climat du pays et l&#039;\u00e9tendue d\u00e9sertique ne permettent pas une agriculture \u00e0 grande \u00e9chelle. Les agriculteurs de subsistance cultivent du ma\u00efs, du sorgho, du mil et des arachides. Les Botswanais \u00e9l\u00e8vent \u00e9galement du b\u00e9tail pour produire de la viande bovine.<\/p>\n\n\n\n<h2 class=\"wp-block-heading\">Quartiers<\/h2>\n\n\n\n<p>Gabarone est la plus grande ville du Botswana et sert de capitale gouvernementale et \u00e9conomique. La capitale poss\u00e8de des bureaux gouvernementaux, des b\u00e2timents parlementaires, des \u00e9tablissements de sant\u00e9 et de grandes entreprises. Les compagnies d&#039;\u00e9lectricit\u00e9 et l&#039;Universit\u00e9 du Botswana se trouvent \u00e9galement dans la capitale. Le mus\u00e9e et la galerie d&#039;art s&#039;y trouvent \u00e9galement. Les habitants de Gaberone parlent plusieurs langues, notamment\u00a0: Setswana, anglais, kalanga et Kgalagadi.<\/p>\n\n\n\n<h2 class=\"wp-block-heading\">Les tendances<\/h2>\n\n\n\n<p>L&#039;infrastructure du Botswana est assez int\u00e9ressante. Dans les petites villes, vous trouverez souvent des huttes en terre battue et des maisons traditionnelles juste \u00e0 c\u00f4t\u00e9 d&#039;une maison de style moderne. Certaines personnes s\u2019accrochent \u00e0 la tradition tandis que d\u2019autres adoptent un mode de vie plus moderne. Cette tendance \u00e0 m\u00e9langer l\u2019ancien et le nouveau se produit \u00e9galement en politique et en religion. De nombreux Botswanais conservent leur langue et leur religion maternelles. D&#039;autres parlent anglais et se sont convertis au christianisme. Certains craignent que les langues ethniques ne disparaissent en raison d\u2019une modernisation rapide.<\/p>\n\n\n\n<h2 class=\"wp-block-heading\">Avantages et atouts du march\u00e9<\/h2>\n\n\n\n<p>Les diamants sont toujours en demande partout dans le monde. Le Botswana a la chance de disposer d\u2019une richesse de diamants qu\u2019il peut \u00e9changer \u00e0 si grande \u00e9chelle. Des \u00e9changes commerciaux fr\u00e9quents ont permis au Botswana d&#039;entretenir de bonnes relations avec d&#039;autres pays. Les \u00c9tats-Unis sont l\u2019un de ces pays.<\/p>\n\n\n\n<h2 class=\"wp-block-heading\">Base de consommateurs<\/h2>\n\n\n\n<p>La plupart des habitants des communaut\u00e9s urbaines d\u00e9pendent du Main Mall, le c\u0153ur commercial de la ville de Gaborone. C&#039;est l\u00e0 que l&#039;on trouvera des entreprises, des magasins, des banques et des franchises. Les Botswanais utilisent \u00e9galement cette zone pour pr\u00e9senter l&#039;artisanat et l&#039;art et organiser des spectacles. De nombreuses personnes vivant dans les zones rurales d\u00e9pendent de petites exploitations agricoles de subsistance. Les produits sont suffisants pour r\u00e9pondre \u00e0 leurs besoins quotidiens et contribuer \u00e0 l&#039;approvisionnement alimentaire du Main Mall.<\/p>\n\n\n\n<h2 class=\"wp-block-heading\">Raisons de d\u00e9velopper votre entreprise sur le march\u00e9<\/h2>\n\n\n\n<p>The blend of urban and rural <a href=\"https:\/\/www.sisinternational.com\/fr\/competence\/les-industries\/etude-de-marche-des-sciences-de-la-vie\/\" title=\"\u00c9tude de march\u00e9 sur les sciences de la vie\"  data-wpil-monitor-id=\"7900\">life provides a market<\/a> for modern commodities in many parts of Botswana. Your business can add to the modernization of the city areas. Or help expand the variety of goods and services provided in underdeveloped regions. The nation\u2019s economy is on the rise, and <a href=\"https:\/\/www.sisinternational.com\/fr\/tendances-futures-des-etudes-de-marche-qualitatives\/\" title=\"Tendances futures en mati\u00e8re d&#039;\u00e9tudes de march\u00e9 qualitatives\"  data-wpil-monitor-id=\"7899\">trends predict a lucrative future<\/a>. Investing now could be the best move for your business.<\/p>\n\n\n\n<h2 class=\"wp-block-heading\">\u00c0 propos des \u00e9tudes de march\u00e9 au Botswana<\/h2>\n\n\n\n<p>Are you interested in doing business in Botswana? We\u2019re here to help. We organize <a href=\"https:\/\/www.sisinternational.com\/fr\/solutions\/etude-de-marche-en-groupe-de-discussion\/\" title=\"\u00c9tude de march\u00e9 par groupe de discussion\"  data-wpil-monitor-id=\"7896\">Focus Groups in the different African markets<\/a>. We can also undertake Quantitative, Qualitative, and <a href=\"https:\/\/www.sisinternational.com\/fr\/solutions\/conseil-en-tourisme-de-voyage-et-en-hotellerie\/societe-de-gestion-hoteliere-etude-de-marche-conseil-en-strategie\/\" title=\"Soci\u00e9t\u00e9 de gestion h\u00f4teli\u00e8re \u00c9tudes de march\u00e9 et conseil en strat\u00e9gie\"  data-wpil-monitor-id=\"7898\">Strategy Research for your company<\/a>. We go through piles of information and findings. Then we compile information for you and your business. We hope this article helps with your business endeavors in Botswana.<\/p>","protected":false},"excerpt":{"rendered":"<p>Etude de march\u00e9 au Botswana La R\u00e9publique du Botswana est enclav\u00e9e. C&#039;est dans la r\u00e9gion australe de l&#039;Afrique. Ses voisins sont l&#039;Afrique du Sud au sud et au sud-est, la Namibie \u00e0 l&#039;ouest et au nord et le Zimbabwe au nord-est. Les langues officielles sont l&#039;anglais et le setswana. Le Botswana est plat, et plus de 70 pour cent de son territoire\u2026 <a title=\"\u00c9tude de march\u00e9 au Botswana\" class=\"read-more\" href=\"https:\/\/www.sisinternational.com\/fr\/couverture\/etude-de-marche-en-afrique\/etude-de-marche-au-botswana\/\" aria-label=\"En savoir plus sur Market Research in Botswana\">Lire plus<\/a><\/p>","protected":false},"author":1,"featured_media":65251,"parent":14281,"menu_order":10,"comment_status":"closed","ping_status":"closed","template":"","meta":{"footnotes":""},"class_list":["post-37722","page","type-page","status-publish","has-post-thumbnail"],"_links":{"self":[{"href":"https:\/\/www.sisinternational.com\/fr\/wp-json\/wp\/v2\/pages\/37722","targetHints":{"allow":["GET"]}}],"collection":[{"href":"https:\/\/www.sisinternational.com\/fr\/wp-json\/wp\/v2\/pages"}],"about":[{"href":"https:\/\/www.sisinternational.com\/fr\/wp-json\/wp\/v2\/types\/page"}],"author":[{"embeddable":true,"href":"https:\/\/www.sisinternational.com\/fr\/wp-json\/wp\/v2\/users\/1"}],"replies":[{"embeddable":true,"href":"https:\/\/www.sisinternational.com\/fr\/wp-json\/wp\/v2\/comments?post=37722"}],"version-history":[{"count":3,"href":"https:\/\/www.sisinternational.com\/fr\/wp-json\/wp\/v2\/pages\/37722\/revisions"}],"predecessor-version":[{"id":81332,"href":"https:\/\/www.sisinternational.com\/fr\/wp-json\/wp\/v2\/pages\/37722\/revisions\/81332"}],"up":[{"embeddable":true,"href":"https:\/\/www.sisinternational.com\/fr\/wp-json\/wp\/v2\/pages\/14281"}],"wp:featuredmedia":[{"embeddable":true,"href":"https:\/\/www.sisinternational.com\/fr\/wp-json\/wp\/v2\/media\/65251"}],"wp:attachment":[{"href":"https:\/\/www.sisinternational.com\/fr\/wp-json\/wp\/v2\/media?parent=37722"}],"curies":[{"name":"wp","href":"https:\/\/api.w.org\/{rel}","templated":true}]}}