{"id":37720,"date":"2021-05-19T05:29:23","date_gmt":"2021-05-19T05:29:23","guid":{"rendered":"https:\/\/www.sisinternational.com\/?page_id=37720"},"modified":"2026-01-27T16:37:06","modified_gmt":"2026-01-27T21:37:06","slug":"etude-de-marche-cote-divoire","status":"publish","type":"page","link":"https:\/\/www.sisinternational.com\/fr\/couverture\/etude-de-marche-en-afrique\/etude-de-marche-cote-divoire\/","title":{"rendered":"Etude de march\u00e9 en C\u00f4te d&#039;Ivoire"},"content":{"rendered":"<h1 class=\"wp-block-heading p1\"><span class=\"s1\">Etude de march\u00e9 en C\u00f4te d&#039;Ivoire<\/span><\/h1>\n\n\n\n<figure class=\"gb-block-image gb-block-image-2b9f1310\"><img loading=\"lazy\" decoding=\"async\" width=\"1456\" height=\"816\" class=\"gb-image gb-image-2b9f1310\" src=\"https:\/\/www.sisinternational.com\/wp-content\/uploads\/2025\/08\/Cote-dIvoire-3.jpg\" srcset=\"https:\/\/www.sisinternational.com\/wp-content\/uploads\/2025\/08\/Cote-dIvoire-3.jpg 1456w, https:\/\/www.sisinternational.com\/wp-content\/uploads\/2025\/08\/Cote-dIvoire-3-300x168.jpg 300w, https:\/\/www.sisinternational.com\/wp-content\/uploads\/2025\/08\/Cote-dIvoire-3-1024x574.jpg 1024w, https:\/\/www.sisinternational.com\/wp-content\/uploads\/2025\/08\/Cote-dIvoire-3-768x430.jpg 768w, https:\/\/www.sisinternational.com\/wp-content\/uploads\/2025\/08\/Cote-dIvoire-3-18x10.jpg 18w\" sizes=\"auto, (max-width: 1456px) 100vw, 1456px\" alt=\"\u00c9tudes de march\u00e9 et strat\u00e9gie internationales SIS\"><\/figure>\n\n\n\n<p><\/p>\n\n\n\n<hr class=\"wp-block-separator has-alpha-channel-opacity is-style-dots\"\/>\n\n\n\n<h2 class=\"wp-block-heading p3\">Industries cl\u00e9s<\/h2>\n\n\n\n<p class=\"p5\">C\u00f4te d&#039;Ivoire est le fran\u00e7ais pour la C\u00f4te d&#039;Ivoire ou la C\u00f4te d&#039;Ivoire. Ce pays a connu une croissance \u00e9conomique malgr\u00e9 l&#039;instabilit\u00e9 de son gouvernement politique. Son secteur agricole est florissant. La C\u00f4te d&#039;Ivoire produit de l&#039;huile de palme, des f\u00e8ves de cacao, du caf\u00e9, de l&#039;igname et des noix de cajou. Les autres exportations sont le p\u00e9trole brut, le caoutchouc, le p\u00e9trole raffin\u00e9 et l&#039;or.<\/p>\n\n\n\n<p class=\"p5\">The Ivory Coast has the largest fishing port in <a href=\"https:\/\/www.sisinternational.com\/fr\/couverture\/etude-de-marche-en-afrique\/etude-de-marche-a-maurice-afrique\/\" title=\"Market Research in Mauritius \u2014 Island off Africa&#8217;s East Coast\"  data-wpil-monitor-id=\"8766\">Afrique<\/a> for tuna. Their sardines supply is also high in stock.<\/p>\n\n\n\n<p class=\"p5\">Il y a beaucoup d&#039;exploitation mini\u00e8re en C\u00f4te d&#039;Ivoire. Cette exploitation mini\u00e8re lui a assur\u00e9 sa place de 9\u00e8me producteur mondial de mangan\u00e8se.<\/p>\n\n\n\n<h2 class=\"wp-block-heading p3\">Quartiers<\/h2>\n\n\n\n<p class=\"p5\">La capitale de la C\u00f4te d&#039;Ivoire est le district de Yamoussoukro, au nord d&#039;Abidjan. Ce quartier est situ\u00e9 sur des collines et des plaines.<\/p>\n\n\n\n<p class=\"p5\">Abidjan est l&#039;ancienne capitale de la C\u00f4te d&#039;Ivoire. C&#039;est la plus grande ville et abrite de nombreux centres commerciaux et bancaires. C&#039;est sur plusieurs p\u00e9ninsules et \u00eeles reli\u00e9es par des ponts.<\/p>\n\n\n\n<p class=\"p5\">La C\u00f4te d&#039;Ivoire est chaude et humide et les rues sont souvent pleines de vendeurs ambulants. Malgr\u00e9 cela, Abidjan est le \u00ab Paris de l\u2019Afrique de l\u2019Ouest \u00bb. Ce titre est d\u00fb \u00e0 ses universit\u00e9s, ses parcs et ses modes exotiques. Elle poss\u00e8de \u00e9galement de larges boulevards et des mus\u00e9es.<\/p>\n\n\n\n<p class=\"p5\">Il existe de nombreux services gouvernementaux dans la ville, dont celui responsable du r\u00e9seau routier national. C&#039;est aussi la fin du chemin de fer Abidjan-Niger.<\/p>\n\n\n\n<p class=\"p5\">Autrefois, la C\u00f4te d\u2019Ivoire \u00e9tait un pays des plus paisibles, en passe de devenir riche. Le pays se remet d\u00e9sormais des guerres civiles ivoiriennes, men\u00e9es de 2002 \u00e0 2011.<\/p>\n\n\n\n<h2 class=\"wp-block-heading p3\">Tendances, base de consommateurs<\/h2>\n\n\n\n<h3 class=\"wp-block-heading p6\">M\u00e9dias<\/h3>\n\n\n\n<p class=\"p5\">La t\u00e9l\u00e9vision, la radio, les t\u00e9l\u00e9communications et la presse \u00e9crite sont toutes d\u00e9tenues et contr\u00f4l\u00e9es par le gouvernement. La libert\u00e9 d\u2019expression dans les m\u00e9dias n\u2019existe pas en C\u00f4te d\u2019Ivoire. Les autorit\u00e9s punissent souvent les reporters et les journalistes pour avoir d\u00e9pass\u00e9 les bornes.<\/p>\n\n\n\n<h3 class=\"wp-block-heading p6\">Cuisine<\/h3>\n\n\n\n<p class=\"p5\">Les Ivoiriens sont tr\u00e8s soucieux de leur alimentation. Ils utilisent souvent des c\u00e9r\u00e9ales et des tubercules dans leur cuisine. L&#039;utilisation de plantains et de manioc joue un r\u00f4le important dans leurs repas. L&#039;Aitiu, qui est une forme de p\u00e2te de ma\u00efs, est g\u00e9n\u00e9ralement utilis\u00e9e pour pr\u00e9parer des boulettes de ma\u00efs. L&#039;un de leurs principaux plats d&#039;accompagnement est l&#039;Atti\u00e9k\u00e9.<\/p>\n\n\n\n<p class=\"p5\">Les Ivoiriens mangent beaucoup de poulet. Ils aiment \u00e9galement utiliser des fruits de mer comme les sardines, la bonite, le thon et les crevettes.<\/p>\n\n\n\n<h3 class=\"wp-block-heading p6\">Musique<\/h3>\n\n\n\n<p class=\"p5\">La C\u00f4te d&#039;Ivoire a eu un impact sur la sc\u00e8ne internationale avec sa musique. Des artistes tels qu&#039;AfroB, Meiway, Magic Syst\u00e9me ont plac\u00e9 la C\u00f4te d&#039;Ivoire sur la carte de sa musique. Les genres musicaux se diff\u00e9rencient en fonction des groupes ethniques. Deux de leurs caract\u00e9ristiques distinctives sont leur batterie et leur polyphonie vocale.<\/p>\n\n\n\n<h2 class=\"wp-block-heading p6\">Points forts du march\u00e9<\/h2>\n\n\n\n<figure class=\"gb-block-image gb-block-image-18789f0b\"><img loading=\"lazy\" decoding=\"async\" width=\"1456\" height=\"816\" class=\"gb-image gb-image-18789f0b\" src=\"https:\/\/www.sisinternational.com\/wp-content\/uploads\/2025\/08\/Cote-dIvoire-1.jpg\" alt=\"\u00c9tudes de march\u00e9 et strat\u00e9gie internationales SIS\" title=\"Cote d&#039;Ivoire (1)\" srcset=\"https:\/\/www.sisinternational.com\/wp-content\/uploads\/2025\/08\/Cote-dIvoire-1.jpg 1456w, https:\/\/www.sisinternational.com\/wp-content\/uploads\/2025\/08\/Cote-dIvoire-1-300x168.jpg 300w, https:\/\/www.sisinternational.com\/wp-content\/uploads\/2025\/08\/Cote-dIvoire-1-1024x574.jpg 1024w, https:\/\/www.sisinternational.com\/wp-content\/uploads\/2025\/08\/Cote-dIvoire-1-768x430.jpg 768w, https:\/\/www.sisinternational.com\/wp-content\/uploads\/2025\/08\/Cote-dIvoire-1-18x10.jpg 18w\" sizes=\"auto, (max-width: 1456px) 100vw, 1456px\"><\/figure>\n\n\n\n<ol class=\"wp-block-list ol1\">\n<li>Plus d\u2019un tiers des Ivoiriens vivent dans la pauvret\u00e9 et le travail des enfants existe toujours. On assiste n\u00e9anmoins \u00e0 une expansion de la classe moyenne.<\/li>\n\n\n\n<li>Des ressources diversifi\u00e9es : La C\u00f4te d&#039;Ivoire est riche en agriculture (cacao, caf\u00e9, sucre, noix de cajou. Elle est \u00e9galement le premier producteur mondial de caoutchouc). Le pays produit \u00e9galement des hydrocarbures et des min\u00e9raux (or, cuivre, fer, mangan\u00e8se et bauxite).<\/li>\n\n\n\n<li>La C\u00f4te d&#039;Ivoire fait partie de l&#039;Union \u00e9conomique et mon\u00e9taire ouest-africaine (UEMOA). Cette organisation dispose d\u2019une monnaie commune, qui permet de contr\u00f4ler l\u2019inflation.<\/li>\n\n\n\n<li>Les infrastructures sont en cours de modernisation.<\/li>\n\n\n\n<li>Le pays apporte des am\u00e9liorations continues \u00e0 l\u2019environnement des affaires et de la gouvernance.<\/li>\n<\/ol>\n\n\n\n<h2 class=\"wp-block-heading p6\">Raisons de d\u00e9velopper votre entreprise sur le march\u00e9<\/h2>\n\n\n\n<ol class=\"wp-block-list ol1\">\n<li>Agroalimentaire : la C\u00f4te d\u2019Ivoire exporte des mati\u00e8res premi\u00e8res. Il existe un potentiel pour les entreprises souhaitant traiter ces mat\u00e9riaux \u00e0 l\u2019int\u00e9rieur du pays.<\/li>\n\n\n\n<li>The region imports the vast majority of its medical supplies. Thus, this sector has many opportunities, and as the population expands, the demand for healthcare will increase. Local <a href=\"https:\/\/www.sisinternational.com\/fr\/competence\/les-industries\/etude-de-marche-sur-le-diagnostic-clinique\/\" title=\"\u00c9tude de march\u00e9 sur le diagnostic clinique\"  data-wpil-monitor-id=\"8765\">diagnostics centers and clinics<\/a> are still scarce. Affluent people often travel abroad for treatment. There is potential for the private sector to expand healthcare capacity.<\/li>\n\n\n\n<li>Education is another area of interest for investors. There is a shortfall in capacity and growing demand in this sector. Many members of the young population leave the educational circuit early with few qualifications. There are gaps in theoretical training and business needs.&nbsp;Businesses can establish training centers to close those gaps.<\/li>\n<\/ol>\n\n\n\n<h2 class=\"wp-block-heading p3\">\u00c0 propos des \u00e9tudes de march\u00e9 en C\u00f4te d&#039;Ivoire<\/h2>\n\n\n\n<p class=\"p5\">If you&#8217;re a business visionary who wants to work in Ivory Coast, <a href=\"https:\/\/www.sisinternational.com\/fr\/contacter-sis-etude-de-marche-internationale\/\" title=\"Contactez-nous\"  data-wpil-monitor-id=\"8763\">Recherche internationale SIS<\/a> is ideal for you. We arrange focus groups in different <a href=\"https:\/\/www.sisinternational.com\/fr\/leffet-des-cultures-de-marche-nigerianes-sur-les-affaires\/\" title=\"Le march\u00e9 nig\u00e9rian\u00a0: l&#039;effet de la culture sur les affaires\"  data-wpil-monitor-id=\"7482\">business areas in Africa<\/a> and conduct Quantitative, Qualitative, and Strategy Research. We will collect essential information for you and your business. <a href=\"https:\/\/www.sisinternational.com\/fr\/facteurs-cles-de-succes-dans-les-etudes-de-marche-automobile\/\" title=\"Facteurs cl\u00e9s de succ\u00e8s dans les \u00e9tudes de march\u00e9 automobile\"  data-wpil-monitor-id=\"8764\">Market Research ensures your success<\/a>.<\/p>\n\n\n\n<p class=\"p5\"><\/p>","protected":false},"excerpt":{"rendered":"<p>\u00c9tudes de march\u00e9 en C\u00f4te d&#039;Ivoire Industries cl\u00e9s C\u00f4te d&#039;Ivoire est le fran\u00e7ais pour la C\u00f4te d&#039;Ivoire ou la C\u00f4te d&#039;Ivoire. Ce pays a connu une croissance \u00e9conomique malgr\u00e9 l&#039;instabilit\u00e9 de son gouvernement politique. Son secteur agricole est florissant. La C\u00f4te d&#039;Ivoire produit de l&#039;huile de palme, des f\u00e8ves de cacao, du caf\u00e9, de l&#039;igname et des noix de cajou. Les autres exportations sont le p\u00e9trole brut, le caoutchouc,\u2026 <a title=\"Etude de march\u00e9 en C\u00f4te d&#039;Ivoire\" class=\"read-more\" href=\"https:\/\/www.sisinternational.com\/fr\/couverture\/etude-de-marche-en-afrique\/etude-de-marche-cote-divoire\/\" aria-label=\"En savoir plus sur Market Research in Cote d&#8217;Ivoire\">Lire plus<\/a><\/p>","protected":false},"author":1,"featured_media":65173,"parent":14281,"menu_order":9,"comment_status":"closed","ping_status":"closed","template":"","meta":{"footnotes":""},"class_list":["post-37720","page","type-page","status-publish","has-post-thumbnail"],"_links":{"self":[{"href":"https:\/\/www.sisinternational.com\/fr\/wp-json\/wp\/v2\/pages\/37720","targetHints":{"allow":["GET"]}}],"collection":[{"href":"https:\/\/www.sisinternational.com\/fr\/wp-json\/wp\/v2\/pages"}],"about":[{"href":"https:\/\/www.sisinternational.com\/fr\/wp-json\/wp\/v2\/types\/page"}],"author":[{"embeddable":true,"href":"https:\/\/www.sisinternational.com\/fr\/wp-json\/wp\/v2\/users\/1"}],"replies":[{"embeddable":true,"href":"https:\/\/www.sisinternational.com\/fr\/wp-json\/wp\/v2\/comments?post=37720"}],"version-history":[{"count":5,"href":"https:\/\/www.sisinternational.com\/fr\/wp-json\/wp\/v2\/pages\/37720\/revisions"}],"predecessor-version":[{"id":81470,"href":"https:\/\/www.sisinternational.com\/fr\/wp-json\/wp\/v2\/pages\/37720\/revisions\/81470"}],"up":[{"embeddable":true,"href":"https:\/\/www.sisinternational.com\/fr\/wp-json\/wp\/v2\/pages\/14281"}],"wp:featuredmedia":[{"embeddable":true,"href":"https:\/\/www.sisinternational.com\/fr\/wp-json\/wp\/v2\/media\/65173"}],"wp:attachment":[{"href":"https:\/\/www.sisinternational.com\/fr\/wp-json\/wp\/v2\/media?parent=37720"}],"curies":[{"name":"wp","href":"https:\/\/api.w.org\/{rel}","templated":true}]}}