{"id":37718,"date":"2021-05-19T05:24:58","date_gmt":"2021-05-19T05:24:58","guid":{"rendered":"https:\/\/www.sisinternational.com\/?page_id=37718"},"modified":"2025-09-14T14:46:34","modified_gmt":"2025-09-14T18:46:34","slug":"etude-de-marche-en-angola","status":"publish","type":"page","link":"https:\/\/www.sisinternational.com\/fr\/couverture\/etude-de-marche-en-afrique\/etude-de-marche-en-angola\/","title":{"rendered":"Etude de march\u00e9 en Angola"},"content":{"rendered":"<h1 class=\"wp-block-heading\">Etude de march\u00e9 en Angola<\/h1>\n\n\n\n<figure class=\"gb-block-image gb-block-image-92ac5641\"><img loading=\"lazy\" decoding=\"async\" width=\"1024\" height=\"574\" class=\"gb-image gb-image-92ac5641\" src=\"https:\/\/www.sisinternational.com\/wp-content\/uploads\/2025\/08\/Angola-2-1024x574.jpg\" srcset=\"https:\/\/www.sisinternational.com\/wp-content\/uploads\/2025\/08\/Angola-2-1024x574.jpg 1024w, https:\/\/www.sisinternational.com\/wp-content\/uploads\/2025\/08\/Angola-2-300x168.jpg 300w, https:\/\/www.sisinternational.com\/wp-content\/uploads\/2025\/08\/Angola-2-768x430.jpg 768w, https:\/\/www.sisinternational.com\/wp-content\/uploads\/2025\/08\/Angola-2-18x10.jpg 18w, https:\/\/www.sisinternational.com\/wp-content\/uploads\/2025\/08\/Angola-2.jpg 1456w\" sizes=\"auto, (max-width: 1024px) 100vw, 1024px\" alt=\"\u00c9tudes de march\u00e9 et strat\u00e9gie internationales SIS\"><\/figure>\n\n\n\n<p><\/p>\n\n\n\n<h2 class=\"wp-block-heading\">Industries cl\u00e9s<\/h2>\n\n\n\n<p>Pendant la p\u00e9riode coloniale, l\u2019Angola \u00e9tait le joyau du Portugal. Cela a donn\u00e9 aux gens l\u2019encouragement dont ils avaient besoin pour investir dans leur \u00e9conomie. C\u2019est ainsi que l\u2019\u00e9conomie a commenc\u00e9 \u00e0 conna\u00eetre une croissance rapide dans les ann\u00e9es 1970. Les principales exportations \u00e9taient les diamants, le caf\u00e9, le p\u00e9trole et le sisal. On note \u00e9galement le d\u00e9veloppement de l&#039;industrie l\u00e9g\u00e8re dans les grandes villes.<\/p>\n\n\n\n<p>La croissance de l\u2019\u00e9conomie \u00e9tait in\u00e9gale parce que les b\u00e9n\u00e9fices allaient \u00e0 la \u00ab classe des colons \u00bb. Pour cette raison, les gens ordinaires ont d\u00fb se concentrer sur l\u2019agriculture. Ils ont d\u00fb baisser les prix des produits pour gagner leur vie. En cons\u00e9quence, cela a conduit l\u2019Angola vers un mouvement nationaliste.<\/p>\n\n\n\n<h2 class=\"wp-block-heading\">Quartiers<\/h2>\n\n\n\n<p>L&#039;Angola est un pays du sud-ouest de l&#039;Afrique. C&#039;est un pays immense avec un large \u00e9ventail de paysages : montagnes, vall\u00e9es, for\u00eats tropicales et terres semi-arides.<\/p>\n\n\n\n<p>Luanda, la capitale de l&#039;Angola, est une vaste ville portuaire situ\u00e9e sur la c\u00f4te nord. Il m\u00e9lange les styles de maisons traditionnelles africaines avec des b\u00e2timents de style colonial portugais. Luanda poss\u00e8de \u00e9galement de nombreux gratte-ciel modernes.<\/p>\n\n\n\n<h2 class=\"wp-block-heading\">Les tendances<\/h2>\n\n\n\n<p>Le cin\u00e9ma, le sport et la musique font partie int\u00e9grante de la culture angolaise. Les racines africaines sont \u00e9videntes dans la musique et la danse et fa\u00e7onnent le discours de la langue portugaise. C&#039;est \u00e9galement le cas dans l&#039;\u00e9criture angolaise contemporaine, en particulier dans les \u0153uvres d&#039;\u00e9crivains autochtones.<\/p>\n\n\n\n<p>Le jeu le plus populaire en Angola est le basket-ball. Son \u00e9quipe nationale a remport\u00e9 de nombreuses fois l&#039;AfroBasket et d\u00e9tient le record du plus grand nombre de titres. En tant que meilleure \u00e9quipe d&#039;Afrique, elle est r\u00e9guli\u00e8rement en lice aux Jeux olympiques d&#039;\u00e9t\u00e9 et \u00e0 la Coupe du monde FIBA.<\/p>\n\n\n\n<p>Dans le football, l&#039;Angola a accueilli la Coupe d&#039;Afrique des Nations 2010. L&#039;\u00e9quipe nationale angolaise de football a atteint la finale de la Coupe du Monde de la FIFA 2006 : sa premi\u00e8re apparition \u00e0 ce niveau. Ils ont remport\u00e9 trois Coupes COSAFA et ont \u00e9t\u00e9 finalistes du Championnat d&#039;Afrique des Nations 2011.<\/p>\n\n\n\n<p>L&#039;Angola participe depuis longtemps au Championnat du monde de handball f\u00e9minin. La nation participe \u00e9galement aux Jeux olympiques d\u2019\u00e9t\u00e9 depuis tr\u00e8s longtemps.<\/p>\n\n\n\n<p>Points forts du march\u00e9<\/p>\n\n\n\n<h3 class=\"wp-block-heading\">1. Des ressources naturelles g\u00e9n\u00e9reuses<\/h3>\n\n\n\n<p>L&#039;Angola poss\u00e8de de vastes actifs d&#039;hydrocarbures et de min\u00e9raux et d&#039;abondantes terres cultivables. Il pr\u00e9sente \u00e9galement un bon potentiel pour des ann\u00e9es d\u2019hydro\u00e9lectricit\u00e9.<\/p>\n\n\n\n<h3 class=\"wp-block-heading\">2. Les relations commerciales avec la Chine.<\/h3>\n\n\n\n<p>L&#039;Angola entretient des relations commerciales avec la Chine pour le d\u00e9veloppement de son pays.<\/p>\n\n\n\n<h2 class=\"wp-block-heading\">Base de consommateurs<\/h2>\n\n\n\n<p>La plupart des Angolais sont jeunes, ce qui rend la base des consommateurs et acheteurs jeune. De plus, la majorit\u00e9 de ces personnes vivent dans les r\u00e9gions m\u00e9tropolitaines.<\/p>\n\n\n\n<p>The standard of living in Angola has improved as of late with financial development. Yet, on average, Angolans still have a low standard of living. Discretionary income is insufficient. A high volume of <a href=\"https:\/\/www.sisinternational.com\/fr\/competence\/les-industries\/etude-de-marche-sur-les-boissons-alimentaires-et-la-voix-du-client\/\" title=\"\u00c9tude de march\u00e9 sur la voix du client dans le secteur des aliments et des boissons\"  data-wpil-monitor-id=\"7748\">customer spending is on food<\/a> and drink. Also, the food costs are high.<\/p>\n\n\n\n<p>If Angolans grow new foods instead of importing, this will ensure extra cash in the country. It can further enable a better standard of living. Thus, the fresh produce <a href=\"https:\/\/www.sisinternational.com\/fr\/competence\/les-industries\/etude-de-marche-sur-lexploitation-miniere-spatiale\/\" title=\"\u00c9tude de march\u00e9 sur l\u2019exploitation mini\u00e8re spatiale\"  data-wpil-monitor-id=\"7749\">market<\/a> in Angola has a lot of space to develop.<\/p>\n\n\n\n<p>Le pays revisite un programme de d\u00e9veloppement. Ce programme se concentrera sur les domaines de la p\u00eache, de l&#039;extraction, de la monnaie et de la terre. D\u00e9j\u00e0, la capture de poissons a augment\u00e9.<\/p>\n\n\n\n<h2 class=\"wp-block-heading\">Raisons de d\u00e9velopper votre entreprise sur le march\u00e9<\/h2>\n\n\n\n<figure class=\"gb-block-image gb-block-image-8764b699\"><img loading=\"lazy\" decoding=\"async\" width=\"1456\" height=\"816\" class=\"gb-image gb-image-8764b699\" src=\"https:\/\/www.sisinternational.com\/wp-content\/uploads\/2025\/08\/Angola-3.jpg\" alt=\"\u00c9tudes de march\u00e9 et strat\u00e9gie internationales SIS\" title=\"Angola (3)\" srcset=\"https:\/\/www.sisinternational.com\/wp-content\/uploads\/2025\/08\/Angola-3.jpg 1456w, https:\/\/www.sisinternational.com\/wp-content\/uploads\/2025\/08\/Angola-3-300x168.jpg 300w, https:\/\/www.sisinternational.com\/wp-content\/uploads\/2025\/08\/Angola-3-1024x574.jpg 1024w, https:\/\/www.sisinternational.com\/wp-content\/uploads\/2025\/08\/Angola-3-768x430.jpg 768w, https:\/\/www.sisinternational.com\/wp-content\/uploads\/2025\/08\/Angola-3-18x10.jpg 18w\" sizes=\"auto, (max-width: 1456px) 100vw, 1456px\"><\/figure>\n\n\n\n<p><\/p>\n\n\n\n<h3 class=\"wp-block-heading\">1. Certains secteurs industriels sont exon\u00e9r\u00e9s d&#039;imp\u00f4t.<\/h3>\n\n\n\n<p>Le gouvernement recherche :<\/p>\n\n\n\n<h3 class=\"wp-block-heading\">2. Diversification \u00e9conomique<\/h3>\n\n\n\n<h3 class=\"wp-block-heading\">3. Modification des technologies modernes<\/h3>\n\n\n\n<h3 class=\"wp-block-heading\">4. Les domaines financiers et sociaux pr\u00e9sentant le meilleur potentiel sont :<\/h3>\n\n\n\n<ul class=\"wp-block-list\">\n<li>Agro-industrie, production animale et foresterie<\/li>\n\n\n\n<li>Tourisme<\/li>\n\n\n\n<li>Industries d\u2019assemblage et de transformation<\/li>\n\n\n\n<li>P\u00eaches et aquaculture, y compris la manipulation du poisson<\/li>\n\n\n\n<li>Transports et T\u00e9l\u00e9communications<\/li>\n\n\n\n<li>Scolarisation (enseignement r\u00e9gulier et formation technique-professionnelle)<\/li>\n\n\n\n<li>Aide au d\u00e9veloppement et au logement<\/li>\n\n\n\n<li>Technologie informatique et de gestion<\/li>\n\n\n\n<li>Soins m\u00e9dicaux (m\u00e9decine pr\u00e9ventive et industrie pharmaceutique)<\/li>\n<\/ul>\n\n\n\n<h2 class=\"wp-block-heading\">\u00c0 propos des \u00e9tudes de march\u00e9 en Angola<\/h2>\n\n\n\n<p>Are you a business visionary looking to work in Angola? If so, you have come to the best place. We put together Focus Groups in the different African business areas, and we can also do Quantitative, Qualitative, and Strategy <a href=\"https:\/\/www.sisinternational.com\/fr\/competence\/les-industries\/etudes-de-marche-des-organismes-de-recherche-sous-contrat\/\" title=\"\u00c9tude de march\u00e9 sur les organismes de recherche sous contrat\"  data-wpil-monitor-id=\"7747\">Research for your organization<\/a>. We tunnel through primary research, surveys, interviews, and articles. That is only the start. We collect essential information for you and your business.<\/p>\n\n\n\n<p><\/p>","protected":false},"excerpt":{"rendered":"<p>Etude de march\u00e9 en Angola Industries cl\u00e9s Pendant la p\u00e9riode coloniale, l&#039;Angola \u00e9tait le joyau du Portugal. Cela a encourag\u00e9 les gens dont ils avaient besoin pour investir dans leur \u00e9conomie. Gr\u00e2ce \u00e0 cela, l\u2019\u00e9conomie a commenc\u00e9 \u00e0 conna\u00eetre une croissance rapide dans les ann\u00e9es 1970. Les principales exportations \u00e9taient les diamants, le caf\u00e9, le p\u00e9trole et le sisal. Il y a eu aussi le d\u00e9veloppement de\u2026 <a title=\"Etude de march\u00e9 en Angola\" class=\"read-more\" href=\"https:\/\/www.sisinternational.com\/fr\/couverture\/etude-de-marche-en-afrique\/etude-de-marche-en-angola\/\" aria-label=\"En savoir plus sur Market Research in Angola\">Lire plus<\/a><\/p>","protected":false},"author":1,"featured_media":65244,"parent":14281,"menu_order":8,"comment_status":"closed","ping_status":"closed","template":"","meta":{"footnotes":""},"class_list":["post-37718","page","type-page","status-publish","has-post-thumbnail"],"_links":{"self":[{"href":"https:\/\/www.sisinternational.com\/fr\/wp-json\/wp\/v2\/pages\/37718","targetHints":{"allow":["GET"]}}],"collection":[{"href":"https:\/\/www.sisinternational.com\/fr\/wp-json\/wp\/v2\/pages"}],"about":[{"href":"https:\/\/www.sisinternational.com\/fr\/wp-json\/wp\/v2\/types\/page"}],"author":[{"embeddable":true,"href":"https:\/\/www.sisinternational.com\/fr\/wp-json\/wp\/v2\/users\/1"}],"replies":[{"embeddable":true,"href":"https:\/\/www.sisinternational.com\/fr\/wp-json\/wp\/v2\/comments?post=37718"}],"version-history":[{"count":3,"href":"https:\/\/www.sisinternational.com\/fr\/wp-json\/wp\/v2\/pages\/37718\/revisions"}],"predecessor-version":[{"id":81305,"href":"https:\/\/www.sisinternational.com\/fr\/wp-json\/wp\/v2\/pages\/37718\/revisions\/81305"}],"up":[{"embeddable":true,"href":"https:\/\/www.sisinternational.com\/fr\/wp-json\/wp\/v2\/pages\/14281"}],"wp:featuredmedia":[{"embeddable":true,"href":"https:\/\/www.sisinternational.com\/fr\/wp-json\/wp\/v2\/media\/65244"}],"wp:attachment":[{"href":"https:\/\/www.sisinternational.com\/fr\/wp-json\/wp\/v2\/media?parent=37718"}],"curies":[{"name":"wp","href":"https:\/\/api.w.org\/{rel}","templated":true}]}}