{"id":37716,"date":"2021-05-19T05:18:50","date_gmt":"2021-05-19T05:18:50","guid":{"rendered":"https:\/\/www.sisinternational.com\/?page_id=37716"},"modified":"2025-11-10T22:16:27","modified_gmt":"2025-11-11T03:16:27","slug":"etude-de-marche-au-cameroun","status":"publish","type":"page","link":"https:\/\/www.sisinternational.com\/fr\/couverture\/etude-de-marche-en-afrique\/etude-de-marche-au-cameroun\/","title":{"rendered":"Etude de march\u00e9 au Cameroun"},"content":{"rendered":"<h1 class=\"wp-block-heading\">Etude de march\u00e9 au Cameroun, Afrique<\/h1>\n\n\n\n<figure class=\"gb-block-image gb-block-image-5bc7228c\"><img loading=\"lazy\" decoding=\"async\" width=\"1456\" height=\"816\" class=\"gb-image gb-image-5bc7228c\" src=\"https:\/\/www.sisinternational.com\/wp-content\/uploads\/2025\/08\/Cameroon-1.jpg\" alt=\"\u00c9tudes de march\u00e9 et strat\u00e9gie internationales SIS\" title=\"Cameroon (1)\" srcset=\"https:\/\/www.sisinternational.com\/wp-content\/uploads\/2025\/08\/Cameroon-1.jpg 1456w, https:\/\/www.sisinternational.com\/wp-content\/uploads\/2025\/08\/Cameroon-1-300x168.jpg 300w, https:\/\/www.sisinternational.com\/wp-content\/uploads\/2025\/08\/Cameroon-1-1024x574.jpg 1024w, https:\/\/www.sisinternational.com\/wp-content\/uploads\/2025\/08\/Cameroon-1-768x430.jpg 768w, https:\/\/www.sisinternational.com\/wp-content\/uploads\/2025\/08\/Cameroon-1-18x10.jpg 18w\" sizes=\"auto, (max-width: 1456px) 100vw, 1456px\"><\/figure>\n\n\n\n<p><\/p>\n\n\n\n<hr class=\"wp-block-separator has-alpha-channel-opacity is-style-dots\"\/>\n\n\n\n<p>Situ\u00e9 sur le golfe de Guin\u00e9e se trouve le Cameroun, pris en sandwich entre le Nigeria et la R\u00e9publique centrafricaine. Son nom d\u00e9rive du portugais \u00ab Camaroes \u00bb (qui signifie crevette). Certains la consid\u00e8rent comme \u00ab l\u2019Afrique en miniature \u00bb en raison de sa diversit\u00e9 g\u00e9ographique et culturelle. C&#039;est un pays \u00e0 revenu faible ou interm\u00e9diaire avec une population de plus de 25 millions d&#039;habitants (2018)<\/p>\n\n\n\n<p>Les principales langues du Cameroun sont le fran\u00e7ais et l&#039;anglais. La religion dominante est le christianisme. Sa capitale, Yaound\u00e9, se situe dans le centre-sud du pays. Comme toute autre r\u00e9gion tropicale, le Cameroun est humide toute l\u2019ann\u00e9e. Les temp\u00e9ratures sont plus basses dans les zones montagneuses.<\/p>\n\n\n\n<h2 class=\"wp-block-heading\">Quartiers<\/h2>\n\n\n\n<p>Outre la capitale Yaound\u00e9, une autre r\u00e9gion \u00e0 noter est Douala. La qualit\u00e9 de vie dans les deux villes se situe dans la moyenne, Douala ayant un co\u00fbt de la vie plus \u00e9lev\u00e9.<\/p>\n\n\n\n<p>La menace la plus importante pour la s\u00e9curit\u00e9 au Cameroun r\u00e9side dans les attaques en cours de Boko Haram dans le nord. Ces attaques ont entra\u00een\u00e9 une augmentation du nombre de morts et de fr\u00e9quentes situations de r\u00e9fugi\u00e9s.<\/p>\n\n\n\n<h2 class=\"wp-block-heading\">Les tendances<\/h2>\n\n\n\n<p>Le secteur agricole repr\u00e9sente plus de la moiti\u00e9 des revenus du pays. Elle emploie 60 pour cent de la population. Les principales cultures de rente du Cameroun vont des cultures vivri\u00e8res traditionnelles aux cultures destin\u00e9es \u00e0 l&#039;exportation. L\u2019agriculture emploie au moins un adulte dans un m\u00e9nage camerounais moyen. La moiti\u00e9 du Cameroun vit dans un \u00e9tat de pauvret\u00e9 face \u00e0 une population croissante.<\/p>\n\n\n\n<p>Most of the country\u2019s citizens eat large quantities of fruits and vegetables since they have, over time, linked health and well-being to healthy foods. This rise in demand has increased the <a href=\"https:\/\/www.sisinternational.com\/fr\/solutions\/test-de-gout\/food-product-tests-in-ny\/\" title=\"Food Product Tests In NY\"  data-wpil-monitor-id=\"7893\">production of healthier choices of food<\/a> and crops.<\/p>\n\n\n\n<h2 class=\"wp-block-heading\">Avantages et atouts sur le march\u00e9<\/h2>\n\n\n\n<p>Cameroon has the advantage of excellent climatic conditions, resulting in fertile soil for the growth of staple food crops. Another benefit is supportive government policies. Farmers and traders have freedom of movement, which has resulted in the <a href=\"https:\/\/www.sisinternational.com\/fr\/competence\/les-industries\/etude-de-marche-sur-le-developpement-low-code\/\" title=\"\u00c9tude de march\u00e9 sur le d\u00e9veloppement Low Code\"  data-wpil-monitor-id=\"7892\">development of the market<\/a>. Sometimes producers and farmers cannot sell their <a href=\"https:\/\/www.sisinternational.com\/fr\/competence\/cv-dexperience\/etude-de-marche-sur-les-produits-de-soins-personnels\/\" title=\"\u00c9tude de march\u00e9 sur les produits de soins personnels\"  data-wpil-monitor-id=\"7890\">products on the local market<\/a>. The government does not prevent them from doing so on the international market.<\/p>\n\n\n\n<h2 class=\"wp-block-heading\">Base de consommateurs<\/h2>\n\n\n\n<p>Malgr\u00e9 les d\u00e9fis rencontr\u00e9s, le Cameroun reste l&#039;un des pays les plus stables. Sa situation strat\u00e9gique lui donne acc\u00e8s au march\u00e9 nig\u00e9rian. Elle compte \u00e9galement des consommateurs potentiels provenant d\u2019autres r\u00e9gions voisines. Son emplacement sert \u00e9galement de plaque tournante pour de grands projets futurs prospectifs.<\/p>\n\n\n\n<p>Imports from the U.S., Europe, and China dominate some essential local goods. Cameroonians associate foreign products with quality. Middle-class people are the <a href=\"https:\/\/www.sisinternational.com\/fr\/competence\/recherche-personnalisee-principale-2\/\" title=\"\u00c9tude de march\u00e9 primaire\"  data-wpil-monitor-id=\"7891\">primary consumers in this market<\/a>.<\/p>\n\n\n\n<h2 class=\"wp-block-heading\">Raisons de d\u00e9velopper votre entreprise sur le march\u00e9.<\/h2>\n\n\n\n<figure class=\"gb-block-image gb-block-image-ceb6ccd5\"><img loading=\"lazy\" decoding=\"async\" width=\"1456\" height=\"816\" class=\"gb-image gb-image-ceb6ccd5\" src=\"https:\/\/www.sisinternational.com\/wp-content\/uploads\/2025\/08\/Cameroon-2.jpg\" alt=\"\u00c9tudes de march\u00e9 et strat\u00e9gie internationales SIS\" title=\"Cameroon (2)\" srcset=\"https:\/\/www.sisinternational.com\/wp-content\/uploads\/2025\/08\/Cameroon-2.jpg 1456w, https:\/\/www.sisinternational.com\/wp-content\/uploads\/2025\/08\/Cameroon-2-300x168.jpg 300w, https:\/\/www.sisinternational.com\/wp-content\/uploads\/2025\/08\/Cameroon-2-1024x574.jpg 1024w, https:\/\/www.sisinternational.com\/wp-content\/uploads\/2025\/08\/Cameroon-2-768x430.jpg 768w, https:\/\/www.sisinternational.com\/wp-content\/uploads\/2025\/08\/Cameroon-2-18x10.jpg 18w\" sizes=\"auto, (max-width: 1456px) 100vw, 1456px\"><\/figure>\n\n\n\n<p><\/p>\n\n\n\n<p>Les progr\u00e8s se font par \u00e9tapes, et le Cameroun en tant que pays ne fait pas exception. Les investissements \u00e9trangers dans ce pays r\u00e9soudront de nombreux probl\u00e8mes. De tels investissements contribuent au d\u00e9veloppement des infrastructures, des transports et de l\u2019\u00e9nergie. Tout ce qui peut am\u00e9liorer et faire avancer le pays est le bienvenu.<\/p>\n\n\n\n<p>With thorough market research, a <a href=\"https:\/\/www.sisinternational.com\/fr\/top-5-benefits-of-qualitative-market-research-for-businesses\/\" title=\"Top 5 Benefits of Qualitative Market Research for Businesses\"  data-wpil-monitor-id=\"7895\">business will benefit<\/a> by setting roots in Cameroon. The country needs investment, and the market is ripe.<\/p>\n\n\n\n<h2 class=\"wp-block-heading\">\u00c0 propos des \u00e9tudes de march\u00e9 au Cameroun<\/h2>\n\n\n\n<p>Cameroon is a market with promise. Choosing the right <a href=\"https:\/\/www.sisinternational.com\/fr\/publications\/etude-de-marche-sur-les-entreprises-evolutives-7-facons-de-creer-une-entreprise-evolutive\/\" title=\"\u00c9tude de march\u00e9 sur les entreprises \u00e9volutives\u00a0: 7 fa\u00e7ons de cr\u00e9er une entreprise \u00e9volutive\"  data-wpil-monitor-id=\"7894\">research group is vital for your business<\/a>. A company with a reliable <a href=\"https:\/\/www.sisinternational.com\/fr\/solutions\/conseil-en-strategie\/etude-de-marche-du-reseau-dexperts\/\" title=\"\u00c9tude de march\u00e9 du r\u00e9seau d\u2019experts\"  data-wpil-monitor-id=\"7889\">network of experienced research experts<\/a> is the best choice\u2014our researchers will use focus groups to assist you in making the best decisions.<\/p>\n\n\n\n<p>We use Qualitative, Quantitative, and Strategy Research, Surveys, and other data analysis tools to help you decide on your investment approach. You will receive the necessary insight to offer the right <a href=\"https:\/\/www.sisinternational.com\/fr\/solutions\/test-de-gout\/services-de-test-de-produits-a-new-york\/\" title=\"Services de test de produits \u00e0 New York\"  data-wpil-monitor-id=\"7897\">services and products<\/a>. Your goal is to meet the needs of Cameroonian consumers, and we will help you reach it.<\/p>","protected":false},"excerpt":{"rendered":"<p>Etude de march\u00e9 au Cameroun, Afrique Situ\u00e9 sur le golfe de Guin\u00e9e se trouve le pays du Cameroun, pris en sandwich entre le Nigeria et la R\u00e9publique centrafricaine. Son nom d\u00e9rive du portugais \u00ab Camaroes \u00bb (qui signifie crevette). Certains la consid\u00e8rent comme \u00ab l\u2019Afrique en miniature \u00bb en raison de sa diversit\u00e9 g\u00e9ographique et culturelle. Il s\u2019agit d\u2019un revenu faible \u00e0 interm\u00e9diaire\u2026 <a title=\"Etude de march\u00e9 au Cameroun\" class=\"read-more\" href=\"https:\/\/www.sisinternational.com\/fr\/couverture\/etude-de-marche-en-afrique\/etude-de-marche-au-cameroun\/\" aria-label=\"En savoir plus sur Market Research in Cameroon\">Lire plus<\/a><\/p>","protected":false},"author":1,"featured_media":65272,"parent":14281,"menu_order":7,"comment_status":"closed","ping_status":"closed","template":"","meta":{"footnotes":""},"class_list":["post-37716","page","type-page","status-publish","has-post-thumbnail"],"_links":{"self":[{"href":"https:\/\/www.sisinternational.com\/fr\/wp-json\/wp\/v2\/pages\/37716","targetHints":{"allow":["GET"]}}],"collection":[{"href":"https:\/\/www.sisinternational.com\/fr\/wp-json\/wp\/v2\/pages"}],"about":[{"href":"https:\/\/www.sisinternational.com\/fr\/wp-json\/wp\/v2\/types\/page"}],"author":[{"embeddable":true,"href":"https:\/\/www.sisinternational.com\/fr\/wp-json\/wp\/v2\/users\/1"}],"replies":[{"embeddable":true,"href":"https:\/\/www.sisinternational.com\/fr\/wp-json\/wp\/v2\/comments?post=37716"}],"version-history":[{"count":3,"href":"https:\/\/www.sisinternational.com\/fr\/wp-json\/wp\/v2\/pages\/37716\/revisions"}],"predecessor-version":[{"id":81331,"href":"https:\/\/www.sisinternational.com\/fr\/wp-json\/wp\/v2\/pages\/37716\/revisions\/81331"}],"up":[{"embeddable":true,"href":"https:\/\/www.sisinternational.com\/fr\/wp-json\/wp\/v2\/pages\/14281"}],"wp:featuredmedia":[{"embeddable":true,"href":"https:\/\/www.sisinternational.com\/fr\/wp-json\/wp\/v2\/media\/65272"}],"wp:attachment":[{"href":"https:\/\/www.sisinternational.com\/fr\/wp-json\/wp\/v2\/media?parent=37716"}],"curies":[{"name":"wp","href":"https:\/\/api.w.org\/{rel}","templated":true}]}}