{"id":37714,"date":"2021-05-19T05:15:40","date_gmt":"2021-05-19T05:15:40","guid":{"rendered":"https:\/\/www.sisinternational.com\/?page_id=37714"},"modified":"2025-09-14T14:30:00","modified_gmt":"2025-09-14T18:30:00","slug":"etude-de-marche-au-cap-vert","status":"publish","type":"page","link":"https:\/\/www.sisinternational.com\/fr\/couverture\/etude-de-marche-en-afrique\/etude-de-marche-au-cap-vert\/","title":{"rendered":"\u00c9tude de march\u00e9 au Cap-Vert"},"content":{"rendered":"<h1 class=\"wp-block-heading\">\u00c9tude de march\u00e9 au Cap-Vert, Afrique<\/h1>\n\n\n\n<figure class=\"gb-block-image gb-block-image-f976ab82\"><img loading=\"lazy\" decoding=\"async\" width=\"1456\" height=\"816\" class=\"gb-image gb-image-f976ab82\" src=\"https:\/\/www.sisinternational.com\/wp-content\/uploads\/2025\/08\/Cabo-Verde-2.jpg\" alt=\"\u00c9tudes de march\u00e9 et strat\u00e9gie internationales SIS\" title=\"Cabo Verde (2)\" srcset=\"https:\/\/www.sisinternational.com\/wp-content\/uploads\/2025\/08\/Cabo-Verde-2.jpg 1456w, https:\/\/www.sisinternational.com\/wp-content\/uploads\/2025\/08\/Cabo-Verde-2-300x168.jpg 300w, https:\/\/www.sisinternational.com\/wp-content\/uploads\/2025\/08\/Cabo-Verde-2-1024x574.jpg 1024w, https:\/\/www.sisinternational.com\/wp-content\/uploads\/2025\/08\/Cabo-Verde-2-768x430.jpg 768w, https:\/\/www.sisinternational.com\/wp-content\/uploads\/2025\/08\/Cabo-Verde-2-18x10.jpg 18w\" sizes=\"auto, (max-width: 1456px) 100vw, 1456px\"><\/figure>\n\n\n\n<p><\/p>\n\n\n\n<p>Au large des c\u00f4tes africaines se trouvent les \u00eeles du Cap-Vert ou Cap-Vert (Cap Vert). Le Cap-Vert est constitu\u00e9 d&#039;un archipel de quinze \u00eeles et \u00eelots au large de la c\u00f4te ouest de l&#039;Afrique. Ils portent le nom du cap le plus occidental de l&#039;Afrique, le Cap-Vert, et couvrent une superficie de 1 557 miles carr\u00e9s.<\/p>\n\n\n\n<p>On ne saurait jamais surestimer la beaut\u00e9 du Cap-Vert. Ces \u00eeles pr\u00e9sentent une magnifique vari\u00e9t\u00e9 de paysages. La langue officielle est le portugais, mais il existe \u00e9galement un m\u00e9lange de langues vernaculaires africaines.<\/p>\n\n\n\n<h2 class=\"wp-block-heading\">Industries cl\u00e9s<\/h2>\n\n\n\n<p>Le secteur du tourisme domine l&#039;\u00e9conomie de ces \u00eeles. Ils d\u00e9pendent \u00e9galement de l\u2019industrie manufacturi\u00e8re, de l\u2019agriculture, de la p\u00eache et de la foresterie. Le tourisme repr\u00e9sente plus de 70% du PIB, l&#039;agriculture et la p\u00eache n&#039;y contribuant que pour 9%.<\/p>\n\n\n\n<p>This country has few natural resources. Yet, it boasts high living standards, which attract thousands of international immigrants and visitors. Information and communication technology <a href=\"https:\/\/www.sisinternational.com\/fr\/augmentation-du-secteur-de-leducation-pendant-la-recession\/\" title=\"Augmentation du secteur de l&#039;\u00e9ducation pendant la r\u00e9cession\"  data-wpil-monitor-id=\"7764\">sectors are on the rise<\/a>. Investment in these areas will yield many benefits.<\/p>\n\n\n\n<h2 class=\"wp-block-heading\">Quartiers<\/h2>\n\n\n\n<p>Cabo Verde remains a safe and peaceful country with a friendly population. It boasts a low crime rate, though there have been a few incidents of theft within the tourism belt. On the island of Boavista, violent crimes against tourists are increasing. The other islands remain crime-free for tourists, who are mainly European. We caution visiting tourists to be safe and alert as they vacation in Cabo Verde.<\/p>\n\n\n\n<p>De toutes les \u00eeles, la plus ensoleill\u00e9e est Sal et la plus petite est Santa Luzia. Le plus montagneux est Sao Nicolau et le plus peupl\u00e9 est Sal Rei.<\/p>\n\n\n\n<h2 class=\"wp-block-heading\">Les tendances<\/h2>\n\n\n\n<p>Tourists flock to the Cabo Verde Islands for the warm tropical climate, using them as a winter escape. These volcanic islands boast wonderful music and extraordinary cuisine.<\/p>\n\n\n\n<p>The current population of Cabo Verde dwindled to approximately half a million over time. This departure is due to massive immigration movements as a result of historic droughts and volcanic activity.<\/p>\n\n\n\n<p>Le climat tropical est stable toute l\u2019ann\u00e9e mais il est plus frais que celui de la majeure partie de l\u2019Afrique de l\u2019Ouest. La temp\u00e9rature est id\u00e9ale pour les activit\u00e9s touristiques. Les visiteurs peuvent profiter de la randonn\u00e9e, des sports nautiques et de la natation.<\/p>\n\n\n\n<h2 class=\"wp-block-heading\">Avantages et atouts sur le march\u00e9<\/h2>\n\n\n\n<p>Cabo Verde provides good <a href=\"https:\/\/www.sisinternational.com\/fr\/neuromarketing-pour-les-petites-entreprises\/\" title=\"Neuromarketing pour les petites entreprises\"  data-wpil-monitor-id=\"7761\">business opportunities for small-<\/a> or medium-sized US companies. The physical infrastructure (airports, ports, roads, and hotels) is of high quality. The islands are a one-stop shop for foreign investors.<\/p>\n\n\n\n<p>The strength of the tourism <a href=\"https:\/\/www.sisinternational.com\/fr\/solutions\/solutions-de-branding-et-de-recherche-client\/etude-de-marche-sur-les-soins-de-la-peau\/\" title=\"\u00c9tude de march\u00e9 sur les soins de la peau | Conseil en industrie de la beaut\u00e9\"  data-wpil-monitor-id=\"7759\">industry lies in the exquisite beauty<\/a> of Cape Verde. The best locations are on the lovely beaches of Sal, Santa Maria, Santiago, and Boavista. As the tourism industry grows, so will the economy. Cabo Verde offers efficient <a href=\"https:\/\/www.sisinternational.com\/fr\/solutions\/recherche-de-conseil-en-strategie-fintech\/banque-en-tant-que-service-etude-de-marche-et-conseil-en-strategie\/\" title=\"Banque en tant que service \u00c9tudes de march\u00e9 et conseil en strat\u00e9gie\"  data-wpil-monitor-id=\"7763\">banking and telecommunications services<\/a>. It also has a stable political environment.<\/p>\n\n\n\n<p>Les vall\u00e9es fertiles de l\u2019\u00eele de Santo Antao sont un incontournable pour les touristes. Cette \u00eele est parfaite pour l&#039;industrie agricole.<\/p>\n\n\n\n<h2 class=\"wp-block-heading\">Base de consommateurs<\/h2>\n\n\n\n<figure class=\"gb-block-image gb-block-image-3e5fb44a\"><img loading=\"lazy\" decoding=\"async\" width=\"1456\" height=\"816\" class=\"gb-image gb-image-3e5fb44a\" src=\"https:\/\/www.sisinternational.com\/wp-content\/uploads\/2025\/08\/Cabo-Verde-4.jpg\" alt=\"\u00c9tudes de march\u00e9 et strat\u00e9gie internationales SIS\" title=\"Cabo Verde (4)\" srcset=\"https:\/\/www.sisinternational.com\/wp-content\/uploads\/2025\/08\/Cabo-Verde-4.jpg 1456w, https:\/\/www.sisinternational.com\/wp-content\/uploads\/2025\/08\/Cabo-Verde-4-300x168.jpg 300w, https:\/\/www.sisinternational.com\/wp-content\/uploads\/2025\/08\/Cabo-Verde-4-1024x574.jpg 1024w, https:\/\/www.sisinternational.com\/wp-content\/uploads\/2025\/08\/Cabo-Verde-4-768x430.jpg 768w, https:\/\/www.sisinternational.com\/wp-content\/uploads\/2025\/08\/Cabo-Verde-4-18x10.jpg 18w\" sizes=\"auto, (max-width: 1456px) 100vw, 1456px\"><\/figure>\n\n\n\n<p><\/p>\n\n\n\n<p>The economy of Cabo Verde thrives on the high consumption of its tourism services. The islands also depend on income from exports and imports. Also, the growing agriculture industry is evident. <a href=\"https:\/\/www.sisinternational.com\/fr\/competence\/les-industries\/etude-de-marche-sur-lindustrie-fruitiere\/\" title=\"\u00c9tude de march\u00e9 sur l\u2019industrie fruiti\u00e8re\"  data-wpil-monitor-id=\"7762\">Fruit and vegetable markets<\/a> grace almost every Cape Verde town.<\/p>\n\n\n\n<p>Les habitants r\u00e9partissent leur consommation totale entre plusieurs articles. Ces articles comprennent la nourriture, les effets personnels, les articles m\u00e9nagers, l&#039;\u00e9quipement, les loisirs et la sant\u00e9.<\/p>\n\n\n\n<h2 class=\"wp-block-heading\">Raisons de d\u00e9velopper votre entreprise sur le march\u00e9<\/h2>\n\n\n\n<p>Pourquoi choisir le Cap-Vert pour faire vos affaires ? Voici trois raisons pour lesquelles vous devriez :<\/p>\n\n\n\n<ol class=\"wp-block-list\">\n<li>Le tourisme est en plein essor<\/li>\n\n\n\n<li>Le <a href=\"https:\/\/www.sisinternational.com\/fr\/competence\/les-industries\/etude-de-marche-de-limmobilier-commercial\/\" title=\"\u00c9tude de march\u00e9 de l\u2019immobilier commercial\"  data-wpil-monitor-id=\"7758\">real estate market<\/a> is growing<\/li>\n\n\n\n<li>Des programmes de r\u00e9ussite en mati\u00e8re de gestion des investissements sont disponibles<\/li>\n<\/ol>\n\n\n\n<h2 class=\"wp-block-heading\">\u00c0 propos des \u00e9tudes de march\u00e9 au Cap-Vert<\/h2>\n\n\n\n<p>If by now you have decided to grow your <a href=\"https:\/\/www.sisinternational.com\/fr\/publications\/etude-de-marche-sur-les-entreprises-evolutives-7-facons-de-creer-une-entreprise-evolutive\/\" title=\"\u00c9tude de march\u00e9 sur les entreprises \u00e9volutives\u00a0: 7 fa\u00e7ons de cr\u00e9er une entreprise \u00e9volutive\"  data-wpil-monitor-id=\"7760\">business in the Cabo Verde market<\/a>, do so without fear. Our focus groups help you to maximize your potential as you begin to operate your business. We do surveys, and we offer Qualitative, Quantity, and Strategy research.<\/p>\n\n\n\n<p>Nous utilisons des faits et des chiffres pour compiler les donn\u00e9es dont vous avez besoin pour avancer. Devenez un entrepreneur capverdien d\u00e8s aujourd\u2019hui !<\/p>\n\n\n\n<p><\/p>","protected":false},"excerpt":{"rendered":"<p>Etude de march\u00e9 au Cap-Vert, en Afrique Au large des c\u00f4tes africaines se trouvent les \u00eeles du Cap-Vert ou Cap-Vert (Cap Vert). Le Cap-Vert est constitu\u00e9 d&#039;un archipel de quinze \u00eeles et \u00eelots au large de la c\u00f4te ouest de l&#039;Afrique. Ils portent le nom du cap le plus occidental de l&#039;Afrique, le Cap-Vert, et couvrent une superficie de 1557\u2026 <a title=\"\u00c9tude de march\u00e9 au Cap-Vert\" class=\"read-more\" href=\"https:\/\/www.sisinternational.com\/fr\/couverture\/etude-de-marche-en-afrique\/etude-de-marche-au-cap-vert\/\" aria-label=\"En savoir plus sur Market Research in Cabo Verde\">Lire plus<\/a><\/p>","protected":false},"author":1,"featured_media":65269,"parent":14281,"menu_order":6,"comment_status":"closed","ping_status":"closed","template":"","meta":{"footnotes":""},"class_list":["post-37714","page","type-page","status-publish","has-post-thumbnail"],"_links":{"self":[{"href":"https:\/\/www.sisinternational.com\/fr\/wp-json\/wp\/v2\/pages\/37714","targetHints":{"allow":["GET"]}}],"collection":[{"href":"https:\/\/www.sisinternational.com\/fr\/wp-json\/wp\/v2\/pages"}],"about":[{"href":"https:\/\/www.sisinternational.com\/fr\/wp-json\/wp\/v2\/types\/page"}],"author":[{"embeddable":true,"href":"https:\/\/www.sisinternational.com\/fr\/wp-json\/wp\/v2\/users\/1"}],"replies":[{"embeddable":true,"href":"https:\/\/www.sisinternational.com\/fr\/wp-json\/wp\/v2\/comments?post=37714"}],"version-history":[{"count":3,"href":"https:\/\/www.sisinternational.com\/fr\/wp-json\/wp\/v2\/pages\/37714\/revisions"}],"predecessor-version":[{"id":81308,"href":"https:\/\/www.sisinternational.com\/fr\/wp-json\/wp\/v2\/pages\/37714\/revisions\/81308"}],"up":[{"embeddable":true,"href":"https:\/\/www.sisinternational.com\/fr\/wp-json\/wp\/v2\/pages\/14281"}],"wp:featuredmedia":[{"embeddable":true,"href":"https:\/\/www.sisinternational.com\/fr\/wp-json\/wp\/v2\/media\/65269"}],"wp:attachment":[{"href":"https:\/\/www.sisinternational.com\/fr\/wp-json\/wp\/v2\/media?parent=37714"}],"curies":[{"name":"wp","href":"https:\/\/api.w.org\/{rel}","templated":true}]}}