{"id":37712,"date":"2021-05-19T05:08:38","date_gmt":"2021-05-19T05:08:38","guid":{"rendered":"https:\/\/www.sisinternational.com\/?page_id=37712"},"modified":"2025-09-14T14:28:09","modified_gmt":"2025-09-14T18:28:09","slug":"etude-de-marche-republique-centrafricaine","status":"publish","type":"page","link":"https:\/\/www.sisinternational.com\/fr\/couverture\/etude-de-marche-en-afrique\/etude-de-marche-republique-centrafricaine\/","title":{"rendered":"Etude de march\u00e9 en R\u00e9publique Centrafricaine"},"content":{"rendered":"<h1 class=\"wp-block-heading\">Etude de march\u00e9 en R\u00e9publique Centrafricaine<\/h1>\n\n\n\n<figure class=\"gb-block-image gb-block-image-074add71\"><img loading=\"lazy\" decoding=\"async\" width=\"1024\" height=\"574\" class=\"gb-image gb-image-074add71\" src=\"https:\/\/www.sisinternational.com\/wp-content\/uploads\/2025\/08\/Central-African-Republic-1-1024x574.jpg\" srcset=\"https:\/\/www.sisinternational.com\/wp-content\/uploads\/2025\/08\/Central-African-Republic-1-1024x574.jpg 1024w, https:\/\/www.sisinternational.com\/wp-content\/uploads\/2025\/08\/Central-African-Republic-1-300x168.jpg 300w, https:\/\/www.sisinternational.com\/wp-content\/uploads\/2025\/08\/Central-African-Republic-1-768x430.jpg 768w, https:\/\/www.sisinternational.com\/wp-content\/uploads\/2025\/08\/Central-African-Republic-1-18x10.jpg 18w, https:\/\/www.sisinternational.com\/wp-content\/uploads\/2025\/08\/Central-African-Republic-1.jpg 1456w\" sizes=\"auto, (max-width: 1024px) 100vw, 1024px\" alt=\"\u00c9tudes de march\u00e9 et strat\u00e9gie internationales SIS\"><\/figure>\n\n\n\n<p><\/p>\n\n\n\n<h2 class=\"wp-block-heading\">Industries cl\u00e9s<\/h2>\n\n\n\n<p>Le principal moteur \u00e9conomique de la R\u00e9publique centrafricaine est l&#039;agriculture, qui contribue au produit int\u00e9rieur brut de la R\u00e9publique et au march\u00e9 du travail. Les capitaux internationaux, la foresterie et la p\u00eache sont \u00e9galement des sources dynamiques de devises. Il en va de m\u00eame pour les diamants, le bois et les cultures commerciales, comme le coton et le caf\u00e9.<\/p>\n\n\n\n<p>La Belgique ach\u00e8te la plupart des exportations de diamants de la R\u00e9publique centrafricaine et la France ach\u00e8te la majeure partie du caf\u00e9 et du tabac. La Chine, l\u2019Allemagne et l\u2019Arabie saoudite sont \u00e9galement d\u2019importants partenaires commerciaux. Ils ont tous un r\u00f4le \u00e0 jouer dans la relance de l\u2019\u00e9conomie centrafricaine.<\/p>\n\n\n\n<h2 class=\"wp-block-heading\">Quartiers<\/h2>\n\n\n\n<p>La R\u00e9publique Centrafricaine est pr\u00e9cis\u00e9ment l\u00e0 o\u00f9 son nom l\u2019indique : le centre de l\u2019Afrique. Il partage des fronti\u00e8res avec cinq pays voisins : le Cameroun, le Tchad, la R\u00e9publique d\u00e9mocratique du Congo, la R\u00e9publique du Congo et le Soudan du Sud.<\/p>\n\n\n\n<p>Cameroon sits to the <a href=\"https:\/\/www.sisinternational.com\/fr\/couverture\/etude-de-marche-en-afrique\/etude-de-marche-au-maroc-afrique-du-nord\/\" title=\"Etude de march\u00e9 au Maroc, continent nord-ouest africain\"  data-wpil-monitor-id=\"7715\">west of the Central African<\/a> Republic. Chad is to the north, and the Democratic Republic of Congo is to the south.<\/p>\n\n\n\n<p>La R\u00e9publique du Congo se trouve \u00e9galement au sud de la R\u00e9publique centrafricaine et du Soudan du Sud, \u00e0 l&#039;est.<\/p>\n\n\n\n<h2 class=\"wp-block-heading\">Les tendances<\/h2>\n\n\n\n<p>Les riches ressources min\u00e9rales de la R\u00e9publique centrafricaine cr\u00e9ent une opportunit\u00e9. Les entreprises peuvent accro\u00eetre leurs exportations de mati\u00e8res premi\u00e8res.<\/p>\n\n\n\n<p>Un projet de pipeline est en construction. Une fois termin\u00e9, il augmentera la faisabilit\u00e9 de l\u2019exploration p\u00e9troli\u00e8re. Il deviendra plus facile et moins co\u00fbteux d\u2019exporter les r\u00e9serves de p\u00e9trole via le Cameroun voisin.<\/p>\n\n\n\n<h2 class=\"wp-block-heading\">Avantages et atouts sur le march\u00e9<\/h2>\n\n\n\n<p>La pand\u00e9mie mondiale a paralys\u00e9 de nombreuses \u00e9conomies. La R\u00e9publique centrafricaine ne fait pas exception. Plusieurs pays ont d\u00e9cid\u00e9 de fermer leurs fronti\u00e8res pour contenir le virus. L\u2019\u00e9conomie de la R\u00e9publique centrafricaine \u00e9tant bas\u00e9e sur l\u2019agriculture, elle pourrait survivre. Les d\u00e9fis li\u00e9s \u00e0 l\u2019exportation de diamants, de bois, de caf\u00e9 et de tabac sont plus faciles \u00e0 g\u00e9rer que ceux du tourisme.<\/p>\n\n\n\n<p>Cela dit, la R\u00e9publique Centrafricaine est aussi une excellente destination touristique. C&#039;est l&#039;endroit id\u00e9al pour l&#039;\u00e9cotourisme, avec sa beaut\u00e9 naturelle et sa biodiversit\u00e9.<\/p>\n\n\n\n<p>Les liens peuvent jouer un r\u00f4le crucial. Par exemple, le pays produit en abondance du bois pour la fabrication de meubles. On y cultive \u00e9galement du caf\u00e9 et du cacao, que les propri\u00e9taires du complexe peuvent int\u00e9grer aux offres des clients.<\/p>\n\n\n\n<p>Il y a m\u00eame de l\u2019espoir pour d\u2019autres types d\u2019entreprises en R\u00e9publique centrafricaine. Les ressources naturelles du pays contribueront \u00e0 maintenir les entreprises \u00e0 flot.<\/p>\n\n\n\n<h2 class=\"wp-block-heading\">Raisons de d\u00e9velopper votre entreprise sur le march\u00e9<\/h2>\n\n\n\n<p>The Central African Republic\u2019s economy is currently struggling. Once a new business gets to establish its <a href=\"https:\/\/www.sisinternational.com\/fr\/competence\/cv-dexperience\/etude-de-marche-sur-les-produits-de-soins-personnels\/\" title=\"\u00c9tude de march\u00e9 sur les produits de soins personnels\"  data-wpil-monitor-id=\"7710\">products in the market<\/a>, this will help to boost the economy.<\/p>\n\n\n\n<p>Ease of doing business. It\u2019s easy to set up a limited liability <a href=\"https:\/\/www.sisinternational.com\/fr\/solutions\/solutions-de-branding-et-de-recherche-client\/etude-de-marche-sur-les-tests-de-produits\/entreprise-de-test-de-localisation-centrale-de-premier-plan\/\" title=\"Meilleure entreprise de test de localisation centrale\"  data-wpil-monitor-id=\"7720\">company in the Central<\/a> African Republic. An LLC is the preferred legal entity, but the country offers other options. <a href=\"https:\/\/www.sisinternational.com\/fr\/creer-une-entreprise-en-turquie\/\" title=\"Cr\u00e9er une entreprise en Turquie\"  data-wpil-monitor-id=\"7723\">Businesses can also set<\/a> up as public limited companies, or they can open branches in the country.<\/p>\n\n\n\n<h2 class=\"wp-block-heading\">\u00c0 propos des \u00e9tudes de march\u00e9 en R\u00e9publique Centrafricaine<\/h2>\n\n\n\n<p>Les ressources naturelles de la R\u00e9publique Centrafricaine ont du potentiel. Pourtant, le pays est confront\u00e9 \u00e0 de nombreux obstacles, tels que la d\u00e9forestation et la m\u00e9diocrit\u00e9 des infrastructures. Certains d\u2019entre eux, comme l\u2019\u00e9pid\u00e9mie de sida et l\u2019instabilit\u00e9 politique, peuvent bloquer le d\u00e9veloppement \u00e9conomique.<\/p>\n\n\n\n<p>Thus, focus groups play a crucial role in protecting investors. That\u2019s why it\u2019s important to conduct surveys on the <a href=\"https:\/\/www.sisinternational.com\/fr\/competence\/les-industries\/etude-de-marche-des-pays-frontieres\/\" title=\"\u00c9tude de march\u00e9 des pays frontaliers\"  data-wpil-monitor-id=\"7708\">country to understand the market<\/a>. The Central African Republic\u2019s economy is still vulnerable. Thus, <a href=\"https:\/\/www.sisinternational.com\/fr\/solutions\/solutions-de-recherche-qualitative-et-quantitative\/recherche-qualitative-recrutement\/\" title=\"Recrutement en recherche qualitative\"  data-wpil-monitor-id=\"7713\">qualitative and quantitative research<\/a> will also help business owners. They can determine if they will be making a worthy investment into the economy.<\/p>\n\n\n\n<p><a href=\"https:\/\/www.sisinternational.com\/fr\/what-to-expect-in-your-first-year-entering-a-new-market-5-essential-strategies\/\" title=\"What to Expect in Your First Year Entering a New Market: 5 Essential Strategies\"  data-wpil-monitor-id=\"7717\">Strategy research is also essential<\/a>. It enables the investor to conduct a systematic study of the country\u2019s economy. For example, let\u2019s say the investor wants to construct a hotel. He or she will have to consider the resources that are already available in the country. They will also have to consider the timeline for the completion of the project.<\/p>\n\n\n\n<p>Vous envisagez d\u2019investir en R\u00e9publique Centrafricaine ? Nous pouvons fournir des recherches quantitatives, qualitatives et strat\u00e9giques pour vous aider \u00e0 prendre une d\u00e9cision. Contactez-nous d\u00e8s maintenant pour une consultation.<\/p>","protected":false},"excerpt":{"rendered":"<p>Etudes de march\u00e9 en R\u00e9publique Centrafricaine : Nous fournissons des \u00e9tudes quantitatives, qualitatives et strat\u00e9giques. Contactez-nous d\u00e8s maintenant pour une consultation.<\/p>","protected":false},"author":1,"featured_media":65162,"parent":14281,"menu_order":5,"comment_status":"closed","ping_status":"closed","template":"","meta":{"footnotes":""},"class_list":["post-37712","page","type-page","status-publish","has-post-thumbnail"],"_links":{"self":[{"href":"https:\/\/www.sisinternational.com\/fr\/wp-json\/wp\/v2\/pages\/37712","targetHints":{"allow":["GET"]}}],"collection":[{"href":"https:\/\/www.sisinternational.com\/fr\/wp-json\/wp\/v2\/pages"}],"about":[{"href":"https:\/\/www.sisinternational.com\/fr\/wp-json\/wp\/v2\/types\/page"}],"author":[{"embeddable":true,"href":"https:\/\/www.sisinternational.com\/fr\/wp-json\/wp\/v2\/users\/1"}],"replies":[{"embeddable":true,"href":"https:\/\/www.sisinternational.com\/fr\/wp-json\/wp\/v2\/comments?post=37712"}],"version-history":[{"count":3,"href":"https:\/\/www.sisinternational.com\/fr\/wp-json\/wp\/v2\/pages\/37712\/revisions"}],"predecessor-version":[{"id":81303,"href":"https:\/\/www.sisinternational.com\/fr\/wp-json\/wp\/v2\/pages\/37712\/revisions\/81303"}],"up":[{"embeddable":true,"href":"https:\/\/www.sisinternational.com\/fr\/wp-json\/wp\/v2\/pages\/14281"}],"wp:featuredmedia":[{"embeddable":true,"href":"https:\/\/www.sisinternational.com\/fr\/wp-json\/wp\/v2\/media\/65162"}],"wp:attachment":[{"href":"https:\/\/www.sisinternational.com\/fr\/wp-json\/wp\/v2\/media?parent=37712"}],"curies":[{"name":"wp","href":"https:\/\/api.w.org\/{rel}","templated":true}]}}