{"id":37710,"date":"2021-05-19T05:04:18","date_gmt":"2021-05-19T05:04:18","guid":{"rendered":"https:\/\/www.sisinternational.com\/?page_id=37710"},"modified":"2026-01-24T20:50:49","modified_gmt":"2026-01-25T01:50:49","slug":"etude-de-marche-en-erythree","status":"publish","type":"page","link":"https:\/\/www.sisinternational.com\/fr\/couverture\/etude-de-marche-en-afrique\/etude-de-marche-en-erythree\/","title":{"rendered":"\u00c9tude de march\u00e9 en \u00c9rythr\u00e9e, Afrique"},"content":{"rendered":"<h1 class=\"wp-block-heading\">\u00c9tude de march\u00e9 en \u00c9rythr\u00e9e, Afrique<\/h1>\n\n\n\n<figure class=\"gb-block-image gb-block-image-d29d71b3\"><img loading=\"lazy\" decoding=\"async\" width=\"1456\" height=\"816\" class=\"gb-image gb-image-d29d71b3\" src=\"https:\/\/www.sisinternational.com\/wp-content\/uploads\/2025\/08\/Eritrea-1.jpg\" alt=\"\u00c9tudes de march\u00e9 et strat\u00e9gie internationales SIS\" title=\"Eritrea (1)\" srcset=\"https:\/\/www.sisinternational.com\/wp-content\/uploads\/2025\/08\/Eritrea-1.jpg 1456w, https:\/\/www.sisinternational.com\/wp-content\/uploads\/2025\/08\/Eritrea-1-300x168.jpg 300w, https:\/\/www.sisinternational.com\/wp-content\/uploads\/2025\/08\/Eritrea-1-1024x574.jpg 1024w, https:\/\/www.sisinternational.com\/wp-content\/uploads\/2025\/08\/Eritrea-1-768x430.jpg 768w, https:\/\/www.sisinternational.com\/wp-content\/uploads\/2025\/08\/Eritrea-1-18x10.jpg 18w\" sizes=\"auto, (max-width: 1456px) 100vw, 1456px\"><\/figure>\n\n\n\n<p><\/p>\n\n\n\n<p>\u00c9rythr\u00e9e est un mot d\u00e9riv\u00e9 du latin \u00ab mer Rouge \u00bb. C&#039;est aussi le nom donn\u00e9 \u00e0 la petite nation c\u00f4ti\u00e8re situ\u00e9e sur la mer Rouge, dans la Corne de l&#039;Afrique. Les pays frontaliers de l&#039;\u00c9rythr\u00e9e sont le Soudan, l&#039;\u00c9thiopie et Djibouti.<\/p>\n\n\n\n<p>L&#039;\u00c9rythr\u00e9e a obtenu son ind\u00e9pendance de l&#039;\u00c9thiopie en 1993 mais reste depuis l&#039;un des pays les plus pauvres d&#039;Afrique. Cet \u00e9tat est le r\u00e9sultat de s\u00e9cheresses, de famines et de guerres r\u00e9currentes. Ses principales langues sont le tigrinya, le tigre, l&#039;arabe et l&#039;anglais, et ses principales religions sont l&#039;islam et le christianisme.<\/p>\n\n\n\n<h2 class=\"wp-block-heading\">Industries cl\u00e9s<\/h2>\n\n\n\n<p>Les principales industries de l&#039;\u00c9rythr\u00e9e sont le textile, la transformation des aliments, l&#039;agriculture, les mines, la p\u00eache et le sel. Au-del\u00e0 de cela, il y a peu d&#039;activit\u00e9 industrielle. L&#039;agriculture est le moyen de subsistance de la population. D&#039;autres secteurs sont en croissance, comme les activit\u00e9s et services li\u00e9s \u00e0 la mer.<\/p>\n\n\n\n<h2 class=\"wp-block-heading\">Quartiers<\/h2>\n\n\n\n<p>Asmara, \u00e9galement connue sous le nom d&#039;Asmera, est la capitale et la plus grande ville de l&#039;\u00c9rythr\u00e9e. Les rues de la ville sont propres et exemptes de pollution due \u00e0 la circulation. Elle est connue pour sa beaut\u00e9 et donne l&#039;impression d&#039;un souvenir du XXe si\u00e8cle. Les autres villes importantes sont les ports de Massawa et d&#039;Assab.<\/p>\n\n\n\n<h2 class=\"wp-block-heading\">Les tendances<\/h2>\n\n\n\n<p>L&#039;\u00c9rythr\u00e9e poss\u00e8de de belles structures architecturales coloniales, parmi les meilleures au monde. Sa culture reste diversifi\u00e9e et s&#039;enorgueillit d&#039;un \u00ab creuset \u00bb de neuf groupes ethniques diff\u00e9rents, chacun avec ses traditions distinctes. Le pays est harmonieux et ces diff\u00e9rents groupes s\u2019appr\u00e9cient et se respectent.<\/p>\n\n\n\n<h2 class=\"wp-block-heading\">Points forts du march\u00e9<\/h2>\n\n\n\n<p>The strength of Eritrea\u2019s economy is in its unexploited natural resources. There is future <a href=\"https:\/\/www.sisinternational.com\/fr\/venezuela-oil-mining-industry-potential-strategic-forecast-2026-2036\/\" title=\"Venezuela Oil &amp; Mining Industry Potential: Strategic Forecast 2026-2036\"  data-wpil-monitor-id=\"8687\">potential in the oil industry<\/a> of this country. Speculation is rife that the Red Sea has oil deposits beneath it.<\/p>\n\n\n\n<p>Another source of <a href=\"https:\/\/www.sisinternational.com\/fr\/competence\/les-industries\/etude-de-marche-sur-lexploitation-miniere-spatiale\/\" title=\"\u00c9tude de march\u00e9 sur l\u2019exploitation mini\u00e8re spatiale\"  data-wpil-monitor-id=\"8690\">market<\/a> strength comes from the Bisha copper mine. This mine also has gold deposits.<\/p>\n\n\n\n<h2 class=\"wp-block-heading\">Base de consommateurs<\/h2>\n\n\n\n<p>Les biens de consommation essentiels sont \u00e0 la fois une n\u00e9cessit\u00e9 et une raret\u00e9 en \u00c9rythr\u00e9e en raison des fermetures r\u00e9currentes des fronti\u00e8res avec l\u2019\u00c9thiopie et le Soudan voisins. L\u2019approvisionnement en biens de consommation essentiels tels que l\u2019eau potable est insuffisant. Les \u00c9rythr\u00e9ens connaissent \u00e9galement des p\u00e9nuries de combustibles de cuisine et d\u2019\u00e9lectricit\u00e9. Pourtant, davantage de produits de premi\u00e8re n\u00e9cessit\u00e9 ont franchi les restrictions frontali\u00e8res en provenance d\u2019\u00c9thiopie. Le r\u00e9sultat est une baisse des prix \u00e0 la consommation.<\/p>\n\n\n\n<p>Les autorit\u00e9s \u00e9rythr\u00e9ennes ont ni\u00e9 l&#039;existence de p\u00e9nuries alimentaires. Ils ont \u00e9galement refus\u00e9 toute aide ext\u00e9rieure. Ainsi, les importations ill\u00e9gales de produits alimentaires sont en augmentation, vendues la plupart du temps \u00e0 des prix extravagants.<\/p>\n\n\n\n<h2 class=\"wp-block-heading\">Raisons de d\u00e9velopper votre entreprise en \u00c9rythr\u00e9e<\/h2>\n\n\n\n<figure class=\"gb-block-image gb-block-image-eb7e2c79\"><img loading=\"lazy\" decoding=\"async\" width=\"1456\" height=\"816\" class=\"gb-image gb-image-eb7e2c79\" src=\"https:\/\/www.sisinternational.com\/wp-content\/uploads\/2025\/08\/Eritrea-2.jpg\" alt=\"\u00c9tudes de march\u00e9 et strat\u00e9gie internationales SIS\" title=\"Eritrea (2)\" srcset=\"https:\/\/www.sisinternational.com\/wp-content\/uploads\/2025\/08\/Eritrea-2.jpg 1456w, https:\/\/www.sisinternational.com\/wp-content\/uploads\/2025\/08\/Eritrea-2-300x168.jpg 300w, https:\/\/www.sisinternational.com\/wp-content\/uploads\/2025\/08\/Eritrea-2-1024x574.jpg 1024w, https:\/\/www.sisinternational.com\/wp-content\/uploads\/2025\/08\/Eritrea-2-768x430.jpg 768w, https:\/\/www.sisinternational.com\/wp-content\/uploads\/2025\/08\/Eritrea-2-18x10.jpg 18w\" sizes=\"auto, (max-width: 1456px) 100vw, 1456px\"><\/figure>\n\n\n\n<p><\/p>\n\n\n\n<p>Sur la base des faits et chiffres publi\u00e9s, vous avez de nombreuses raisons de d\u00e9velopper votre entreprise en \u00c9rythr\u00e9e. Ce pays peine \u00e0 attirer les investissements \u00e9trangers pour diverses raisons. Elle est confront\u00e9e \u00e0 des d\u00e9fis tels que le contr\u00f4le gouvernemental, la corruption et une main-d\u2019\u0153uvre r\u00e9duite. L\u2019\u00c9rythr\u00e9e a \u00e9galement connu une migration massive. Ensuite, il y a la triste situation provoqu\u00e9e par les conflits frontaliers r\u00e9currents.<\/p>\n\n\n\n<p>Cet \u00e9tat de fait a conduit le gouvernement \u00e0 prendre l&#039;initiative de cr\u00e9er une autorit\u00e9 de la zone franche \u00e0 Massawa. L&#039;objectif est d&#039;attirer de nouveaux investisseurs dans les domaines de l&#039;\u00e9nergie, du tourisme et de la p\u00eache. Il existe un potentiel d&#039;investissement dans les ressources min\u00e9rales du pays. L&#039;\u00c9rythr\u00e9e poss\u00e8de de la potasse, du cuivre, de l&#039;or, de l&#039;argent et du zinc.<\/p>\n\n\n\n<p>Are you interested in investing in <a href=\"https:\/\/www.sisinternational.com\/fr\/solutions\/ai-etudes-de-marche-et-conseil-en-strategie\/automatisation-des-ressources-naturelles-minieres-conseil-en-intelligence-artificielle\/\" title=\"Automatisation des mines et des ressources naturelles et conseil en IA\"  data-wpil-monitor-id=\"8685\">mining the country\u2019s natural resources<\/a>? It carries a vast potential for business growth.<\/p>\n\n\n\n<p>L&#039;\u00c9rythr\u00e9e occupe une position strat\u00e9gique sur la c\u00f4te de la mer Rouge. Il offre une exposition parfaite \u00e0 l\u2019une des voies de navigation les plus fr\u00e9quent\u00e9es au monde. L&#039;\u00c9rythr\u00e9e peut \u00e9tablir des liens avec d&#039;autres r\u00e9gions de la r\u00e9gion, ce qui est id\u00e9al pour le commerce.<\/p>\n\n\n\n<h2 class=\"wp-block-heading\">\u00c0 propos des \u00e9tudes de march\u00e9 en \u00c9rythr\u00e9e<\/h2>\n\n\n\n<p>Have you made your decision? Have you decided to <a href=\"https:\/\/www.sisinternational.com\/fr\/solutions\/recherche-de-conseil-en-strategie-fintech\/etudes-de-marche-sur-les-hedge-funds-et-les-investissements\/\" title=\"\u00c9tudes sur les hedge funds et les march\u00e9s d&#039;investissement\"  data-wpil-monitor-id=\"8688\">invest in the Eritrea market<\/a>? We are here to guide you through the process. We use Qualitative, Qualitative, and Strategy Research. We also do surveys to bring you the hard facts that will assist you in making the most informed decision.<\/p>\n\n\n\n<p>Our statistic results are reliable. We give you the best Strategy <a href=\"https:\/\/www.sisinternational.com\/fr\/etude-de-marche-en-afrique-2\/\" title=\"Etude de march\u00e9 en Afrique\"  data-wpil-monitor-id=\"2937\">research on the market<\/a>. It will help you discover opportunities for your business.<\/p>\n\n\n\n<p><\/p>","protected":false},"excerpt":{"rendered":"<p>\u00c9tudes de march\u00e9 en \u00c9rythr\u00e9e, Afrique L&#039;\u00c9rythr\u00e9e est un mot d\u00e9riv\u00e9 du latin \u00ab Mer Rouge \u00bb. C&#039;est aussi le nom donn\u00e9 \u00e0 la petite nation c\u00f4ti\u00e8re situ\u00e9e sur la mer Rouge, dans la Corne de l&#039;Afrique. Les pays frontaliers de l&#039;\u00c9rythr\u00e9e sont le Soudan, l&#039;\u00c9thiopie et Djibouti. L\u2019\u00c9rythr\u00e9e a obtenu son ind\u00e9pendance de l\u2019\u00c9thiopie en 1993, mais\u2026 <a title=\"\u00c9tude de march\u00e9 en \u00c9rythr\u00e9e, Afrique\" class=\"read-more\" href=\"https:\/\/www.sisinternational.com\/fr\/couverture\/etude-de-marche-en-afrique\/etude-de-marche-en-erythree\/\" aria-label=\"En savoir plus sur Market Research in Eritrea, Africa\">Lire plus<\/a><\/p>","protected":false},"author":1,"featured_media":65183,"parent":14281,"menu_order":4,"comment_status":"closed","ping_status":"closed","template":"","meta":{"footnotes":""},"class_list":["post-37710","page","type-page","status-publish","has-post-thumbnail"],"_links":{"self":[{"href":"https:\/\/www.sisinternational.com\/fr\/wp-json\/wp\/v2\/pages\/37710","targetHints":{"allow":["GET"]}}],"collection":[{"href":"https:\/\/www.sisinternational.com\/fr\/wp-json\/wp\/v2\/pages"}],"about":[{"href":"https:\/\/www.sisinternational.com\/fr\/wp-json\/wp\/v2\/types\/page"}],"author":[{"embeddable":true,"href":"https:\/\/www.sisinternational.com\/fr\/wp-json\/wp\/v2\/users\/1"}],"replies":[{"embeddable":true,"href":"https:\/\/www.sisinternational.com\/fr\/wp-json\/wp\/v2\/comments?post=37710"}],"version-history":[{"count":4,"href":"https:\/\/www.sisinternational.com\/fr\/wp-json\/wp\/v2\/pages\/37710\/revisions"}],"predecessor-version":[{"id":81456,"href":"https:\/\/www.sisinternational.com\/fr\/wp-json\/wp\/v2\/pages\/37710\/revisions\/81456"}],"up":[{"embeddable":true,"href":"https:\/\/www.sisinternational.com\/fr\/wp-json\/wp\/v2\/pages\/14281"}],"wp:featuredmedia":[{"embeddable":true,"href":"https:\/\/www.sisinternational.com\/fr\/wp-json\/wp\/v2\/media\/65183"}],"wp:attachment":[{"href":"https:\/\/www.sisinternational.com\/fr\/wp-json\/wp\/v2\/media?parent=37710"}],"curies":[{"name":"wp","href":"https:\/\/api.w.org\/{rel}","templated":true}]}}