{"id":37590,"date":"2021-05-08T20:51:28","date_gmt":"2021-05-08T20:51:28","guid":{"rendered":"https:\/\/www.sisinternational.com\/?page_id=37590"},"modified":"2025-09-14T00:55:55","modified_gmt":"2025-09-14T04:55:55","slug":"etude-de-marche-au-benin","status":"publish","type":"page","link":"https:\/\/www.sisinternational.com\/fr\/couverture\/etude-de-marche-en-afrique\/etude-de-marche-au-benin\/","title":{"rendered":"Etude de march\u00e9 au B\u00e9nin"},"content":{"rendered":"<h1 class=\"wp-block-heading p1\"><span class=\"s1\">Etude de march\u00e9 au B\u00e9nin<\/span><\/h1>\n\n\n\n<figure class=\"gb-block-image gb-block-image-3b7abe27\"><img loading=\"lazy\" decoding=\"async\" width=\"1456\" height=\"816\" class=\"gb-image gb-image-3b7abe27\" src=\"https:\/\/www.sisinternational.com\/wp-content\/uploads\/2025\/08\/Benin-1.jpg\" alt=\"\u00c9tudes de march\u00e9 et strat\u00e9gie internationales SIS\" title=\"Benin (1)\" srcset=\"https:\/\/www.sisinternational.com\/wp-content\/uploads\/2025\/08\/Benin-1.jpg 1456w, https:\/\/www.sisinternational.com\/wp-content\/uploads\/2025\/08\/Benin-1-300x168.jpg 300w, https:\/\/www.sisinternational.com\/wp-content\/uploads\/2025\/08\/Benin-1-1024x574.jpg 1024w, https:\/\/www.sisinternational.com\/wp-content\/uploads\/2025\/08\/Benin-1-768x430.jpg 768w, https:\/\/www.sisinternational.com\/wp-content\/uploads\/2025\/08\/Benin-1-18x10.jpg 18w\" sizes=\"auto, (max-width: 1456px) 100vw, 1456px\"><\/figure>\n\n\n\n<p><\/p>\n\n\n\n<h2 class=\"wp-block-heading p1\">Le B\u00e9nin est une petite r\u00e9publique situ\u00e9e en Afrique de l&#039;Ouest.<\/h2>\n\n\n\n<p class=\"p1\">Ses voisins continentaux imm\u00e9diats sont le Togo, le Nigeria, le Burkina Faso et le Niger. La langue officielle du pays est le fran\u00e7ais, mais il existe au total environ 38 langues nationales. Il s&#039;agit notamment de langues populaires comme l&#039;anglais, l&#039;arabe et le yoruba.<\/p>\n\n\n\n<h2 class=\"wp-block-heading p3\">Industries cl\u00e9s<\/h2>\n\n\n\n<p class=\"p1\">L&#039;industrie cl\u00e9 du B\u00e9nin est l&#039;agriculture. Les B\u00e9ninois pratiquent une agriculture de subsistance. Les agriculteurs r\u00e9pondent avant tout \u00e0 leurs familles et aux besoins locaux. Ensuite, ils s&#039;adressent aux march\u00e9s r\u00e9gionaux ou internationaux. Ces agriculteurs plantent des cultures commerciales et cultivent des fruits et des noix. Ils exportent du coton \u00e9gren\u00e9 et des graines de coton. Les autres exportations sont les noix de cajou, le beurre de karit\u00e9, l\u2019huile de cuisson et le bois d\u2019\u0153uvre.<\/p>\n\n\n\n<h2 class=\"wp-block-heading p1\">Quartiers<\/h2>\n\n\n\n<p class=\"p2\">Porto-Novo, \u00e9galement appel\u00e9e Hogbonu ou \u00c0j\u00e1sh\u00e9 Il\u00e9, est la capitale du B\u00e9nin. Porto Novo peut nous en dire beaucoup sur la culture et l&#039;histoire du B\u00e9nin. \u00c0 Porto Novo, vous trouverez le Mus\u00e9e d&#039;Ethnographie, qui abrite une s\u00e9lection impressionnante de masques yoruba. Le mus\u00e9e poss\u00e8de \u00e9galement de nombreux artefacts.<\/p>\n\n\n\n<p class=\"p2\">Le palais du roi Toffa d\u00e9crit la vie de la royaut\u00e9 africaine. Au Jardin Place Jean Bayol, vous trouverez une statue du premier roi de Porto Novo. Le Mus\u00e9e Da Silva et la Fondation Is\u00e9bay\u00e9 mettent en valeur l&#039;histoire du B\u00e9nin. Il pr\u00e9sente \u00e9galement des expositions sur la religion indig\u00e8ne du pays, le vaudou.<\/p>\n\n\n\n<p class=\"p2\">Cotonou est la plus grande ville du B\u00e9nin. Ce n&#039;est pas la capitale. Pourtant, vous trouverez le si\u00e8ge du gouvernement \u00e0 Cotonou. Il en va de m\u00eame pour plusieurs b\u00e2timents et services gouvernementaux. Beaucoup consid\u00e8rent cette ville comme la \u00ab capitale \u00e9conomique \u00bb du B\u00e9nin.<\/p>\n\n\n\n<h2 class=\"wp-block-heading p1\">Les tendances<\/h2>\n\n\n\n<p class=\"p2\">L&#039;art joue un r\u00f4le crucial dans la culture b\u00e9ninoise. Vous trouverez des sculptures, des poteries, des sculptures en bois, des masques et des tapisseries dans n&#039;importe quel village. Le peuple b\u00e9ninois pr\u00e9serve sa culture pr\u00e9coloniale \u00e0 travers l\u2019art. C&#039;est aussi la mani\u00e8re dont ils int\u00e8grent la culture fran\u00e7aise.<\/p>\n\n\n\n<h2 class=\"wp-block-heading p1\">Opportunit\u00e9s de march\u00e9<\/h2>\n\n\n\n<p class=\"p2\">The Autonomous Port of Cotonou is the greatest strength of Benin&#8217;s Economy. It facilitates trade with Europe and the American continent and provides a gateway to Asia and other <a href=\"https:\/\/www.sisinternational.com\/fr\/couverture\/etude-de-marche-en-afrique\/etude-de-marche-au-maroc-afrique-du-nord\/\" title=\"Etude de march\u00e9 au Maroc, continent nord-ouest africain\"  data-wpil-monitor-id=\"7707\">African<\/a> countries. This port is the fourth most important on the entire continent of Africa. It facilitates about 90% of Benin&#8217;s international trade.<\/p>\n\n\n\n<h2 class=\"wp-block-heading p1\">Base de consommateurs<\/h2>\n\n\n\n<p class=\"p2\">The people of Benin buy most of their meat and perishable items from <a href=\"https:\/\/www.sisinternational.com\/fr\/competence\/les-industries\/etude-de-marche-pour-les-petites-et-moyennes-entreprises\/\" title=\"\u00c9tude de march\u00e9 sur les petites et moyennes entreprises\"  data-wpil-monitor-id=\"7705\">small wet markets<\/a>, which you will find in many of the villages. The shops and big markets or dry <a href=\"https:\/\/www.sisinternational.com\/fr\/publications\/comportement-de-lacheteur-apres-le-nouveau-consommateur-du-coronavirus\/\" title=\"Comportement des acheteurs apr\u00e8s le coronavirus \u2013 \u00c9tude de march\u00e9 de consommation\"  data-wpil-monitor-id=\"7699\">markets provide consumers<\/a> with nonperishable items. Benin imports most of these nonperishable items. Because Benin is dependent on subsistence farming, these small <a href=\"https:\/\/www.sisinternational.com\/fr\/competence\/les-industries\/etude-de-marche-sur-la-nourriture-des-compagnies-aeriennes-dans-la-restauration-en-vol\/\" title=\"\u00c9tude de march\u00e9 sur la restauration a\u00e9rienne et la restauration en vol\"  data-wpil-monitor-id=\"7701\">markets are enough to cater<\/a> to the needs of the people.<\/p>\n\n\n\n<h2 class=\"wp-block-heading p1\">Raisons de d\u00e9velopper votre entreprise au B\u00e9nin<\/h2>\n\n\n\n<p class=\"p2\">Le B\u00e9nin est un pays nouveau, voire l\u2019un des plus r\u00e9cents sur la sc\u00e8ne mondiale. Le pays a obtenu son ind\u00e9pendance de la France en 1960. La population du B\u00e9nin est en croissance. Son \u00e9conomie aussi.<\/p>\n\n\n\n<p class=\"p2\">Il y a beaucoup de place pour le d\u00e9veloppement au B\u00e9nin. Il existe de nombreux biens et services que vous pouvez fournir \u00e0 la population b\u00e9ninoise. Vous obtiendrez des affaires, surtout si vous \u00eates le seul fournisseur de ce service ou de ce produit. M\u00eame au fur et \u00e0 mesure que le pays se d\u00e9veloppe, vous aurez d\u00e9j\u00e0 \u00e9tabli une client\u00e8le fid\u00e8le et serez l\u2019une des premi\u00e8res entreprises de ce type. \u00catre le plus t\u00f4t possible permettra la long\u00e9vit\u00e9 de votre entreprise. Votre entreprise prosp\u00e9rera \u00e0 mesure que l\u2019\u00e9conomie et la population du B\u00e9nin se d\u00e9velopperont.<\/p>\n\n\n\n<h2 class=\"wp-block-heading\">\u00c0 propos des \u00e9tudes de march\u00e9 au B\u00e9nin<\/h2>\n\n\n\n<p>If you&#8217;re a business owner or executive interested in doing business in Benin, we\u2019ve got you. We organize <a href=\"https:\/\/www.sisinternational.com\/fr\/solutions\/etude-de-marche-en-groupe-de-discussion\/\" title=\"\u00c9tude de march\u00e9 par groupe de discussion\"  data-wpil-monitor-id=\"7694\">Focus Groups in the different African markets<\/a>. We can also undertake Quantitative, Qualitative, and <a href=\"https:\/\/www.sisinternational.com\/fr\/solutions\/conseil-en-tourisme-de-voyage-et-en-hotellerie\/societe-de-gestion-hoteliere-etude-de-marche-conseil-en-strategie\/\" title=\"Soci\u00e9t\u00e9 de gestion h\u00f4teli\u00e8re \u00c9tudes de march\u00e9 et conseil en strat\u00e9gie\"  data-wpil-monitor-id=\"7697\">Strategy Research for your company<\/a>. This information is pertinent for goal-making. It&#8217;s the first step to the <a href=\"https:\/\/www.sisinternational.com\/fr\/predictive-analytics\/\" title=\"Predictive Analytics: Your Crystal Ball for Business Success\"  data-wpil-monitor-id=\"7703\">success of your business<\/a> in Benin. We dig through survey findings, articles, statistics, and more, then we compile essential information for you and your business. We hope this article gives you the answers you&#8217;re looking for in your investment in Benin.<\/p>\n\n\n\n<p><\/p>","protected":false},"excerpt":{"rendered":"<p>D\u00e9veloppez votre entreprise en Afrique avec des \u00e9tudes de march\u00e9 au B\u00e9nin.<\/p>","protected":false},"author":1,"featured_media":65247,"parent":14281,"menu_order":2,"comment_status":"closed","ping_status":"closed","template":"","meta":{"footnotes":""},"class_list":["post-37590","page","type-page","status-publish","has-post-thumbnail"],"_links":{"self":[{"href":"https:\/\/www.sisinternational.com\/fr\/wp-json\/wp\/v2\/pages\/37590","targetHints":{"allow":["GET"]}}],"collection":[{"href":"https:\/\/www.sisinternational.com\/fr\/wp-json\/wp\/v2\/pages"}],"about":[{"href":"https:\/\/www.sisinternational.com\/fr\/wp-json\/wp\/v2\/types\/page"}],"author":[{"embeddable":true,"href":"https:\/\/www.sisinternational.com\/fr\/wp-json\/wp\/v2\/users\/1"}],"replies":[{"embeddable":true,"href":"https:\/\/www.sisinternational.com\/fr\/wp-json\/wp\/v2\/comments?post=37590"}],"version-history":[{"count":5,"href":"https:\/\/www.sisinternational.com\/fr\/wp-json\/wp\/v2\/pages\/37590\/revisions"}],"predecessor-version":[{"id":81297,"href":"https:\/\/www.sisinternational.com\/fr\/wp-json\/wp\/v2\/pages\/37590\/revisions\/81297"}],"up":[{"embeddable":true,"href":"https:\/\/www.sisinternational.com\/fr\/wp-json\/wp\/v2\/pages\/14281"}],"wp:featuredmedia":[{"embeddable":true,"href":"https:\/\/www.sisinternational.com\/fr\/wp-json\/wp\/v2\/media\/65247"}],"wp:attachment":[{"href":"https:\/\/www.sisinternational.com\/fr\/wp-json\/wp\/v2\/media?parent=37590"}],"curies":[{"name":"wp","href":"https:\/\/api.w.org\/{rel}","templated":true}]}}