{"id":37390,"date":"2021-05-02T00:33:25","date_gmt":"2021-05-02T00:33:25","guid":{"rendered":"https:\/\/www.sisinternational.com\/?page_id=37390"},"modified":"2026-03-16T23:17:06","modified_gmt":"2026-03-17T03:17:06","slug":"etude-devaluation-du-marche","status":"publish","type":"page","link":"https:\/\/www.sisinternational.com\/fr\/market-entry-intelligence-page\/etude-devaluation-du-marche\/","title":{"rendered":"Recherche d&#039;\u00e9valuation du march\u00e9"},"content":{"rendered":"<h2 style=\"background: linear-gradient(to right, #001f3f 0%, #003d7a 30%, #1e90ff 70%, #74c0fc 100%); background: -webkit-linear-gradient(left, #001f3f 0%, #003d7a 30%, #1e90ff 70%, #74c0fc 100%); -webkit-background-clip: text; -webkit-text-fill-color: transparent; background-clip: text; font-size: 2.5rem; font-weight: 700; line-height: 1.2; display: inline-block; margin: 0;\">Recherche d&#039;\u00e9valuation du march\u00e9<\/h2>\n\n\n\n<p><\/p>\n\n\n\n<figure class=\"gb-block-image gb-block-image-2cdc38c9\"><img loading=\"lazy\" decoding=\"async\" width=\"1456\" height=\"816\" class=\"gb-image gb-image-2cdc38c9\" src=\"https:\/\/www.sisinternational.com\/wp-content\/uploads\/2025\/08\/Strategy-consulting-20.jpg\" alt=\"\u00c9tudes de march\u00e9 et strat\u00e9gie internationales SIS\" title=\"Strategy consulting (20)\" srcset=\"https:\/\/www.sisinternational.com\/wp-content\/uploads\/2025\/08\/Strategy-consulting-20.jpg 1456w, https:\/\/www.sisinternational.com\/wp-content\/uploads\/2025\/08\/Strategy-consulting-20-300x168.jpg 300w, https:\/\/www.sisinternational.com\/wp-content\/uploads\/2025\/08\/Strategy-consulting-20-1024x574.jpg 1024w, https:\/\/www.sisinternational.com\/wp-content\/uploads\/2025\/08\/Strategy-consulting-20-768x430.jpg 768w, https:\/\/www.sisinternational.com\/wp-content\/uploads\/2025\/08\/Strategy-consulting-20-18x10.jpg 18w\" sizes=\"auto, (max-width: 1456px) 100vw, 1456px\"><\/figure>\n\n\n\n<hr class=\"wp-block-separator has-alpha-channel-opacity is-style-dots\"\/>\n\n\n\n<h2 class=\"wp-block-heading\" id=\"businesses-are-experiencing-a-lot-of-pressure-due-to-rapid-market-changes\">Les entreprises subissent de fortes pressions en raison de l\u2019\u00e9volution rapide du march\u00e9.<\/h2>\n\n\n\n<p>Alors qu\u2019elles s\u2019efforcent d\u2019\u00e9largir leur portefeuille de produits et de s\u2019aventurer sur de nouveaux march\u00e9s, le besoin d\u2019informations commerciales ne peut \u00eatre n\u00e9glig\u00e9.<\/p>\n\n\n\n<p>R\u00e9aliser une \u00e9valuation du march\u00e9 aide les dirigeants \u00e0 identifier les opportunit\u00e9s de croissance, \u00e0 \u00e9viter les risques et \u00e0 d\u00e9velopper des strat\u00e9gies marketing efficaces.<\/p>\n\n\n\n<p><\/p>\n\n\n\n<p><\/p>\n\n\n\n<div class=\"wp-block-columns has-global-color-9-color has-text-color has-background has-link-color wp-elements-3c95a7df760f47e3bb676623121367df is-layout-flex wp-container-core-columns-is-layout-9d6595d7 wp-block-columns-is-layout-flex\" style=\"background-color:#f7f9fa6e\">\n<div class=\"wp-block-column is-layout-flow wp-block-column-is-layout-flow\" style=\"flex-basis:18%\"><\/div>\n\n\n\n<div class=\"wp-block-column is-vertically-aligned-center is-layout-flow wp-block-column-is-layout-flow\" style=\"flex-basis:71.28%\">\n<div class=\"wp-block-rank-math-toc-block aligncenter has-global-color-9-color has-text-color has-link-color wp-elements-6a4b28161f501b837bf1ba82b4e087b0\" style=\"font-size:16px\" id=\"rank-math-toc\"><h2><br><strong>T<\/strong>able of Contents<\/h2><nav><ul><li class=\"\"><a href=\"#businesses-are-experiencing-a-lot-of-pressure-due-to-rapid-market-changes\">Les entreprises subissent de fortes pressions en raison de l\u2019\u00e9volution rapide du march\u00e9.<\/a><\/li><li class=\"\"><a href=\"#importance-of-conducting-market-assessment\">Importance de mener une \u00e9valuation du march\u00e9<\/a><\/li><li class=\"\"><a href=\"#when-should-businesses-conduct-market-research\">Quand les entreprises doivent-elles r\u00e9aliser des \u00e9tudes de march\u00e9 ?<\/a><\/li><li class=\"\"><a href=\"#what-are-the-key-success-factors-in-market-research\">Quels sont les facteurs cl\u00e9s de succ\u00e8s dans les \u00e9tudes de march\u00e9 ?<\/a><\/li><li class=\"\"><a href=\"#trends-in-market-assessment\">Tendances en mati\u00e8re d\u2019\u00e9valuation du march\u00e9<\/a><\/li><li class=\"\"><a href=\"#benefits-of-conducting-market-assessments\">Avantages de la r\u00e9alisation d\u2019\u00e9valuations de march\u00e9<\/a><\/li><\/ul><\/nav><\/div>\n<\/div>\n<\/div>\n\n\n\n<p><\/p>\n\n\n\n<h2 class=\"wp-block-heading\" id=\"importance-of-conducting-market-assessment\">Importance de mener une \u00e9valuation du march\u00e9<\/h2>\n\n\n\n<p>Un projet d\u2019\u00e9valuation de march\u00e9 r\u00e9ussi se traduira par une compr\u00e9hension \u00e0 la fois du march\u00e9 et du client. En r\u00e9pondant aux questions sur la demande, la saturation du march\u00e9, les prix ou encore les indicateurs \u00e9conomiques, l&#039;\u00e9valuation du march\u00e9 permet aux entreprises de\u00a0:<\/p>\n\n\n\n<ul class=\"wp-block-list\">\n<li>Identifier les clients potentiels et leurs habitudes d&#039;achat<\/li>\n\n\n\n<li>D\u00e9couvrez si les clients sont pr\u00eats \u00e0 acheter un produit et peuvent se le permettre<\/li>\n\n\n\n<li>D\u00e9terminer la taille du march\u00e9 et s&#039;il est en croissance ou en contraction<\/li>\n\n\n\n<li>Identifier les segments de march\u00e9 existants et d\u00e9terminer ceux dans lesquels rivaliser<\/li>\n\n\n\n<li>V\u00e9rifier si un produit ou un service correspond au march\u00e9<\/li>\n\n\n\n<li>\u00c9valuer la concurrence existante et comprendre les forces et les faiblesses des concurrents<\/li>\n\n\n\n<li>Saisissez les opportunit\u00e9s qui offrent un retour sur investissement \u00e9lev\u00e9<\/li>\n<\/ul>\n\n\n\n<h2 class=\"wp-block-heading\" id=\"when-should-businesses-conduct-market-research\">Quand les entreprises doivent-elles r\u00e9aliser des \u00e9tudes de march\u00e9 ?<\/h2>\n\n\n\n<p>M\u00eame si les entreprises devraient r\u00e9aliser r\u00e9guli\u00e8rement des \u00e9tudes de march\u00e9, la plupart d\u2019entre elles ne le font que lorsqu\u2019elles sont confront\u00e9es \u00e0 certaines situations. Voici quelques cas qui poussent souvent les entreprises \u00e0 r\u00e9aliser une \u00e9valuation de march\u00e9 :<\/p>\n\n\n\n<ul class=\"wp-block-list\">\n<li>Lorsque vous cherchez \u00e0 cr\u00e9er une proposition de vente unique<\/li>\n\n\n\n<li>Lors du test d\u2019hypoth\u00e8ses formul\u00e9es pr\u00e9c\u00e9demment<\/li>\n\n\n\n<li>Lorsqu\u2019ils cherchent \u00e0 se r\u00e9tablir pendant ou apr\u00e8s une crise<\/li>\n\n\n\n<li>Lorsque vous recherchez de nouvelles opportunit\u00e9s de march\u00e9 pour alimenter la croissance<\/li>\n\n\n\n<li>Lorsque vous recherchez des donn\u00e9es objectives pour vous aider \u00e0 prendre des d\u00e9cisions commerciales \u00e0 long terme<\/li>\n\n\n\n<li>En essayant de projeter l\u2019avenir du march\u00e9<\/li>\n<\/ul>\n\n\n\n<h2 class=\"wp-block-heading\" id=\"what-are-the-key-success-factors-in-market-research\">Quels sont les facteurs cl\u00e9s de succ\u00e8s dans les \u00e9tudes de march\u00e9 ?<\/h2>\n\n\n\n<p>S&#039;il n&#039;est pas bien planifi\u00e9 et ex\u00e9cut\u00e9, un projet d&#039;\u00e9valuation de march\u00e9 peut \u00eatre une entreprise co\u00fbteuse qui ne produit m\u00eame pas de donn\u00e9es significatives. Pour acqu\u00e9rir le type d\u2019informations commerciales dont les dirigeants ont besoin pour prendre des d\u00e9cisions en toute confiance, les chercheurs doivent garder certains facteurs \u00e0 l\u2019esprit.<\/p>\n\n\n\n<p><strong>1. D\u00e9finir les objectifs de l&#039;\u00e9valuation du march\u00e9<\/strong><\/p>\n\n\n\n<p>Les projets d\u2019\u00e9valuation de march\u00e9 doivent avoir un ou deux objectifs clairs et sp\u00e9cifiques. Plus les objectifs sont clairs, plus il est facile de les comprendre et de travailler \u00e0 leur r\u00e9alisation.<\/p>\n\n\n\n<p>Ceci est important car les objectifs des \u00e9tudes de march\u00e9 d\u00e9terminent tout, depuis les m\u00e9thodologies de recherche jusqu&#039;au segment de march\u00e9 et au public \u00e0 \u00e9valuer.<\/p>\n\n\n\n<p><strong>2. D\u00e9terminez votre capacit\u00e9 \u00e0 mener des \u00e9tudes de march\u00e9<\/strong><\/p>\n\n\n\n<p>Les dirigeants doivent \u00e9valuer la capacit\u00e9 de leurs \u00e9quipes internes \u00e0 r\u00e9aliser l\u2019analyse de march\u00e9 pr\u00e9vue. Selon l&#039;objectif de la recherche, il existe des situations dans lesquelles un partenariat avec une agence de recherche sp\u00e9cialis\u00e9e serait pr\u00e9f\u00e9rable.<\/p>\n\n\n\n<p>Ces agences disposent d&#039;experts du secteur r\u00e9partis dans le monde entier qui savent quoi rechercher et comment tirer des enseignements de sources d&#039;informations primaires et secondaires.<\/p>\n\n\n\n<p><strong>3. Collecter les bonnes donn\u00e9es<\/strong><\/p>\n\n\n\n<p>La collecte de donn\u00e9es est un \u00e9l\u00e9ment essentiel des \u00e9tudes de march\u00e9. \u00c9tant donn\u00e9 que les donn\u00e9es orienteront la strat\u00e9gie et la prise de d\u00e9cision, il est important que les donn\u00e9es collect\u00e9es soient exactes et ax\u00e9es sur les objectifs d\u00e9finis d&#039;\u00e9valuation du march\u00e9.<\/p>\n\n\n\n<p>Pour obtenir des donn\u00e9es de haute qualit\u00e9, les chercheurs doivent choisir des outils de collecte de donn\u00e9es, cibler le bon public et d\u00e9terminer le moment appropri\u00e9 pour mener la recherche.<\/p>\n\n\n\n<p><strong>4. Analyse et interpr\u00e9tation des donn\u00e9es<\/strong><\/p>\n\n\n\n<p>L\u2019analyse et l\u2019interpr\u00e9tation des donn\u00e9es de recherche n\u00e9cessitent les comp\u00e9tences et les outils appropri\u00e9s. Les \u00e9quipes dot\u00e9es du sens des affaires obtiendront de meilleurs r\u00e9sultats car elles peuvent voir comment tout s&#039;articule et comment tout cela peut \u00eatre appliqu\u00e9 pour atteindre les objectifs commerciaux.<\/p>\n\n\n\n<p>Pour faciliter la prise de d\u00e9cision, les rapports d\u2019\u00e9valuation du march\u00e9 doivent mettre en \u00e9vidence les informations pertinentes et \u00eatre faciles \u00e0 comprendre. Ils doivent montrer comment les conclusions ont \u00e9t\u00e9 tir\u00e9es et comment les strat\u00e9gies ont \u00e9t\u00e9 d\u00e9velopp\u00e9es \u00e0 partir des informations acquises sur le march\u00e9.<\/p>\n\n\n\n<h2 class=\"wp-block-heading\" id=\"trends-in-market-assessment\">Tendances en mati\u00e8re d\u2019\u00e9valuation du march\u00e9<\/h2>\n\n\n\n<p>Les nouvelles technologies sont de plus en plus utilis\u00e9es \u00e0 des fins de recherche, m\u00eame si l&#039;on r\u00e9fl\u00e9chit davantage \u00e0 la mani\u00e8re d&#039;inciter davantage de r\u00e9pondants \u00e0 participer \u00e0 la recherche. Certaines des tendances en mati\u00e8re d\u2019\u00e9tudes de march\u00e9 comprennent\u00a0:<\/p>\n\n\n\n<p><strong>1. <a href=\"https:\/\/www.sisinternational.com\/fr\/solutions\/innovation\/etude-de-marche-agile\/\" title=\"\u00c9tude de march\u00e9 agile\" data-wpil-monitor-id=\"6111\">\u00c9tude de march\u00e9 agile<\/a><\/strong><\/p>\n\n\n\n<p>Les \u00e9tudes de march\u00e9 deviennent it\u00e9ratives, de sorte que le projet n\u2019est jamais termin\u00e9 en soi. Au lieu de cela, le travail se poursuit par petites s\u00e9ries, chaque t\u00e2che s\u2019appuyant sur les conclusions de la pr\u00e9c\u00e9dente.<\/p>\n\n\n\n<p>Cela entra\u00eene un changement dans les m\u00e9thodologies et l&#039;utilisation d&#039;outils qui facilitent la collecte de donn\u00e9es sur un march\u00e9 en \u00e9volution rapide. Pour b\u00e9n\u00e9ficier d\u2019une approche agile des \u00e9tudes de march\u00e9, les entreprises doivent adopter des processus agiles. Cela leur permet d\u2019utiliser facilement les courtes p\u00e9riodes d\u2019informations pour la croissance de leur entreprise.<\/p>\n\n\n\n<p><strong>2. \u00c9coute sociale<\/strong><\/p>\n\n\n\n<p>Les gens vivent une grande partie de leur vie en ligne, ce qui cr\u00e9e une opportunit\u00e9 pour les chercheurs de collecter des donn\u00e9es gr\u00e2ce \u00e0 l&#039;\u00e9coute sociale. Alors que les gens partagent ouvertement des informations personnelles et des opinions sur les plateformes sociales, les donn\u00e9es collect\u00e9es gr\u00e2ce \u00e0 l&#039;\u00e9coute sociale peuvent s&#039;av\u00e9rer tr\u00e8s authentiques.<\/p>\n\n\n\n<p>Certaines des donn\u00e9es de premi\u00e8re partie que les chercheurs peuvent collecter comprennent\u00a0:<\/p>\n\n\n\n<ul class=\"wp-block-list\">\n<li>Points faibles des clients et suggestions d\u2019am\u00e9lioration du produit<\/li>\n\n\n\n<li>Notori\u00e9t\u00e9 de la marque et (mauvaises) perceptions<\/li>\n\n\n\n<li>Comportements d&#039;achat<\/li>\n\n\n\n<li>D\u00e9clencheurs \u00e9motionnels qui stimulent l&#039;action du client<\/li>\n\n\n\n<li>Tendances aux niveaux micro et macro<\/li>\n<\/ul>\n\n\n\n<p><strong>3. Utiliser l&#039;intelligence artificielle pour les \u00e9tudes de march\u00e9<\/strong><\/p>\n\n\n\n<p>\u00c0 mesure que nous nous dirigeons vers un suivi sans cookies, les entreprises collectent des donn\u00e9es de mani\u00e8re agressive. Le traitement et l\u2019analyse des donn\u00e9es \u00e9tant banals et chronophages, l\u2019IA s\u2019est r\u00e9v\u00e9l\u00e9e \u00eatre une solution efficace.<\/p>\n\n\n\n<p>L\u2019IA est utilis\u00e9e pour collecter des donn\u00e9es provenant de diff\u00e9rents canaux, les trier et les analyser, et g\u00e9n\u00e9rer des rapports qui aident les d\u00e9cideurs \u00e0 tirer des conclusions plus rapidement et \u00e0 d\u00e9velopper les bonnes strat\u00e9gies.<\/p>\n\n\n\n<p><strong>4. Recherche longitudinale<\/strong><\/p>\n\n\n\n<p>En suivant un groupe sp\u00e9cifique de r\u00e9pondants sur une longue p\u00e9riode, la recherche longitudinale permet aux chercheurs de collecter des donn\u00e9es qui les aident \u00e0 acqu\u00e9rir une compr\u00e9hension macro du march\u00e9.<\/p>\n\n\n\n<p>Les donn\u00e9es collect\u00e9es gr\u00e2ce au suivi longitudinal aident \u00e0 identifier les liens entre les d\u00e9clencheurs et les actions, les causes et les effets, et permettent aux chercheurs de pr\u00e9dire facilement les tendances futures.<\/p>\n\n\n\n<h2 class=\"wp-block-heading\" id=\"benefits-of-conducting-market-assessments\">Avantages de la r\u00e9alisation d\u2019\u00e9valuations de march\u00e9<\/h2>\n\n\n\n<p>Il y a beaucoup \u00e0 gagner de l\u2019\u00e9valuation du march\u00e9. Une connaissance approfondie du march\u00e9 peut aider votre entreprise \u00e0\u00a0:<\/p>\n\n\n\n<ul class=\"wp-block-list\">\n<li>Connaissez vos clients et adaptez vos offres en cons\u00e9quence<\/li>\n\n\n\n<li>R\u00e9duisez les risques commerciaux en comprenant la dynamique du march\u00e9, les facteurs de succ\u00e8s et les tendances \u00e9mergentes<\/li>\n\n\n\n<li>Identifier les anomalies du secteur et \u00e9viter leurs effets<\/li>\n\n\n\n<li>Optimisez vos efforts et ressources marketing pour des prospects de haute qualit\u00e9<\/li>\n\n\n\n<li>D\u00e9terminer les crit\u00e8res \u00e0 utiliser pour \u00e9valuer le succ\u00e8s de l&#039;entreprise<\/li>\n\n\n\n<li>Projetez les revenus issus de nouveaux produits ou de plans d\u2019expansion et prenez les bonnes d\u00e9cisions<\/li>\n<\/ul>\n\n\n<h2>Notre emplacement \u00e0 New York<\/h2>\n<p><!-- \/wp:post-content --> <!-- wp:html --> <iframe loading=\"lazy\" src=\"https:\/\/www.google.com\/maps\/embed?pb=!1m18!1m12!1m3!1d3022.976188376966!2d-73.99130312499956!3d40.740549471389315!2m3!1f0!2f0!3f0!3m2!1i1024!2i768!4f13.1!3m3!1m2!1s0x89c259a15798c731%3A0xd695d09bdd495f25!2s11%20E%2022nd%20St%20FL%202%2C%20New%20York%2C%20NY%2010010%2C%20USA!5e0!3m2!1sen!2spe!4v1726171763526!5m2!1sen!2spe\" width=\"600\" height=\"450\" allowfullscreen=\"allowfullscreen\" data-mce-fragment=\"1\"><\/iframe> <!-- \/wp:html --> <!-- wp:paragraph --><\/p>\n<h3 class=\"wp-block-heading\">11 E 22nd Street, \u00e9tage 2, New York, NY 10010 T\u00e9l. : +1(212) 505-6805<\/h3>\n<hr \/>\n<h2><span style=\"font-weight: 400;\">\u00c0 propos de SIS International<\/span><\/h2>\n<p><a href=\"https:\/\/www.sisinternational.com\/fr\/\"><span style=\"font-weight: 400;\">SIS International<\/span><\/a><span style=\"font-weight: 400;\"> propose des recherches quantitatives, qualitatives et strat\u00e9giques. Nous fournissons des donn\u00e9es, des outils, des strat\u00e9gies, des rapports et des informations pour la prise de d\u00e9cision. Nous menons \u00e9galement des entretiens, des enqu\u00eates, des groupes de discussion et d\u2019autres m\u00e9thodes et approches d\u2019\u00e9tudes de march\u00e9.<\/span><a href=\"https:\/\/www.sisinternational.com\/fr\/a-propos-de-la-recherche-internationale-sis\/contact-sis-international-market-research\/\"><span style=\"font-weight: 400;\"> Contactez nous<\/span><\/a><span style=\"font-weight: 400;\"> pour votre prochain projet d&#039;\u00e9tude de march\u00e9.<\/span><\/p>\n<p><!-- wp:heading --><\/p>\n<h2 id=\"about-market-assessment-research\" class=\"wp-block-heading\">\u00a0<\/h2>\n<p><!-- \/wp:heading --><\/p>","protected":false},"excerpt":{"rendered":"<p>D\u00e9couvrez comment vous pouvez d\u00e9velopper votre entreprise gr\u00e2ce \u00e0 la recherche d&#039;\u00e9valuation du march\u00e9.<\/p>","protected":false},"author":1,"featured_media":62554,"parent":84510,"menu_order":14,"comment_status":"closed","ping_status":"closed","template":"","meta":{"footnotes":""},"class_list":["post-37390","page","type-page","status-publish","has-post-thumbnail"],"_links":{"self":[{"href":"https:\/\/www.sisinternational.com\/fr\/wp-json\/wp\/v2\/pages\/37390","targetHints":{"allow":["GET"]}}],"collection":[{"href":"https:\/\/www.sisinternational.com\/fr\/wp-json\/wp\/v2\/pages"}],"about":[{"href":"https:\/\/www.sisinternational.com\/fr\/wp-json\/wp\/v2\/types\/page"}],"author":[{"embeddable":true,"href":"https:\/\/www.sisinternational.com\/fr\/wp-json\/wp\/v2\/users\/1"}],"replies":[{"embeddable":true,"href":"https:\/\/www.sisinternational.com\/fr\/wp-json\/wp\/v2\/comments?post=37390"}],"version-history":[{"count":10,"href":"https:\/\/www.sisinternational.com\/fr\/wp-json\/wp\/v2\/pages\/37390\/revisions"}],"predecessor-version":[{"id":84649,"href":"https:\/\/www.sisinternational.com\/fr\/wp-json\/wp\/v2\/pages\/37390\/revisions\/84649"}],"up":[{"embeddable":true,"href":"https:\/\/www.sisinternational.com\/fr\/wp-json\/wp\/v2\/pages\/84510"}],"wp:featuredmedia":[{"embeddable":true,"href":"https:\/\/www.sisinternational.com\/fr\/wp-json\/wp\/v2\/media\/62554"}],"wp:attachment":[{"href":"https:\/\/www.sisinternational.com\/fr\/wp-json\/wp\/v2\/media?parent=37390"}],"curies":[{"name":"wp","href":"https:\/\/api.w.org\/{rel}","templated":true}]}}