{"id":37069,"date":"2021-04-13T15:04:33","date_gmt":"2021-04-13T15:04:33","guid":{"rendered":"https:\/\/www.sisinternational.com\/?page_id=37069"},"modified":"2026-01-25T16:37:08","modified_gmt":"2026-01-25T21:37:08","slug":"etude-de-marche-manufacturiere","status":"publish","type":"page","link":"https:\/\/www.sisinternational.com\/fr\/solutions\/etude-de-marche-manufacturiere\/","title":{"rendered":"\u00c9tude du march\u00e9 de la fabrication"},"content":{"rendered":"<h1 class=\"wp-block-heading\">\u00c9tude du march\u00e9 de la fabrication<\/h1>\n\n\n\n<figure class=\"gb-block-image gb-block-image-adda95e4\"><img loading=\"lazy\" decoding=\"async\" width=\"1456\" height=\"816\" class=\"gb-image gb-image-adda95e4\" src=\"https:\/\/www.sisinternational.com\/wp-content\/uploads\/2025\/08\/Manufacturing-7.jpg\" alt=\"\u00c9tudes de march\u00e9 et strat\u00e9gie internationales SIS\" title=\"Manufacturing (7)\" srcset=\"https:\/\/www.sisinternational.com\/wp-content\/uploads\/2025\/08\/Manufacturing-7.jpg 1456w, https:\/\/www.sisinternational.com\/wp-content\/uploads\/2025\/08\/Manufacturing-7-300x168.jpg 300w, https:\/\/www.sisinternational.com\/wp-content\/uploads\/2025\/08\/Manufacturing-7-1024x574.jpg 1024w, https:\/\/www.sisinternational.com\/wp-content\/uploads\/2025\/08\/Manufacturing-7-768x430.jpg 768w, https:\/\/www.sisinternational.com\/wp-content\/uploads\/2025\/08\/Manufacturing-7-18x10.jpg 18w\" sizes=\"auto, (max-width: 1456px) 100vw, 1456px\"><\/figure>\n\n\n\n<p><\/p>\n\n\n\n<h2 class=\"wp-block-heading\">\u00c0 mesure que la concurrence entre les fabricants s\u2019intensifie, l\u2019innovation aliment\u00e9e par les nouvelles technologies devient le seul moyen de conserver des parts de march\u00e9 et de cro\u00eetre.<\/h2>\n\n\n\n<p>Cela dit, il ne s\u2019agit pas vraiment de savoir qui bouge le plus vite, mais qui fait le bon choix. Les \u00e9tudes de march\u00e9 manufacturi\u00e8res optimiseront la croissance et la rentabilit\u00e9 de votre entreprise.<\/p>\n\n\n\n<h2 class=\"wp-block-heading p3\">Importance des \u00e9tudes de march\u00e9 sur le secteur manufacturier<\/h2>\n\n\n\n<p class=\"p1\">Due to the effects of a global disruption in trade, more and more manufacturers are seeing the need to diversify or expand into new markets. Expanding and launching new <a href=\"https:\/\/www.sisinternational.com\/fr\/competence\/cv-dexperience\/etude-de-marche-sur-les-produits-de-soins-personnels\/\" title=\"\u00c9tude de march\u00e9 sur les produits de soins personnels\"  data-wpil-monitor-id=\"11061\">products requires market<\/a> knowledge. With a team of experts across the globe, our <a class=\"wpil_keyword_link\" href=\"https:\/\/www.sisinternational.com\/fr\/solutions\/solutions-de-recherche-qualitative-et-quantitative\/etude-de-marche-manufacturiere\/\"   title=\"\u00c9tude du march\u00e9 de la fabrication\" data-wpil-keyword-link=\"linked\"  data-wpil-monitor-id=\"427\">\u00e9tude de march\u00e9 manufacturi\u00e8re<\/a> initiatives help manufacturers by providing insights like:<\/p>\n\n\n\n<ul class=\"wp-block-list ul1\">\n<li>Suitable new <a href=\"https:\/\/www.sisinternational.com\/fr\/solutions\/conseil-en-strategie\/etude-de-marche-de-produits-minimum-viables\/\" title=\"\u00c9tude de march\u00e9 sur les produits minimum viables\"  data-wpil-monitor-id=\"11062\">markets for their products<\/a><\/li>\n\n\n\n<li>Personnalit\u00e9s d&#039;acheteur bas\u00e9es sur des donn\u00e9es des initiateurs et des d\u00e9cideurs<\/li>\n\n\n\n<li>Intelligence de march\u00e9 pour aider \u00e0 comprendre la dynamique du march\u00e9<\/li>\n\n\n\n<li><a href=\"https:\/\/www.sisinternational.com\/fr\/solutions\/croissance-mondiale\/strategie-dentree-sur-le-marche\/\" title=\"Conseil en entr\u00e9e de march\u00e9\"  data-wpil-monitor-id=\"11057\">Strat\u00e9gies d&#039;entr\u00e9e sur le march\u00e9<\/a> that guarantee a sizable market share<\/li>\n\n\n\n<li><a href=\"https:\/\/www.sisinternational.com\/fr\/solutions\/solutions-de-recherche-qualitative-et-quantitative\/desk-research-for-competitive-analysis\/\" title=\"Desk Research for Competitive Analysis\"  data-wpil-monitor-id=\"11058\">Recherche et analyse concurrentielles<\/a><\/li>\n\n\n\n<li>Canaux de marketing et messages qui trouvent un \u00e9cho aupr\u00e8s du public cible<\/li>\n\n\n\n<li>Opportunit\u00e9s de vente incitative et de vente crois\u00e9e<\/li>\n<\/ul>\n\n\n\n<h2 class=\"wp-block-heading p3\">Opportunit\u00e9s et tendances dans le secteur manufacturier<\/h2>\n\n\n\n<p class=\"p1\">Les fabricants travaillent dur pour diversifier leurs produits et \u00e9tablir des cha\u00eenes d\u2019approvisionnement alternatives. Cela a ouvert des opportunit\u00e9s de fabrication dans de nouveaux endroits. Avec l\u2019Inde, la Malaisie, Singapour et le Vietnam en t\u00eate dans la r\u00e9gion APAC, le Mexique est en train de devenir un p\u00f4le manufacturier potentiel dans la r\u00e9gion LATAM.<\/p>\n\n\n\n<p class=\"p1\">While the APAC hubs are competing against China through business-friendly government policies and cheap labor, Mexico is competing based on its proximity to the US.<\/p>\n\n\n\n<h2 class=\"wp-block-heading p5\">Principales tendances dans le secteur manufacturier<\/h2>\n\n\n\n<p class=\"p1\">Pour augmenter leurs revenus et conna\u00eetre la croissance, les fabricants adoptent de nouvelles tactiques. Celles-ci visent soit \u00e0 r\u00e9duire les co\u00fbts, soit \u00e0 accro\u00eetre leurs canaux de revenus.<\/p>\n\n\n\n<p class=\"p1\">Voici quelques-unes des tendances adopt\u00e9es par les fabricants.<\/p>\n\n\n\n<h3 class=\"wp-block-heading p1\"><b>1. Am\u00e9liorer la visibilit\u00e9<\/b><\/h3>\n\n\n\n<p class=\"p1\">Visibility is a critical part of the <a href=\"https:\/\/sisaisolutions.com\/application-of-ai-in-manufacturing\/\" target=\"_blank\" rel=\"noopener\">manufacturing business<\/a> as it helps in decision-making. To improve visibility, manufacturers are investing in digital solutions for data capture and analysis across the entire manufacturing ecosystem. This will help them identify breakpoints and opportunities for improvement.<\/p>\n\n\n\n<h3 class=\"wp-block-heading p1\"><b>2. Fabrication intelligente<\/b><\/h3>\n\n\n\n<p class=\"p1\">Forward-thinking <a href=\"https:\/\/www.sisinternational.com\/fr\/etude-de-marche-sur-la-fabrication-intelligente\/\" title=\"\u00c9tude de march\u00e9 sur la fabrication intelligente\" data-wpil-monitor-id=\"3628\">manufacturers<\/a> are working on \u201csmart factories\u201d where everything revolves around data. These manufacturers are moving from concept to reality by combining the power of data as well as different technologies and solutions to optimize the entire manufacturing process.<\/p>\n\n\n\n<h3 class=\"wp-block-heading p1\"><b>3. Automatisation<\/b><\/h3>\n\n\n\n<p class=\"p1\">Dans le secteur manufacturier, l\u2019automatisation est la solution ultime. M\u00eame si tous les efforts vont dans cette direction, le plus grand d\u00e9fi reste la p\u00e9nurie de comp\u00e9tences. Les fabricants y font face en formant leur personnel aux nouvelles technologies, \u00e0 l&#039;analyse des donn\u00e9es et \u00e0 la r\u00e9solution de probl\u00e8mes tout en cr\u00e9ant des environnements de travail flexibles et dynamiques.<\/p>\n\n\n\n<h3 class=\"wp-block-heading p1\"><b>4. Maintenance pr\u00e9dictive<\/b><\/h3>\n\n\n\n<p class=\"p1\">L\u2019une des principales causes d\u2019arr\u00eat dans le secteur manufacturier est la panne d\u2019\u00e9quipement. La perte de productivit\u00e9 entra\u00eene des co\u00fbts \u00e9normes et des pertes potentielles, m\u00eame si l&#039;exp\u00e9rience client souffre des retards dans la livraison des pi\u00e8ces OEM et des produits finaux. Les fabricants se tournent vers l&#039;analyse pr\u00e9dictive et la maintenance pour surveiller les performances des \u00e9quipements et r\u00e9duire les pannes impr\u00e9vues.<\/p>\n\n\n\n<h3 class=\"wp-block-heading p1\"><b>5. Fabrication agile<\/b><\/h3>\n\n\n\n<p class=\"p1\">Les fabricants recherchent \u00e9galement des moyens de r\u00e9pondre rapidement aux besoins des clients et aux d\u00e9fis commerciaux. De nombreux DSI et CTO ont constat\u00e9 que l\u2019ajout d\u2019une couche de solutions agiles \u00e0 leurs ERP existants les aidait \u00e0 obtenir des r\u00e9sultats plus rapidement. Les informations bas\u00e9es sur les donn\u00e9es conduisent \u00e0 des int\u00e9grations de syst\u00e8mes et \u00e0 des mises \u00e0 niveau de processus, ce qui acc\u00e9l\u00e8re la rentabilisation.<\/p>\n\n\n\n<h3 class=\"wp-block-heading p1\"><b>6. Cybers\u00e9curit\u00e9 dans le secteur manufacturier<\/b><\/h3>\n\n\n\n<p class=\"p1\">Les donn\u00e9es \u00e9tant l\u2019actif le plus critique pour les fabricants, la cybers\u00e9curit\u00e9 fait l\u2019objet d\u2019une attention particuli\u00e8re. Face \u00e0 l\u2019augmentation des cas de ransomwares, les fabricants cherchent \u00e0 investir dans les bonnes solutions. La meilleure option sera d\u2019embaucher des cyber-talents qualifi\u00e9s tout en s\u2019associant avec des fournisseurs disposant de solutions \u00e9prouv\u00e9es et de programmes de R&amp;D d\u00e9di\u00e9s.<\/p>\n\n\n\n<h2 class=\"wp-block-heading p5\">Nouvelles technologies dans la fabrication<\/h2>\n\n\n\n<p class=\"p1\">Les fabricants adoptent de nouvelles technologies et solutions pour r\u00e9duire les co\u00fbts, am\u00e9liorer l\u2019efficacit\u00e9 et augmenter la rentabilit\u00e9. Certains d&#039;entre eux incluent\u00a0:<\/p>\n\n\n\n<h3 class=\"wp-block-heading p1\"><b>1. Les robots dans le secteur manufacturier<\/b><\/h3>\n\n\n\n<p class=\"p1\">M\u00eame si les robots font partie du secteur manufacturier depuis un certain temps, certaines innovations entra\u00eenent des changements. Par exemple, les robots collaboratifs (cobots) prennent en charge des t\u00e2ches dangereuses et r\u00e9p\u00e9titives, permettant aux humains de travailler sur des solutions cr\u00e9atives et d&#039;autres t\u00e2ches plus satisfaisantes.<\/p>\n\n\n\n<p class=\"p1\">Les robots en tant que service (RaaS) r\u00e9duisent les co\u00fbts de l&#039;automatisation en proposant des robots \u00e0 louer. Gr\u00e2ce au RaaS, les fabricants \u00e9tablis peuvent s\u2019attendre \u00e0 des perturbations venant des startups, tout comme cela s\u2019est produit dans le monde du logiciel lorsque le PaaS et l\u2019IaaS sont devenus une r\u00e9alit\u00e9.<\/p>\n\n\n\n<h3 class=\"wp-block-heading p1\"><b>2. Blockchain dans l&#039;industrie manufacturi\u00e8re<\/b><\/h3>\n\n\n\n<p class=\"p1\">Blockchain is quite a new technology in manufacturing. It is however being actively developed for use in manufacturing ecosystems by companies such as IBM, GE, and Samsung.<\/p>\n\n\n\n<p class=\"p1\">La blockchain sera utilis\u00e9e pour appliquer les r\u00e9glementations de contr\u00f4le de qualit\u00e9 depuis l\u2019\u00e9tape des mati\u00e8res premi\u00e8res jusqu\u2019au produit final. Il servira \u00e9galement \u00e0 apporter de la transparence et une visibilit\u00e9 suppl\u00e9mentaire aux acteurs de l\u2019\u00e9cosyst\u00e8me tout au long de la cha\u00eene de valeur.<\/p>\n\n\n\n<h3 class=\"wp-block-heading p1\"><b>3. L&#039;intelligence artificielle dans le secteur manufacturier<\/b><\/h3>\n\n\n\n<p class=\"p1\"><a href=\"https:\/\/www.sisinternational.com\/fr\/solutions\/ai-etudes-de-marche-et-conseil-en-strategie\/conseil-en-intelligence-artificielle-en-automatisation-de-la-fabrication\/\" title=\"Conseil en automatisation de la fabrication et intelligence artificielle\" data-wpil-monitor-id=\"11060\">Artificial Intelligence is finding applications in manufacturing<\/a> due to the availability of data. In many cases, AI is being implemented alongside robotics. Robots with AI capability will be the new frontier of competition. AI-capable robots can make perception-based decisions, making them far superior to traditional robots, which are limited to rule-based algorithms.<\/p>\n\n\n\n<h3 class=\"wp-block-heading p1\"><b>4. Internet industriel des objets (IIoT)<\/b><\/h3>\n\n\n\n<p class=\"p1\">Avec le lancement des r\u00e9seaux 5G, les constructeurs peuvent enfin se lancer <a href=\"https:\/\/www.zdnet.com\/article\/seven-tips-for-identifying-and-managing-iiot-deployment-costs\/\" target=\"_blank\" rel=\"noopener\">mise en \u0153uvre de l&#039;IIoT<\/a>. Certains fabricants commencent d\u00e9j\u00e0 \u00e0 mettre \u00e0 niveau leur infrastructure r\u00e9seau interne.<\/p>\n\n\n\n<p class=\"p1\">Alors que les fabricants de puces et de capteurs, ainsi que les d\u00e9veloppeurs de logiciels, s&#039;efforcent de faire de l&#039;IIoT une r\u00e9alit\u00e9, les fabricants qui planifient \u00e0 l&#039;avance seront en mesure de s&#039;adapter plus rapidement une fois que toutes les pi\u00e8ces du puzzle seront disponibles.<\/p>\n\n\n\n<h2 class=\"wp-block-heading p3\">Avantages de mener une \u00e9tude de march\u00e9 sur le secteur manufacturier<\/h2>\n\n\n\n<figure class=\"gb-block-image gb-block-image-a05cee9a\"><img loading=\"lazy\" decoding=\"async\" width=\"1456\" height=\"816\" class=\"gb-image gb-image-a05cee9a\" src=\"https:\/\/www.sisinternational.com\/wp-content\/uploads\/2025\/08\/Manufacturing-18.jpg\" alt=\"\u00c9tudes de march\u00e9 et strat\u00e9gie internationales SIS\" title=\"Manufacturing (18)\" srcset=\"https:\/\/www.sisinternational.com\/wp-content\/uploads\/2025\/08\/Manufacturing-18.jpg 1456w, https:\/\/www.sisinternational.com\/wp-content\/uploads\/2025\/08\/Manufacturing-18-300x168.jpg 300w, https:\/\/www.sisinternational.com\/wp-content\/uploads\/2025\/08\/Manufacturing-18-1024x574.jpg 1024w, https:\/\/www.sisinternational.com\/wp-content\/uploads\/2025\/08\/Manufacturing-18-768x430.jpg 768w, https:\/\/www.sisinternational.com\/wp-content\/uploads\/2025\/08\/Manufacturing-18-18x10.jpg 18w\" sizes=\"auto, (max-width: 1456px) 100vw, 1456px\"><\/figure>\n\n\n\n<p><\/p>\n\n\n\n<p class=\"p1\">Les \u00e9tudes de march\u00e9 sont la cl\u00e9 de la croissance des entreprises. Que vous cherchiez \u00e0 vous r\u00e9tablir ou \u00e0 vous d\u00e9velopper sur de nouveaux march\u00e9s, il est indispensable de comprendre le march\u00e9. Compte tenu des besoins en constante \u00e9volution des clients et de la forte concurrence, en tant que fabricant, les \u00e9tudes de march\u00e9 peuvent vous offrir des avantages tels que\u00a0:<\/p>\n\n\n\n<ul class=\"wp-block-list ul1\">\n<li>Primary insights that cannot be attained through secondary sources<\/li>\n\n\n\n<li>Connaissance de l&#039;industrie \u00e9mergente et des tendances des clients<\/li>\n\n\n\n<li><a href=\"https:\/\/www.sisinternational.com\/fr\/solutions\/croissance-mondiale\/conseil-en-strategie-marches-emergents\/\" title=\"Conseil en strat\u00e9gie pour les march\u00e9s \u00e9mergents\" data-wpil-monitor-id=\"11063\">Strategies for market<\/a> capture by uncovering competitor strengths and weaknesses<\/li>\n\n\n\n<li>Att\u00e9nuation des risques<\/li>\n\n\n\n<li>Id\u00e9es d\u2019engagement client pour vous aider \u00e0 rester pertinent<\/li>\n\n\n\n<li>Benchmarking pour \u00e9valuer et am\u00e9liorer la productivit\u00e9 et la croissance<\/li>\n\n\n\n<li>Planification et ex\u00e9cution de la strat\u00e9gie d&#039;entr\u00e9e sur le march\u00e9 et de r\u00e9ussite marketing<\/li>\n<\/ul>\n\n\n\n<h2 class=\"wp-block-heading\">\u00c0 propos des \u00e9tudes de march\u00e9 sur le secteur manufacturier<\/h2>\n\n\n\n<p class=\"p1\">As an investment meant to shed light on your growth potential, market research needs to be conducted by experienced experts. At <a href=\"https:\/\/www.sisinternational.com\/fr\/contacter-sis-etude-de-marche-internationale\/\" title=\"Contactez-nous\" data-wpil-monitor-id=\"11056\">Recherche internationale SIS<\/a>, we\u2019ve worked with top brands across the globe who always trust us to carry out market research for them.<\/p>\n\n\n\n<p class=\"p1\">Avec <a href=\"https:\/\/www.sisinternational.com\/fr\/solutions\/etude-de-marche-en-groupe-de-discussion\/\" title=\"\u00c9tude de march\u00e9 par groupe de discussion\" data-wpil-monitor-id=\"11059\">research strategies that include focus groups<\/a>, in-depth interviews, ethnography, market segmentation, competitive benchmarking, and choice modeling, we unearth the kind of insights you need to make the right business decision.<\/p>\n\n\n\n<p><\/p>","protected":false},"excerpt":{"rendered":"<p>SIS International Research est un leader dans le domaine des \u00e9tudes de march\u00e9 pour l'industrie manufacturi\u00e8re. Nous fournissons des informations, des donn\u00e9es, des conseils et des strat\u00e9gies.<\/p>","protected":false},"author":1,"featured_media":63709,"parent":14457,"menu_order":21,"comment_status":"closed","ping_status":"closed","template":"","meta":{"footnotes":""},"class_list":["post-37069","page","type-page","status-publish","has-post-thumbnail"],"_links":{"self":[{"href":"https:\/\/www.sisinternational.com\/fr\/wp-json\/wp\/v2\/pages\/37069","targetHints":{"allow":["GET"]}}],"collection":[{"href":"https:\/\/www.sisinternational.com\/fr\/wp-json\/wp\/v2\/pages"}],"about":[{"href":"https:\/\/www.sisinternational.com\/fr\/wp-json\/wp\/v2\/types\/page"}],"author":[{"embeddable":true,"href":"https:\/\/www.sisinternational.com\/fr\/wp-json\/wp\/v2\/users\/1"}],"replies":[{"embeddable":true,"href":"https:\/\/www.sisinternational.com\/fr\/wp-json\/wp\/v2\/comments?post=37069"}],"version-history":[{"count":6,"href":"https:\/\/www.sisinternational.com\/fr\/wp-json\/wp\/v2\/pages\/37069\/revisions"}],"predecessor-version":[{"id":81809,"href":"https:\/\/www.sisinternational.com\/fr\/wp-json\/wp\/v2\/pages\/37069\/revisions\/81809"}],"up":[{"embeddable":true,"href":"https:\/\/www.sisinternational.com\/fr\/wp-json\/wp\/v2\/pages\/14457"}],"wp:featuredmedia":[{"embeddable":true,"href":"https:\/\/www.sisinternational.com\/fr\/wp-json\/wp\/v2\/media\/63709"}],"wp:attachment":[{"href":"https:\/\/www.sisinternational.com\/fr\/wp-json\/wp\/v2\/media?parent=37069"}],"curies":[{"name":"wp","href":"https:\/\/api.w.org\/{rel}","templated":true}]}}