{"id":36862,"date":"2021-03-12T05:12:39","date_gmt":"2021-03-12T05:12:39","guid":{"rendered":"https:\/\/www.sisinternational.com\/?page_id=36862"},"modified":"2026-01-25T19:31:08","modified_gmt":"2026-01-26T00:31:08","slug":"etude-de-marche-chili","status":"publish","type":"page","link":"https:\/\/www.sisinternational.com\/fr\/couverture\/latin-america\/etude-de-marche-en-amerique-latine\/etude-de-marche-chili\/","title":{"rendered":"Recherche documentaire au Chili"},"content":{"rendered":"<h1 class=\"wp-block-heading\"><b>Bureau <\/b>Recherche au Chili<\/h1>\n\n\n\n<figure class=\"gb-block-image gb-block-image-de2ee8b3\"><img loading=\"lazy\" decoding=\"async\" width=\"1456\" height=\"816\" class=\"gb-image gb-image-de2ee8b3\" src=\"https:\/\/www.sisinternational.com\/wp-content\/uploads\/2025\/09\/Chile-2.jpg\" alt=\"\u00c9tudes de march\u00e9 et strat\u00e9gie internationales SIS\" title=\"Chile (2)\" srcset=\"https:\/\/www.sisinternational.com\/wp-content\/uploads\/2025\/09\/Chile-2.jpg 1456w, https:\/\/www.sisinternational.com\/wp-content\/uploads\/2025\/09\/Chile-2-300x168.jpg 300w, https:\/\/www.sisinternational.com\/wp-content\/uploads\/2025\/09\/Chile-2-1024x574.jpg 1024w, https:\/\/www.sisinternational.com\/wp-content\/uploads\/2025\/09\/Chile-2-768x430.jpg 768w, https:\/\/www.sisinternational.com\/wp-content\/uploads\/2025\/09\/Chile-2-18x10.jpg 18w\" sizes=\"auto, (max-width: 1456px) 100vw, 1456px\"><\/figure>\n\n\n\n<p><\/p>\n\n\n\n<h3 class=\"wp-block-heading\">Le Chili est l\u2019une des \u00e9conomies les plus productives et comp\u00e9titives d\u2019Am\u00e9rique du Sud. Les entreprises qui investissent dans la compr\u00e9hension de la dynamique locale sont mieux plac\u00e9es pour saisir les opportunit\u00e9s et s\u2019implanter solidement au Chili.<\/h3>\n\n\n\n<p>Les \u00e9tudes documentaires men\u00e9es au Chili sont essentielles pour exploiter les opportunit\u00e9s qui s&#039;offrent \u00e0 nous dans l&#039;une des \u00e9conomies les plus stables et les plus d\u00e9velopp\u00e9es d&#039;Am\u00e9rique du Sud. Les entreprises qui r\u00e9ussissent savent que la compr\u00e9hension des pr\u00e9f\u00e9rences des consommateurs locaux est essentielle \u00e0 une croissance durable.<\/p>\n\n\n\n<h2 class=\"wp-block-heading\"><strong>Qu\u2019est-ce que la recherche documentaire au Chili et pourquoi est-elle importante ?<\/strong><\/h2>\n\n\n\n<p>En menant des recherches documentaires au Chili, les entreprises peuvent comprendre en profondeur les besoins, les comportements et les pr\u00e9f\u00e9rences des consommateurs. Cela leur permet de personnaliser leurs produits et services en cons\u00e9quence, en s&#039;assurant que leurs offres trouvent un \u00e9cho aupr\u00e8s du public local.<\/p>\n\n\n\n<p><a class=\"wpil_keyword_link\" href=\"https:\/\/www.sisinternational.com\/fr\/comment-mener-une-recherche-documentaire-efficace\/\"   title=\"Comment mener une recherche documentaire efficace\" data-wpil-keyword-link=\"linked\"  data-wpil-monitor-id=\"747\">Recherche documentaire<\/a> in Chile allows businesses to accurately evaluate market demand, identify target audiences, and adapt their offerings to meet local needs. With Chile&#8217;s diverse consumer base, brands must use a nuanced approach to marketing and branding to effectively reach different population segments. In addition, desk research provides valuable insights into Chile&#8217;s regulatory environment, logistics, and competitive landscape. This information helps businesses anticipate challenges and position themselves effectively.<\/p>\n\n\n\n<h2 class=\"wp-block-heading\"><strong>Notre analyse actuelle du march\u00e9 et nos recommandations<\/strong><\/h2>\n\n\n\n<p>Nous recommandons aux entreprises int\u00e9ress\u00e9es par l\u2019expansion au Chili de consid\u00e9rer le<span style=\"font-size: inherit; background-color: var(--base-3); color: var(--contrast-2);\"> L&#039;int\u00e9r\u00eat croissant des consommateurs pour la durabilit\u00e9, les solutions num\u00e9riques et les produits de haute qualit\u00e9. Nous conseillons aux entreprises de mettre l&#039;accent sur des pratiques respectueuses de l&#039;environnement, d&#039;adopter des strat\u00e9gies num\u00e9riques innovantes et de maintenir un niveau de qualit\u00e9 \u00e9lev\u00e9 dans leurs offres. Les secteurs minier, technologique et de la vente au d\u00e9tail pr\u00e9sentent un fort potentiel de croissance, et les recherches documentaires au Chili sont essentielles pour identifier les opportunit\u00e9s dans ces secteurs.<\/span><\/p>\n\n\n\n<p>We also stress the importance of understanding Chile&#8217;s regulatory environment. Navigating local regulations can be complex, and ensuring compliance is crucial for avoiding setbacks. A proactive approach to regulatory <a href=\"https:\/\/www.sisinternational.com\/fr\/competence\/les-industries\/etude-de-marche-sur-la-telemetrie\/\" title=\"\u00c9tude de march\u00e9 sur la t\u00e9l\u00e9m\u00e9trie\"  data-wpil-monitor-id=\"5700\">research and market<\/a> analysis will help businesses establish a successful foothold in Chile.<\/p>\n\n\n\n<h2 class=\"wp-block-heading\"><strong>Principales attractions touristiques au Chili<\/strong><\/h2>\n\n\n\n<figure class=\"gb-block-image gb-block-image-228e577d\"><img loading=\"lazy\" decoding=\"async\" width=\"1456\" height=\"816\" class=\"gb-image gb-image-228e577d\" src=\"https:\/\/www.sisinternational.com\/wp-content\/uploads\/2025\/09\/Chile-1.jpg\" alt=\"\u00c9tudes de march\u00e9 et strat\u00e9gie internationales SIS\" title=\"Chile (1)\" srcset=\"https:\/\/www.sisinternational.com\/wp-content\/uploads\/2025\/09\/Chile-1.jpg 1456w, https:\/\/www.sisinternational.com\/wp-content\/uploads\/2025\/09\/Chile-1-300x168.jpg 300w, https:\/\/www.sisinternational.com\/wp-content\/uploads\/2025\/09\/Chile-1-1024x574.jpg 1024w, https:\/\/www.sisinternational.com\/wp-content\/uploads\/2025\/09\/Chile-1-768x430.jpg 768w, https:\/\/www.sisinternational.com\/wp-content\/uploads\/2025\/09\/Chile-1-18x10.jpg 18w\" sizes=\"auto, (max-width: 1456px) 100vw, 1456px\"><\/figure>\n\n\n\n<p><\/p>\n\n\n\n<p>Des recherches men\u00e9es au Chili r\u00e9v\u00e8lent plusieurs attractions touristiques populaires qui attirent des millions de visiteurs chaque ann\u00e9e. Voici cinq attractions principales :<\/p>\n\n\n\n<ul class=\"wp-block-list\">\n<li><strong>D\u00e9sert d&#039;Atacama<\/strong>:Connu comme le d\u00e9sert le plus sec de la plan\u00e8te, le d\u00e9sert d&#039;Atacama pr\u00e9sente des paysages \u00e0 couper le souffle, des salines et des geysers. C&#039;est une destination de choix pour les touristes en qu\u00eate d&#039;aventure et de merveilles naturelles.<\/li>\n\n\n\n<li><strong>Patagonie<\/strong>:La Patagonie chilienne est c\u00e9l\u00e8bre pour ses paysages \u00e9poustouflants, notamment ses glaciers, ses fjords et ses parcs nationaux. Le parc national Torres del Paine est une destination pris\u00e9e des amoureux de la nature et des voyageurs aventuriers.<\/li>\n\n\n\n<li><strong>Valparaiso<\/strong>:La ville c\u00f4ti\u00e8re de Valpara\u00edso est r\u00e9put\u00e9e pour ses quartiers color\u00e9s \u00e0 flanc de colline, son art de rue dynamique et sa riche culture. C&#039;est une destination incontournable pour les touristes qui explorent le patrimoine culturel du Chili.<\/li>\n\n\n\n<li><strong>\u00cele de P\u00e2ques<\/strong>:Avec ses myst\u00e9rieuses statues moai, l&#039;\u00eele de P\u00e2ques est l&#039;une des \u00eeles habit\u00e9es les plus isol\u00e9es du monde. Elle attire des visiteurs int\u00e9ress\u00e9s par l&#039;histoire, l&#039;arch\u00e9ologie et les exp\u00e9riences culturelles uniques.<\/li>\n\n\n\n<li><strong>Saint-Jacques<\/strong>:La capitale Santiago offre un m\u00e9lange d&#039;attractions modernes et traditionnelles, notamment le Cerro San Crist\u00f3bal, la Plaza de Armas et une sc\u00e8ne culinaire dynamique. Elle sert de plaque tournante pour explorer le reste du Chili.<\/li>\n<\/ul>\n\n\n\n<h2 class=\"wp-block-heading\">Industrie des services au Chili<\/h2>\n\n\n\n<p>Dot\u00e9e d&#039;une infrastructure informatique bien d\u00e9velopp\u00e9e et d&#039;une main-d&#039;\u0153uvre comp\u00e9tente et sp\u00e9cialis\u00e9e, le secteur des services au Chili conna\u00eet une croissance constante. Des secteurs comme la vente au d\u00e9tail et le conseil sont bien \u00e9tablis, tandis que les services bancaires connaissent un essor croissant.<\/p>\n\n\n\n<p>Le paysage du Chili attire des millions de touristes de la r\u00e9gion et d&#039;Europe. Les meilleurs endroits \u00e0 visiter sont le d\u00e9sert d&#039;Atacama, la Patagonie chilienne et la ville de Valpara\u00edso. Des dizaines de r\u00e9serves naturelles et de nombreux parcs prot\u00e9g\u00e9s s&#039;ajoutent \u00e0 la liste des attractions touristiques du Chili.<\/p>\n\n\n\n<h3 class=\"wp-block-heading\">L&#039;agriculture au Chili<\/h3>\n\n\n\n<p>L&#039;industrie agricole du Chili est reconnue mondialement comme un producteur et exportateur de denr\u00e9es alimentaires. Ses produits agricoles comprennent l&#039;avoine, le bl\u00e9, les pommes, les asperges, le ma\u00efs et les oignons. Le Chili est \u00e9galement l&#039;un des premiers producteurs mondiaux de saumon. La sylviculture et l&#039;\u00e9levage contribuent \u00e9galement \u00e0 l&#039;industrie, les principaux produits \u00e9tant la volaille, le b\u0153uf et la laine. Le Chili est \u00e9galement un producteur mondial de vin, am\u00e9liorant l&#039;industrie gr\u00e2ce \u00e0 l&#039;aquaculture et \u00e0 la sylviculture.<\/p>\n\n\n\n<h3 class=\"wp-block-heading\">Exploitation mini\u00e8re au Chili<\/h3>\n\n\n\n<p>Le Chili est l&#039;un des plus grands producteurs de cuivre au monde et la Chine est l&#039;un de ses plus gros clients. Outre le cuivre, le Chili poss\u00e8de des gisements d&#039;or, d&#039;argent, de fer, de bore et de molybd\u00e8ne, qu&#039;il exploite pour l&#039;exportation.<\/p>\n\n\n\n<h2 class=\"wp-block-heading\">Opportunit\u00e9s d&#039;investissement au Chili<\/h2>\n\n\n\n<p>L&#039;\u00e9conomie chilienne devrait conna\u00eetre une croissance durable gr\u00e2ce \u00e0 des politiques con\u00e7ues pour une croissance \u00e0 long terme. Il est n\u00e9anmoins n\u00e9cessaire de diversifier davantage le pays pour \u00e9viter une d\u00e9pendance excessive aux exportations telles que le cuivre. Voici quelques opportunit\u00e9s d&#039;investissements directs \u00e9trangers au Chili.<\/p>\n\n\n\n<h3 class=\"wp-block-heading\">Exploitation mini\u00e8re<\/h3>\n\n\n\n<p>Le potentiel d&#039;extraction du lithium au Chili est consid\u00e9rable, notamment en raison de l&#039;existence d&#039;un march\u00e9 en pleine croissance en raison de la demande croissante de v\u00e9hicules \u00e9lectriques. Bien que d&#039;autres pays produisent du lithium, cette offre ne suffit pas \u00e0 satisfaire la demande.<br>L&#039;industrie mini\u00e8re a besoin de technologies et de comp\u00e9tences plus sp\u00e9cialis\u00e9es pour am\u00e9liorer son efficacit\u00e9. Les services de conseil en ing\u00e9nierie et en exploitation mini\u00e8re peuvent contribuer \u00e0 am\u00e9liorer la production de l&#039;industrie. La fabrication et la r\u00e9paration de machines mini\u00e8res sont \u00e9galement une option \u00e0 envisager.<\/p>\n\n\n\n<h3 class=\"wp-block-heading\">Agriculture<\/h3>\n\n\n\n<p>Le Chili est bien connu pour ses produits agricoles et a adopt\u00e9 le commerce \u00e9lectronique pour augmenter ses ventes. Bien qu\u2019il y ait de la place pour les investisseurs dans la production et l\u2019exportation de produits alimentaires, il serait pr\u00e9f\u00e9rable de proposer des solutions uniques \u00e0 l\u2019industrie.<\/p>\n\n\n\n<h3 class=\"wp-block-heading\">Immobilier<\/h3>\n\n\n\n<p>L&#039;int\u00e9r\u00eat pour les investissements au Chili est en hausse, ce qui cr\u00e9e une demande en bureaux et en logements. Santiago et Valpara\u00edso sont des zones privil\u00e9gi\u00e9es pour le d\u00e9veloppement immobilier au Chili. La production agricole se d\u00e9roulant \u00e0 la campagne, les investisseurs immobiliers peuvent \u00e9galement regarder au-del\u00e0 des villes.<\/p>\n\n\n\n<h2 class=\"wp-block-heading\">Les d\u00e9fis auxquels est confront\u00e9e l&#039;\u00e9conomie chilienne<\/h2>\n\n\n\n<p>Malgr\u00e9 les nombreuses opportunit\u00e9s qu&#039;offre le Chili, les recherches documentaires ont permis d&#039;identifier plusieurs d\u00e9fis auxquels les entreprises doivent faire face. Il s&#039;agit notamment de :<\/p>\n\n\n\n<ol start=\"1\" class=\"wp-block-list\">\n<li><strong>R\u00e9glementations complexes<\/strong>:Naviguer dans le cadre r\u00e9glementaire du Chili peut s\u2019av\u00e9rer difficile, en particulier pour les entreprises \u00e9trang\u00e8res qui ne connaissent pas les exigences locales.<\/li>\n\n\n\n<li><strong>Haute concurrence<\/strong>:Le march\u00e9 chilien est tr\u00e8s comp\u00e9titif, avec de nombreuses marques locales et internationales en comp\u00e9tition pour des parts de march\u00e9.<\/li>\n\n\n\n<li><strong>In\u00e9galit\u00e9s \u00e9conomiques<\/strong>:Les disparit\u00e9s \u00e9conomiques au Chili peuvent avoir un impact sur le pouvoir d\u2019achat des consommateurs, influen\u00e7ant la segmentation du march\u00e9 et le positionnement des produits.<\/li>\n\n\n\n<li><strong>Acc\u00e8s limit\u00e9 au financement<\/strong>:L\u2019acc\u00e8s au financement peut \u00eatre difficile pour les petites et moyennes entreprises, limitant leur capacit\u00e9 \u00e0 se d\u00e9velopper.<\/li>\n\n\n\n<li><strong>D\u00e9fis g\u00e9ographiques<\/strong>:La g\u00e9ographie unique du Chili, avec sa forme longue et \u00e9troite, cr\u00e9e des d\u00e9fis logistiques pour la gestion de la cha\u00eene d&#039;approvisionnement.<\/li>\n\n\n\n<li><strong>Retards bureaucratiques<\/strong>:Les inefficacit\u00e9s bureaucratiques peuvent entra\u00eener des retards dans les processus commerciaux, ce qui a un impact sur l\u2019entr\u00e9e sur le march\u00e9 et les op\u00e9rations globales.<\/li>\n\n\n\n<li><strong>Pr\u00e9occupations environnementales<\/strong>:Les entreprises doivent donner la priorit\u00e9 \u00e0 la durabilit\u00e9 et se conformer aux r\u00e9glementations environnementales, car ces questions deviennent de plus en plus importantes pour les consommateurs et le gouvernement.<\/li>\n<\/ol>\n\n\n\n<h2 class=\"wp-block-heading\">Principaux p\u00f4les d&#039;entreprises au Chili<\/h2>\n\n\n\n<p>Santiago, la capitale du Chili, est une ville tr\u00e8s propice aux affaires. Elle dispose d&#039;un r\u00e9seau de transports bien desservi, d&#039;une main d&#039;\u0153uvre instruite, de secteurs financier et de vente au d\u00e9tail florissants et produit pr\u00e8s de la moiti\u00e9 du PIB du pays.<\/p>\n\n\n\n<p>Valpara\u00edso est une destination touristique et un centre commercial majeur. C&#039;est \u00e9galement un p\u00f4le strat\u00e9gique pour les entreprises li\u00e9es au transport maritime et au fret. Concepci\u00f3n est un p\u00f4le commercial du Chili qui b\u00e9n\u00e9ficie d&#039;un acc\u00e8s aux r\u00e9gions agricoles et mini\u00e8res du pays.<\/p>\n\n\n\n<h2 class=\"wp-block-heading\"><strong>Comment les recherches documentaires de SIS International au Chili aident les entreprises<\/strong><\/h2>\n\n\n\n<p>Les recherches documentaires men\u00e9es par SIS International au Chili fournissent des informations approfondies sur les secteurs cl\u00e9s, les comportements des consommateurs et les tendances du march\u00e9. En collaborant avec SIS International, les entreprises b\u00e9n\u00e9ficient de plusieurs avantages :<\/p>\n\n\n\n<ul class=\"wp-block-list\">\n<li><strong>Informations compl\u00e8tes sur le march\u00e9<\/strong>:Notre \u00e9quipe aide les entreprises \u00e0 bien comprendre le march\u00e9 chilien, y compris les comportements des consommateurs locaux et les influences culturelles.<\/li>\n\n\n\n<li><strong>Prise de d\u00e9cision bas\u00e9e sur les donn\u00e9es<\/strong>:Nous permettons aux entreprises de prendre des d\u00e9cisions \u00e9clair\u00e9es qui r\u00e9duisent les risques et favorisent le succ\u00e8s sur le march\u00e9 chilien.<\/li>\n\n\n\n<li><strong>Avantage comp\u00e9titif<\/strong>:Nous identifions les tendances et les opportunit\u00e9s \u00e9mergentes, garantissant aux entreprises de garder une longueur d\u2019avance sur leurs concurrents et de se positionner strat\u00e9giquement au Chili.<\/li>\n\n\n\n<li><strong>D\u00e9veloppement de strat\u00e9gie personnalis\u00e9e<\/strong>: <a href=\"https:\/\/www.linkedin.com\/company\/sisinternationalresearch\/\" target=\"_blank\" rel=\"noopener\"><span style=\"font-weight: 400;\">SIS International<\/span><\/a> aide les entreprises \u00e0 cr\u00e9er des strat\u00e9gies adapt\u00e9es au paysage culturel et \u00e9conomique du Chili, en alignant les produits et le marketing sur les pr\u00e9f\u00e9rences des consommateurs locaux.<\/li>\n\n\n\n<li><strong>Navigation dans les r\u00e9glementations<\/strong>:Nos experts r\u00e9glementaires fournissent des informations sur la navigation dans l&#039;environnement r\u00e9glementaire du Chili, aidant les entreprises \u00e0 se conformer aux lois nationales et r\u00e9gionales.<\/li>\n\n\n\n<li><strong>Entr\u00e9e r\u00e9ussie sur le march\u00e9<\/strong>:Nous aidons les entreprises \u00e0 d\u00e9velopper des plans d\u2019entr\u00e9e sur le march\u00e9 efficaces, notamment en identifiant les points d\u2019entr\u00e9e cl\u00e9s et en comprenant les canaux de distribution au Chili.<\/li>\n\n\n\n<li><strong>\u00c9tablir des partenariats<\/strong>: Notre bureau <a href=\"https:\/\/www.linkedin.com\/pulse\/how-market-research-enables-growth-ruth-stanat-phekf\/\" target=\"_blank\" rel=\"noopener\"><span style=\"font-weight: 400;\">recherche<\/span><\/a> au Chili, aide les entreprises \u00e0 identifier et \u00e0 se connecter avec des partenaires, des fournisseurs et des distributeurs locaux, am\u00e9liorant ainsi leur pr\u00e9sence sur le march\u00e9.<\/li>\n\n\n\n<li><strong>Solutions de recherche sur mesure<\/strong>:SIS International propose des recherches personnalis\u00e9es con\u00e7ues pour r\u00e9pondre aux besoins uniques de chaque entreprise, garantissant l&#039;alignement avec les exigences du march\u00e9 local.<\/li>\n\n\n\n<li><strong>Gestion des risques<\/strong>:Nous aidons les entreprises \u00e0 identifier les risques potentiels, y compris les d\u00e9fis logistiques et r\u00e9glementaires, et \u00e0 d\u00e9velopper des strat\u00e9gies pour minimiser leur impact.<\/li>\n\n\n\n<li><strong>Favoriser la croissance \u00e0 long terme<\/strong>: <a href=\"https:\/\/medium.com\/@sisinternational\/sis-international-c17160da8fac\" target=\"_blank\" rel=\"noopener\"><span style=\"font-weight: 400;\">SIS<\/span><\/a> fournit des informations et des strat\u00e9gies pour une croissance durable, aidant les entreprises \u00e0 s&#039;aligner sur les initiatives locales, telles que la transformation num\u00e9rique et les objectifs en mati\u00e8re d&#039;\u00e9nergies renouvelables.<\/li>\n<\/ul>\n\n\n\n<h2 class=\"wp-block-heading\"><strong>\u00c0 propos de la recherche documentaire internationale du SIS au Chili<\/strong><\/h2>\n\n\n\n<p><a href=\"https:\/\/www.sisinternational.com\/fr\/\"><span style=\"font-weight: 400;\">SIS International<\/span><\/a><span style=\"font-weight: 400;\"> propose des recherches quantitatives, qualitatives et strat\u00e9giques. Nous fournissons des donn\u00e9es, des outils, des strat\u00e9gies, des rapports et des informations pour la prise de d\u00e9cision. Nous menons \u00e9galement des entretiens, des enqu\u00eates, des groupes de discussion et d&#039;autres m\u00e9thodes et approches de recherche documentaire.<\/span><a href=\"https:\/\/www.sisinternational.com\/fr\/a-propos-de-la-recherche-internationale-sis\/contact-sis-international-market-research\/\"><span style=\"font-weight: 400;\"> Contactez nous<\/span><\/a><span style=\"font-weight: 400;\"> pour votre prochain projet de recherche documentaire.<\/span><\/p>\n\n\n\n<p><\/p>","protected":false},"excerpt":{"rendered":"<p>Le Chili est une excellente destination pour les investissements \u00e9trangers et offre des opportunit\u00e9s commerciales. SIS fournit des \u00e9tudes de march\u00e9 au Chili.<\/p>","protected":false},"author":1,"featured_media":66231,"parent":14351,"menu_order":7,"comment_status":"closed","ping_status":"closed","template":"","meta":{"footnotes":""},"class_list":["post-36862","page","type-page","status-publish","has-post-thumbnail"],"_links":{"self":[{"href":"https:\/\/www.sisinternational.com\/fr\/wp-json\/wp\/v2\/pages\/36862","targetHints":{"allow":["GET"]}}],"collection":[{"href":"https:\/\/www.sisinternational.com\/fr\/wp-json\/wp\/v2\/pages"}],"about":[{"href":"https:\/\/www.sisinternational.com\/fr\/wp-json\/wp\/v2\/types\/page"}],"author":[{"embeddable":true,"href":"https:\/\/www.sisinternational.com\/fr\/wp-json\/wp\/v2\/users\/1"}],"replies":[{"embeddable":true,"href":"https:\/\/www.sisinternational.com\/fr\/wp-json\/wp\/v2\/comments?post=36862"}],"version-history":[{"count":8,"href":"https:\/\/www.sisinternational.com\/fr\/wp-json\/wp\/v2\/pages\/36862\/revisions"}],"predecessor-version":[{"id":79401,"href":"https:\/\/www.sisinternational.com\/fr\/wp-json\/wp\/v2\/pages\/36862\/revisions\/79401"}],"up":[{"embeddable":true,"href":"https:\/\/www.sisinternational.com\/fr\/wp-json\/wp\/v2\/pages\/14351"}],"wp:featuredmedia":[{"embeddable":true,"href":"https:\/\/www.sisinternational.com\/fr\/wp-json\/wp\/v2\/media\/66231"}],"wp:attachment":[{"href":"https:\/\/www.sisinternational.com\/fr\/wp-json\/wp\/v2\/media?parent=36862"}],"curies":[{"name":"wp","href":"https:\/\/api.w.org\/{rel}","templated":true}]}}