{"id":36847,"date":"2021-03-03T02:39:56","date_gmt":"2021-03-03T02:39:56","guid":{"rendered":"https:\/\/www.sisinternational.com\/?page_id=36847"},"modified":"2025-10-30T22:53:58","modified_gmt":"2025-10-31T02:53:58","slug":"etude-de-marche-en-equateur","status":"publish","type":"page","link":"https:\/\/www.sisinternational.com\/fr\/couverture\/latin-america\/etude-de-marche-en-amerique-latine\/etude-de-marche-en-equateur\/","title":{"rendered":"\u00c9tude de march\u00e9 en \u00c9quateur"},"content":{"rendered":"<h1 class=\"wp-block-heading\">\u00c9tude de march\u00e9 en \u00c9quateur<\/h1>\n\n\n\n<figure class=\"gb-block-image gb-block-image-81cc6e02\"><img loading=\"lazy\" decoding=\"async\" width=\"1456\" height=\"816\" class=\"gb-image gb-image-81cc6e02\" src=\"https:\/\/www.sisinternational.com\/wp-content\/uploads\/2025\/09\/Ecuador-3.jpg\" alt=\"\u00c9tudes de march\u00e9 et strat\u00e9gie internationales SIS\" title=\"Ecuador (3)\" srcset=\"https:\/\/www.sisinternational.com\/wp-content\/uploads\/2025\/09\/Ecuador-3.jpg 1456w, https:\/\/www.sisinternational.com\/wp-content\/uploads\/2025\/09\/Ecuador-3-300x168.jpg 300w, https:\/\/www.sisinternational.com\/wp-content\/uploads\/2025\/09\/Ecuador-3-1024x574.jpg 1024w, https:\/\/www.sisinternational.com\/wp-content\/uploads\/2025\/09\/Ecuador-3-768x430.jpg 768w, https:\/\/www.sisinternational.com\/wp-content\/uploads\/2025\/09\/Ecuador-3-18x10.jpg 18w\" sizes=\"auto, (max-width: 1456px) 100vw, 1456px\"><\/figure>\n\n\n\n<p><\/p>\n\n\n\n<hr class=\"wp-block-separator has-alpha-channel-opacity is-style-dots\"\/>\n\n\n\n<h2 class=\"wp-block-heading\" id=\"with-a-name-derived-from-the-equator-ecuador-is-a-country-with-a-pretty-diversified-economy\">Avec un nom d\u00e9riv\u00e9 de l\u2019\u00e9quateur, l\u2019\u00c9quateur est un pays \u00e0 l\u2019\u00e9conomie assez diversifi\u00e9e.<\/h2>\n\n\n\n<p>Ayant une population de 17 millions d&#039;habitants, investir dans ce pays garantit la main d&#039;\u0153uvre et le march\u00e9 n\u00e9cessaires.<\/p>\n\n\n\n<p><\/p>\n\n\n\n<div class=\"wp-block-columns has-global-color-9-color has-text-color has-background has-link-color wp-elements-0e66d42729ec6df23d0029110023ffe0 is-layout-flex wp-container-core-columns-is-layout-9d6595d7 wp-block-columns-is-layout-flex\" style=\"background-color:#f7f9fa6e\">\n<div class=\"wp-block-column is-layout-flow wp-block-column-is-layout-flow\" style=\"flex-basis:18%\"><\/div>\n\n\n\n<div class=\"wp-block-column is-vertically-aligned-center is-layout-flow wp-block-column-is-layout-flow\" style=\"flex-basis:71.28%\">\n<div class=\"wp-block-rank-math-toc-block aligncenter has-global-color-9-color has-text-color has-link-color wp-elements-7781e3ec9523e89e02912c0e412aded7\" style=\"font-size:16px\" id=\"rank-math-toc\"><h2><br><strong>T<\/strong>able of Contents<\/h2><nav><ul><li class=\"\"><a href=\"#with-a-name-derived-from-the-equator-ecuador-is-a-country-with-a-pretty-diversified-economy\">Avec un nom d\u00e9riv\u00e9 de l\u2019\u00e9quateur, l\u2019\u00c9quateur est un pays \u00e0 l\u2019\u00e9conomie assez diversifi\u00e9e.<\/a><\/li><li class=\"\"><a href=\"#ecuadors-strategic-industries\">Les industries strat\u00e9giques de l&#039;\u00c9quateur<\/a><\/li><li class=\"\"><a href=\"#investment-opportunities-in-ecuador\">Opportunit\u00e9s d&#039;investissement en \u00c9quateur<\/a><\/li><li class=\"\"><a href=\"#challenges-facing-ecuadors-economy\">Les d\u00e9fis auxquels est confront\u00e9e l&#039;\u00e9conomie \u00e9quatorienne<\/a><\/li><li class=\"\"><a href=\"#ecuadors-economic-hubs\">Les p\u00f4les \u00e9conomiques de l&#039;\u00c9quateur<\/a><\/li><\/ul><\/nav><\/div>\n<\/div>\n<\/div>\n\n\n\n<p><\/p>\n\n\n\n<h2 class=\"wp-block-heading\" id=\"ecuadors-strategic-industries\">Les industries strat\u00e9giques de l&#039;\u00c9quateur<\/h2>\n\n\n\n<p>Apr\u00e8s avoir \u00e9t\u00e9 t\u00e9moin de changements dans les tendances du march\u00e9 mondial, l&#039;\u00c9quateur a diversifi\u00e9 son \u00e9conomie en d\u00e9veloppant ses secteurs manufacturiers et de services.<\/p>\n\n\n\n<h3 class=\"wp-block-heading\">Industrie p\u00e9troli\u00e8re en \u00c9quateur<\/h3>\n\n\n\n<figure class=\"gb-block-image gb-block-image-fc4f21a4\"><img loading=\"lazy\" decoding=\"async\" width=\"1456\" height=\"816\" class=\"gb-image gb-image-fc4f21a4\" src=\"https:\/\/www.sisinternational.com\/wp-content\/uploads\/2025\/09\/Ecuador-2.jpg\" alt=\"\u00c9tudes de march\u00e9 et strat\u00e9gie internationales SIS\" title=\"Ecuador (2)\" srcset=\"https:\/\/www.sisinternational.com\/wp-content\/uploads\/2025\/09\/Ecuador-2.jpg 1456w, https:\/\/www.sisinternational.com\/wp-content\/uploads\/2025\/09\/Ecuador-2-300x168.jpg 300w, https:\/\/www.sisinternational.com\/wp-content\/uploads\/2025\/09\/Ecuador-2-1024x574.jpg 1024w, https:\/\/www.sisinternational.com\/wp-content\/uploads\/2025\/09\/Ecuador-2-768x430.jpg 768w, https:\/\/www.sisinternational.com\/wp-content\/uploads\/2025\/09\/Ecuador-2-18x10.jpg 18w\" sizes=\"auto, (max-width: 1456px) 100vw, 1456px\"><\/figure>\n\n\n\n<p><\/p>\n\n\n\n<p>Bien que l\u2019\u00c9quateur ne figure pas parmi les principaux producteurs de p\u00e9trole, le p\u00e9trole brut constitue son exportation la plus pr\u00e9cieuse. Produisant environ un demi-million de barils de p\u00e9trole par jour, le pays dispose de r\u00e9serves prouv\u00e9es de pr\u00e8s de 8,3 milliards de barils.<\/p>\n\n\n\n<p>Bien que l\u2019extraction soit relativement abordable, le transport du p\u00e9trole augmente consid\u00e9rablement le co\u00fbt de l\u2019exportation. L&#039;infrastructure des pipelines du pays est vieillissante, ce qui pourrait affecter les revenus du pays provenant de l&#039;industrie p\u00e9troli\u00e8re.<\/p>\n\n\n\n<h3 class=\"wp-block-heading\">Transformation des aliments en \u00c9quateur<\/h3>\n\n\n\n<p>La transformation alimentaire repr\u00e9sente plus de la moiti\u00e9 de l&#039;industrie non p\u00e9troli\u00e8re, contribuant \u00e0 environ 10% au PIB du pays. L\u2019industrie comprend \u00e0 la fois la transformation des aliments solides ainsi que la transformation et l\u2019emballage des boissons.<br>Over half of the processed products are fish and meat, which are mostly for export. Processed cereals as well as <a href=\"https:\/\/www.sisinternational.com\/fr\/global-beverage-market\/\" title=\"Global Beverage Market: Market Dynamics, Growth Projections &amp; Consumer Insights\"  data-wpil-monitor-id=\"11306\">beverages are mostly for the local market<\/a>.<\/p>\n\n\n\n<h3 class=\"wp-block-heading\">Industrie textile en \u00c9quateur<\/h3>\n\n\n\n<p>The textiles industry ranks second in employee numbers. It produced for the domestic <a href=\"https:\/\/www.sisinternational.com\/fr\/competence\/les-industries\/etude-de-marche-des-pays-frontieres\/\" title=\"\u00c9tude de march\u00e9 des pays frontaliers\"  data-wpil-monitor-id=\"11307\">market until after the country<\/a> started using the US dollar as its currency.<\/p>\n\n\n\n<p>The industry has been growing at double-digit rates with its success attributed to producing both fabric and yarn. The <a href=\"https:\/\/www.sisinternational.com\/fr\/competence\/les-industries\/etude-de-marche-industriel\/\" title=\"\u00c9tudes de march\u00e9 et strat\u00e9gie industrielle\"  data-wpil-monitor-id=\"11309\">industry is dominated by SMEs and market<\/a> entry is relatively easy. This has however made the industry highly competitive.<\/p>\n\n\n\n<h3 class=\"wp-block-heading\">Exploitation mini\u00e8re en \u00c9quateur<\/h3>\n\n\n\n<p>L&#039;\u00c9quateur est une \u00e9conomie mini\u00e8re dont les principaux m\u00e9taux sont l&#039;or et l&#039;argent. Les plus grandes mines du pays sont les mines de Zaruma et Cascabel. Zaruma a produit des millions d&#039;onces d&#039;or tandis que Cascabel poss\u00e8derait plus de 2 milliards de tonnes de min\u00e9raux et de ressources naturelles.<\/p>\n\n\n\n<p>L&#039;exploitation du cuivre a le potentiel d&#039;am\u00e9liorer consid\u00e9rablement les perspectives \u00e9conomiques de l&#039;\u00c9quateur. \u00c9tant donn\u00e9 que ce m\u00e9tal conduit efficacement la chaleur et l\u2019\u00e9lectricit\u00e9, sa demande augmente en raison de l\u2019int\u00e9r\u00eat croissant pour les \u00e9nergies renouvelables.<\/p>\n\n\n\n<p><\/p>\n\n\n\n<!DOCTYPE html>\n<html lang=\"en\">\n<head>\n    <meta charset=\"UTF-8\">\n    <meta name=\"viewport\" content=\"width=device-width, initial-scale=1.0\">\n    <title>Ecuador Market Data<\/title>\n    <style>\n        \/* Responsive Table & SIS International-inspired Styling\n          - Uses corporate blue and a clean, sans-serif font.\n          - Fully responsive design ensures no page distortion on any device.\n        *\/\n        \n        .sis-table-container {\n            font-family: -apple-system, BlinkMacSystemFont, \"Segoe UI\", Roboto, Helvetica, Arial, sans-serif;\n            margin: 2em 0;\n            width: 100%;\n            \/* Allows horizontal scroll on small screens to prevent page distortion *\/\n            overflow-x: auto;\n            -webkit-overflow-scrolling: touch; \/* Smooth scrolling on iOS *\/\n        }\n\n        .sis-table-container h3 {\n            font-size: 1.5rem; \/* 24px *\/\n            font-weight: 600;\n            color: #333;\n            margin-bottom: 0.75em;\n            padding: 0;\n        }\n\n        .sis-table {\n            width: 100%;\n            border-collapse: collapse;\n            min-width: 600px; \/* Ensures table structure holds, container scrolls if needed *\/\n        }\n\n        .sis-table th,\n        .sis-table td {\n            padding: 12px 15px;\n            text-align: left;\n            line-height: 1.5;\n        }\n\n        \/* Header Styling *\/\n        .sis-table thead th {\n            background-color: #005cbf; \/* SIS corporate blue *\/\n            color: #ffffff;\n            font-weight: 600;\n            font-size: 0.9rem; \n            text-transform: uppercase;\n            letter-spacing: 0.5px;\n        }\n\n        \/* Body Styling *\/\n        .sis-table tbody tr {\n            border-bottom: 1px solid #ddd;\n        }\n\n        .sis-table tbody tr:nth-of-type(even) {\n            background-color: #f8f8f8; \/* Light gray alternate rows *\/\n        }\n\n        .sis-table tbody tr:last-of-type {\n            border-bottom: 2px solid #005cbf; \/* Match header blue *\/\n        }\n\n        .sis-table td {\n            color: #444;\n            font-size: 0.95rem; \n            vertical-align: top;\n        }\n        \n        \/* Align data cells *\/\n        .sis-table td:nth-child(2) {\n            text-align: right;\n            white-space: nowrap; \/* Prevents long numbers from wrapping *\/\n        }\n         .sis-table th:nth-child(2) {\n            text-align: right;\n        }\n\n        .sis-table-container .source-caption {\n            margin-top: 10px;\n            font-size: 0.85rem; \n            color: #555;\n            font-style: italic;\n        }\n\n        .sis-table-container .source-caption a {\n            color: #005cbf; \/* Match brand blue *\/\n            text-decoration: none;\n        }\n\n        .sis-table-container .source-caption a:hover {\n            text-decoration: underline;\n        }\n    <\/style>\n<\/head>\n<body>\n\n    <!-- \n      HTML for WordPress:\n      Copy and paste the code from .sis-table-container start to end into a Custom HTML block.\n    -->\n    <div class=\"sis-table-container\">\n        \n        <h3>Ecuador: Key Economic and Market Indicators<\/h3>\n\n        <table class=\"sis-table\">\n            <thead>\n                <tr>\n                    <th>Indicator<\/th>\n                    <th>Value (Recent Estimate)<\/th>\n                <\/tr>\n            <\/thead>\n            <tbody>\n                <tr>\n                    <td>National Population<\/td>\n                    <td>Over 18.2 Million<\/td>\n                <\/tr>\n                <tr>\n                    <td>Official Currency<\/td>\n                    <td>U.S. Dollar (Dollarized Economy)<\/td>\n                <\/tr>\n                <tr>\n                    <td>Prospective GDP Growth Outlook<\/td>\n                    <td>Moderate growth projection<\/td>\n                <\/tr>\n                 <tr>\n                    <td>Leading Export Products<\/td>\n                    <td>Crude Petroleum, Bananas, Shrimp, Cut Flowers, Cacao<\/td>\n                <\/tr>\n                 <tr>\n                    <td>Remittances to GDP<\/td>\n                    <td>Significant Contributor (high reliance on external income)<\/td>\n                <\/tr>\n            <\/tbody>\n        <\/table>\n\n        <p class=\"source-caption\">\n             Source: Data compiled from <a href=\"https:\/\/www.worldbank.org\/en\/country\/ecuador\" target=\"_blank\" rel=\"noopener noreferrer\">The World Bank<\/a> and recent reports from the National Institute of Statistics and Censuses (<a href=\"https:\/\/www.ecuadorencifras.gob.ec\/\" target=\"_blank\" rel=\"noopener noreferrer\">INEC<\/a>).\n        <\/p>\n\n    <\/div>\n\n<\/body>\n<\/html>\n\n\n\n\n<p><\/p>\n\n\n\n<h2 class=\"wp-block-heading\" id=\"investment-opportunities-in-ecuador\">Opportunit\u00e9s d&#039;investissement en \u00c9quateur<\/h2>\n\n\n\n<p>L&#039;\u00c9quateur dispose d&#039;une main-d&#039;\u0153uvre qualifi\u00e9e et des infrastructures ad\u00e9quates pour soutenir son \u00e9conomie en croissance. L&#039;infrastructure portuaire accueille plusieurs milliers de navires transportant des exportations du pays, tandis que l&#039;a\u00e9roport international de Quito et les routes locales permettent d&#039;acc\u00e9der aux principales zones de croissance.<\/p>\n\n\n\n<h3 class=\"wp-block-heading\">Opportunit\u00e9s mini\u00e8res en \u00c9quateur<\/h3>\n\n\n\n<p>Bien qu\u2019il soit riche en m\u00e9taux communs et pr\u00e9cieux, l\u2019\u00c9quateur n\u2019est pas un producteur majeur de min\u00e9raux. Le secteur a cependant un potentiel de croissance et le gouvernement a ouvert l&#039;industrie aux investisseurs \u00e9trangers.<\/p>\n\n\n\n<p>Other than going into mineral extraction, other <a href=\"https:\/\/www.sisinternational.com\/fr\/solutions\/conseil-en-strategie\/etude-de-marche-sur-la-cartographie-des-opportunites\/\" title=\"\u00c9tude de march\u00e9 sur la cartographie des opportunit\u00e9s\" data-wpil-monitor-id=\"11311\">opportunities in this industry include mapping<\/a>, geophysics, providing mining and safety equipment as well as mining software.<\/p>\n\n\n\n<h3 class=\"wp-block-heading\">Opportunit\u00e9s agroalimentaires en \u00c9quateur<\/h3>\n\n\n\n<p>L&#039;\u00c9quateur est l&#039;un des principaux producteurs mondiaux de bananes, de f\u00e8ves de cacao et d&#039;huile de palme. La culture et l&#039;exportation de la banane offrent un fort avantage concurrentiel \u00e0 l&#039;industrie et cr\u00e9ent un exc\u00e9dent commercial pour le pays. Il existe cependant des possibilit\u00e9s d&#039;augmentation de la production et de la rentabilit\u00e9.<\/p>\n\n\n\n<p>Le commerce du vin peut \u00e9galement prosp\u00e9rer dans le pays gr\u00e2ce \u00e0 ses conditions climatiques id\u00e9ales pour la culture du raisin. Le pays produit \u00e9galement des ananas, des goyaves et des oranges. Les jus frais \u00e9tant courants en \u00c9quateur, une entreprise d\u2019exportation peut \u00eatre un choix, tirant parti du faible co\u00fbt de production.<\/p>\n\n\n\n<h3 class=\"wp-block-heading\">Opportunit\u00e9s de fabrication en \u00c9quateur<\/h3>\n\n\n\n<p>Ecuador imports a lot of machinery and computer equipment. <a href=\"https:\/\/www.sisinternational.com\/fr\/competence\/les-industries\/etude-de-marche-sur-les-vehicules-electriques\/\" title=\"\u00c9tude de march\u00e9 sur les v\u00e9hicules \u00e9lectriques\" data-wpil-monitor-id=\"11313\">Vehicles and electrical<\/a> equipment are also part of the country\u2019s top imports. This shows that there is an investment opportunity in the manufacturing of these products.<\/p>\n\n\n\n<h2 class=\"wp-block-heading\" id=\"challenges-facing-ecuadors-economy\">Les d\u00e9fis auxquels est confront\u00e9e l&#039;\u00e9conomie \u00e9quatorienne<\/h2>\n\n\n\n<figure class=\"gb-block-image gb-block-image-a63a7e81\"><img loading=\"lazy\" decoding=\"async\" width=\"1456\" height=\"816\" class=\"gb-image gb-image-a63a7e81\" src=\"https:\/\/www.sisinternational.com\/wp-content\/uploads\/2025\/09\/Ecuador-1.jpg\" alt=\"\u00c9tudes de march\u00e9 et strat\u00e9gie internationales SIS\" title=\"Ecuador (1)\" srcset=\"https:\/\/www.sisinternational.com\/wp-content\/uploads\/2025\/09\/Ecuador-1.jpg 1456w, https:\/\/www.sisinternational.com\/wp-content\/uploads\/2025\/09\/Ecuador-1-300x168.jpg 300w, https:\/\/www.sisinternational.com\/wp-content\/uploads\/2025\/09\/Ecuador-1-1024x574.jpg 1024w, https:\/\/www.sisinternational.com\/wp-content\/uploads\/2025\/09\/Ecuador-1-768x430.jpg 768w, https:\/\/www.sisinternational.com\/wp-content\/uploads\/2025\/09\/Ecuador-1-18x10.jpg 18w\" sizes=\"auto, (max-width: 1456px) 100vw, 1456px\"><\/figure>\n\n\n\n<p><\/p>\n\n\n\n<p>Les r\u00e9glementations fiscales et juridiques en \u00c9quateur sont complexes, ce qui peut rendre la planification d&#039;une entreprise difficile. Les lois sont souvent interpr\u00e9t\u00e9es et appliqu\u00e9es de mani\u00e8re incoh\u00e9rente, ce qui rend difficile l\u2019application des contrats. Cela se traduit par une augmentation des risques et des co\u00fbts li\u00e9s aux affaires.<\/p>\n\n\n\n<h2 class=\"wp-block-heading\" id=\"ecuadors-economic-hubs\">Les p\u00f4les \u00e9conomiques de l&#039;\u00c9quateur<\/h2>\n\n\n\n<p>Quito, la capitale du pays, est un p\u00f4le d&#039;investissement pour les investisseurs des secteurs manufacturier et des services. Abritant les si\u00e8ges sociaux et les bureaux r\u00e9gionaux d\u2019entreprises nationales et internationales, la ville est le centre d\u2019affaires \u00e9vident du pays.<\/p>\n\n\n\n<p>La ville de Guayaquil offre un environnement propice aux investissements dans l&#039;agriculture, les transports et le tourisme. La ville de Cuenca est id\u00e9ale pour le tourisme avec ses artefacts historiques, architecturaux et arch\u00e9ologiques qui animent le secteur.<\/p>\n\n\n\n<p>Pour avoir les meilleures chances de r\u00e9ussite commerciale en \u00c9quateur, les investisseurs devraient visiter le pays et \u00e9tablir des liens avec des partenaires commerciaux locaux. Selon la nature de l\u2019entreprise cr\u00e9\u00e9e, travailler avec un agent local peut \u00eatre la meilleure option.<\/p>\n\n\n\n<p><a href=\"https:\/\/www.sisinternational.com\/fr\/contacter-sis-etude-de-marche-internationale\/\" title=\"Contactez-nous\" data-wpil-monitor-id=\"11300\">Recherche internationale SIS<\/a> can help investors make the right investment decisions by providing deep market insights. We are experienced in researching consumer interests and trends and providing our clients with business intelligence and <a href=\"https:\/\/www.sisinternational.com\/fr\/solutions\/croissance-mondiale\/strategie-dentree-sur-le-marche\/\" title=\"Conseil en entr\u00e9e de march\u00e9\" data-wpil-monitor-id=\"11302\">strat\u00e9gies d&#039;entr\u00e9e sur le march\u00e9<\/a> which always work.<\/p>\n\n\n<h2>Notre emplacement \u00e0 New York<\/h2>\n<p><!-- \/wp:post-content --> <!-- wp:html --> <iframe loading=\"lazy\" src=\"https:\/\/www.google.com\/maps\/embed?pb=!1m18!1m12!1m3!1d3022.976188376966!2d-73.99130312499956!3d40.740549471389315!2m3!1f0!2f0!3f0!3m2!1i1024!2i768!4f13.1!3m3!1m2!1s0x89c259a15798c731%3A0xd695d09bdd495f25!2s11%20E%2022nd%20St%20FL%202%2C%20New%20York%2C%20NY%2010010%2C%20USA!5e0!3m2!1sen!2spe!4v1726171763526!5m2!1sen!2spe\" width=\"600\" height=\"450\" allowfullscreen=\"allowfullscreen\" data-mce-fragment=\"1\"><\/iframe> <!-- \/wp:html --> <!-- wp:paragraph --><\/p>\n<h3 class=\"wp-block-heading\">11 E 22nd Street, \u00e9tage 2, New York, NY 10010 T\u00e9l. : +1(212) 505-6805<\/h3>\n<hr \/>\n<h2><span style=\"font-weight: 400;\">\u00c0 propos de SIS International<\/span><\/h2>\n<p><a href=\"https:\/\/www.sisinternational.com\/fr\/\"><span style=\"font-weight: 400;\">SIS International<\/span><\/a><span style=\"font-weight: 400;\"> offers Quantitative, Qualitative, and Strategy Research. We provide data, tools, strategies, reports, and insights for decision-making. We also conduct interviews, surveys, focus groups, and other <a href=\"https:\/\/www.sisinternational.com\/fr\/quantitative-market-research-methods-and-techniques\/\" title=\"Quantitative Market Research Methods and Techniques\" data-wpil-monitor-id=\"11304\">Market Research methods<\/a> and approaches.<\/span><a href=\"https:\/\/www.sisinternational.com\/fr\/a-propos-de-la-recherche-internationale-sis\/contact-sis-international-market-research\/\"><span style=\"font-weight: 400;\"> Contactez nous<\/span><\/a><span style=\"font-weight: 400;\"> pour votre prochain projet d&#039;\u00e9tude de march\u00e9.<\/span><\/p>\n<p><!-- wp:heading --><\/p>\n<h2 id=\"about-sis-international\" class=\"wp-block-heading\">\u00a0<\/h2><!-- \/wp:heading -->","protected":false},"excerpt":{"rendered":"<p>Nous fournissons des \u00e9tudes de march\u00e9 en \u00c9quateur, en Am\u00e9rique du Sud.<\/p>","protected":false},"author":1,"featured_media":66263,"parent":14351,"menu_order":6,"comment_status":"closed","ping_status":"closed","template":"","meta":{"footnotes":""},"class_list":["post-36847","page","type-page","status-publish","has-post-thumbnail"],"_links":{"self":[{"href":"https:\/\/www.sisinternational.com\/fr\/wp-json\/wp\/v2\/pages\/36847","targetHints":{"allow":["GET"]}}],"collection":[{"href":"https:\/\/www.sisinternational.com\/fr\/wp-json\/wp\/v2\/pages"}],"about":[{"href":"https:\/\/www.sisinternational.com\/fr\/wp-json\/wp\/v2\/types\/page"}],"author":[{"embeddable":true,"href":"https:\/\/www.sisinternational.com\/fr\/wp-json\/wp\/v2\/users\/1"}],"replies":[{"embeddable":true,"href":"https:\/\/www.sisinternational.com\/fr\/wp-json\/wp\/v2\/comments?post=36847"}],"version-history":[{"count":6,"href":"https:\/\/www.sisinternational.com\/fr\/wp-json\/wp\/v2\/pages\/36847\/revisions"}],"predecessor-version":[{"id":81843,"href":"https:\/\/www.sisinternational.com\/fr\/wp-json\/wp\/v2\/pages\/36847\/revisions\/81843"}],"up":[{"embeddable":true,"href":"https:\/\/www.sisinternational.com\/fr\/wp-json\/wp\/v2\/pages\/14351"}],"wp:featuredmedia":[{"embeddable":true,"href":"https:\/\/www.sisinternational.com\/fr\/wp-json\/wp\/v2\/media\/66263"}],"wp:attachment":[{"href":"https:\/\/www.sisinternational.com\/fr\/wp-json\/wp\/v2\/media?parent=36847"}],"curies":[{"name":"wp","href":"https:\/\/api.w.org\/{rel}","templated":true}]}}