{"id":36735,"date":"2021-02-17T05:06:23","date_gmt":"2021-02-17T05:06:23","guid":{"rendered":"https:\/\/www.sisinternational.com\/?page_id=36735"},"modified":"2026-01-27T15:23:53","modified_gmt":"2026-01-27T20:23:53","slug":"etude-de-marche-en-argentine","status":"publish","type":"page","link":"https:\/\/www.sisinternational.com\/fr\/couverture\/latin-america\/etude-de-marche-en-amerique-latine\/etude-de-marche-en-argentine\/","title":{"rendered":"Recherche documentaire en Argentine"},"content":{"rendered":"<h1 class=\"wp-block-heading\">Recherche documentaire en Argentine<\/h1>\n\n\n\n<figure class=\"gb-block-image gb-block-image-9ea6dda6\"><img loading=\"lazy\" decoding=\"async\" width=\"1456\" height=\"816\" class=\"gb-image gb-image-9ea6dda6\" src=\"https:\/\/www.sisinternational.com\/wp-content\/uploads\/2025\/09\/Argentina-1.jpg\" alt=\"\u00c9tudes de march\u00e9 et strat\u00e9gie internationales SIS\" title=\"Argentina (1)\" srcset=\"https:\/\/www.sisinternational.com\/wp-content\/uploads\/2025\/09\/Argentina-1.jpg 1456w, https:\/\/www.sisinternational.com\/wp-content\/uploads\/2025\/09\/Argentina-1-300x168.jpg 300w, https:\/\/www.sisinternational.com\/wp-content\/uploads\/2025\/09\/Argentina-1-1024x574.jpg 1024w, https:\/\/www.sisinternational.com\/wp-content\/uploads\/2025\/09\/Argentina-1-768x430.jpg 768w, https:\/\/www.sisinternational.com\/wp-content\/uploads\/2025\/09\/Argentina-1-18x10.jpg 18w\" sizes=\"auto, (max-width: 1456px) 100vw, 1456px\"><\/figure>\n\n\n\n<p><\/p>\n\n\n\n<h3 class=\"wp-block-heading\">Il est essentiel de comprendre les \u00e9volutions \u00e9conomiques et les diverses pr\u00e9f\u00e9rences r\u00e9gionales de l&#039;Argentine. C&#039;est pourquoi les recherches documentaires men\u00e9es en Argentine donnent aux entreprises les outils dont elles ont besoin pour r\u00e9ussir.<\/h3>\n\n\n\n<p>Le paysage \u00e9conomique argentin offre d&#039;immenses opportunit\u00e9s et la recherche documentaire est un outil essentiel pour en tirer parti. Les caract\u00e9ristiques culturelles et \u00e9conomiques uniques du pays n\u00e9cessitent une approche personnalis\u00e9e que seule la recherche documentaire peut fournir.<\/p>\n\n\n\n<h2 class=\"wp-block-heading\">Qu\u2019est-ce que la recherche documentaire en Argentine et pourquoi est-elle importante ?<\/h2>\n\n\n\n<p>Through desk research in Argentina, businesses can gain insights into consumer needs, preferences, and behaviors, allowing them to adjust their products and services accordingly. This ensures that offerings resonate with the local audience. <a class=\"wpil_keyword_link\" href=\"https:\/\/www.sisinternational.com\/fr\/avantages-de-la-recherche-documentaire-dans-lanalyse-de-marche\/\"   title=\"Avantages de la recherche documentaire dans l\u2019analyse de march\u00e9\" data-wpil-keyword-link=\"linked\"  data-wpil-monitor-id=\"750\">Recherche documentaire<\/a> also helps companies identify industry trends, anticipate changes, and make informed strategic decisions.<\/p>\n\n\n\n<p>Desk research in <a href=\"https:\/\/www.sisinternational.com\/fr\/competence\/les-industries\/etude-de-marche-sur-la-telemetrie\/\" title=\"\u00c9tude de march\u00e9 sur la t\u00e9l\u00e9m\u00e9trie\"  data-wpil-monitor-id=\"5710\">Argentine<\/a> helps businesses accurately assess market demand, identify target audiences, and tailor their offerings to meet local preferences. Argentina&#8217;s cultural diversity means that consumer behaviors and preferences can vary significantly between regions, making it important for brands to develop campaigns that connect with different segments.<\/p>\n\n\n\n<p>En outre, les recherches documentaires fournissent des informations sur l&#039;environnement r\u00e9glementaire, les d\u00e9fis \u00e9conomiques et le paysage concurrentiel de l&#039;Argentine. Ces informations aident les entreprises \u00e0 surmonter les obstacles potentiels et \u00e0 se positionner efficacement.<\/p>\n\n\n\n<h2 class=\"wp-block-heading\"><strong>Notre analyse actuelle du march\u00e9 et nos recommandations<\/strong><\/h2>\n\n\n\n<p>Nous recommandons aux entreprises d\u2019adapter leurs offres pour mettre en avant des options rentables, des pratiques respectueuses de l\u2019environnement et l\u2019engagement num\u00e9rique. Les secteurs de la technologie, de l\u2019agriculture et du tourisme pr\u00e9sentent un fort potentiel de croissance, et les recherches documentaires en Argentine sont essentielles pour identifier les opportunit\u00e9s au sein de ces secteurs.<\/p>\n\n\n\n<p>We also emphasize the importance of understanding Argentina&#8217;s regulatory landscape. Navigating local regulations can be challenging, and compliance is critical to avoiding setbacks. A proactive approach to regulatory <a href=\"https:\/\/www.sisinternational.com\/fr\/couverture\/etude-de-marche-en-asie\/etude-de-marche-a-nauru\/\" title=\"Etude de march\u00e9 \u00e0 Nauru\"  data-wpil-monitor-id=\"5724\">research and market<\/a> analysis will help businesses establish a successful presence in Argentina.<\/p>\n\n\n\n<h2 class=\"wp-block-heading\"><strong>Principales attractions touristiques en Argentine<\/strong><\/h2>\n\n\n\n<p>Des recherches documentaires men\u00e9es en Argentine mettent en \u00e9vidence plusieurs attractions touristiques majeures qui attirent des millions de visiteurs chaque ann\u00e9e. Voici cinq attractions cl\u00e9s :<\/p>\n\n\n\n<ul class=\"wp-block-list\">\n<li><strong>Buenos Aires<\/strong>:La capitale Buenos Aires est connue pour sa culture dynamique, ses quartiers historiques comme San Telmo et La Boca, et ses sites embl\u00e9matiques comme l&#039;Ob\u00e9lisque et le Teatro Col\u00f3n.<\/li>\n\n\n\n<li><strong>Chutes d&#039;Iguazu<\/strong>:Les chutes d&#039;Iguazu, l&#039;une des merveilles naturelles les plus impressionnantes au monde, se situent \u00e0 cheval entre l&#039;Argentine et le Br\u00e9sil. Elles constituent une attraction majeure pour les touristes en qu\u00eate de paysages \u00e0 couper le souffle et d&#039;aventure.<\/li>\n\n\n\n<li><strong>Patagonie<\/strong>:Cette vaste r\u00e9gion offre des paysages incroyables, des glaciers d&#039;El Calafate aux montagnes de Bariloche. C&#039;est une destination de choix pour les amoureux de la nature et les aventuriers.<\/li>\n\n\n\n<li><strong>Mendoza<\/strong>:La r\u00e9gion viticole de Mendoza est c\u00e9l\u00e8bre pour ses vins Malbec et ses vignobles pittoresques. Elle attire les amateurs de vin et les touristes d\u00e9sireux de d\u00e9couvrir la culture viticole argentine.<\/li>\n\n\n\n<li><strong>Glacier Perito Moreno<\/strong>:Situ\u00e9 dans le parc national Los Glaciares, le glacier Perito Moreno est l&#039;un des rares glaciers en activit\u00e9 au monde. Il constitue une attraction touristique populaire aupr\u00e8s des touristes visitant les r\u00e9gions du sud de l&#039;Argentine.<\/li>\n<\/ul>\n\n\n\n<h2 class=\"wp-block-heading\">Les industries strat\u00e9giques de l&#039;Argentine<\/h2>\n\n\n\n<p>L&#039;\u00e9conomie argentine repose principalement sur les secteurs manufacturier, agricole et des services.<\/p>\n\n\n\n<h3 class=\"wp-block-heading\">Agriculture en Argentine<\/h3>\n\n\n\n<p>L&#039;Argentine est l&#039;un des principaux producteurs alimentaires du monde. Les industries agricoles et animales du pays exportent vers ses voisins, le Br\u00e9sil et le Chili, ainsi que vers les \u00c9tats-Unis, le Vietnam et la Chine.<\/p>\n\n\n\n<p>Les principales exportations de l&#039;Argentine sont la farine et l&#039;huile de soja, le ma\u00efs, le bl\u00e9, le son et la viande de b\u0153uf. L&#039;\u00e9levage a influenc\u00e9 la croissance des entreprises de cuir et de peaux, notamment la transformation locale du cuir. L&#039;Argentine se classe \u00e9galement parmi les premiers producteurs de vin au monde.<\/p>\n\n\n\n<h3 class=\"wp-block-heading\">Fabrication en Argentine<\/h3>\n\n\n\n<p>L&#039;industrie manufacturi\u00e8re contribue largement au PIB de l&#039;Argentine. Elle fabrique des appareils \u00e9lectroniques et \u00e9lectrom\u00e9nagers pour les march\u00e9s locaux et internationaux et a connu une certaine croissance. L&#039;utilisation accrue d&#039;Internet a \u00e9galement aid\u00e9 l&#039;industrie en \u00e9largissant la base de client\u00e8le gr\u00e2ce au commerce \u00e9lectronique.<br>Textile manufacturing has provided growth opportunities for the clothing sector. The country has a thriving fashion industry that creates a ready <a href=\"https:\/\/www.sisinternational.com\/fr\/analyse-de-lindustrie-textile\/\" title=\"\u00c9tude de march\u00e9 textile\"  data-wpil-monitor-id=\"7325\">market for textile<\/a> manufacturers. There have also been gains from purchases by international fashion designers.<\/p>\n\n\n\n<h3 class=\"wp-block-heading\">Tourisme en Argentine<\/h3>\n\n\n\n<p>Le tourisme prend de plus en plus d&#039;importance \u00e0 mesure que le pays d\u00e9veloppe son industrie des services. Les visiteurs \u00e9trangers contribuent \u00e0 la croissance du tourisme en soutenant d&#039;autres secteurs comme l&#039;h\u00f4tellerie, les circuits et les voyages. Les principaux sites touristiques comprennent les chutes d&#039;Iguazu et les stations de ski de San Carlos de Bariloche. Buenos Aires, l&#039;une des villes les plus peupl\u00e9es de la r\u00e9gion, accueille des touristes qui la visitent pour son patrimoine culturel et ses carnavals. Les visiteurs en qu\u00eate d&#039;aventure en Argentine visitent la Patagonie et la Terre de Feu.<\/p>\n\n\n\n<figure class=\"gb-block-image gb-block-image-17809ffc\"><img loading=\"lazy\" decoding=\"async\" width=\"1456\" height=\"816\" class=\"gb-image gb-image-17809ffc\" src=\"https:\/\/www.sisinternational.com\/wp-content\/uploads\/2025\/09\/Argentina-2.jpg\" alt=\"\u00c9tudes de march\u00e9 et strat\u00e9gie internationales SIS\" title=\"Argentina (2)\" srcset=\"https:\/\/www.sisinternational.com\/wp-content\/uploads\/2025\/09\/Argentina-2.jpg 1456w, https:\/\/www.sisinternational.com\/wp-content\/uploads\/2025\/09\/Argentina-2-300x168.jpg 300w, https:\/\/www.sisinternational.com\/wp-content\/uploads\/2025\/09\/Argentina-2-1024x574.jpg 1024w, https:\/\/www.sisinternational.com\/wp-content\/uploads\/2025\/09\/Argentina-2-768x430.jpg 768w, https:\/\/www.sisinternational.com\/wp-content\/uploads\/2025\/09\/Argentina-2-18x10.jpg 18w\" sizes=\"auto, (max-width: 1456px) 100vw, 1456px\"><\/figure>\n\n\n\n<p><\/p>\n\n\n\n<h2 class=\"wp-block-heading\">Opportunit\u00e9s d&#039;affaires en Argentine<\/h2>\n\n\n\n<p>Les probl\u00e8mes \u00e9conomiques du pass\u00e9 et les politiques favorables aux entreprises du gouvernement cr\u00e9ent une opportunit\u00e9 pour les entreprises \u00e9trang\u00e8res d&#039;investir en Argentine. Les investisseurs ont \u00e9galement acc\u00e8s \u00e0 un march\u00e9 qui comprend les pays voisins d&#039;Am\u00e9rique latine puisque l&#039;Argentine est membre du Mercosur.<\/p>\n\n\n\n<h3 class=\"wp-block-heading\">Opportunit\u00e9s dans le secteur des TIC<\/h3>\n\n\n\n<p>Avec une population de plus de 40 millions d&#039;habitants, dont une grande partie est jeune et instruite, l&#039;Argentine est \u00e0 la fois un march\u00e9 et une source de capital humain pour les entreprises. La p\u00e9n\u00e9tration et l&#039;utilisation d&#039;Internet sont \u00e9lev\u00e9es et le gouvernement met en \u0153uvre des politiques visant \u00e0 accro\u00eetre l&#039;adoption des nouvelles technologies.<\/p>\n\n\n\n<p>Les Argentins ont \u00e9galement montr\u00e9 un grand int\u00e9r\u00eat pour le Bitcoin, qui offre une opportunit\u00e9 aux entreprises de cryptomonnaies. Les stablecoins peuvent \u00eatre utilis\u00e9s pour diversifier les investissements, compte tenu des nombreuses baisses de valeur du peso.<\/p>\n\n\n\n<h3 class=\"wp-block-heading\">Opportunit\u00e9s de fabrication en Argentine<\/h3>\n\n\n\n<p>Environ 501 TP3T de la valeur des importations argentines sont constitu\u00e9es de machines et d&#039;\u00e9quipements de transport. Cela t\u00e9moigne d&#039;une offre insuffisante de la part des industries locales, ce qui constitue en soi une opportunit\u00e9 pour les entreprises manufacturi\u00e8res de combler le d\u00e9ficit.<\/p>\n\n\n\n<p>Les prestataires de services financiers internationaux se sont engag\u00e9s \u00e0 soutenir des projets d\u2019infrastructures tels que de nouvelles routes, de nouveaux ports et de nouveaux services publics. Cela am\u00e9liorera la logistique et aidera les entreprises \u00e0 atteindre davantage de clients locaux et internationaux.<\/p>\n\n\n\n<h2 class=\"wp-block-heading\"><strong>Les d\u00e9fis du march\u00e9 en Argentine<\/strong><\/h2>\n\n\n\n<p>Malgr\u00e9 les opportunit\u00e9s qu&#039;offre le pays, les recherches documentaires men\u00e9es en Argentine identifient plusieurs d\u00e9fis auxquels les entreprises doivent faire face. Il s&#039;agit notamment de :<\/p>\n\n\n\n<ol start=\"1\" class=\"wp-block-list\">\n<li><strong>Instabilit\u00e9 \u00e9conomique<\/strong>:L\u2019Argentine a connu une instabilit\u00e9 \u00e9conomique, notamment une inflation et des fluctuations mon\u00e9taires, qui peuvent avoir un impact sur les op\u00e9rations commerciales.<\/li>\n\n\n\n<li><strong>Complexit\u00e9 r\u00e9glementaire<\/strong>:Naviguer dans l\u2019environnement r\u00e9glementaire argentin peut \u00eatre difficile, en particulier pour les entreprises \u00e9trang\u00e8res qui ne connaissent pas les lois locales.<\/li>\n\n\n\n<li><strong>Des imp\u00f4ts \u00e9lev\u00e9s<\/strong>:Les taux d\u2019imposition \u00e9lev\u00e9s de l\u2019Argentine peuvent constituer un obstacle pour les entreprises qui cherchent \u00e0 \u00e9tablir ou \u00e0 d\u00e9velopper leurs activit\u00e9s.<\/li>\n\n\n\n<li><strong>Acc\u00e8s au financement<\/strong>:L\u2019acc\u00e8s au financement peut \u00eatre limit\u00e9, en particulier pour les petites et moyennes entreprises, ce qui affecte leur capacit\u00e9 de croissance.<\/li>\n\n\n\n<li><strong>Les d\u00e9fis du march\u00e9 du travail<\/strong>:Les lois du travail en Argentine peuvent \u00eatre complexes et les entreprises peuvent \u00eatre confront\u00e9es \u00e0 des d\u00e9fis li\u00e9s aux co\u00fbts et aux r\u00e9glementations du travail.<\/li>\n\n\n\n<li><strong>Bureaucratie<\/strong>:Les inefficacit\u00e9s bureaucratiques peuvent entra\u00eener des retards dans les processus commerciaux, ce qui a un impact sur la vitesse d\u2019entr\u00e9e sur le march\u00e9 et sur les op\u00e9rations.<\/li>\n\n\n\n<li><strong>Incertitude politique<\/strong>:Les changements et les incertitudes politiques peuvent affecter l\u2019environnement des affaires, il est donc important pour les entreprises de rester inform\u00e9es et de s\u2019adapter en cons\u00e9quence.<\/li>\n<\/ol>\n\n\n\n<h2 class=\"wp-block-heading\">Principaux p\u00f4les d&#039;entreprises en Argentine<\/h2>\n\n\n\n<figure class=\"gb-block-image gb-block-image-65d442f1\"><img loading=\"lazy\" decoding=\"async\" width=\"1456\" height=\"816\" class=\"gb-image gb-image-65d442f1\" src=\"https:\/\/www.sisinternational.com\/wp-content\/uploads\/2025\/09\/Argentina-3.jpg\" alt=\"\u00c9tudes de march\u00e9 et strat\u00e9gie internationales SIS\" title=\"Argentina (3)\" srcset=\"https:\/\/www.sisinternational.com\/wp-content\/uploads\/2025\/09\/Argentina-3.jpg 1456w, https:\/\/www.sisinternational.com\/wp-content\/uploads\/2025\/09\/Argentina-3-300x168.jpg 300w, https:\/\/www.sisinternational.com\/wp-content\/uploads\/2025\/09\/Argentina-3-1024x574.jpg 1024w, https:\/\/www.sisinternational.com\/wp-content\/uploads\/2025\/09\/Argentina-3-768x430.jpg 768w, https:\/\/www.sisinternational.com\/wp-content\/uploads\/2025\/09\/Argentina-3-18x10.jpg 18w\" sizes=\"auto, (max-width: 1456px) 100vw, 1456px\"><\/figure>\n\n\n\n<p><\/p>\n\n\n\n<p>The capital, Buenos Aires, is one of the best business locations in Argentina. Apart from its financial services and tech startups, its rich cultural life, museums, and monuments, and nightlife make it one of the top tourist destinations in the country.<\/p>\n\n\n\n<p>La Pampa et Cordoue sont respectivement des p\u00f4les strat\u00e9giques pour les entreprises agricoles et manufacturi\u00e8res.<\/p>\n\n\n\n<h2 class=\"wp-block-heading\"><strong>Comment les recherches documentaires de SIS International en Argentine aident les entreprises<\/strong><\/h2>\n\n\n\n<p>Bureau de SIS International <a href=\"https:\/\/www.linkedin.com\/pulse\/how-market-research-enables-growth-ruth-stanat-phekf\/\" target=\"_blank\" rel=\"noopener\"><span style=\"font-weight: 400;\">recherche<\/span><\/a> En Argentine, SIS International couvre les secteurs cl\u00e9s, les pr\u00e9f\u00e9rences des consommateurs et les tendances du march\u00e9, aidant les entreprises \u00e0 d\u00e9velopper des strat\u00e9gies qui trouvent un \u00e9cho sur le march\u00e9 local. En s&#039;associant \u00e0 SIS International, les entreprises peuvent b\u00e9n\u00e9ficier de :<\/p>\n\n\n\n<ul class=\"wp-block-list\">\n<li><strong>Meilleure compr\u00e9hension du march\u00e9<\/strong>:SIS aide les entreprises \u00e0 comprendre de mani\u00e8re globale le march\u00e9 argentin, y compris les comportements des consommateurs locaux et les influences culturelles.<\/li>\n\n\n\n<li><strong>Prise de d\u00e9cision \u00e9clair\u00e9e<\/strong>:Notre \u00e9quipe permet aux entreprises de prendre des d\u00e9cisions fond\u00e9es sur des donn\u00e9es qui att\u00e9nuent les risques et maximisent le succ\u00e8s sur le march\u00e9 argentin.<\/li>\n\n\n\n<li><strong>Avantage concurrentiel<\/strong>:Nous aidons les entreprises \u00e0 identifier les tendances et les opportunit\u00e9s \u00e9mergentes, en veillant \u00e0 ce qu&#039;elles restent en avance sur leurs concurrents et \u00e0 se positionner strat\u00e9giquement en Argentine.<\/li>\n\n\n\n<li><strong>D\u00e9veloppement de strat\u00e9gie localis\u00e9e<\/strong>:SIS International aide les entreprises \u00e0 d\u00e9velopper des strat\u00e9gies adapt\u00e9es \u00e0 la diversit\u00e9 culturelle et \u00e9conomique de l&#039;Argentine, en alignant les produits et le marketing sur les pr\u00e9f\u00e9rences locales.<\/li>\n\n\n\n<li><strong>Orientations r\u00e9glementaires<\/strong>:Nos experts aident les entreprises \u00e0 naviguer dans l&#039;environnement r\u00e9glementaire argentin, en fournissant des informations sur la conformit\u00e9 aux lois nationales et r\u00e9gionales.<\/li>\n\n\n\n<li><strong>Entr\u00e9e effective sur le march\u00e9<\/strong>:Nous aidons les entreprises \u00e0 \u00e9laborer des strat\u00e9gies d\u2019entr\u00e9e sur le march\u00e9 efficaces, notamment en identifiant les points d\u2019entr\u00e9e cl\u00e9s et en comprenant les r\u00e9seaux de distribution en Argentine.<\/li>\n\n\n\n<li><strong>Identification du partenariat<\/strong>:Nos recherches aident les entreprises \u00e0 identifier des partenaires, des fournisseurs et des distributeurs locaux, renfor\u00e7ant ainsi leur pr\u00e9sence sur le march\u00e9 argentin.<\/li>\n\n\n\n<li><strong>Solutions de recherche personnalis\u00e9es<\/strong>: <a href=\"https:\/\/www.linkedin.com\/company\/sisinternationalresearch\/\" target=\"_blank\" rel=\"noopener\"><span style=\"font-weight: 400;\">SIS International<\/span><\/a> propose des solutions de recherche sur mesure con\u00e7ues pour r\u00e9pondre aux besoins sp\u00e9cifiques de chaque entreprise et garantir l&#039;alignement avec les demandes du march\u00e9 local.<\/li>\n\n\n\n<li><strong>Att\u00e9nuation des risques<\/strong>:Nous aidons les entreprises \u00e0 identifier les risques potentiels, y compris les d\u00e9fis r\u00e9glementaires et \u00e9conomiques, et \u00e0 d\u00e9velopper des strat\u00e9gies pour minimiser leur impact sur les op\u00e9rations en Argentine.<\/li>\n\n\n\n<li><strong>Une croissance durable<\/strong>: <a href=\"https:\/\/twitter.com\/SISIntlResearch\" target=\"_blank\" rel=\"noopener\"><span style=\"font-weight: 400;\">SIS<\/span><\/a> fournit des informations et des strat\u00e9gies ax\u00e9es sur la croissance et la durabilit\u00e9 \u00e0 long terme, aidant les entreprises \u00e0 s&#039;aligner sur les initiatives locales, telles que la transformation num\u00e9rique et l&#039;engagement communautaire.<\/li>\n<\/ul>\n\n\n\n<h2 class=\"wp-block-heading\"><strong>\u00c0 propos de SIS International<\/strong><\/h2>\n\n\n\n<p><a href=\"https:\/\/www.sisinternational.com\/fr\/\"><span style=\"font-weight: 400;\">SIS International<\/span><\/a><span style=\"font-weight: 400;\"> propose des recherches quantitatives, qualitatives et strat\u00e9giques. Nous fournissons des donn\u00e9es, des outils, des strat\u00e9gies, des rapports et des informations pour la prise de d\u00e9cision. Nous menons \u00e9galement des entretiens, des enqu\u00eates, des groupes de discussion et d\u2019autres m\u00e9thodes et approches d\u2019\u00e9tudes de march\u00e9.<\/span><a href=\"https:\/\/www.sisinternational.com\/fr\/a-propos-de-la-recherche-internationale-sis\/contact-sis-international-market-research\/\"><span style=\"font-weight: 400;\"> Contactez nous<\/span><\/a><span style=\"font-weight: 400;\"> pour votre prochain projet d&#039;\u00e9tude de march\u00e9.<\/span><\/p>\n\n\n\n<p><\/p>","protected":false},"excerpt":{"rendered":"<p>Nous fournissons des \u00e9tudes de march\u00e9 en Argentine.<\/p>","protected":false},"author":1,"featured_media":66205,"parent":14351,"menu_order":3,"comment_status":"closed","ping_status":"closed","template":"","meta":{"footnotes":""},"class_list":["post-36735","page","type-page","status-publish","has-post-thumbnail"],"_links":{"self":[{"href":"https:\/\/www.sisinternational.com\/fr\/wp-json\/wp\/v2\/pages\/36735","targetHints":{"allow":["GET"]}}],"collection":[{"href":"https:\/\/www.sisinternational.com\/fr\/wp-json\/wp\/v2\/pages"}],"about":[{"href":"https:\/\/www.sisinternational.com\/fr\/wp-json\/wp\/v2\/types\/page"}],"author":[{"embeddable":true,"href":"https:\/\/www.sisinternational.com\/fr\/wp-json\/wp\/v2\/users\/1"}],"replies":[{"embeddable":true,"href":"https:\/\/www.sisinternational.com\/fr\/wp-json\/wp\/v2\/comments?post=36735"}],"version-history":[{"count":10,"href":"https:\/\/www.sisinternational.com\/fr\/wp-json\/wp\/v2\/pages\/36735\/revisions"}],"predecessor-version":[{"id":80972,"href":"https:\/\/www.sisinternational.com\/fr\/wp-json\/wp\/v2\/pages\/36735\/revisions\/80972"}],"up":[{"embeddable":true,"href":"https:\/\/www.sisinternational.com\/fr\/wp-json\/wp\/v2\/pages\/14351"}],"wp:featuredmedia":[{"embeddable":true,"href":"https:\/\/www.sisinternational.com\/fr\/wp-json\/wp\/v2\/media\/66205"}],"wp:attachment":[{"href":"https:\/\/www.sisinternational.com\/fr\/wp-json\/wp\/v2\/media?parent=36735"}],"curies":[{"name":"wp","href":"https:\/\/api.w.org\/{rel}","templated":true}]}}