{"id":36693,"date":"2021-02-12T03:58:26","date_gmt":"2021-02-12T03:58:26","guid":{"rendered":"https:\/\/www.sisinternational.com\/?page_id=36693"},"modified":"2026-01-25T18:45:32","modified_gmt":"2026-01-25T23:45:32","slug":"etude-de-marche-sur-les-jeux-et-les-jeux-dargent","status":"publish","type":"page","link":"https:\/\/www.sisinternational.com\/fr\/competence\/etude-de-marche-sur-les-jeux-et-les-jeux-dargent\/","title":{"rendered":"\u00c9tude de march\u00e9 sur les jeux et les jeux de hasard"},"content":{"rendered":"<h1 class=\"wp-block-heading\">\u00c9tude de march\u00e9 sur les jeux et les jeux de hasard<\/h1>\n\n\n\n<figure class=\"gb-block-image gb-block-image-030d4e83\"><img loading=\"lazy\" decoding=\"async\" width=\"1456\" height=\"816\" class=\"gb-image gb-image-030d4e83\" src=\"https:\/\/www.sisinternational.com\/wp-content\/uploads\/2025\/08\/Casino-gambling4.jpg\" alt=\"\u00c9tudes de march\u00e9 et strat\u00e9gie internationales SIS\" title=\"Casino gambling(4)\" srcset=\"https:\/\/www.sisinternational.com\/wp-content\/uploads\/2025\/08\/Casino-gambling4.jpg 1456w, https:\/\/www.sisinternational.com\/wp-content\/uploads\/2025\/08\/Casino-gambling4-300x168.jpg 300w, https:\/\/www.sisinternational.com\/wp-content\/uploads\/2025\/08\/Casino-gambling4-1024x574.jpg 1024w, https:\/\/www.sisinternational.com\/wp-content\/uploads\/2025\/08\/Casino-gambling4-768x430.jpg 768w, https:\/\/www.sisinternational.com\/wp-content\/uploads\/2025\/08\/Casino-gambling4-18x10.jpg 18w\" sizes=\"auto, (max-width: 1456px) 100vw, 1456px\"><\/figure>\n\n\n\n<h2 class=\"wp-block-heading\">Le jeu est l\u2019une des rares industries qui se d\u00e9veloppe malgr\u00e9 une conjoncture \u00e9conomique difficile.<\/h2>\n\n\n\n<p>La mont\u00e9e d&#039;adr\u00e9naline et le syst\u00e8me de r\u00e9compense du corps incitent les joueurs \u00e0 vouloir de nouvelles exp\u00e9riences et des gains plus \u00e9lev\u00e9s pour ceux qui jouent pour de l&#039;argent.<br>Mais qu\u2019est-ce que cela signifie pour les entreprises du secteur ?<\/p>\n\n\n\n<h2 class=\"wp-block-heading\">Le paysage concurrentiel<\/h2>\n\n\n\n<p>With a growing demand comes increased activity in the market. The old players are establishing themselves even more as startups seek to disrupt the market. There is increased competition especially from businesses pushing the <a href=\"https:\/\/www.sisinternational.com\/fr\/campagne-de-marketing-multicanal\/\" title=\"Optimiser les strat\u00e9gies de marketing multicanal pour une meilleure p\u00e9n\u00e9tration du march\u00e9\"  data-wpil-monitor-id=\"9098\">penetration of mobile applications across different markets<\/a>.<\/p>\n\n\n\n<p>Les innovations sont \u00e9galement utilis\u00e9es pour diff\u00e9rencier les diff\u00e9rents acteurs. Des soci\u00e9t\u00e9s comme Microsoft et Sony repoussent les limites avec des consoles de jeu de nouvelle g\u00e9n\u00e9ration visant \u00e0 am\u00e9liorer l&#039;exp\u00e9rience de jeu.<\/p>\n\n\n\n<h2 class=\"wp-block-heading\">Jeux d&#039;argent en ligne<\/h2>\n\n\n\n<p>Le jeu en ligne a connu une croissance significative et gagne du terrain sur de nouveaux march\u00e9s. L\u2019utilisation des smartphones et l\u2019augmentation de la connectivit\u00e9 Internet contribuent \u00e0 g\u00e9n\u00e9rer une croissance \u00e0 deux chiffres du jeu en ligne.<\/p>\n\n\n\n<h2 class=\"wp-block-heading\">Technologie de jeu<\/h2>\n\n\n\n<p>Le <a href=\"https:\/\/www.sisinternational.com\/fr\/solutions\/ai-etudes-de-marche-et-conseil-en-strategie\/technologie-industrie-automatisation-conseil-en-intelligence-artificielle\/\" title=\"Conseil en automatisation de l&#039;industrie technologique et en intelligence artificielle\"  data-wpil-monitor-id=\"9099\">industry has quickly adopted technology<\/a> to help it grow both in revenue numbers and improved customer experience. Here are some of the top technological solutions embraced by the gambling industry.<\/p>\n\n\n\n<h3 class=\"wp-block-heading\">1. Utilisation des avatars<\/h3>\n\n\n\n<p>La plupart des internautes souhaitent pr\u00e9server la confidentialit\u00e9 de leurs informations personnelles. \u00c9tant donn\u00e9 que les avatars offrent cette opportunit\u00e9, ils ont encourag\u00e9 davantage de joueurs \u00e0 se lancer dans le jeu en leur procurant simplement un sentiment de confidentialit\u00e9 et de s\u00e9curit\u00e9 suppl\u00e9mentaires.<\/p>\n\n\n\n<h3 class=\"wp-block-heading\">2. Exp\u00e9riences audiovisuelles am\u00e9lior\u00e9es<\/h3>\n\n\n\n<p>Gr\u00e2ce \u00e0 une technologie d\u2019affichage am\u00e9lior\u00e9e, les joueurs b\u00e9n\u00e9ficient de graphiques haute r\u00e9solution. Pour rendre les jeux aussi r\u00e9alistes que possible, les d\u00e9veloppeurs de jeux int\u00e8grent des graphiques de r\u00e9solution 4K avec un son surround pour les jeux en ligne.<\/p>\n\n\n\n<h3 class=\"wp-block-heading\">3. Analyse pr\u00e9dictive<\/h3>\n\n\n\n<p>With virtual casinos going mainstream, game developers are gathering information beyond app downloads. Casinos are using information such as app usage and player preferences to learn more about their <a href=\"https:\/\/www.sisinternational.com\/fr\/ameliorer-la-relation-client\/\" title=\"Comment am\u00e9liorer la satisfaction client et ravir les clients insatisfaits\"  data-wpil-monitor-id=\"9100\">customers and improve<\/a> their products.<\/p>\n\n\n\n<h3 class=\"wp-block-heading\">4. Analyse des risques<\/h3>\n\n\n\n<p>Les casinos ont mis en \u0153uvre une technologie pour faciliter l\u2019analyse du comportement des joueurs et suivre les mod\u00e8les de paris. Ces informations sont utilis\u00e9es pour cr\u00e9er des profils de joueurs pour l&#039;analyse des risques et pour d\u00e9terminer comment d\u00e9finir les cotes gagnantes et augmenter la rentabilit\u00e9.<\/p>\n\n\n\n<h2 class=\"wp-block-heading\">Tendances et opportunit\u00e9s dans l&#039;industrie du jeu<\/h2>\n\n\n\n<p>Les acteurs du secteur recherchent des moyens d\u2019attirer davantage de clients. Les opportunit\u00e9s mises en \u0153uvre comprennent\u00a0:<\/p>\n\n\n\n<h3 class=\"wp-block-heading\">1. Utiliser la crypto-monnaie<\/h3>\n\n\n\n<p>Les entreprises de jeux de hasard ajoutent la crypto-monnaie \u00e0 leurs syst\u00e8mes comme moyen de paiement. Bien que les paiements traditionnels soient toujours accept\u00e9s, on constate une tendance vers la cryptographie en raison des avantages de l\u2019anonymat et de la s\u00e9curit\u00e9.<\/p>\n\n\n\n<h3 class=\"wp-block-heading\">2. Am\u00e9liorer les aspects sociaux du jeu<\/h3>\n\n\n\n<p>Les jeux arrivent d\u00e9sormais avec la socialisation. Les joueurs peuvent se faire des amis et cr\u00e9er des communaut\u00e9s au sein du jeu, passant ainsi plus de temps dans le jeu. Cela offre une opportunit\u00e9 d\u2019augmentation des revenus ainsi qu\u2019une collaboration pour am\u00e9liorer l\u2019exp\u00e9rience de jeu.<\/p>\n\n\n\n<h3 class=\"wp-block-heading\">3. Jeu en tant que service (GaaS)<\/h3>\n\n\n\n<p>La puissance de traitement passe des PC et des smartphones aux serveurs cloud. Le passage au cloud gaming cr\u00e9e un environnement hautement comp\u00e9titif, m\u00eame si des soci\u00e9t\u00e9s comme Ubisoft, Epic Games et Warner Bros s&#039;associent aux plateformes GaaS pour la distribution de jeux.<\/p>\n\n\n\n<h3 class=\"wp-block-heading\">4. Cha\u00eene de blocs<\/h3>\n\n\n\n<p>Le <a href=\"https:\/\/www.sisinternational.com\/fr\/solutions\/conseil-en-blockchain-sis\/opportunites-de-blockchain-au-dela-des-services-financiers\/\" title=\"Opportunit\u00e9s de la blockchain au-del\u00e0 des services financiers\"  data-wpil-monitor-id=\"9096\">blockchain technology provides a huge opportunity<\/a> of increasing revenue by attracting privacy-minded customers and eliminating fraud. With every transaction recorded on a distributed system, there is increased transparency, zero taxes as well as no third parties.<\/p>\n\n\n\n<h2 class=\"wp-block-heading\">L&#039;avenir de l&#039;industrie du jeu<\/h2>\n\n\n\n<p>Le <a href=\"https:\/\/www.sisinternational.com\/fr\/solutions\/ai-etudes-de-marche-et-conseil-en-strategie\/adoption-de-lia-voyage-hotellerie-conseil-en-industrie-du-tourisme\/\" title=\"Adoption de l&#039;IA dans le conseil dans l&#039;industrie du voyage, de l&#039;h\u00f4tellerie et du tourisme\"  data-wpil-monitor-id=\"9101\">industry is adopting<\/a> a skills-based approach for new offerings. These have the potential of attracting and keeping more customers in the game. Hybrid offerings are another option.<\/p>\n\n\n\n<p>\u00c0 mesure que la soci\u00e9t\u00e9 devient plus inclusive, l\u2019industrie du jeu pourrait \u00e9voluer dans la m\u00eame direction. Cela pourrait voir l\u2019inclusion d\u2019histoires repr\u00e9sentant des personnes de diff\u00e9rentes races et pr\u00e9f\u00e9rences sexuelles.<\/p>\n\n\n\n<p>The North <a href=\"https:\/\/www.sisinternational.com\/fr\/couverture\/les-ameriques\/couverture-des-etats-unis\/etude-de-marche-afro-americain\/\" title=\"\u00c9tude de march\u00e9 afro-am\u00e9ricaine\"  data-wpil-monitor-id=\"9095\">American and Chinese markets<\/a> are growing and will remain leaders for some time. Other Asian countries will provide new <a href=\"https:\/\/www.sisinternational.com\/fr\/couverture\/etude-de-marche-en-afrique\/etude-de-marche-en-zambie-afrique\/\" title=\"\u00c9tude de march\u00e9 en Zambie, Afrique\"  data-wpil-monitor-id=\"5132\">markets even as Africa<\/a> remains promising.<\/p>\n\n\n\n<h2 class=\"wp-block-heading\">L\u2019importance de mener des \u00e9tudes de march\u00e9<\/h2>\n\n\n\n<p>The gambling industry is unique in that it grows even when others register declining revenues. That however doesn\u2019t mean a <a href=\"https:\/\/www.sisinternational.com\/fr\/publications\/etude-de-marche-sur-les-entreprises-evolutives-7-facons-de-creer-une-entreprise-evolutive\/\" title=\"\u00c9tude de march\u00e9 sur les entreprises \u00e9volutives\u00a0: 7 fa\u00e7ons de cr\u00e9er une entreprise \u00e9volutive\"  data-wpil-monitor-id=\"9097\">business can enter a new market<\/a> blindly. The increasing competition demands an understanding of the market as well as a <a href=\"https:\/\/www.sisinternational.com\/fr\/le-besoin-de-veille-concurrentielle-dans-cette-recession\/\" title=\"Le besoin de veille concurrentielle en p\u00e9riode de r\u00e9cession\"  data-wpil-monitor-id=\"9094\">strat\u00e9gie<\/a> which guarantees success.<\/p>\n\n\n\n<p><\/p>","protected":false},"excerpt":{"rendered":"<p>Le jeu est l\u2019une des rares industries qui se d\u00e9veloppe malgr\u00e9 une conjoncture \u00e9conomique difficile. Mais qu\u2019est-ce que cela signifie pour les entreprises du secteur ?<\/p>","protected":false},"author":1,"featured_media":63780,"parent":14514,"menu_order":68,"comment_status":"closed","ping_status":"closed","template":"","meta":{"footnotes":""},"class_list":["post-36693","page","type-page","status-publish","has-post-thumbnail"],"_links":{"self":[{"href":"https:\/\/www.sisinternational.com\/fr\/wp-json\/wp\/v2\/pages\/36693","targetHints":{"allow":["GET"]}}],"collection":[{"href":"https:\/\/www.sisinternational.com\/fr\/wp-json\/wp\/v2\/pages"}],"about":[{"href":"https:\/\/www.sisinternational.com\/fr\/wp-json\/wp\/v2\/types\/page"}],"author":[{"embeddable":true,"href":"https:\/\/www.sisinternational.com\/fr\/wp-json\/wp\/v2\/users\/1"}],"replies":[{"embeddable":true,"href":"https:\/\/www.sisinternational.com\/fr\/wp-json\/wp\/v2\/comments?post=36693"}],"version-history":[{"count":5,"href":"https:\/\/www.sisinternational.com\/fr\/wp-json\/wp\/v2\/pages\/36693\/revisions"}],"predecessor-version":[{"id":81524,"href":"https:\/\/www.sisinternational.com\/fr\/wp-json\/wp\/v2\/pages\/36693\/revisions\/81524"}],"up":[{"embeddable":true,"href":"https:\/\/www.sisinternational.com\/fr\/wp-json\/wp\/v2\/pages\/14514"}],"wp:featuredmedia":[{"embeddable":true,"href":"https:\/\/www.sisinternational.com\/fr\/wp-json\/wp\/v2\/media\/63780"}],"wp:attachment":[{"href":"https:\/\/www.sisinternational.com\/fr\/wp-json\/wp\/v2\/media?parent=36693"}],"curies":[{"name":"wp","href":"https:\/\/api.w.org\/{rel}","templated":true}]}}