{"id":36637,"date":"2021-02-05T03:04:33","date_gmt":"2021-02-05T03:04:33","guid":{"rendered":"https:\/\/www.sisinternational.com\/?page_id=36637"},"modified":"2025-09-12T00:47:05","modified_gmt":"2025-09-12T04:47:05","slug":"etude-de-marche-au-nigeria","status":"publish","type":"page","link":"https:\/\/www.sisinternational.com\/fr\/couverture\/etude-de-marche-en-afrique\/etude-de-marche-au-nigeria\/","title":{"rendered":"\u00c9tude de march\u00e9 au Nig\u00e9ria"},"content":{"rendered":"<h1 class=\"wp-block-heading\">\u00c9tude de march\u00e9 au Nig\u00e9ria<\/h1>\n\n\n\n<figure class=\"gb-block-image gb-block-image-c8f31c65\"><img loading=\"lazy\" decoding=\"async\" width=\"1456\" height=\"816\" class=\"gb-image gb-image-c8f31c65\" src=\"https:\/\/www.sisinternational.com\/wp-content\/uploads\/2025\/08\/Nigeria-3.jpg\" alt=\"\u00c9tudes de march\u00e9 et strat\u00e9gie internationales SIS\" title=\"Nigeria (3)\" srcset=\"https:\/\/www.sisinternational.com\/wp-content\/uploads\/2025\/08\/Nigeria-3.jpg 1456w, https:\/\/www.sisinternational.com\/wp-content\/uploads\/2025\/08\/Nigeria-3-300x168.jpg 300w, https:\/\/www.sisinternational.com\/wp-content\/uploads\/2025\/08\/Nigeria-3-1024x574.jpg 1024w, https:\/\/www.sisinternational.com\/wp-content\/uploads\/2025\/08\/Nigeria-3-768x430.jpg 768w, https:\/\/www.sisinternational.com\/wp-content\/uploads\/2025\/08\/Nigeria-3-18x10.jpg 18w\" sizes=\"auto, (max-width: 1456px) 100vw, 1456px\"><\/figure>\n\n\n\n<p><\/p>\n\n\n\n<h2 class=\"wp-block-heading\">Le Nigeria est le pays le plus peupl\u00e9 d\u2019Afrique et constitue \u00e9galement une puissance \u00e9conomique.<\/h2>\n\n\n\n<p>With exports amounting to billions of dollars to countries like India, Spain, France and the US, Nigeria has a lot to offer investors.<\/p>\n\n\n\n<h2 class=\"wp-block-heading\">Les industries strat\u00e9giques du Nigeria<\/h2>\n\n\n\n<p>Voici quatre des principales industries qui stimulent l&#039;\u00e9conomie du Nigeria.<\/p>\n\n\n\n<h3 class=\"wp-block-heading\">1. P\u00e9trole et gaz<\/h3>\n\n\n\n<p>L&#039;industrie p\u00e9troli\u00e8re et gazi\u00e8re est la source de revenus la plus connue du Nigeria. Les revenus de cette industrie sont ce qui a propuls\u00e9 le pays au sommet de l\u2019\u00e9conomie africaine. Pour mettre fin \u00e0 une d\u00e9pendance excessive au p\u00e9trole, des efforts sont d\u00e9ploy\u00e9s pour diversifier les sources de revenus de l&#039;\u00e9conomie.<\/p>\n\n\n\n<h3 class=\"wp-block-heading\">2. Tourisme<\/h3>\n\n\n\n<p>Le Nigeria attire les touristes en raison de sa faune et de ses paysages diversifi\u00e9s. Elle poss\u00e8de \u00e9galement des plages de sable fin ainsi que des jungles tropicales. Les \u00e9v\u00e9nements de divertissement locaux attirent \u00e9galement les touristes lorsque des musiciens c\u00e9l\u00e8bres nig\u00e9rians se produisent.<\/p>\n\n\n\n<h3 class=\"wp-block-heading\">3. Agriculture<\/h3>\n\n\n\n<p>Employing over half of the labor force, the <a href=\"https:\/\/www.sisinternational.com\/fr\/competence\/les-industries\/etude-de-marche-des-cultures-agricoles\/\" title=\"\u00c9tude de march\u00e9 sur les cultures agricoles\"  data-wpil-monitor-id=\"8426\">agriculture industry produces cash crops<\/a> such as cocoa, palm oil, corn, rice, cassava, yams and rubber. Agriculture is primarily carried out in the southern parts of the country where the climatic conditions are conducive.<\/p>\n\n\n\n<h3 class=\"wp-block-heading\">4. Technologies de l&#039;information et de la communication (TIC)<\/h3>\n\n\n\n<p>Avec un nombre croissant de professionnels des TIC cr\u00e9ant et soutenant les syst\u00e8mes d&#039;information, ce secteur est l&#039;un des plus dynamiques au Nigeria. Le pays s&#039;efforce \u00e9galement d&#039;augmenter la connectivit\u00e9 Internet afin d&#039;am\u00e9liorer encore la contribution de l&#039;industrie \u00e0 l&#039;\u00e9conomie.<\/p>\n\n\n\n<h2 class=\"wp-block-heading\">Opportunit\u00e9s d&#039;affaires au Nig\u00e9ria<\/h2>\n\n\n\n<p>Quels secteurs sont les plus prometteurs pour les investisseurs professionnels ?<\/p>\n\n\n\n<h3 class=\"wp-block-heading\">1. Agriculture<\/h3>\n\n\n\n<p>Malgr\u00e9 des ann\u00e9es de b\u00e9n\u00e9fices issus du secteur agricole, le travail reste manuel. Cela affecte la productivit\u00e9 et la m\u00e9canisation est n\u00e9cessaire de toute urgence. Les efforts visant \u00e0 d\u00e9velopper le secteur ont permis au gouvernement de responsabiliser et de financer la Banque de l&#039;agriculture pour am\u00e9liorer la disponibilit\u00e9 du cr\u00e9dit.<\/p>\n\n\n\n<h3 class=\"wp-block-heading\">2. \u00c9nergie<\/h3>\n\n\n\n<p>Nigeria lacks the capacity to refine its oil and exports much of it in the form of crude oil. This results in losses in potential revenue. Investing opportunities in this sector include setting up a refinery, <a href=\"https:\/\/www.sisinternational.com\/fr\/competence\/les-industries\/etude-de-marche-du-petrole-et-du-gaz\/\" title=\"\u00c9tudes de march\u00e9 sur le p\u00e9trole et le gaz\"  data-wpil-monitor-id=\"8427\">oil and gas<\/a> transport and even gas stations.<\/p>\n\n\n\n<h3 class=\"wp-block-heading\">3. TIC<\/h3>\n\n\n\n<p>Le Nigeria conna\u00eet une croissance du commerce \u00e9lectronique, du travail \u00e0 distance, de l\u2019utilisation d\u2019outils de collaboration et de l\u2019intelligence artificielle. Ces activit\u00e9s exercent une pression sur l\u2019infrastructure informatique actuelle. Alors que le gouvernement encourage la croissance, les investisseurs avis\u00e9s peuvent b\u00e9n\u00e9ficier d\u2019incitations.<\/p>\n\n\n\n<h3 class=\"wp-block-heading\">4. Divertissement<\/h3>\n\n\n\n<p>With many internet users looking for entertainment content, the Nigerian <a href=\"https:\/\/www.sisinternational.com\/fr\/solutions\/conseil-en-strategie\/recherche-dopportunites-de-marche\/\" title=\"Recherche d&#039;opportunit\u00e9s de march\u00e9\"  data-wpil-monitor-id=\"8425\">market provides a huge opportunity<\/a> for content creators and distributors. Movie <a href=\"https:\/\/www.sisinternational.com\/fr\/solutions\/test-de-gout\/services-de-test-de-produits-a-new-york\/\" title=\"Services de test de produits \u00e0 New York\"  data-wpil-monitor-id=\"8428\">production and video-on-demand services<\/a> will be a welcome addition to the local entertainment offering.<\/p>\n\n\n\n<h2 class=\"wp-block-heading\">Les d\u00e9fis auxquels est confront\u00e9e l&#039;\u00e9conomie du Nigeria<\/h2>\n\n\n\n<figure class=\"gb-block-image gb-block-image-3bd6e006\"><img loading=\"lazy\" decoding=\"async\" width=\"1456\" height=\"816\" class=\"gb-image gb-image-3bd6e006\" src=\"https:\/\/www.sisinternational.com\/wp-content\/uploads\/2025\/08\/Nigeria-2.jpg\" alt=\"\u00c9tudes de march\u00e9 et strat\u00e9gie internationales SIS\" title=\"Nigeria (2)\" srcset=\"https:\/\/www.sisinternational.com\/wp-content\/uploads\/2025\/08\/Nigeria-2.jpg 1456w, https:\/\/www.sisinternational.com\/wp-content\/uploads\/2025\/08\/Nigeria-2-300x168.jpg 300w, https:\/\/www.sisinternational.com\/wp-content\/uploads\/2025\/08\/Nigeria-2-1024x574.jpg 1024w, https:\/\/www.sisinternational.com\/wp-content\/uploads\/2025\/08\/Nigeria-2-768x430.jpg 768w, https:\/\/www.sisinternational.com\/wp-content\/uploads\/2025\/08\/Nigeria-2-18x10.jpg 18w\" sizes=\"auto, (max-width: 1456px) 100vw, 1456px\"><\/figure>\n\n\n\n<p><\/p>\n\n\n\n<p>Malgr\u00e9 tout le bien que le Nigeria a \u00e0 offrir, certains d\u00e9fis le freinent et pourraient potentiellement d\u00e9courager les investissements \u00e9trangers.<\/p>\n\n\n\n<h3 class=\"wp-block-heading\">1. Corruption<\/h3>\n\n\n\n<p>La corruption est un probl\u00e8me majeur au Nigeria. Les locaux et les \u00e9trangers ont appel\u00e9 \u00e0 des mesures plus audacieuses pour lutter contre ce vice. Malgr\u00e9 les efforts du gouvernement, les progr\u00e8s sont lents. Pratiquement tous les secteurs de l\u2019\u00e9conomie nig\u00e9riane, de la politique aux sports en passant par l\u2019\u00e9ducation, sont touch\u00e9s par la corruption.<\/p>\n\n\n\n<h3 class=\"wp-block-heading\">2. Des politiques gouvernementales en constante \u00e9volution<\/h3>\n\n\n\n<p>With every new administration comes a different policy on how to improve the economy. This creates confusion and slows down development. It becomes difficult to make long-term plans because <a href=\"https:\/\/www.sisinternational.com\/fr\/analysis-b2b\/\" title=\"What Business Leaders Need to Know Right Now\"  data-wpil-monitor-id=\"8429\">businesses cannot know<\/a> what to expect after every election.<\/p>\n\n\n\n<h3 class=\"wp-block-heading\">3. Pollution<\/h3>\n\n\n\n<p>La gestion de la plus grande source de devises du pays a provoqu\u00e9 une pollution massive. Les mar\u00e9es noires dans le delta du Niger ont endommag\u00e9 la v\u00e9g\u00e9tation et les terres agricoles sans aucun effort efficace de la part du gouvernement ou des acteurs de l&#039;industrie p\u00e9troli\u00e8re pour r\u00e9soudre le probl\u00e8me.<\/p>\n\n\n\n<h3 class=\"wp-block-heading\">4. Terrorisme<\/h3>\n\n\n\n<p>L&#039;\u00e9conomie du Nigeria a \u00e9t\u00e9 affect\u00e9e par les activit\u00e9s du groupe terroriste Boko Haram. Ce groupe affili\u00e9 \u00e0 l&#039;Etat islamique a commis de nombreux enl\u00e8vements et meurtres alors qu&#039;il cherche \u00e0 contr\u00f4ler l&#039;ensemble du pays. Cela a conduit \u00e0 ce que le pays soit per\u00e7u comme dangereux, en particulier pour les \u00e9trangers.<\/p>\n\n\n\n<h3 class=\"wp-block-heading\">5. Pannes de courant<\/h3>\n\n\n\n<p>Doing business can be expensive in Nigeria due to frequent power outages. These reduce the profits of small businesses as they seek expensive alternative energy sources. Big corporations also register high operating costs as they have to invest in power generators.<\/p>\n\n\n\n<h2 class=\"wp-block-heading\">Les p\u00f4les d&#039;implantation des entreprises du Nigeria<\/h2>\n\n\n\n<p>Lagos figure en t\u00eate de liste des meilleurs endroits pour d\u00e9marrer et g\u00e9rer une entreprise au Nigeria. En tant que plaque tournante commerciale du pays, Lagos dispose \u00e0 la fois de ressources naturelles et d\u2019infrastructures pour soutenir les affaires.<\/p>\n\n\n\n<p>As the federal capital of Nigeria, Abuja boasts of modern amenities, a growing population, and a high per-capita income. Other cities investors choose for business include Kano and Port Harcourt, a port town and capital of Rivers state.<\/p>\n\n\n\n<h2 class=\"wp-block-heading\">\u00c0 propos des \u00e9tudes de march\u00e9 au Nigeria<\/h2>\n\n\n\n<p>The importance of market research cannot be overemphasized. Both investors and marketers understand this, and it\u2019s the primary reason <a href=\"https:\/\/www.sisinternational.com\/fr\/contacter-sis-etude-de-marche-internationale\/\" title=\"Contactez-nous\"  data-wpil-monitor-id=\"8423\">Recherche internationale SIS<\/a> exists. With expertise in business and market research through various methods, we help businesses make the right decisions about <a href=\"https:\/\/www.sisinternational.com\/fr\/etude-de-marche-americaine-chevronnee-2\/\" title=\"\u00c9tude de march\u00e9 sur les v\u00e9t\u00e9rans am\u00e9ricains\"  data-wpil-monitor-id=\"8424\">markets and develop a winning strategy<\/a>.<\/p>\n\n\n\n<p><\/p>","protected":false},"excerpt":{"rendered":"<p>D\u00e9veloppez votre entreprise avec les \u00e9tudes de march\u00e9 au Nigeria.<\/p>","protected":false},"author":1,"featured_media":65327,"parent":14281,"menu_order":1,"comment_status":"closed","ping_status":"closed","template":"","meta":{"footnotes":""},"class_list":["post-36637","page","type-page","status-publish","has-post-thumbnail"],"_links":{"self":[{"href":"https:\/\/www.sisinternational.com\/fr\/wp-json\/wp\/v2\/pages\/36637","targetHints":{"allow":["GET"]}}],"collection":[{"href":"https:\/\/www.sisinternational.com\/fr\/wp-json\/wp\/v2\/pages"}],"about":[{"href":"https:\/\/www.sisinternational.com\/fr\/wp-json\/wp\/v2\/types\/page"}],"author":[{"embeddable":true,"href":"https:\/\/www.sisinternational.com\/fr\/wp-json\/wp\/v2\/users\/1"}],"replies":[{"embeddable":true,"href":"https:\/\/www.sisinternational.com\/fr\/wp-json\/wp\/v2\/comments?post=36637"}],"version-history":[{"count":4,"href":"https:\/\/www.sisinternational.com\/fr\/wp-json\/wp\/v2\/pages\/36637\/revisions"}],"predecessor-version":[{"id":81413,"href":"https:\/\/www.sisinternational.com\/fr\/wp-json\/wp\/v2\/pages\/36637\/revisions\/81413"}],"up":[{"embeddable":true,"href":"https:\/\/www.sisinternational.com\/fr\/wp-json\/wp\/v2\/pages\/14281"}],"wp:featuredmedia":[{"embeddable":true,"href":"https:\/\/www.sisinternational.com\/fr\/wp-json\/wp\/v2\/media\/65327"}],"wp:attachment":[{"href":"https:\/\/www.sisinternational.com\/fr\/wp-json\/wp\/v2\/media?parent=36637"}],"curies":[{"name":"wp","href":"https:\/\/api.w.org\/{rel}","templated":true}]}}