{"id":36635,"date":"2021-02-05T02:55:49","date_gmt":"2021-02-05T02:55:49","guid":{"rendered":"https:\/\/www.sisinternational.com\/?page_id=36635"},"modified":"2026-02-23T18:04:07","modified_gmt":"2026-02-23T23:04:07","slug":"etude-de-marche-en-egypte","status":"publish","type":"page","link":"https:\/\/www.sisinternational.com\/fr\/couverture\/etude-de-marche-au-moyen-orient-2\/etude-de-marche-en-egypte\/","title":{"rendered":"Etude de march\u00e9 en Egypte"},"content":{"rendered":"<h1 class=\"wp-block-heading\">Etude de march\u00e9 en Egypte<\/h1>\n\n\n\n<figure class=\"gb-block-image gb-block-image-615f8492\"><img loading=\"lazy\" decoding=\"async\" width=\"1456\" height=\"816\" class=\"gb-image gb-image-615f8492\" src=\"https:\/\/www.sisinternational.com\/wp-content\/uploads\/2025\/08\/Egypt-1.jpg\" alt=\"\u00c9tudes de march\u00e9 et strat\u00e9gie internationales SIS\" title=\"Egypt (1)\" srcset=\"https:\/\/www.sisinternational.com\/wp-content\/uploads\/2025\/08\/Egypt-1.jpg 1456w, https:\/\/www.sisinternational.com\/wp-content\/uploads\/2025\/08\/Egypt-1-300x168.jpg 300w, https:\/\/www.sisinternational.com\/wp-content\/uploads\/2025\/08\/Egypt-1-1024x574.jpg 1024w, https:\/\/www.sisinternational.com\/wp-content\/uploads\/2025\/08\/Egypt-1-768x430.jpg 768w, https:\/\/www.sisinternational.com\/wp-content\/uploads\/2025\/08\/Egypt-1-18x10.jpg 18w\" sizes=\"auto, (max-width: 1456px) 100vw, 1456px\"><\/figure>\n\n\n\n<p><\/p>\n\n\n\n<p><span style=\"font-weight: 400;\">Pourquoi les \u00e9tudes de march\u00e9 en \u00c9gypte deviennent-elles un outil essentiel pour les entreprises qui cherchent \u00e0 naviguer sur ce march\u00e9\u00a0? L\u2019\u00c9gypte, avec sa situation strat\u00e9gique reliant l\u2019Afrique et le Moyen-Orient, pr\u00e9sente un environnement de march\u00e9 unique et dynamique \u2013 et comprendre les subtilit\u00e9s de ce march\u00e9 gr\u00e2ce \u00e0 des \u00e9tudes de march\u00e9 efficaces est une n\u00e9cessit\u00e9 strat\u00e9gique pour toute entreprise souhaitant r\u00e9ussir dans ce paysage commercial en \u00e9volution rapide.<\/span><\/p>\n\n\n\n<h2 class=\"wp-block-heading\">Le pays des Pharaons a connu quelques changements au fil des ann\u00e9es.<\/h2>\n\n\n\n<p>However, its economic activities still revolve around the same sectors. With a huge part of the population being youthful, there is both potential and a demand for more growth.<\/p>\n\n\n\n<h2 class=\"wp-block-heading\"><strong>Comprendre les \u00e9tudes de march\u00e9 en \u00c9gypte<\/strong><\/h2>\n\n\n\n<p><span style=\"font-weight: 400;\">Egypt&#8217;s market is distinguished by its youthful demographic, with a large portion of the population under 30. This young demographic is tech-savvy and increasingly urban and is driving changes in <a href=\"https:\/\/www.sisinternational.com\/fr\/publications\/comportement-de-lacheteur-apres-le-nouveau-consommateur-du-coronavirus\/\" title=\"Comportement des acheteurs apr\u00e8s le coronavirus \u2013 \u00c9tude de march\u00e9 de consommation\"  data-wpil-monitor-id=\"9106\">consumer behavior and market<\/a> trends.&nbsp;<\/span><\/p>\n\n\n\n<p><span style=\"font-weight: 400;\">Furthermore, the Egyptian <a href=\"https:\/\/www.sisinternational.com\/fr\/solutions\/solutions-de-branding-et-de-recherche-client\/etude-de-marche-des-influenceurs\/\" title=\"\u00c9tude de march\u00e9 sur les influenceurs\"  data-wpil-monitor-id=\"9107\">market is influenced<\/a> by a blend of traditional values and modern influences. Traditional markets, or souks, coexist with modern shopping malls, and local <a href=\"https:\/\/www.sisinternational.com\/fr\/solutions\/solutions-de-recherche-qualitative-et-quantitative\/etude-de-marche-sur-les-tests-de-marque\/\" title=\"\u00c9tude de march\u00e9 sur les tests de marque\"  data-wpil-monitor-id=\"9108\">brands compete alongside international names<\/a>. Therefore, effective market research in Egypt must capture these diverse market aspects to offer a holistic view of the opportunities and challenges within the market.<\/span><\/p>\n\n\n\n<h2 class=\"wp-block-heading\"><strong>Avantages de l&#039;\u00e9tude de march\u00e9 en \u00c9gypte<\/strong><\/h2>\n\n\n\n<p><span style=\"font-weight: 400;\">S&#039;engager dans des \u00e9tudes de march\u00e9 en \u00c9gypte offre des avantages significatifs aux entreprises qui souhaitent comprendre et r\u00e9ussir sur ce march\u00e9 distinct. Les avantages de mener des recherches approfondies en \u00c9gypte sont nombreux, contribuant \u00e0 une prise de d\u00e9cision et \u00e0 une planification strat\u00e9gique plus \u00e9clair\u00e9es. Voici un aper\u00e7u des principaux avantages\u00a0:<\/span><\/p>\n\n\n\n<p><b>\u2022 Identifier les opportunit\u00e9s de march\u00e9\u00a0:<\/b><span style=\"font-weight: 400;\"> Egypt\u2019s evolving market landscape presents numerous opportunities, and market research helps identify them, whether in emerging consumer trends, unmet needs, or new market segments.<\/span><\/p>\n\n\n\n<p><b>\u2022 Strat\u00e9gies marketing sur mesure\u00a0: <\/b><span style=\"font-weight: 400;\">Les informations issues des \u00e9tudes de march\u00e9 guident le d\u00e9veloppement de strat\u00e9gies marketing qui trouvent un \u00e9cho aupr\u00e8s du public \u00e9gyptien, garantissant ainsi leur pertinence et leur efficacit\u00e9 culturelles.<\/span><\/p>\n\n\n\n<p><b>\u2022 D\u00e9veloppement de produits et innovation\u00a0: <\/b><span style=\"font-weight: 400;\">Les \u00e9tudes de march\u00e9 \u00e9clairent le processus de d\u00e9veloppement de produits, garantissant que les nouveaux produits ou services sont bien adapt\u00e9s aux pr\u00e9f\u00e9rences et aux besoins du march\u00e9 \u00e9gyptien.<\/span><\/p>\n\n\n\n<p><b>\u2022 Conformit\u00e9 et compr\u00e9hension de la r\u00e9glementation\u00a0: <\/b><span style=\"font-weight: 400;\">Naviguer dans l\u2019environnement r\u00e9glementaire en \u00c9gypte peut \u00eatre complexe. Par cons\u00e9quent, les \u00e9tudes de march\u00e9 aident \u00e0 comprendre ces r\u00e9glementations, garantissant leur conformit\u00e9 et leur efficacit\u00e9 op\u00e9rationnelle.<\/span><\/p>\n\n\n\n<p><b>\u2022 Comprendre la diversit\u00e9 de la base de consommateurs\u00a0:<\/b><span style=\"font-weight: 400;\"> La population \u00e9gyptienne est diversifi\u00e9e, avec des modes de vie, des niveaux de revenus et des comportements de consommation vari\u00e9s \u2013 et les \u00e9tudes de march\u00e9 aident \u00e0 comprendre ces divers segments de consommateurs, essentiels pour adapter les produits et services.<\/span><\/p>\n\n\n\n<p><b>\u2022 Paysage concurrentiel\u00a0: <\/b><span style=\"font-weight: 400;\">The Egyptian market is becoming increasingly competitive with the entry of new local and international players. Research helps in understanding the competitive environment, allowing businesses to strategize effectively.<\/span><\/p>\n\n\n\n<p><b>\u2022 Naviguer dans les fluctuations \u00e9conomiques\u00a0: <\/b><span style=\"font-weight: 400;\">L&#039;\u00e9conomie \u00e9gyptienne a connu diverses fluctuations et les \u00e9tudes de march\u00e9 aident \u00e0 comprendre ces mod\u00e8les \u00e9conomiques et leur impact sur les d\u00e9penses de consommation et les opportunit\u00e9s commerciales.<\/span><\/p>\n\n\n\n<p><b>\u2022 Adaptation des strat\u00e9gies de marketing\u00a0:<\/b><span style=\"font-weight: 400;\"> The insights gained from <a href=\"https:\/\/www.sisinternational.com\/fr\/competence\/les-industries\/etude-de-marche-sur-le-developpement-low-code\/\" title=\"\u00c9tude de march\u00e9 sur le d\u00e9veloppement Low Code\"  data-wpil-monitor-id=\"9104\">market research are invaluable in developing<\/a> effective marketing strategies that resonate with the Egyptian audience, ensuring better engagement and ROI.<\/span><\/p>\n\n\n\n<h2 class=\"wp-block-heading\">Quelles sont les industries strat\u00e9giques de l\u2019\u00c9gypte ?<\/h2>\n\n\n\n<figure class=\"gb-block-image gb-block-image-1db7e132\"><img loading=\"lazy\" decoding=\"async\" width=\"1456\" height=\"816\" class=\"gb-image gb-image-1db7e132\" src=\"https:\/\/www.sisinternational.com\/wp-content\/uploads\/2025\/08\/Egypt-2.jpg\" alt=\"\u00c9tudes de march\u00e9 et strat\u00e9gie internationales SIS\" title=\"Egypt (2)\" srcset=\"https:\/\/www.sisinternational.com\/wp-content\/uploads\/2025\/08\/Egypt-2.jpg 1456w, https:\/\/www.sisinternational.com\/wp-content\/uploads\/2025\/08\/Egypt-2-300x168.jpg 300w, https:\/\/www.sisinternational.com\/wp-content\/uploads\/2025\/08\/Egypt-2-1024x574.jpg 1024w, https:\/\/www.sisinternational.com\/wp-content\/uploads\/2025\/08\/Egypt-2-768x430.jpg 768w, https:\/\/www.sisinternational.com\/wp-content\/uploads\/2025\/08\/Egypt-2-18x10.jpg 18w\" sizes=\"auto, (max-width: 1456px) 100vw, 1456px\"><\/figure>\n\n\n\n<p><\/p>\n\n\n\n<p>Despite being mostly a desert country, Egypt has several industries driving its economy. Here are the top three.<\/p>\n\n\n\n<h3 class=\"wp-block-heading\">1. P\u00e9trole et gaz<\/h3>\n\n\n\n<p>En tant qu\u2019acteur important de la production p\u00e9troli\u00e8re mondiale et disposant de r\u00e9serves estim\u00e9es \u00e0 pr\u00e8s de 4 milliards de barils de p\u00e9trole, l\u2019\u00c9gypte d\u00e9pend fortement de cette industrie. Les douze raffineries de p\u00e9trole du pays devraient permettre au pays de devenir autosuffisant en mati\u00e8re de transformation du p\u00e9trole.<\/p>\n\n\n\n<p>Egypt is also a producer of natural gas and exports some of it to the <a href=\"https:\/\/www.sisinternational.com\/fr\/un-oeil-sur-le-monde-arabe-par-ahmed-nassef-president-de-maktoob-research\/\" title=\"Un regard sur le monde arabe par Ahmed Nassef, pr\u00e9sident de Maktoob Research\"  data-wpil-monitor-id=\"4419\">Middle East through the 1,200 km Arab<\/a> Gas Pipeline.<\/p>\n\n\n\n<h3 class=\"wp-block-heading\">2. Tourisme<\/h3>\n\n\n\n<p>Tourism is a big part of Egypt\u2019s economy, and the Pyramids of Giza are the main attractions. Other tourist attractions in Egypt include the Egyptian Museum, which houses at least 120,000 Egyptian antiquities; Abu Simbel, an archaeological site with two rock-cut temples; and cruising the Nile.<\/p>\n\n\n\n<h3 class=\"wp-block-heading\">3. Agriculture<\/h3>\n\n\n\n<p>The vast desert of Egypt gets some relief from the Nile River. The country\u2019s agricultural sector thrives on the fertile grounds of the Nile valley and delta.<\/p>\n\n\n\n<p>With millions of acres of productive land, Egypt produces rice, wheat, cotton, sugarcane, tobacco, and onions. However, as impressive as the industry is, it doesn\u2019t satisfy the local demand.<\/p>\n\n\n\n<h2 class=\"wp-block-heading\"><strong>Principaux acteurs en Egypte<\/strong><\/h2>\n\n\n\n<p><span style=\"font-weight: 400;\">L&#039;identification des principaux acteurs des divers secteurs du march\u00e9 \u00e9gyptien est cruciale pour les entreprises r\u00e9alisant des \u00e9tudes de march\u00e9 en \u00c9gypte. Ces entreprises influencent consid\u00e9rablement divers secteurs industriels en \u00c9gypte. Voici un aper\u00e7u des principaux acteurs des secteurs cl\u00e9s :<\/span><\/p>\n\n\n\n<p><b>\u2022 Vodafone \u00c9gypte\u00a0: <\/b><span style=\"font-weight: 400;\">Un op\u00e9rateur mobile leader en \u00c9gypte, connu pour son vaste r\u00e9seau et sa gamme de services.<\/span><\/p>\n\n\n\n<p><b>\u2022 Banque nationale d&#039;Egypte: <\/b><span style=\"font-weight: 400;\">La banque la plus grande et la plus ancienne du pays, jouant un r\u00f4le central dans le paysage financier \u00e9gyptien.<\/span><\/p>\n\n\n\n<p><b>\u2022 Banque Commerciale Internationale (CIB)\u00a0:<\/b><span style=\"font-weight: 400;\"> Une grande banque du secteur priv\u00e9, connue pour ses services bancaires innovants.<\/span><\/p>\n\n\n\n<p><b>\u2022 Groupe Talaat Moustafa :<\/b><span style=\"font-weight: 400;\"> Un promoteur immobilier de premier plan, impliqu\u00e9 dans des projets r\u00e9sidentiels et commerciaux \u00e0 grande \u00e9chelle.<\/span><\/p>\n\n\n\n<p><b>\u2022 Orascom Construction\u00a0: <\/b><span style=\"font-weight: 400;\">Une entreprise mondiale d&#039;ing\u00e9nierie et de construction avec des op\u00e9rations importantes en \u00c9gypte.<\/span><\/p>\n\n\n\n<p><b>\u2022 Soci\u00e9t\u00e9 \u00e9gyptienne d&#039;amidon et de glucose\u00a0: <\/b><span style=\"font-weight: 400;\">Sp\u00e9cialis\u00e9e dans la production d&#039;amidon et de glucose, refl\u00e9tant l&#039;importance de l&#039;agriculture dans l&#039;\u00e9conomie \u00e9gyptienne.<\/span><\/p>\n\n\n\n<p><b>\u2022 El Sewedy \u00c9lectrique\u00a0:<\/b><span style=\"font-weight: 400;\"> Acteur cl\u00e9 de la fabrication d\u2019\u00e9quipements \u00e9lectriques et de la fourniture de solutions \u00e9nerg\u00e9tiques int\u00e9gr\u00e9es.<\/span><\/p>\n\n\n\n<p><b>\u2022 Groupe El Araby :<\/b><span style=\"font-weight: 400;\"> Un fabricant leader d&#039;\u00e9lectronique et d&#039;\u00e9lectrom\u00e9nager, avec une forte pr\u00e9sence sur le march\u00e9 \u00e9gyptien.<\/span><\/p>\n\n\n\n<p><b>\u2022 Majid Al Futtaim\u00a0: <\/b><span style=\"font-weight: 400;\">Exploite des centres commerciaux et des hypermarch\u00e9s cl\u00e9s, fa\u00e7onnant le paysage de la vente au d\u00e9tail en \u00c9gypte.<\/span><\/p>\n\n\n\n<h2 class=\"wp-block-heading\"><strong>Principales attractions touristiques en \u00c9gypte<\/strong><\/h2>\n\n\n\n<p><span style=\"font-weight: 400;\">Le tourisme est un secteur vital de l&#039;\u00e9conomie \u00e9gyptienne et comprendre les principales attractions touristiques est essentiel pour les entreprises menant des \u00e9tudes de march\u00e9 en \u00c9gypte, en particulier celles des secteurs du voyage, de l&#039;h\u00f4tellerie et des services. Voici un aper\u00e7u de certaines des principales attractions touristiques\u00a0:<\/span><\/p>\n\n\n\n<p><b>\u2022 Les Grandes Pyramides de Gizeh et le Sphinx :<\/b><span style=\"font-weight: 400;\"> Des merveilles anciennes embl\u00e9matiques qui attirent des millions de touristes dans le monde entier.<\/span><\/p>\n\n\n\n<p><b>\u2022 Le Mus\u00e9e \u00e9gyptien :<\/b><span style=\"font-weight: 400;\"> Il abrite une vaste collection d&#039;objets \u00e9gyptiens anciens, notamment les tr\u00e9sors de Toutankhamon.<\/span><\/p>\n\n\n\n<p><b>\u2022 Vall\u00e9e des rois: <\/b><span style=\"font-weight: 400;\">C\u00e9l\u00e8bre pour ses tombeaux et chambres fun\u00e9raires des anciens pharaons \u00e9gyptiens.<\/span><\/p>\n\n\n\n<p><b>\u2022 Temple de Karnak\u00a0: <\/b><span style=\"font-weight: 400;\">L&#039;un des plus grands \u00e9difices religieux du monde, connu pour son architecture \u00e9poustouflante.<\/span><\/p>\n\n\n\n<p><b>\u2022 Temples d&#039;Abou Simbel\u00a0:<\/b><span style=\"font-weight: 400;\"> Temples rocheux massifs sculpt\u00e9s \u00e0 l&#039;origine sous le r\u00e8gne du pharaon Rams\u00e8s\u00a0II.<\/span><\/p>\n\n\n\n<p><b>\u2022 Le haut barrage d&#039;Assouan et le lac Nasser :<\/b><span style=\"font-weight: 400;\"> Des merveilles d\u2019ing\u00e9nierie moderne avec une importance historique significative.<\/span><\/p>\n\n\n\n<p><b>\u2022 La Biblioth\u00e8que Alexandrina :<\/b><span style=\"font-weight: 400;\"> Une biblioth\u00e8que moderne et un centre culturel, rendant hommage \u00e0 l&#039;ancienne biblioth\u00e8que d&#039;Alexandrie.<\/span><\/p>\n\n\n\n<p><b>\u2022 Charm el-Cheikh et Hurghada\u00a0: <\/b><span style=\"font-weight: 400;\">Les stations baln\u00e9aires populaires sont connues pour leurs belles plages, leurs r\u00e9cifs coralliens et leurs sports nautiques comme la plong\u00e9e et le snorkeling.<\/span><\/p>\n\n\n\n<h2 class=\"wp-block-heading\"><strong>Tendances actuelles en \u00c9gypte<\/strong><\/h2>\n\n\n\n<p><span style=\"font-weight: 400;\">Comprendre les tendances commerciales en \u00c9gypte aide les entreprises \u00e0 adapter leurs strat\u00e9gies aux caract\u00e9ristiques uniques du march\u00e9 \u00e9gyptien. Voici quelques-unes des principales tendances actuelles en \u00c9gypte\u00a0:<\/span><\/p>\n\n\n\n<p><b>\u2022 Transformation num\u00e9rique\u00a0: <\/b>Egypt is experiencing a significant shift towards digitalization<span style=\"font-weight: 400;\">, with increased online activity, e-commerce growth, and digital payment adoption. This trend affects consumer shopping habits, media consumption, and business operations.<\/span><\/p>\n\n\n\n<p><b>\u2022 \u00c9volution du secteur de la vente au d\u00e9tail\u00a0: <\/b>The retail landscape is evolving with the integration of online and offline channels, leading to the growth of omnichannel retailing and <a href=\"https:\/\/www.sisinternational.com\/fr\/recherche-qualitative-pour-ameliorer-lexperience-client\/\" title=\"Recherche qualitative pour am\u00e9liorer l&#039;exp\u00e9rience client\"  data-wpil-monitor-id=\"9103\">enhanced customer experiences<\/a>.<\/span><\/p>\n\n\n\n<p><b>\u2022 Influence des jeunes sur les tendances du march\u00e9\u00a0: <\/b>Egypt has a large youth population, and <span style=\"font-weight: 400;\">trends among young Egyptians, particularly in technology use, fashion, and entertainment, are significantly influencing market dynamics.<\/span><\/p>\n\n\n\n<p><b>\u2022 Accent croissant sur la fabrication locale\u00a0: <\/b>Government initiatives and policies are driving a trend toward boosting local manufacturing across various industries<span style=\"font-weight: 400;\">.<\/span><\/p>\n\n\n\n<h2 class=\"wp-block-heading\">Opportunit\u00e9s d&#039;affaires en \u00c9gypte<\/h2>\n\n\n\n<p>Egypt offers unique opportunities for business investors, although these might not be the same in traditional fields.<\/p>\n\n\n\n<h3 class=\"wp-block-heading\">1. Visites et voyages<\/h3>\n\n\n\n<p>En tant que contributeur majeur au PIB du pays, toute entreprise li\u00e9e au tourisme est s\u00fbre d&#039;avoir de bons rendements. Une option d\u2019investissement tr\u00e8s viable concerne le sous-secteur des voyages et des circuits touristiques.<\/p>\n\n\n\n<p>A smart way to win the game would be to advertise in countries like Russia, Saudi Arabia, and Europe, where most tourists come from. Businesses can also partner with international tours and travel companies and \u201cexchange\u201d tourists to guarantee business flow.<\/p>\n\n\n\n<h3 class=\"wp-block-heading\">2. Agriculture<\/h3>\n\n\n\n<p>There is a huge demand for <a href=\"https:\/\/www.sisinternational.com\/fr\/competence\/les-industries\/etude-de-marche-des-aliments-surgeles\/\" title=\"\u00c9tude de march\u00e9 des aliments surgel\u00e9s\"  data-wpil-monitor-id=\"9109\">food in the local market<\/a>. Grains are a staple among Egyptian households, so investors who can produce them with minimum water resources can thrive.<\/p>\n\n\n\n<p>Non seulement il existe un march\u00e9 pour ces produits, mais le soutien du gouvernement est certain puisqu\u2019une telle entreprise contribuerait \u00e0 assurer la s\u00e9curit\u00e9 alimentaire.<\/p>\n\n\n\n<h3 class=\"wp-block-heading\">3. Technologie de l&#039;information et de la communication<\/h3>\n\n\n\n<p>Over 50% of Egypt\u2019s population is under 25. This population group is tech-savvy and a potential supply of talent for tech-related businesses. Egypt is also a leader in outsourcing services in the region.<\/p>\n\n\n\n<p>The government is working to improve the country\u2019s ICT infrastructure, which will create a favorable environment for IT-related businesses to grow.<\/p>\n\n\n\n<h3 class=\"wp-block-heading\">4. Services financiers<\/h3>\n\n\n\n<p>Financial services are necessary to grow the economy. From banking and insurance to leasing, providing funding and financial advice encourages innovation.<\/p>\n\n\n\n<p>Financial assets also need to be priced, and the overall economic development must be determined. Since capital markets accurately reflect an economy\u2019s performance, providing these services makes business sense.<\/p>\n\n\n\n<h2 class=\"wp-block-heading\">Les d\u00e9fis auxquels est confront\u00e9e l\u2019\u00e9conomie \u00e9gyptienne<\/h2>\n\n\n\n<p>Le plus grand d\u00e9fi auquel l&#039;\u00e9conomie \u00e9gyptienne est confront\u00e9e est la d\u00e9sertification. On estime que plus de dix mille hectares de terres agricoles sont perdues chaque ann\u00e9e \u00e0 cause de la d\u00e9sertification. Cela entra\u00eene une augmentation des importations alimentaires, affectant n\u00e9gativement la balance commerciale du pays.<\/p>\n\n\n\n<p>Corruption has also affected businesses in Egypt. Favoritism pushes businesses to engage in corruption so as to survive. Middlemen provide \u201cconnections\u201d to help navigate the complex government bureaucracy, which makes it challenging for new or small businesses to succeed. <span style=\"font-weight: 400;\">Voici quelques autres d\u00e9fis\u00a0:<\/span><\/p>\n\n\n\n<p><b>\u2022 Volatilit\u00e9 \u00e9conomique\u00a0: <\/b>Egypt&#8217;s economy can be subject to fluctuations, which may affect <a href=\"https:\/\/www.sisinternational.com\/fr\/global-beverage-market\/\" title=\"Global Beverage Market: Market Dynamics, Growth Projections &amp; Consumer Insights\"  data-wpil-monitor-id=\"9105\">consumer spending habits and market dynamics<\/a>.<\/span><\/p>\n\n\n\n<p><b>\u2022 L&#039;instabilit\u00e9 politique:<\/b><span style=\"font-weight: 400;\"> Les p\u00e9riodes d&#039;instabilit\u00e9 politique peuvent avoir un impact sur les op\u00e9rations commerciales et le climat d&#039;investissement.<\/span><\/p>\n\n\n\n<p><b>\u2022 D\u00e9fis d&#039;infrastructure\u00a0: <\/b><span style=\"font-weight: 400;\">Certaines zones peuvent avoir des infrastructures limit\u00e9es, affectant la logistique et la distribution.<\/span><\/p>\n\n\n\n<p><b>\u2022 Probl\u00e8mes de s\u00e9curit\u00e9\u00a0: <\/b><span style=\"font-weight: 400;\">Des probl\u00e8mes de s\u00e9curit\u00e9 peuvent survenir, notamment dans certaines r\u00e9gions, pouvant avoir un impact sur les op\u00e9rations commerciales.<\/span><\/p>\n\n\n\n<p><b>\u2022 Acc\u00e8s aux donn\u00e9es\u00a0: <\/b><span style=\"font-weight: 400;\">L\u2019acc\u00e8s \u00e0 des donn\u00e9es fiables et \u00e0 jour peut constituer un d\u00e9fi, n\u00e9cessitant des recherches approfondies et des partenariats locaux.<\/span><\/p>\n\n\n\n<p><b>\u2022 Talents et comp\u00e9tences\u00a0: <\/b><span style=\"font-weight: 400;\">Trouver des talents locaux qualifi\u00e9s pour les \u00e9tudes de march\u00e9 et les op\u00e9rations commerciales peut constituer un d\u00e9fi dans certains secteurs.<\/span><\/p>\n\n\n\n<h2 class=\"wp-block-heading\">Les p\u00f4les d&#039;implantation des entreprises en \u00c9gypte<\/h2>\n\n\n\n<figure class=\"gb-block-image gb-block-image-4fa9ef2c\"><img loading=\"lazy\" decoding=\"async\" width=\"1456\" height=\"816\" class=\"gb-image gb-image-4fa9ef2c\" src=\"https:\/\/www.sisinternational.com\/wp-content\/uploads\/2025\/08\/Egypt-44-.jpg\" alt=\"\u00c9tudes de march\u00e9 et strat\u00e9gie internationales SIS\" title=\"Egypt 44\" srcset=\"https:\/\/www.sisinternational.com\/wp-content\/uploads\/2025\/08\/Egypt-44-.jpg 1456w, https:\/\/www.sisinternational.com\/wp-content\/uploads\/2025\/08\/Egypt-44--300x168.jpg 300w, https:\/\/www.sisinternational.com\/wp-content\/uploads\/2025\/08\/Egypt-44--1024x574.jpg 1024w, https:\/\/www.sisinternational.com\/wp-content\/uploads\/2025\/08\/Egypt-44--768x430.jpg 768w, https:\/\/www.sisinternational.com\/wp-content\/uploads\/2025\/08\/Egypt-44--18x10.jpg 18w\" sizes=\"auto, (max-width: 1456px) 100vw, 1456px\"><\/figure>\n\n\n\n<p><\/p>\n\n\n\n<p>Egypt&#8217;s businesses thrive in the tourism and agriculture sectors. The best areas for tourism-related businesses are Cairo, Giza, and Luxor. Sugarcane production is also a business option in Luxor.<\/p>\n\n\n\n<p>Suez&#8217;s refineries are good for oil-related businesses. Tanta and El-Mahalla El-Kubra are the best locations for agriculture and textile manufacturing businesses.<\/p>\n\n\n\n<h2 class=\"wp-block-heading\">\u00c0 propos des \u00e9tudes de march\u00e9 en \u00c9gypte<\/h2>\n\n\n\n<p>Businesses must unlock key insights about a market before investing. At <a href=\"https:\/\/www.sisinternational.com\/fr\/contacter-sis-etude-de-marche-internationale\/\" title=\"Contactez-nous\"  data-wpil-monitor-id=\"9102\">Recherche internationale SIS<\/a>, we help businesses conduct market research through methods such as surveys, focus groups, online communities, and voice-of-the-customer research.<\/p>\n\n\n\n<p>We aim to empower businesses to start well and have a growth strategy in place.<\/p>\n\n\n\n<p><\/p>","protected":false},"excerpt":{"rendered":"<p>Etude de march\u00e9 en Egypte. Nous aidons les entreprises \u00e0 r\u00e9aliser des \u00e9tudes de march\u00e9 \u00e0 travers des m\u00e9thodes telles que des enqu\u00eates, des groupes de discussion, des communaut\u00e9s en ligne\u2026<\/p>","protected":false},"author":1,"featured_media":65178,"parent":36619,"menu_order":1,"comment_status":"closed","ping_status":"closed","template":"","meta":{"footnotes":""},"class_list":["post-36635","page","type-page","status-publish","has-post-thumbnail"],"_links":{"self":[{"href":"https:\/\/www.sisinternational.com\/fr\/wp-json\/wp\/v2\/pages\/36635","targetHints":{"allow":["GET"]}}],"collection":[{"href":"https:\/\/www.sisinternational.com\/fr\/wp-json\/wp\/v2\/pages"}],"about":[{"href":"https:\/\/www.sisinternational.com\/fr\/wp-json\/wp\/v2\/types\/page"}],"author":[{"embeddable":true,"href":"https:\/\/www.sisinternational.com\/fr\/wp-json\/wp\/v2\/users\/1"}],"replies":[{"embeddable":true,"href":"https:\/\/www.sisinternational.com\/fr\/wp-json\/wp\/v2\/comments?post=36635"}],"version-history":[{"count":5,"href":"https:\/\/www.sisinternational.com\/fr\/wp-json\/wp\/v2\/pages\/36635\/revisions"}],"predecessor-version":[{"id":81525,"href":"https:\/\/www.sisinternational.com\/fr\/wp-json\/wp\/v2\/pages\/36635\/revisions\/81525"}],"up":[{"embeddable":true,"href":"https:\/\/www.sisinternational.com\/fr\/wp-json\/wp\/v2\/pages\/36619"}],"wp:featuredmedia":[{"embeddable":true,"href":"https:\/\/www.sisinternational.com\/fr\/wp-json\/wp\/v2\/media\/65178"}],"wp:attachment":[{"href":"https:\/\/www.sisinternational.com\/fr\/wp-json\/wp\/v2\/media?parent=36635"}],"curies":[{"name":"wp","href":"https:\/\/api.w.org\/{rel}","templated":true}]}}