{"id":36633,"date":"2021-02-05T02:48:08","date_gmt":"2021-02-05T02:48:08","guid":{"rendered":"https:\/\/www.sisinternational.com\/?page_id=36633"},"modified":"2026-01-25T16:57:06","modified_gmt":"2026-01-25T21:57:06","slug":"etude-de-marche-a-brunei","status":"publish","type":"page","link":"https:\/\/www.sisinternational.com\/fr\/couverture\/etude-de-marche-en-asie\/etude-de-marche-a-brunei\/","title":{"rendered":"\u00c9tude de march\u00e9 au Brunei"},"content":{"rendered":"<h1 class=\"wp-block-heading\">\u00c9tude de march\u00e9 au Brunei<\/h1>\n\n\n\n<figure class=\"gb-block-image gb-block-image-4e737e4d\"><img loading=\"lazy\" decoding=\"async\" width=\"1456\" height=\"816\" class=\"gb-image gb-image-4e737e4d\" src=\"https:\/\/www.sisinternational.com\/wp-content\/uploads\/2025\/09\/Brunei-3.jpg\" alt=\"\u00c9tudes de march\u00e9 et strat\u00e9gie internationales SIS\" title=\"Brunei (3)\" srcset=\"https:\/\/www.sisinternational.com\/wp-content\/uploads\/2025\/09\/Brunei-3.jpg 1456w, https:\/\/www.sisinternational.com\/wp-content\/uploads\/2025\/09\/Brunei-3-300x168.jpg 300w, https:\/\/www.sisinternational.com\/wp-content\/uploads\/2025\/09\/Brunei-3-1024x574.jpg 1024w, https:\/\/www.sisinternational.com\/wp-content\/uploads\/2025\/09\/Brunei-3-768x430.jpg 768w, https:\/\/www.sisinternational.com\/wp-content\/uploads\/2025\/09\/Brunei-3-18x10.jpg 18w\" sizes=\"auto, (max-width: 1456px) 100vw, 1456px\"><\/figure>\n\n\n\n<p><\/p>\n\n\n\n<h3 class=\"wp-block-heading\">Les \u00e9tudes de march\u00e9 au Brunei sont un outil indispensable pour toute entreprise souhaitant r\u00e9ussir dans cette r\u00e9gion. Des informations sur les consommateurs aux tendances \u00e9mergentes, la compr\u00e9hension du march\u00e9 brun\u00e9ien n\u00e9cessite des recherches approfondies et pr\u00e9cises.<\/h3>\n\n\n\n<p>R\u00e9aliser une \u00e9tude de march\u00e9 au Brunei est essentiel pour les entreprises qui souhaitent se d\u00e9velopper ou se d\u00e9velopper dans ce pays d&#039;Asie du Sud-Est. Avec son paysage \u00e9conomique unique, les entreprises ont besoin d&#039;informations solides et fond\u00e9es sur des donn\u00e9es pour faire des choix \u00e9clair\u00e9s et saisir les opportunit\u00e9s en temps opportun.<\/p>\n\n\n\n<h2 class=\"wp-block-heading\">Qu&#039;est-ce que l&#039;\u00e9tude de march\u00e9 au Brunei ?<\/h2>\n\n\n\n<p>Les \u00e9tudes de march\u00e9 au Brunei visent \u00e0 comprendre les comportements des consommateurs, \u00e0 identifier les opportunit\u00e9s potentielles et \u00e0 suivre les tendances \u00e9conomiques qui peuvent avoir un impact direct sur la r\u00e9ussite des entreprises. Elles fournissent aux entreprises des informations cruciales sur les besoins et les pr\u00e9f\u00e9rences sp\u00e9cifiques de la population locale, ce qui permet un marketing plus cibl\u00e9 et une meilleure prise de d\u00e9cision.<\/p>\n\n\n\n<p>Elle permet \u00e9galement de r\u00e9pondre \u00e0 plusieurs probl\u00e8mes cruciaux. Les entreprises peuvent \u00eatre confront\u00e9es \u00e0 des d\u00e9fis tels qu\u2019un march\u00e9 de niche restreint, des pr\u00e9f\u00e9rences changeantes des consommateurs et des environnements r\u00e9glementaires uniques. Gr\u00e2ce \u00e0 des recherches sur mesure, les entreprises peuvent s\u2019y retrouver dans ces complexit\u00e9s et acqu\u00e9rir un avantage concurrentiel en sachant exactement o\u00f9 et comment concentrer leurs efforts.<\/p>\n\n\n\n<h2 class=\"wp-block-heading\">Pourquoi les entreprises ont-elles besoin d\u2019\u00e9tudes de march\u00e9 au Brunei\u00a0?<\/h2>\n\n\n\n<figure class=\"gb-block-image gb-block-image-cfe873c7\"><img loading=\"lazy\" decoding=\"async\" width=\"1456\" height=\"816\" class=\"gb-image gb-image-cfe873c7\" src=\"https:\/\/www.sisinternational.com\/wp-content\/uploads\/2025\/09\/Brunei-2.jpg\" alt=\"\u00c9tudes de march\u00e9 et strat\u00e9gie internationales SIS\" title=\"Brunei (2)\" srcset=\"https:\/\/www.sisinternational.com\/wp-content\/uploads\/2025\/09\/Brunei-2.jpg 1456w, https:\/\/www.sisinternational.com\/wp-content\/uploads\/2025\/09\/Brunei-2-300x168.jpg 300w, https:\/\/www.sisinternational.com\/wp-content\/uploads\/2025\/09\/Brunei-2-1024x574.jpg 1024w, https:\/\/www.sisinternational.com\/wp-content\/uploads\/2025\/09\/Brunei-2-768x430.jpg 768w, https:\/\/www.sisinternational.com\/wp-content\/uploads\/2025\/09\/Brunei-2-18x10.jpg 18w\" sizes=\"auto, (max-width: 1456px) 100vw, 1456px\"><\/figure>\n\n\n\n<p><\/p>\n\n\n\n<p>La petite population et le march\u00e9 de niche du Brunei n\u00e9cessitent une approche marketing cibl\u00e9e. Il est donc essentiel pour les entreprises de recueillir des donn\u00e9es sur les pr\u00e9f\u00e9rences, les comportements et les habitudes d&#039;achat des consommateurs. Sans informations pr\u00e9cises, les entreprises risquent de passer \u00e0 c\u00f4t\u00e9 d&#039;opportunit\u00e9s cl\u00e9s et de ne pas parvenir \u00e0 atteindre leur public cible.<\/p>\n\n\n\n<p>En outre, la d\u00e9pendance du Brunei \u00e0 l&#039;\u00e9gard de certaines industries, telles que le p\u00e9trole et le gaz, rend la diversification difficile pour les nouvelles entreprises. La r\u00e9alisation d&#039;\u00e9tudes de march\u00e9 au Brunei aide les entreprises \u00e0 comprendre cette dynamique et \u00e0 adapter leurs strat\u00e9gies en cons\u00e9quence.<\/p>\n\n\n\n<h2 class=\"wp-block-heading\">Notre analyse actuelle du march\u00e9 et nos recommandations<\/h2>\n\n\n\n<p>Nous pensons que les \u00e9tudes de march\u00e9 au Brunei sont essentielles pour prosp\u00e9rer sur ce march\u00e9 sp\u00e9cialis\u00e9. L&#039;\u00e9conomie du Brunei \u00e9tant principalement tir\u00e9e par le p\u00e9trole et le gaz, les possibilit\u00e9s de diversification sont limit\u00e9es mais essentielles pour une croissance \u00e0 long terme. En analysant les conditions actuelles du march\u00e9, nous avons identifi\u00e9 des secteurs du tourisme, de la production alimentaire halal et des services num\u00e9riques qui pr\u00e9sentent un potentiel prometteur pour les entreprises souhaitant s&#039;implanter ou se d\u00e9velopper au Brunei.<\/p>\n\n\n\n<p>Nous recommandons aux entreprises de se concentrer sur la compr\u00e9hension du comportement des consommateurs locaux, en particulier au sein d\u2019une population de plus en plus jeune qui adopte de plus en plus les technologies num\u00e9riques. Les \u00e9tudes de march\u00e9 au Brunei peuvent \u00e9galement r\u00e9v\u00e9ler des informations pr\u00e9cieuses sur la mani\u00e8re dont les politiques gouvernementales, telles que Brunei Vision 2035, fa\u00e7onnent les opportunit\u00e9s \u00e9conomiques, ce qui rend essentiel pour les entreprises de s\u2019aligner sur ces initiatives.<\/p>\n\n\n\n<h2 class=\"wp-block-heading\">Tendances\/client\u00e8le du Brunei<\/h2>\n\n\n\n<p>Brunei est un petit pays de la mer du Sud. Elle fait partie de la plus grande \u00eele d&#039;Asie, Born\u00e9o, et se trouve \u00e0 proximit\u00e9 de certains pays appartenant \u00e0 la F\u00e9d\u00e9ration malaisienne. Ses for\u00eats tropicales et ses plages sont bien connues. Sa superficie totale s&#039;\u00e9tend sur plus de deux mille milles carr\u00e9s.<span class=\"Apple-converted-space\">&nbsp;<\/span><\/p>\n\n\n\n<p>Brunei est l&#039;un des \u00c9tats les plus petits mais les plus riches du monde, avec un niveau de vie \u00e9lev\u00e9. Il abrite environ un demi-million d&#039;habitants et l&#039;\u00c9tat finance les soins de sant\u00e9 et l&#039;\u00e9ducation. Brunei a l&#039;une des populations les plus instruites au monde pour cette raison. Les citoyens ne sont pas tenus de payer d&#039;imp\u00f4ts ; seules les entreprises et les organisations paient des imp\u00f4ts.<\/p>\n\n\n\n<p>Bien que la population soit majoritairement malaisienne, la ville abrite \u00e9galement une communaut\u00e9 chinoise florissante. Les Chinois sont pr\u00e9sents dans de nombreux commerces du centre-ville.<\/p>\n\n\n\n<p>La capitale du Brunei, Bandar Seri Begawan, abrite le seul temple chinois. Bien que Brunei soit une ville tr\u00e8s riche, la simplicit\u00e9 de la ville peut choquer.<\/p>\n\n\n\n<h2 class=\"wp-block-heading\">Brun\u00e9i Vision 2035<\/h2>\n\n\n\n<p>Brunei conna\u00eet une r\u00e9cession depuis trois ans et cherche d\u2019autres sources de revenus. Le pays pr\u00e9voit de :<\/p>\n\n\n\n<ul class=\"wp-block-list\">\n<li>Mettre fin \u00e0 la d\u00e9pendance aux exportations d\u2019hydrocarbures<\/li>\n\n\n\n<li>Promotion des affaires, du tourisme, des infrastructures et de l&#039;environnement<\/li>\n\n\n\n<li>Promotion de la s\u00e9curit\u00e9 sociale<\/li>\n<\/ul>\n\n\n\n<p>Le sultan de Brunei est l&#039;un des monarques les plus riches du monde. Depuis qu&#039;il a pass\u00e9 50 ans au pouvoir, le peuple de Brunei le reconna\u00eet comme un dirigeant populaire. Mais les ressources qui l&#039;ont rendu riche s&#039;\u00e9puisent. La Chine a commenc\u00e9 \u00e0 aider le pays et le g\u00e9ant asiatique est le plus grand investisseur \u00e9tranger de Brunei.<\/p>\n\n\n\n<p>Les g\u00e9ants financiers occidentaux comme Citibank ont quitt\u00e9 Brunei, mais certaines banques chinoises s&#039;y sont r\u00e9cemment implant\u00e9es. Elles favorisent les investissements directs \u00e9trangers et les entreprises chinoises investissent \u00e9galement dans les secteurs des t\u00e9l\u00e9communications et de l&#039;agriculture du Brunei.<\/p>\n\n\n\n<p>Le sultanat conna\u00eet un taux de ch\u00f4mage \u00e9lev\u00e9 et a r\u00e9cemment annonc\u00e9 des coupes budg\u00e9taires. Brunei a \u00e9galement connu des conflits territoriaux. Des diff\u00e9rends sont survenus entre la Chine et Brunei au sujet de la mer de Chine m\u00e9ridionale. Brunei est rest\u00e9 silencieux sur cette question ces derni\u00e8res ann\u00e9es.<\/p>\n\n\n\n<h2 class=\"wp-block-heading\">Relations de la Chine avec le Brunei<\/h2>\n\n\n\n<p>La Chine et Brunei entretiennent leur amiti\u00e9 depuis plus de mille ans gr\u00e2ce \u00e0 leurs \u00e9changes commerciaux et culturels. Aujourd&#039;hui, les Chinois repr\u00e9sentent plus de 20 pour cent de la population de Brunei.<\/p>\n\n\n\n<p>Would you like to find out more? SIS International conducts Qualitative, Quantitative, and Strategy <a href=\"https:\/\/www.sisinternational.com\/fr\/couverture\/etude-de-marche-en-afrique\/etude-de-marche-au-mali\/\" title=\"Etude de march\u00e9 au Mali\"  data-wpil-monitor-id=\"3848\">Research in the Brunei market<\/a>. Methods include Focus Groups, Social Media Interviews, and Surveys. Contact us now for a consultation to find out how we can help you expand your business.<\/p>\n\n\n\n<h2 class=\"wp-block-heading\">Opportunit\u00e9s en \u00e9tudes de march\u00e9 au Brunei<\/h2>\n\n\n\n<p>Brunei offre de nombreuses opportunit\u00e9s aux entreprises qui cherchent \u00e0 explorer de nouvelles voies au-del\u00e0 de son secteur p\u00e9trolier et gazier traditionnel.<\/p>\n\n\n\n<ul class=\"wp-block-list\">\n<li><strong>Industrie alimentaire halal<\/strong>:Les normes \u00e9lev\u00e9es du Brunei en mati\u00e8re de certification halal cr\u00e9ent des opportunit\u00e9s pour les entreprises de production et de distribution alimentaires.<\/li>\n\n\n\n<li><strong>D\u00e9veloppement de l&#039;\u00e9cotourisme<\/strong>:L\u2019accent mis par Brunei sur la pr\u00e9servation de son environnement naturel en fait un lieu privil\u00e9gi\u00e9 pour les initiatives de tourisme durable.<\/li>\n\n\n\n<li><strong>Transformation num\u00e9rique<\/strong>:La population plus jeune adopte de plus en plus les services num\u00e9riques, cr\u00e9ant une demande de solutions technologiques innovantes.<\/li>\n\n\n\n<li><strong>Expansion du secteur de l\u2019\u00e9ducation<\/strong>:Il existe des possibilit\u00e9s de d\u00e9velopper des services \u00e9ducatifs sp\u00e9cialis\u00e9s, notamment dans les domaines de la technologie et du d\u00e9veloppement durable.<\/li>\n\n\n\n<li><strong>Services de sant\u00e9<\/strong>:\u00c0 mesure que les soins de sant\u00e9 deviennent de plus en plus num\u00e9ris\u00e9s, le potentiel des solutions de t\u00e9l\u00e9m\u00e9decine et de technologie de la sant\u00e9 augmente.<\/li>\n\n\n\n<li><strong>\u00c9nergie renouvelable<\/strong>:Les efforts d\u00e9ploy\u00e9s par Brunei en faveur du d\u00e9veloppement durable ouvrent des portes aux entreprises des secteurs des \u00e9nergies renouvelables tels que l\u2019\u00e9nergie solaire et \u00e9olienne.<\/li>\n\n\n\n<li><strong>Produits et services de luxe<\/strong>:Avec un PIB par habitant \u00e9lev\u00e9, il existe un march\u00e9 de niche pour les marques de luxe et les services personnalis\u00e9s.<\/li>\n\n\n\n<li><strong>Services financiers<\/strong>: Brunei&#8217;s focus on <a class=\"wpil_keyword_link\" href=\"https:\/\/www.sisinternational.com\/fr\/opportunites-et-obstacles-bancaires-islamiques-pour-le-secteur-financier-americain\/\"   title=\"Banque islamique\u00a0: opportunit\u00e9s et obstacles pour le secteur financier am\u00e9ricain\" data-wpil-keyword-link=\"linked\"  data-wpil-monitor-id=\"433\">Islamic banking<\/a> provides growth potential for financial institutions offering Sharia-compliant products.<\/li>\n\n\n\n<li><span style=\"box-sizing: border-box; margin: 0px; padding: 0px;\"><strong>Le d\u00e9veloppement des infrastructures<\/strong>:L&#039;initiative Vision 2035 du gouvernement vise \u00e0 am\u00e9liorer les infrastructures et \u00e0 cr\u00e9er des opportunit\u00e9s pour les entreprises de construction et d&#039;ing\u00e9nierie.<\/span><\/li>\n\n\n\n<li><strong>Commerce \u00e9lectronique<\/strong>:Alors que de plus en plus de Brun\u00e9iens se tournent vers les achats en ligne, la demande de plateformes de commerce \u00e9lectronique et de solutions logistiques robustes augmente.<\/li>\n<\/ul>\n\n\n\n<h2 class=\"wp-block-heading\">Comment les \u00e9tudes de march\u00e9 de SIS International au Brunei aident les entreprises<\/h2>\n\n\n\n<p><a href=\"https:\/\/www.linkedin.com\/company\/sisinternationalresearch\/\" target=\"_blank\" rel=\"noopener\"><span style=\"font-weight: 400;\">SIS International<\/span><\/a> offre une expertise in\u00e9gal\u00e9e dans <a href=\"https:\/\/www.linkedin.com\/pulse\/how-market-research-enables-growth-ruth-stanat-phekf\/\" target=\"_blank\" rel=\"noopener\"><span style=\"font-weight: 400;\">\u00e9tude de march\u00e9<\/span><\/a> Adapt\u00e9 au paysage commercial unique du Brunei. Gr\u00e2ce \u00e0 nos connaissances approfondies et \u00e0 notre approche ax\u00e9e sur les donn\u00e9es, nous aidons les entreprises \u00e0 relever les d\u00e9fis locaux et \u00e0 saisir les opportunit\u00e9s de croissance.<\/p>\n\n\n\n<p><strong>Planification strat\u00e9gique am\u00e9lior\u00e9e<\/strong>: <a href=\"https:\/\/twitter.com\/SISIntlResearch\" target=\"_blank\" rel=\"noopener\"><span style=\"font-weight: 400;\">SIS<\/span><\/a> aide les entreprises \u00e0 planifier de mani\u00e8re strat\u00e9gique en proposant des analyses compl\u00e8tes du comportement des consommateurs, des tendances du secteur et des actions des concurrents. Cela permet aux entreprises d&#039;aligner leurs strat\u00e9gies sur les conditions r\u00e9elles du march\u00e9, garantissant ainsi leur succ\u00e8s \u00e0 long terme.<\/p>\n\n\n\n<p><strong>Augmentation des revenus<\/strong>:En identifiant les bons segments de march\u00e9 et les besoins des consommateurs, nous permettons aux entreprises de cr\u00e9er des produits et services cibl\u00e9s qui trouvent un \u00e9cho aupr\u00e8s de leur public, augmentant ainsi leurs revenus.<\/p>\n\n\n\n<p><strong>R\u00e9duction de risque<\/strong>:P\u00e9n\u00e9trer sur un nouveau march\u00e9 comporte toujours des risques. Nos recherches att\u00e9nuent ces risques en fournissant aux entreprises des informations pr\u00e9cises sur les exigences r\u00e9glementaires, les pr\u00e9f\u00e9rences des consommateurs et les conditions \u00e9conomiques du Brunei.<\/p>\n\n\n\n<p><strong>Efficacit\u00e9 marketing am\u00e9lior\u00e9e<\/strong>:Avec une compr\u00e9hension claire du march\u00e9, les entreprises peuvent affiner leurs strat\u00e9gies marketing, garantissant que leurs campagnes sont \u00e0 la fois efficaces et rentables.<\/p>\n\n\n\n<p><strong>Croissance et innovation acc\u00e9l\u00e9r\u00e9es<\/strong>: <a href=\"https:\/\/medium.com\/@sisinternational\/sis-international-c17160da8fac\" target=\"_blank\" rel=\"noopener\"><span style=\"font-weight: 400;\">SIS<\/span><\/a> permet aux entreprises d\u2019identifier des opportunit\u00e9s de croissance dans des secteurs \u00e9mergents tels que les services num\u00e9riques et l\u2019\u00e9cotourisme. En anticipant les tendances du march\u00e9, les entreprises peuvent innover et se d\u00e9velopper plus rapidement.<\/p>\n\n\n\n<p><strong>Un retour sur investissement boost\u00e9<\/strong>:Nos \u00e9tudes de march\u00e9 au Brunei permettent aux entreprises de maximiser leur retour sur investissement en prenant des d\u00e9cisions \u00e9clair\u00e9es qui conduisent \u00e0 des op\u00e9rations efficaces, \u00e0 un marketing r\u00e9ussi et \u00e0 une croissance durable.<\/p>\n\n\n\n<h2 class=\"wp-block-heading\"><strong>\u00c0 propos de SIS International<\/strong><\/h2>\n\n\n\n<p><a href=\"https:\/\/www.sisinternational.com\/fr\/\"><span style=\"font-weight: 400;\">SIS International<\/span><\/a><span style=\"font-weight: 400;\"> propose des recherches quantitatives, qualitatives et strat\u00e9giques. Nous fournissons des donn\u00e9es, des outils, des strat\u00e9gies, des rapports et des informations pour la prise de d\u00e9cision. Nous menons \u00e9galement des entretiens, des enqu\u00eates, des groupes de discussion et d\u2019autres m\u00e9thodes et approches d\u2019\u00e9tudes de march\u00e9.<\/span><a href=\"https:\/\/www.sisinternational.com\/fr\/a-propos-de-la-recherche-internationale-sis\/contact-sis-international-market-research\/\"><span style=\"font-weight: 400;\"> Contactez nous<\/span><\/a><span style=\"font-weight: 400;\"> pour votre prochain projet d&#039;\u00e9tude de march\u00e9.<\/span><\/p>\n\n\n\n<h2 class=\"wp-block-heading\">&nbsp;<\/h2>","protected":false},"excerpt":{"rendered":"<p>D\u00e9veloppez votre entreprise avec les \u00e9tudes de march\u00e9 au Brunei.<\/p>","protected":false},"author":1,"featured_media":65658,"parent":14508,"menu_order":14,"comment_status":"closed","ping_status":"closed","template":"","meta":{"footnotes":""},"class_list":["post-36633","page","type-page","status-publish","has-post-thumbnail"],"_links":{"self":[{"href":"https:\/\/www.sisinternational.com\/fr\/wp-json\/wp\/v2\/pages\/36633","targetHints":{"allow":["GET"]}}],"collection":[{"href":"https:\/\/www.sisinternational.com\/fr\/wp-json\/wp\/v2\/pages"}],"about":[{"href":"https:\/\/www.sisinternational.com\/fr\/wp-json\/wp\/v2\/types\/page"}],"author":[{"embeddable":true,"href":"https:\/\/www.sisinternational.com\/fr\/wp-json\/wp\/v2\/users\/1"}],"replies":[{"embeddable":true,"href":"https:\/\/www.sisinternational.com\/fr\/wp-json\/wp\/v2\/comments?post=36633"}],"version-history":[{"count":6,"href":"https:\/\/www.sisinternational.com\/fr\/wp-json\/wp\/v2\/pages\/36633\/revisions"}],"predecessor-version":[{"id":78028,"href":"https:\/\/www.sisinternational.com\/fr\/wp-json\/wp\/v2\/pages\/36633\/revisions\/78028"}],"up":[{"embeddable":true,"href":"https:\/\/www.sisinternational.com\/fr\/wp-json\/wp\/v2\/pages\/14508"}],"wp:featuredmedia":[{"embeddable":true,"href":"https:\/\/www.sisinternational.com\/fr\/wp-json\/wp\/v2\/media\/65658"}],"wp:attachment":[{"href":"https:\/\/www.sisinternational.com\/fr\/wp-json\/wp\/v2\/media?parent=36633"}],"curies":[{"name":"wp","href":"https:\/\/api.w.org\/{rel}","templated":true}]}}