{"id":36597,"date":"2021-02-01T01:24:15","date_gmt":"2021-02-01T01:24:15","guid":{"rendered":"https:\/\/www.sisinternational.com\/?page_id=36597"},"modified":"2026-01-27T16:37:07","modified_gmt":"2026-01-27T21:37:07","slug":"etude-de-marche-en-afrique-du-sud","status":"publish","type":"page","link":"https:\/\/www.sisinternational.com\/fr\/couverture\/etude-de-marche-en-afrique\/etude-de-marche-en-afrique-du-sud\/","title":{"rendered":"Etude de march\u00e9 en Afrique du Sud"},"content":{"rendered":"<h1 class=\"wp-block-heading\">Etude de march\u00e9 en Afrique du Sud<\/h1>\n\n\n\n<figure class=\"gb-block-image gb-block-image-21e2d778\"><img loading=\"lazy\" decoding=\"async\" width=\"1456\" height=\"816\" class=\"gb-image gb-image-21e2d778\" src=\"https:\/\/www.sisinternational.com\/wp-content\/uploads\/2025\/08\/South-Africa-5.jpg\" alt=\"\u00c9tudes de march\u00e9 et strat\u00e9gie internationales SIS\" title=\"South Africa (5)\" srcset=\"https:\/\/www.sisinternational.com\/wp-content\/uploads\/2025\/08\/South-Africa-5.jpg 1456w, https:\/\/www.sisinternational.com\/wp-content\/uploads\/2025\/08\/South-Africa-5-300x168.jpg 300w, https:\/\/www.sisinternational.com\/wp-content\/uploads\/2025\/08\/South-Africa-5-1024x574.jpg 1024w, https:\/\/www.sisinternational.com\/wp-content\/uploads\/2025\/08\/South-Africa-5-768x430.jpg 768w, https:\/\/www.sisinternational.com\/wp-content\/uploads\/2025\/08\/South-Africa-5-18x10.jpg 18w\" sizes=\"auto, (max-width: 1456px) 100vw, 1456px\"><\/figure>\n\n\n\n<p><\/p>\n\n\n\n<h2 class=\"wp-block-heading\">L&#039;Afrique du Sud est l&#039;une des principales \u00e9conomies d&#039;Afrique.<\/h2>\n\n\n\n<p>As a member of G20, this country provides opportunities for business growth and is well-positioned to influence trade beyond its borders.<\/p>\n\n\n\n<h2 class=\"wp-block-heading\">Les industries strat\u00e9giques de l&#039;Afrique du Sud<\/h2>\n\n\n\n<p>D\u2019abord une \u00e9conomie \u00e9tablie dans le secteur primaire, l\u2019Afrique du Sud est devenue une \u00e9conomie tir\u00e9e par le secteur tertiaire. Voici quelques-unes de ses industries les plus strat\u00e9giques.<\/p>\n\n\n\n<h2 class=\"wp-block-heading\">1. Fabrication<\/h2>\n\n\n\n<p>L\u2019industrie manufacturi\u00e8re en Afrique du Sud est tir\u00e9e par la construction automobile. Des marques internationales telles que BMW, Ford, Volkswagen et Daimler-Chrysler poss\u00e8dent des usines de production dans le pays.<br>Un autre secteur manufacturier cl\u00e9 est celui des TIC et de l\u2019\u00e9lectronique. Avec des milliers d&#039;entreprises dans ce secteur et un acc\u00e8s facile aux nouvelles technologies, l&#039;Afrique du Sud a connu une croissance \u00e9conomique rapide provoqu\u00e9e par la fabrication d&#039;\u00e9quipements de t\u00e9l\u00e9communications et de produits \u00e9lectroniques.<\/p>\n\n\n\n<h2 class=\"wp-block-heading\">2. Exploitation mini\u00e8re<\/h2>\n\n\n\n<p>L&#039;Afrique du Sud est un producteur mondial de m\u00e9taux et min\u00e9raux pr\u00e9cieux, de min\u00e9raux industriels, de min\u00e9raux \u00e9nerg\u00e9tiques ainsi que de min\u00e9raux ferreux et non ferreux. Le pays poss\u00e8de l&#039;une des plus grandes r\u00e9serves mondiales d&#039;or, de diamant, de chromite et de vanadium.<br>With an interest in mining for rare earth, the country stands to become a supplier of the components used in smartphones, electric vehicles, and high-tech weaponry.<\/p>\n\n\n\n<h2 class=\"wp-block-heading\">3. Tourisme<\/h2>\n\n\n\n<p>Le secteur du tourisme est une importante source de revenus pour le pays. Certaines des attractions touristiques pr\u00e9f\u00e9r\u00e9es en Afrique du Sud sont les safaris, la faune, les sports nautiques et les plages. Le pays occupe \u00e9galement une place importante dans le monde en tant que destination pour les \u00e9v\u00e9nements d\u2019affaires.<\/p>\n\n\n\n<h2 class=\"wp-block-heading\">4. Services financiers<\/h2>\n\n\n\n<p>Le secteur bancaire sud-africain est bien d\u00e9velopp\u00e9 et accueille de nombreuses institutions financi\u00e8res \u00e9trang\u00e8res. Le march\u00e9 est comp\u00e9titif avec les grandes et petites banques ainsi qu&#039;avec les services de banque d&#039;investissement et d&#039;affaires op\u00e9rant dans le pays.<\/p>\n\n\n\n<h2 class=\"wp-block-heading p1\">Opportunit\u00e9s d&#039;affaires en Afrique du Sud<\/h2>\n\n\n\n<p class=\"p2\">South <a href=\"https:\/\/www.sisinternational.com\/fr\/leffet-des-cultures-de-marche-nigerianes-sur-les-affaires\/\" title=\"Le march\u00e9 nig\u00e9rian\u00a0: l&#039;effet de la culture sur les affaires\"  data-wpil-monitor-id=\"7484\">Africa offers various business<\/a> opportunities. These are mainly in the following sectors.<\/p>\n\n\n\n<h2 class=\"wp-block-heading\">1. Soins de sant\u00e9<\/h2>\n\n\n\n<p>The need for healthcare in South Africa is huge. Setting up a healthcare business in South Africa will however, go beyond serving the locals only. With the whole continent importing medication and South Africa having a strong manufacturing base, it\u2019s possible to start an export-focused medical business in the country.<\/p>\n\n\n\n<h2 class=\"wp-block-heading\">2. \u00c9ducation<\/h2>\n\n\n\n<p>De nombreux Sud-Africains instruits \u00e9migrent vers la Nouvelle-Z\u00e9lande, l\u2019Australie, l\u2019Europe et les \u00c9tats-Unis \u00e0 la recherche de p\u00e2turages plus verts. Les laiss\u00e9s-pour-compte \u00e9tant incapables d\u2019occuper certains emplois de haute technologie, les investisseurs peuvent combler cette lacune en g\u00e9rant des \u00e9coles priv\u00e9es.<br>La majorit\u00e9 ayant acc\u00e8s \u00e0 Internet, l\u2019apprentissage en ligne peut \u00eatre une option lucrative.<\/p>\n\n\n\n<h2 class=\"wp-block-heading\">3. Immobilier<\/h2>\n\n\n\n<p>M\u00eame si d\u2019autres pays signalent peu de jeunes acheteurs immobiliers, l\u2019Afrique du Sud a vu un nombre record de millennials acheter une maison. La demande la plus forte concerne les biens immobiliers abordables. Les tendances des ventes immobili\u00e8res r\u00e9v\u00e8lent que les investisseurs utilisant les canaux de marketing \u00e9mergents r\u00e9alisent plus d&#039;achats que ceux qui s&#039;en tiennent \u00e0 la publicit\u00e9 traditionnelle.<\/p>\n\n\n\n<h2 class=\"wp-block-heading p1\">4. Technologie<\/h2>\n\n\n\n<p class=\"p2\">L&#039;innovation technologique a vu la croissance des achats en ligne ainsi que de la Fintech. \u00c0 mesure que les consommateurs int\u00e8grent la technologie \u00e0 leur vie quotidienne, la demande de solutions technologiques ne fera qu\u2019augmenter.<\/p>\n\n\n\n<h2 class=\"wp-block-heading p1\">5. \u00c9nergie<\/h2>\n\n\n\n<p class=\"p2\">There has been an uptake of renewable energy, and corporate customers have shown a willingness to pay more for green energy. With Energy as a Service (EaaS) gaining acceptance and the cost of storage technology reducing, the energy sector is a strong candidate for profitable business.<\/p>\n\n\n\n<h2 class=\"wp-block-heading p5\">Les d\u00e9fis auxquels est confront\u00e9e l&#039;\u00e9conomie sud-africaine<\/h2>\n\n\n\n<p class=\"p2\">L&#039;Afrique du Sud est aux prises avec le ch\u00f4mage, ce qui entra\u00eene un taux de criminalit\u00e9 \u00e9lev\u00e9. D\u2019autres probl\u00e8mes socio-\u00e9conomiques tels que la corruption, l\u2019instabilit\u00e9 politique, la mauvaise sant\u00e9 et la parentalit\u00e9 adolescente en d\u00e9coulent \u00e9galement.<\/p>\n\n\n\n<h2 class=\"wp-block-heading p1\">Les p\u00f4les d&#039;implantation des entreprises en Afrique du Sud<\/h2>\n\n\n\n<figure class=\"gb-block-image gb-block-image-93ddd45d\"><img loading=\"lazy\" decoding=\"async\" width=\"1456\" height=\"816\" class=\"gb-image gb-image-93ddd45d\" src=\"https:\/\/www.sisinternational.com\/wp-content\/uploads\/2025\/08\/South-Africa-3.jpg\" alt=\"\u00c9tudes de march\u00e9 et strat\u00e9gie internationales SIS\" title=\"South Africa (3)\" srcset=\"https:\/\/www.sisinternational.com\/wp-content\/uploads\/2025\/08\/South-Africa-3.jpg 1456w, https:\/\/www.sisinternational.com\/wp-content\/uploads\/2025\/08\/South-Africa-3-300x168.jpg 300w, https:\/\/www.sisinternational.com\/wp-content\/uploads\/2025\/08\/South-Africa-3-1024x574.jpg 1024w, https:\/\/www.sisinternational.com\/wp-content\/uploads\/2025\/08\/South-Africa-3-768x430.jpg 768w, https:\/\/www.sisinternational.com\/wp-content\/uploads\/2025\/08\/South-Africa-3-18x10.jpg 18w\" sizes=\"auto, (max-width: 1456px) 100vw, 1456px\"><\/figure>\n\n\n\n<p><\/p>\n\n\n\n<p class=\"p2\">Diverses villes et r\u00e9gions d\u2019Afrique du Sud disposent d\u2019un environnement tr\u00e8s propice aux affaires. L&#039;une de ces villes est Johannesburg, reconnue mondialement comme un endroit id\u00e9al pour les startups. Le Cap se classe \u00e9galement en bonne place avec de nombreuses startups et soci\u00e9t\u00e9s de capital-risque qui y ont \u00e9lu domicile.<\/p>\n\n\n\n<p class=\"p2\">La municipalit\u00e9 de Stellenbosch est \u00e9galement un p\u00f4le d&#039;affaires en raison de sa proximit\u00e9 avec la zone m\u00e9tropolitaine du Cap. Elle dispose d\u2019un avantage comparatif dans les secteurs de l\u2019industrie manufacturi\u00e8re, des services financiers, du commerce de gros et de d\u00e9tail ainsi que de l\u2019h\u00f4tellerie.<\/p>\n\n\n\n<h2 class=\"wp-block-heading p1\">\u00c0 propos des \u00e9tudes de march\u00e9 en Afrique du Sud<\/h2>\n\n\n\n<p class=\"p2\">South <a href=\"https:\/\/www.sisinternational.com\/fr\/le-marche-africain-en-mutation\/\" title=\"Recherche d\u2019opportunit\u00e9s de march\u00e9 en Afrique\"  data-wpil-monitor-id=\"2794\">Afrique<\/a> provides many opportunities for entry into the African market. A thorough market research is however needed to understand the trends, customer dynamics, corporate intelligence and other market insights so as to create a winning strategy.<\/p>\n\n\n\n<p class=\"p2\">SIS International Research has been conducting detailed <a href=\"https:\/\/www.sisinternational.com\/fr\/etude-de-marche-en-afrique-2\/\" title=\"Etude de march\u00e9 en Afrique\"  data-wpil-monitor-id=\"2941\">market<\/a> research for local and international businesses for years. We have the expertise and experience to analyze markets and advise businesses on the best way to launch and carve out a portion of the market for guaranteed business growth.<\/p>\n\n\n\n<p><\/p>","protected":false},"excerpt":{"rendered":"<p>D\u00e9veloppez votre entreprise avec les \u00e9tudes de march\u00e9 en Afrique du Sud.<\/p>","protected":false},"author":1,"featured_media":65225,"parent":14281,"menu_order":0,"comment_status":"closed","ping_status":"closed","template":"","meta":{"footnotes":""},"class_list":["post-36597","page","type-page","status-publish","has-post-thumbnail"],"_links":{"self":[{"href":"https:\/\/www.sisinternational.com\/fr\/wp-json\/wp\/v2\/pages\/36597","targetHints":{"allow":["GET"]}}],"collection":[{"href":"https:\/\/www.sisinternational.com\/fr\/wp-json\/wp\/v2\/pages"}],"about":[{"href":"https:\/\/www.sisinternational.com\/fr\/wp-json\/wp\/v2\/types\/page"}],"author":[{"embeddable":true,"href":"https:\/\/www.sisinternational.com\/fr\/wp-json\/wp\/v2\/users\/1"}],"replies":[{"embeddable":true,"href":"https:\/\/www.sisinternational.com\/fr\/wp-json\/wp\/v2\/comments?post=36597"}],"version-history":[{"count":9,"href":"https:\/\/www.sisinternational.com\/fr\/wp-json\/wp\/v2\/pages\/36597\/revisions"}],"predecessor-version":[{"id":81111,"href":"https:\/\/www.sisinternational.com\/fr\/wp-json\/wp\/v2\/pages\/36597\/revisions\/81111"}],"up":[{"embeddable":true,"href":"https:\/\/www.sisinternational.com\/fr\/wp-json\/wp\/v2\/pages\/14281"}],"wp:featuredmedia":[{"embeddable":true,"href":"https:\/\/www.sisinternational.com\/fr\/wp-json\/wp\/v2\/media\/65225"}],"wp:attachment":[{"href":"https:\/\/www.sisinternational.com\/fr\/wp-json\/wp\/v2\/media?parent=36597"}],"curies":[{"name":"wp","href":"https:\/\/api.w.org\/{rel}","templated":true}]}}