{"id":35478,"date":"2020-06-07T02:36:30","date_gmt":"2020-06-07T02:36:30","guid":{"rendered":"https:\/\/www.sisinternational.com\/?page_id=35478"},"modified":"2026-03-12T12:46:44","modified_gmt":"2026-03-12T16:46:44","slug":"etude-de-marche-sur-le-parcours-du-patient","status":"publish","type":"page","link":"https:\/\/www.sisinternational.com\/fr\/solutions\/etudes-de-marche-sur-les-biotechnologies-et-les-produits-pharmaceutiques-en-matiere-de-soins-de-sante-medicaux\/etude-de-marche-sur-le-parcours-du-patient\/","title":{"rendered":"\u00c9tude de march\u00e9 sur le parcours du patient"},"content":{"rendered":"<h1 class=\"wp-block-heading\">\u00c9tude de march\u00e9 sur le parcours du patient<\/h1>\n\n\n\n<figure class=\"gb-block-image gb-block-image-d4b7c36f\"><img loading=\"lazy\" decoding=\"async\" width=\"1456\" height=\"816\" class=\"gb-image gb-image-d4b7c36f\" src=\"https:\/\/www.sisinternational.com\/wp-content\/uploads\/2025\/08\/Healthcare-13.jpg\" alt=\"\u00c9tudes de march\u00e9 et strat\u00e9gie internationales SIS\" title=\"Healthcare (13)\" srcset=\"https:\/\/www.sisinternational.com\/wp-content\/uploads\/2025\/08\/Healthcare-13.jpg 1456w, https:\/\/www.sisinternational.com\/wp-content\/uploads\/2025\/08\/Healthcare-13-300x168.jpg 300w, https:\/\/www.sisinternational.com\/wp-content\/uploads\/2025\/08\/Healthcare-13-1024x574.jpg 1024w, https:\/\/www.sisinternational.com\/wp-content\/uploads\/2025\/08\/Healthcare-13-768x430.jpg 768w, https:\/\/www.sisinternational.com\/wp-content\/uploads\/2025\/08\/Healthcare-13-18x10.jpg 18w\" sizes=\"auto, (max-width: 1456px) 100vw, 1456px\"><\/figure>\n\n\n\n<p><\/p>\n\n\n\n<h2 class=\"wp-block-heading p2\"><span class=\"s2\">Le parcours du patient r\u00e9v\u00e8le tous les points de contact que les patients traversent pour trouver de nouveaux traitements<\/span><\/h2>\n\n\n\n<p class=\"p2\"><span class=\"s2\">Patients more than ever have information and options at their fingertips.&nbsp; With access to knowledge and alternatives, it&#8217;s important for Pharmaceutical and healthcare companies to understand patients. <\/span><\/p>\n\n\n\n<p class=\"p2\"><span class=\"s2\">D\u00e9couvrir ce qu\u2019ils veulent est \u00e9galement un \u00e9l\u00e9ment essentiel du marketing. Ces efforts sont, dans le secteur pharmaceutique, incarn\u00e9s dans le parcours du patient et int\u00e9gr\u00e9s dans les \u00e9tudes de march\u00e9. Ils sont d\u00e9sormais plus critiques que jamais. <\/span><\/p>\n\n\n\n<p class=\"p4\"><span class=\"s2\">It\u2019s not enough that <a href=\"https:\/\/www.sisinternational.com\/fr\/competence\/les-industries\/etude-de-marche-pharmaceutique-2\/\" title=\"\u00c9tude de march\u00e9 sur les produits pharmaceutiques\"  data-wpil-monitor-id=\"3473\">pharmaceutical companies conduct patient journey market research<\/a>. They need to incorporate all elements of the <a href=\"https:\/\/www.sisinternational.com\/fr\/couverture\/etude-de-marche-en-afrique\/etude-de-marche-au-mali\/\" title=\"Etude de march\u00e9 au Mali\"  data-wpil-monitor-id=\"3860\">marketing process into that research<\/a>. They must develop methods that can create a real competitive advantage.<\/span><\/p>\n\n\n\n<h2 class=\"wp-block-heading p5\"><span class=\"s2\">Cartographie du parcours du patient<\/span><\/h2>\n\n\n\n<p class=\"p2\"><span class=\"s2\">La plupart des Am\u00e9ricains utilisent au moins un m\u00e9dicament sur ordonnance. Plus de la moiti\u00e9 en prennent deux. Pourtant, les fabricants de ces m\u00e9dicaments vitaux n\u2019ont que tr\u00e8s peu de contacts avec les patients. Ces patients d\u00e9pendent des prestataires pour obtenir des conseils sur la mani\u00e8re d\u2019utiliser les th\u00e9rapies et les m\u00e9dicaments. Ils disposent souvent de peu ou pas d\u2019informations sur ceux qui leur permettent de se remettre de leurs diverses maladies. La question est maintenant de savoir si les soci\u00e9t\u00e9s pharmaceutiques peuvent entrer dans ce cercle de confiance ? Peuvent-ils faire partie du parcours du patient ? La r\u00e9ponse est un oui retentissant.<\/span><\/p>\n\n\n\n<h2 class=\"wp-block-heading\">Etude de march\u00e9 de l&#039;innovation<\/h2>\n\n\n\n<p class=\"p2\"><span class=\"s2\">March\u00e9 <a href=\"https:\/\/www.sisinternational.com\/fr\/competence\/les-industries\/etude-de-marche-pharmaceutique\/\" title=\"\u00c9tude de march\u00e9 pharmaceutique\"  data-wpil-monitor-id=\"6313\">recherche<\/a> is of tremendous benefit to innovators at pharmaceutical companies. A patient journey map lays out these benefits in a visual format, describing the typical routes consumers take from the start. It shows how they seek to improve their health outcomes as they do the tasks that denote the significant steps in the journey. It describes the different phases of care, starting with the onset of symptoms. It then goes to when the doctor diagnoses the patient, then to therapy, and it ends with either full recovery or adapting to a new way of living.<\/span><\/p>\n\n\n\n<p class=\"p2\"><span class=\"s2\">Le voyage comprend des histoires sur le parcours d&#039;un patient. Il met l\u2019accent sur leurs probl\u00e8mes les plus importants concernant les soignants, les m\u00e9decins et les m\u00e9dicaments. Il sollicite \u00e9galement leur avis sur le syst\u00e8me de sant\u00e9 en g\u00e9n\u00e9ral. Les marques conna\u00eetront le point de vue des consommateurs gr\u00e2ce \u00e0 des programmes d\u2019autonomisation. Ces connaissances leur permettent d\u2019examiner et d\u2019am\u00e9liorer les r\u00e9sultats pour les patients. L\u2019utilisation des parcours des patients pour le marketing pharmaceutique am\u00e9liore la communication. Toutes les parties impliqu\u00e9es dans le processus, des patients aux marques pharmaceutiques, ont leur mot \u00e0 dire. Il prend \u00e9galement en compte les avis des prestataires, des proches et des commerciaux.<\/span><\/p>\n\n\n\n<h2 class=\"wp-block-heading\">Centr\u00e9 sur le patient<\/h2>\n\n\n\n<p class=\"p2\"><span class=\"s2\">L\u2019environnement m\u00e9dical d\u2019aujourd\u2019hui est centr\u00e9 sur le patient. Une vision approximative du parcours est essentielle \u00e0 la commercialisation des sciences de la vie. Il informe sur tout, du d\u00e9veloppement de produits \u00e0 l&#039;acc\u00e8s au march\u00e9 et \u00e0 la gestion post-lancement. Pourtant, les chercheurs m\u00e8nent souvent leurs efforts en mati\u00e8re de parcours des patients de mani\u00e8re d\u00e9cousue. Diff\u00e9rentes \u00e9quipes utilisent souvent diverses sources de donn\u00e9es et m\u00e9thodes. Cette approche prive les entreprises d\u2019une vision plus globale. Ils ne peuvent pas voir les moteurs et les obstacles qui ont un impact sur leurs marques.<\/span><\/p>\n\n\n\n<h2 class=\"wp-block-heading p5\"><span class=\"s2\">Comprendre le parcours du patient<\/span><\/h2>\n\n\n\n<p class=\"p4\"><span class=\"s2\">Le parcours du patient \u00e9volue et devient plus complexe \u00e0 mesure que les patients deviennent plus inform\u00e9s et plus engag\u00e9s. Ils ont acc\u00e8s \u00e0 l&#039;information. Ils souhaitent \u00e9galement participer \u00e0 toute d\u00e9cision concernant leurs programmes de traitement. Il est facile de voir l\u2019importance d\u2019une compr\u00e9hension approfondie du parcours du patient. Cette compr\u00e9hension permet aux sp\u00e9cialistes du marketing pharmaceutique de savoir o\u00f9 se situent les obstacles. Cela les aide \u00e0 d\u00e9cider ce qu\u2019ils peuvent faire pour les supprimer.<\/span><\/p>\n\n\n\n<h2 class=\"wp-block-heading p5\"><span class=\"s2\">G\u00e9rer le parcours du patient<\/span><\/h2>\n\n\n\n<p class=\"p2\"><span class=\"s2\">Les m\u00e9dias hors ligne restent essentiels. Pourtant, les soci\u00e9t\u00e9s pharmaceutiques transf\u00e8rent leurs investissements en mati\u00e8re de publicit\u00e9 et de marketing vers les m\u00e9dias num\u00e9riques. Ces entreprises doivent offrir une exp\u00e9rience de marque coh\u00e9rente sur tous les canaux. Une exp\u00e9rience coh\u00e9rente sur les canaux virtuels et physiques favorise la satisfaction des clients. De plus, cela se fait \u00e0 travers les diff\u00e9rents moyens par lesquels ils rencontrent la marque. Il est \u00e9galement essentiel d\u2019am\u00e9liorer l\u2019exp\u00e9rience client pour toutes les populations de patients. Cela aide les marques \u00e0 rester pertinentes et \u00e0 conna\u00eetre un succ\u00e8s continu.<\/span><\/p>\n\n\n\n<h2 class=\"wp-block-heading\">\u00c0 propos de l\u2019\u00e9tude de march\u00e9 sur le parcours du patient<\/h2>\n\n\n\n<p class=\"p2\"><span class=\"s2\">SIS International Research propose des solutions personnalis\u00e9es et des informations sur le parcours du patient. \u00c0 mesure que l\u2019industrie \u00e9volue vers une plus grande orientation vers le patient, nous pouvons vous aider dans vos recherches. Nous impliquons toutes les parties prenantes concern\u00e9es. Nous incluons m\u00eame les patients d\u00e8s les premiers stades du cycle de vie du produit. Nous pouvons \u00e9galement aider au recrutement de patients difficiles \u00e0 atteindre. Par exemple, nous pouvons vous aider \u00e0 trouver des sujets de test atteints de maladies rares.<\/span><\/p>\n\n\n\n<p><\/p>","protected":false},"excerpt":{"rendered":"<p>SIS est une soci\u00e9t\u00e9 mondiale d&#039;\u00e9tudes de march\u00e9 et de conseil en strat\u00e9gie. D\u00e9couvrez des informations et des avantages gr\u00e2ce \u00e0 l\u2019\u00e9tude de march\u00e9 sur le parcours du patient.<\/p>","protected":false},"author":1,"featured_media":62431,"parent":11294,"menu_order":66,"comment_status":"closed","ping_status":"closed","template":"","meta":{"footnotes":""},"class_list":["post-35478","page","type-page","status-publish","has-post-thumbnail"],"_links":{"self":[{"href":"https:\/\/www.sisinternational.com\/fr\/wp-json\/wp\/v2\/pages\/35478","targetHints":{"allow":["GET"]}}],"collection":[{"href":"https:\/\/www.sisinternational.com\/fr\/wp-json\/wp\/v2\/pages"}],"about":[{"href":"https:\/\/www.sisinternational.com\/fr\/wp-json\/wp\/v2\/types\/page"}],"author":[{"embeddable":true,"href":"https:\/\/www.sisinternational.com\/fr\/wp-json\/wp\/v2\/users\/1"}],"replies":[{"embeddable":true,"href":"https:\/\/www.sisinternational.com\/fr\/wp-json\/wp\/v2\/comments?post=35478"}],"version-history":[{"count":6,"href":"https:\/\/www.sisinternational.com\/fr\/wp-json\/wp\/v2\/pages\/35478\/revisions"}],"predecessor-version":[{"id":79896,"href":"https:\/\/www.sisinternational.com\/fr\/wp-json\/wp\/v2\/pages\/35478\/revisions\/79896"}],"up":[{"embeddable":true,"href":"https:\/\/www.sisinternational.com\/fr\/wp-json\/wp\/v2\/pages\/11294"}],"wp:featuredmedia":[{"embeddable":true,"href":"https:\/\/www.sisinternational.com\/fr\/wp-json\/wp\/v2\/media\/62431"}],"wp:attachment":[{"href":"https:\/\/www.sisinternational.com\/fr\/wp-json\/wp\/v2\/media?parent=35478"}],"curies":[{"name":"wp","href":"https:\/\/api.w.org\/{rel}","templated":true}]}}