{"id":35277,"date":"2020-05-09T06:00:18","date_gmt":"2020-05-09T06:00:18","guid":{"rendered":"https:\/\/www.sisinternational.com\/?page_id=35277"},"modified":"2026-03-12T13:33:48","modified_gmt":"2026-03-12T17:33:48","slug":"etude-de-marche-sur-la-fabrication-de-boissons-alimentaires","status":"publish","type":"page","link":"https:\/\/www.sisinternational.com\/fr\/solutions\/etude-de-marche-sur-lindustrie-des-boissons-alimentaires\/etude-de-marche-sur-la-fabrication-de-boissons-alimentaires\/","title":{"rendered":"\u00c9tude de march\u00e9 sur la fabrication d\u2019aliments et de boissons"},"content":{"rendered":"<h1 class=\"wp-block-heading\">\u00c9tude de march\u00e9 sur la fabrication d\u2019aliments et de boissons<\/h1>\n\n\n\n<figure class=\"gb-block-image gb-block-image-045b045b\"><img loading=\"lazy\" decoding=\"async\" width=\"1456\" height=\"816\" class=\"gb-image gb-image-045b045b\" src=\"https:\/\/www.sisinternational.com\/wp-content\/uploads\/2025\/08\/Food-taste-testing-10.jpg\" alt=\"\u00c9tudes de march\u00e9 et strat\u00e9gie internationales SIS\" title=\"Food taste testing (10)\" srcset=\"https:\/\/www.sisinternational.com\/wp-content\/uploads\/2025\/08\/Food-taste-testing-10.jpg 1456w, https:\/\/www.sisinternational.com\/wp-content\/uploads\/2025\/08\/Food-taste-testing-10-300x168.jpg 300w, https:\/\/www.sisinternational.com\/wp-content\/uploads\/2025\/08\/Food-taste-testing-10-1024x574.jpg 1024w, https:\/\/www.sisinternational.com\/wp-content\/uploads\/2025\/08\/Food-taste-testing-10-768x430.jpg 768w, https:\/\/www.sisinternational.com\/wp-content\/uploads\/2025\/08\/Food-taste-testing-10-18x10.jpg 18w\" sizes=\"auto, (max-width: 1456px) 100vw, 1456px\"><\/figure>\n\n\n\n<p><\/p>\n\n\n\n<h2 class=\"wp-block-heading\">L&#039;industrie alimentaire est une industrie essentielle qui produit des boissons, des collations et des produits alimentaires pour la population mondiale.<\/h2>\n\n\n\n<p>Food Manufacturing is the industry that supplies meat to people worldwide.&nbsp; One of the world&#8217;s largest industries, Food and Beverage Manufacturing is a large industry with millions of people employed to ensure efficient production of goods.&nbsp; Millions of lives depend on the efficient functioning of the industry.&nbsp; Food and Beverage <a class=\"wpil_keyword_link\" href=\"https:\/\/www.sisinternational.com\/fr\/solutions\/solutions-de-recherche-qualitative-et-quantitative\/etude-de-marche-manufacturiere\/\"   title=\"\u00c9tude du march\u00e9 de la fabrication\" data-wpil-keyword-link=\"linked\"  data-wpil-monitor-id=\"438\">\u00c9tude du march\u00e9 de la fabrication<\/a> helps companies to be more efficient, to become more profitable and to serve customer needs.<\/p>\n\n\n\n<p>For this reason, food and beverage <a class=\"wpil_keyword_link\" href=\"https:\/\/www.sisinternational.com\/fr\/solutions\/etude-de-marche-manufacturiere\/\"   title=\"\u00c9tude du march\u00e9 de la fabrication\" data-wpil-keyword-link=\"linked\"  data-wpil-monitor-id=\"751\">\u00e9tude de march\u00e9 manufacturi\u00e8re<\/a> is a vital asset for organizations in the food industry to be more efficient, become more profitable and serve customer needs. It allows producers, suppliers, distributors, and vendors to gain a more comprehensive perception of market trends, detect the potential for growth, and remain dynamic in a landscape that is constantly shifting.<\/p>\n\n\n\n<p>De plus, alors que les consommateurs deviennent de plus en plus exigeants quant \u00e0 leur sant\u00e9 et \u00e0 l\u2019environnement, l\u2019industrie alimentaire est confront\u00e9e \u00e0 un certain nombre de nouveaux obstacles et perspectives qui doivent \u00eatre \u00e9valu\u00e9s strat\u00e9giquement et planifi\u00e9s gr\u00e2ce \u00e0 des recherches approfondies.<\/p>\n\n\n\n<h2 class=\"wp-block-heading\">Objectif de l\u2019\u00e9tude de march\u00e9 sur la fabrication d\u2019aliments et de boissons<\/h2>\n\n\n\n<p>Nourriture et boisson <a href=\"https:\/\/www.sisinternational.com\/fr\/etude-de-marche-sur-la-fabrication-intelligente\/\" title=\"\u00c9tude de march\u00e9 sur la fabrication intelligente\"  data-wpil-monitor-id=\"3608\">\u00c9tude du march\u00e9 de la fabrication<\/a> is a key tool for gathering insight into the current trends, issues, and opportunities within the food industry. The data collected can provide businesses with the necessary knowledge to make strategic decisions regarding product development, marketing, and operational moves. Particularly, it is useful for businesses to:<\/p>\n\n\n\n<ul class=\"wp-block-list\">\n<li>Gain valuable insights into consumer tastes and behaviors. Food and beverage manufacturing market. research can provide important information on upcoming <a href=\"https:\/\/www.sisinternational.com\/fr\/solutions\/recherche-de-conseil-en-strategie-fintech\/etude-du-marche-du-libor\/\" title=\"\u00c9tude de march\u00e9 Libor\"  data-wpil-monitor-id=\"4992\">market<\/a> trends and help companies develop products that satisfy consumer needs.<\/li>\n\n\n\n<li>Permettre aux entreprises de comprendre le paysage concurrentiel et leur position par rapport aux autres entreprises.<\/li>\n\n\n\n<li>Pr\u00e9vision <a href=\"https:\/\/www.sisinternational.com\/fr\/fabricant-de-vaisselle-en-ceramique-dentree-sur-le-marche-asiatique\/\" title=\"Entr\u00e9e sur le march\u00e9 asiatique pour un fabricant de vaisselle en c\u00e9ramique\"  data-wpil-monitor-id=\"6607\">market demand for food and beverage manufacturing<\/a> products and identify the expected demand for specific products.<\/li>\n\n\n\n<li>Fournir aux entreprises des connaissances sur les modifications apport\u00e9es aux r\u00e9glementations en mati\u00e8re de s\u00e9curit\u00e9 alimentaire, aux protocoles d&#039;\u00e9tiquetage et aux r\u00e9glementations environnementales.<\/li>\n<\/ul>\n\n\n\n<h2 class=\"wp-block-heading\">\u00c0 propos de l\u2019\u00e9tude de march\u00e9 sur la fabrication d\u2019aliments et de boissons<\/h2>\n\n\n\n<p>In Qualitative Market Research, we conduct exploratory research to understand why consumers buy certain food products and why business executives make decisions.&nbsp; We uncover preferences, habits, decision-making, and ways for companies to gain new customers.&nbsp; Examples of projects include openness to new food technologies and concepts.<\/p>\n\n\n\n<p>In Quantitative Market Research, we measure the extent to which consumers prefer certain products or how business people perceive food brands.&nbsp; We can uncover new opportunities with this data and can help our clients make decisions more confidently.&nbsp; We also conduct Taste Testing to examine consumer reactions to different tastes, ingredients, and flavors.<\/p>\n\n\n\n<p>In Strategy Research, we examine the competitive dynamics, industry movements, and new opportunities in the market.&nbsp; Our solutions include Go To Market Strategy, Market Opportunity and Market Sizing Assessments.<\/p>\n\n\n\n<h2 class=\"wp-block-heading\">\u00c9tude de march\u00e9 sur la fabrication d\u2019aliments et de boissons : moteurs et tendances du march\u00e9<\/h2>\n\n\n\n<figure class=\"gb-block-image gb-block-image-7bc27358\"><img loading=\"lazy\" decoding=\"async\" width=\"1456\" height=\"816\" class=\"gb-image gb-image-7bc27358\" src=\"https:\/\/www.sisinternational.com\/wp-content\/uploads\/2025\/08\/Beverages-5.jpg\" alt=\"\u00c9tudes de march\u00e9 et strat\u00e9gie internationales SIS\" title=\"Beverages (5)\" srcset=\"https:\/\/www.sisinternational.com\/wp-content\/uploads\/2025\/08\/Beverages-5.jpg 1456w, https:\/\/www.sisinternational.com\/wp-content\/uploads\/2025\/08\/Beverages-5-300x168.jpg 300w, https:\/\/www.sisinternational.com\/wp-content\/uploads\/2025\/08\/Beverages-5-1024x574.jpg 1024w, https:\/\/www.sisinternational.com\/wp-content\/uploads\/2025\/08\/Beverages-5-768x430.jpg 768w, https:\/\/www.sisinternational.com\/wp-content\/uploads\/2025\/08\/Beverages-5-18x10.jpg 18w\" sizes=\"auto, (max-width: 1456px) 100vw, 1456px\"><\/figure>\n\n\n\n<p><\/p>\n\n\n\n<p>Research into the <a href=\"https:\/\/www.sisinternational.com\/fr\/agentic-ai-in-market-research\/\" title=\"Agentic AI in Market Research\"  data-wpil-monitor-id=\"493\">food and beverage manufacturing market<\/a> can offer invaluable knowledge of the key dynamics and developments that are influencing the sector. Notable dynamics and current trends presently impacting the food and beverage manufacturing industry are the following:<\/p>\n\n\n\n<ul class=\"wp-block-list\">\n<li>\u00c0 mesure que les pr\u00e9f\u00e9rences des consommateurs \u00e9voluent vers des produits alimentaires plus sains, biologiques et durables, les \u00e9tudes de march\u00e9 sur la fabrication d\u2019aliments et de boissons peuvent aider les entreprises \u00e0 reconna\u00eetre ces tendances et \u00e0 cr\u00e9er des produits correspondants pour r\u00e9pondre \u00e0 la demande.<\/li>\n\n\n\n<li>Les avanc\u00e9es technologiques de pointe au sein de l\u2019industrie agroalimentaire, telles que la robotique, l\u2019intelligence artificielle (IA) et l\u2019Internet des objets (IoT), deviennent de plus en plus essentielles pour mener des \u00e9tudes de march\u00e9 sur la fabrication alimentaire. Les entreprises doivent comprendre l&#039;influence de ces technologies et comment les utiliser pour maximiser la productivit\u00e9 et am\u00e9liorer l&#039;efficacit\u00e9 globale.<\/li>\n\n\n\n<li>\u00c0 mesure que la d\u00e9mographie \u00e9volue, les go\u00fbts des consommateurs subissent une transformation. En cons\u00e9quence, les \u00e9tudes de march\u00e9 sur la fabrication alimentaire peuvent aider les organisations \u00e0 comprendre ces tendances et \u00e0 cr\u00e9er des offres r\u00e9pondant aux exigences des diff\u00e9rents segments de consommateurs.<\/li>\n<\/ul>\n\n\n\n<h2 class=\"wp-block-heading\">Sujets d\u2019\u00e9tude de march\u00e9 sur la fabrication d\u2019aliments et de boissons<\/h2>\n\n\n\n<ul class=\"wp-block-list\">\n<li>Additifs alimentaires<\/li>\n\n\n\n<li>Fournisseurs de produits alimentaires<\/li>\n\n\n\n<li>Exportation de produits alimentaires<\/li>\n\n\n\n<li>Tests d&#039;aliments et de boissons<\/li>\n\n\n\n<li>Ingr\u00e9dients alimentaires<\/li>\n\n\n\n<li>Pathog\u00e8nes alimentaires et microbiologie<\/li>\n\n\n\n<li>Emballages alimentaires<\/li>\n\n\n\n<li>La s\u00e9curit\u00e9 alimentaire<\/li>\n\n\n\n<li>Contamination des aliments<\/li>\n\n\n\n<li>Assurance qualit\u00e9 alimentaire\/gestion de la qualit\u00e9<\/li>\n\n\n\n<li>Logistique alimentaire<\/li>\n\n\n\n<li>Science culinaire<\/li>\n\n\n\n<li>Technologie alimentaire<\/li>\n\n\n\n<li>Nutrition<\/li>\n\n\n\n<li>Fabrication d&#039;\u00e9quipement alimentaire<\/li>\n\n\n\n<li>Technologie de mise en conserve<\/li>\n\n\n\n<li>Approvisionnement alimentaire<\/li>\n\n\n\n<li>Conservateurs alimentaires<\/li>\n<\/ul>\n\n\n\n<h2 class=\"wp-block-heading\">R\u00e9pondants du secteur des aliments et des boissons<\/h2>\n\n\n\n<p>Les personnes que nous interrogeons r\u00e9guli\u00e8rement dans le secteur de la fabrication d&#039;aliments et de boissons comprennent\u00a0:<\/p>\n\n\n\n<ul class=\"wp-block-list\">\n<li>Technologues alimentaires<\/li>\n\n\n\n<li>Responsables R&amp;D<\/li>\n\n\n\n<li>Responsables de la s\u00e9curit\u00e9 alimentaire<\/li>\n\n\n\n<li>Responsables qualit\u00e9 et assurance qualit\u00e9 des aliments<\/li>\n\n\n\n<li>Gestionnaires d&#039;inventaire<\/li>\n\n\n\n<li>Professionnels de l&#039;approvisionnement strat\u00e9gique<\/li>\n\n\n\n<li>Directeurs des achats<\/li>\n\n\n\n<li>Cha\u00eene d&#039;approvisionnement alimentaire<\/li>\n<\/ul>\n\n\n\n<h2 class=\"wp-block-heading\">Secteurs<\/h2>\n\n\n\n<p>Les principaux secteurs de l\u2019alimentation et des boissons que nous couvrons\u00a0:<\/p>\n\n\n\n<ul class=\"wp-block-list\">\n<li>P\u00eache<\/li>\n\n\n\n<li>Laitier<\/li>\n\n\n\n<li>Nourriture<\/li>\n\n\n\n<li>Boisson<\/li>\n\n\n\n<li>Confiserie<\/li>\n\n\n\n<li>Pr\u00e9paration des aliments<\/li>\n\n\n\n<li>Vin<\/li>\n\n\n\n<li>Esprits<\/li>\n\n\n\n<li>Alcool<\/li>\n<\/ul>\n\n\n\n<h2 class=\"wp-block-heading\">D\u00e9fis et opportunit\u00e9s dans les \u00e9tudes de march\u00e9 sur la fabrication d\u2019aliments et de boissons<\/h2>\n\n\n\n<p>Les \u00e9tudes de march\u00e9 sur le secteur de la fabrication d\u2019aliments et de boissons peuvent fournir aux entreprises les informations n\u00e9cessaires pour identifier les d\u00e9fis et opportunit\u00e9s potentiels.<\/p>\n\n\n\n<h2 class=\"wp-block-heading\">Avec l\u2019essor de la technologie, de nombreuses opportunit\u00e9s s\u2019offrent aux entreprises manufacturi\u00e8res d\u2019aliments et de boissons.<\/h2>\n\n\n\n<h2 class=\"wp-block-heading\">Opportunit\u00e9s de croissance<\/h2>\n\n\n\n<ul class=\"wp-block-list\">\n<li>Cha\u00eenes de restaurants d\u00e9contract\u00e9s<\/li>\n\n\n\n<li>Boucheries haut de gamme<\/li>\n\n\n\n<li>Aliments de sp\u00e9cialit\u00e9<\/li>\n\n\n\n<li>Innovation sensorielle<\/li>\n\n\n\n<li>Exp\u00e9rience client<\/li>\n\n\n\n<li>Changer la d\u00e9mographie et les go\u00fbts<\/li>\n\n\n\n<li>Nourriture en tant que service<\/li>\n\n\n\n<li>Viandes haut de gamme<\/li>\n\n\n\n<li>Livraison en ligne<\/li>\n\n\n\n<li>Livraison de nourriture du futur avec les drones et l&#039;IoT<\/li>\n\n\n\n<li>Automatisation et robotique<\/li>\n\n\n\n<li>Adoption de l&#039;intelligence artificielle<\/li>\n\n\n\n<li>Prot\u00e9ines v\u00e9g\u00e9tales dans les principales cha\u00eenes alimentaires<\/li>\n\n\n\n<li>Agneau et b\u0153uf sous vide<\/li>\n\n\n\n<li>La s\u00e9curit\u00e9 alimentaire post-Coronavirus<\/li>\n<\/ul>\n\n\n\n<h2 class=\"wp-block-heading\">Opportunit\u00e9s d\u2019innovation alimentaire<\/h2>\n\n\n\n<ul class=\"wp-block-list\">\n<li>Viandes v\u00e9g\u00e9tales<\/li>\n\n\n\n<li>Sans OGM<\/li>\n\n\n\n<li>V\u00e9g\u00e9talien<\/li>\n\n\n\n<li>Sans gluten<\/li>\n\n\n\n<li>Sans soja<\/li>\n\n\n\n<li>Halal<\/li>\n\n\n\n<li>Kascher<\/li>\n\n\n\n<li>Innovation en mati\u00e8re d&#039;emballage<\/li>\n\n\n\n<li>Durabilit\u00e9 alimentaire<\/li>\n\n\n\n<li>Technologie alimentaire<\/li>\n\n\n\n<li>AgTech<\/li>\n\n\n\n<li>Bioaliments<\/li>\n\n\n\n<li>CBD<\/li>\n<\/ul>\n\n\n\n<h2 class=\"wp-block-heading\">D\u00e9fis<\/h2>\n\n\n\n<ul class=\"wp-block-list\">\n<li>Le prix des mat\u00e9riaux essentiels \u00e0 la fabrication de produits alimentaires, tels que les c\u00e9r\u00e9ales, les fruits et les l\u00e9gumes, peut \u00eatre soumis \u00e0 de grandes variations. Une telle instabilit\u00e9 des co\u00fbts cr\u00e9e un d\u00e9fi pour les organisations qui doivent pr\u00e9voir avec pr\u00e9cision les d\u00e9penses et organiser efficacement la production.<\/li>\n\n\n\n<li>Le secteur de la fabrication alimentaire est extr\u00eamement comp\u00e9titif et de nombreuses organisations s&#039;efforcent de gagner des parts de march\u00e9. L\u2019arriv\u00e9e de nouveaux participants, notamment des startups et des marques s\u2019adressant directement aux consommateurs, accro\u00eet encore le niveau de concurrence.<\/li>\n\n\n\n<li>As consumer tastes continue to evolve, businesses must stay ahead of the curve to meet changing demands. Failure to do so can lead to a <a href=\"https:\/\/www.sisinternational.com\/fr\/competence\/les-industries\/etude-de-marche-sur-la-perte-auditive\/\" title=\"\u00c9tude de march\u00e9 sur la perte auditive\u00a0 \u00a0\"  data-wpil-monitor-id=\"6814\">loss of market<\/a> share and revenue.<\/li>\n<\/ul>\n\n\n\n<h2 class=\"wp-block-heading\">Principales tendances du march\u00e9 et perspectives d\u2019avenir<\/h2>\n\n\n\n<ul class=\"wp-block-list\">\n<li>\u00c0 mesure que l\u2019opinion des consommateurs \u00e9volue vers des choix alimentaires plus respectueux de l\u2019environnement, les entreprises sont cens\u00e9es prendre des mesures telles que la r\u00e9duction des d\u00e9chets, l\u2019utilisation d\u2019emballages durables et l\u2019adoption d\u2019autres pratiques durables.<\/li>\n\n\n\n<li>On s\u2019attend \u00e0 ce que la tendance du commerce \u00e9lectronique se poursuive, avec un nombre croissant de clients choisissant d\u2019acheter leurs produits d\u2019\u00e9picerie en ligne. Les entreprises qui s\u2019adaptent \u00e0 cette tendance en offrant \u00e0 leurs clients la possibilit\u00e9 d\u2019acheter et de recevoir des commandes par voie num\u00e9rique gagneront probablement une plus grande part de march\u00e9.<\/li>\n\n\n\n<li>L&#039;industrie agroalimentaire s&#039;oriente de plus en plus vers la mondialisation et les organisations se d\u00e9veloppent dans de nouvelles zones g\u00e9ographiques pour acc\u00e9der aux march\u00e9s du frais. Cette tendance devrait se maintenir, \u00e0 mesure que de plus en plus d\u2019entreprises cherchent \u00e0 s\u2019aventurer dans les \u00e9conomies en d\u00e9veloppement.<\/li>\n<\/ul>\n\n\n\n<h2 class=\"wp-block-heading\">Avantages de l\u2019\u00e9tude de march\u00e9 sur la fabrication alimentaire<\/h2>\n\n\n\n<ul class=\"wp-block-list\">\n<li>Lancer efficacement un nouveau produit<\/li>\n\n\n\n<li>Augmentez vos b\u00e9n\u00e9fices<\/li>\n\n\n\n<li>Acqu\u00e9rir de nouveaux clients<\/li>\n\n\n\n<li>Fid\u00e9liser les clients existants<\/li>\n\n\n\n<li>Se d\u00e9velopper \u00e0 l&#039;\u00e9chelle mondiale<\/li>\n\n\n\n<li>R\u00e9duire les risques<\/li>\n<\/ul>\n\n\n\n<p><\/p>","protected":false},"excerpt":{"rendered":"<p>D\u00e9couvrez comment les \u00e9tudes de march\u00e9 sur la fabrication d&#039;aliments et de boissons augmentent vos b\u00e9n\u00e9fices gr\u00e2ce \u00e0 SIS International Market Research Company.<\/p>","protected":false},"author":1,"featured_media":64686,"parent":22018,"menu_order":62,"comment_status":"closed","ping_status":"closed","template":"","meta":{"footnotes":""},"class_list":["post-35277","page","type-page","status-publish","has-post-thumbnail"],"_links":{"self":[{"href":"https:\/\/www.sisinternational.com\/fr\/wp-json\/wp\/v2\/pages\/35277","targetHints":{"allow":["GET"]}}],"collection":[{"href":"https:\/\/www.sisinternational.com\/fr\/wp-json\/wp\/v2\/pages"}],"about":[{"href":"https:\/\/www.sisinternational.com\/fr\/wp-json\/wp\/v2\/types\/page"}],"author":[{"embeddable":true,"href":"https:\/\/www.sisinternational.com\/fr\/wp-json\/wp\/v2\/users\/1"}],"replies":[{"embeddable":true,"href":"https:\/\/www.sisinternational.com\/fr\/wp-json\/wp\/v2\/comments?post=35277"}],"version-history":[{"count":13,"href":"https:\/\/www.sisinternational.com\/fr\/wp-json\/wp\/v2\/pages\/35277\/revisions"}],"predecessor-version":[{"id":80390,"href":"https:\/\/www.sisinternational.com\/fr\/wp-json\/wp\/v2\/pages\/35277\/revisions\/80390"}],"up":[{"embeddable":true,"href":"https:\/\/www.sisinternational.com\/fr\/wp-json\/wp\/v2\/pages\/22018"}],"wp:featuredmedia":[{"embeddable":true,"href":"https:\/\/www.sisinternational.com\/fr\/wp-json\/wp\/v2\/media\/64686"}],"wp:attachment":[{"href":"https:\/\/www.sisinternational.com\/fr\/wp-json\/wp\/v2\/media?parent=35277"}],"curies":[{"name":"wp","href":"https:\/\/api.w.org\/{rel}","templated":true}]}}