{"id":35230,"date":"2020-05-03T05:09:23","date_gmt":"2020-05-03T05:09:23","guid":{"rendered":"https:\/\/www.sisinternational.com\/?page_id=35230"},"modified":"2025-09-12T20:52:27","modified_gmt":"2025-09-13T00:52:27","slug":"etude-de-marche-sur-les-prix-des-matieres-premieres","status":"publish","type":"page","link":"https:\/\/www.sisinternational.com\/fr\/solutions\/recherche-de-conseil-en-strategie-fintech\/etude-de-marche-sur-les-prix-des-matieres-premieres\/","title":{"rendered":"\u00c9tude de march\u00e9 sur les prix des mati\u00e8res premi\u00e8res"},"content":{"rendered":"<h1 class=\"wp-block-heading\">\u00c9tude de march\u00e9 sur les prix des mati\u00e8res premi\u00e8res<\/h1>\n\n\n\n<figure class=\"gb-block-image gb-block-image-a875c067\"><img loading=\"lazy\" decoding=\"async\" width=\"1456\" height=\"816\" class=\"gb-image gb-image-a875c067\" src=\"https:\/\/www.sisinternational.com\/wp-content\/uploads\/2025\/08\/Mining-workers-2.jpg\" alt=\"\u00c9tudes de march\u00e9 et strat\u00e9gie internationales SIS\" title=\"Mining workers (2)\" srcset=\"https:\/\/www.sisinternational.com\/wp-content\/uploads\/2025\/08\/Mining-workers-2.jpg 1456w, https:\/\/www.sisinternational.com\/wp-content\/uploads\/2025\/08\/Mining-workers-2-300x168.jpg 300w, https:\/\/www.sisinternational.com\/wp-content\/uploads\/2025\/08\/Mining-workers-2-1024x574.jpg 1024w, https:\/\/www.sisinternational.com\/wp-content\/uploads\/2025\/08\/Mining-workers-2-768x430.jpg 768w, https:\/\/www.sisinternational.com\/wp-content\/uploads\/2025\/08\/Mining-workers-2-18x10.jpg 18w\" sizes=\"auto, (max-width: 1456px) 100vw, 1456px\"><\/figure>\n\n\n\n<hr class=\"wp-block-separator has-alpha-channel-opacity is-style-dots\"\/>\n\n\n\n<h2 class=\"wp-block-heading\">Les mati\u00e8res premi\u00e8res font partie int\u00e9grante de la vie quotidienne<\/h2>\n\n\n\n<p>From sugar to precious metals, commodities are critical to economies, societies, and governments. Having access to commodities and ensuring stable prices can be a matter of national security. SIS is your strategic partner for Commodity Pricing Market Research worldwide in today&#8217;s fast-paced global economy.<\/p>\n\n\n\n<p>We provide Customer Research, Competitive Research, and Strategy Research. In Customer Research, we provide data and analysis into <a href=\"https:\/\/www.sisinternational.com\/fr\/analyse-de-la-satisfaction-client\/\" title=\"8 fa\u00e7ons d&#039;augmenter la satisfaction des clients dans le commerce de d\u00e9tail\"  data-wpil-monitor-id=\"10967\">customer needs and ways<\/a> to reach new customers efficiently. In Competitive Research, we uncover competitive intelligence and insights into how competitors are evolving. In Strategy Research, we uncover Market Size, Pricing Analytics, and other quantitative measures of the Commodity trade.<\/p>\n\n\n\n<h2 class=\"wp-block-heading\">Produits agricoles<\/h2>\n\n\n\n<p>Nous \u00e9tudions une vari\u00e9t\u00e9 de produits agricoles, notamment\u00a0:<\/p>\n\n\n\n<ul class=\"wp-block-list\">\n<li>Sucre<\/li>\n\n\n\n<li>Viande<\/li>\n\n\n\n<li>Ma\u00efs<\/li>\n\n\n\n<li>Soja<\/li>\n\n\n\n<li>Bl\u00e9<\/li>\n\n\n\n<li>Riz<\/li>\n\n\n\n<li>Avoine<\/li>\n\n\n\n<li>Cacao<\/li>\n\n\n\n<li>Caf\u00e9<\/li>\n\n\n\n<li>Coton<\/li>\n<\/ul>\n\n\n\n<h2 class=\"wp-block-heading\">Produits m\u00e9talliques<\/h2>\n\n\n\n<figure class=\"gb-block-image gb-block-image-3cbe8bfa\"><img loading=\"lazy\" decoding=\"async\" width=\"1456\" height=\"816\" class=\"gb-image gb-image-3cbe8bfa\" src=\"https:\/\/www.sisinternational.com\/wp-content\/uploads\/2025\/08\/Mining-workers-4.jpg\" alt=\"\u00c9tudes de march\u00e9 et strat\u00e9gie internationales SIS\" title=\"Mining workers (4)\" srcset=\"https:\/\/www.sisinternational.com\/wp-content\/uploads\/2025\/08\/Mining-workers-4.jpg 1456w, https:\/\/www.sisinternational.com\/wp-content\/uploads\/2025\/08\/Mining-workers-4-300x168.jpg 300w, https:\/\/www.sisinternational.com\/wp-content\/uploads\/2025\/08\/Mining-workers-4-1024x574.jpg 1024w, https:\/\/www.sisinternational.com\/wp-content\/uploads\/2025\/08\/Mining-workers-4-768x430.jpg 768w, https:\/\/www.sisinternational.com\/wp-content\/uploads\/2025\/08\/Mining-workers-4-18x10.jpg 18w\" sizes=\"auto, (max-width: 1456px) 100vw, 1456px\"><\/figure>\n\n\n\n<p><\/p>\n\n\n\n<p>Nous fournissons <a href=\"https:\/\/www.sisinternational.com\/fr\/competence\/les-industries\/tarification_and_competitive_analysis_in_retail\/\" title=\"Prix de d\u00e9tail et analyse concurrentielle\"  data-wpil-monitor-id=\"10966\">pricing and analysis<\/a> on the following metal commodities:<\/p>\n\n\n\n<ul class=\"wp-block-list i8Z77e\">\n<li>Or<\/li>\n\n\n\n<li>Argent<\/li>\n\n\n\n<li>Platine<\/li>\n\n\n\n<li>Cuivre<\/li>\n<\/ul>\n\n\n\n<h2 class=\"wp-block-heading\">Produits \u00e9nerg\u00e9tiques<\/h2>\n\n\n\n<p>Nous suivons les produits suivants\u00a0:<\/p>\n\n\n\n<ul class=\"wp-block-list i8Z77e\">\n<li>Huile brute<\/li>\n\n\n\n<li>L&#039;huile de chauffage<\/li>\n\n\n\n<li>Gaz naturel<\/li>\n\n\n\n<li>De l&#039;essence<\/li>\n\n\n\n<li>Propane<\/li>\n<\/ul>\n\n\n\n<h2 class=\"wp-block-heading\">Produits d&#039;\u00e9levage<\/h2>\n\n\n\n<p>Nous pouvons suivre les produits d&#039;\u00e9levage tels que\u00a0:<\/p>\n\n\n\n<ul class=\"wp-block-list i8Z77e\">\n<li>Porcs maigres<\/li>\n\n\n\n<li>B\u00e9tail<\/li>\n\n\n\n<li>Vaches<\/li>\n\n\n\n<li>Poulets<\/li>\n<\/ul>\n\n\n\n<h2 class=\"wp-block-heading\">Qu&#039;est-ce qui peut avoir un impact sur les prix<\/h2>\n\n\n\n<p>Les facteurs suivants peuvent avoir un impact sur les prix des mati\u00e8res premi\u00e8res.<\/p>\n\n\n\n<ul class=\"wp-block-list\">\n<li>M\u00e9t\u00e9o<\/li>\n\n\n\n<li>Des rendements agricoles plus faibles<\/li>\n\n\n\n<li>Stocks<\/li>\n\n\n\n<li>Cultures concurrentes comme l\u2019\u00e9thanol<\/li>\n\n\n\n<li>Exportations<\/li>\n\n\n\n<li>P\u00e9nuries de main d&#039;\u0153uvre<\/li>\n\n\n\n<li>Demande industrielle<\/li>\n\n\n\n<li>Politique commerciale (par exemple quotas, droits de douane, droits de douane, antidumping)<\/li>\n\n\n\n<li>Politique int\u00e9rieure<\/li>\n<\/ul>\n\n\n\n<h2 class=\"wp-block-heading\">Recherche sur les d\u00e9cideurs en mati\u00e8res premi\u00e8res<\/h2>\n\n\n\n<figure class=\"gb-block-image gb-block-image-0751d21e\"><img loading=\"lazy\" decoding=\"async\" width=\"1456\" height=\"816\" class=\"gb-image gb-image-0751d21e\" src=\"https:\/\/www.sisinternational.com\/wp-content\/uploads\/2025\/08\/Oit-petroleum-petrochemical-9.jpg\" alt=\"\u00c9tudes de march\u00e9 et strat\u00e9gie internationales SIS\" title=\"Oit petroleum petrochemical (9)\" srcset=\"https:\/\/www.sisinternational.com\/wp-content\/uploads\/2025\/08\/Oit-petroleum-petrochemical-9.jpg 1456w, https:\/\/www.sisinternational.com\/wp-content\/uploads\/2025\/08\/Oit-petroleum-petrochemical-9-300x168.jpg 300w, https:\/\/www.sisinternational.com\/wp-content\/uploads\/2025\/08\/Oit-petroleum-petrochemical-9-1024x574.jpg 1024w, https:\/\/www.sisinternational.com\/wp-content\/uploads\/2025\/08\/Oit-petroleum-petrochemical-9-768x430.jpg 768w, https:\/\/www.sisinternational.com\/wp-content\/uploads\/2025\/08\/Oit-petroleum-petrochemical-9-18x10.jpg 18w\" sizes=\"auto, (max-width: 1456px) 100vw, 1456px\"><\/figure>\n\n\n\n<p><\/p>\n\n\n\n<p>As a <a href=\"https:\/\/www.sisinternational.com\/fr\/competence\/cv-dexperience\/cv-dexperience-dans-lindustrie-automobile\/\" title=\"Soci\u00e9t\u00e9 d\u2019\u00e9tudes de march\u00e9 pour l\u2019industrie automobile\"  data-wpil-monitor-id=\"10964\">Market Research company<\/a>, we connect you to buyers and influencers with the following services<\/p>\n\n\n\n<ul class=\"wp-block-list\">\n<li>Acheteurs<\/li>\n\n\n\n<li>Exportateurs<\/li>\n\n\n\n<li>Experts en la mati\u00e8re<\/li>\n\n\n\n<li>Influenceurs de l&#039;industrie<\/li>\n<\/ul>\n\n\n\n<h2 class=\"wp-block-heading\">Analyse des prix et des volumes<\/h2>\n\n\n\n<p>Nous proposons les solutions de recherche de mati\u00e8res premi\u00e8res suivantes\u00a0:<\/p>\n\n\n\n<ul class=\"wp-block-list\">\n<li>Prix de gros<\/li>\n\n\n\n<li>Prix moyen<\/li>\n\n\n\n<li>Prix de d\u00e9tail<\/li>\n\n\n\n<li>Stocks<\/li>\n\n\n\n<li>Volume des \u00e9changes<\/li>\n\n\n\n<li>Profils d&#039;acheteurs et analyses<\/li>\n\n\n\n<li>Prix de change et couverture<\/li>\n<\/ul>\n\n\n\n<h2 class=\"wp-block-heading\">Notre emplacement \u00e0 New York<\/h2>\n\n\n\n<p>  <iframe loading=\"lazy\" src=\"https:\/\/www.google.com\/maps\/embed?pb=!1m18!1m12!1m3!1d3022.976188376966!2d-73.99130312499956!3d40.740549471389315!2m3!1f0!2f0!3f0!3m2!1i1024!2i768!4f13.1!3m3!1m2!1s0x89c259a15798c731%3A0xd695d09bdd495f25!2s11%20E%2022nd%20St%20FL%202%2C%20New%20York%2C%20NY%2010010%2C%20USA!5e0!3m2!1sen!2spe!4v1726171763526!5m2!1sen!2spe\" width=\"600\" height=\"450\" allowfullscreen=\"allowfullscreen\" data-mce-fragment=\"1\"><\/iframe>  <\/p>\n\n\n\n<h3 class=\"wp-block-heading\">11 E 22nd Street, \u00e9tage 2, New York, NY 10010 T\u00e9l. : +1(212) 505-6805<\/h3>\n\n\n\n<hr class=\"wp-block-separator has-alpha-channel-opacity\"\/>\n\n\n\n<h2 class=\"wp-block-heading\"><span style=\"font-weight: 400;\">\u00c0 propos de SIS International<\/span><\/h2>\n\n\n\n<p><a href=\"https:\/\/www.sisinternational.com\/fr\/\"><span style=\"font-weight: 400;\">SIS International<\/span><\/a><span style=\"font-weight: 400;\"> offers Quantitative, Qualitative, and Strategy Research. We provide data, tools, strategies, reports, and insights for decision-making. We also conduct interviews, surveys, focus groups, and other <a href=\"https:\/\/www.sisinternational.com\/fr\/quantitative-market-research-methods-and-techniques\/\" title=\"Quantitative Market Research Methods and Techniques\"  data-wpil-monitor-id=\"10965\">Market Research methods<\/a> and approaches.<\/span><a href=\"https:\/\/www.sisinternational.com\/fr\/a-propos-de-la-recherche-internationale-sis\/contact-sis-international-market-research\/\"><span style=\"font-weight: 400;\"> Contactez nous<\/span><\/a><span style=\"font-weight: 400;\"> pour votre prochain projet d&#039;\u00e9tude de march\u00e9.<\/span><\/p>\n\n\n\n<p><\/p>","protected":false},"excerpt":{"rendered":"<p>SIS est une soci\u00e9t\u00e9 leader mondial en \u00e9tudes de march\u00e9 et en conseil en strat\u00e9gie. D\u00e9couvrez de nouvelles opportunit\u00e9s gr\u00e2ce aux \u00e9tudes de march\u00e9 sur la tarification des mati\u00e8res premi\u00e8res.<\/p>","protected":false},"author":1,"featured_media":63971,"parent":27462,"menu_order":36,"comment_status":"closed","ping_status":"closed","template":"","meta":{"footnotes":""},"class_list":["post-35230","page","type-page","status-publish","has-post-thumbnail"],"_links":{"self":[{"href":"https:\/\/www.sisinternational.com\/fr\/wp-json\/wp\/v2\/pages\/35230","targetHints":{"allow":["GET"]}}],"collection":[{"href":"https:\/\/www.sisinternational.com\/fr\/wp-json\/wp\/v2\/pages"}],"about":[{"href":"https:\/\/www.sisinternational.com\/fr\/wp-json\/wp\/v2\/types\/page"}],"author":[{"embeddable":true,"href":"https:\/\/www.sisinternational.com\/fr\/wp-json\/wp\/v2\/users\/1"}],"replies":[{"embeddable":true,"href":"https:\/\/www.sisinternational.com\/fr\/wp-json\/wp\/v2\/comments?post=35230"}],"version-history":[{"count":5,"href":"https:\/\/www.sisinternational.com\/fr\/wp-json\/wp\/v2\/pages\/35230\/revisions"}],"predecessor-version":[{"id":81793,"href":"https:\/\/www.sisinternational.com\/fr\/wp-json\/wp\/v2\/pages\/35230\/revisions\/81793"}],"up":[{"embeddable":true,"href":"https:\/\/www.sisinternational.com\/fr\/wp-json\/wp\/v2\/pages\/27462"}],"wp:featuredmedia":[{"embeddable":true,"href":"https:\/\/www.sisinternational.com\/fr\/wp-json\/wp\/v2\/media\/63971"}],"wp:attachment":[{"href":"https:\/\/www.sisinternational.com\/fr\/wp-json\/wp\/v2\/media?parent=35230"}],"curies":[{"name":"wp","href":"https:\/\/api.w.org\/{rel}","templated":true}]}}