{"id":35196,"date":"2020-05-02T00:01:03","date_gmt":"2020-05-02T00:01:03","guid":{"rendered":"https:\/\/www.sisinternational.com\/?page_id=35196"},"modified":"2025-09-12T20:46:08","modified_gmt":"2025-09-13T00:46:08","slug":"etude-de-marche-en-ingenierie","status":"publish","type":"page","link":"https:\/\/www.sisinternational.com\/fr\/competence\/etude-de-marche-en-ingenierie\/","title":{"rendered":"Etude de march\u00e9 de l'ing\u00e9nierie"},"content":{"rendered":"<h1 class=\"wp-block-heading p1\"><span class=\"s1\">Etude de march\u00e9 de l'ing\u00e9nierie<\/span><\/h1>\n\n\n\n<figure class=\"gb-block-image gb-block-image-ca0ed1eb\"><img loading=\"lazy\" decoding=\"async\" width=\"1456\" height=\"816\" class=\"gb-image gb-image-ca0ed1eb\" src=\"https:\/\/www.sisinternational.com\/wp-content\/uploads\/2025\/08\/Construction-30-1.jpg\" alt=\"\u00c9tudes de march\u00e9 et strat\u00e9gie internationales SIS\" title=\"Construction (30)\" srcset=\"https:\/\/www.sisinternational.com\/wp-content\/uploads\/2025\/08\/Construction-30-1.jpg 1456w, https:\/\/www.sisinternational.com\/wp-content\/uploads\/2025\/08\/Construction-30-1-300x168.jpg 300w, https:\/\/www.sisinternational.com\/wp-content\/uploads\/2025\/08\/Construction-30-1-1024x574.jpg 1024w, https:\/\/www.sisinternational.com\/wp-content\/uploads\/2025\/08\/Construction-30-1-768x430.jpg 768w, https:\/\/www.sisinternational.com\/wp-content\/uploads\/2025\/08\/Construction-30-1-18x10.jpg 18w\" sizes=\"auto, (max-width: 1456px) 100vw, 1456px\"><\/figure>\n\n\n\n<p><\/p>\n\n\n\n<h2 class=\"wp-block-heading p2\"><span class=\"s2\">Une \u00e9tude de march\u00e9 sur l\u2019ing\u00e9nierie r\u00e9v\u00e8le des perspectives de croissance pour les entreprises<\/span><\/h2>\n\n\n\n<p class=\"p2\"><span class=\"s2\">This sector has a technical nature, so it often requires<\/span> specialized market researchers. We survey engineering firms, engineering professionals, industry bodies, and those who provide design solutions. SIS International Research has extensive experience in conducting engineering market research<span class=\"s2\">.<\/span><\/p>\n\n\n\n<h3 class=\"wp-block-heading\">Types d&#039;ing\u00e9nierie\u00a0:<\/h3>\n\n\n\n<ul class=\"wp-block-list\">\n<li>Ing\u00e9nierie \u00e9lectrique<\/li>\n\n\n\n<li>Ing\u00e9nieur chimiste<\/li>\n\n\n\n<li>Ing\u00e9nierie p\u00e9troli\u00e8re<\/li>\n\n\n\n<li>G\u00e9nie civil<\/li>\n\n\n\n<li>G\u00e9nie m\u00e9canique<\/li>\n\n\n\n<li>G\u00e9nie biom\u00e9dical<\/li>\n\n\n\n<li>G\u00e9nie agricole<\/li>\n\n\n\n<li>G\u00e9nie a\u00e9rospatial<\/li>\n\n\n\n<li>G\u00e9nie de l&#039;environnement<\/li>\n<\/ul>\n\n\n\n<h2 class=\"wp-block-heading p3\"><span class=\"s2\">Tendances de l&#039;industrie<\/span><\/h2>\n\n\n\n<p class=\"p4\"><span class=\"s2\">The first industrial revolution took place hundreds of years ago, therefore experts describe today&#8217;s industrial revolution as Industry 4.0, as a result, they adopted a change to a more self-aware and digitized system of work that will use Big Data and the <a href=\"https:\/\/www.sisinternational.com\/fr\/solutions\/conseil-en-blockchain-sis\/internet-des-objets-blockchain\/\" title=\"Blockchain et Internet des objets\"  data-wpil-monitor-id=\"9007\">Internet des objets<\/a>.<span class=\"s2\"> Il utilisera \u00e9galement la nouvelle infrastructure de communication. Ainsi, l\u2019Industrie 4.0 constituera une tendance significative et disruptive dans l\u2019ing\u00e9nierie. <\/span><\/p>\n\n\n\n<p class=\"p4\"><span class=\"s2\">La croissance du march\u00e9 s&#039;est produite dans le secteur de l&#039;ing\u00e9nierie et de la construction malgr\u00e9 les p\u00e9nuries de main-d&#039;\u0153uvre et les pressions sur les co\u00fbts. Le secteur a \u00e9galement connu une tendance aux projets \u00e0 appels d&#039;offres fixes. Ces d\u00e9fis continueront probablement \u00e0 l\u2019avenir. Cependant, les entreprises E&amp;C b\u00e9n\u00e9ficieront de plusieurs opportunit\u00e9s importantes dans le secteur. L&#039;augmentation de <\/span>ville intelligente <span class=\"s2\">les m\u00e9gaprojets sont l\u2019une de ces opportunit\u00e9s, et l\u2019initiative am\u00e9ricaine en mati\u00e8re de transports et d\u2019infrastructures en est une autre.<\/span><span class=\"s2\">.<\/span><\/p>\n\n\n\n<p>Le <a href=\"https:\/\/www.sisinternational.com\/fr\/competence\/les-industries\/etude-de-marche-de-lenergie\/\" title=\"\u00c9tude de march\u00e9 de l&#039;\u00e9nergie\"  data-wpil-monitor-id=\"9004\">energy sector is another new market<\/a> to observe. As a result, many countries should see sustainable energy getting a bigger bite of the pie. These energy sources include solar, wind, utility-scale renewable fuels, and hydropower. Innovations may also occur in:<\/p>\n\n\n\n<ul class=\"wp-block-list\">\n<li><a href=\"https:\/\/www.sisinternational.com\/fr\/solutions\/ai-etudes-de-marche-et-conseil-en-strategie\/environnement-durabilite-automatisation-conseil-en-intelligence-artificielle\/\" title=\"Conseil en automatisation et intelligence artificielle en environnement et d\u00e9veloppement durable\"  data-wpil-monitor-id=\"9003\">\u00c9nergie durable et intelligence artificielle<\/a><\/li>\n\n\n\n<li>Stockage d&#039;\u00e9nergie, y compris les batteries<\/li>\n\n\n\n<li>Parit\u00e9 r\u00e9seau<\/li>\n\n\n\n<li>Cha\u00eene de blocs<\/li>\n\n\n\n<li>Ressource \u00e9nerg\u00e9tique distribu\u00e9e<\/li>\n\n\n\n<li>La cyber-s\u00e9curit\u00e9<\/li>\n\n\n\n<li>Le climat politique<\/li>\n<\/ul>\n\n\n\n<h2 class=\"wp-block-heading p3\"><span class=\"s2\">Analyse du march\u00e9 des services<\/span><\/h2>\n\n\n\n<p class=\"p4\"><span class=\"s2\">L&#039;augmentation des revenus de l&#039;industrie suit le rythme de l&#039;\u00e9conomie am\u00e9ricaine dans son ensemble. La croissance peut se produire en raison d\u2019une augmentation de la valeur de la construction priv\u00e9e non r\u00e9sidentielle. Les analystes utilisent souvent ce secteur comme indicateur de la demande de services industriels, car les prix des mati\u00e8res premi\u00e8res et la demande peuvent avoir un impact sur la rentabilit\u00e9.&nbsp;<\/span><\/p>\n\n\n\n<p class=\"p4\"><span class=\"s2\">The main driver of the engineering services <a href=\"https:\/\/www.sisinternational.com\/fr\/solutions\/recherche-de-conseil-en-strategie-fintech\/conseil-en-etudes-de-marche-sur-linclusion-financiere-dans-les-economies-emergentes\/\" title=\"\u00c9tudes de march\u00e9 et conseil sur l\u2019inclusion financi\u00e8re dans les \u00e9conomies \u00e9mergentes\"  data-wpil-monitor-id=\"9002\">market is investments in emerging economies<\/a>, and these investments are occurring in the industrial, transport, and commercial infrastructure sectors. Most engineering <a href=\"https:\/\/www.sisinternational.com\/fr\/solutions\/conseil-en-tourisme-de-voyage-et-en-hotellerie\/societe-de-gestion-hoteliere-etude-de-marche-conseil-en-strategie\/\" title=\"Soci\u00e9t\u00e9 de gestion h\u00f4teli\u00e8re \u00c9tudes de march\u00e9 et conseil en strat\u00e9gie\"  data-wpil-monitor-id=\"9005\">companies function only in their regional\/national markets<\/a>, however, they do so for two reasons:<\/span><\/p>\n\n\n\n<ul class=\"wp-block-list\">\n<li><span class=\"s2\">R\u00e9glementations r\u00e9gionales<\/span><\/li>\n\n\n\n<li><span class=\"s2\">Expertise en services d\u2019ing\u00e9nierie sp\u00e9cialis\u00e9s<\/span><\/li>\n<\/ul>\n\n\n\n<h2 class=\"wp-block-heading p3\"><span class=\"s2\">Perspectives du secteur des services<\/span><\/h2>\n\n\n\n<p class=\"p4\"><span class=\"s2\">COVID-19 has had adverse effects on <a href=\"https:\/\/www.sisinternational.com\/fr\/publications\/etude-de-marche-sur-les-entreprises-evolutives-7-facons-de-creer-une-entreprise-evolutive\/\" title=\"\u00c9tude de march\u00e9 sur les entreprises \u00e9volutives\u00a0: 7 fa\u00e7ons de cr\u00e9er une entreprise \u00e9volutive\"  data-wpil-monitor-id=\"9006\">business activity and markets<\/a>, and consequently, it is presenting many challenges to the engineering and construction industry. These challenges can intensify depending on the length and severity of the crisis. For instance, construction jobs have already been canceled, and others suspended.<\/span><\/p>\n\n\n\n<p class=\"p4\"><span class=\"s2\">Les experts s\u2019attendent \u00e0 ce que les effets du COVID-19 soient temporaires. L\u2019industrie aura besoin de plus d\u2019ing\u00e9nieurs que jamais lorsque le monde reviendra \u00e0 la normale.<\/span> <a href=\"https:\/\/www.sciencedaily.com\/news\/computers_math\/robotics\/\" target=\"_blank\" rel=\"noopener\">R.<\/a><a href=\"https:\/\/www.sciencedaily.com\/news\/computers_math\/robotics\/\" target=\"_blank\" rel=\"noopener\">l&#039;obotique<\/a><a href=\"https:\/\/www.sciencedaily.com\/news\/computers_math\/robotics\/\" target=\"_blank\" rel=\"noopener\"> et<\/a><a href=\"https:\/\/www.sciencedaily.com\/news\/computers_math\/robotics\/\" target=\"_blank\" rel=\"noopener\"> intelligence artificielle<\/a> <span class=\"s2\">stimulera cette croissance de la demande, tout comme la r\u00e9alit\u00e9 virtuelle et la fabrication additive. D&#039;autres technologies seront int\u00e9gr\u00e9es aux produits techniques, tels que les dispositifs m\u00e9dicaux. Les experts s&#039;attendent \u00e9galement \u00e0 une augmentation de la production de mat\u00e9riel de transport. Les produits et machines informatiques et \u00e9lectroniques augmenteront \u00e9galement la production.<\/span><\/p>\n\n\n\n<h2 class=\"wp-block-heading p3\"><span class=\"s2\">Pourquoi les \u00e9tudes de march\u00e9 sur l\u2019ing\u00e9nierie sont-elles si importantes ?<\/span><\/h2>\n\n\n\n<p class=\"p4\"><span class=\"s2\">The engineering industry is one of the most diverse in the world because it covers OEM assembly and the manufacturing of components. It also includes the maintenance of equipment and machinery after their sale. Thus, you must work with the right <a href=\"https:\/\/www.sisinternational.com\/fr\/competence\/cv-dexperience\/cv-dexperience-dans-lindustrie-automobile\/\" title=\"Soci\u00e9t\u00e9 d\u2019\u00e9tudes de march\u00e9 pour l\u2019industrie automobile\" data-wpil-monitor-id=\"9001\">Market Research company<\/a>. <\/span><\/p>\n\n\n\n<p class=\"p4\">Etude de march\u00e9 de l'ing\u00e9nierie<span class=\"s2\"> provides insights into the current state of the industry and also forecasts business activity in the sector. At <a href=\"https:\/\/www.sisinternational.com\/fr\/contacter-sis-etude-de-marche-internationale\/\" title=\"Contactez-nous\" data-wpil-monitor-id=\"9000\">Recherche internationale SIS<\/a>, we give our clients the information they need in addition to helping them to plan for the future and to come up with effective growth strategies. To get this information, for instance, we survey:<\/span><\/p>\n\n\n\n<ul class=\"wp-block-list ul1\">\n<li><span class=\"s2\">Ing\u00e9nieur \u00e9l\u00e9ctricien\u00a0<\/span><\/li>\n\n\n\n<li><span class=\"s2\">Ing\u00e9nieur chimiste<\/span><\/li>\n\n\n\n<li><span class=\"s2\">Ing\u00e9nieur m\u00e9canique\u00a0<\/span><\/li>\n\n\n\n<li><span class=\"s2\">Ing\u00e9nieur Qualit\u00e9\u00a0<\/span><\/li>\n\n\n\n<li><span class=\"s2\">Ing\u00e9nieur industriel\u00a0<\/span><\/li>\n\n\n\n<li><span class=\"s2\">Ing\u00e9nieur de fabrication\u00a0<\/span><\/li>\n\n\n\n<li><span class=\"s2\">Ing\u00e9nieur p\u00e9trolier\u00a0<\/span><\/li>\n\n\n\n<li><span class=\"s2\">Ing\u00e9nieur de proc\u00e9d\u00e9\u00a0<\/span><\/li>\n\n\n\n<li><span class=\"s2\">Ing\u00e9nieur de projet\u00a0<\/span><\/li>\n\n\n\n<li><span class=\"s2\">Ing\u00e9nieur logiciel\u00a0<\/span><\/li>\n\n\n\n<li><span class=\"s2\">Ing\u00e9nieur en robotique<\/span><\/li>\n\n\n\n<li><span class=\"s2\">Acheteur\/Planificateur\u00a0<\/span><\/li>\n\n\n\n<li><span class=\"s2\">Gestionnaire de la chaine d&#039;approvisionnement\u00a0<\/span><\/li>\n\n\n\n<li><span class=\"s2\">Responsable des mat\u00e9riaux\u00a0<\/span><\/li>\n\n\n\n<li><span class=\"s2\">Ing\u00e9nieur Approvisionnement\u00a0<\/span><\/li>\n\n\n\n<li>Cadres C Suite<\/li>\n\n\n\n<li>Pr\u00e9sidents<\/li>\n\n\n\n<li><span class=\"s5\">Les vice-pr\u00e9sidents<\/span><\/li>\n\n\n\n<li><span class=\"s2\">Directeurs<\/span><\/li>\n\n\n\n<li><span class=\"s2\">Gestionnaires<\/span><\/li>\n\n\n\n<li><span class=\"s2\">Technicien \u00e9lectrom\u00e9canique<\/span><\/li>\n\n\n\n<li><span class=\"s2\">Technicien de qualit\u00e9\u00a0<\/span><\/li>\n\n\n\n<li><span class=\"s2\">Technicien d&#039;essais\u00a0<\/span><\/li>\n\n\n\n<li><span class=\"s2\">Technicien \u00e9lectronique\u00a0<\/span><\/li>\n\n\n\n<li><span class=\"s2\">Ing\u00e9nieur m\u00e9catronique<\/span><\/li>\n<\/ul>\n\n\n\n<p><\/p>","protected":false},"excerpt":{"rendered":"<p>SIS est une soci\u00e9t\u00e9 leader mondial en \u00e9tudes de march\u00e9 et en strat\u00e9gie, sp\u00e9cialis\u00e9e dans les \u00e9tudes de march\u00e9 en ing\u00e9nierie. D\u00e9couvrez comment nous pouvons augmenter vos b\u00e9n\u00e9fices.<\/p>","protected":false},"author":1,"featured_media":62987,"parent":14514,"menu_order":60,"comment_status":"closed","ping_status":"closed","template":"","meta":{"footnotes":""},"class_list":["post-35196","page","type-page","status-publish","has-post-thumbnail"],"_links":{"self":[{"href":"https:\/\/www.sisinternational.com\/fr\/wp-json\/wp\/v2\/pages\/35196","targetHints":{"allow":["GET"]}}],"collection":[{"href":"https:\/\/www.sisinternational.com\/fr\/wp-json\/wp\/v2\/pages"}],"about":[{"href":"https:\/\/www.sisinternational.com\/fr\/wp-json\/wp\/v2\/types\/page"}],"author":[{"embeddable":true,"href":"https:\/\/www.sisinternational.com\/fr\/wp-json\/wp\/v2\/users\/1"}],"replies":[{"embeddable":true,"href":"https:\/\/www.sisinternational.com\/fr\/wp-json\/wp\/v2\/comments?post=35196"}],"version-history":[{"count":4,"href":"https:\/\/www.sisinternational.com\/fr\/wp-json\/wp\/v2\/pages\/35196\/revisions"}],"predecessor-version":[{"id":81508,"href":"https:\/\/www.sisinternational.com\/fr\/wp-json\/wp\/v2\/pages\/35196\/revisions\/81508"}],"up":[{"embeddable":true,"href":"https:\/\/www.sisinternational.com\/fr\/wp-json\/wp\/v2\/pages\/14514"}],"wp:featuredmedia":[{"embeddable":true,"href":"https:\/\/www.sisinternational.com\/fr\/wp-json\/wp\/v2\/media\/62987"}],"wp:attachment":[{"href":"https:\/\/www.sisinternational.com\/fr\/wp-json\/wp\/v2\/media?parent=35196"}],"curies":[{"name":"wp","href":"https:\/\/api.w.org\/{rel}","templated":true}]}}