{"id":34845,"date":"2020-04-05T00:27:21","date_gmt":"2020-04-05T00:27:21","guid":{"rendered":"https:\/\/www.sisinternational.com\/?page_id=34845"},"modified":"2025-09-13T01:18:54","modified_gmt":"2025-09-13T05:18:54","slug":"etude-de-marche-des-franchises","status":"publish","type":"page","link":"https:\/\/www.sisinternational.com\/fr\/competence\/etude-de-marche-des-franchises\/","title":{"rendered":"Etude de march\u00e9 des franchises"},"content":{"rendered":"<h1 class=\"wp-block-heading\">Etude de march\u00e9 des franchises<\/h1>\n\n\n\n<figure class=\"gb-block-image gb-block-image-0fa2707f\"><img loading=\"lazy\" decoding=\"async\" width=\"1456\" height=\"816\" class=\"gb-image gb-image-0fa2707f\" src=\"https:\/\/www.sisinternational.com\/wp-content\/uploads\/2025\/08\/Franchise-2.jpg\" alt=\"\u00c9tudes de march\u00e9 et strat\u00e9gie internationales SIS\" title=\"Franchise (2)\" srcset=\"https:\/\/www.sisinternational.com\/wp-content\/uploads\/2025\/08\/Franchise-2.jpg 1456w, https:\/\/www.sisinternational.com\/wp-content\/uploads\/2025\/08\/Franchise-2-300x168.jpg 300w, https:\/\/www.sisinternational.com\/wp-content\/uploads\/2025\/08\/Franchise-2-1024x574.jpg 1024w, https:\/\/www.sisinternational.com\/wp-content\/uploads\/2025\/08\/Franchise-2-768x430.jpg 768w, https:\/\/www.sisinternational.com\/wp-content\/uploads\/2025\/08\/Franchise-2-18x10.jpg 18w\" sizes=\"auto, (max-width: 1456px) 100vw, 1456px\"><\/figure>\n\n\n\n<p><\/p>\n\n\n\n<h2 class=\"wp-block-heading\">SIS r\u00e9alise les solutions d&#039;\u00e9tudes de march\u00e9 des franchises suivantes\u00a0:<\/h2>\n\n\n\n<ul class=\"wp-block-list\">\n<li>\u00c9tude de march\u00e9 sur la satisfaction des franchis\u00e9s<\/li>\n\n\n\n<li>\u00c9tude de march\u00e9 sur la satisfaction des employ\u00e9s<\/li>\n\n\n\n<li>\u00c9valuation de la faisabilit\u00e9 et de l&#039;emplacement du site<\/li>\n\n\n\n<li>Opportunit\u00e9 de march\u00e9, dimensionnement des \u00e9valuations d&#039;entr\u00e9e<\/li>\n\n\n\n<li>Suivi de l&#039;industrie<\/li>\n\n\n\n<li>Analyse comp\u00e9titive<\/li>\n\n\n\n<li><a href=\"https:\/\/www.sisinternational.com\/fr\/competence\/les-industries\/etude-de-marche-sur-les-boissons-alimentaires-et-la-voix-du-client\/\" title=\"\u00c9tude de march\u00e9 sur la voix du client dans le secteur des aliments et des boissons\"  data-wpil-monitor-id=\"9246\">Etude de march\u00e9 client<\/a><\/li>\n<\/ul>\n\n\n\n<h2 class=\"wp-block-heading\">Th\u00e8mes strat\u00e9giques \u00e0 examiner\u00a0:<\/h2>\n\n\n\n<ul class=\"wp-block-list\">\n<li><span style=\"font-weight: 400;\">Quelle est la force inh\u00e9rente de votre franchise ? par rapport aux autres franchises ? concurrents ?<\/span><\/li>\n\n\n\n<li><span style=\"font-weight: 400;\">Pourquoi les clients choisissent-ils cette franchise sp\u00e9cifique\u00a0?<\/span><\/li>\n\n\n\n<li><span style=\"font-weight: 400;\">Quelle est la valeur de cette franchise pour la communaut\u00e9 ?<\/span><\/li>\n\n\n\n<li><span style=\"font-weight: 400;\">What is the derived <a href=\"https:\/\/www.sisinternational.com\/fr\/competence\/les-industries\/etude-de-marche-sur-la-mesure-de-la-marque\/\" title=\"\u00c9tude de march\u00e9 sur la mesure de la marque\"  data-wpil-monitor-id=\"9252\">measurement of the franchise brand<\/a> equity at the local level?<\/span><\/li>\n\n\n\n<li><span style=\"font-weight: 400;\">Quelles sont les faiblesses per\u00e7ues de votre franchise ?<\/span><\/li>\n\n\n\n<li><span style=\"font-weight: 400;\">Quels sont les points forts per\u00e7us de votre franchise ?<\/span><\/li>\n\n\n\n<li><span style=\"font-weight: 400;\">Quels attributs de votre franchise favorisent la fid\u00e9lisation de la client\u00e8le\u00a0?<\/span><\/li>\n\n\n\n<li><span style=\"font-weight: 400;\">Votre franchise est-elle soumise \u00e0 un risque concurrentiel sur le march\u00e9\u00a0?<\/span><\/li>\n\n\n\n<li><span style=\"font-weight: 400;\">What <a href=\"https:\/\/www.sisinternational.com\/fr\/competence\/les-industries\/k-beauty-tendances-coreennes-en-matiere-de-soins-de-la-peau-opportunites\/\" title=\"K Beauty \u2013 Tendances et opportunit\u00e9s en mati\u00e8re de soins de la peau cor\u00e9ens\"  data-wpil-monitor-id=\"9256\">trends offer opportunities<\/a> to your franchise?<\/span><\/li>\n\n\n\n<li><span style=\"font-weight: 400;\">Quelles tendances constituent des menaces pour votre franchise\u00a0?<\/span><\/li>\n\n\n\n<li>Comment pouvez-vous repositionner strat\u00e9giquement votre franchise pour renforcer la sant\u00e9 de votre franchise\u00a0?<\/li>\n<\/ul>\n\n\n\n<h2 class=\"wp-block-heading\">D\u00e9cisions strat\u00e9giques \u00e0 prendre<\/h2>\n\n\n\n<ul class=\"wp-block-list\">\n<li><span style=\"font-weight: 400;\">Quelles sont les tendances, attitudes et attentes actuelles des clients\u00a0?<\/span><\/li>\n\n\n\n<li><span style=\"font-weight: 400;\">Quels sont vos niveaux actuels de satisfaction client\u00a0?<\/span><\/li>\n\n\n\n<li><span style=\"font-weight: 400;\">Quels sont les besoins satisfaits de vos clients ?<\/span><\/li>\n\n\n\n<li><span style=\"font-weight: 400;\">Quels sont les besoins non satisfaits de vos clients ?<\/span><\/li>\n\n\n\n<li><span style=\"font-weight: 400;\">Quels sont les go\u00fbts de vos clients ?<\/span><\/li>\n\n\n\n<li><span style=\"font-weight: 400;\">Qu&#039;est-ce que vos clients n&#039;aiment pas ?<\/span><\/li>\n\n\n\n<li><span style=\"font-weight: 400;\">Quel est le score net de promotion de votre franchise\u00a0? Vis-\u00e0-vis d\u2019autres franchises ? vis-\u00e0-vis de vos concurrents ?<\/span><\/li>\n\n\n\n<li><span style=\"font-weight: 400;\">Quels sont les niveaux de satisfaction actuels de vos clients\u00a0?<\/span><\/li>\n\n\n\n<li><span style=\"font-weight: 400;\">La fid\u00e9lit\u00e9 des clients est un d\u00e9riv\u00e9 de votre satisfaction client. Quelle est votre mesure de la fid\u00e9lit\u00e9 des clients ?<\/span><\/li>\n\n\n\n<li><span style=\"font-weight: 400;\">Dans quelle mesure risquez-vous de perdre un client compte tenu de votre niveau actuel de satisfaction client\u00a0?<\/span><\/li>\n\n\n\n<li><span style=\"font-weight: 400;\">Quel sera l\u2019impact de votre niveau de satisfaction client sur votre r\u00e9putation\u00a0?<\/span><\/li>\n\n\n\n<li><span style=\"font-weight: 400;\">What services do you need to employ to <a href=\"https:\/\/www.sisinternational.com\/fr\/ameliorer-la-relation-client\/\" title=\"Comment am\u00e9liorer la satisfaction client et ravir les clients insatisfaits\"  data-wpil-monitor-id=\"9248\">improve your customer satisfaction<\/a> and customer loyalty index or ratings?<\/span><\/li>\n\n\n\n<li><span style=\"font-weight: 400;\">Quelles sont les opportunit\u00e9s de formation pour les franchises ?<\/span><\/li>\n\n\n\n<li><span style=\"font-weight: 400;\">Quelles sont les recommandations des clients pour les franchises ?<\/span><\/li>\n\n\n\n<li><span style=\"font-weight: 400;\">O\u00f9 se situe votre franchise parmi les autres franchises\u00a0? Et les concurrents ?<\/span><\/li>\n\n\n\n<li><span style=\"font-weight: 400;\">Quelles sont les opportunit\u00e9s d\u2019am\u00e9lioration pour votre franchise ?<\/span><\/li>\n\n\n\n<li><span style=\"font-weight: 400;\">Quelle est la probabilit\u00e9 que les clients actuels recommandent votre franchise\u00a0?<\/span><\/li>\n<\/ul>\n\n\n\n<p><\/p>","protected":false},"excerpt":{"rendered":"<p>SIS est une soci\u00e9t\u00e9 leader mondial en \u00e9tudes de march\u00e9 et en conseil en strat\u00e9gie. D\u00e9couvrez des moyens de d\u00e9velopper votre activit\u00e9 de franchise gr\u00e2ce \u00e0 des informations et des donn\u00e9es.<\/p>","protected":false},"author":1,"featured_media":63810,"parent":14514,"menu_order":55,"comment_status":"closed","ping_status":"closed","template":"","meta":{"footnotes":""},"class_list":["post-34845","page","type-page","status-publish","has-post-thumbnail"],"_links":{"self":[{"href":"https:\/\/www.sisinternational.com\/fr\/wp-json\/wp\/v2\/pages\/34845","targetHints":{"allow":["GET"]}}],"collection":[{"href":"https:\/\/www.sisinternational.com\/fr\/wp-json\/wp\/v2\/pages"}],"about":[{"href":"https:\/\/www.sisinternational.com\/fr\/wp-json\/wp\/v2\/types\/page"}],"author":[{"embeddable":true,"href":"https:\/\/www.sisinternational.com\/fr\/wp-json\/wp\/v2\/users\/1"}],"replies":[{"embeddable":true,"href":"https:\/\/www.sisinternational.com\/fr\/wp-json\/wp\/v2\/comments?post=34845"}],"version-history":[{"count":4,"href":"https:\/\/www.sisinternational.com\/fr\/wp-json\/wp\/v2\/pages\/34845\/revisions"}],"predecessor-version":[{"id":81547,"href":"https:\/\/www.sisinternational.com\/fr\/wp-json\/wp\/v2\/pages\/34845\/revisions\/81547"}],"up":[{"embeddable":true,"href":"https:\/\/www.sisinternational.com\/fr\/wp-json\/wp\/v2\/pages\/14514"}],"wp:featuredmedia":[{"embeddable":true,"href":"https:\/\/www.sisinternational.com\/fr\/wp-json\/wp\/v2\/media\/63810"}],"wp:attachment":[{"href":"https:\/\/www.sisinternational.com\/fr\/wp-json\/wp\/v2\/media?parent=34845"}],"curies":[{"name":"wp","href":"https:\/\/api.w.org\/{rel}","templated":true}]}}