{"id":34802,"date":"2020-03-15T21:49:55","date_gmt":"2020-03-15T21:49:55","guid":{"rendered":"https:\/\/www.sisinternational.com\/?page_id=34802"},"modified":"2026-01-26T18:49:11","modified_gmt":"2026-01-26T23:49:11","slug":"etude-de-marche-kyc","status":"publish","type":"page","link":"https:\/\/www.sisinternational.com\/fr\/solutions\/recherche-de-conseil-en-strategie-fintech\/etude-de-marche-kyc\/","title":{"rendered":"\u00c9tude de march\u00e9 KYC"},"content":{"rendered":"<h1 class=\"wp-block-heading\">\u00c9tude de march\u00e9 KYC<\/h1>\n\n\n\n<figure class=\"gb-block-image gb-block-image-ff662de4\"><img loading=\"lazy\" decoding=\"async\" width=\"1456\" height=\"816\" class=\"gb-image gb-image-ff662de4\" src=\"https:\/\/www.sisinternational.com\/wp-content\/uploads\/2025\/08\/B2B-2-6.jpg\" alt=\"\u00c9tudes de march\u00e9 et strat\u00e9gie internationales SIS\" title=\"B2B 2 (6)\" srcset=\"https:\/\/www.sisinternational.com\/wp-content\/uploads\/2025\/08\/B2B-2-6.jpg 1456w, https:\/\/www.sisinternational.com\/wp-content\/uploads\/2025\/08\/B2B-2-6-300x168.jpg 300w, https:\/\/www.sisinternational.com\/wp-content\/uploads\/2025\/08\/B2B-2-6-1024x574.jpg 1024w, https:\/\/www.sisinternational.com\/wp-content\/uploads\/2025\/08\/B2B-2-6-768x430.jpg 768w, https:\/\/www.sisinternational.com\/wp-content\/uploads\/2025\/08\/B2B-2-6-18x10.jpg 18w\" sizes=\"auto, (max-width: 1456px) 100vw, 1456px\"><\/figure>\n\n\n\n<p><\/p>\n\n\n\n<hr class=\"wp-block-separator has-alpha-channel-opacity is-style-dots\"\/>\n\n\n\n<h2 class=\"wp-block-heading p2\"><span class=\"s1\">Conna\u00eetre votre client (KYC) est essentiel dans la lutte contre le blanchiment d\u2019argent.<\/span><\/h2>\n\n\n\n<p class=\"p2\"><span class=\"s1\">This mandatory process helps in the fight against financial crime. KYC is the process of confirming a customer&#8217;s identity when opening an account. Institutions also have to do it at intervals during the business relationship. Banks and other businesses must ensure that their clients are who they claim to be. A bank can decline to open an account if the customer fails to meet KYC requirements. Or, if there\u2019s already a business relationship, the bank may choose to end it.<\/span><\/p>\n\n\n\n<h2 class=\"wp-block-heading\"><strong>Qu\u2019est-ce que l\u2019\u00e9tude de march\u00e9 KYC et son r\u00f4le dans le paysage FinTech ?<\/strong><\/h2>\n\n\n\n<p><span style=\"font-weight: 400;\">L&#039;\u00e9tude de march\u00e9 KYC est un processus complet qui implique la collecte, l&#039;analyse et l&#039;utilisation d&#039;informations d\u00e9taill\u00e9es sur un client pour garantir que les services financiers sont propos\u00e9s de mani\u00e8re s\u00fbre, fiable et conforme. Ce processus n&#039;est pas seulement une formalit\u00e9 r\u00e9glementaire ; il s&#039;agit d&#039;un voyage approfondi pour comprendre les besoins, les comportements et les pr\u00e9f\u00e9rences du client.<\/span><\/p>\n\n\n\n<p><span style=\"font-weight: 400;\">Il agit comme une garantie de conformit\u00e9, garantissant que les entreprises FinTech op\u00e8rent dans les limites des cadres juridiques et r\u00e9glementaires. Cet aspect est crucial \u00e0 une \u00e9poque o\u00f9 la criminalit\u00e9 financi\u00e8re et la fraude sont sophistiqu\u00e9es et end\u00e9miques. De plus, les \u00e9tudes de march\u00e9 KYC sont un outil strat\u00e9gique pour la gestion des risques. En comprenant le profil du client, les soci\u00e9t\u00e9s FinTech peuvent adapter leurs mod\u00e8les d&#039;\u00e9valuation des risques avec plus de pr\u00e9cision, r\u00e9duisant ainsi la probabilit\u00e9 de probl\u00e8mes financiers.&nbsp;<\/span><\/p>\n\n\n\n<h2 class=\"wp-block-heading\">Pourquoi les entreprises ont besoin d\u2019une \u00e9tude de march\u00e9 KYC<\/h2>\n\n\n\n<figure class=\"gb-block-image gb-block-image-5f9bb00c\"><img loading=\"lazy\" decoding=\"async\" width=\"1456\" height=\"816\" class=\"gb-image gb-image-5f9bb00c\" src=\"https:\/\/www.sisinternational.com\/wp-content\/uploads\/2025\/08\/B2Bjpg-7.jpg\" alt=\"\u00c9tudes de march\u00e9 et strat\u00e9gie internationales SIS\" title=\"B2Bjpg (7)\" srcset=\"https:\/\/www.sisinternational.com\/wp-content\/uploads\/2025\/08\/B2Bjpg-7.jpg 1456w, https:\/\/www.sisinternational.com\/wp-content\/uploads\/2025\/08\/B2Bjpg-7-300x168.jpg 300w, https:\/\/www.sisinternational.com\/wp-content\/uploads\/2025\/08\/B2Bjpg-7-1024x574.jpg 1024w, https:\/\/www.sisinternational.com\/wp-content\/uploads\/2025\/08\/B2Bjpg-7-768x430.jpg 768w, https:\/\/www.sisinternational.com\/wp-content\/uploads\/2025\/08\/B2Bjpg-7-18x10.jpg 18w\" sizes=\"auto, (max-width: 1456px) 100vw, 1456px\"><\/figure>\n\n\n\n<p><\/p>\n\n\n\n<p><span style=\"font-weight: 400;\">Les \u00e9tudes de march\u00e9 KYC sont essentielles pour la conformit\u00e9 r\u00e9glementaire et la pr\u00e9vention de la fraude financi\u00e8re. Elles aident les entreprises \u00e0 rester du bon c\u00f4t\u00e9 de la loi. En examinant minutieusement leurs clients, les entreprises FinTech peuvent se prot\u00e9ger contre toute implication involontaire dans le blanchiment d&#039;argent, le financement du terrorisme ou d&#039;autres activit\u00e9s illicites.<\/span><\/p>\n\n\n\n<p><span style=\"font-weight: 400;\">However, KYC market research offers more than a shield against legal troubles. It&#8217;s a key ingredient in building and maintaining trust with clients. Through comprehensive KYC processes, businesses can assure their clients that their financial interests and personal data are safe, thus fostering a sense of security and reliability.<\/span><\/p>\n\n\n\n<p><span style=\"font-weight: 400;\">Cependant, il pr\u00e9sente de nombreux autres avantages pour les entreprises, notamment :<\/span><\/p>\n\n\n\n<p><b>\u2022 Conformit\u00e9 r\u00e9glementaire am\u00e9lior\u00e9e\u00a0:<\/b><span style=\"font-weight: 400;\"> One of the most immediate benefits of KYC market research is ensuring adherence to various regulatory and legal requirements. This research helps FinTech firms to identify their clients accurately, understand their financial dealings, and monitor ongoing activities, thus reducing the risk of regulatory penalties and reputational damage.<\/span><\/p>\n\n\n\n<p><b> \u2022 Gestion des risques am\u00e9lior\u00e9e\u00a0: <\/b><span style=\"font-weight: 400;\">KYC market research provides detailed insights into clients&#8217; financial behaviors and backgrounds. This information is crucial for assessing lending, investments, and other financial services risks.&nbsp;<\/span><\/p>\n\n\n\n<p><b> \u2022 Exp\u00e9rience client et fid\u00e9lisation am\u00e9lior\u00e9es\u00a0: <\/b><span style=\"font-weight: 400;\">Dans un secteur ax\u00e9 sur la confiance et la satisfaction des clients, les \u00e9tudes de march\u00e9 KYC permettent de personnaliser les services pour r\u00e9pondre aux besoins sp\u00e9cifiques de chaque client. En comprenant mieux leurs clients, les entreprises FinTech peuvent proposer des produits plus pertinents, adapter leur communication et am\u00e9liorer l&#039;exp\u00e9rience globale des clients, ce qui se traduit par des taux de r\u00e9tention plus \u00e9lev\u00e9s.<\/span><\/p>\n\n\n\n<p><b> \u2022 D\u00e9tection et pr\u00e9vention de la fraude\u00a0:<\/b><span style=\"font-weight: 400;\"> Gr\u00e2ce \u00e0 des pratiques KYC compl\u00e8tes, les entreprises FinTech peuvent r\u00e9duire consid\u00e9rablement le risque de fraude. Ces recherches permettent d&#039;identifier les mod\u00e8les et activit\u00e9s suspects, ce qui permet aux entreprises de prendre des mesures proactives pour pr\u00e9venir la fraude et prot\u00e9ger \u00e0 la fois l&#039;entreprise et ses clients contre les pertes financi\u00e8res.<\/span><\/p>\n\n\n\n<p><b> \u2022 Avantage comp\u00e9titif:<\/b><span style=\"font-weight: 400;\"> Dans un environnement FinTech hautement concurrentiel, disposer de processus KYC robustes peut constituer un facteur de diff\u00e9renciation. Ils renforcent la r\u00e9putation d&#039;une entreprise en mati\u00e8re de s\u00e9curit\u00e9 et de fiabilit\u00e9 et lui permettent de proposer des solutions personnalis\u00e9es qui r\u00e9pondent aux besoins sp\u00e9cifiques de sa client\u00e8le, la diff\u00e9renciant ainsi de ses concurrents.<\/span><\/p>\n\n\n\n<h2 class=\"wp-block-heading p3\"><span class=\"s1\">Qu\u2019est-ce que la conformit\u00e9 KYC ?<\/span><\/h2>\n\n\n\n<p class=\"p2\"><span class=\"s1\">KYC starts with user onboarding. The process ensures that a prospective client is not using a fake or stolen identity. Banks now have many tools to help in the verification process. Fraud detection is also paramount in the KYC compliance process. Banks also have to be vigilant when it comes to high-risk transactions. Compliance is about ensuring that all the regulatory requirements are in place. The main conditions are to verify customers, detect fraud, and manage high-risk operations.<\/span><\/p>\n\n\n\n<h2 class=\"wp-block-heading\">Qui utilise les \u00e9tudes de march\u00e9 KYC ?<\/h2>\n\n\n\n<p><span style=\"font-weight: 400;\">Avant tout, les institutions bancaires traditionnelles sont de grands utilisateurs des \u00e9tudes de march\u00e9 KYC. Cette recherche est cruciale pour que les banques maintiennent leur int\u00e9grit\u00e9, pr\u00e9viennent les d\u00e9lits financiers et offrent des services bancaires personnalis\u00e9s.<\/span><\/p>\n\n\n\n<p><span style=\"font-weight: 400;\">Next, online lenders and peer-to-peer lending platforms extensively use KYC market research. These platforms often lack physical customer interactions, so they rely on KYC to authenticate identities, assess creditworthiness, and manage risks. This is particularly important in an online environment where the potential for fraud and default can be higher.<\/span><\/p>\n\n\n\n<p><span style=\"font-weight: 400;\">Furthermore, payment processing companies and mobile wallet services employ KYC market research to verify customer identities and monitor transaction patterns. This is essential for security and a seamless and personalized user experience.<\/span><\/p>\n\n\n\n<p><span style=\"font-weight: 400;\">Les soci\u00e9t\u00e9s d\u2019investissement et les services de gestion de patrimoine adoptent de plus en plus les \u00e9tudes de march\u00e9 KYC. Dans un secteur o\u00f9 les conseils en investissement personnalis\u00e9s sont essentiels, il est essentiel de comprendre la situation financi\u00e8re du client, sa tol\u00e9rance au risque et ses objectifs d&#039;investissement. KYC aide ces entreprises \u00e0 adapter leurs services aux clients individuels, garantissant ainsi de meilleurs r\u00e9sultats d&#039;investissement et la satisfaction des clients.<\/span><\/p>\n\n\n\n<p><span style=\"font-weight: 400;\">Derni\u00e8rement, <a class=\"wpil_keyword_link\" href=\"https:\/\/www.sisinternational.com\/fr\/competence\/les-industries\/technologie-de-reglementation-regtech\/\"   title=\"RegTech \u2013 Technologie de r\u00e9glementation\" data-wpil-keyword-link=\"linked\"  data-wpil-monitor-id=\"755\">Technologie Reg<\/a> (Regulatory Technology) companies, which provide technological solutions to help financial institutions comply with regulations efficiently, also rely on KYC market research. These companies use the data from KYC processes to develop advanced solutions for fraud detection, compliance reporting, and risk management.<\/span><\/p>\n\n\n\n<h2 class=\"wp-block-heading p3\"><span class=\"s1\">Entreprises FinTech et KYC<\/span><\/h2>\n\n\n\n<figure class=\"gb-block-image gb-block-image-913b650e\"><img loading=\"lazy\" decoding=\"async\" width=\"1456\" height=\"816\" class=\"gb-image gb-image-913b650e\" src=\"https:\/\/www.sisinternational.com\/wp-content\/uploads\/2025\/08\/B2B-2-7.jpg\" alt=\"\u00c9tudes de march\u00e9 et strat\u00e9gie internationales SIS\" title=\"B2B 2 (7)\" srcset=\"https:\/\/www.sisinternational.com\/wp-content\/uploads\/2025\/08\/B2B-2-7.jpg 1456w, https:\/\/www.sisinternational.com\/wp-content\/uploads\/2025\/08\/B2B-2-7-300x168.jpg 300w, https:\/\/www.sisinternational.com\/wp-content\/uploads\/2025\/08\/B2B-2-7-1024x574.jpg 1024w, https:\/\/www.sisinternational.com\/wp-content\/uploads\/2025\/08\/B2B-2-7-768x430.jpg 768w, https:\/\/www.sisinternational.com\/wp-content\/uploads\/2025\/08\/B2B-2-7-18x10.jpg 18w\" sizes=\"auto, (max-width: 1456px) 100vw, 1456px\"><\/figure>\n\n\n\n<p><\/p>\n\n\n\n<p class=\"p2\"><span class=\"s1\">FinTech companies such as online trading firms enjoyed some leeway concerning KYC. These companies now have to meet the same standards as banks. Yet, KYC compliance can be expensive. It can impair a FinTech company&#8217;s budget and be devastating if the company is still at the fundraising stage or new to the market. On the plus side, FinTech companies provide fewer services than banks. Thus, they don\u2019t have to do as many compliance checks.<\/span><\/p>\n\n\n\n<h2 class=\"wp-block-heading p3\"><span class=\"s1\">Pourquoi la RegTech est-elle importante ?<\/span><\/h2>\n\n\n\n<p class=\"p2\"><span class=\"s1\">RegTech, or Regulatory Technology, is a field that aims to ease compliance processes. It centers on the automation and standardization of regulatory processes and provides high-quality technology at a low cost. RegTech arose out of the 2008 financial crisis. At that time, regulators issued penalties for non-compliance, exceeding US$200 billion. This forced banks and FinTech companies to invest more in risk management and revamp their compliance processes.<\/span><\/p>\n\n\n\n<h2 class=\"wp-block-heading p3\"><span class=\"s1\">Que sont AML et KYC dans le secteur bancaire ?<\/span><\/h2>\n\n\n\n<p class=\"p2\"><span class=\"s1\">AML signifie \u00ab\u00a0Anti-Money Laundering\u00a0\u00bb. Il fait r\u00e9f\u00e9rence aux actions entreprises pour pr\u00e9venir et lutter contre les infractions financi\u00e8res. Les institutions financi\u00e8res utilisent des politiques de lutte contre le blanchiment d&#039;argent pour lutter contre le financement du terrorisme et le blanchiment d&#039;argent. La pratique AML est plus large que le KYC. La politique AML d&#039;une institution fait partie de son programme de conformit\u00e9 plus \u00e9tendu. Ce programme doit respecter les exigences de ses r\u00e9glementations AML locales.<\/span><\/p>\n\n\n\n<h2 class=\"wp-block-heading p3\"><span class=\"s1\">Qu\u2019est-ce que la Blockchain KYC ?<\/span><\/h2>\n\n\n\n<p class=\"p2\"><span class=\"s1\">Most people associate Blockchain with digital currencies, yet it has many other uses. No authority controls the Blockchain, so it has no point of weakness. Banks and FinTech companies can use Blockchain to store customer ID details, enabling them to verify customers quickly and easily without further checks. It also allows the automation of AML risk ratings, thus limiting banks&#8217; risk exposure.<\/span><\/p>\n\n\n\n<h2 class=\"wp-block-heading p3\"><span class=\"s1\">KYC pour Bitcoin<\/span><\/h2>\n\n\n\n<p class=\"p2\"><span class=\"s1\">KYC is now mandatory for people wishing to use Bitcoin exchanges. The first step is to verify your phone number. The next step requires you to verify your identity by providing copies of your ID. The ID document types depend on how much you expect to trade through your exchange. More significant amounts need stricter verification and, thus, more sensitive personal information.<\/span><\/p>\n\n\n\n<h2 class=\"wp-block-heading\">Quand effectuer une \u00e9tude de march\u00e9 KYC<\/h2>\n\n\n\n<figure class=\"gb-block-image gb-block-image-02479cc2\"><img loading=\"lazy\" decoding=\"async\" width=\"1456\" height=\"816\" class=\"gb-image gb-image-02479cc2\" src=\"https:\/\/www.sisinternational.com\/wp-content\/uploads\/2025\/08\/B2B-2-1.jpg\" alt=\"\u00c9tudes de march\u00e9 et strat\u00e9gie internationales SIS\" title=\"B2B 2 (1)\" srcset=\"https:\/\/www.sisinternational.com\/wp-content\/uploads\/2025\/08\/B2B-2-1.jpg 1456w, https:\/\/www.sisinternational.com\/wp-content\/uploads\/2025\/08\/B2B-2-1-300x168.jpg 300w, https:\/\/www.sisinternational.com\/wp-content\/uploads\/2025\/08\/B2B-2-1-1024x574.jpg 1024w, https:\/\/www.sisinternational.com\/wp-content\/uploads\/2025\/08\/B2B-2-1-768x430.jpg 768w, https:\/\/www.sisinternational.com\/wp-content\/uploads\/2025\/08\/B2B-2-1-18x10.jpg 18w\" sizes=\"auto, (max-width: 1456px) 100vw, 1456px\"><\/figure>\n\n\n\n<p><\/p>\n\n\n\n<p><span style=\"font-weight: 400;\">Identifier le moment optimal pour mener une \u00e9tude de march\u00e9 KYC est crucial pour maximiser ses avantages et garantir une int\u00e9gration efficace dans les strat\u00e9gies commerciales.&nbsp;<\/span><\/p>\n\n\n\n<h3 class=\"wp-block-heading\"><b>Expansion sur de nouveaux march\u00e9s<\/b><\/h3>\n\n\n\n<p><span style=\"font-weight: 400;\">Expansion into new geographic or demographic markets requires a deep understanding of the local regulatory environment and customer expectations. KYC market research provides valuable insights into these aspects, helping businesses effectively tailor their offerings to meet local compliance standards and customer needs.<\/span><\/p>\n\n\n\n<h3 class=\"wp-block-heading\"><b>Am\u00e9liorer les strat\u00e9gies de gestion des risques<\/b><\/h3>\n\n\n\n<p><span style=\"font-weight: 400;\">Lorsqu&#039;une entreprise FinTech d\u00e9cide d&#039;am\u00e9liorer ses strat\u00e9gies de gestion des risques, l&#039;\u00e9tude de march\u00e9 KYC devient un outil essentiel. Cette \u00e9tude offre une compr\u00e9hension compl\u00e8te de la client\u00e8le. Elle permet aux entreprises d&#039;affiner leurs mod\u00e8les de risque et de prendre des d\u00e9cisions plus \u00e9clair\u00e9es sur les limites de cr\u00e9dit, les strat\u00e9gies d&#039;investissement et les m\u00e9canismes de pr\u00e9vention de la fraude.<\/span><\/p>\n\n\n\n<h3 class=\"wp-block-heading\"><b>Suite aux \u00e9volutions r\u00e9glementaires<\/b><\/h3>\n\n\n\n<p><span style=\"font-weight: 400;\">Les paysages r\u00e9glementaires sont dynamiques et chaque fois qu\u2019un changement significatif se produit dans la r\u00e9glementation financi\u00e8re, une \u00e9tude de march\u00e9 KYC doit \u00eatre men\u00e9e. Cela garantit que les pratiques de l&#039;entreprise sont \u00e0 jour avec les nouvelles exigences l\u00e9gales, minimisant ainsi le risque de non-conformit\u00e9 et les sanctions associ\u00e9es.<\/span><\/p>\n\n\n\n<h3 class=\"wp-block-heading\"><b>R\u00e9soudre les failles de s\u00e9curit\u00e9 ou les incidents de fraude<\/b><\/h3>\n\n\n\n<p><span style=\"font-weight: 400;\">Apr\u00e8s une faille de s\u00e9curit\u00e9 ou un incident de fraude, il est essentiel de revoir les \u00e9tudes de march\u00e9 KYC pour comprendre comment de tels incidents se sont produits et comment les pr\u00e9venir \u00e0 l&#039;avenir. Ces recherches permettent d&#039;identifier les failles dans les processus KYC existants et de d\u00e9velopper des syst\u00e8mes plus robustes pour se pr\u00e9munir contre les risques futurs.<\/span><\/p>\n\n\n\n<h2 class=\"wp-block-heading p3\"><span class=\"s1\">Pourquoi la conformit\u00e9 r\u00e9glementaire KYC est-elle si importante\u00a0?<\/span><\/h2>\n\n\n\n<p class=\"p4\"><span class=\"s1\">Identity theft, data breaches, terrorist financing are infinite possibilities for criminals. Fraudulent entities&#8217; returns are always high, though their risks can appear low.<\/span><\/p>\n\n\n\n<p class=\"p4\"><span class=\"s1\">KYC is not only about customer screening. Verifying a company\u2019s vendors is also necessary. Not doing so can cause businesses heavy reputational and monetary losses.<\/span><\/p>\n\n\n\n<h2 class=\"wp-block-heading\">\u00c0 quoi s\u2019attendre des \u00e9tudes de march\u00e9 KYC<\/h2>\n\n\n\n<figure class=\"gb-block-image gb-block-image-2f0d4e94\"><img loading=\"lazy\" decoding=\"async\" width=\"1456\" height=\"816\" class=\"gb-image gb-image-2f0d4e94\" src=\"https:\/\/www.sisinternational.com\/wp-content\/uploads\/2025\/08\/B2Bjpg-2.jpg\" alt=\"\u00c9tudes de march\u00e9 et strat\u00e9gie internationales SIS\" title=\"B2Bjpg (2)\" srcset=\"https:\/\/www.sisinternational.com\/wp-content\/uploads\/2025\/08\/B2Bjpg-2.jpg 1456w, https:\/\/www.sisinternational.com\/wp-content\/uploads\/2025\/08\/B2Bjpg-2-300x168.jpg 300w, https:\/\/www.sisinternational.com\/wp-content\/uploads\/2025\/08\/B2Bjpg-2-1024x574.jpg 1024w, https:\/\/www.sisinternational.com\/wp-content\/uploads\/2025\/08\/B2Bjpg-2-768x430.jpg 768w, https:\/\/www.sisinternational.com\/wp-content\/uploads\/2025\/08\/B2Bjpg-2-18x10.jpg 18w\" sizes=\"auto, (max-width: 1456px) 100vw, 1456px\"><\/figure>\n\n\n\n<p><\/p>\n\n\n\n<p><b> - <\/b><b>Profils de clients d\u00e9taill\u00e9s\u00a0:<\/b><span style=\"font-weight: 400;\"> L\u2019un des principaux r\u00e9sultats des \u00e9tudes de march\u00e9 KYC est la cr\u00e9ation de profils clients d\u00e9taill\u00e9s. Ces profils englobent une gamme de donn\u00e9es, notamment l&#039;identification personnelle, les ant\u00e9c\u00e9dents financiers, la tol\u00e9rance au risque et les comportements transactionnels.<\/span><\/p>\n\n\n\n<p><b> - <\/b><b>Posture de conformit\u00e9 am\u00e9lior\u00e9e\u00a0: <\/b><span style=\"font-weight: 400;\">Les \u00e9tudes de march\u00e9 KYC renforcent consid\u00e9rablement la conformit\u00e9 d&#039;une entreprise aux normes r\u00e9glementaires. Cette recherche fournit le cadre et les donn\u00e9es n\u00e9cessaires pour r\u00e9pondre aux exigences l\u00e9gales, r\u00e9duisant ainsi le risque de sanctions et am\u00e9liorant la r\u00e9putation de l&#039;entreprise en mati\u00e8re de respect de la r\u00e9glementation.<\/span><\/p>\n\n\n\n<p><b> - <\/b><b>Am\u00e9lioration de l\u2019\u00e9valuation et de la gestion des risques\u00a0:<\/b><span style=\"font-weight: 400;\"> FinTech firms can improve their risk assessment models with the data obtained from <a href=\"https:\/\/www.sisinternational.com\/fr\/competence\/les-industries\/etude-de-marche-en-quincaillerie\/\" title=\"\u00c9tude de march\u00e9 sur les quincailleries et la r\u00e9novation domiciliaire\"  data-wpil-monitor-id=\"7059\">KYC market research<\/a>. This leads to a more accurate identification of potential risks, allowing for the implementation of targeted risk management strategies.<\/span><\/p>\n\n\n\n<p><b> - <\/b><b>Offres de produits et de services sur mesure\u00a0: <\/b><span style=\"font-weight: 400;\">Les informations tir\u00e9es des \u00e9tudes de march\u00e9 KYC permettent aux entreprises d&#039;adapter leurs produits et services pour r\u00e9pondre aux besoins sp\u00e9cifiques de leur client\u00e8le. Cette personnalisation peut conduire \u00e0 une satisfaction et une fid\u00e9lit\u00e9 accrues des clients.<\/span><\/p>\n\n\n\n<p><b>- <\/b><b>D\u00e9tection et pr\u00e9vention de la fraude\u00a0: <\/b>Une attente essentielle des \u00e9tudes de march\u00e9 KYC est son r\u00f4le dans la d\u00e9tection et la pr\u00e9vention des fraudes. En comprenant les comportements typiques des clients et les mod\u00e8les de transactions, les soci\u00e9t\u00e9s FinTech peuvent plus facilement identifier et enqu\u00eater sur les anomalies pouvant indiquer des activit\u00e9s frauduleuses.<\/p>\n\n\n\n<h2 class=\"wp-block-heading\">Notre emplacement \u00e0 New York<\/h2>\n\n\n\n<p>  <iframe loading=\"lazy\" src=\"https:\/\/www.google.com\/maps\/embed?pb=!1m18!1m12!1m3!1d3022.976188376966!2d-73.99130312499956!3d40.740549471389315!2m3!1f0!2f0!3f0!3m2!1i1024!2i768!4f13.1!3m3!1m2!1s0x89c259a15798c731%3A0xd695d09bdd495f25!2s11%20E%2022nd%20St%20FL%202%2C%20New%20York%2C%20NY%2010010%2C%20USA!5e0!3m2!1sen!2spe!4v1726171763526!5m2!1sen!2spe\" width=\"600\" height=\"450\" allowfullscreen=\"allowfullscreen\" data-mce-fragment=\"1\"><\/iframe>  <\/p>\n\n\n\n<h3 class=\"wp-block-heading\">11 E 22nd Street, \u00e9tage 2, New York, NY 10010 T\u00e9l. : +1(212) 505-6805<\/h3>\n\n\n\n<hr class=\"wp-block-separator has-alpha-channel-opacity\"\/>\n\n\n\n<h2 class=\"wp-block-heading\"><span style=\"font-weight: 400;\">\u00c0 propos de SIS International<\/span><\/h2>\n\n\n\n<p><a href=\"https:\/\/www.sisinternational.com\/fr\/\"><span style=\"font-weight: 400;\">SIS International<\/span><\/a><span style=\"font-weight: 400;\"> propose des recherches quantitatives, qualitatives et strat\u00e9giques. Nous fournissons des donn\u00e9es, des outils, des strat\u00e9gies, des rapports et des informations pour la prise de d\u00e9cision. Nous menons \u00e9galement des entretiens, des enqu\u00eates, des groupes de discussion et d\u2019autres m\u00e9thodes et approches d\u2019\u00e9tudes de march\u00e9.<\/span><a href=\"https:\/\/www.sisinternational.com\/fr\/a-propos-de-la-recherche-internationale-sis\/contact-sis-international-market-research\/\"><span style=\"font-weight: 400;\"> Contactez nous<\/span><\/a><span style=\"font-weight: 400;\"> pour votre prochain projet d&#039;\u00e9tude de march\u00e9.<\/span><\/p>\n\n\n\n<p><\/p>","protected":false},"excerpt":{"rendered":"<p>D\u00e9couvrez de nouvelles fa\u00e7ons de g\u00e9n\u00e9rer des b\u00e9n\u00e9fices et de cr\u00e9er un avantage commercial.<\/p>","protected":false},"author":1,"featured_media":62377,"parent":27462,"menu_order":34,"comment_status":"closed","ping_status":"closed","template":"","meta":{"footnotes":""},"class_list":["post-34802","page","type-page","status-publish","has-post-thumbnail"],"_links":{"self":[{"href":"https:\/\/www.sisinternational.com\/fr\/wp-json\/wp\/v2\/pages\/34802","targetHints":{"allow":["GET"]}}],"collection":[{"href":"https:\/\/www.sisinternational.com\/fr\/wp-json\/wp\/v2\/pages"}],"about":[{"href":"https:\/\/www.sisinternational.com\/fr\/wp-json\/wp\/v2\/types\/page"}],"author":[{"embeddable":true,"href":"https:\/\/www.sisinternational.com\/fr\/wp-json\/wp\/v2\/users\/1"}],"replies":[{"embeddable":true,"href":"https:\/\/www.sisinternational.com\/fr\/wp-json\/wp\/v2\/comments?post=34802"}],"version-history":[{"count":11,"href":"https:\/\/www.sisinternational.com\/fr\/wp-json\/wp\/v2\/pages\/34802\/revisions"}],"predecessor-version":[{"id":80623,"href":"https:\/\/www.sisinternational.com\/fr\/wp-json\/wp\/v2\/pages\/34802\/revisions\/80623"}],"up":[{"embeddable":true,"href":"https:\/\/www.sisinternational.com\/fr\/wp-json\/wp\/v2\/pages\/27462"}],"wp:featuredmedia":[{"embeddable":true,"href":"https:\/\/www.sisinternational.com\/fr\/wp-json\/wp\/v2\/media\/62377"}],"wp:attachment":[{"href":"https:\/\/www.sisinternational.com\/fr\/wp-json\/wp\/v2\/media?parent=34802"}],"curies":[{"name":"wp","href":"https:\/\/api.w.org\/{rel}","templated":true}]}}