{"id":34686,"date":"2020-02-29T04:57:31","date_gmt":"2020-02-29T04:57:31","guid":{"rendered":"https:\/\/www.sisinternational.com\/?page_id=34686"},"modified":"2026-01-25T19:37:11","modified_gmt":"2026-01-26T00:37:11","slug":"etude-de-marche-sur-le-financement-de-la-chaine-dapprovisionnement","status":"publish","type":"page","link":"https:\/\/www.sisinternational.com\/fr\/solutions\/recherche-de-conseil-en-strategie-fintech\/etude-de-marche-sur-le-financement-de-la-chaine-dapprovisionnement\/","title":{"rendered":"\u00c9tude de march\u00e9 sur le financement de la cha\u00eene d\u2019approvisionnement"},"content":{"rendered":"<h1 class=\"wp-block-heading\">\u00c9tude de march\u00e9 sur le financement de la cha\u00eene d\u2019approvisionnement<\/h1>\n\n\n\n<figure class=\"gb-block-image gb-block-image-737a1663\"><img loading=\"lazy\" decoding=\"async\" width=\"1456\" height=\"816\" class=\"gb-image gb-image-737a1663\" src=\"https:\/\/www.sisinternational.com\/wp-content\/uploads\/2025\/08\/Finance-9.jpg\" alt=\"\u00c9tudes de march\u00e9 et strat\u00e9gie internationales SIS\" title=\"Finance (9)\" srcset=\"https:\/\/www.sisinternational.com\/wp-content\/uploads\/2025\/08\/Finance-9.jpg 1456w, https:\/\/www.sisinternational.com\/wp-content\/uploads\/2025\/08\/Finance-9-300x168.jpg 300w, https:\/\/www.sisinternational.com\/wp-content\/uploads\/2025\/08\/Finance-9-1024x574.jpg 1024w, https:\/\/www.sisinternational.com\/wp-content\/uploads\/2025\/08\/Finance-9-768x430.jpg 768w, https:\/\/www.sisinternational.com\/wp-content\/uploads\/2025\/08\/Finance-9-18x10.jpg 18w\" sizes=\"auto, (max-width: 1456px) 100vw, 1456px\"><\/figure>\n\n\n\n<p><\/p>\n\n\n\n<hr class=\"wp-block-separator has-alpha-channel-opacity is-style-dots\"\/>\n\n\n\n<p><span style=\"font-weight: 400;\">In today&#8217;s interconnected world, with supply chains stretching across continents and encompassing a multitude of stakeholders, the need for robust financial strategies is more pronounced. Consequently, supply chain finance market research emerges as a critical tool for understanding the mechanisms, opportunities, and challenges inherent in optimizing the financial aspects of the supply chain.<\/span><\/p>\n\n\n\n<h2 class=\"wp-block-heading\"><strong>Comprendre les \u00e9tudes de march\u00e9 sur le financement de la cha\u00eene d\u2019approvisionnement<\/strong><\/h2>\n\n\n\n<p><span style=\"font-weight: 400;\">Supply chain <a href=\"https:\/\/sisaisolutions.com\/application-of-ai-in-financial-services\/\" target=\"_blank\" rel=\"noopener\">finance market research analyzes<\/a> data related to the financial aspects of supply chains, from suppliers&#8217; creditworthiness to payment mechanisms&#8217; efficiency. It offers businesses valuable insights into enhancing their working capital and strengthening their supply chain operations.<\/span><\/p>\n\n\n\n<p><span style=\"font-weight: 400;\">At its core, supply chain <a href=\"https:\/\/www.sisinternational.com\/fr\/solutions\/recherche-de-conseil-en-strategie-fintech\/etude-de-marche-dun-conseiller-financier-independant\/\" title=\"\u00c9tude de march\u00e9 sur les conseillers financiers ind\u00e9pendants\" data-wpil-monitor-id=\"6031\">finance market research<\/a> seeks to understand the financial relationships and dependencies between the different entities in a supply chain. It examines how funds flow between suppliers, manufacturers, distributors, and retailers, identifying areas where financial processes can be optimized to benefit all parties involved.&nbsp;<\/span><\/p>\n\n\n\n<h2 class=\"wp-block-heading\"><strong>Importance de l\u2019\u00e9tude de march\u00e9 sur le financement de la cha\u00eene d\u2019approvisionnement<\/strong><\/h2>\n\n\n\n<p><span style=\"font-weight: 400;\"><a href=\"https:\/\/www.sisinternational.com\/fr\/solutions\/conseil-en-strategie\/etude-de-marche-sur-la-chaine-dapprovisionnement\/\" title=\"\u00c9tude de march\u00e9 sur la cha\u00eene d\u2019approvisionnement\" data-wpil-monitor-id=\"6541\">Supply chain finance market research<\/a> empowers companies to mitigate risks associated with supplier insolvency or liquidity constraints. It protects the company&#8217;s interests and ensures the resilience of the entire supply chain.<\/span><\/p>\n\n\n\n<p><span style=\"font-weight: 400;\">Moreover, supply chain finance market research identifies cost-saving opportunities. Businesses can optimize their working capital management by analyzing payment terms, financing options, and cash flow strategies. <\/span><span style=\"font-weight: 400;\">Outre la gestion des risques et la r\u00e9duction des co\u00fbts, les \u00e9tudes de march\u00e9 sur le financement de la cha\u00eene d\u2019approvisionnement favorisent l\u2019innovation au sein des op\u00e9rations financi\u00e8res. \u00c0 mesure que de nouvelles technologies et instruments financiers \u00e9mergent, la recherche aide les entreprises \u00e0 s&#039;adapter et \u00e0 adopter ces avanc\u00e9es, restant ainsi comp\u00e9titives sur un march\u00e9 en constante \u00e9volution.<\/span><\/p>\n\n\n\n<h2 class=\"wp-block-heading\"><strong>Quels sont les avantages de l\u2019\u00e9tude de march\u00e9 sur le financement de la cha\u00eene d\u2019approvisionnement ?<\/strong><\/h2>\n\n\n\n<figure class=\"gb-block-image gb-block-image-17eefa34\"><img loading=\"lazy\" decoding=\"async\" width=\"1456\" height=\"816\" class=\"gb-image gb-image-17eefa34\" src=\"https:\/\/www.sisinternational.com\/wp-content\/uploads\/2025\/08\/Finance-13.jpg\" alt=\"\u00c9tudes de march\u00e9 et strat\u00e9gie internationales SIS\" title=\"Finance (13)\" srcset=\"https:\/\/www.sisinternational.com\/wp-content\/uploads\/2025\/08\/Finance-13.jpg 1456w, https:\/\/www.sisinternational.com\/wp-content\/uploads\/2025\/08\/Finance-13-300x168.jpg 300w, https:\/\/www.sisinternational.com\/wp-content\/uploads\/2025\/08\/Finance-13-1024x574.jpg 1024w, https:\/\/www.sisinternational.com\/wp-content\/uploads\/2025\/08\/Finance-13-768x430.jpg 768w, https:\/\/www.sisinternational.com\/wp-content\/uploads\/2025\/08\/Finance-13-18x10.jpg 18w\" sizes=\"auto, (max-width: 1456px) 100vw, 1456px\"><\/figure>\n\n\n\n<p><\/p>\n\n\n\n<p><span style=\"font-weight: 400;\">Businesses that invest time and resources into this type of research can expect various advantages that improve their financial standing and enhance their strategic positioning.<\/span><\/p>\n\n\n\n<p><b> \u2022 Prise de d\u00e9cision am\u00e9lior\u00e9e\u00a0: <\/b><span style=\"font-weight: 400;\">Supply chain finance market research equips decision-makers with data-driven insights, enabling them to craft strategies aligning with financial and operational goals.&nbsp;<\/span><\/p>\n\n\n\n<p><b> \u2022 Efficacit\u00e9 op\u00e9rationnelle accrue\u00a0: <\/b><span style=\"font-weight: 400;\">La recherche fournit un aper\u00e7u des pratiques et outils financiers les plus efficaces, aidant les entreprises \u00e0 rationaliser les processus tels que la facturation, les paiements et la gestion des flux de tr\u00e9sorerie.<\/span><\/p>\n\n\n\n<p><b> \u2022 Att\u00e9nuation des risques: <\/b><span style=\"font-weight: 400;\">Companies can proactively protect themselves against credit risk, currency fluctuations, and market volatility, thereby securing their supply chains against unforeseen events.<\/span><\/p>\n\n\n\n<p><b> \u2022 Relations strat\u00e9giques avec les fournisseurs\u00a0: <\/b>Supply chain finance <a href=\"https:\/\/www.sisinternational.com\/fr\/competence\/les-industries\/etude-de-marche-sur-la-diversite-des-fournisseurs\/\" title=\"\u00c9tude de march\u00e9 sur la diversit\u00e9 des fournisseurs\" data-wpil-monitor-id=\"5811\">market research helps businesses understand their suppliers<\/a>&#8216; financial stability and performance. With this knowledge, companies can develop mutually beneficial financing arrangements such as dynamic discounting or reverse factoring, which can strengthen supplier relationships and ensure continuity of supply.<\/span><\/p>\n\n\n\n<p><b> \u2022 Avantage comp\u00e9titif: <\/b>Companies that leverage <a href=\"https:\/\/www.sisinternational.com\/fr\/livre-blanc-qui-vient-en-premier-demande-ou-offre\/\" title=\"Livre blanc\u00a0:\u00a0Qu&#039;est-ce qui vient en premier\u00a0: la demande ou l&#039;offre\u00a0?\" data-wpil-monitor-id=\"4787\">supply chain finance<\/a> effectively can respond more quickly to market demands, invest in growth opportunities, and ultimately deliver greater value to their customers.<\/span><\/p>\n\n\n\n<h2 class=\"wp-block-heading\"><strong>Qui utilise les \u00e9tudes de march\u00e9 sur le financement de la cha\u00eene d\u2019approvisionnement<\/strong><\/h2>\n\n\n\n<p><span style=\"font-weight: 400;\">Principalement, <\/span><b>directeurs financiers (CFO)<\/b><span style=\"font-weight: 400;\"> et <\/span><b>services de tr\u00e9sorerie<\/b><span style=\"font-weight: 400;\"> utiliser les \u00e9tudes de march\u00e9 sur le financement de la cha\u00eene d\u2019approvisionnement pour garantir la liquidit\u00e9 et g\u00e9rer plus efficacement le fonds de roulement. Les enseignements de cette recherche leur permettent d\u2019\u00e9laborer des strat\u00e9gies nuanc\u00e9es qui \u00e9quilibrent les risques et les r\u00e9compenses dans le domaine du financement de la cha\u00eene d\u2019approvisionnement.<\/span><\/p>\n\n\n\n<p><span style=\"font-weight: 400;\">Pour <\/span><b>unit\u00e9s de vente et de d\u00e9veloppement des affaires<\/b><span style=\"font-weight: 400;\">, supply chain finance market research provides intelligence supporting customer payment terms negotiation.&nbsp;<\/span><\/p>\n\n\n\n<p><b>Fabricants et distributeurs<\/b><span style=\"font-weight: 400;\"> use <a href=\"https:\/\/www.sisinternational.com\/fr\/solutions\/etude-de-marche-manufacturiere\/\" title=\"\u00c9tude du march\u00e9 de la fabrication\" data-wpil-monitor-id=\"5520\">\u00e9tude de march\u00e9 sur le financement de la cha\u00eene d&#039;approvisionnement<\/a> to identify opportunities for improving cash-to-cash cycle times. By doing so, they can free up cash trapped in the supply chain, enabling reinvestment in growth initiatives or new product development.<\/span><\/p>\n\n\n\n<p><b>Institutions financi\u00e8res et soci\u00e9t\u00e9s de technologie financi\u00e8re<\/b><span style=\"font-weight: 400;\"> are also key supply chain finance market research users. They leverage the insights to design tailored financial products that address the specific needs of businesses seeking to enhance their supply chain operations.<\/span><\/p>\n\n\n\n<p><span style=\"font-weight: 400;\">Derni\u00e8rement, <a href=\"https:\/\/www.sisinternational.com\/fr\/solutions\/ai-etudes-de-marche-et-conseil-en-strategie\/conseil-en-automatisation-de-lia-de-la-chaine-dapprovisionnement\/\" title=\"Conseil en automatisation de l\u2019IA de la cha\u00eene d\u2019approvisionnement\" data-wpil-monitor-id=\"4410\">consultants and advisory firms integrate supply chain<\/a> finance market research into their services, providing clients with strategic advice on managing and improving their financial supply chain processes.<\/span><\/p>\n\n\n\n<h2 class=\"wp-block-heading\"><strong>Quand r\u00e9aliser une \u00e9tude de march\u00e9 sur le financement de la cha\u00eene d\u2019approvisionnement<\/strong><\/h2>\n\n\n\n<figure class=\"gb-block-image gb-block-image-50c3d896\"><img loading=\"lazy\" decoding=\"async\" width=\"1456\" height=\"816\" class=\"gb-image gb-image-50c3d896\" src=\"https:\/\/www.sisinternational.com\/wp-content\/uploads\/2025\/08\/Finance-18.jpg\" alt=\"\u00c9tudes de march\u00e9 et strat\u00e9gie internationales SIS\" title=\"Finance (18)\" srcset=\"https:\/\/www.sisinternational.com\/wp-content\/uploads\/2025\/08\/Finance-18.jpg 1456w, https:\/\/www.sisinternational.com\/wp-content\/uploads\/2025\/08\/Finance-18-300x168.jpg 300w, https:\/\/www.sisinternational.com\/wp-content\/uploads\/2025\/08\/Finance-18-1024x574.jpg 1024w, https:\/\/www.sisinternational.com\/wp-content\/uploads\/2025\/08\/Finance-18-768x430.jpg 768w, https:\/\/www.sisinternational.com\/wp-content\/uploads\/2025\/08\/Finance-18-18x10.jpg 18w\" sizes=\"auto, (max-width: 1456px) 100vw, 1456px\"><\/figure>\n\n\n\n<p><\/p>\n\n\n\n<p><span style=\"font-weight: 400;\">Avant d\u2019aborder les cas sp\u00e9cifiques qui n\u00e9cessitent une \u00e9tude de march\u00e9 sur le financement de la cha\u00eene d\u2019approvisionnement, il est essentiel de reconna\u00eetre qu\u2019une telle recherche n\u2019est pas un projet ponctuel. Il s\u2019agit plut\u00f4t d\u2019un processus continu qui soutient la prise de d\u00e9cision strat\u00e9gique et la gestion des risques en cours.<\/span><\/p>\n\n\n\n<p><b>Pendant la planification strat\u00e9gique<\/b><\/p>\n\n\n\n<p><span style=\"font-weight: 400;\">When companies embark on strategic planning, supply chain finance market research provides the financial insights needed to support long-term goals.&nbsp;<\/span><\/p>\n\n\n\n<p><b>En r\u00e9ponse aux changements du march\u00e9<\/b><\/p>\n\n\n\n<p><span style=\"font-weight: 400;\">La dynamique du march\u00e9 (telle que les fluctuations des prix des mati\u00e8res premi\u00e8res, des taux de change ou des taux d&#039;int\u00e9r\u00eat) peut avoir un impact significatif sur les co\u00fbts et les risques associ\u00e9s au financement de la cha\u00eene d&#039;approvisionnement. R\u00e9aliser des \u00e9tudes de march\u00e9 \u00e0 la suite de tels changements peut aider les entreprises \u00e0 adapter leurs strat\u00e9gies de financement en cons\u00e9quence.<\/span><\/p>\n\n\n\n<p><b>Suite aux changements r\u00e9glementaires<\/b><\/p>\n\n\n\n<p><span style=\"font-weight: 400;\">Regulatory changes can profoundly affect supply chain finance. Businesses must undertake market research to comprehend new compliance requirements and adjust their financial strategies to maintain legal and competitive standing.<\/span><\/p>\n\n\n\n<p><b>Au milieu des progr\u00e8s technologiques<\/b><\/p>\n\n\n\n<p><span style=\"font-weight: 400;\">As new technologies emerge, they change how supply chain finance can be managed. Research into these advancements enables companies to stay at the forefront of innovation and incorporate these technologies into their financial operations.<\/span><\/p>\n\n\n\n<h2 class=\"wp-block-heading\"><strong>\u00c0 quoi s\u2019attendre des \u00e9tudes de march\u00e9 sur le financement de la cha\u00eene d\u2019approvisionnement<\/strong><\/h2>\n\n\n\n<p><span style=\"font-weight: 400;\">When undertaking supply chain finance market research, businesses can anticipate various outcomes and deliverables that will aid in enhancing their supply chain strategies. Here&#8217;s what to expect:<\/span><\/p>\n\n\n\n<p><b> \u2022 Analyse d\u00e9taill\u00e9e de l&#039;industrie\u00a0: <\/b><span style=\"font-weight: 400;\">Supply chain finance market research provides a comprehensive analysis of the industry, including current trends, challenges, and opportunities within supply chain finance.&nbsp;<\/span><\/p>\n\n\n\n<p><b> \u2022 Analyse comparative financi\u00e8re\u00a0: <\/b><span style=\"font-weight: 400;\">The research offers benchmarking data against which companies can measure their performance. T<\/span><\/p>\n\n\n\n<p><b> \u2022 Informations sur la conformit\u00e9 r\u00e9glementaire\u00a0: <\/b><span style=\"font-weight: 400;\">Supply chain finance market research informs businesses about current and upcoming regulatory changes that could affect their operations.&nbsp;<\/span><\/p>\n\n\n\n<p><b> \u2022 Solutions de financement et innovations\u00a0: <\/b><span style=\"font-weight: 400;\">Research can uncover new and innovative financing solutions that may benefit the company.&nbsp;<\/span><\/p>\n\n\n\n<h2 class=\"wp-block-heading p3\"><span class=\"s1\">La blockchain, l\u2019apprentissage automatique et l\u2019IA ont \u00e9galement r\u00e9volutionn\u00e9 le march\u00e9 mondial de la cha\u00eene d\u2019approvisionnement.<\/span><\/h2>\n\n\n\n<figure class=\"gb-block-image gb-block-image-bdf52c29\"><img loading=\"lazy\" decoding=\"async\" width=\"1456\" height=\"816\" class=\"gb-image gb-image-bdf52c29\" src=\"https:\/\/www.sisinternational.com\/wp-content\/uploads\/2025\/08\/Fintech-14.jpg\" alt=\"\u00c9tudes de march\u00e9 et strat\u00e9gie internationales SIS\" title=\"Fintech (14)\" srcset=\"https:\/\/www.sisinternational.com\/wp-content\/uploads\/2025\/08\/Fintech-14.jpg 1456w, https:\/\/www.sisinternational.com\/wp-content\/uploads\/2025\/08\/Fintech-14-300x168.jpg 300w, https:\/\/www.sisinternational.com\/wp-content\/uploads\/2025\/08\/Fintech-14-1024x574.jpg 1024w, https:\/\/www.sisinternational.com\/wp-content\/uploads\/2025\/08\/Fintech-14-768x430.jpg 768w, https:\/\/www.sisinternational.com\/wp-content\/uploads\/2025\/08\/Fintech-14-18x10.jpg 18w\" sizes=\"auto, (max-width: 1456px) 100vw, 1456px\"><\/figure>\n\n\n\n<p><\/p>\n\n\n\n<p class=\"p3\"><span class=\"s1\">La croissance de certaines petites et moyennes entreprises (PME) joue \u00e9galement un r\u00f4le. <\/span><\/p>\n\n\n\n<p class=\"p3\"><span class=\"s1\">The banking sector has become a key global supply chain finance market player. The increased demand for payables has also become a significant trend, driving the market&#8217;s growth. Emerging markets have also made companies look for solutions. They are seeking more cash and assets offered by supply chain finance markets.<\/span><\/p>\n\n\n\n<h2 class=\"wp-block-heading p5\"><span class=\"s1\">Les d\u00e9fis auxquels est confront\u00e9 le march\u00e9 du financement de la cha\u00eene d\u2019approvisionnement<\/span><\/h2>\n\n\n\n<p class=\"p3\"><span class=\"s1\">Les principaux d\u00e9fis auxquels est confront\u00e9 le march\u00e9 mondial du financement de la cha\u00eene d\u2019approvisionnement sont\u00a0:<\/span><\/p>\n\n\n\n<ul class=\"wp-block-list\">\n<li><span class=\"s1\">Concurrence entre les nouveaux bailleurs de fonds et les banques<\/span><\/li>\n\n\n\n<li><span class=\"s1\">Les taux d&#039;int\u00e9r\u00eat des fournisseurs<\/span><\/li>\n\n\n\n<li><span class=\"s1\">Manque d&#039;inventaire suffisant <\/span><\/li>\n\n\n\n<li><span class=\"s1\">Des objectifs diff\u00e9rents pour les acheteurs et les vendeurs<\/span><\/li>\n\n\n\n<li><span class=\"s1\">D\u00e9pendance excessive aux syst\u00e8mes technologiques et aux r\u00e9seaux de neurones. <\/span><\/li>\n<\/ul>\n\n\n\n<h2 class=\"wp-block-heading p5\"><span class=\"s1\">L\u2019avenir du march\u00e9 du financement de la cha\u00eene d\u2019approvisionnement<\/span><\/h2>\n\n\n\n<p class=\"p3\"><span class=\"s1\">Les experts s&#039;attendent \u00e0 une croissance du march\u00e9. Cette croissance est due \u00e0 l&#039;impact des nouveaux march\u00e9s \u00e9mergents et des nouveaux fournisseurs de financement. Le march\u00e9 mondial est \u00e9galement devenu transparent et plus ouvert \u00e0 de nouveaux acteurs, m\u00eame de plus petite taille. <\/span><\/p>\n\n\n\n<p class=\"p3\"><span class=\"s1\">Finally, AI will impact the supply chain finance market. Machine Learning and Blockchain will also be significant factors. <\/span><\/p>\n\n\n\n<p class=\"p3\"><span class=\"s1\">Supply Chain Finance allows a small supplier to access affordable financing. It also decreases the time taken to collect payment. Thus, it improves the company\u2019s cash flow, which it can use for something else. It removes outstanding debts owed to a company from its balance sheets. It also allows another party to assume payment risk on its behalf.<\/span><\/p>\n\n\n\n<h2 class=\"wp-block-heading\">Notre emplacement \u00e0 New York<\/h2>\n\n\n\n<p>\n\n\n\n<iframe loading=\"lazy\" src=\"https:\/\/www.google.com\/maps\/embed?pb=!1m18!1m12!1m3!1d3022.976188376966!2d-73.99130312499956!3d40.740549471389315!2m3!1f0!2f0!3f0!3m2!1i1024!2i768!4f13.1!3m3!1m2!1s0x89c259a15798c731%3A0xd695d09bdd495f25!2s11%20E%2022nd%20St%20FL%202%2C%20New%20York%2C%20NY%2010010%2C%20USA!5e0!3m2!1sen!2spe!4v1726171763526!5m2!1sen!2spe\" width=\"600\" height=\"450\" allowfullscreen=\"allowfullscreen\" data-mce-fragment=\"1\"><\/iframe>\n\n\n\n<\/p>\n\n\n\n<h3 class=\"wp-block-heading\">11 E 22nd Street, \u00e9tage 2, New York, NY 10010 T\u00e9l. : +1(212) 505-6805<\/h3>\n\n\n\n<hr class=\"wp-block-separator has-alpha-channel-opacity\"\/>\n\n\n\n<h2 class=\"wp-block-heading\"><span style=\"font-weight: 400;\">\u00c0 propos de SIS International<\/span><\/h2>\n\n\n\n<p><a href=\"https:\/\/www.sisinternational.com\/fr\/\"><span style=\"font-weight: 400;\">SIS International<\/span><\/a><span style=\"font-weight: 400;\"> propose des recherches quantitatives, qualitatives et strat\u00e9giques. Nous fournissons des donn\u00e9es, des outils, des strat\u00e9gies, des rapports et des informations pour la prise de d\u00e9cision. Nous menons \u00e9galement des entretiens, des enqu\u00eates, des groupes de discussion et d\u2019autres m\u00e9thodes et approches d\u2019\u00e9tudes de march\u00e9.<\/span><a href=\"https:\/\/www.sisinternational.com\/fr\/a-propos-de-la-recherche-internationale-sis\/contact-sis-international-market-research\/\"><span style=\"font-weight: 400;\"> Contactez nous<\/span><\/a><span style=\"font-weight: 400;\"> pour votre prochain projet d&#039;\u00e9tude de march\u00e9.<\/span><\/p>\n\n\n\n<p><\/p>","protected":false},"excerpt":{"rendered":"<p>Nous fournissons des \u00e9tudes de march\u00e9 et des conseils en mati\u00e8re de financement de la cha\u00eene d\u2019approvisionnement.<\/p>","protected":false},"author":1,"featured_media":62819,"parent":27462,"menu_order":32,"comment_status":"closed","ping_status":"closed","template":"","meta":{"footnotes":""},"class_list":["post-34686","page","type-page","status-publish","has-post-thumbnail"],"_links":{"self":[{"href":"https:\/\/www.sisinternational.com\/fr\/wp-json\/wp\/v2\/pages\/34686","targetHints":{"allow":["GET"]}}],"collection":[{"href":"https:\/\/www.sisinternational.com\/fr\/wp-json\/wp\/v2\/pages"}],"about":[{"href":"https:\/\/www.sisinternational.com\/fr\/wp-json\/wp\/v2\/types\/page"}],"author":[{"embeddable":true,"href":"https:\/\/www.sisinternational.com\/fr\/wp-json\/wp\/v2\/users\/1"}],"replies":[{"embeddable":true,"href":"https:\/\/www.sisinternational.com\/fr\/wp-json\/wp\/v2\/comments?post=34686"}],"version-history":[{"count":11,"href":"https:\/\/www.sisinternational.com\/fr\/wp-json\/wp\/v2\/pages\/34686\/revisions"}],"predecessor-version":[{"id":80126,"href":"https:\/\/www.sisinternational.com\/fr\/wp-json\/wp\/v2\/pages\/34686\/revisions\/80126"}],"up":[{"embeddable":true,"href":"https:\/\/www.sisinternational.com\/fr\/wp-json\/wp\/v2\/pages\/27462"}],"wp:featuredmedia":[{"embeddable":true,"href":"https:\/\/www.sisinternational.com\/fr\/wp-json\/wp\/v2\/media\/62819"}],"wp:attachment":[{"href":"https:\/\/www.sisinternational.com\/fr\/wp-json\/wp\/v2\/media?parent=34686"}],"curies":[{"name":"wp","href":"https:\/\/api.w.org\/{rel}","templated":true}]}}