{"id":34678,"date":"2020-02-29T04:28:33","date_gmt":"2020-02-29T04:28:33","guid":{"rendered":"https:\/\/www.sisinternational.com\/?page_id=34678"},"modified":"2026-03-24T18:21:44","modified_gmt":"2026-03-24T22:21:44","slug":"etude-de-marche-sur-les-prets-sur-salaire","status":"publish","type":"page","link":"https:\/\/www.sisinternational.com\/fr\/solutions\/recherche-de-conseil-en-strategie-fintech\/etude-de-marche-sur-les-prets-sur-salaire\/","title":{"rendered":"\u00c9tude de march\u00e9 sur les pr\u00eats sur salaire"},"content":{"rendered":"<h1 class=\"gb-headline gb-headline-bdce0d57 gb-headline-text\">\u00c9tude de march\u00e9 sur les pr\u00eats sur salaire<\/h1>\n\n\n\n<figure class=\"gb-block-image gb-block-image-b1363d81\"><img loading=\"lazy\" decoding=\"async\" width=\"1456\" height=\"816\" class=\"gb-image gb-image-b1363d81\" src=\"https:\/\/www.sisinternational.com\/wp-content\/uploads\/2025\/09\/Money-3-2.jpg\" alt=\"\u00c9tudes de march\u00e9 et strat\u00e9gie internationales SIS\" title=\"Money 3 (2)\" srcset=\"https:\/\/www.sisinternational.com\/wp-content\/uploads\/2025\/09\/Money-3-2.jpg 1456w, https:\/\/www.sisinternational.com\/wp-content\/uploads\/2025\/09\/Money-3-2-300x168.jpg 300w, https:\/\/www.sisinternational.com\/wp-content\/uploads\/2025\/09\/Money-3-2-1024x574.jpg 1024w, https:\/\/www.sisinternational.com\/wp-content\/uploads\/2025\/09\/Money-3-2-768x430.jpg 768w, https:\/\/www.sisinternational.com\/wp-content\/uploads\/2025\/09\/Money-3-2-18x10.jpg 18w\" sizes=\"auto, (max-width: 1456px) 100vw, 1456px\"><\/figure>\n\n\n\n<h2 class=\"wp-block-heading\"><\/h2>\n\n\n\n<hr class=\"wp-block-separator has-alpha-channel-opacity is-style-dots\"\/>\n\n\n\n<h2 class=\"wp-block-heading p3\"><span class=\"s1\">Certaines soci\u00e9t\u00e9s de financement proposent de petits pr\u00eats \u00e0 court terme avec des taux d&#039;int\u00e9r\u00eat \u00e9lev\u00e9s<\/span><\/h2>\n\n\n\n<p class=\"p3\"><span class=\"s1\">Your local check-cashing service may also do the same. These advances come under payday or prepay loans or overdue checks. Some people also know them as late or online personal loans. As their name implies, Payday loans are short-term loans the borrower must repay the next payday. They are useful if you have cash flow problems or need cash during a crisis. Borrowers should be aware of the high-interest rates associated with these loans. Payday loans tend to target vulnerable populations.<\/span><\/p>\n\n\n\n<h2 class=\"wp-block-heading\"><strong>Qu\u2019est-ce que l\u2019\u00e9tude de march\u00e9 sur les pr\u00eats sur salaire ?<\/strong><\/h2>\n\n\n\n<p><span style=\"font-weight: 400;\">L\u2019\u00e9tude de march\u00e9 sur les pr\u00eats sur salaire est une branche essentielle de l\u2019analyse des march\u00e9s financiers qui se concentre sur le secteur des pr\u00eats sur salaire. Il \u00e9tudie le pr\u00eat sur salaire, un type sp\u00e9cifique d&#039;emprunt \u00e0 court terme et \u00e0 taux d&#039;int\u00e9r\u00eat \u00e9lev\u00e9, ainsi que les diff\u00e9rents acteurs impliqu\u00e9s dans cet \u00e9cosyst\u00e8me financier.&nbsp;<\/span><\/p>\n\n\n\n<p><span style=\"font-weight: 400;\">Cette \u00e9tude de march\u00e9 va au-del\u00e0 de la compr\u00e9hension superficielle de ces pr\u00eats. Il explore le fonctionnement interne des pr\u00eateurs sur salaire, examinant leurs mod\u00e8les commerciaux, leurs pratiques de pr\u00eat et leur conformit\u00e9 r\u00e9glementaire. Il examine \u00e9galement l\u2019impact des pr\u00eats sur salaire sur les emprunteurs, leur bien-\u00eatre financier et la communaut\u00e9 au sens large.<\/span><\/p>\n\n\n\n<h2 class=\"wp-block-heading\"><strong>Pourquoi les entreprises ont besoin d\u2019une \u00e9tude de march\u00e9 sur les pr\u00eats sur salaire<\/strong><\/h2>\n\n\n\n<p><span style=\"font-weight: 400;\">For businesses looking to enter the payday lending market or expand their existing operations, market research helps understand the competitive landscape, market saturation, and target customer segments. Moreover, payday lending market research enables businesses to assess risks and implement risk mitigation strategies.&nbsp;<\/span><\/p>\n\n\n\n<p><span style=\"font-weight: 400;\">De plus, il fournit des informations sur les pr\u00e9f\u00e9rences, les besoins et les probl\u00e8mes des emprunteurs. Ces informations sont inestimables pour les entreprises qui cherchent \u00e0 d\u00e9velopper de nouveaux produits de pr\u00eat ou \u00e0 am\u00e9liorer ceux existants. Les \u00e9tudes de march\u00e9 sur les pr\u00eats sur salaire examinent \u00e9galement le comportement des emprunteurs, notamment les raisons qui les poussent \u00e0 solliciter des pr\u00eats sur salaire et les modes de remboursement.&nbsp;<\/span><\/p>\n\n\n\n<p><span style=\"font-weight: 400;\">Furthermore, market research helps businesses understand the ever-evolving regulatory landscape, enabling them to adapt their operations and policies accordingly. It ensures that companies avoid costly legal issues and penalties. However, it has multiple benefits for businesses, including:&nbsp;<\/span><\/p>\n\n\n\n<p><b> \u2022 D\u00e9veloppement de produits\u00a0:<\/b><span style=\"font-weight: 400;\"> <a href=\"https:\/\/www.sisinternational.com\/fr\/competence\/les-industries\/etude-de-marche-sur-lecologie\/\" title=\"\u00c9tude de march\u00e9 sur l\u2019\u00e9cologie\"  data-wpil-monitor-id=\"3891\">Research identifies gaps in the market<\/a> and borrower demands. This information is invaluable for developing new loan products or enhancing existing ones to better serve customers.<\/span><\/p>\n\n\n\n<p><b> \u2022 Rapport co\u00fbt-efficacit\u00e9:<\/b><span style=\"font-weight: 400;\"> Understanding cost structures and profit margins allows businesses to optimize their operations for cost efficiency. This helps manage expenses and maximize profitability.<\/span><\/p>\n\n\n\n<p><b> \u2022 Conformit\u00e9 l\u00e9gale: <\/b><span style=\"font-weight: 400;\">Payday lending is subject to evolving regulations. Market research informs businesses about legal requirements, ensuring compliance and avoiding legal issues.<\/span><\/p>\n\n\n\n<p><b> \u2022 Pratiques \u00e9thiques\u00a0:<\/b><span style=\"font-weight: 400;\"> With financial institutions under increased scrutiny, businesses can use market research to ensure they operate ethically and transparently and align with evolving consumer expectations.<\/span><\/p>\n\n\n\n<p><b>\u2022 Durabilit\u00e9 \u00e0 long terme\u00a0:<\/b><span style=\"font-weight: 400;\"> Les connaissances acquises gr\u00e2ce \u00e0 la recherche contribuent \u00e0 la durabilit\u00e9 \u00e0 long terme des entreprises de pr\u00eat sur salaire. Ils peuvent s&#039;adapter aux conditions changeantes du march\u00e9, aux r\u00e9formes r\u00e9glementaires et aux besoins des clients.<\/span><\/p>\n\n\n\n<h2 class=\"wp-block-heading\"><strong>Qui utilise les \u00e9tudes de march\u00e9 sur les pr\u00eats sur salaire<\/strong><\/h2>\n\n\n\n<figure class=\"gb-block-image gb-block-image-d331bd5c\"><img loading=\"lazy\" decoding=\"async\" width=\"1456\" height=\"816\" class=\"gb-image gb-image-d331bd5c\" src=\"https:\/\/www.sisinternational.com\/wp-content\/uploads\/2025\/09\/Money-2.jpg\" alt=\"\u00c9tudes de march\u00e9 et strat\u00e9gie internationales SIS\" title=\"Money (2)\" srcset=\"https:\/\/www.sisinternational.com\/wp-content\/uploads\/2025\/09\/Money-2.jpg 1456w, https:\/\/www.sisinternational.com\/wp-content\/uploads\/2025\/09\/Money-2-300x168.jpg 300w, https:\/\/www.sisinternational.com\/wp-content\/uploads\/2025\/09\/Money-2-1024x574.jpg 1024w, https:\/\/www.sisinternational.com\/wp-content\/uploads\/2025\/09\/Money-2-768x430.jpg 768w, https:\/\/www.sisinternational.com\/wp-content\/uploads\/2025\/09\/Money-2-18x10.jpg 18w\" sizes=\"auto, (max-width: 1456px) 100vw, 1456px\"><\/figure>\n\n\n\n<p><\/p>\n\n\n\n<p><span style=\"font-weight: 400;\">Les \u00e9tudes de march\u00e9 sur les pr\u00eats sur salaire constituent une ressource pr\u00e9cieuse pour diverses parties prenantes au sein et \u00e0 l\u2019ext\u00e9rieur du secteur des pr\u00eats sur salaire \u2013 et voici les principaux groupes et entit\u00e9s qui utilisent les \u00e9tudes de march\u00e9 sur les pr\u00eats sur salaire :<\/span><\/p>\n\n\n\n<ul class=\"wp-block-list\">\n<li><b> Entreprises de pr\u00eats sur salaire\u00a0: <\/b><span style=\"font-weight: 400;\">Payday lending companies are primarily market research users. They rely on this data to inform their business strategies, assess market dynamics, and make informed decisions regarding lending practices, product development, and expansion plans.<\/span><\/li>\n\n\n\n<li><b> Institutions financi\u00e8res: <\/b><span style=\"font-weight: 400;\">Les institutions financi\u00e8res traditionnelles (y compris les banques et les coop\u00e9ratives de cr\u00e9dit) utilisent des \u00e9tudes de march\u00e9 sur les pr\u00eats sur salaire pour comprendre le paysage concurrentiel et \u00e9valuer si elles doivent entrer dans le secteur des pr\u00eats sur salaire ou proposer des produits financiers alternatifs.<\/span><\/li>\n\n\n\n<li><b> R\u00e9gulateurs et d\u00e9cideurs politiques\u00a0:<\/b><span style=\"font-weight: 400;\"> Les agences gouvernementales et les d\u00e9cideurs politiques se tournent vers les \u00e9tudes de march\u00e9 pour mieux comprendre les op\u00e9rations du secteur des pr\u00eats sur salaire, notamment les tendances, les comportements des consommateurs et la conformit\u00e9 r\u00e9glementaire. Ces informations \u00e9clairent l\u2019\u00e9laboration de r\u00e9glementations et de mesures de protection des consommateurs.<\/span><\/li>\n\n\n\n<li><b> Groupes de d\u00e9fense des consommateurs\u00a0: <\/b>Non-profit and advocacy organizations often rely on <a href=\"https:\/\/www.sisinternational.com\/fr\/competence\/cv-dexperience\/cv-dexperience-dans-le-secteur-associatif\/\" title=\"\u00c9tude de march\u00e9 \u00e0 but non lucratif\"  data-wpil-monitor-id=\"6343\">\u00e9tude de march\u00e9<\/a> to advocate for better consumer protection in the payday lending industry. They use this data to support their campaigns for fair lending practices and responsible regulations.<\/span><\/li>\n\n\n\n<li><b> Investisseurs et analystes\u00a0:<\/b><span style=\"font-weight: 400;\"> Les investisseurs et les analystes financiers utilisent des \u00e9tudes de march\u00e9 pour \u00e9valuer la viabilit\u00e9 financi\u00e8re des soci\u00e9t\u00e9s de pr\u00eat sur salaire. Ces informations les aident \u00e0 prendre des d\u00e9cisions d\u2019investissement et \u00e0 \u00e9valuer les risques et les rendements potentiels.<\/span><\/li>\n\n\n\n<li><b> Chercheurs universitaires\u00a0:<\/b><span style=\"font-weight: 400;\"> Academic researchers may conduct studies using <a href=\"https:\/\/www.sisinternational.com\/fr\/competence\/les-industries\/etude-de-marche-de-la-chaussure\/\" title=\"\u00c9tude de march\u00e9 sur les chaussures\"  data-wpil-monitor-id=\"3925\">payday lending<\/a> market research data to advance knowledge about the industry, its impact on borrowers, and potential policy reforms.\u00a0<\/span><\/li>\n\n\n\n<li><b>M\u00e9dias et journalistes\u00a0: <\/b>Journalists and <a href=\"https:\/\/www.sisinternational.com\/fr\/competence\/etudes-de-marche-sur-les-licences-de-films-musicaux-et-de-medias\/\" title=\"\u00c9tude de march\u00e9 sur les licences pour les films musicaux et les m\u00e9dias\"  data-wpil-monitor-id=\"11428\">media outlets use market research<\/a> to provide informed reporting on the payday lending industry. This includes uncovering trends, exposing unethical practices, and educating the public about payday lending.<\/li>\n<\/ul>\n\n\n\n<h2 class=\"wp-block-heading p3\"><span class=\"s1\">De nombreuses soci\u00e9t\u00e9s de pr\u00eat sur salaire proposent des pr\u00eats sur salaire abordables<\/span><\/h2>\n\n\n\n<p class=\"p3\"><span class=\"s1\">Borrowers usually get money in one day. These companies typically allow borrowers to fax the application documents to them. Once approved, they transfer the money to the borrower&#8217;s account within 24 hours. A cash transfer fee applies. With the popularity of FinTech, Payday Loan companies have upped their game. Borrowers can now fill out a quick and easy form online and immediately get the money they need. The company processes the application within a few minutes. After approval, the funds go into the borrower&#8217;s current account overnight. He or she gets the funds the next day. With such services, payday loans are now available within minutes.<\/span><\/p>\n\n\n\n<h2 class=\"wp-block-heading p3\"><span class=\"s1\">Les emprunteurs sont g\u00e9n\u00e9ralement dans une situation financi\u00e8re d\u00e9sesp\u00e9r\u00e9e<\/span><\/h2>\n\n\n\n<p class=\"p3\"><span class=\"s1\">They may have trouble repaying the original loan and sometimes extend it. Some do so several times until they repay more than the original loan amount. They must make loan payments on time. The company will charge a higher interest rate and loan fees if they don&#8217;t. If the client cannot repay the entire loan, the company charges interest on the balance. <\/span><\/p>\n\n\n\n<p class=\"p3\"><span class=\"s1\">The company will charge a fee if the client pays with a check, and the bank returns it for insufficient funds. Some companies are using RegTech. This software enables them to automate their financial services. It makes it easier to meet regulatory requirements, hence reducing the operational risks. If the borrower still cannot pay, the interest increases, as does the debt. If the borrower repays the loan after the stipulated time, the accrued interest may equal or exceed the initial cash advance. If the only option is a payday loan, ensure you understand the terms in small print and know all fees.<\/span><\/p>\n\n\n\n<h2 class=\"wp-block-heading\"><strong>\u00c9tude de march\u00e9 sur les pr\u00eats sur salaire et \u00e9tude de march\u00e9 traditionnelle<\/strong><\/h2>\n\n\n\n<figure class=\"gb-block-image gb-block-image-90390c0f\"><img loading=\"lazy\" decoding=\"async\" width=\"1456\" height=\"816\" class=\"gb-image gb-image-90390c0f\" src=\"https:\/\/www.sisinternational.com\/wp-content\/uploads\/2025\/09\/Money-1.jpg\" alt=\"\u00c9tudes de march\u00e9 et strat\u00e9gie internationales SIS\" title=\"Money (1)\" srcset=\"https:\/\/www.sisinternational.com\/wp-content\/uploads\/2025\/09\/Money-1.jpg 1456w, https:\/\/www.sisinternational.com\/wp-content\/uploads\/2025\/09\/Money-1-300x168.jpg 300w, https:\/\/www.sisinternational.com\/wp-content\/uploads\/2025\/09\/Money-1-1024x574.jpg 1024w, https:\/\/www.sisinternational.com\/wp-content\/uploads\/2025\/09\/Money-1-768x430.jpg 768w, https:\/\/www.sisinternational.com\/wp-content\/uploads\/2025\/09\/Money-1-18x10.jpg 18w\" sizes=\"auto, (max-width: 1456px) 100vw, 1456px\"><\/figure>\n\n\n\n<p><\/p>\n\n\n\n<p><span style=\"font-weight: 400;\">Payday lending market research delves into the intricacies of the payday lending sector, focusing on borrowers&#8217; behavior, lending practices, regulatory changes, and the impact of payday loans on individuals and communities. Traditional market research often covers a wider range of industries and consumer behaviors.<\/span><\/p>\n\n\n\n<p><span style=\"font-weight: 400;\">Moreover, payday lending research thoroughly assesses risks associated with lending practices, including credit risk, default rates, and the potential for borrowers to fall into debt cycles. Traditional market research may focus on broader industry risks without the same level of detail.<\/span><\/p>\n\n\n\n<p><span style=\"font-weight: 400;\">Payday lending research is also closely linked to consumer protection and advocacy efforts. It serves as a resource for organizations advocating for fair lending practices and regulatory reforms, while traditional market research typically does not have the same advocacy focus.<\/span><\/p>\n\n\n\n<h2 class=\"wp-block-heading\"><strong>Tendances actuelles des \u00e9tudes de march\u00e9 sur les pr\u00eats sur salaire<\/strong><\/h2>\n\n\n\n<p><span style=\"font-weight: 400;\">Rester inform\u00e9 des tendances actuelles est essentiel pour les chercheurs et les acteurs de l\u2019industrie \u2013 et voici quelques-unes des tendances notables des \u00e9tudes de march\u00e9 sur les pr\u00eats sur salaire\u00a0:<\/span><\/p>\n\n\n\n<p><b> \u2022 Sant\u00e9 financi\u00e8re des consommateurs\u00a0: <\/b><span style=\"font-weight: 400;\">Les recherches dans ce domaine examinent de plus en plus la sant\u00e9 financi\u00e8re des emprunteurs sur salaire et son impact \u00e0 long terme. Des \u00e9tudes explorent le r\u00f4le des pr\u00eats sur salaire dans la r\u00e9ponse aux urgences financi\u00e8res et la possibilit\u00e9 pour les emprunteurs de tomber dans le pi\u00e8ge de l\u2019endettement.<\/span><\/p>\n\n\n\n<p><b> \u2022 Services financiers alternatifs\u00a0:<\/b><span style=\"font-weight: 400;\"> Alors que les consommateurs recherchent des alternatives aux services bancaires traditionnels, les chercheurs explorent le paysage plus large des services financiers alternatifs, notamment les solutions fintech, les applications bancaires mobiles et les options de pr\u00eat communautaires.<\/span><\/p>\n\n\n\n<p><b> \u2022 \u00c9conomie comportementale\u00a0:<\/b><span style=\"font-weight: 400;\"> Researchers are incorporating principles from behavioral economics to understand how borrowers make financial decisions, particularly regarding payday loan usage.&nbsp;<\/span><\/p>\n\n\n\n<p><b> \u2022 Impact communautaire et social\u00a0: <\/b><span style=\"font-weight: 400;\">Les \u00e9tudes sur l\u2019impact social et communautaire des pr\u00eats sur salaire continuent de gagner en importance. Les chercheurs \u00e9valuent l\u2019impact de la pr\u00e9sence de pr\u00eateurs sur salaire sur les communaut\u00e9s, notamment les implications \u00e9conomiques et les dommages potentiels pour les populations vuln\u00e9rables.<\/span><\/p>\n\n\n\n<p><b> \u2022 D\u00e9fense des consommateurs\u00a0: <\/b><span style=\"font-weight: 400;\">La recherche dans ce domaine s&#039;aligne sur les efforts de d\u00e9fense des consommateurs visant \u00e0 promouvoir des pratiques de pr\u00eat \u00e9quitables, des pr\u00eats responsables et des r\u00e9formes r\u00e9glementaires. Des \u00e9tudes peuvent \u00eatre men\u00e9es en partenariat avec des organisations de d\u00e9fense.<\/span><\/p>\n\n\n\n<h2 class=\"wp-block-heading\"><strong>Opportunit\u00e9s sur le march\u00e9 des pr\u00eats sur salaire&nbsp;<\/strong><\/h2>\n\n\n\n<p><span style=\"font-weight: 400;\">The payday lending market presents various opportunities for businesses willing to navigate its complexities and contribute responsibly to the industry. Understanding these opportunities can help businesses make informed decisions and develop growth strategies.&nbsp;<\/span><\/p>\n\n\n\n<p><b> \u2022 L&#039;expansion du march\u00e9: <\/b><span style=\"font-weight: 400;\">Businesses can explore opportunities to expand their payday lending operations to new geographic regions. Identifying underserved markets and strategically entering them can increase customer reach and revenue growth.<\/span><\/p>\n\n\n\n<p><b> \u2022 Diversification des produits\u00a0: <\/b>The payday lending sector has room for innovation and product diversification<span style=\"font-weight: 400;\">. Developing new loan products that cater to specific customer needs, such as longer repayment terms or lower interest rates, can attract a broader customer base.<\/span><\/p>\n\n\n\n<p><b> \u2022 Plateformes de pr\u00eat en ligne\u00a0: <\/b><span style=\"font-weight: 400;\">The shift towards online lending platforms allows businesses to capitalize on digital channels. Developing user-friendly online interfaces and mobile apps can enhance customer convenience and accessibility.<\/span><\/p>\n\n\n\n<p><b> \u2022 Services de conformit\u00e9 et de r\u00e9glementation\u00a0:<\/b><span style=\"font-weight: 400;\"> Given the evolving regulatory landscape in payday lending, businesses can provide other lenders with compliance and regulation consulting services. Expertise in navigating complex regulatory requirements can become a valuable business niche.<\/span><\/p>\n\n\n\n<p><b>\u2022 Partenariats et alliances\u00a0:<\/b><span style=\"font-weight: 400;\"> Collaborer avec des institutions financi\u00e8res, des coop\u00e9ratives de cr\u00e9dit ou des organismes communautaires peut ouvrir la porte \u00e0 de nouvelles opportunit\u00e9s. Les partenariats peuvent conduire \u00e0 des opportunit\u00e9s de ventes crois\u00e9es, \u00e0 des ressources partag\u00e9es et \u00e0 une client\u00e8le \u00e9largie.<\/span><\/p>\n\n\n\n<h2 class=\"wp-block-heading\">Notre emplacement \u00e0 New York<\/h2>\n\n\n\n<p>  <iframe loading=\"lazy\" src=\"https:\/\/www.google.com\/maps\/embed?pb=!1m18!1m12!1m3!1d3022.976188376966!2d-73.99130312499956!3d40.740549471389315!2m3!1f0!2f0!3f0!3m2!1i1024!2i768!4f13.1!3m3!1m2!1s0x89c259a15798c731%3A0xd695d09bdd495f25!2s11%20E%2022nd%20St%20FL%202%2C%20New%20York%2C%20NY%2010010%2C%20USA!5e0!3m2!1sen!2spe!4v1726171763526!5m2!1sen!2spe\" width=\"600\" height=\"450\" allowfullscreen=\"allowfullscreen\" data-mce-fragment=\"1\"><\/iframe>  <\/p>\n\n\n\n<h3 class=\"wp-block-heading\">11 E 22nd Street, \u00e9tage 2, New York, NY 10010 T\u00e9l. : +1(212) 505-6805<\/h3>\n\n\n\n<hr class=\"wp-block-separator has-alpha-channel-opacity\"\/>\n\n\n\n<h2 class=\"wp-block-heading\"><span style=\"font-weight: 400;\">\u00c0 propos de SIS International<\/span><\/h2>\n\n\n\n<p><a href=\"https:\/\/www.sisinternational.com\/fr\/\"><span style=\"font-weight: 400;\">SIS International<\/span><\/a><span style=\"font-weight: 400;\"> propose des recherches quantitatives, qualitatives et strat\u00e9giques. Nous fournissons des donn\u00e9es, des outils, des strat\u00e9gies, des rapports et des informations pour la prise de d\u00e9cision. Nous menons \u00e9galement des entretiens, des enqu\u00eates, des groupes de discussion et d\u2019autres m\u00e9thodes et approches d\u2019\u00e9tudes de march\u00e9.<\/span><a href=\"https:\/\/www.sisinternational.com\/fr\/a-propos-de-la-recherche-internationale-sis\/contact-sis-international-market-research\/\"><span style=\"font-weight: 400;\"> Contactez nous<\/span><\/a><span style=\"font-weight: 400;\"> pour votre prochain projet d&#039;\u00e9tude de march\u00e9.<\/span><\/p>\n\n\n\n<p><\/p>","protected":false},"excerpt":{"rendered":"<p>SIS FinTech est une soci\u00e9t\u00e9 leader mondial de conseil en strat\u00e9gie et d\u2019\u00e9tudes de march\u00e9. Nous fournissons des \u00e9tudes de march\u00e9 sur les pr\u00eats sur salaire.<\/p>","protected":false},"author":1,"featured_media":68141,"parent":27462,"menu_order":30,"comment_status":"closed","ping_status":"closed","template":"","meta":{"footnotes":""},"class_list":["post-34678","page","type-page","status-publish","has-post-thumbnail"],"_links":{"self":[{"href":"https:\/\/www.sisinternational.com\/fr\/wp-json\/wp\/v2\/pages\/34678","targetHints":{"allow":["GET"]}}],"collection":[{"href":"https:\/\/www.sisinternational.com\/fr\/wp-json\/wp\/v2\/pages"}],"about":[{"href":"https:\/\/www.sisinternational.com\/fr\/wp-json\/wp\/v2\/types\/page"}],"author":[{"embeddable":true,"href":"https:\/\/www.sisinternational.com\/fr\/wp-json\/wp\/v2\/users\/1"}],"replies":[{"embeddable":true,"href":"https:\/\/www.sisinternational.com\/fr\/wp-json\/wp\/v2\/comments?post=34678"}],"version-history":[{"count":9,"href":"https:\/\/www.sisinternational.com\/fr\/wp-json\/wp\/v2\/pages\/34678\/revisions"}],"predecessor-version":[{"id":85015,"href":"https:\/\/www.sisinternational.com\/fr\/wp-json\/wp\/v2\/pages\/34678\/revisions\/85015"}],"up":[{"embeddable":true,"href":"https:\/\/www.sisinternational.com\/fr\/wp-json\/wp\/v2\/pages\/27462"}],"wp:featuredmedia":[{"embeddable":true,"href":"https:\/\/www.sisinternational.com\/fr\/wp-json\/wp\/v2\/media\/68141"}],"wp:attachment":[{"href":"https:\/\/www.sisinternational.com\/fr\/wp-json\/wp\/v2\/media?parent=34678"}],"curies":[{"name":"wp","href":"https:\/\/api.w.org\/{rel}","templated":true}]}}