{"id":34666,"date":"2020-02-29T03:58:35","date_gmt":"2020-02-29T03:58:35","guid":{"rendered":"https:\/\/www.sisinternational.com\/?page_id=34666"},"modified":"2026-01-26T17:28:55","modified_gmt":"2026-01-26T22:28:55","slug":"etude-de-marche-sur-les-paiements-p2p-peer-to-peer","status":"publish","type":"page","link":"https:\/\/www.sisinternational.com\/fr\/solutions\/recherche-de-conseil-en-strategie-fintech\/etude-de-marche-sur-les-paiements-p2p-peer-to-peer\/","title":{"rendered":"Peer-to-Peer Payments Market Research"},"content":{"rendered":"<h1 class=\"wp-block-heading\">Peer-to-Peer Payments Market Research<\/h1>\n\n\n\n<figure class=\"gb-block-image gb-block-image-b0cd82b6\"><img loading=\"lazy\" decoding=\"async\" width=\"1456\" height=\"816\" class=\"gb-image gb-image-b0cd82b6\" src=\"https:\/\/www.sisinternational.com\/wp-content\/uploads\/2025\/10\/Peer-to-Peer-Payments-1.jpg\" alt=\"\u00c9tudes de march\u00e9 et strat\u00e9gie internationales SIS\" title=\"Peer-to-Peer Payments (1)\" srcset=\"https:\/\/www.sisinternational.com\/wp-content\/uploads\/2025\/10\/Peer-to-Peer-Payments-1.jpg 1456w, https:\/\/www.sisinternational.com\/wp-content\/uploads\/2025\/10\/Peer-to-Peer-Payments-1-300x168.jpg 300w, https:\/\/www.sisinternational.com\/wp-content\/uploads\/2025\/10\/Peer-to-Peer-Payments-1-1024x574.jpg 1024w, https:\/\/www.sisinternational.com\/wp-content\/uploads\/2025\/10\/Peer-to-Peer-Payments-1-768x430.jpg 768w, https:\/\/www.sisinternational.com\/wp-content\/uploads\/2025\/10\/Peer-to-Peer-Payments-1-18x10.jpg 18w\" sizes=\"auto, (max-width: 1456px) 100vw, 1456px\"><\/figure>\n\n\n\n<hr class=\"wp-block-separator has-alpha-channel-opacity is-style-dots\"\/>\n\n\n\n<p><span style=\"font-weight: 400;\">Peer-to-Peer payments have emerged as a groundbreaking force in the financial sector, reshaping the way we exchange money\u2026 But, how can businesses stay ahead and make informed decisions in this dynamic environment? The answer lies in peer-to-peer payments market research.<\/span><\/p>\n\n\n\n<h2 class=\"wp-block-heading\"><strong>Comprendre les \u00e9tudes de march\u00e9 sur les paiements peer-to-peer<\/strong><\/h2>\n\n\n\n<p><span style=\"font-weight: 400;\">Peer-to-peer payments market research involves studying user behaviors, preferences, and adoption rates across various P2P payment platforms. Businesses must dissect the factors driving the adoption of P2P payments and the challenges they pose. By conducting P2P <a class=\"wpil_keyword_link\" href=\"https:\/\/www.sisinternational.com\/fr\/solutions\/recherche-de-conseil-en-strategie-fintech\/etude-de-marche-sur-les-paiements\/\"   title=\"\u00c9tude de march\u00e9 sur les paiements\" data-wpil-keyword-link=\"linked\"  data-wpil-monitor-id=\"442\">\u00e9tude de march\u00e9 sur les paiements<\/a>, businesses can position themselves to harness the full potential of this transformative technology.&nbsp;<\/span><\/p>\n\n\n\n<p><span class=\"s1\">Examples are Venmo, PayPal, Zelle, and Square Cash. These payment systems allow users to send money to one another. P2P customers send money using their mobile devices via a linked card or bank account.<\/span><\/p>\n\n\n\n<h2 class=\"wp-block-heading\"><strong>Importance de l\u2019\u00e9tude de march\u00e9 sur les paiements P2P<\/strong><\/h2>\n\n\n\n<p><span style=\"font-weight: 400;\">P2P payments market research offers valuable insights into the dynamics of P2P payments, shedding light on user preferences, security concerns, and adoption patterns. It allows companies to adopt a consumer-centric approach and tailor their products and services to meet customers&#8217; evolving needs. This enhances user satisfaction and fosters brand loyalty in a fiercely competitive market.<\/span><\/p>\n\n\n\n<p><span style=\"font-weight: 400;\">Furthermore, market research can uncover potential pitfalls and vulnerabilities in the P2P payments landscape, enabling businesses to address security concerns and compliance issues proactively. However, it offers many other benefits for businesses, including:<\/span><\/p>\n\n\n\n<ul class=\"wp-block-list\">\n<li><b> Innovation strat\u00e9gique\u00a0: <\/b><span style=\"font-weight: 400;\">P2P payments market research exposes companies to emerging technologies and trends within the payment industry.&nbsp;<\/span><\/li>\n\n\n\n<li><b> Avantage comp\u00e9titif:<\/b><span style=\"font-weight: 400;\"> By staying ahead of market trends and understanding the competitive landscape, companies can position themselves as leaders in the P2P payments sector.&nbsp;<\/span><\/li>\n\n\n\n<li><b> Rapport co\u00fbt-efficacit\u00e9:<\/b><span style=\"font-weight: 400;\"> Comprendre la dynamique du march\u00e9 et le comportement des consommateurs peut conduire \u00e0 des strat\u00e9gies rentables. Les \u00e9tudes de march\u00e9 sur les paiements P2P aident les entreprises \u00e0 allouer efficacement les ressources, en minimisant les d\u00e9penses inutiles tout en maximisant l&#039;impact de leurs investissements.<\/span><\/li>\n\n\n\n<li><b> \u00c9volutivit\u00e9\u00a0:<\/b><span style=\"font-weight: 400;\"> Businesses aiming for growth and expansion can benefit significantly from P2P payments market research. It provides insights into potential markets, user demographics, and growth opportunities, enabling companies to scale their operations strategically.<\/span><\/li>\n<\/ul>\n\n\n\n<h2 class=\"wp-block-heading\"><strong>Qui utilise les \u00e9tudes de march\u00e9 sur les paiements peer-to-peer<\/strong><\/h2>\n\n\n\n<figure class=\"gb-block-image gb-block-image-1b33d891\"><img loading=\"lazy\" decoding=\"async\" width=\"1456\" height=\"816\" class=\"gb-image gb-image-1b33d891\" src=\"https:\/\/www.sisinternational.com\/wp-content\/uploads\/2025\/08\/Multicultural-Advertising-Services-for-a-Famous-Peer-to-Peer-Payments-Technology-Company.jpg\" alt=\"\u00c9tudes de march\u00e9 et strat\u00e9gie internationales SIS\" title=\"Services de publicit\u00e9 multiculturelle pour une c\u00e9l\u00e8bre entreprise de technologie de paiement peer-to-peer\" srcset=\"https:\/\/www.sisinternational.com\/wp-content\/uploads\/2025\/08\/Multicultural-Advertising-Services-for-a-Famous-Peer-to-Peer-Payments-Technology-Company.jpg 1456w, https:\/\/www.sisinternational.com\/wp-content\/uploads\/2025\/08\/Multicultural-Advertising-Services-for-a-Famous-Peer-to-Peer-Payments-Technology-Company-300x168.jpg 300w, https:\/\/www.sisinternational.com\/wp-content\/uploads\/2025\/08\/Multicultural-Advertising-Services-for-a-Famous-Peer-to-Peer-Payments-Technology-Company-1024x574.jpg 1024w, https:\/\/www.sisinternational.com\/wp-content\/uploads\/2025\/08\/Multicultural-Advertising-Services-for-a-Famous-Peer-to-Peer-Payments-Technology-Company-768x430.jpg 768w, https:\/\/www.sisinternational.com\/wp-content\/uploads\/2025\/08\/Multicultural-Advertising-Services-for-a-Famous-Peer-to-Peer-Payments-Technology-Company-18x10.jpg 18w\" sizes=\"auto, (max-width: 1456px) 100vw, 1456px\"><\/figure>\n\n\n\n<p><\/p>\n\n\n\n<p><span style=\"font-weight: 400;\">Understanding the user base of the peer-to-peer payments market research is key to comprehend its relevance in today&#8217;s financial landscape. Here are some of the most critical users of this market research:<\/span><\/p>\n\n\n\n<p><b> <span class=\"s1\">- <\/span>Institutions financi\u00e8res: <\/b><span style=\"font-weight: 400;\">Les banques traditionnelles et les coop\u00e9ratives de cr\u00e9dit sont vivement int\u00e9ress\u00e9es par les \u00e9tudes de march\u00e9 sur les paiements P2P, car elles s&#039;adaptent \u00e0 l&#039;\u00e9volution des pr\u00e9f\u00e9rences des clients. La recherche les aide \u00e0 aligner leurs services et offres num\u00e9riques sur les attentes des consommateurs f\u00e9rus de technologie.<\/span><\/p>\n\n\n\n<p><b> <span class=\"s1\">- <\/span>Start-ups Fintech\u00a0: <\/b><span style=\"font-weight: 400;\">Les startups Fintech sont \u00e0 la pointe des innovations en mati\u00e8re de paiement P2P. Ils s&#039;appuient fortement sur les \u00e9tudes de march\u00e9 pour identifier les lacunes du march\u00e9, comprendre le comportement des utilisateurs et affiner leurs produits pour une exp\u00e9rience utilisateur optimale.<\/span><\/p>\n\n\n\n<p><b> <span class=\"s1\">- <\/span>Fournisseurs de services de paiement\u00a0:<\/b><span style=\"font-weight: 400;\"> Les entreprises qui facilitent le traitement des paiements, y compris les paiements P2P, utilisent des \u00e9tudes de march\u00e9 pour optimiser leurs plateformes, am\u00e9liorer les mesures de s\u00e9curit\u00e9 et rester comp\u00e9titives dans un paysage en constante \u00e9volution.<\/span><\/p>\n\n\n\n<p><b> <span class=\"s1\">- <\/span>Entreprises de commerce \u00e9lectronique\u00a0: <\/b><span style=\"font-weight: 400;\">Les d\u00e9taillants en ligne int\u00e8grent les options de paiement P2P dans leurs processus de paiement. Les \u00e9tudes de march\u00e9 les aident \u00e0 identifier les m\u00e9thodes de paiement pr\u00e9f\u00e9r\u00e9es, garantissant ainsi une exp\u00e9rience d&#039;achat fluide aux clients.<\/span><\/p>\n\n\n\n<p><b> <span class=\"s1\">- <\/span>Organismes de r\u00e9glementation\u00a0:<\/b><span style=\"font-weight: 400;\"> Government agencies and regulatory bodies use P2P <a href=\"https:\/\/www.sisinternational.com\/fr\/competence\/les-industries\/etude-de-marche-du-gouvernement-federal\/\" title=\"\u00c9tude de march\u00e9 du gouvernement f\u00e9d\u00e9ral\"  data-wpil-monitor-id=\"5770\">\u00e9tude de march\u00e9 sur les paiements<\/a> to understand the impact of these technologies on financial markets and to develop appropriate regulations and safeguards.<\/span><\/p>\n\n\n\n<h2 class=\"wp-block-heading\"><strong>En quoi les \u00e9tudes de march\u00e9 sur les paiements P2P diff\u00e8rent-elles des \u00e9tudes de march\u00e9 traditionnelles ?<\/strong><\/h2>\n\n\n\n<p><span style=\"font-weight: 400;\">Les \u00e9tudes de march\u00e9 sur les paiements P2P sont intrins\u00e8quement num\u00e9riques et se concentrent sur le paysage en \u00e9volution rapide des paiements num\u00e9riques, des applications mobiles et des plateformes en ligne. En revanche, les \u00e9tudes de march\u00e9 traditionnelles englobent un \u00e9ventail plus large d\u2019industries et de secteurs.<\/span><\/p>\n\n\n\n<p><span style=\"font-weight: 400;\">De plus,<\/span> <span style=\"font-weight: 400;\">P2P payments market research closely tracks emerging technologies within the financial sector such as blockchain, cryptocurrencies, and digital wallets. These technologies are transforming transactions, and understanding their impact is essential. Traditional market research may not delve as deeply into these specific technological trends.<\/span><\/p>\n\n\n\n<p><span style=\"font-weight: 400;\">En plus,<\/span> <span style=\"font-weight: 400;\">as mobile devices become the primary conduit for P2P payments, this research provides insights into mobile usage patterns, app adoption, and mobile payment trends. Traditional market research may not capture these mobile-centric insights as comprehensively.<\/span><\/p>\n\n\n\n<h2 class=\"wp-block-heading\"><strong>Tendances actuelles des \u00e9tudes de march\u00e9 sur les paiements P2P<\/strong><\/h2>\n\n\n\n<figure class=\"gb-block-image gb-block-image-adfcc3e9\"><img loading=\"lazy\" decoding=\"async\" width=\"1456\" height=\"816\" class=\"gb-image gb-image-adfcc3e9\" src=\"https:\/\/www.sisinternational.com\/wp-content\/uploads\/2025\/08\/Bank-4.jpg\" alt=\"\u00c9tudes de march\u00e9 et strat\u00e9gie internationales SIS\" title=\"Bank (4)\" srcset=\"https:\/\/www.sisinternational.com\/wp-content\/uploads\/2025\/08\/Bank-4.jpg 1456w, https:\/\/www.sisinternational.com\/wp-content\/uploads\/2025\/08\/Bank-4-300x168.jpg 300w, https:\/\/www.sisinternational.com\/wp-content\/uploads\/2025\/08\/Bank-4-1024x574.jpg 1024w, https:\/\/www.sisinternational.com\/wp-content\/uploads\/2025\/08\/Bank-4-768x430.jpg 768w, https:\/\/www.sisinternational.com\/wp-content\/uploads\/2025\/08\/Bank-4-18x10.jpg 18w\" sizes=\"auto, (max-width: 1456px) 100vw, 1456px\"><\/figure>\n\n\n\n<p><\/p>\n\n\n\n<p><span style=\"font-weight: 400;\">Pour rester \u00e0 l\u2019avant-garde du paysage des \u00e9tudes de march\u00e9 sur les paiements peer-to-peer en \u00e9volution rapide, il est essentiel de rester \u00e0 l\u2019\u00e9coute des derni\u00e8res tendances et d\u00e9veloppements \u2013 et voici quelques-unes des tendances actuelles qui fa\u00e7onnent ce domaine\u00a0:<\/span><\/p>\n\n\n\n<p><b> <span class=\"s1\">- <\/span>Int\u00e9gration de l&#039;IA et de l&#039;apprentissage automatique\u00a0:<\/b><span style=\"font-weight: 400;\"> Les \u00e9tudes de march\u00e9 sur les paiements P2P exploitent de plus en plus l\u2019intelligence artificielle (IA) et l\u2019apprentissage automatique pour analyser de vastes ensembles de donn\u00e9es. Ces technologies am\u00e9liorent la pr\u00e9cision des donn\u00e9es, permettent des analyses pr\u00e9dictives et identifient des mod\u00e8les complexes de comportement des utilisateurs.<\/span><\/p>\n\n\n\n<p><b> <span class=\"s1\">- <\/span>Informations centr\u00e9es sur le mobile\u00a0:<\/b><span style=\"font-weight: 400;\"> With the continued growth of mobile payments, research is focusing on mobile-centric insights. Understanding mobile app usage, user preferences, and mobile security measures is paramount.<\/span><\/p>\n\n\n\n<p><b> <span class=\"s1\">- <\/span>Blockchain et crypto-monnaies :<\/b><span style=\"font-weight: 400;\"> The emergence of blockchain technology and cryptocurrencies within the P2P payments sector has sparked research interest. Investigating the impact of decentralized finance (DeFi) and digital currencies is a growing trend.<\/span><\/p>\n\n\n\n<p><b> <span class=\"s1\">- <\/span>Protocoles de s\u00e9curit\u00e9 am\u00e9lior\u00e9s\u00a0: <\/b><span style=\"font-weight: 400;\">The importance of security in P2P payments cannot be overstated. Research focuses on the latest security protocols, encryption methods, and fraud detection techniques to safeguard user transactions.<\/span><\/p>\n\n\n\n<p><b> <span class=\"s1\">- <\/span>Optimisation de l&#039;exp\u00e9rience utilisateur\u00a0:<\/b><span style=\"font-weight: 400;\"> User experience is critical to P2P payment adoption. Research delves into user interface design, app usability, and feedback mechanisms to enhance the customer journey.<\/span><\/p>\n\n\n\n<h2 class=\"wp-block-heading\"><strong>Opportunit\u00e9s sur le march\u00e9 des paiements P2P pour les entreprises<\/strong><\/h2>\n\n\n\n<p><span style=\"font-weight: 400;\">Dans le paysage dynamique des paiements P2P, les entreprises peuvent trouver une multitude d\u2019opportunit\u00e9s pour prosp\u00e9rer et innover, telles que\u00a0:<\/span><\/p>\n\n\n\n<p><b> <span class=\"s1\">- <\/span>Expansion mondiale\u00a0:<\/b><span style=\"font-weight: 400;\"> Digital transactions&#8217; borderless nature opens doors for global expansion. P2P payments market research can help businesses identify target markets with high adoption potential, regulatory considerations, and user preferences in different regions.<\/span><\/p>\n\n\n\n<p><b> <span class=\"s1\">- <\/span>Partenariats et alliances\u00a0:<\/b><span style=\"font-weight: 400;\"> Collaborations with fintech startups, payment service providers, or even traditional financial institutions present businesses with opportunities to broaden their reach and offer complementary services. Market research aids in identifying suitable partners and potential synergies.<\/span><\/p>\n\n\n\n<p><b> <span class=\"s1\">- <\/span>Solutions de s\u00e9curit\u00e9\u00a0: <\/b><span style=\"font-weight: 400;\">The increasing concern over cybersecurity allows businesses to develop and market robust security solutions, such as biometric authentication, tokenization, or fraud detection systems. P2P payments <a href=\"https:\/\/www.sisinternational.com\/fr\/competence\/les-industries\/etude-de-marche-sur-la-securite\/\" title=\"\u00c9tude de march\u00e9 sur la s\u00e9curit\u00e9\"  data-wpil-monitor-id=\"6539\">market research helps identify security<\/a> trends and user expectations.<\/span><\/p>\n\n\n\n<p><b> <span class=\"s1\">- <\/span>Mon\u00e9tisation des donn\u00e9es\u00a0:<\/b><span style=\"font-weight: 400;\"> Les entreprises peuvent explorer des strat\u00e9gies de mon\u00e9tisation des donn\u00e9es, par exemple en offrant des informations anonymis\u00e9es \u00e0 d&#039;autres entreprises ou annonceurs. Les \u00e9tudes de march\u00e9 peuvent identifier les tendances en mati\u00e8re de mon\u00e9tisation des donn\u00e9es et les partenaires potentiels.<\/span><\/p>\n\n\n\n<p><span class=\"s1\"><b>\u2022 Services de conformit\u00e9\u00a0:<\/b><span style=\"font-weight: 400;\"> Evolving regulations require businesses to stay compliant. P2P payments market research can reveal the industry&#8217;s specific compliance needs, allowing companies to offer consulting or compliance-related services<\/span><\/span><span class=\"s1\">.<\/span><\/p>\n\n\n\n<h2 class=\"wp-block-heading p5\"><span class=\"s1\">Les syst\u00e8mes P2P, une solution efficace pour les micropaiements<\/span><\/h2>\n\n\n\n<figure class=\"gb-block-image gb-block-image-d58bdd65\"><img loading=\"lazy\" decoding=\"async\" width=\"1456\" height=\"816\" class=\"gb-image gb-image-d58bdd65\" src=\"https:\/\/www.sisinternational.com\/wp-content\/uploads\/2025\/08\/Fintech-17.jpg\" alt=\"\u00c9tudes de march\u00e9 et strat\u00e9gie internationales SIS\" title=\"Fintech (17)\" srcset=\"https:\/\/www.sisinternational.com\/wp-content\/uploads\/2025\/08\/Fintech-17.jpg 1456w, https:\/\/www.sisinternational.com\/wp-content\/uploads\/2025\/08\/Fintech-17-300x168.jpg 300w, https:\/\/www.sisinternational.com\/wp-content\/uploads\/2025\/08\/Fintech-17-1024x574.jpg 1024w, https:\/\/www.sisinternational.com\/wp-content\/uploads\/2025\/08\/Fintech-17-768x430.jpg 768w, https:\/\/www.sisinternational.com\/wp-content\/uploads\/2025\/08\/Fintech-17-18x10.jpg 18w\" sizes=\"auto, (max-width: 1456px) 100vw, 1456px\"><\/figure>\n\n\n\n<p><\/p>\n\n\n\n<p class=\"p2\"><span class=\"s1\">Micropayments are financial transactions involving tiny sums of money. PayPal defines anything less than US$12 as a micropayment, whereas Visa defines the amount as US$20. In practice, it\u2019s difficult for businesses to recoup micropayment processing costs. A growth area in micropayments has been using them in online virtual reality games. P2P payment systems make it easier and cheaper to settle micropayments. <\/span><\/p>\n\n\n\n<p class=\"p4\"><span class=\"s1\">Micropayments are a modern solution to an old problem. For a micropayment system to work, it must have large transaction volumes, small transaction fees, and instant payments. Most blockchains now have a link to a cryptocurrency. With micropayments, central banks can connect them to standard currencies. Once we have widespread adoption of micropayments, the way we do business will change.<\/span><\/p>\n\n\n\n<h2 class=\"wp-block-heading\">\u00c0 propos de l\u2019\u00e9tude de march\u00e9 sur les paiements P2P<\/h2>\n\n\n\n<p class=\"p2\"><span class=\"s1\"><a href=\"https:\/\/www.linkedin.com\/company\/sisinternationalresearch\/posts\/?feedView=all\" target=\"_blank\" rel=\"noopener\">SIS Research<\/a> offers Market Research services, including Consumer Research, Customer Loyalty, and Segmentation, Industry Tracking, Competitive Analysis, and FinTech Strategy Consulting. SIS provides Focus Groups, Surveys, Consumer Online Communities, and Global Market Expansion strategies. Call us today to schedule a consultation.<\/span><\/p>\n\n\n\n<h2 class=\"wp-block-heading\">Notre emplacement \u00e0 New York<\/h2>\n\n\n\n<p>\n\n\n\n<iframe loading=\"lazy\" src=\"https:\/\/www.google.com\/maps\/embed?pb=!1m18!1m12!1m3!1d3022.976188376966!2d-73.99130312499956!3d40.740549471389315!2m3!1f0!2f0!3f0!3m2!1i1024!2i768!4f13.1!3m3!1m2!1s0x89c259a15798c731%3A0xd695d09bdd495f25!2s11%20E%2022nd%20St%20FL%202%2C%20New%20York%2C%20NY%2010010%2C%20USA!5e0!3m2!1sen!2spe!4v1726171763526!5m2!1sen!2spe\" width=\"600\" height=\"450\" allowfullscreen=\"allowfullscreen\" data-mce-fragment=\"1\"><\/iframe>\n\n\n\n<\/p>\n\n\n\n<h3 class=\"wp-block-heading\">11 E 22nd Street, \u00e9tage 2, New York, NY 10010 T\u00e9l. : +1(212) 505-6805<\/h3>\n\n\n\n<hr class=\"wp-block-separator has-alpha-channel-opacity\"\/>\n\n\n\n<h2 class=\"wp-block-heading\"><span style=\"font-weight: 400;\">\u00c0 propos de SIS International<\/span><\/h2>\n\n\n\n<p><a href=\"https:\/\/www.sisinternational.com\/fr\/\"><span style=\"font-weight: 400;\">SIS International<\/span><\/a><span style=\"font-weight: 400;\"> propose des recherches quantitatives, qualitatives et strat\u00e9giques. Nous fournissons des donn\u00e9es, des outils, des strat\u00e9gies, des rapports et des informations pour la prise de d\u00e9cision. Nous menons \u00e9galement des entretiens, des enqu\u00eates, des groupes de discussion et d\u2019autres m\u00e9thodes et approches d\u2019\u00e9tudes de march\u00e9.<\/span><a href=\"https:\/\/www.sisinternational.com\/fr\/a-propos-de-la-recherche-internationale-sis\/contact-sis-international-market-research\/\"><span style=\"font-weight: 400;\"> Contactez nous<\/span><\/a><span style=\"font-weight: 400;\"> pour votre prochain projet d&#039;\u00e9tude de march\u00e9.<\/span><\/p>\n\n\n\n<p><\/p>","protected":false},"excerpt":{"rendered":"<p>Nous fournissons des \u00e9tudes de march\u00e9 sur les paiements peer-to-peer (P2P).<\/p>","protected":false},"author":1,"featured_media":71785,"parent":27462,"menu_order":28,"comment_status":"closed","ping_status":"closed","template":"","meta":{"footnotes":""},"class_list":["post-34666","page","type-page","status-publish","has-post-thumbnail"],"_links":{"self":[{"href":"https:\/\/www.sisinternational.com\/fr\/wp-json\/wp\/v2\/pages\/34666","targetHints":{"allow":["GET"]}}],"collection":[{"href":"https:\/\/www.sisinternational.com\/fr\/wp-json\/wp\/v2\/pages"}],"about":[{"href":"https:\/\/www.sisinternational.com\/fr\/wp-json\/wp\/v2\/types\/page"}],"author":[{"embeddable":true,"href":"https:\/\/www.sisinternational.com\/fr\/wp-json\/wp\/v2\/users\/1"}],"replies":[{"embeddable":true,"href":"https:\/\/www.sisinternational.com\/fr\/wp-json\/wp\/v2\/comments?post=34666"}],"version-history":[{"count":10,"href":"https:\/\/www.sisinternational.com\/fr\/wp-json\/wp\/v2\/pages\/34666\/revisions"}],"predecessor-version":[{"id":80122,"href":"https:\/\/www.sisinternational.com\/fr\/wp-json\/wp\/v2\/pages\/34666\/revisions\/80122"}],"up":[{"embeddable":true,"href":"https:\/\/www.sisinternational.com\/fr\/wp-json\/wp\/v2\/pages\/27462"}],"wp:featuredmedia":[{"embeddable":true,"href":"https:\/\/www.sisinternational.com\/fr\/wp-json\/wp\/v2\/media\/71785"}],"wp:attachment":[{"href":"https:\/\/www.sisinternational.com\/fr\/wp-json\/wp\/v2\/media?parent=34666"}],"curies":[{"name":"wp","href":"https:\/\/api.w.org\/{rel}","templated":true}]}}