{"id":34647,"date":"2020-02-26T05:51:08","date_gmt":"2020-02-26T05:51:08","guid":{"rendered":"https:\/\/www.sisinternational.com\/?page_id=34647"},"modified":"2026-01-26T18:57:27","modified_gmt":"2026-01-26T23:57:27","slug":"etude-de-marche-sur-lanalyse-des-donnees-bancaires","status":"publish","type":"page","link":"https:\/\/www.sisinternational.com\/fr\/solutions\/recherche-de-conseil-en-strategie-fintech\/etude-de-marche-sur-lanalyse-des-donnees-bancaires\/","title":{"rendered":"\u00c9tude de march\u00e9 sur l\u2019analyse des donn\u00e9es bancaires"},"content":{"rendered":"<h1 class=\"gb-headline gb-headline-5d1675a8 gb-headline-text\">\u00c9tude de march\u00e9 sur l\u2019analyse des donn\u00e9es bancaires<\/h1>\n\n\n\n<figure class=\"gb-block-image gb-block-image-49fecfeb\"><img loading=\"lazy\" decoding=\"async\" width=\"1456\" height=\"816\" class=\"gb-image gb-image-49fecfeb\" src=\"https:\/\/www.sisinternational.com\/wp-content\/uploads\/2025\/08\/Data-37.jpg\" alt=\"\u00c9tudes de march\u00e9 et strat\u00e9gie internationales SIS\" title=\"Data (37)\" srcset=\"https:\/\/www.sisinternational.com\/wp-content\/uploads\/2025\/08\/Data-37.jpg 1456w, https:\/\/www.sisinternational.com\/wp-content\/uploads\/2025\/08\/Data-37-300x168.jpg 300w, https:\/\/www.sisinternational.com\/wp-content\/uploads\/2025\/08\/Data-37-1024x574.jpg 1024w, https:\/\/www.sisinternational.com\/wp-content\/uploads\/2025\/08\/Data-37-768x430.jpg 768w, https:\/\/www.sisinternational.com\/wp-content\/uploads\/2025\/08\/Data-37-18x10.jpg 18w\" sizes=\"auto, (max-width: 1456px) 100vw, 1456px\"><\/figure>\n\n\n\n<h2 class=\"wp-block-heading\"><\/h2>\n\n\n\n<hr class=\"wp-block-separator has-alpha-channel-opacity is-style-dots\"\/>\n\n\n\n<h2 class=\"wp-block-heading p3\"><span class=\"s1\">L&#039;analyse des donn\u00e9es joue un r\u00f4le important dans le secteur bancaire<\/span><\/h2>\n\n\n\n<p class=\"p3\"><span class=\"s1\">Gaining the top position in the banking sector is not easy in today&#8217;s competitive world. Executives need a better understanding of banking details and current status, which plays a significant role in lifting the bank\u2019s position to the top. Banks can use a data analytics program to order and examine customer details. Such a program shows deposits and other transactions. It&#8217;s an excellent tool for customer retention and compliance.<\/span><\/p>\n\n\n\n<h2 class=\"wp-block-heading\"><strong>Comprendre les \u00e9tudes de march\u00e9 sur l\u2019analyse des donn\u00e9es bancaires<\/strong><\/h2>\n\n\n\n<p><span style=\"font-weight: 400;\">Bank <a href=\"https:\/\/www.sisinternational.com\/fr\/solutions\/ai-etudes-de-marche-et-conseil-en-strategie\/etude-de-marche-par-ia-en-science-des-donnees\/\" title=\"\u00c9tude de march\u00e9 sur l\u2019IA en science des donn\u00e9es\"  data-wpil-monitor-id=\"2403\">data analytics market research<\/a> analyzes customer behavior analysis, risk assessment, fraud detection, and operational optimization, among other elements. By leveraging advanced analytics tools and techniques, financial institutions gain invaluable insights into their operations, enabling them to make data-driven decisions that drive profitability and enhance customer satisfaction.<\/span><\/p>\n\n\n\n<h2 class=\"wp-block-heading\"><strong>Pourquoi les entreprises ont besoin d\u2019une \u00e9tude de march\u00e9 sur l\u2019analyse des donn\u00e9es bancaires<\/strong><\/h2>\n\n\n\n<figure class=\"gb-block-image gb-block-image-02a2b2f7\"><img loading=\"lazy\" decoding=\"async\" width=\"1456\" height=\"816\" class=\"gb-image gb-image-02a2b2f7\" src=\"https:\/\/www.sisinternational.com\/wp-content\/uploads\/2025\/08\/Data-38.jpg\" alt=\"\u00c9tudes de march\u00e9 et strat\u00e9gie internationales SIS\" title=\"Data (38)\" srcset=\"https:\/\/www.sisinternational.com\/wp-content\/uploads\/2025\/08\/Data-38.jpg 1456w, https:\/\/www.sisinternational.com\/wp-content\/uploads\/2025\/08\/Data-38-300x168.jpg 300w, https:\/\/www.sisinternational.com\/wp-content\/uploads\/2025\/08\/Data-38-1024x574.jpg 1024w, https:\/\/www.sisinternational.com\/wp-content\/uploads\/2025\/08\/Data-38-768x430.jpg 768w, https:\/\/www.sisinternational.com\/wp-content\/uploads\/2025\/08\/Data-38-18x10.jpg 18w\" sizes=\"auto, (max-width: 1456px) 100vw, 1456px\"><\/figure>\n\n\n\n<p><\/p>\n\n\n\n<p><span style=\"font-weight: 400;\"><a href=\"https:\/\/www.sisinternational.com\/fr\/mise-a-jour-des-tendances-bancaires-et-financieres-islamiques\/\" title=\"\u00c9tude de march\u00e9 sur la banque islamique\"  data-wpil-monitor-id=\"2869\">Bank data analytics market research<\/a> provides invaluable insights into customer trends, allowing banks to tailor their products and services effectively to meet evolving demands. It also enables banks to assess and mitigate various risks, including credit risks, market risks, and fraud risks.&nbsp;<\/span><\/p>\n\n\n\n<p><span style=\"font-weight: 400;\">Moreover, operational efficiency is essential for banks to optimize resources and streamline processes. Bank <a href=\"https:\/\/www.sisinternational.com\/fr\/competence\/les-industries\/etude-de-marche-sur-les-donnees-de-formation\/\" title=\"\u00c9tude de march\u00e9 sur les donn\u00e9es de formation\"  data-wpil-monitor-id=\"3424\">data analytics market research<\/a> helps banks identify inefficiencies, simplify workflows, and allocate resources effectively.&nbsp;&nbsp;<\/span><\/p>\n\n\n\n<p><span style=\"font-weight: 400;\">De plus, cette recherche aide les banques \u00e0 garantir la conformit\u00e9 aux normes r\u00e9glementaires en fournissant des informations sur les exigences r\u00e9glementaires et en surveillant les activit\u00e9s de conformit\u00e9\u2026 Mais elle offre de nombreux autres avantages, notamment\u00a0:<\/span><\/p>\n\n\n\n<p><b>\u2022 Exp\u00e9rience client am\u00e9lior\u00e9e\u00a0:<\/b><span style=\"font-weight: 400;\"> Bank <a href=\"https:\/\/www.sisinternational.com\/fr\/competence\/les-industries\/externalisation-de-lanalyse-des-donnees\/\" title=\"Externalisation des \u00e9tudes de march\u00e9 en mati\u00e8re de donn\u00e9es et d\u2019analyses\"  data-wpil-monitor-id=\"3668\">data analytics market research<\/a> allows banks to better understand their customers&#8217; needs, preferences, and behaviors. This insight enables them to tailor their products and services to meet customer expectations, deliver personalized experiences, and build stronger customer relationships.<\/span><\/p>\n\n\n\n<p><b>\u2022 D\u00e9tection et pr\u00e9vention de la fraude\u00a0:<\/b><span style=\"font-weight: 400;\"> Face \u00e0 la pr\u00e9valence croissante de la fraude dans le secteur bancaire, la d\u00e9tection et la pr\u00e9vention des activit\u00e9s frauduleuses constituent une priorit\u00e9 absolue pour les banques. Les \u00e9tudes de march\u00e9 sur l\u2019analyse des donn\u00e9es bancaires fournissent aux banques les outils et les capacit\u00e9s n\u00e9cessaires pour d\u00e9tecter les mod\u00e8les suspects et les anomalies dans les donn\u00e9es de transaction, leur permettant ainsi d\u2019identifier et de pr\u00e9venir la fraude en temps r\u00e9el.<\/span><\/p>\n\n\n\n<p><b>\u2022 Efficacit\u00e9 op\u00e9rationnelle\u00a0:<\/b><span style=\"font-weight: 400;\"> Cette recherche permet aux banques d&#039;analyser leurs processus op\u00e9rationnels, d&#039;identifier les domaines \u00e0 am\u00e9liorer et de rationaliser les flux de travail, conduisant ainsi \u00e0 une productivit\u00e9 et une efficacit\u00e9 accrues dans l&#039;ensemble de l&#039;organisation.<\/span><\/p>\n\n\n\n<h2 class=\"wp-block-heading\"><strong>En quoi les \u00e9tudes de march\u00e9 sur l\u2019analyse des donn\u00e9es bancaires diff\u00e8rent-elles des \u00e9tudes de march\u00e9 traditionnelles ?<\/strong><\/h2>\n\n\n\n<p><span style=\"font-weight: 400;\">Les \u00e9tudes de march\u00e9 sur l\u2019analyse des donn\u00e9es bancaires traitent de grands volumes de donn\u00e9es financi\u00e8res complexes, notamment des donn\u00e9es transactionnelles, des informations sur les clients, des donn\u00e9es de march\u00e9 et des donn\u00e9es r\u00e9glementaires. Les \u00e9tudes de march\u00e9 traditionnelles, en revanche, impliquent g\u00e9n\u00e9ralement la collecte et l&#039;analyse de donn\u00e9es provenant d&#039;enqu\u00eates, de groupes de discussion et de sources secondaires, qui peuvent ne pas \u00eatre aussi volumineuses ou complexes que les donn\u00e9es financi\u00e8res.<\/span><\/p>\n\n\n\n<p><span style=\"font-weight: 400;\">Additionally, bank data analytics market research often employs predictive analytics techniques to forecast future trends, identify risks, and make strategic decisions. Traditional market research may focus more on descriptive analytics to understand past trends and current market conditions.<\/span><\/p>\n\n\n\n<p><span style=\"font-weight: 400;\">En outre, <a href=\"https:\/\/www.sisinternational.com\/fr\/comprendre-le-systeme-bancaire-parallele-chinois\/\" title=\"Comprendre le syst\u00e8me bancaire parall\u00e8le chinois\"  data-wpil-monitor-id=\"4378\">\u00e9tude de march\u00e9 sur l&#039;analyse des donn\u00e9es bancaires<\/a> requires a thorough understanding of regulatory requirements and compliance standards, given the sensitive nature of financial data. Traditional market research may not have the same level of regulatory scrutiny, although ethical considerations and data privacy concerns are still relevant.<\/span><\/p>\n\n\n\n<h2 class=\"wp-block-heading\"><strong>Attendez-vous aux r\u00e9sultats de l\u2019\u00e9tude de march\u00e9 sur l\u2019analyse des donn\u00e9es bancaires<\/strong><\/h2>\n\n\n\n<figure class=\"gb-block-image gb-block-image-3ed670ee\"><img loading=\"lazy\" decoding=\"async\" width=\"1456\" height=\"816\" class=\"gb-image gb-image-3ed670ee\" src=\"https:\/\/www.sisinternational.com\/wp-content\/uploads\/2025\/08\/Data-33.jpg\" alt=\"\u00c9tudes de march\u00e9 et strat\u00e9gie internationales SIS\" title=\"Data (33)\" srcset=\"https:\/\/www.sisinternational.com\/wp-content\/uploads\/2025\/08\/Data-33.jpg 1456w, https:\/\/www.sisinternational.com\/wp-content\/uploads\/2025\/08\/Data-33-300x168.jpg 300w, https:\/\/www.sisinternational.com\/wp-content\/uploads\/2025\/08\/Data-33-1024x574.jpg 1024w, https:\/\/www.sisinternational.com\/wp-content\/uploads\/2025\/08\/Data-33-768x430.jpg 768w, https:\/\/www.sisinternational.com\/wp-content\/uploads\/2025\/08\/Data-33-18x10.jpg 18w\" sizes=\"auto, (max-width: 1456px) 100vw, 1456px\"><\/figure>\n\n\n\n<p><\/p>\n\n\n\n<p><span style=\"font-weight: 400;\">Businesses can expect several key results from conducting <a href=\"https:\/\/www.sisinternational.com\/fr\/couverture\/les-ameriques\/couverture-des-etats-unis\/etude-de-marche-a-key-west-en-floride\/\" title=\"\u00c9tude de march\u00e9 \u00e0 Key West, Floride\"  data-wpil-monitor-id=\"7157\">\u00e9tude de march\u00e9 sur l&#039;analyse des donn\u00e9es bancaires<\/a>. These results include:<\/span><\/p>\n\n\n\n<p><b>\u2022 Analyse compl\u00e8te des donn\u00e9es\u00a0:<\/b><span style=\"font-weight: 400;\"> L\u2019\u00e9tude de march\u00e9 sur l\u2019analyse des donn\u00e9es bancaires implique une analyse compl\u00e8te des donn\u00e9es financi\u00e8res, y compris les donn\u00e9es transactionnelles, les informations sur les clients, les donn\u00e9es de march\u00e9 et les donn\u00e9es r\u00e9glementaires. Les entreprises peuvent s&#039;attendre \u00e0 des informations approfondies sur leurs op\u00e9rations, le comportement des clients, les tendances du march\u00e9 et les exigences de conformit\u00e9 r\u00e9glementaire.<\/span><\/p>\n\n\n\n<p><b>\u2022 Solutions personnalis\u00e9es\u00a0:<\/b><span style=\"font-weight: 400;\"> Bank data analytics market research provides customized solutions tailored to the specific needs and objectives of banking sector businesses.&nbsp;<\/span><\/p>\n\n\n\n<p><b>\u2022 Conformit\u00e9 r\u00e9glementaire\u00a0:<\/b><span style=\"font-weight: 400;\"> Les \u00e9tudes de march\u00e9 garantissent la conformit\u00e9 r\u00e9glementaire en adh\u00e9rant aux normes du secteur et aux meilleures pratiques en mati\u00e8re de traitement des donn\u00e9es financi\u00e8res sensibles. Les entreprises peuvent s&#039;attendre \u00e0 des mesures robustes de s\u00e9curit\u00e9 des donn\u00e9es, \u00e0 des pratiques de traitement des donn\u00e9es \u00e9thiques et au respect des exigences r\u00e9glementaires pour prot\u00e9ger la vie priv\u00e9e et la confidentialit\u00e9 des clients.<\/span><\/p>\n\n\n\n<p><b>\u2022 Recommandations strat\u00e9giques\u00a0:<\/b><span style=\"font-weight: 400;\"> Il fournit des recommandations strat\u00e9giques bas\u00e9es sur des informations bas\u00e9es sur des donn\u00e9es, permettant aux entreprises de prendre des d\u00e9cisions \u00e9clair\u00e9es qui stimulent la croissance et la rentabilit\u00e9.&nbsp;<\/span><\/p>\n\n\n\n<h2 class=\"wp-block-heading\"><strong>Tendances actuelles des \u00e9tudes de march\u00e9 sur l\u2019analyse des donn\u00e9es bancaires<\/strong><\/h2>\n\n\n\n<p><span style=\"font-weight: 400;\">Several current trends are shaping the landscape of <a href=\"https:\/\/www.sisinternational.com\/fr\/competence\/les-industries\/etude-de-marche-de-suivi-des-tendances\/\" title=\"\u00c9tude de march\u00e9 sur le suivi des tendances\"  data-wpil-monitor-id=\"5458\">\u00e9tude de march\u00e9 sur l&#039;analyse des donn\u00e9es bancaires<\/a>. Some of these trends include:<\/span><\/p>\n\n\n\n<p><b>\u2022 Apprentissage automatique et IA\u00a0:<\/b><span style=\"font-weight: 400;\"> Machine learning and artificial intelligence (AI) are increasingly adopted in bank data analytics market research to enhance predictive modeling, risk assessment, and customer segmentation. Banks leverage machine learning algorithms to analyze customer behavior, detect anomalies, and personalize banking experiences, improving customer satisfaction and retention.<\/span><\/p>\n\n\n\n<p><b>\u2022 D\u00e9tection et pr\u00e9vention de la fraude\u00a0:<\/b><span style=\"font-weight: 400;\"> With the rise of sophisticated cyber threats and financial fraud, banks prioritize fraud detection and prevention in their data analytics initiatives. Advanced analytics techniques, such as anomaly detection and pattern recognition, are being employed to identify fraudulent activities in real-time, helping banks mitigate risks and protect their assets and customers.<\/span><\/p>\n\n\n\n<p><b>\u2022 Optimisation de l&#039;exp\u00e9rience client\u00a0:<\/b><span style=\"font-weight: 400;\"> L&#039;am\u00e9lioration de l&#039;exp\u00e9rience client est devenue un point central pour les banques, conduisant \u00e0 l&#039;adoption de l&#039;analyse des donn\u00e9es pour comprendre les pr\u00e9f\u00e9rences des clients, pr\u00e9dire leurs besoins et offrir des exp\u00e9riences bancaires personnalis\u00e9es. Les banques exploitent l&#039;analyse des donn\u00e9es pour optimiser les canaux num\u00e9riques, personnaliser les offres de produits et am\u00e9liorer l&#039;engagement client, conduisant ainsi \u00e0 une plus grande satisfaction et fid\u00e9lit\u00e9 des clients.<\/span><\/p>\n\n\n\n<h2 class=\"wp-block-heading\"><strong>Opportunit\u00e9s dans les \u00e9tudes de march\u00e9 sur l\u2019analyse des donn\u00e9es bancaires pour les entreprises<\/strong><\/h2>\n\n\n\n<p><span style=\"font-weight: 400;\">Les entreprises du secteur bancaire peuvent capitaliser sur plusieurs opportunit\u00e9s offertes par les \u00e9tudes de march\u00e9 sur l\u2019analyse des donn\u00e9es bancaires. Ces opportunit\u00e9s comprennent\u00a0:<\/span><\/p>\n\n\n\n<ul class=\"wp-block-list\">\n<li><b>Informations client am\u00e9lior\u00e9es\u00a0:<\/b><span style=\"font-weight: 400;\"> Les \u00e9tudes de march\u00e9 sur l\u2019analyse des donn\u00e9es bancaires fournissent aux entreprises des informations am\u00e9lior\u00e9es sur le comportement, les pr\u00e9f\u00e9rences et les besoins des clients.\u00a0<\/span><\/li>\n\n\n\n<li><b>Optimisation de la gestion des risques\u00a0:<\/b><span style=\"font-weight: 400;\"> Les \u00e9tudes de march\u00e9 sur l\u2019analyse des donn\u00e9es bancaires permettent aux entreprises d\u2019optimiser leurs strat\u00e9gies de gestion des risques en identifiant et en att\u00e9nuant les risques potentiels en temps r\u00e9el.\u00a0<\/span><\/li>\n\n\n\n<li><b>Innovation du produit:<\/b><span style=\"font-weight: 400;\"> Les \u00e9tudes de march\u00e9 sur l\u2019analyse des donn\u00e9es bancaires permettent aux entreprises d\u2019innover et de d\u00e9velopper de nouveaux produits et services qui r\u00e9pondent aux besoins \u00e9mergents des clients et aux tendances du march\u00e9.\u00a0<\/span><\/li>\n<\/ul>\n\n\n\n<h2 class=\"wp-block-heading\"><strong>D\u00e9fis de l\u2019\u00e9tude de march\u00e9 sur l\u2019analyse des donn\u00e9es bancaires pour les entreprises<\/strong><\/h2>\n\n\n\n<figure class=\"gb-block-image gb-block-image-bf86607a\"><img loading=\"lazy\" decoding=\"async\" width=\"1456\" height=\"816\" class=\"gb-image gb-image-bf86607a\" src=\"https:\/\/www.sisinternational.com\/wp-content\/uploads\/2025\/08\/Bank-9.jpg\" alt=\"\u00c9tudes de march\u00e9 et strat\u00e9gie internationales SIS\" title=\"Bank (9)\" srcset=\"https:\/\/www.sisinternational.com\/wp-content\/uploads\/2025\/08\/Bank-9.jpg 1456w, https:\/\/www.sisinternational.com\/wp-content\/uploads\/2025\/08\/Bank-9-300x168.jpg 300w, https:\/\/www.sisinternational.com\/wp-content\/uploads\/2025\/08\/Bank-9-1024x574.jpg 1024w, https:\/\/www.sisinternational.com\/wp-content\/uploads\/2025\/08\/Bank-9-768x430.jpg 768w, https:\/\/www.sisinternational.com\/wp-content\/uploads\/2025\/08\/Bank-9-18x10.jpg 18w\" sizes=\"auto, (max-width: 1456px) 100vw, 1456px\"><\/figure>\n\n\n\n<p><\/p>\n\n\n\n<p><span style=\"font-weight: 400;\">Les entreprises du secteur bancaire sont confront\u00e9es \u00e0 plusieurs d\u00e9fis pour exploiter efficacement l\u2019analyse des donn\u00e9es. Ces d\u00e9fis comprennent\u00a0:<\/span><\/p>\n\n\n\n<ul class=\"wp-block-list\">\n<li><b>\u00c9cart de talents et de comp\u00e9tences\u00a0:<\/b><span style=\"font-weight: 400;\"> Another challenge is the shortage of skilled data analytics professionals with expertise in banking and finance. Banks require diverse skills, including data science, statistical analysis, and domain knowledge in banking operations.\u00a0<\/span><\/li>\n\n\n\n<li><b>Complexit\u00e9 de la conformit\u00e9 r\u00e9glementaire\u00a0:<\/b><span style=\"font-weight: 400;\"> Banks operate in a highly regulated environment with stringent compliance requirements. Implementing data analytics solutions while ensuring compliance with GDPR, CCPA, and Basel III regulations poses significant challenges.<\/span><\/li>\n\n\n\n<li><b>Probl\u00e8mes d\u2019\u00e9thique et de partialit\u00e9\u00a0:<\/b> Les consid\u00e9rations \u00e9thiques et les pr\u00e9jug\u00e9s dans l\u2019analyse des donn\u00e9es pr\u00e9sentent des d\u00e9fis pour les banques. L\u2019analyse de grands volumes de donn\u00e9es peut conduire par inadvertance \u00e0 des r\u00e9sultats biais\u00e9s ou \u00e0 des pratiques contraires \u00e0 l\u2019\u00e9thique, soulevant des inqui\u00e9tudes quant \u00e0 l\u2019\u00e9quit\u00e9, \u00e0 la transparence et \u00e0 la responsabilit\u00e9.<\/li>\n<\/ul>\n\n\n\n<h2 class=\"wp-block-heading\"><strong>Key Elements to Consider in Bank Data Analytics Market Research<\/strong><\/h2>\n\n\n\n<h3 class=\"wp-block-heading\">Satisfaction des clients<\/h3>\n\n\n\n<p class=\"p3\"><span class=\"s1\">Customer Satisfaction is crucial to achieving excellent business results. It helps retain existing customers and attract new ones. Banks generally inform customers about the details of the latest offers and other exciting deals through emails and messages. <\/span><\/p>\n\n\n\n<p class=\"p3\"><span class=\"s1\">L&#039;assistance \u00e0 tout moment est l&#039;un des meilleurs avantages du secteur bancaire actuel. La majorit\u00e9 des principaux secteurs bancaires disposent d\u00e9sormais d\u2019un support client 24h\/24 et 7j\/7. Cela peut augmenter le nombre de clients et d\u2019investisseurs dans le domaine bancaire. <\/span><\/p>\n\n\n\n<p class=\"p3\"><span class=\"s1\">The monitoring of phone numbers and tracking codes is critical. It helps bankers get details about transactions and other banking details. The use of a data analytics program in the banking sector can reduce labor costs. It assures instant access to customer details and reduces the risk of time and money loss. Delays in banking transactions can cause the bank to lose customers. Banks can prevent customer loss by using data analytics.<\/span><\/p>\n\n\n\n<h3 class=\"wp-block-heading\">Apprentissage automatique<\/h3>\n\n\n\n<p class=\"p3\"><span class=\"s1\">Machine learning in banking is essential. It helps bankers achieve the best results in today&#8217;s marketing world. At present, many online services are available worldwide. These services provide training in machine learning. How do we use data science in banking? By using the right software programs. Artificial Intelligence (AI) is one of the best tools for promoting banking sectors.<\/span><\/p>\n\n\n\n<h3 class=\"wp-block-heading\">Fid\u00e9lisation de la client\u00e8le<\/h3>\n\n\n\n<p class=\"p3\"><span class=\"s1\">Customer retention is crucial for uplifting the bank&#8217;s value. Data analytics can help banks manage customer acquisition costs, and even better, it does so effectively. Customer segmentation is critical. It provides details of new offers and other exciting sales. Artificial intelligence helps bank marketers pick the targeted group or audience, dramatically extending customer lifetime value.<\/span><\/p>\n\n\n\n<h3 class=\"wp-block-heading\">Intelligence artificielle<\/h3>\n\n\n\n<p class=\"p3\"><span class=\"s1\">Finding new sources of growth is crucial to boosting profits. Your bank will need AI tools for this search, and it can also benefit from our expertise at SIS International.<\/span><\/p>\n\n\n\n<h3 class=\"wp-block-heading\">La mod\u00e9lisation des donn\u00e9es<\/h3>\n\n\n\n<p class=\"p3\"><span class=\"s1\">The shift from traditional to digital bank services calls for new techniques. For example, at SIS International, we use data modeling. This technique documents software and business system design. Financial institutions can move faster and smarter with real-time data, since it improves customer experience, boosts financial performance, and manages risk. It&#8217;s also helpful in developing an HR Talent Strategy with Data Scientists.<\/span><\/p>\n\n\n\n<h2 class=\"wp-block-heading\">\u00c0 propos de l\u2019\u00e9tude de march\u00e9 sur l\u2019analyse des donn\u00e9es bancaires<\/h2>\n\n\n\n<p class=\"p3\"><span class=\"s1\">Having data is not enough. Banks need data quality controls. These controls ensure that the information they have is accessible and trustworthy, allowing them to remain competitive and compliant. They also need to know that they&#8217;re getting decent Returns on Assets (ROA) and Returns on Equity (ROE).<\/span><\/p>\n\n\n\n<p class=\"p3\"><span class=\"s1\">SIS International propose les solutions suivantes :<\/span><\/p>\n\n\n\n<ul class=\"wp-block-list\">\n<li><span class=\"s1\">Visualisation de donn\u00e9es<\/span><\/li>\n\n\n\n<li><span class=\"s1\">Conseil statistique<\/span><\/li>\n\n\n\n<li><span class=\"s1\">Analyse de r\u00e9gression<\/span><\/li>\n\n\n\n<li><span class=\"s1\">Analyse conjointe<\/span><\/li>\n\n\n\n<li><span class=\"s1\">Analyses pr\u00e9dictives<\/span><\/li>\n\n\n\n<li><span class=\"s1\">ANOVA<\/span><\/li>\n\n\n\n<li><span class=\"s1\">Analyse Monte-Carlo<\/span><\/li>\n\n\n\n<li><span class=\"s1\">La mod\u00e9lisation des donn\u00e9es<\/span><\/li>\n\n\n\n<li><span class=\"s1\">Paquet de statistiques g\u00e9n\u00e9rales<\/span><\/li>\n\n\n\n<li><span class=\"s1\">Analyse de bo\u00eete<\/span><\/li>\n\n\n\n<li><span class=\"s1\">Intervalles de confiance<\/span><\/li>\n\n\n\n<li><span class=\"s1\">Analyse des valeurs aberrantes<\/span><\/li>\n\n\n\n<li><span class=\"s1\">Analyse de distribution, d&#039;asym\u00e9trie et d&#039;aplatissement<\/span><\/li>\n\n\n\n<li><span class=\"s1\">Alpha, F-stat, valeur p, etc.<\/span><\/li>\n\n\n\n<li><span class=\"s1\">Analyse ROA et ROE<\/span><\/li>\n\n\n\n<li><span class=\"s1\">Analyse d\u00e9saisonnalis\u00e9e<\/span><\/li>\n<\/ul>\n\n\n\n<h2 class=\"wp-block-heading\">Notre emplacement \u00e0 New York<\/h2>\n\n\n\n<p>  <iframe loading=\"lazy\" src=\"https:\/\/www.google.com\/maps\/embed?pb=!1m18!1m12!1m3!1d3022.976188376966!2d-73.99130312499956!3d40.740549471389315!2m3!1f0!2f0!3f0!3m2!1i1024!2i768!4f13.1!3m3!1m2!1s0x89c259a15798c731%3A0xd695d09bdd495f25!2s11%20E%2022nd%20St%20FL%202%2C%20New%20York%2C%20NY%2010010%2C%20USA!5e0!3m2!1sen!2spe!4v1726171763526!5m2!1sen!2spe\" width=\"600\" height=\"450\" allowfullscreen=\"allowfullscreen\" data-mce-fragment=\"1\"><\/iframe>  <\/p>\n\n\n\n<h3 class=\"wp-block-heading\">11 E 22nd Street, \u00e9tage 2, New York, NY 10010 T\u00e9l. : +1(212) 505-6805<\/h3>\n\n\n\n<hr class=\"wp-block-separator has-alpha-channel-opacity\"\/>\n\n\n\n<h2 class=\"wp-block-heading\"><span style=\"font-weight: 400;\">\u00c0 propos de SIS International<\/span><\/h2>\n\n\n\n<p><a href=\"https:\/\/www.sisinternational.com\/fr\/\"><span style=\"font-weight: 400;\">SIS International<\/span><\/a><span style=\"font-weight: 400;\"> propose des recherches quantitatives, qualitatives et strat\u00e9giques. Nous fournissons des donn\u00e9es, des outils, des strat\u00e9gies, des rapports et des informations pour la prise de d\u00e9cision. Nous menons \u00e9galement des entretiens, des enqu\u00eates, des groupes de discussion et d\u2019autres m\u00e9thodes et approches d\u2019\u00e9tudes de march\u00e9.<\/span><a href=\"https:\/\/www.sisinternational.com\/fr\/a-propos-de-la-recherche-internationale-sis\/contact-sis-international-market-research\/\"><span style=\"font-weight: 400;\"> Contactez nous<\/span><\/a><span style=\"font-weight: 400;\"> pour votre prochain projet d&#039;\u00e9tude de march\u00e9.<\/span><\/p>\n\n\n\n<p><\/p>","protected":false},"excerpt":{"rendered":"<p>Nous fournissons des \u00e9tudes de march\u00e9 sur l\u2019analyse des donn\u00e9es bancaires pour am\u00e9liorer vos performances.<\/p>","protected":false},"author":1,"featured_media":64375,"parent":27462,"menu_order":25,"comment_status":"closed","ping_status":"closed","template":"","meta":{"footnotes":""},"class_list":["post-34647","page","type-page","status-publish","has-post-thumbnail"],"_links":{"self":[{"href":"https:\/\/www.sisinternational.com\/fr\/wp-json\/wp\/v2\/pages\/34647","targetHints":{"allow":["GET"]}}],"collection":[{"href":"https:\/\/www.sisinternational.com\/fr\/wp-json\/wp\/v2\/pages"}],"about":[{"href":"https:\/\/www.sisinternational.com\/fr\/wp-json\/wp\/v2\/types\/page"}],"author":[{"embeddable":true,"href":"https:\/\/www.sisinternational.com\/fr\/wp-json\/wp\/v2\/users\/1"}],"replies":[{"embeddable":true,"href":"https:\/\/www.sisinternational.com\/fr\/wp-json\/wp\/v2\/comments?post=34647"}],"version-history":[{"count":12,"href":"https:\/\/www.sisinternational.com\/fr\/wp-json\/wp\/v2\/pages\/34647\/revisions"}],"predecessor-version":[{"id":80718,"href":"https:\/\/www.sisinternational.com\/fr\/wp-json\/wp\/v2\/pages\/34647\/revisions\/80718"}],"up":[{"embeddable":true,"href":"https:\/\/www.sisinternational.com\/fr\/wp-json\/wp\/v2\/pages\/27462"}],"wp:featuredmedia":[{"embeddable":true,"href":"https:\/\/www.sisinternational.com\/fr\/wp-json\/wp\/v2\/media\/64375"}],"wp:attachment":[{"href":"https:\/\/www.sisinternational.com\/fr\/wp-json\/wp\/v2\/media?parent=34647"}],"curies":[{"name":"wp","href":"https:\/\/api.w.org\/{rel}","templated":true}]}}