{"id":34608,"date":"2020-02-17T16:09:02","date_gmt":"2020-02-17T16:09:02","guid":{"rendered":"https:\/\/www.sisinternational.com\/?page_id=34608"},"modified":"2026-01-27T16:50:38","modified_gmt":"2026-01-27T21:50:38","slug":"etude-de-marche-anti-blanchiment-dargent","status":"publish","type":"page","link":"https:\/\/www.sisinternational.com\/fr\/solutions\/recherche-de-conseil-en-strategie-fintech\/etude-de-marche-anti-blanchiment-dargent\/","title":{"rendered":"Anti Money Laundering Market Research"},"content":{"rendered":"<h1 class=\"wp-block-heading\">Anti Money Laundering Market Research<\/h1>\n\n\n\n<figure class=\"gb-block-image gb-block-image-513ad044\"><img loading=\"lazy\" decoding=\"async\" width=\"1456\" height=\"816\" class=\"gb-image gb-image-513ad044\" src=\"https:\/\/www.sisinternational.com\/wp-content\/uploads\/2025\/08\/Bank-6-1.jpg\" alt=\"\u00c9tudes de march\u00e9 et strat\u00e9gie internationales SIS\" title=\"Bank (6)\" srcset=\"https:\/\/www.sisinternational.com\/wp-content\/uploads\/2025\/08\/Bank-6-1.jpg 1456w, https:\/\/www.sisinternational.com\/wp-content\/uploads\/2025\/08\/Bank-6-1-300x168.jpg 300w, https:\/\/www.sisinternational.com\/wp-content\/uploads\/2025\/08\/Bank-6-1-1024x574.jpg 1024w, https:\/\/www.sisinternational.com\/wp-content\/uploads\/2025\/08\/Bank-6-1-768x430.jpg 768w, https:\/\/www.sisinternational.com\/wp-content\/uploads\/2025\/08\/Bank-6-1-18x10.jpg 18w\" sizes=\"auto, (max-width: 1456px) 100vw, 1456px\"><\/figure>\n\n\n\n<hr class=\"wp-block-separator has-alpha-channel-opacity is-style-dots\"\/>\n\n\n\n<h2 class=\"wp-block-heading p3\"><span class=\"s1\">Des solutions pour aider les entreprises \u00e0 lutter contre le blanchiment d&#039;argent et \u00e0 promouvoir la conformit\u00e9<\/span><\/h2>\n\n\n\n<p class=\"p3\"><span class=\"s1\">What is Money Laundering? Money laundering is the process of legitimizing the proceeds of crime. It involves introducing the money into the legal financial system. The cash is then circulated into different accounts to create\u00a0confusion. Finally, the launderer integrates the funds into the financial system. Such money often encourages acts of terrorism and drug trafficking.<\/span><\/p>\n\n\n\n<h2 class=\"wp-block-heading\"><strong>Understanding Anti Money Laundering Market Research<\/strong><\/h2>\n\n\n\n<p><span style=\"font-weight: 400;\">AML market research aims to identify, assess, and mitigate the risks associated with money laundering and other illicit financial activities. This research involves analyzing vast amounts of financial data, transaction patterns, customer behavior, and regulatory requirements to develop robust strategies and tools for detecting and preventing money laundering activities.&nbsp;<\/span><\/p>\n\n\n\n<p><span style=\"font-weight: 400;\">Anti-money laundering market research aims to enable businesses and regulatory authorities to stay ahead of emerging trends, evolving threats, and regulatory changes in the financial landscape. Moreover, anti-money laundering market <a href=\"https:\/\/www.sisinternational.com\/fr\/sante-intelligente\/\" title=\"\u00c9tude de march\u00e9 sur la sant\u00e9 intelligente\"  data-wpil-monitor-id=\"7627\">research facilitates the development of innovative solutions<\/a> and best practices for enhancing the effectiveness and efficiency of anti-money laundering efforts across various sectors of the economy.<\/span><\/p>\n\n\n\n<h2 class=\"wp-block-heading\"><strong>Why Is Anti Money Laundering Market Research So Important?<\/strong><\/h2>\n\n\n\n<figure class=\"gb-block-image gb-block-image-ba7b2bd7\"><img loading=\"lazy\" decoding=\"async\" width=\"1456\" height=\"816\" class=\"gb-image gb-image-ba7b2bd7\" src=\"https:\/\/www.sisinternational.com\/wp-content\/uploads\/2025\/08\/Bank-4.jpg\" alt=\"\u00c9tudes de march\u00e9 et strat\u00e9gie internationales SIS\" title=\"Bank (4)\" srcset=\"https:\/\/www.sisinternational.com\/wp-content\/uploads\/2025\/08\/Bank-4.jpg 1456w, https:\/\/www.sisinternational.com\/wp-content\/uploads\/2025\/08\/Bank-4-300x168.jpg 300w, https:\/\/www.sisinternational.com\/wp-content\/uploads\/2025\/08\/Bank-4-1024x574.jpg 1024w, https:\/\/www.sisinternational.com\/wp-content\/uploads\/2025\/08\/Bank-4-768x430.jpg 768w, https:\/\/www.sisinternational.com\/wp-content\/uploads\/2025\/08\/Bank-4-18x10.jpg 18w\" sizes=\"auto, (max-width: 1456px) 100vw, 1456px\"><\/figure>\n\n\n\n<p><\/p>\n\n\n\n<p><span style=\"font-weight: 400;\">AML market research provides valuable insights and intelligence that empower organizations to effectively detect, prevent, and disrupt illicit financial activities. Furthermore, anti-money laundering market research enables businesses to stay abreast of evolving regulatory requirements and international standards related to anti-money laundering efforts.&nbsp;<\/span><\/p>\n\n\n\n<p><span style=\"font-weight: 400;\">Anti-money laundering market research also equips businesses with the knowledge and expertise to navigate complex regulatory landscapes, implement effective AML compliance programs, and demonstrate their commitment to combating money laundering. In any case, AML market research brings several other benefits such as:<\/span><\/p>\n\n\n\n<p><b>\u2022 Pratiques de conformit\u00e9 am\u00e9lior\u00e9es\u00a0:<\/b><span style=\"font-weight: 400;\"> Regulatory landscapes continually evolve, and AML market research provides the intelligence needed to adapt to these changes seamlessly.<\/span><\/p>\n\n\n\n<p><b>\u2022 Sauvegarde de la r\u00e9putation\u00a0:<\/b><span style=\"font-weight: 400;\"> Dans le monde interconnect\u00e9 de la finance, la r\u00e9putation est inestimable. Les \u00e9tudes de march\u00e9 sur la lutte contre le blanchiment d&#039;argent aident les organisations \u00e0 maintenir leur int\u00e9grit\u00e9 en emp\u00eachant toute association avec des activit\u00e9s de blanchiment d&#039;argent.<\/span><\/p>\n\n\n\n<p><b>\u2022 Efficacit\u00e9 op\u00e9rationnelle\u00a0:<\/b><span style=\"font-weight: 400;\"> AML market research can uncover opportunities to streamline and enhance operational processes.&nbsp;<\/span><\/p>\n\n\n\n<h2 class=\"wp-block-heading p5\"><span class=\"s1\">History of Anti Money Laundering <\/span><\/h2>\n\n\n\n<p class=\"p3\"><span class=\"s1\">La loi sur le secret bancaire, cr\u00e9\u00e9e en 1970, constitue une couche de s\u00e9curit\u00e9 contre les d\u00e9lits financiers. La loi fournit aux autorit\u00e9s de r\u00e9gulation les outils ad\u00e9quats pour lutter contre le blanchiment d\u2019argent. Le Congr\u00e8s a adopt\u00e9 le Patriot Act, qui fixe les exigences de conformit\u00e9 en 2001. La loi a donn\u00e9 aux autorit\u00e9s des pouvoirs et de nouvelles id\u00e9es pour lutter contre le blanchiment d&#039;argent. Il s&#039;est \u00e9galement attaqu\u00e9 au financement du terrorisme. <\/span><\/p>\n\n\n\n<p class=\"p3\"><span class=\"s1\">The Patriot Act requires all financial institutions to conduct customer due diligence. This process involves identifying a customer\u2019s details and maintaining personal data and records for future reference. Banks now have to check whether a customer is on the wanted list of criminals in the country. They are also mandated to confirm the nature of a client&#8217;s business and its legality.<\/span><\/p>\n\n\n\n<h2 class=\"wp-block-heading\"><strong>When to Conduct Anti Money Laundering Market Research<\/strong><\/h2>\n\n\n\n<p><span style=\"font-weight: 400;\">Les \u00e9tudes de march\u00e9 sur la lutte contre le blanchiment d\u2019argent sont essentielles pour les organisations qui cherchent \u00e0 renforcer leur s\u00e9curit\u00e9 financi\u00e8re \u2013 et il existe certains indicateurs pour envisager cette d\u00e9cision strat\u00e9gique\u00a0:<\/span><\/p>\n\n\n\n<p><b><span style=\"font-weight: 400;\">- <\/span>Surveillance r\u00e9glementaire accrue\u00a0:<\/b><span style=\"font-weight: 400;\"> Rising regulatory scrutiny signals organizations to reevaluate their AML strategies. If regulatory authorities are intensifying their focus on financial crime prevention, businesses should proactively conduct AML market research to align with the latest compliance requirements.<\/span><\/p>\n\n\n\n<p><b><span style=\"font-weight: 400;\">- <\/span>Changements dans les op\u00e9rations commerciales\u00a0:<\/b><span style=\"font-weight: 400;\"> Any significant changes in the nature or scale of business operations should prompt a thorough anti-money laundering market research initiative. Expansion into new markets, introducing innovative products or services, or modifying transaction volumes may necessitate an updated AML strategy.<\/span><\/p>\n\n\n\n<p><span style=\"font-weight: 400;\">- <\/span><b>Augmentation notable du volume des transactions\u00a0:<\/b><span style=\"font-weight: 400;\"> Une augmentation soudaine du volume des transactions peut indiquer la n\u00e9cessit\u00e9 de m\u00e9canismes AML plus robustes. Des volumes de transactions \u00e9lev\u00e9s peuvent potentiellement dissimuler des activit\u00e9s de blanchiment d\u2019argent, ce qui rend essentiel pour les organisations de mener des \u00e9tudes de march\u00e9 sur la lutte contre le blanchiment d\u2019argent et d\u2019adapter leurs strat\u00e9gies en cons\u00e9quence.<\/span><\/p>\n\n\n\n<h2 class=\"wp-block-heading\"><strong>En quoi les \u00e9tudes de march\u00e9 sur la lutte contre le blanchiment d\u2019argent diff\u00e8rent-elles des \u00e9tudes de march\u00e9 traditionnelles ?<\/strong><\/h2>\n\n\n\n<figure class=\"gb-block-image gb-block-image-29623692\"><img loading=\"lazy\" decoding=\"async\" width=\"1456\" height=\"816\" class=\"gb-image gb-image-29623692\" src=\"https:\/\/www.sisinternational.com\/wp-content\/uploads\/2025\/08\/Bank-3-1.jpg\" alt=\"\u00c9tudes de march\u00e9 et strat\u00e9gie internationales SIS\" title=\"Bank (3)\" srcset=\"https:\/\/www.sisinternational.com\/wp-content\/uploads\/2025\/08\/Bank-3-1.jpg 1456w, https:\/\/www.sisinternational.com\/wp-content\/uploads\/2025\/08\/Bank-3-1-300x168.jpg 300w, https:\/\/www.sisinternational.com\/wp-content\/uploads\/2025\/08\/Bank-3-1-1024x574.jpg 1024w, https:\/\/www.sisinternational.com\/wp-content\/uploads\/2025\/08\/Bank-3-1-768x430.jpg 768w, https:\/\/www.sisinternational.com\/wp-content\/uploads\/2025\/08\/Bank-3-1-18x10.jpg 18w\" sizes=\"auto, (max-width: 1456px) 100vw, 1456px\"><\/figure>\n\n\n\n<p><\/p>\n\n\n\n<p><span style=\"font-weight: 400;\">Anti-money laundering market research prioritizes identifying and preventing financial crimes such as money laundering, terrorist financing, and fraud. Its primary objective is to detect and mitigate risks associated with illicit financial activities rather than analyzing consumer preferences or market demand.<\/span><\/p>\n\n\n\n<p><span style=\"font-weight: 400;\">Moreover, AML market research is inherently guided by regulatory frameworks and compliance requirements established by financial authorities and international organizations. While traditional market research may incorporate regulatory considerations, its main emphasis is understanding consumer behavior and market dynamics.&nbsp;<\/span><\/p>\n\n\n\n<p><span style=\"font-weight: 400;\">While both traditional market research and anti-money laundering market research adhere to ethical principles and legal frameworks, the latter emphasizes compliance with anti-money laundering laws and regulations. AML market research practitioners must navigate complex legal and regulatory landscapes governing financial transactions, privacy, and data protection to ensure the ethical conduct of research activities.<\/span><\/p>\n\n\n\n<h2 class=\"wp-block-heading\"><strong>What to Expect from Anti Money Laundering Market Research<\/strong><\/h2>\n\n\n\n<p><span style=\"font-weight: 400;\">Les \u00e9tudes de march\u00e9 sur la lutte contre le blanchiment d\u2019argent offrent des informations compl\u00e8tes et des strat\u00e9gies adapt\u00e9es pour lutter contre la criminalit\u00e9 financi\u00e8re et garantir la conformit\u00e9 r\u00e9glementaire au sein du secteur financier. Voici ce que les entreprises peuvent attendre d\u2019une \u00e9tude de march\u00e9 AML\u00a0:<\/span><\/p>\n\n\n\n<p><b>\u2022 \u00c9valuation approfondie des risques\u00a0:<\/b><span style=\"font-weight: 400;\"> Anti money laundering market research conducts thorough risk assessments to identify vulnerabilities and potential threats associated with money laundering, terrorist financing, and other illicit activities.<\/span><\/p>\n\n\n\n<p><b>\u2022 Conseils de conformit\u00e9 r\u00e9glementaire\u00a0:<\/b><span style=\"font-weight: 400;\"> Anti money laundering market research provides guidance and expertise on navigating complex regulatory frameworks governing anti-money laundering activities.<\/span><\/p>\n\n\n\n<p><b>\u2022 Solutions et outils technologiques\u00a0: <\/b><span style=\"font-weight: 400;\"> Anti money laundering market research leverages cutting-edge technologies such as artificial intelligence, machine learning, and blockchain to develop innovative solutions for detecting and preventing financial crimes.<\/span><\/p>\n\n\n\n<p><b>\u2022 Collaboration intersectorielle\u00a0:<\/b><span style=\"font-weight: 400;\"> Anti money laundering <a href=\"https:\/\/www.sisinternational.com\/fr\/competence\/les-industries\/etude-de-marche-sur-lindustrie-du-covoiturage\/\" title=\"\u00c9tude de march\u00e9 sur le covoiturage\"  data-wpil-monitor-id=\"6384\">market research encourages collaboration and information sharing<\/a> among financial institutions, regulatory bodies, law enforcement agencies, and other stakeholders in combating financial crimes.<\/span><\/p>\n\n\n\n<p><b>\u2022 Suivi et \u00e9valuation continus\u00a0:<\/b><span style=\"font-weight: 400;\"> Anti money laundering market research emphasizes the importance of monitoring and evaluating anti-money laundering measures to ensure their effectiveness and relevance in mitigating evolving risks.<\/span><\/p>\n\n\n\n<h2 class=\"wp-block-heading p5\"><span class=\"s1\">Gestion des risques pour la LBC<\/span><\/h2>\n\n\n\n<figure class=\"gb-block-image gb-block-image-65012399\"><img loading=\"lazy\" decoding=\"async\" width=\"1456\" height=\"816\" class=\"gb-image gb-image-65012399\" src=\"https:\/\/www.sisinternational.com\/wp-content\/uploads\/2025\/08\/Bank-1.jpg\" alt=\"\u00c9tudes de march\u00e9 et strat\u00e9gie internationales SIS\" title=\"Bank (1)\" srcset=\"https:\/\/www.sisinternational.com\/wp-content\/uploads\/2025\/08\/Bank-1.jpg 1456w, https:\/\/www.sisinternational.com\/wp-content\/uploads\/2025\/08\/Bank-1-300x168.jpg 300w, https:\/\/www.sisinternational.com\/wp-content\/uploads\/2025\/08\/Bank-1-1024x574.jpg 1024w, https:\/\/www.sisinternational.com\/wp-content\/uploads\/2025\/08\/Bank-1-768x430.jpg 768w, https:\/\/www.sisinternational.com\/wp-content\/uploads\/2025\/08\/Bank-1-18x10.jpg 18w\" sizes=\"auto, (max-width: 1456px) 100vw, 1456px\"><\/figure>\n\n\n\n<p><\/p>\n\n\n\n<p class=\"p3\"><span class=\"s1\">Les crimes financiers sont devenus omnipr\u00e9sents ces derniers temps. Ainsi, la gestion des risques est une n\u00e9cessit\u00e9 pour toute institution financi\u00e8re. Les syst\u00e8mes de surveillance des transactions sont d\u00e9sormais obligatoires pour les institutions financi\u00e8res. Ces syst\u00e8mes permettent aux institutions de lutter contre le blanchiment d&#039;argent et d&#039;autres d\u00e9lits financiers. Ils offrent des outils flexibles de gestion des risques. Ces outils les \u00e9quipent \u00e9galement du syst\u00e8me de conformit\u00e9 Know Your Customer (KYC). La plupart des logiciels de syst\u00e8me de surveillance des transactions sont conformes \u00e0 KYC. Il aide les banques \u00e0 obtenir une pr\u00e9diction intuitive de toute activit\u00e9 suspecte de leurs clients. <\/span><\/p>\n\n\n\n<p class=\"p3\"><span class=\"s1\">Les syst\u00e8mes de conformit\u00e9 KYC aident \u00e9galement \u00e0 identifier les b\u00e9n\u00e9ficiaires effectifs ultimes. La plupart des pays ont autoris\u00e9 les organisations financi\u00e8res \u00e0 acc\u00e9der aux informations des registres. Un tel acc\u00e8s permet d\u2019identifier les b\u00e9n\u00e9ficiaires effectifs ultimes. <\/span><\/p>\n\n\n\n<h2 class=\"wp-block-heading p5\"><span class=\"s1\">Automation in<strong> Anti Money laundering market research<\/strong><\/span><\/h2>\n\n\n\n<p class=\"p3\"><span class=\"s1\">Les processus de gestion des risques dans la lutte contre le blanchiment d\u2019argent n\u00e9cessitent de la technologie et de l\u2019automatisation. La plupart des institutions financi\u00e8res ont adopt\u00e9 l&#039;automatisation des processus robotis\u00e9s (RPA). Ils utilisent la RPA dans leurs syst\u00e8mes de conformit\u00e9 KYC et de surveillance des transactions. <\/span><\/p>\n\n\n\n<p class=\"p3\"><span class=\"s1\">Manual risk assessment and monitoring are expensive and time-consuming. Risk analysts who use manual systems can only work with a small data set to confirm a security alert. Automation takes less time. It also allows analysts to conduct thorough investigations using a broader data set. They can do more extensive data checks and ensure that they consider more parameters. Such tests are necessary when investigating both domestic and international high-risk accounts.<\/span><\/p>\n\n\n\n<h2 class=\"wp-block-heading\"><strong>Opportunities in Anti Money Laundering Market Research<\/strong><\/h2>\n\n\n\n<p><span style=\"font-weight: 400;\">The anti money laundering market research field presents several significant opportunities for businesses aiming to mitigate financial risks and comply with regulatory standards. These opportunities include:<\/span><\/p>\n\n\n\n<p><b>\u2022 Int\u00e9gration technologique\u00a0:<\/b><span style=\"font-weight: 400;\"> Businesses can leverage advanced technologies such as AI and machine learning (ML) to enhance their AML efforts.<\/span><\/p>\n\n\n\n<p><b>\u2022 Formation et \u00e9ducation:<\/b><span style=\"font-weight: 400;\"> Given the evolving landscape of financial crimes, continuous training and education in AML practices are needed.<\/span><\/p>\n\n\n\n<p><b>\u2022 Expansion mondiale\u00a0:<\/b><span style=\"font-weight: 400;\"> Alors que les menaces de blanchiment d\u2019argent transcendent les fronti\u00e8res g\u00e9ographiques, il existe une demande mondiale pour des solutions AML. Les entreprises peuvent saisir les opportunit\u00e9s d\u2019expansion en proposant leurs services \u00e0 l\u2019\u00e9chelle internationale, r\u00e9pondant ainsi aux besoins de conformit\u00e9 des institutions financi\u00e8res op\u00e9rant dans diff\u00e9rentes juridictions.<\/span><\/p>\n\n\n\n<p><b>\u2022 Opportunit\u00e9s de partenariat\u00a0:<\/b><span style=\"font-weight: 400;\"> La collaboration avec les organismes de r\u00e9glementation, les organismes charg\u00e9s de l&#039;application de la loi et d&#039;autres parties prenantes pr\u00e9sente des opportunit\u00e9s significatives pour les entreprises du march\u00e9 de la LBC.<\/span><\/p>\n\n\n\n<p><b>\u2022 Innovations dans la technologie Blockchain\u00a0:<\/b><span style=\"font-weight: 400;\"> L\u2019\u00e9mergence de la technologie blockchain offre des opportunit\u00e9s prometteuses pour am\u00e9liorer les pratiques de lutte contre le blanchiment d\u2019argent. Les entreprises peuvent explorer des solutions innovantes qui tirent parti de la transparence et de l&#039;immuabilit\u00e9 de la blockchain pour s&#039;am\u00e9liorer.<\/span><\/p>\n\n\n\n<h2 class=\"wp-block-heading p5\"><span class=\"s1\">Sanctions financi\u00e8res en cas de blanchiment d&#039;argent<\/span><\/h2>\n\n\n\n<figure class=\"gb-block-image gb-block-image-1dfaecd9\"><img loading=\"lazy\" decoding=\"async\" width=\"1456\" height=\"816\" class=\"gb-image gb-image-1dfaecd9\" src=\"https:\/\/www.sisinternational.com\/wp-content\/uploads\/2025\/08\/Bank-8.jpg\" alt=\"\u00c9tudes de march\u00e9 et strat\u00e9gie internationales SIS\" title=\"Bank (8)\" srcset=\"https:\/\/www.sisinternational.com\/wp-content\/uploads\/2025\/08\/Bank-8.jpg 1456w, https:\/\/www.sisinternational.com\/wp-content\/uploads\/2025\/08\/Bank-8-300x168.jpg 300w, https:\/\/www.sisinternational.com\/wp-content\/uploads\/2025\/08\/Bank-8-1024x574.jpg 1024w, https:\/\/www.sisinternational.com\/wp-content\/uploads\/2025\/08\/Bank-8-768x430.jpg 768w, https:\/\/www.sisinternational.com\/wp-content\/uploads\/2025\/08\/Bank-8-18x10.jpg 18w\" sizes=\"auto, (max-width: 1456px) 100vw, 1456px\"><\/figure>\n\n\n\n<p><\/p>\n\n\n\n<p class=\"p3\"><span class=\"s1\">L\u2019industrie RegTech doit respecter toutes les r\u00e9glementations \u00e9tablies en mati\u00e8re de blanchiment d\u2019argent. Cela inclut la connaissance du r\u00e9gime de sanctions, qui s\u2019applique \u00e0 certains pays \u00e9trangers \u00e0 haut risque, et aux groupes de soutien au terrorisme. Cela s\u2019applique \u00e9galement aux r\u00e9gions de trafic de drogue. Les \u00c9tats-Unis imposent des sanctions \u00e9conomiques globales ou cibl\u00e9es \u00e0 des individus et \u00e0 des secteurs. Il sanctionne \u00e9galement les industries, les \u00c9tats ou les continents qui constituent une menace pour sa s\u00e9curit\u00e9. \u00c0 ce titre, la loi attend des institutions financi\u00e8res qu\u2019elles s\u2019y conforment. Ils doivent signaler toute activit\u00e9 suspecte de la part de tout membre d&#039;un r\u00e9gime sanctionn\u00e9. <\/span><\/p>\n\n\n\n<p class=\"p3\"><span class=\"s1\">Special committees and monitoring groups manage the typical UN sanctions regime. The European Union also uses sanctions as part of its Common Foreign and Security Policy. The United States applies financial and economic sanctions more than any other country. The Treasury Department has its Office of Foreign Assets Control (OFAC), which administers the more than two dozen existing US sanctions programs.<\/span><\/p>\n\n\n\n<p class=\"p3\"><span class=\"s1\">Money laundering is a challenge in almost all countries globally. As such, government authorities have developed compliance regulations for financial institutions. The laws created help with risk assessment and monitoring local and international high-risk accounts.&nbsp; <\/span><\/p>\n\n\n\n<h2 class=\"wp-block-heading p3\"><span class=\"s1\">About Anti Money Laundering Market Research and Strategy Consulting Solutions<\/span><\/h2>\n\n\n\n<p class=\"p3\"><span class=\"s1\"> SIS helps FinTech companies and Financial Services organizations to combat Money Laundering, and to adopt Regulation Technology (RegTech).&nbsp; Our solutions include:<\/span><\/p>\n\n\n\n<ul class=\"wp-block-list\">\n<li>Conseil en adoption de technologies<\/li>\n\n\n\n<li>Analyse comp\u00e9titive<\/li>\n\n\n\n<li>Analyse de tendance<\/li>\n\n\n\n<li>Achats d&#039;experts<\/li>\n\n\n\n<li>Etude de march\u00e9 client<\/li>\n\n\n\n<li>Suivi de l&#039;industrie<\/li>\n\n\n\n<li>\u00c9valuations des technologies de r\u00e9glementation<\/li>\n<\/ul>\n\n\n\n<h2 class=\"wp-block-heading\">Notre emplacement \u00e0 New York<\/h2>\n\n\n\n<p>  <iframe loading=\"lazy\" src=\"https:\/\/www.google.com\/maps\/embed?pb=!1m18!1m12!1m3!1d3022.976188376966!2d-73.99130312499956!3d40.740549471389315!2m3!1f0!2f0!3f0!3m2!1i1024!2i768!4f13.1!3m3!1m2!1s0x89c259a15798c731%3A0xd695d09bdd495f25!2s11%20E%2022nd%20St%20FL%202%2C%20New%20York%2C%20NY%2010010%2C%20USA!5e0!3m2!1sen!2spe!4v1726171763526!5m2!1sen!2spe\" width=\"600\" height=\"450\" allowfullscreen=\"allowfullscreen\" data-mce-fragment=\"1\"><\/iframe>  <\/p>\n\n\n\n<h3 class=\"wp-block-heading\">11 E 22nd Street, \u00e9tage 2, New York, NY 10010 T\u00e9l. : +1(212) 505-6805<\/h3>\n\n\n\n<hr class=\"wp-block-separator has-alpha-channel-opacity\"\/>\n\n\n\n<h2 class=\"wp-block-heading\"><span style=\"font-weight: 400;\">\u00c0 propos de SIS International<\/span><\/h2>\n\n\n\n<p><a href=\"https:\/\/www.sisinternational.com\/fr\/\"><span style=\"font-weight: 400;\">SIS International<\/span><\/a><span style=\"font-weight: 400;\"> propose des recherches quantitatives, qualitatives et strat\u00e9giques. Nous fournissons des donn\u00e9es, des outils, des strat\u00e9gies, des rapports et des informations pour la prise de d\u00e9cision. Nous menons \u00e9galement des entretiens, des enqu\u00eates, des groupes de discussion et d\u2019autres m\u00e9thodes et approches d\u2019\u00e9tudes de march\u00e9.<\/span><a href=\"https:\/\/www.sisinternational.com\/fr\/a-propos-de-la-recherche-internationale-sis\/contact-sis-international-market-research\/\"><span style=\"font-weight: 400;\"> Contactez nous<\/span><\/a><span style=\"font-weight: 400;\"> pour votre prochain projet d&#039;\u00e9tude de march\u00e9.<\/span><\/p>\n\n\n\n<p><\/p>","protected":false},"excerpt":{"rendered":"<p>D\u00e9couvrez de nouvelles sources d\u2019avantage concurrentiel gr\u00e2ce \u00e0 AML Market Research.<\/p>","protected":false},"author":1,"featured_media":63033,"parent":27462,"menu_order":23,"comment_status":"closed","ping_status":"closed","template":"","meta":{"footnotes":""},"class_list":["post-34608","page","type-page","status-publish","has-post-thumbnail"],"_links":{"self":[{"href":"https:\/\/www.sisinternational.com\/fr\/wp-json\/wp\/v2\/pages\/34608","targetHints":{"allow":["GET"]}}],"collection":[{"href":"https:\/\/www.sisinternational.com\/fr\/wp-json\/wp\/v2\/pages"}],"about":[{"href":"https:\/\/www.sisinternational.com\/fr\/wp-json\/wp\/v2\/types\/page"}],"author":[{"embeddable":true,"href":"https:\/\/www.sisinternational.com\/fr\/wp-json\/wp\/v2\/users\/1"}],"replies":[{"embeddable":true,"href":"https:\/\/www.sisinternational.com\/fr\/wp-json\/wp\/v2\/comments?post=34608"}],"version-history":[{"count":9,"href":"https:\/\/www.sisinternational.com\/fr\/wp-json\/wp\/v2\/pages\/34608\/revisions"}],"predecessor-version":[{"id":81250,"href":"https:\/\/www.sisinternational.com\/fr\/wp-json\/wp\/v2\/pages\/34608\/revisions\/81250"}],"up":[{"embeddable":true,"href":"https:\/\/www.sisinternational.com\/fr\/wp-json\/wp\/v2\/pages\/27462"}],"wp:featuredmedia":[{"embeddable":true,"href":"https:\/\/www.sisinternational.com\/fr\/wp-json\/wp\/v2\/media\/63033"}],"wp:attachment":[{"href":"https:\/\/www.sisinternational.com\/fr\/wp-json\/wp\/v2\/media?parent=34608"}],"curies":[{"name":"wp","href":"https:\/\/api.w.org\/{rel}","templated":true}]}}