{"id":34603,"date":"2020-02-17T15:42:13","date_gmt":"2020-02-17T15:42:13","guid":{"rendered":"https:\/\/www.sisinternational.com\/?page_id=34603"},"modified":"2026-01-25T18:51:06","modified_gmt":"2026-01-25T23:51:06","slug":"etude-de-marche-sur-lassurance-de-dommages-aux-biens","status":"publish","type":"page","link":"https:\/\/www.sisinternational.com\/fr\/competence\/etude-de-marche-sur-lassurance-de-dommages-aux-biens\/","title":{"rendered":"\u00c9tude de march\u00e9 sur l\u2019assurance de biens et de responsabilit\u00e9s"},"content":{"rendered":"<h1 class=\"wp-block-heading\"><span class=\"s1\">\u00c9tude de march\u00e9 sur l\u2019assurance de biens et de responsabilit\u00e9s<\/span><\/h1>\n\n\n\n<figure class=\"gb-block-image gb-block-image-32f2dfda\"><img loading=\"lazy\" decoding=\"async\" width=\"1456\" height=\"816\" class=\"gb-image gb-image-32f2dfda\" src=\"https:\/\/www.sisinternational.com\/wp-content\/uploads\/2025\/08\/Real-estate-architect-house-2.jpg\" alt=\"\u00c9tudes de march\u00e9 et strat\u00e9gie internationales SIS\" title=\"Real estate architect house (2)\" srcset=\"https:\/\/www.sisinternational.com\/wp-content\/uploads\/2025\/08\/Real-estate-architect-house-2.jpg 1456w, https:\/\/www.sisinternational.com\/wp-content\/uploads\/2025\/08\/Real-estate-architect-house-2-300x168.jpg 300w, https:\/\/www.sisinternational.com\/wp-content\/uploads\/2025\/08\/Real-estate-architect-house-2-1024x574.jpg 1024w, https:\/\/www.sisinternational.com\/wp-content\/uploads\/2025\/08\/Real-estate-architect-house-2-768x430.jpg 768w, https:\/\/www.sisinternational.com\/wp-content\/uploads\/2025\/08\/Real-estate-architect-house-2-18x10.jpg 18w\" sizes=\"auto, (max-width: 1456px) 100vw, 1456px\"><\/figure>\n\n\n\n<p><\/p>\n\n\n\n<h2 class=\"wp-block-heading p3\"><span class=\"s1\">Le terme assurance de dommages couvre de nombreux types de polices. <\/span><\/h2>\n\n\n\n<p class=\"p3\"><span class=\"s1\">C\u2019est un investissement intelligent qui peut vous aider, vous et votre famille, en cas d\u2019incident impr\u00e9vu sur votre propri\u00e9t\u00e9. Il peut \u00e9galement prot\u00e9ger les propri\u00e9taires d\u2019entreprise et fournir une couverture en cas de poursuites judiciaires. <\/span><\/p>\n\n\n\n<p class=\"p3\"><span class=\"s1\">L\u2019assurance de dommages est un type de couverture qui contribue \u00e0 vous prot\u00e9ger. Cela prot\u00e8ge \u00e9galement les biens que vous poss\u00e9dez. L\u2019assurance habitation vous aide \u00e0 couvrir les biens que vous poss\u00e9dez comme votre voiture ou votre maison. L\u2019assurance dommages signifie que la police comprend une couverture responsabilit\u00e9 civile. Il vous prot\u00e8ge si vous \u00eates responsable d\u2019un accident causant des blessures \u00e0 quelqu\u2019un d\u2019autre. Vous pourriez \u00e9galement en avoir besoin si vous causez des dommages aux biens d&#039;autrui.<\/span><\/p>\n\n\n\n<h2 class=\"wp-block-heading p5\"><span class=\"s1\">Responsabilit\u00e9 amiante<\/span><\/h2>\n\n\n\n<p class=\"p3\"><span class=\"s1\">Property and Casualty <a href=\"https:\/\/www.sisinternational.com\/fr\/solutions\/recherche-de-conseil-en-strategie-fintech\/conseil-en-strategie-detude-de-marche-sur-lassurance-contre-les-pertes-dexploitation\/\" title=\"Assurance contre les pertes d\u2019exploitation \u00c9tude de march\u00e9 et conseil en strat\u00e9gie\"  data-wpil-monitor-id=\"10951\">Insurance is critical for businesses<\/a> whose workers deal with asbestos. It doesn&#8217;t matter if the exposure is direct or indirect. It may be necessary to get Asbestos Liability insurance, since not all Property and Casualty policies cover asbestos exposure. Check your policy to ensure that you have coverage.<\/span><\/p>\n\n\n\n<h2 class=\"wp-block-heading p5\"><span class=\"s1\">Erreur medicale<\/span><\/h2>\n\n\n\n<p class=\"p3\"><span class=\"s1\">Les donn\u00e9es statistiques montrent que la faute professionnelle m\u00e9dicale est un ph\u00e9nom\u00e8ne courant. Cela peut arriver si un m\u00e9decin est incapable de diagnostiquer une maladie. Ou bien il ou elle prescrit le mauvais m\u00e9dicament, soit par ignorance, soit par erreur. <\/span><\/p>\n\n\n\n<p class=\"p3\"><span class=\"s1\">Certains \u00c9tats exigent que les m\u00e9decins souscrivent une assurance contre la faute professionnelle m\u00e9dicale. Ce type de police prot\u00e8ge les professionnels de sant\u00e9 contre les r\u00e9clamations des patients. L\u2019assurance contre la faute professionnelle m\u00e9dicale peut prendre plusieurs formes. Les individus ou les groupes peuvent souscrire une couverture aupr\u00e8s d\u2019un assureur priv\u00e9 traditionnel. Ou bien, un employeur, comme un h\u00f4pital, peut d\u00e9tenir la police. Une telle police couvrira les professionnels de sant\u00e9 qu\u2019elle emploie. <\/span><\/p>\n\n\n\n<h2 class=\"wp-block-heading p5\"><span class=\"s1\">Souscription<\/span><\/h2>\n\n\n\n<p class=\"p3\"><span class=\"s1\">The insurance company is underwriting for its customers. Thus, it has to work out premium amounts based on the information provided by the customer. Usually, the premium is higher for some high-risk customers. In some cases, the insurance company may not sell insurance to certain customers. Insurance <a href=\"https:\/\/www.sisinternational.com\/fr\/solutions\/conseil-en-strategie\/analyse-des-donnees\/\" title=\"Soci\u00e9t\u00e9 d&#039;analyse de donn\u00e9es\"  data-wpil-monitor-id=\"10950\">companies require a lot of data<\/a> for their Actuarial tasks. The data helps them calculate your insurance risk. <\/span><\/p>\n\n\n\n<p class=\"p3\"><span class=\"s1\">Not all insurance companies have the staff to <a href=\"https:\/\/www.sisinternational.com\/fr\/couverture\/leurope-%ef%83%97\/etude-de-marche-liverpool-royaume-uni\/\" title=\"\u00c9tude de march\u00e9 \u00e0 Liverpool | Groupes de discussion et collecte de donn\u00e9es au Royaume-Uni\"  data-wpil-monitor-id=\"10944\">collect actuarial data<\/a>. Some may not have the expertise to compile this information. Hence it is wise to hire the services of an experienced market research firm. A market <a href=\"https:\/\/www.sisinternational.com\/fr\/competence\/les-industries\/etude-de-marche-sur-lassurance-maladie\/\" title=\"\u00c9tude de march\u00e9 sur l\u2019assurance maladie\"  data-wpil-monitor-id=\"5217\">recherche<\/a> firm can collect the data needed from insurance buyers. <\/span><\/p>\n\n\n\n<h2 class=\"wp-block-heading p5\"><span class=\"s1\">Technologie Reg<\/span><\/h2>\n\n\n\n<p class=\"p3\"><span class=\"s1\">Le secteur des assurances est tr\u00e8s r\u00e9glement\u00e9. Le gouvernement met parfois en \u0153uvre de nouvelles lois pour prot\u00e9ger les acheteurs contre la fraude. Les compagnies d&#039;assurance doivent veiller \u00e0 respecter la r\u00e9glementation. Beaucoup utilisent la technologie de r\u00e9glementation, ou RegTech, pour ce faire. Un grand nombre d\u2019entreprises proposent des RegTech. Compiler des donn\u00e9es sur ces entreprises technologiques est une t\u00e2che longue et fastidieuse. Une soci\u00e9t\u00e9 d\u2019\u00e9tudes de march\u00e9 peut \u00e9galement recueillir des informations sur toutes ces soci\u00e9t\u00e9s Regtech. Il permet \u00e0 la compagnie d&#039;assurance de choisir un prestataire particulier.<\/span><\/p>\n\n\n\n<h2 class=\"wp-block-heading p5\"><span class=\"s1\">Apis<\/span><\/h2>\n\n\n\n<p class=\"p3\"><span class=\"s1\">If an insurance company uses the services of a market research firm, it will need access to the data compiled. APIs allow the <a href=\"https:\/\/www.sisinternational.com\/fr\/competence\/les-industries\/conseil-en-strategie-detudes-de-marche-en-assurance-des-batiments\/\" title=\"Building Insurance Market Research\"  data-wpil-monitor-id=\"5019\">insurance company to access the market research<\/a> data. API stands for Application Programming Interface. It is a piece of software that allows two applications to communicate with each other. Advanced <a href=\"https:\/\/www.sisinternational.com\/fr\/solutions\/recherche-de-conseil-en-strategie-fintech\/etude-de-marche-sur-lanalyse-des-donnees-bancaires\/\" title=\"\u00c9tude de march\u00e9 sur l\u2019analyse des donn\u00e9es bancaires\"  data-wpil-monitor-id=\"10946\">Analytics is also available for the data<\/a> required by the insurance company. It does not have to waste resources analyzing the data to get the information they need. APIs make it easy to retrieve. <\/span><\/p>\n\n\n\n<p class=\"p3\"><span class=\"s1\">Firms can also use RPA (<a href=\"https:\/\/www.sisinternational.com\/fr\/financial-services-consulting\/robotic-process-automation-in-financial-services\/\" title=\"Robotic Process Automation in Financial Services\"  data-wpil-monitor-id=\"10943\">Robotic Process Automation<\/a>) and Artificial Intelligence ( AI ). These technologies allow them to gain insights into insurance risk. It also enables the insurance company to set a suitable premium amount.<\/span><\/p>\n\n\n\n<h2 class=\"wp-block-heading\">\u00c0 propos des \u00e9tudes de march\u00e9 sur l\u2019assurance de dommages<\/h2>\n\n\n\n<p class=\"p3\"><span class=\"s1\">SIS Market Research peut trouver la police d&#039;assurance IARD qui vous convient le mieux. Nous pouvons \u00e9galement nous occuper de vos besoins en mati\u00e8re de compilation de donn\u00e9es. Appelez-nous aujourd&#039;hui pour une consultation.<\/span><\/p>\n\n\n\n<p><\/p>","protected":false},"excerpt":{"rendered":"<p>Boostez les performances de votre entreprise gr\u00e2ce aux \u00e9tudes de march\u00e9 en assurance de dommages. <\/p>","protected":false},"author":1,"featured_media":63325,"parent":14514,"menu_order":53,"comment_status":"closed","ping_status":"closed","template":"","meta":{"footnotes":""},"class_list":["post-34603","page","type-page","status-publish","has-post-thumbnail"],"_links":{"self":[{"href":"https:\/\/www.sisinternational.com\/fr\/wp-json\/wp\/v2\/pages\/34603","targetHints":{"allow":["GET"]}}],"collection":[{"href":"https:\/\/www.sisinternational.com\/fr\/wp-json\/wp\/v2\/pages"}],"about":[{"href":"https:\/\/www.sisinternational.com\/fr\/wp-json\/wp\/v2\/types\/page"}],"author":[{"embeddable":true,"href":"https:\/\/www.sisinternational.com\/fr\/wp-json\/wp\/v2\/users\/1"}],"replies":[{"embeddable":true,"href":"https:\/\/www.sisinternational.com\/fr\/wp-json\/wp\/v2\/comments?post=34603"}],"version-history":[{"count":6,"href":"https:\/\/www.sisinternational.com\/fr\/wp-json\/wp\/v2\/pages\/34603\/revisions"}],"predecessor-version":[{"id":81790,"href":"https:\/\/www.sisinternational.com\/fr\/wp-json\/wp\/v2\/pages\/34603\/revisions\/81790"}],"up":[{"embeddable":true,"href":"https:\/\/www.sisinternational.com\/fr\/wp-json\/wp\/v2\/pages\/14514"}],"wp:featuredmedia":[{"embeddable":true,"href":"https:\/\/www.sisinternational.com\/fr\/wp-json\/wp\/v2\/media\/63325"}],"wp:attachment":[{"href":"https:\/\/www.sisinternational.com\/fr\/wp-json\/wp\/v2\/media?parent=34603"}],"curies":[{"name":"wp","href":"https:\/\/api.w.org\/{rel}","templated":true}]}}