{"id":34568,"date":"2020-02-08T21:49:34","date_gmt":"2020-02-08T21:49:34","guid":{"rendered":"https:\/\/www.sisinternational.com\/?page_id=34568"},"modified":"2026-01-25T16:41:14","modified_gmt":"2026-01-25T21:41:14","slug":"analyse-des-donnees","status":"publish","type":"page","link":"https:\/\/www.sisinternational.com\/fr\/solutions\/conseil-en-strategie\/analyse-des-donnees\/","title":{"rendered":"Soci\u00e9t\u00e9 d&#039;analyse de donn\u00e9es"},"content":{"rendered":"<h1 class=\"wp-block-heading\">Soci\u00e9t\u00e9 d&#039;analyse de donn\u00e9es<\/h1>\n\n\n\n<figure class=\"gb-block-image gb-block-image-68ed9aa7\"><img loading=\"lazy\" decoding=\"async\" width=\"1456\" height=\"816\" class=\"gb-image gb-image-68ed9aa7\" src=\"https:\/\/www.sisinternational.com\/wp-content\/uploads\/2025\/08\/Data-38.jpg\" alt=\"\u00c9tudes de march\u00e9 et strat\u00e9gie internationales SIS\" title=\"Data (38)\" srcset=\"https:\/\/www.sisinternational.com\/wp-content\/uploads\/2025\/08\/Data-38.jpg 1456w, https:\/\/www.sisinternational.com\/wp-content\/uploads\/2025\/08\/Data-38-300x168.jpg 300w, https:\/\/www.sisinternational.com\/wp-content\/uploads\/2025\/08\/Data-38-1024x574.jpg 1024w, https:\/\/www.sisinternational.com\/wp-content\/uploads\/2025\/08\/Data-38-768x430.jpg 768w, https:\/\/www.sisinternational.com\/wp-content\/uploads\/2025\/08\/Data-38-18x10.jpg 18w\" sizes=\"auto, (max-width: 1456px) 100vw, 1456px\"><\/figure>\n\n\n\n<p><\/p>\n\n\n\n<h2 class=\"wp-block-heading p3\"><span class=\"s1\">Transformez vos donn\u00e9es en informations<\/span><\/h2>\n\n\n\n<p class=\"p3\"><span class=\"s1\">Do you feel your business is missing insight for confident decision making?&nbsp; Having support from a professional Data &amp; Analytics team can improve the effectiveness and profitability of your business. <\/span><\/p>\n\n\n\n<p class=\"p3\"><span class=\"s1\">Cependant, la mise en place d\u2019une \u00e9quipe interne de donn\u00e9es et d\u2019analyses au sein de votre entreprise peut s\u2019av\u00e9rer une t\u00e2che co\u00fbteuse et difficile. Cela peut prendre du temps pour que la nouvelle \u00e9quipe devienne productive, fournisse des r\u00e9sultats et g\u00e9n\u00e8re un retour sur investissement (ROI). <\/span><\/p>\n\n\n\n<p class=\"p3\"><span class=\"s1\">Have you considered outsourcing your Data &amp; Analytics department? A professional <a href=\"https:\/\/www.sisinternational.com\/fr\/sis-application-of-quantitative-data-analytics-to-sensory-testing\/\" title=\"SIS Application of Quantitative Data Analytics to Sensory Testing\"  data-wpil-monitor-id=\"1280\">Data Analytics consultancy like SIS<\/a> can provide you with cutting-edge analysis, tools, analytics and reports. By outsourcing Data Analysis, you can also receive the required reports rapidly and cost effectively. <\/span><\/p>\n\n\n\n<h2 class=\"wp-block-heading p3\"><span class=\"s1\">Notre proposition de valeur<\/span><\/h2>\n\n\n\n<p class=\"p3\"><span class=\"s1\">At SIS Research, our reports are clear and easy to digest. We have experts who add value with their experience. We gather and analyze your data rapidly. We are your strategic partner for Data Science and <a href=\"https:\/\/www.sisinternational.com\/fr\/competence\/les-industries\/conseil-en-analyse-de-science-des-donnees\/\" title=\"Conseil en science des donn\u00e9es et analytique\"  data-wpil-monitor-id=\"3675\">Analyse des donn\u00e9es<\/a>.<\/span><\/p>\n\n\n\n<h2 class=\"wp-block-heading\">Nous sommes plus rentables et plus sp\u00e9cialis\u00e9s que l\u2019embauche d\u2019une \u00e9quipe de science des donn\u00e9es.<\/h2>\n\n\n\n<p class=\"p3\"><span class=\"s1\">Nos \u00e9quipes Data &amp; Analytics connaissent de nombreuses techniques analytiques. Nous pouvons cr\u00e9er un aper\u00e7u de tous vos processus commerciaux. Avec plus de perspicacit\u00e9, la prise de d\u00e9cision devient plus naturelle et plus efficace. Vous pouvez d\u00e9couvrir de nouvelles sources d\u2019avantages et trouver des moyens de devenir plus rentable.<\/span><\/p>\n\n\n\n<h2 class=\"wp-block-heading\">Nos avantages<\/h2>\n\n\n\n<ul class=\"wp-block-list\">\n<li>Rentable<\/li>\n\n\n\n<li>Sp\u00e9cialis\u00e9<\/li>\n\n\n\n<li>Rapide<\/li>\n\n\n\n<li>Mondial<\/li>\n\n\n\n<li>Impartial<\/li>\n\n\n\n<li>Reporting avanc\u00e9 strat\u00e9gique et exploitable<\/li>\n\n\n\n<li>Capacit\u00e9s statistiques avanc\u00e9es<\/li>\n<\/ul>\n\n\n\n<h2 class=\"wp-block-heading\">Solutions<\/h2>\n\n\n\n<p class=\"p3\"><span class=\"s1\">Chez SIS Research, nous proposons les solutions suivantes :<\/span><\/p>\n\n\n\n<ul class=\"wp-block-list\">\n<li><span class=\"s1\"><b>Visualisation des donn\u00e9es et Tableau.<\/b> Nos outils affichent vos r\u00e9sultats sous forme graphique, facile \u00e0 dig\u00e9rer et \u00e0 comprendre. Nous pouvons le r\u00e9aliser selon vos exigences et vos souhaits. <\/span><\/li>\n\n\n\n<li><span class=\"s1\"><b>Analyse de r\u00e9gression<\/b> montre la relation entre deux ou plusieurs variables. Cet outil vous aide \u00e0 comprendre comment les composants du syst\u00e8me sont li\u00e9s les uns aux autres. Il montre les \u00e9l\u00e9ments \u00e0 am\u00e9liorer pour cr\u00e9er un impact positif sur l\u2019organisation. <\/span><\/li>\n\n\n\n<li><span class=\"s1\">Avec <b>Analyse conjointe<\/b>, vous v\u00e9rifiez les performances de vos produits et services. Vous voyez \u00e9galement comment vos clients les per\u00e7oivent. Conjoint analyse les diff\u00e9rentes composantes et fonctionnalit\u00e9s de vos produits et services. Les clients peuvent \u00e9valuer des pi\u00e8ces distinctes. Cette notation fournira des informations pr\u00e9cieuses aux \u00e9quipes marketing. <\/span><\/li>\n\n\n\n<li><span class=\"s1\"><b>Analyses pr\u00e9dictives<\/b> pr\u00e9dire les mod\u00e8les et les tendances futurs. En analysant les donn\u00e9es historiques, nous pouvons pr\u00e9dire les r\u00e9sultats futurs. <\/span><\/li>\n\n\n\n<li><span class=\"s1\"><b>Analyse de variance (ANOVA)<\/b> compare la diff\u00e9rence entre plus de deux variables. Pour \u00eatre plus pr\u00e9cis, il examine la variation au sein des groupes. Il analyse \u00e9galement le changement entre les groupes. L&#039;ANOVA est un outil utile pour comprendre des ensembles de donn\u00e9es plus complexes. <\/span><\/li>\n\n\n\n<li><span class=\"s1\"><b>Analyse Monte-Carlo<\/b> permet aux chercheurs de r\u00e9aliser plusieurs essais. Nous pouvons d\u00e9finir tous les r\u00e9sultats possibles d\u2019un \u00e9v\u00e9nement ou d\u2019un investissement. <\/span><\/li>\n\n\n\n<li><span class=\"s1\"><b>La mod\u00e9lisation des donn\u00e9es<\/b> examine les concepts pour lesquels vous souhaitez suivre les donn\u00e9es et ils deviennent les tables d&#039;une base de donn\u00e9es. <\/span><\/li>\n\n\n\n<li><span class=\"s1\"><b>SQL et Python<\/b> est un autre outil d\u2019analyse qui offre de nombreuses options aux data scientists. Cet outil facilite le traitement, l&#039;interrogation et l&#039;utilisation des donn\u00e9es collect\u00e9es. <\/span><\/li>\n\n\n\n<li><span class=\"s1\">Nous offrons <b>Analyse ROA et ROE<\/b>. ROA signifie Return on Assets et ROE signifie Return on Equity. <\/span><\/li>\n\n\n\n<li><span class=\"s1\">UN <b>Rapport d\u00e9saisonnalis\u00e9<\/b> C&#039;est l\u00e0 que nous supprimons vos donn\u00e9es de leurs mod\u00e8les saisonniers. <\/span><\/li>\n\n\n\n<li><span class=\"s1\">Nous proposons \u00e9galement un <b>Package d&#039;analyse complet<\/b>. Il comprend les \u00e9l\u00e9ments suivants\u00a0:\u00a0<\/span>\n<ul class=\"wp-block-list\">\n<li><span class=\"s1\">Analyse de bo\u00eete<\/span><\/li>\n\n\n\n<li><span class=\"s1\">Intervalles de confiance<\/span><\/li>\n\n\n\n<li><span class=\"s1\">Analyse des valeurs aberrantes<\/span><\/li>\n\n\n\n<li><span class=\"s1\">Analyse de distribution, d&#039;asym\u00e9trie et d&#039;aplatissement<\/span><\/li>\n\n\n\n<li><span class=\"s1\">Alpha, F-stat, valeur p, etc.<\/span><\/li>\n<\/ul>\n<\/li>\n<\/ul>\n\n\n\n<h2 class=\"wp-block-heading\">Pourquoi l&#039;analyse des donn\u00e9es est essentielle<\/h2>\n\n\n\n<p class=\"p3\"><span class=\"s1\">Une soci\u00e9t\u00e9 d\u2019\u00e9tudes de march\u00e9 et une soci\u00e9t\u00e9 d\u2019analyse de donn\u00e9es peuvent fournir \u00e0 votre entreprise les types d\u2019analyses ci-dessus, ce qui cr\u00e9era une compr\u00e9hension plus approfondie de votre entreprise, de vos produits et de vos services. Cela peut \u00e9galement vous aider avec vos finances, votre efficacit\u00e9 et bien plus encore. <\/span><\/p>\n\n\n\n<p class=\"p3\"><span class=\"s1\">Data &amp; Analytics consulting is low-cost, efficient, and reliable.&nbsp; It can uncover a deeper understanding of your operations&nbsp;<\/span><\/p>\n\n\n\n<p class=\"p3\"><span class=\"s1\">A Market <a class=\"wpil_keyword_link\" href=\"https:\/\/www.sisinternational.com\/fr\/\"   title=\"Accueil\" data-wpil-keyword-link=\"linked\"  data-wpil-monitor-id=\"756\">Research and Strategy<\/a> Consulting company like SIS is skilled at Data Analysis and tools.&nbsp; We can examine the products\/services you offer. We can examine the relationships of different components within the business.&nbsp; We can uncover efficiencies in the decision-making process, and provide actionable data and insight for confident decision making.<\/span><\/p>\n\n\n\n<p><\/p>","protected":false},"excerpt":{"rendered":"<p>SIS agit en tant qu\u2019\u00e9quipe de science des donn\u00e9es et d\u2019analyse des donn\u00e9es. Nous fournissons des solutions d\u2019analyse de donn\u00e9es et de conseil statistique.<\/p>","protected":false},"author":1,"featured_media":64376,"parent":14567,"menu_order":13,"comment_status":"closed","ping_status":"closed","template":"","meta":{"footnotes":""},"class_list":["post-34568","page","type-page","status-publish","has-post-thumbnail"],"_links":{"self":[{"href":"https:\/\/www.sisinternational.com\/fr\/wp-json\/wp\/v2\/pages\/34568","targetHints":{"allow":["GET"]}}],"collection":[{"href":"https:\/\/www.sisinternational.com\/fr\/wp-json\/wp\/v2\/pages"}],"about":[{"href":"https:\/\/www.sisinternational.com\/fr\/wp-json\/wp\/v2\/types\/page"}],"author":[{"embeddable":true,"href":"https:\/\/www.sisinternational.com\/fr\/wp-json\/wp\/v2\/users\/1"}],"replies":[{"embeddable":true,"href":"https:\/\/www.sisinternational.com\/fr\/wp-json\/wp\/v2\/comments?post=34568"}],"version-history":[{"count":6,"href":"https:\/\/www.sisinternational.com\/fr\/wp-json\/wp\/v2\/pages\/34568\/revisions"}],"predecessor-version":[{"id":77883,"href":"https:\/\/www.sisinternational.com\/fr\/wp-json\/wp\/v2\/pages\/34568\/revisions\/77883"}],"up":[{"embeddable":true,"href":"https:\/\/www.sisinternational.com\/fr\/wp-json\/wp\/v2\/pages\/14567"}],"wp:featuredmedia":[{"embeddable":true,"href":"https:\/\/www.sisinternational.com\/fr\/wp-json\/wp\/v2\/media\/64376"}],"wp:attachment":[{"href":"https:\/\/www.sisinternational.com\/fr\/wp-json\/wp\/v2\/media?parent=34568"}],"curies":[{"name":"wp","href":"https:\/\/api.w.org\/{rel}","templated":true}]}}