{"id":33419,"date":"2019-10-06T21:53:24","date_gmt":"2019-10-06T21:53:24","guid":{"rendered":"https:\/\/www.sisinternational.com\/?page_id=33419"},"modified":"2025-09-13T18:13:39","modified_gmt":"2025-09-13T22:13:39","slug":"etude-de-marche-dans-lidaho","status":"publish","type":"page","link":"https:\/\/www.sisinternational.com\/fr\/couverture\/north-america\/couverture-des-etats-unis\/etude-de-marche-dans-lidaho\/","title":{"rendered":"Etude de march\u00e9 dans l&#039;Idaho"},"content":{"rendered":"<h1 class=\"wp-block-heading\">Etude de march\u00e9 dans l&#039;Idaho<\/h1>\n\n\n\n<figure class=\"gb-block-image gb-block-image-7d19e551\"><img loading=\"lazy\" decoding=\"async\" width=\"1456\" height=\"816\" class=\"gb-image gb-image-7d19e551\" src=\"https:\/\/www.sisinternational.com\/wp-content\/uploads\/2025\/09\/Idaho-5.jpg\" alt=\"\u00c9tudes de march\u00e9 et strat\u00e9gie internationales SIS\" title=\"Idaho (5)\" srcset=\"https:\/\/www.sisinternational.com\/wp-content\/uploads\/2025\/09\/Idaho-5.jpg 1456w, https:\/\/www.sisinternational.com\/wp-content\/uploads\/2025\/09\/Idaho-5-300x168.jpg 300w, https:\/\/www.sisinternational.com\/wp-content\/uploads\/2025\/09\/Idaho-5-1024x574.jpg 1024w, https:\/\/www.sisinternational.com\/wp-content\/uploads\/2025\/09\/Idaho-5-768x430.jpg 768w, https:\/\/www.sisinternational.com\/wp-content\/uploads\/2025\/09\/Idaho-5-18x10.jpg 18w\" sizes=\"auto, (max-width: 1456px) 100vw, 1456px\"><\/figure>\n\n\n\n<p><\/p>\n\n\n\n<h2 class=\"wp-block-heading p3\"><span class=\"s1\">\u00c9galement connu sous le nom de \u00ab Gem State \u00bb, l\u2019Idaho s\u2019\u00e9tend sur 83 569 miles carr\u00e9s et compte 1,7 million d\u2019habitants. <\/span><\/h2>\n\n\n\n<p class=\"p3\"><span class=\"s1\">Washington, l&#039;Oregon, le Montana, le Nevada et le Wyoming bordent tous l&#039;Idaho. Il partage une courte fronti\u00e8re avec la Colombie-Britannique, au Canada. Boise est sa capitale et sa plus grande ville. <\/span><\/p>\n\n\n\n<p class=\"p3\"><span class=\"s1\">A state that is both scenic and adventurous, Idaho offers a little bit of everything. Part of Yellowstone Park is in this state. Idaho Falls, Coeur d\u2019Alene, and Shoshone Falls are some of the top things to look forward to when visiting Idaho. You can always expect unpredictable weather here. Despite this, many people consider July and August to be the best months. Winter is cold, and fall characterized by cooler type weather. <\/span><\/p>\n\n\n\n<h2 class=\"wp-block-heading p5\"><span class=\"s1\">L'\u00e9nergie<\/span><\/h2>\n\n\n\n<p class=\"p3\"><span class=\"s1\">The Department of Energy designed the Idaho National Laboratory. This laboratory is the <a href=\"https:\/\/www.sisinternational.com\/fr\/competence\/cv-dexperience\/societe-detudes-de-marche-b2b\/\" title=\"Meilleure soci\u00e9t\u00e9 d&#039;\u00e9tudes de march\u00e9 B2B\"  data-wpil-monitor-id=\"8028\">top nuclear research<\/a> facility in the nation. Its engineers do development, testing, and demonstration of new materials and fuels so that the residents enjoy clean and sustainable energy through the advancement of the facility. <\/span><\/p>\n\n\n\n<h2 class=\"wp-block-heading p5\"><span class=\"s1\">A\u00e9rospatial<\/span><\/h2>\n\n\n\n<p class=\"p3\"><span class=\"s1\">Aerospace businesses keep finding a home here. Idaho is home to more than 24 aerospace companies, such as Empire Airlines. Its location is ideal as it is close to several international airports. These companies engage in airplane assembly and its related <a href=\"https:\/\/www.sisinternational.com\/fr\/solutions\/test-de-gout\/services-de-test-de-produits-a-new-york\/\" title=\"Services de test de produits \u00e0 New York\"  data-wpil-monitor-id=\"8029\">products and services<\/a>. Aerospace continues to play a massive role in the economic development of Idaho. <\/span><\/p>\n\n\n\n<h2 class=\"wp-block-heading p5\"><span class=\"s1\">Fabrication avanc\u00e9e <\/span><\/h2>\n\n\n\n<p class=\"p3\"><span class=\"s1\">The use of cutting-edge processes is what makes the difference from conventional manufacturing. Moreover, in Idaho, businesses have access to such methods along with a skilled workforce. These skills and advancements make Idaho the ideal place to invest in manufacturing. Companies such as Motive Power and Unitech Composites have done so. They have found that Idaho provides an opportunity for the use of technology. The state also has an excellent transportation network, which complements its technological advancements.<\/span><\/p>\n\n\n\n<h2 class=\"wp-block-heading p5\"><span class=\"s1\">Production alimentaire<\/span><\/h2>\n\n\n\n<p class=\"p3\"><span class=\"s1\">La plupart des gens connaissent l\u2019Idaho pour sa production de pommes de terre. Cependant, sa production comprend des produits laitiers, des vins, du b\u00e9tail, des cultures et des semences. GoGo, Squeeze et Chobani ont trouv\u00e9 avantageux de s&#039;ouvrir dans l&#039;Idaho.<\/span><\/p>\n\n\n\n<h2 class=\"wp-block-heading p5\"><span class=\"s1\">Tourisme et activit\u00e9s r\u00e9cr\u00e9atives de plein air<\/span><\/h2>\n\n\n\n<p class=\"p3\"><span class=\"s1\">Le tourisme repr\u00e9sente une grande partie des revenus de l&#039;Idaho. L&#039;\u00c9tat propose de nombreuses activit\u00e9s de plein air pour encourager les visiteurs. Les visiteurs et les propri\u00e9taires d\u2019entreprises en prennent note et se pr\u00e9lassent dans la beaut\u00e9 ext\u00e9rieure de l\u2019Idaho. Les opportunit\u00e9s sont vastes dans ce secteur. <\/span><\/p>\n\n\n\n<h2 class=\"wp-block-heading p5\"><span class=\"s1\">Incitations aux entreprises dans l\u2019Idaho<\/span><\/h2>\n\n\n\n<p class=\"p3\"><span class=\"s1\">L&#039;Idaho a rendu avantageux de faire des affaires dans le Gem State. Certaines incitations comprennent\u00a0: <\/span><\/p>\n\n\n\n<ul class=\"wp-block-list\">\n<li><span class=\"s1\">Fonds d&#039;opportunit\u00e9 de l&#039;Idaho. Ce fonds est destin\u00e9 au d\u00e9veloppement des infrastructures. Un tel d\u00e9veloppement contribue \u00e0 attirer ou \u00e0 accueillir de nouvelles installations commerciales. <\/span><\/li>\n\n\n\n<li><span class=\"s1\">TRI &#8211; Tax Reimbursement Incentive, can offer a tax credit up to 30% on income generated by a business<\/span><\/li>\n\n\n\n<li><span class=\"s1\">Exon\u00e9ration de la taxe fonci\u00e8re. Cette exon\u00e9ration s&#039;adresse aux entreprises nouvelles ou existantes qui investissent au moins $500K. Ces soci\u00e9t\u00e9s peuvent b\u00e9n\u00e9ficier d\u2019une exon\u00e9ration de la taxe fonci\u00e8re. Dans certains cas, l&#039;exon\u00e9ration fiscale dure jusqu&#039;\u00e0 5 ans. <\/span><\/li>\n\n\n\n<li><span class=\"s1\">Investment in Human Resources. This incentive can result in a reimbursement of up to $3,000 when training employees.<\/span><\/li>\n\n\n\n<li><span class=\"s1\">Cr\u00e9dit d&#039;imp\u00f4t \u00e0 l&#039;investissement. Lorsqu\u2019elle investit dans des machines et des \u00e9quipements dans l\u2019Idaho, une entreprise peut b\u00e9n\u00e9ficier d\u2019un cr\u00e9dit d\u2019imp\u00f4t 3%.<\/span><\/li>\n<\/ul>\n\n\n\n<h2 class=\"wp-block-heading\">\u00c0 propos des \u00e9tudes de march\u00e9 dans l\u2019Idaho<\/h2>\n\n\n\n<p class=\"p3\"><span class=\"s1\">For your business to thrive, you need information. <a href=\"https:\/\/www.sisinternational.com\/fr\/solutions\/solutions-de-recherche-qualitative-et-quantitative\/recherche-qualitative-recrutement\/\" title=\"Recrutement en recherche qualitative\"  data-wpil-monitor-id=\"8026\">Recherche qualitative et quantitative<\/a> can help you figure out your business location. It tells you what the consumer needs or current wants are. It also gives you the best <a href=\"https:\/\/www.sisinternational.com\/fr\/solutions\/recherche-de-conseil-en-strategie-fintech\/conseil-en-strategie-detude-de-marche-sur-lassurance-contre-les-pertes-dexploitation\/\" title=\"Assurance contre les pertes d\u2019exploitation \u00c9tude de march\u00e9 et conseil en strat\u00e9gie\"  data-wpil-monitor-id=\"8030\">strategy to use for your business<\/a> success. SIS can do this and more for you. We specialize in Qualitative, Quantitative, and Strategy Research. The future and <a href=\"https:\/\/www.sisinternational.com\/fr\/predictive-analytics\/\" title=\"Predictive Analytics: Your Crystal Ball for Business Success\"  data-wpil-monitor-id=\"8027\">success of your business<\/a> are in your hands. Moreover, you can trust <a href=\"https:\/\/www.sisinternational.com\/fr\/sis-devoile-une-plateforme-de-science-des-donnees-et-danalyse-quantitative\/\" title=\"SIS d\u00e9voile sa plateforme de science des donn\u00e9es et d&#039;analyse quantitative\"  data-wpil-monitor-id=\"8025\">SIS<\/a> to assist you in taking loads of data and transforming it into a solid base for your decision-making. Click on the link below and experience how we can assist in your business success.<\/span><\/p>\n\n\n\n<h2 class=\"wp-block-heading\">&nbsp;<\/h2>","protected":false},"excerpt":{"rendered":"<p>D\u00e9couvrez de nouvelles opportunit\u00e9s commerciales gr\u00e2ce aux \u00e9tudes de march\u00e9 dans l&#039;Idaho.<\/p>","protected":false},"author":1,"featured_media":66550,"parent":19303,"menu_order":55,"comment_status":"closed","ping_status":"closed","template":"","meta":{"footnotes":""},"class_list":["post-33419","page","type-page","status-publish","has-post-thumbnail"],"_links":{"self":[{"href":"https:\/\/www.sisinternational.com\/fr\/wp-json\/wp\/v2\/pages\/33419","targetHints":{"allow":["GET"]}}],"collection":[{"href":"https:\/\/www.sisinternational.com\/fr\/wp-json\/wp\/v2\/pages"}],"about":[{"href":"https:\/\/www.sisinternational.com\/fr\/wp-json\/wp\/v2\/types\/page"}],"author":[{"embeddable":true,"href":"https:\/\/www.sisinternational.com\/fr\/wp-json\/wp\/v2\/users\/1"}],"replies":[{"embeddable":true,"href":"https:\/\/www.sisinternational.com\/fr\/wp-json\/wp\/v2\/comments?post=33419"}],"version-history":[{"count":4,"href":"https:\/\/www.sisinternational.com\/fr\/wp-json\/wp\/v2\/pages\/33419\/revisions"}],"predecessor-version":[{"id":81352,"href":"https:\/\/www.sisinternational.com\/fr\/wp-json\/wp\/v2\/pages\/33419\/revisions\/81352"}],"up":[{"embeddable":true,"href":"https:\/\/www.sisinternational.com\/fr\/wp-json\/wp\/v2\/pages\/19303"}],"wp:featuredmedia":[{"embeddable":true,"href":"https:\/\/www.sisinternational.com\/fr\/wp-json\/wp\/v2\/media\/66550"}],"wp:attachment":[{"href":"https:\/\/www.sisinternational.com\/fr\/wp-json\/wp\/v2\/media?parent=33419"}],"curies":[{"name":"wp","href":"https:\/\/api.w.org\/{rel}","templated":true}]}}