{"id":33413,"date":"2019-10-06T19:22:04","date_gmt":"2019-10-06T19:22:04","guid":{"rendered":"https:\/\/www.sisinternational.com\/?page_id=33413"},"modified":"2025-09-13T18:06:55","modified_gmt":"2025-09-13T22:06:55","slug":"etude-de-marche-au-vermont","status":"publish","type":"page","link":"https:\/\/www.sisinternational.com\/fr\/couverture\/north-america\/couverture-des-etats-unis\/etude-de-marche-au-vermont\/","title":{"rendered":"\u00c9tude de march\u00e9 au Vermont"},"content":{"rendered":"<h1 class=\"wp-block-heading\">\u00c9tude de march\u00e9 au Vermont<\/h1>\n\n\n\n<figure class=\"gb-block-image gb-block-image-429df7f0\"><img loading=\"lazy\" decoding=\"async\" width=\"1456\" height=\"816\" class=\"gb-image gb-image-429df7f0\" src=\"https:\/\/www.sisinternational.com\/wp-content\/uploads\/2025\/09\/Vermont-2.jpg\" alt=\"\u00c9tudes de march\u00e9 et strat\u00e9gie internationales SIS\" title=\"Vermont (2)\" srcset=\"https:\/\/www.sisinternational.com\/wp-content\/uploads\/2025\/09\/Vermont-2.jpg 1456w, https:\/\/www.sisinternational.com\/wp-content\/uploads\/2025\/09\/Vermont-2-300x168.jpg 300w, https:\/\/www.sisinternational.com\/wp-content\/uploads\/2025\/09\/Vermont-2-1024x574.jpg 1024w, https:\/\/www.sisinternational.com\/wp-content\/uploads\/2025\/09\/Vermont-2-768x430.jpg 768w, https:\/\/www.sisinternational.com\/wp-content\/uploads\/2025\/09\/Vermont-2-18x10.jpg 18w\" sizes=\"auto, (max-width: 1456px) 100vw, 1456px\"><\/figure>\n\n\n\n<p><\/p>\n\n\n\n<h2 class=\"wp-block-heading p2\"><span class=\"s1\">Le Vermont se trouve en Nouvelle-Angleterre, dans le nord-est des \u00c9tats-Unis. <\/span><\/h2>\n\n\n\n<p class=\"p2\"><span class=\"s1\">Avec environ 624 000 habitants, il est le deuxi\u00e8me plus petit \u00c9tat des \u00c9tats-Unis. C&#039;est un petit \u00c9tat, le sixi\u00e8me plus petit du pays en termes de superficie. Burlington est la plus grande ville, avec 42 000 habitants, et South Burlington, situ\u00e9e dans le comt\u00e9 de Chittenden, compte la deuxi\u00e8me plus grande population du Vermont. Elle compte une population de 18 000 personnes. D&#039;autres grandes zones m\u00e9tropolitaines comprennent Rutland, Barre et Montpellier, la capitale du Vermont.<\/span><\/p>\n\n\n\n<p class=\"p2\"><span class=\"s1\">Des stations de ski anim\u00e9es, des montagnes bois\u00e9es sereines et du vrai sirop d&#039;\u00e9rable font partie du Vermont, l&#039;une des principales attractions \u00e9tant la ferme et le mus\u00e9e Billings \u00e0 Woodstock. Mus\u00e9e d&#039;histoire en plein air, Billings est l&#039;un des meilleurs du pays. Une autre attraction est Hildene \u2013 la Lincoln Family Home, un superbe manoir n\u00e9o-g\u00e9orgien. C&#039;est la maison familiale des descendants du pr\u00e9sident Lincoln.<\/span><\/p>\n\n\n\n<h2 class=\"wp-block-heading p5\"><span class=\"s1\">Industries cl\u00e9s au Vermont<\/span><\/h2>\n\n\n\n<p class=\"p2\"><span class=\"s1\">The largest employer in Vermont is the US Government, with most public employees working in the fields of education and healthcare. Full-service restaurants are also major employers, but they have one of the lowest average earnings figures. There is a noticeable lack of professional services in Vermont. For example, the state has few technical and professional consultants and lawyers. However, it has an extensive semiconductor and other <a href=\"https:\/\/www.sisinternational.com\/fr\/solutions\/ai-etudes-de-marche-et-conseil-en-strategie\/automatisation-de-lindustrie-electronique-conseil-en-intelligence-artificielle\/\" title=\"Conseil en automatisation de l&#039;industrie \u00e9lectronique et en intelligence artificielle\"  data-wpil-monitor-id=\"9063\">electronic manufacturing industry<\/a>.<\/span><\/p>\n\n\n\n<h2 class=\"wp-block-heading\">Fabrication<\/h2>\n\n\n\n<p class=\"p6\"><span class=\"s1\">Manufacturing is Vermont\u2019s leading industry, accounting for approximately 11 percent of state&#8217;s GDP. The state has over 1000 manufacturing firms, and a new <a href=\"https:\/\/www.sisinternational.com\/fr\/competence\/les-industries\/etude-de-marche-sur-la-production-delectricite\/\" title=\"\u00c9tude de march\u00e9 sur la production d\u2019\u00e9lectricit\u00e9\"  data-wpil-monitor-id=\"9059\">generation of market<\/a> leaders is driving innovation in this sector. Agriculture, tech, and energy are also leading industries, with other vital lines of business being software development, IT, financial services, and insurance. Renewable energy, green companies, and food and beverage also contribute to GDP. Vermont also manufactures consumer goods. Finally, the state has vibrant <a href=\"https:\/\/www.sisinternational.com\/fr\/solutions\/ai-etudes-de-marche-et-conseil-en-strategie\/adoption-de-lia-voyage-hotellerie-conseil-en-industrie-du-tourisme\/\" title=\"Adoption de l&#039;IA dans le conseil dans l&#039;industrie du voyage, de l&#039;h\u00f4tellerie et du tourisme\"  data-wpil-monitor-id=\"9064\">tourism and outdoor recreation industries<\/a>. Each industry has strong <a href=\"https:\/\/www.sisinternational.com\/fr\/solutions\/solutions-de-branding-et-de-recherche-client\/etude-de-marche-narrative\/\" title=\"\u00c9tude de march\u00e9 sur le storytelling\"  data-wpil-monitor-id=\"9060\">stories to tell<\/a> about Vermont as a place to live, work, or start and grow a business.<\/span><\/p>\n\n\n\n<h2 class=\"wp-block-heading p5\"><span class=\"s1\">Points forts et avantages de faire des affaires au Vermont<\/span><\/h2>\n\n\n\n<p class=\"p2\"><span class=\"s1\">Les entrepreneurs cr\u00e9ent plus de startups que jamais dans le Vermont. Pourquoi enregistrer une nouvelle entreprise dans le Vermont ? Voici quelques-unes des raisons\u00a0:<\/span><\/p>\n\n\n\n<ul class=\"wp-block-list\">\n<li><span class=\"s1\"><b>Imp\u00f4t sur le revenu z\u00e9ro\u00a0: <\/b>You can enjoy the fact that Vermont does not tax S corporations<\/span><\/li>\n\n\n\n<li><span class=\"s1\"><b>Autres incitations fiscales :<\/b> L&#039;\u00c9tat, certaines villes et comt\u00e9s comme Newport proposent plusieurs programmes d&#039;incitation. Ces programmes sont destin\u00e9s aux startups qui s&#039;enregistrent en tant que LLC.<\/span><\/li>\n\n\n\n<li><span class=\"s1\"><b>Programmes de capital et d\u2019incitation\u00a0:<\/b> Ces programmes vont de l\u2019investissement providentiel \u00e0 une grande vari\u00e9t\u00e9 de sources de dette. La Vermont Economic Development Authority propose de nombreux programmes de ce type.<\/span><\/li>\n\n\n\n<li><span class=\"s1\"><b>Protection \u00e0 responsabilit\u00e9 limit\u00e9e\u00a0:<\/b> Les propri\u00e9taires de SARL du Vermont b\u00e9n\u00e9ficient d&#039;une protection tout \u00e0 fait similaire \u00e0 celle des soci\u00e9t\u00e9s.<\/span><\/li>\n\n\n\n<li><span class=\"s1\"><b>R\u00e9partition flexible des b\u00e9n\u00e9fices\u00a0:<\/b> Une startup enregistr\u00e9e dans le Vermont peut choisir diff\u00e9rentes mani\u00e8res de distribuer ses b\u00e9n\u00e9fices. Cet arrangement est diff\u00e9rent des partenariats, o\u00f9 le pourcentage est de 50-50<\/span><\/li>\n<\/ul>\n\n\n\n<h2 class=\"wp-block-heading\">Environnement des affaires favorable<\/h2>\n\n\n\n<p class=\"p6\"><span class=\"s1\">Le Vermont offre la possibilit\u00e9 de constituer des entreprises en tant que \u00ab soci\u00e9t\u00e9s \u00e0 but lucratif \u00bb. Cet avantage permet aux entreprises d&#039;ajouter une mission sociale \u00e0 leurs objectifs financiers. Cela permettra \u00e0 la soci\u00e9t\u00e9 de bienfaisance de soutenir des opportunit\u00e9s \u00e9conomiques pour les communaut\u00e9s ou les individus. Ces opportunit\u00e9s peuvent \u00eatre hors norme dans le cours normal des affaires. Ils offrent \u00e9galement aux communaut\u00e9s et aux individus mal desservis ou \u00e0 faible revenu les produits et services dont ils ont besoin. Les soci\u00e9t\u00e9s de bienfaisance peuvent \u00e9galement avoir int\u00e9r\u00eat \u00e0 pr\u00e9server ou \u00e0 am\u00e9liorer l\u2019environnement.<\/span><\/p>\n\n\n\n<h2 class=\"wp-block-heading p5\"><span class=\"s1\">\u00c0 propos des \u00e9tudes de march\u00e9 au Vermont<\/span><\/h2>\n\n\n\n<p class=\"p2\"><span class=\"s1\"><a href=\"https:\/\/www.sisinternational.com\/fr\/top-5-benefits-of-conducting-quantitative-market-research\/\" title=\"Top 5 Benefits of Conducting Quantitative Market Research\"  data-wpil-monitor-id=\"9058\">\u00c9tude de march\u00e9 quantitative<\/a> uses statistical, mathematical, and computational tools to derive results. It involves experiments, surveys, and real-time data gathering, and offers a more subjective overview. For Qualitative research, we use Focus Groups and other tools. We help <a href=\"https:\/\/www.sisinternational.com\/fr\/publications\/etude-de-marche-sur-les-entreprises-evolutives-7-facons-de-creer-une-entreprise-evolutive\/\" title=\"\u00c9tude de march\u00e9 sur les entreprises \u00e9volutives\u00a0: 7 fa\u00e7ons de cr\u00e9er une entreprise \u00e9volutive\"  data-wpil-monitor-id=\"9062\">businesses define their markets<\/a> and strengthen their competitive advantages. Both types of <a href=\"https:\/\/www.sisinternational.com\/fr\/competence\/cv-dexperience\/recherche-de-marque\/\" title=\"Soci\u00e9t\u00e9 de recherche de marque\"  data-wpil-monitor-id=\"9061\">research are beneficial to companies<\/a> considering doing business in Vermont.<\/span><\/p>\n\n\n\n<p class=\"p2\"><span class=\"s1\"><a href=\"https:\/\/www.sisinternational.com\/fr\/what-to-expect-in-your-first-year-entering-a-new-market-5-essential-strategies\/\" title=\"What to Expect in Your First Year Entering a New Market: 5 Essential Strategies\"  data-wpil-monitor-id=\"9065\">Strategy Research is also essential<\/a>. It helps businesses to identify potential opportunities and threats. It minimizes investment risk and helps companies to strengthen their position. It also facilitates strategic planning. It allows businesses to discover their own and their competitors\u2019 weaknesses and strengths. It also helps them to stay ahead of the competition and assists them in spotting emerging trends. <\/span><\/p>\n\n\n\n<p><\/p>\n\n\n\n<h2 class=\"wp-block-heading\">&nbsp;<\/h2>","protected":false},"excerpt":{"rendered":"<p>D\u00e9couvrez de nouvelles opportunit\u00e9s commerciales gr\u00e2ce aux \u00e9tudes de march\u00e9 dans le Vermont.<\/p>","protected":false},"author":1,"featured_media":66734,"parent":19303,"menu_order":53,"comment_status":"closed","ping_status":"closed","template":"","meta":{"footnotes":""},"class_list":["post-33413","page","type-page","status-publish","has-post-thumbnail"],"_links":{"self":[{"href":"https:\/\/www.sisinternational.com\/fr\/wp-json\/wp\/v2\/pages\/33413","targetHints":{"allow":["GET"]}}],"collection":[{"href":"https:\/\/www.sisinternational.com\/fr\/wp-json\/wp\/v2\/pages"}],"about":[{"href":"https:\/\/www.sisinternational.com\/fr\/wp-json\/wp\/v2\/types\/page"}],"author":[{"embeddable":true,"href":"https:\/\/www.sisinternational.com\/fr\/wp-json\/wp\/v2\/users\/1"}],"replies":[{"embeddable":true,"href":"https:\/\/www.sisinternational.com\/fr\/wp-json\/wp\/v2\/comments?post=33413"}],"version-history":[{"count":5,"href":"https:\/\/www.sisinternational.com\/fr\/wp-json\/wp\/v2\/pages\/33413\/revisions"}],"predecessor-version":[{"id":81518,"href":"https:\/\/www.sisinternational.com\/fr\/wp-json\/wp\/v2\/pages\/33413\/revisions\/81518"}],"up":[{"embeddable":true,"href":"https:\/\/www.sisinternational.com\/fr\/wp-json\/wp\/v2\/pages\/19303"}],"wp:featuredmedia":[{"embeddable":true,"href":"https:\/\/www.sisinternational.com\/fr\/wp-json\/wp\/v2\/media\/66734"}],"wp:attachment":[{"href":"https:\/\/www.sisinternational.com\/fr\/wp-json\/wp\/v2\/media?parent=33413"}],"curies":[{"name":"wp","href":"https:\/\/api.w.org\/{rel}","templated":true}]}}